{"id":20454,"date":"2026-04-14T14:57:26","date_gmt":"2026-04-14T14:57:26","guid":{"rendered":"https:\/\/xstone.group\/product\/rol-roll-mineral-veneer-smo-smooth-10041-cement-dark-grey\/"},"modified":"2026-04-14T14:57:26","modified_gmt":"2026-04-14T14:57:26","slug":"rolsmo10041-roll-smooth-concrete-cement-dark-grey","status":"publish","type":"product","link":"https:\/\/xstone.group\/cs\/product\/rolsmo10041-roll-smooth-concrete-cement-dark-grey\/","title":{"rendered":"[ROL] Roll Mineral Veneer [SMO] Smooth [10041] Cement Dark Grey"},"content":{"rendered":"<p data-start=\"189\" data-end=\"461\">T\u00edmto modern\u00edm povrchov\u00fdm \u0159e\u0161en\u00edm m\u016f\u017eete definovat odv\u00e1\u017en\u00e9, modern\u00ed prostory s hlubokou miner\u00e1ln\u00ed estetikou. Tento v\u00fdrobek kombinuje flexibiln\u00ed form\u00e1t role, rafinovanou hladkou strukturu a intenzivn\u00ed cementov\u00fd tmav\u011b \u0161ed\u00fd odst\u00edn, a t\u00edm zaji\u0161\u0165uje architektonick\u00fd dojem s maxim\u00e1ln\u00ed p\u0159izp\u016fsobivost\u00ed. <\/p>\n<p data-start=\"463\" data-end=\"785\">Tato <strong data-start=\"468\" data-end=\"524\">pru\u017en\u00e1 miner\u00e1ln\u00ed d\u00fdha v roli hladk\u00e9ho cementu tmav\u011b \u0161ed\u00e9 barvy<\/strong> je navr\u017eena tak, aby kop\u00edrovala syrovou eleganci betonu a z\u00e1rove\u0148 p\u0159ekon\u00e1vala jeho tradi\u010dn\u00ed omezen\u00ed. Je ultratenk\u00e1 a lehk\u00e1, umo\u017e\u0148uje bezprobl\u00e9movou aplikaci na st\u011bny, n\u00e1bytek a zak\u0159iven\u00e9 plochy a otev\u00edr\u00e1 nov\u00e9 mo\u017enosti pro modern\u00ed interi\u00e9rov\u00fd design. <\/p>\n<p data-start=\"787\" data-end=\"962\">Je navr\u017een s ohledem na v\u00fdkon a trvanlivost a je ide\u00e1ln\u00ed pro \u0161pi\u010dkov\u00e9 obytn\u00e9, maloobchodn\u00ed a pohostinsk\u00e9 prostory, kde je d\u016fle\u017eit\u00e1 p\u0159esnost designu a efektivita.<\/p>\n<p>&nbsp;<\/p>\n<p>&nbsp;<\/p>\n<p>&nbsp;<\/p>\n<p>&nbsp;<\/p>\n<p>&nbsp;<\/p>\n<p>&nbsp;<\/p>\n<hr class=\"border-border-200 border-t-0.5 my-3 mx-1.5\">\n","protected":false},"excerpt":{"rendered":"<p>T\u00edmto modern\u00edm povrchov\u00fdm \u0159e\u0161en\u00edm m\u016f\u017eete definovat odv\u00e1\u017en\u00e9, modern\u00ed prostory s hlubokou miner\u00e1ln\u00ed estetikou. Tento v\u00fdrobek kombinuje flexibiln\u00ed form\u00e1t role, rafinovanou hladkou strukturu a intenzivn\u00ed cementov\u00fd tmav\u011b \u0161ed\u00fd odst\u00edn, a t\u00edm zaji\u0161\u0165uje architektonick\u00fd dojem s maxim\u00e1ln\u00ed p\u0159izp\u016fsobivost\u00ed. Tato pru\u017en\u00e1 miner\u00e1ln\u00ed d\u00fdha v roli hladk\u00e9ho cementu tmav\u011b \u0161ed\u00e9 barvy je navr\u017eena tak, aby kop\u00edrovala syrovou eleganci betonu [&hellip;]<\/p>\n","protected":false},"featured_media":20464,"comment_status":"open","ping_status":"closed","template":"","meta":{"_acf_changed":false,"_uag_custom_page_level_css":"","site-sidebar-layout":"default","site-content-layout":"","ast-site-content-layout":"default","site-content-style":"default","site-sidebar-style":"default","ast-global-header-display":"","ast-banner-title-visibility":"","ast-main-header-display":"","ast-hfb-above-header-display":"","ast-hfb-below-header-display":"","ast-hfb-mobile-header-display":"","site-post-title":"","ast-breadcrumbs-content":"","ast-featured-img":"","footer-sml-layout":"","theme-transparent-header-meta":"default","adv-header-id-meta":"","stick-header-meta":"default","header-above-stick-meta":"","header-main-stick-meta":"","header-below-stick-meta":"","astra-migrate-meta-layouts":"default","ast-page-background-enabled":"default","ast-page-background-meta":{"desktop":{"background-color":"var(--ast-global-color-4)","background-image":"","background-repeat":"repeat","background-position":"center center","background-size":"auto","background-attachment":"scroll","background-type":"","background-media":"","overlay-type":"","overlay-color":"","overlay-opacity":"","overlay-gradient":""},"tablet":{"background-color":"","background-image":"","background-repeat":"repeat","background-position":"center center","background-size":"auto","background-attachment":"scroll","background-type":"","background-media":"","overlay-type":"","overlay-color":"","overlay-opacity":"","overlay-gradient":""},"mobile":{"background-color":"","background-image":"","background-repeat":"repeat","background-position":"center center","background-size":"auto","background-attachment":"scroll","background-type":"","background-media":"","overlay-type":"","overlay-color":"","overlay-opacity":"","overlay-gradient":""}},"ast-content-background-meta":{"desktop":{"background-color":"var(--ast-global-color-5)","background-image":"","background-repeat":"repeat","background-position":"center center","background-size":"auto","background-attachment":"scroll","background-type":"","background-media":"","overlay-type":"","overlay-color":"","overlay-opacity":"","overlay-gradient":""},"tablet":{"background-color":"var(--ast-global-color-5)","background-image":"","background-repeat":"repeat","background-position":"center center","background-size":"auto","background-attachment":"scroll","background-type":"","background-media":"","overlay-type":"","overlay-color":"","overlay-opacity":"","overlay-gradient":""},"mobile":{"background-color":"var(--ast-global-color-5)","background-image":"","background-repeat":"repeat","background-position":"center center","background-size":"auto","background-attachment":"scroll","background-type":"","background-media":"","overlay-type":"","overlay-color":"","overlay-opacity":"","overlay-gradient":""}}},"product_brand":[],"product_cat":[1589,1599,1603,1597,1592,1593,1601,1595,1587],"product_tag":[1976,1985,1984,1605,1986,1978,1701,1980,1982],"class_list":{"0":"post-20454","1":"product","2":"type-product","3":"status-publish","4":"has-post-thumbnail","6":"product_cat-wall-design","7":"product_cat-facade","8":"product_cat-office","9":"product_cat-bathroom","10":"product_cat-retail-design","11":"product_cat-furniture","12":"product_cat-panel","13":"product_cat-floor","14":"product_cat-signature","15":"product_tag-comp-color-17203","16":"product_tag-industrial-design-material","17":"product_tag-modern-concrete-finish","18":"product_tag-comp-backing-15503","19":"product_tag-premium-wall-finish","20":"product_tag-flexible-concrete-veneer","21":"product_tag-comp-texture-16911","22":"product_tag-dark-grey-wall-covering","23":"product_tag-ultra-thin-surface-material","24":"desktop-align-left","25":"tablet-align-left","26":"mobile-align-left","28":"first","29":"instock","30":"shipping-taxable","31":"product-type-simple"},"acf":[],"yoast_head":"<!-- This site is optimized with the Yoast SEO Premium plugin v27.4 (Yoast SEO v27.4) - https:\/\/yoast.com\/product\/yoast-seo-premium-wordpress\/ -->\n<title>Roll Mineral Veneer | Smooth | Cement Dark Grey<\/title>\n<meta name=\"description\" content=\"Pru\u017en\u00e1 miner\u00e1ln\u00ed d\u00fdha v roli s hladkou strukturou v cementov\u00e9 tmav\u011b \u0161ed\u00e9 barv\u011b. Je velmi tenk\u00e1, odoln\u00e1 a ide\u00e1ln\u00ed pro st\u011bny, n\u00e1bytek a modern\u00ed interi\u00e9ry.\" \/>\n<meta name=\"robots\" content=\"index, follow, max-snippet:-1, max-image-preview:large, max-video-preview:-1\" \/>\n<link rel=\"canonical\" href=\"https:\/\/xstone.group\/cs\/product\/rolsmo10041-roll-smooth-concrete-cement-dark-grey\/\" \/>\n<meta property=\"og:locale\" content=\"cs_CZ\" \/>\n<meta property=\"og:type\" content=\"article\" \/>\n<meta property=\"og:title\" content=\"[ROL] Roll Mineral Veneer [SMO] Smooth [10041] Cement Dark Grey\" \/>\n<meta property=\"og:description\" content=\"Pru\u017en\u00e1 miner\u00e1ln\u00ed d\u00fdha v roli s hladkou strukturou v cementov\u00e9 tmav\u011b \u0161ed\u00e9 barv\u011b. Je velmi tenk\u00e1, odoln\u00e1 a ide\u00e1ln\u00ed pro st\u011bny, n\u00e1bytek a modern\u00ed interi\u00e9ry.\" \/>\n<meta property=\"og:url\" content=\"https:\/\/xstone.group\/cs\/product\/rolsmo10041-roll-smooth-concrete-cement-dark-grey\/\" \/>\n<meta property=\"og:site_name\" content=\"XSTONE\" \/>\n<meta property=\"article:publisher\" content=\"https:\/\/www.facebook.com\/Xstonesurfaces1\/\" \/>\n<meta property=\"og:image\" content=\"https:\/\/xstone.group\/wp-content\/uploads\/2026\/04\/XSTONE_Mineral-Veneer_0436.webp\" \/>\n\t<meta property=\"og:image:width\" content=\"1920\" \/>\n\t<meta property=\"og:image:height\" content=\"1080\" \/>\n\t<meta property=\"og:image:type\" content=\"image\/webp\" \/>\n<meta name=\"twitter:card\" content=\"summary_large_image\" \/>\n<meta name=\"twitter:label1\" content=\"Odhadovan\u00e1 doba \u010dten\u00ed\" \/>\n\t<meta name=\"twitter:data1\" content=\"1 minuta\" \/>\n<script type=\"application\/ld+json\" class=\"yoast-schema-graph\">{\"@context\":\"https:\\\/\\\/schema.org\",\"@graph\":[{\"@type\":\"WebPage\",\"@id\":\"https:\\\/\\\/xstone.group\\\/cs\\\/product\\\/rolsmo10041-roll-smooth-concrete-cement-dark-grey\\\/\",\"url\":\"https:\\\/\\\/xstone.group\\\/cs\\\/product\\\/rolsmo10041-roll-smooth-concrete-cement-dark-grey\\\/\",\"name\":\"Roll Mineral Veneer | Smooth | Cement Dark Grey\",\"isPartOf\":{\"@id\":\"https:\\\/\\\/xstone.group\\\/cs\\\/#website\"},\"primaryImageOfPage\":{\"@id\":\"https:\\\/\\\/xstone.group\\\/cs\\\/product\\\/rolsmo10041-roll-smooth-concrete-cement-dark-grey\\\/#primaryimage\"},\"image\":{\"@id\":\"https:\\\/\\\/xstone.group\\\/cs\\\/product\\\/rolsmo10041-roll-smooth-concrete-cement-dark-grey\\\/#primaryimage\"},\"thumbnailUrl\":\"https:\\\/\\\/xstone.group\\\/wp-content\\\/uploads\\\/2026\\\/04\\\/XSTONE_Mineral-Veneer_0436.webp\",\"datePublished\":\"2026-04-14T14:57:26+00:00\",\"description\":\"Pru\u017en\u00e1 miner\u00e1ln\u00ed d\u00fdha v roli s hladkou strukturou v cementov\u00e9 tmav\u011b \u0161ed\u00e9 barv\u011b. Je velmi tenk\u00e1, odoln\u00e1 a ide\u00e1ln\u00ed pro st\u011bny, n\u00e1bytek a modern\u00ed interi\u00e9ry.\",\"breadcrumb\":{\"@id\":\"https:\\\/\\\/xstone.group\\\/cs\\\/product\\\/rolsmo10041-roll-smooth-concrete-cement-dark-grey\\\/#breadcrumb\"},\"inLanguage\":\"cs\",\"potentialAction\":[{\"@type\":\"ReadAction\",\"target\":[\"https:\\\/\\\/xstone.group\\\/cs\\\/product\\\/rolsmo10041-roll-smooth-concrete-cement-dark-grey\\\/\"]}]},{\"@type\":\"ImageObject\",\"inLanguage\":\"cs\",\"@id\":\"https:\\\/\\\/xstone.group\\\/cs\\\/product\\\/rolsmo10041-roll-smooth-concrete-cement-dark-grey\\\/#primaryimage\",\"url\":\"https:\\\/\\\/xstone.group\\\/wp-content\\\/uploads\\\/2026\\\/04\\\/XSTONE_Mineral-Veneer_0436.webp\",\"contentUrl\":\"https:\\\/\\\/xstone.group\\\/wp-content\\\/uploads\\\/2026\\\/04\\\/XSTONE_Mineral-Veneer_0436.webp\",\"width\":1920,\"height\":1080,\"caption\":\"flexible mineral veneer roll smooth cement dark grey\"},{\"@type\":\"BreadcrumbList\",\"@id\":\"https:\\\/\\\/xstone.group\\\/cs\\\/product\\\/rolsmo10041-roll-smooth-concrete-cement-dark-grey\\\/#breadcrumb\",\"itemListElement\":[{\"@type\":\"ListItem\",\"position\":1,\"name\":\"Home\",\"item\":\"https:\\\/\\\/xstone.group\\\/cs\\\/\"},{\"@type\":\"ListItem\",\"position\":2,\"name\":\"Produkty\",\"item\":\"https:\\\/\\\/xstone.group\\\/cs\\\/shop\\\/\"},{\"@type\":\"ListItem\",\"position\":3,\"name\":\"[ROL] Roll Mineral Veneer [SMO] Smooth [10041] Cement Dark Grey\"}]},{\"@type\":\"WebSite\",\"@id\":\"https:\\\/\\\/xstone.group\\\/cs\\\/#website\",\"url\":\"https:\\\/\\\/xstone.group\\\/cs\\\/\",\"name\":\"XSTONE\",\"description\":\"Autentick\u00e1 a neomezen\u00e1 kr\u00e1sa miner\u00e1l\u016f, nespoutan\u00e1 gravitac\u00ed\",\"potentialAction\":[{\"@type\":\"SearchAction\",\"target\":{\"@type\":\"EntryPoint\",\"urlTemplate\":\"https:\\\/\\\/xstone.group\\\/cs\\\/?s={search_term_string}\"},\"query-input\":{\"@type\":\"PropertyValueSpecification\",\"valueRequired\":true,\"valueName\":\"search_term_string\"}}],\"inLanguage\":\"cs\"}]}<\/script>\n<!-- \/ Yoast SEO Premium plugin. -->","yoast_head_json":{"title":"Roll Mineral Veneer | Smooth | Cement Dark Grey","description":"Pru\u017en\u00e1 miner\u00e1ln\u00ed d\u00fdha v roli s hladkou strukturou v cementov\u00e9 tmav\u011b \u0161ed\u00e9 barv\u011b. Je velmi tenk\u00e1, odoln\u00e1 a ide\u00e1ln\u00ed pro st\u011bny, n\u00e1bytek a modern\u00ed interi\u00e9ry.","robots":{"index":"index","follow":"follow","max-snippet":"max-snippet:-1","max-image-preview":"max-image-preview:large","max-video-preview":"max-video-preview:-1"},"canonical":"https:\/\/xstone.group\/cs\/product\/rolsmo10041-roll-smooth-concrete-cement-dark-grey\/","og_locale":"cs_CZ","og_type":"article","og_title":"[ROL] Roll Mineral Veneer [SMO] Smooth [10041] Cement Dark Grey","og_description":"Pru\u017en\u00e1 miner\u00e1ln\u00ed d\u00fdha v roli s hladkou strukturou v cementov\u00e9 tmav\u011b \u0161ed\u00e9 barv\u011b. Je velmi tenk\u00e1, odoln\u00e1 a ide\u00e1ln\u00ed pro st\u011bny, n\u00e1bytek a modern\u00ed interi\u00e9ry.","og_url":"https:\/\/xstone.group\/cs\/product\/rolsmo10041-roll-smooth-concrete-cement-dark-grey\/","og_site_name":"XSTONE","article_publisher":"https:\/\/www.facebook.com\/Xstonesurfaces1\/","og_image":[{"width":1920,"height":1080,"url":"https:\/\/xstone.group\/wp-content\/uploads\/2026\/04\/XSTONE_Mineral-Veneer_0436.webp","type":"image\/webp"}],"twitter_card":"summary_large_image","twitter_misc":{"Odhadovan\u00e1 doba \u010dten\u00ed":"1 minuta"},"schema":{"@context":"https:\/\/schema.org","@graph":[{"@type":"WebPage","@id":"https:\/\/xstone.group\/cs\/product\/rolsmo10041-roll-smooth-concrete-cement-dark-grey\/","url":"https:\/\/xstone.group\/cs\/product\/rolsmo10041-roll-smooth-concrete-cement-dark-grey\/","name":"Roll Mineral Veneer | Smooth | Cement Dark Grey","isPartOf":{"@id":"https:\/\/xstone.group\/cs\/#website"},"primaryImageOfPage":{"@id":"https:\/\/xstone.group\/cs\/product\/rolsmo10041-roll-smooth-concrete-cement-dark-grey\/#primaryimage"},"image":{"@id":"https:\/\/xstone.group\/cs\/product\/rolsmo10041-roll-smooth-concrete-cement-dark-grey\/#primaryimage"},"thumbnailUrl":"https:\/\/xstone.group\/wp-content\/uploads\/2026\/04\/XSTONE_Mineral-Veneer_0436.webp","datePublished":"2026-04-14T14:57:26+00:00","description":"Pru\u017en\u00e1 miner\u00e1ln\u00ed d\u00fdha v roli s hladkou strukturou v cementov\u00e9 tmav\u011b \u0161ed\u00e9 barv\u011b. Je velmi tenk\u00e1, odoln\u00e1 a ide\u00e1ln\u00ed pro st\u011bny, n\u00e1bytek a modern\u00ed interi\u00e9ry.","breadcrumb":{"@id":"https:\/\/xstone.group\/cs\/product\/rolsmo10041-roll-smooth-concrete-cement-dark-grey\/#breadcrumb"},"inLanguage":"cs","potentialAction":[{"@type":"ReadAction","target":["https:\/\/xstone.group\/cs\/product\/rolsmo10041-roll-smooth-concrete-cement-dark-grey\/"]}]},{"@type":"ImageObject","inLanguage":"cs","@id":"https:\/\/xstone.group\/cs\/product\/rolsmo10041-roll-smooth-concrete-cement-dark-grey\/#primaryimage","url":"https:\/\/xstone.group\/wp-content\/uploads\/2026\/04\/XSTONE_Mineral-Veneer_0436.webp","contentUrl":"https:\/\/xstone.group\/wp-content\/uploads\/2026\/04\/XSTONE_Mineral-Veneer_0436.webp","width":1920,"height":1080,"caption":"flexible mineral veneer roll smooth cement dark grey"},{"@type":"BreadcrumbList","@id":"https:\/\/xstone.group\/cs\/product\/rolsmo10041-roll-smooth-concrete-cement-dark-grey\/#breadcrumb","itemListElement":[{"@type":"ListItem","position":1,"name":"Home","item":"https:\/\/xstone.group\/cs\/"},{"@type":"ListItem","position":2,"name":"Produkty","item":"https:\/\/xstone.group\/cs\/shop\/"},{"@type":"ListItem","position":3,"name":"[ROL] Roll Mineral Veneer [SMO] Smooth [10041] Cement Dark Grey"}]},{"@type":"WebSite","@id":"https:\/\/xstone.group\/cs\/#website","url":"https:\/\/xstone.group\/cs\/","name":"XSTONE","description":"Autentick\u00e1 a neomezen\u00e1 kr\u00e1sa miner\u00e1l\u016f, nespoutan\u00e1 gravitac\u00ed","potentialAction":[{"@type":"SearchAction","target":{"@type":"EntryPoint","urlTemplate":"https:\/\/xstone.group\/cs\/?s={search_term_string}"},"query-input":{"@type":"PropertyValueSpecification","valueRequired":true,"valueName":"search_term_string"}}],"inLanguage":"cs"}]}},"spectra_custom_meta":{"_last_translation_edit_mode":["translation-editor"],"_product_attributes":["a:8:{s:7:\"backing\";a:6:{s:4:\"name\";s:7:\"Backing\";s:5:\"value\";s:12:\"Sklolamin\u00e1t\";s:8:\"position\";i:0;s:10:\"is_visible\";i:1;s:12:\"is_variation\";i:0;s:11:\"is_taxonomy\";i:0;}s:7:\"texture\";a:6:{s:4:\"name\";s:7:\"Texture\";s:5:\"value\";s:13:\"Hladk\u00fd beton\";s:8:\"position\";i:1;s:10:\"is_visible\";i:1;s:12:\"is_variation\";i:0;s:11:\"is_taxonomy\";i:0;}s:5:\"color\";a:6:{s:4:\"name\";s:5:\"Color\";s:5:\"value\";s:20:\"Cement tmav\u011b \u0161ed\u00fd\";s:8:\"position\";i:2;s:10:\"is_visible\";i:1;s:12:\"is_variation\";i:0;s:11:\"is_taxonomy\";i:0;}s:4:\"size\";a:6:{s:4:\"name\";s:4:\"Size\";s:5:\"value\";s:52:\"3000 x 1000 mm; rozm\u011bry na zak\u00e1zku na vy\u017e\u00e1d\u00e1n\u00ed\";s:8:\"position\";i:3;s:10:\"is_visible\";i:1;s:12:\"is_variation\";i:0;s:11:\"is_taxonomy\";i:0;}s:9:\"thickness\";a:6:{s:4:\"name\";s:9:\"Thickness\";s:5:\"value\";s:10:\"2 - 2,5 mm\";s:8:\"position\";i:4;s:10:\"is_visible\";i:1;s:12:\"is_variation\";i:0;s:11:\"is_taxonomy\";i:0;}s:6:\"finish\";a:6:{s:4:\"name\";s:6:\"Finish\";s:5:\"value\";s:4:\"Matt\";s:8:\"position\";i:5;s:10:\"is_visible\";i:1;s:12:\"is_variation\";i:0;s:11:\"is_taxonomy\";i:0;}s:11:\"composition\";a:6:{s:4:\"name\";s:11:\"Composition\";s:5:\"value\";s:67:\"90% recyklovan\u00fd mramorov\u00fd k\u00e1men + kopolymer + sklen\u011bn\u00e9 vl\u00e1kno\";s:8:\"position\";i:6;s:10:\"is_visible\";i:1;s:12:\"is_variation\";i:0;s:11:\"is_taxonomy\";i:0;}s:11:\"fire-rating\";a:6:{s:4:\"name\";s:11:\"Fire rating\";s:5:\"value\";s:8:\"A2-s1-d0\";s:8:\"position\";i:7;s:10:\"is_visible\";i:1;s:12:\"is_variation\";i:0;s:11:\"is_taxonomy\";i:0;}}"],"attr_label_translations":["a:1:{s:2:\"cs\";a:8:{s:7:\"backing\";s:13:\"Z\u00e1lohov\u00e1n\u00ed\";s:7:\"texture\";s:7:\"Textura\";s:5:\"color\";s:5:\"Barva\";s:4:\"size\";s:8:\"Velikost\";s:9:\"thickness\";s:10:\"Tlou\u0161\u0165ka\";s:6:\"finish\";s:11:\"Dokon\u010den\u00ed\";s:11:\"composition\";s:9:\"Slo\u017een\u00ed\";s:11:\"fire-rating\";s:19:\"Po\u017e\u00e1rn\u00ed odolnost\";}}"],"_wcml_average_rating":[null],"_wcml_review_count":[null],"_wcml_rating_count":[null],"_yoast_wpseo_primary_product_cat":["332"],"_backorders":["no"],"_download_limit":["-1"],"_download_expiry":["-1"],"_downloadable":["no"],"_manage_stock":["no"],"_sku":["ROLSMO10041"],"_stock_status":["instock"],"_sold_individually":["no"],"_tax_class":[""],"_tax_status":["taxable"],"_virtual":["no"],"total_sales":["0"],"_wpml_media_duplicate":["1"],"_wpml_media_featured":["1"],"stick-header-meta":["default"],"site-sidebar-layout":["default"],"theme-transparent-header-meta":["default"],"ast-site-content-layout":["default"],"site-content-style":["default"],"site-sidebar-style":["default"],"_yoast_wpseo_title":["Roll Mineral Veneer | Smooth | Cement Dark Grey"],"_yoast_wpseo_metadesc":["Pru\u017en\u00e1 miner\u00e1ln\u00ed d\u00fdha v roli s hladkou strukturou v cementov\u00e9 tmav\u011b \u0161ed\u00e9 barv\u011b. Je velmi tenk\u00e1, odoln\u00e1 a ide\u00e1ln\u00ed pro st\u011bny, n\u00e1bytek a modern\u00ed interi\u00e9ry."],"_yoast_wpseo_focuskw":["pru\u017en\u00e1 miner\u00e1ln\u00ed d\u00fdha v roli hladk\u00e1 cementov\u00e1 tmav\u011b \u0161ed\u00e1"],"_upsell_ids":["a:3:{i:0;N;i:1;N;i:2;N;}"],"_wpt_field_wpt-16200":["[elementor-template id=\"16197\"]"],"_thumbnail_id":["20464"],"_wpml_word_count":["164"],"two_optimized_date":["1776571105"],"woolentor_views_count_product":["9"],"_uag_css_file_name":["uag-css-20454.css"],"_uag_js_file_name":["uag-js-20454.js"],"tp_widgets":["a:2:{s:7:\"widgets\";a:6:{i:0;s:18:\"plus-list-skeleton\";i:1;s:22:\"plus-listing-load-more\";i:2;s:18:\"plus-listing-metro\";i:3;s:18:\"tp-product-listout\";i:4;s:17:\"tp-single-style_1\";i:5;s:19:\"tp-woo-single-image\";}s:9:\"update_at\";s:10:\"1776541402\";}"],"_elementor_edit_mode":["builder"],"_selectproduct_layout":["18065"],"_wc_rating_count":[""],"_wc_review_count":[""],"_wc_average_rating":[0]},"uagb_featured_image_src":{"full":["https:\/\/xstone.group\/wp-content\/uploads\/2026\/04\/XSTONE_Mineral-Veneer_0436.webp",1920,1080,false],"thumbnail":["https:\/\/xstone.group\/wp-content\/uploads\/2026\/04\/XSTONE_Mineral-Veneer_0436-150x150.webp",150,150,true],"medium":["https:\/\/xstone.group\/wp-content\/uploads\/2026\/04\/XSTONE_Mineral-Veneer_0436-300x169.webp",300,169,true],"medium_large":["https:\/\/xstone.group\/wp-content\/uploads\/2026\/04\/XSTONE_Mineral-Veneer_0436-768x432.webp",768,432,true],"large":["https:\/\/xstone.group\/wp-content\/uploads\/2026\/04\/XSTONE_Mineral-Veneer_0436-1024x576.webp",1024,576,true],"1536x1536":["https:\/\/xstone.group\/wp-content\/uploads\/2026\/04\/XSTONE_Mineral-Veneer_0436-1536x864.webp",1536,864,true],"2048x2048":["https:\/\/xstone.group\/wp-content\/uploads\/2026\/04\/XSTONE_Mineral-Veneer_0436.webp",1920,1080,false],"tp-image-grid":["https:\/\/xstone.group\/wp-content\/uploads\/2026\/04\/XSTONE_Mineral-Veneer_0436-700x700.webp",700,700,true],"tenweb_optimizer_mobile":["https:\/\/xstone.group\/wp-content\/uploads\/2026\/04\/XSTONE_Mineral-Veneer_0436-600x338.webp",600,338,true],"tenweb_optimizer_tablet":["https:\/\/xstone.group\/wp-content\/uploads\/2026\/04\/XSTONE_Mineral-Veneer_0436-768x432.webp",768,432,true],"woocommerce_thumbnail":["https:\/\/xstone.group\/wp-content\/uploads\/2026\/04\/XSTONE_Mineral-Veneer_0436-300x300.webp",300,300,true],"woocommerce_single":["https:\/\/xstone.group\/wp-content\/uploads\/2026\/04\/XSTONE_Mineral-Veneer_0436-600x338.webp",600,338,true],"woocommerce_gallery_thumbnail":["https:\/\/xstone.group\/wp-content\/uploads\/2026\/04\/XSTONE_Mineral-Veneer_0436-100x100.webp",100,100,true]},"uagb_author_info":{"display_name":"laurent.gomez@xstone.group","author_link":"https:\/\/xstone.group\/cs\/author\/"},"uagb_comment_info":0,"uagb_excerpt":"T\u00edmto modern\u00edm povrchov\u00fdm \u0159e\u0161en\u00edm m\u016f\u017eete definovat odv\u00e1\u017en\u00e9, modern\u00ed prostory s hlubokou miner\u00e1ln\u00ed estetikou. Tento v\u00fdrobek kombinuje flexibiln\u00ed form\u00e1t role, rafinovanou hladkou strukturu a intenzivn\u00ed cementov\u00fd tmav\u011b \u0161ed\u00fd odst\u00edn, a t\u00edm zaji\u0161\u0165uje architektonick\u00fd dojem s maxim\u00e1ln\u00ed p\u0159izp\u016fsobivost\u00ed. Tato pru\u017en\u00e1 miner\u00e1ln\u00ed d\u00fdha v roli hladk\u00e9ho cementu tmav\u011b \u0161ed\u00e9 barvy je navr\u017eena tak, aby kop\u00edrovala syrovou eleganci betonu&hellip;","_links":{"self":[{"href":"https:\/\/xstone.group\/cs\/wp-json\/wp\/v2\/product\/20454","targetHints":{"allow":["GET"]}}],"collection":[{"href":"https:\/\/xstone.group\/cs\/wp-json\/wp\/v2\/product"}],"about":[{"href":"https:\/\/xstone.group\/cs\/wp-json\/wp\/v2\/types\/product"}],"replies":[{"embeddable":true,"href":"https:\/\/xstone.group\/cs\/wp-json\/wp\/v2\/comments?post=20454"}],"wp:featuredmedia":[{"embeddable":true,"href":"https:\/\/xstone.group\/cs\/wp-json\/wp\/v2\/media\/20464"}],"wp:attachment":[{"href":"https:\/\/xstone.group\/cs\/wp-json\/wp\/v2\/media?parent=20454"}],"wp:term":[{"taxonomy":"product_brand","embeddable":true,"href":"https:\/\/xstone.group\/cs\/wp-json\/wp\/v2\/product_brand?post=20454"},{"taxonomy":"product_cat","embeddable":true,"href":"https:\/\/xstone.group\/cs\/wp-json\/wp\/v2\/product_cat?post=20454"},{"taxonomy":"product_tag","embeddable":true,"href":"https:\/\/xstone.group\/cs\/wp-json\/wp\/v2\/product_tag?post=20454"}],"curies":[{"name":"wp","href":"https:\/\/api.w.org\/{rel}","templated":true}]}}