{"id":20472,"date":"2026-04-14T15:03:30","date_gmt":"2026-04-14T15:03:30","guid":{"rendered":"https:\/\/xstone.group\/product\/rol-roll-mineral-veneer-smo-smooth-10055-pure-white\/"},"modified":"2026-04-14T15:03:30","modified_gmt":"2026-04-14T15:03:30","slug":"rolsmo10055-roll-smooth-concrete-white","status":"publish","type":"product","link":"https:\/\/xstone.group\/cs\/product\/rolsmo10055-roll-smooth-concrete-white\/","title":{"rendered":"[ROL] Roll Mineral Veneer [SMO] Smooth [10055] Pure White"},"content":{"rendered":"<p data-start=\"214\" data-end=\"489\">Dos\u00e1hn\u011bte \u010dist\u00e9ho, nad\u010dasov\u00e9ho estetick\u00e9ho vzhledu s t\u00edmto mimo\u0159\u00e1dn\u011b rafinovan\u00fdm miner\u00e1ln\u00edm povrchem, kter\u00fd kombinuje flexibilitu rolovac\u00edho form\u00e1tu s dokonale hladkou strukturou a \u010dist\u011b b\u00edl\u00fdm povrchem. Je navr\u017een pro modern\u00ed architekturu a precizn\u011b zv\u00fdraz\u0148uje sv\u011btlo, prostor a minimalismus. <\/p>\n<p data-start=\"491\" data-end=\"813\">Tato <strong data-start=\"496\" data-end=\"546\">pru\u017en\u00e1 miner\u00e1ln\u00ed d\u00fdha v roli hladk\u00e9 \u010dist\u011b b\u00edl\u00e9 barvy<\/strong> nab\u00edz\u00ed eleganci miner\u00e1ln\u00edch materi\u00e1l\u016f a z\u00e1rove\u0148 umo\u017e\u0148uje bezprobl\u00e9movou aplikaci na st\u011bny, n\u00e1bytek a slo\u017eit\u00e9 povrchy. Jej\u00ed ultratenk\u00e1 a lehk\u00e1 struktura zjednodu\u0161uje instalaci a z\u00e1rove\u0148 poskytuje \u0161pi\u010dkovou, souvislou povrchovou \u00fapravu bez viditeln\u00fdch omezen\u00ed. <\/p>\n<p data-start=\"815\" data-end=\"999\">Toto \u0159e\u0161en\u00ed je ide\u00e1ln\u00ed pro obytn\u00e1, maloobchodn\u00ed a pohostinsk\u00e1 prost\u0159ed\u00ed a spojuje v sob\u011b v\u00fdkon, odolnost a sv\u011b\u017e\u00ed modern\u00ed vzhled pro projekty, kde z\u00e1le\u017e\u00ed na \u010distot\u011b a detailu.<\/p>\n<p>&nbsp;<\/p>\n<p>&nbsp;<\/p>\n<p>&nbsp;<\/p>\n<p>&nbsp;<\/p>\n<p>&nbsp;<\/p>\n<p>&nbsp;<\/p>\n<p>&nbsp;<\/p>\n<hr class=\"border-border-200 border-t-0.5 my-3 mx-1.5\">\n","protected":false},"excerpt":{"rendered":"<p>Dos\u00e1hn\u011bte \u010dist\u00e9ho, nad\u010dasov\u00e9ho estetick\u00e9ho vzhledu s t\u00edmto mimo\u0159\u00e1dn\u011b rafinovan\u00fdm miner\u00e1ln\u00edm povrchem, kter\u00fd kombinuje flexibilitu rolovac\u00edho form\u00e1tu s dokonale hladkou strukturou a \u010dist\u011b b\u00edl\u00fdm povrchem. Je navr\u017een pro modern\u00ed architekturu a precizn\u011b zv\u00fdraz\u0148uje sv\u011btlo, prostor a minimalismus. Tato pru\u017en\u00e1 miner\u00e1ln\u00ed d\u00fdha v roli hladk\u00e9 \u010dist\u011b b\u00edl\u00e9 barvy nab\u00edz\u00ed eleganci miner\u00e1ln\u00edch materi\u00e1l\u016f a z\u00e1rove\u0148 umo\u017e\u0148uje bezprobl\u00e9movou aplikaci [&hellip;]<\/p>\n","protected":false},"featured_media":20474,"comment_status":"open","ping_status":"closed","template":"","meta":{"_acf_changed":false,"_uag_custom_page_level_css":"","site-sidebar-layout":"default","site-content-layout":"","ast-site-content-layout":"default","site-content-style":"default","site-sidebar-style":"default","ast-global-header-display":"","ast-banner-title-visibility":"","ast-main-header-display":"","ast-hfb-above-header-display":"","ast-hfb-below-header-display":"","ast-hfb-mobile-header-display":"","site-post-title":"","ast-breadcrumbs-content":"","ast-featured-img":"","footer-sml-layout":"","theme-transparent-header-meta":"default","adv-header-id-meta":"","stick-header-meta":"default","header-above-stick-meta":"","header-main-stick-meta":"","header-below-stick-meta":"","astra-migrate-meta-layouts":"default","ast-page-background-enabled":"default","ast-page-background-meta":{"desktop":{"background-color":"var(--ast-global-color-4)","background-image":"","background-repeat":"repeat","background-position":"center center","background-size":"auto","background-attachment":"scroll","background-type":"","background-media":"","overlay-type":"","overlay-color":"","overlay-opacity":"","overlay-gradient":""},"tablet":{"background-color":"","background-image":"","background-repeat":"repeat","background-position":"center center","background-size":"auto","background-attachment":"scroll","background-type":"","background-media":"","overlay-type":"","overlay-color":"","overlay-opacity":"","overlay-gradient":""},"mobile":{"background-color":"","background-image":"","background-repeat":"repeat","background-position":"center center","background-size":"auto","background-attachment":"scroll","background-type":"","background-media":"","overlay-type":"","overlay-color":"","overlay-opacity":"","overlay-gradient":""}},"ast-content-background-meta":{"desktop":{"background-color":"var(--ast-global-color-5)","background-image":"","background-repeat":"repeat","background-position":"center center","background-size":"auto","background-attachment":"scroll","background-type":"","background-media":"","overlay-type":"","overlay-color":"","overlay-opacity":"","overlay-gradient":""},"tablet":{"background-color":"var(--ast-global-color-5)","background-image":"","background-repeat":"repeat","background-position":"center center","background-size":"auto","background-attachment":"scroll","background-type":"","background-media":"","overlay-type":"","overlay-color":"","overlay-opacity":"","overlay-gradient":""},"mobile":{"background-color":"var(--ast-global-color-5)","background-image":"","background-repeat":"repeat","background-position":"center center","background-size":"auto","background-attachment":"scroll","background-type":"","background-media":"","overlay-type":"","overlay-color":"","overlay-opacity":"","overlay-gradient":""}}},"product_brand":[],"product_cat":[1589,1599,1603,1597,1592,1593,1601,1595,1587],"product_tag":[2023,2019,2015,2021,2025,2017,1605,2027,1701],"class_list":{"0":"post-20472","1":"product","2":"type-product","3":"status-publish","4":"has-post-thumbnail","6":"product_cat-wall-design","7":"product_cat-facade","8":"product_cat-office","9":"product_cat-bathroom","10":"product_cat-retail-design","11":"product_cat-furniture","12":"product_cat-panel","13":"product_cat-floor","14":"product_cat-signature","15":"product_tag-architectural-surface-material","16":"product_tag-seamless-interior-finish","17":"product_tag-white-wall-panel","18":"product_tag-lightweight-wall-solution","19":"product_tag-minimal-design-wall","20":"product_tag-modern-white-surface","21":"product_tag-comp-backing-15503","22":"product_tag-premium-decorative-surface","23":"product_tag-comp-texture-16911","24":"desktop-align-left","25":"tablet-align-left","26":"mobile-align-left","28":"first","29":"instock","30":"shipping-taxable","31":"product-type-simple"},"acf":[],"yoast_head":"<!-- This site is optimized with the Yoast SEO Premium plugin v27.4 (Yoast SEO v27.4) - https:\/\/yoast.com\/product\/yoast-seo-premium-wordpress\/ -->\n<title>Miner\u00e1ln\u00ed d\u00fdha v roli | hladk\u00e1 | \u010dist\u011b b\u00edl\u00e1<\/title>\n<meta name=\"description\" content=\"Pru\u017en\u00fd v\u00e1lec z miner\u00e1ln\u00ed d\u00fdhy s hladkou strukturou v \u010dist\u011b b\u00edl\u00e9 barv\u011b. Je velmi tenk\u00e1, lehk\u00e1 a ide\u00e1ln\u00ed pro st\u011bny, n\u00e1bytek a modern\u00ed interi\u00e9ry.\" \/>\n<meta name=\"robots\" content=\"index, follow, max-snippet:-1, max-image-preview:large, max-video-preview:-1\" \/>\n<link rel=\"canonical\" href=\"https:\/\/xstone.group\/cs\/product\/rolsmo10055-roll-smooth-concrete-white\/\" \/>\n<meta property=\"og:locale\" content=\"cs_CZ\" \/>\n<meta property=\"og:type\" content=\"article\" \/>\n<meta property=\"og:title\" content=\"[ROL] Roll Mineral Veneer [SMO] Smooth [10055] Pure White\" \/>\n<meta property=\"og:description\" content=\"Pru\u017en\u00fd v\u00e1lec z miner\u00e1ln\u00ed d\u00fdhy s hladkou strukturou v \u010dist\u011b b\u00edl\u00e9 barv\u011b. Je velmi tenk\u00e1, lehk\u00e1 a ide\u00e1ln\u00ed pro st\u011bny, n\u00e1bytek a modern\u00ed interi\u00e9ry.\" \/>\n<meta property=\"og:url\" content=\"https:\/\/xstone.group\/cs\/product\/rolsmo10055-roll-smooth-concrete-white\/\" \/>\n<meta property=\"og:site_name\" content=\"XSTONE\" \/>\n<meta property=\"article:publisher\" content=\"https:\/\/www.facebook.com\/Xstonesurfaces1\/\" \/>\n<meta property=\"og:image\" content=\"https:\/\/xstone.group\/wp-content\/uploads\/2026\/04\/XSTONE_Mineral-Veneer_0488.webp\" \/>\n\t<meta property=\"og:image:width\" content=\"1619\" \/>\n\t<meta property=\"og:image:height\" content=\"1080\" \/>\n\t<meta property=\"og:image:type\" content=\"image\/webp\" \/>\n<meta name=\"twitter:card\" content=\"summary_large_image\" \/>\n<meta name=\"twitter:label1\" content=\"Odhadovan\u00e1 doba \u010dten\u00ed\" \/>\n\t<meta name=\"twitter:data1\" content=\"1 minuta\" \/>\n<script type=\"application\/ld+json\" class=\"yoast-schema-graph\">{\"@context\":\"https:\\\/\\\/schema.org\",\"@graph\":[{\"@type\":\"WebPage\",\"@id\":\"https:\\\/\\\/xstone.group\\\/cs\\\/product\\\/rolsmo10055-roll-smooth-concrete-white\\\/\",\"url\":\"https:\\\/\\\/xstone.group\\\/cs\\\/product\\\/rolsmo10055-roll-smooth-concrete-white\\\/\",\"name\":\"Miner\u00e1ln\u00ed d\u00fdha v roli | hladk\u00e1 | \u010dist\u011b b\u00edl\u00e1\",\"isPartOf\":{\"@id\":\"https:\\\/\\\/xstone.group\\\/cs\\\/#website\"},\"primaryImageOfPage\":{\"@id\":\"https:\\\/\\\/xstone.group\\\/cs\\\/product\\\/rolsmo10055-roll-smooth-concrete-white\\\/#primaryimage\"},\"image\":{\"@id\":\"https:\\\/\\\/xstone.group\\\/cs\\\/product\\\/rolsmo10055-roll-smooth-concrete-white\\\/#primaryimage\"},\"thumbnailUrl\":\"https:\\\/\\\/xstone.group\\\/wp-content\\\/uploads\\\/2026\\\/04\\\/XSTONE_Mineral-Veneer_0488.webp\",\"datePublished\":\"2026-04-14T15:03:30+00:00\",\"description\":\"Pru\u017en\u00fd v\u00e1lec z miner\u00e1ln\u00ed d\u00fdhy s hladkou strukturou v \u010dist\u011b b\u00edl\u00e9 barv\u011b. Je velmi tenk\u00e1, lehk\u00e1 a ide\u00e1ln\u00ed pro st\u011bny, n\u00e1bytek a modern\u00ed interi\u00e9ry.\",\"breadcrumb\":{\"@id\":\"https:\\\/\\\/xstone.group\\\/cs\\\/product\\\/rolsmo10055-roll-smooth-concrete-white\\\/#breadcrumb\"},\"inLanguage\":\"cs\",\"potentialAction\":[{\"@type\":\"ReadAction\",\"target\":[\"https:\\\/\\\/xstone.group\\\/cs\\\/product\\\/rolsmo10055-roll-smooth-concrete-white\\\/\"]}]},{\"@type\":\"ImageObject\",\"inLanguage\":\"cs\",\"@id\":\"https:\\\/\\\/xstone.group\\\/cs\\\/product\\\/rolsmo10055-roll-smooth-concrete-white\\\/#primaryimage\",\"url\":\"https:\\\/\\\/xstone.group\\\/wp-content\\\/uploads\\\/2026\\\/04\\\/XSTONE_Mineral-Veneer_0488.webp\",\"contentUrl\":\"https:\\\/\\\/xstone.group\\\/wp-content\\\/uploads\\\/2026\\\/04\\\/XSTONE_Mineral-Veneer_0488.webp\",\"width\":1619,\"height\":1080,\"caption\":\"flexible mineral veneer roll smooth pure white\"},{\"@type\":\"BreadcrumbList\",\"@id\":\"https:\\\/\\\/xstone.group\\\/cs\\\/product\\\/rolsmo10055-roll-smooth-concrete-white\\\/#breadcrumb\",\"itemListElement\":[{\"@type\":\"ListItem\",\"position\":1,\"name\":\"Home\",\"item\":\"https:\\\/\\\/xstone.group\\\/cs\\\/\"},{\"@type\":\"ListItem\",\"position\":2,\"name\":\"Produkty\",\"item\":\"https:\\\/\\\/xstone.group\\\/cs\\\/shop\\\/\"},{\"@type\":\"ListItem\",\"position\":3,\"name\":\"[ROL] Roll Mineral Veneer [SMO] Smooth [10055] Pure White\"}]},{\"@type\":\"WebSite\",\"@id\":\"https:\\\/\\\/xstone.group\\\/cs\\\/#website\",\"url\":\"https:\\\/\\\/xstone.group\\\/cs\\\/\",\"name\":\"XSTONE\",\"description\":\"Autentick\u00e1 a neomezen\u00e1 kr\u00e1sa miner\u00e1l\u016f, nespoutan\u00e1 gravitac\u00ed\",\"potentialAction\":[{\"@type\":\"SearchAction\",\"target\":{\"@type\":\"EntryPoint\",\"urlTemplate\":\"https:\\\/\\\/xstone.group\\\/cs\\\/?s={search_term_string}\"},\"query-input\":{\"@type\":\"PropertyValueSpecification\",\"valueRequired\":true,\"valueName\":\"search_term_string\"}}],\"inLanguage\":\"cs\"}]}<\/script>\n<!-- \/ Yoast SEO Premium plugin. -->","yoast_head_json":{"title":"Miner\u00e1ln\u00ed d\u00fdha v roli | hladk\u00e1 | \u010dist\u011b b\u00edl\u00e1","description":"Pru\u017en\u00fd v\u00e1lec z miner\u00e1ln\u00ed d\u00fdhy s hladkou strukturou v \u010dist\u011b b\u00edl\u00e9 barv\u011b. Je velmi tenk\u00e1, lehk\u00e1 a ide\u00e1ln\u00ed pro st\u011bny, n\u00e1bytek a modern\u00ed interi\u00e9ry.","robots":{"index":"index","follow":"follow","max-snippet":"max-snippet:-1","max-image-preview":"max-image-preview:large","max-video-preview":"max-video-preview:-1"},"canonical":"https:\/\/xstone.group\/cs\/product\/rolsmo10055-roll-smooth-concrete-white\/","og_locale":"cs_CZ","og_type":"article","og_title":"[ROL] Roll Mineral Veneer [SMO] Smooth [10055] Pure White","og_description":"Pru\u017en\u00fd v\u00e1lec z miner\u00e1ln\u00ed d\u00fdhy s hladkou strukturou v \u010dist\u011b b\u00edl\u00e9 barv\u011b. Je velmi tenk\u00e1, lehk\u00e1 a ide\u00e1ln\u00ed pro st\u011bny, n\u00e1bytek a modern\u00ed interi\u00e9ry.","og_url":"https:\/\/xstone.group\/cs\/product\/rolsmo10055-roll-smooth-concrete-white\/","og_site_name":"XSTONE","article_publisher":"https:\/\/www.facebook.com\/Xstonesurfaces1\/","og_image":[{"width":1619,"height":1080,"url":"https:\/\/xstone.group\/wp-content\/uploads\/2026\/04\/XSTONE_Mineral-Veneer_0488.webp","type":"image\/webp"}],"twitter_card":"summary_large_image","twitter_misc":{"Odhadovan\u00e1 doba \u010dten\u00ed":"1 minuta"},"schema":{"@context":"https:\/\/schema.org","@graph":[{"@type":"WebPage","@id":"https:\/\/xstone.group\/cs\/product\/rolsmo10055-roll-smooth-concrete-white\/","url":"https:\/\/xstone.group\/cs\/product\/rolsmo10055-roll-smooth-concrete-white\/","name":"Miner\u00e1ln\u00ed d\u00fdha v roli | hladk\u00e1 | \u010dist\u011b b\u00edl\u00e1","isPartOf":{"@id":"https:\/\/xstone.group\/cs\/#website"},"primaryImageOfPage":{"@id":"https:\/\/xstone.group\/cs\/product\/rolsmo10055-roll-smooth-concrete-white\/#primaryimage"},"image":{"@id":"https:\/\/xstone.group\/cs\/product\/rolsmo10055-roll-smooth-concrete-white\/#primaryimage"},"thumbnailUrl":"https:\/\/xstone.group\/wp-content\/uploads\/2026\/04\/XSTONE_Mineral-Veneer_0488.webp","datePublished":"2026-04-14T15:03:30+00:00","description":"Pru\u017en\u00fd v\u00e1lec z miner\u00e1ln\u00ed d\u00fdhy s hladkou strukturou v \u010dist\u011b b\u00edl\u00e9 barv\u011b. Je velmi tenk\u00e1, lehk\u00e1 a ide\u00e1ln\u00ed pro st\u011bny, n\u00e1bytek a modern\u00ed interi\u00e9ry.","breadcrumb":{"@id":"https:\/\/xstone.group\/cs\/product\/rolsmo10055-roll-smooth-concrete-white\/#breadcrumb"},"inLanguage":"cs","potentialAction":[{"@type":"ReadAction","target":["https:\/\/xstone.group\/cs\/product\/rolsmo10055-roll-smooth-concrete-white\/"]}]},{"@type":"ImageObject","inLanguage":"cs","@id":"https:\/\/xstone.group\/cs\/product\/rolsmo10055-roll-smooth-concrete-white\/#primaryimage","url":"https:\/\/xstone.group\/wp-content\/uploads\/2026\/04\/XSTONE_Mineral-Veneer_0488.webp","contentUrl":"https:\/\/xstone.group\/wp-content\/uploads\/2026\/04\/XSTONE_Mineral-Veneer_0488.webp","width":1619,"height":1080,"caption":"flexible mineral veneer roll smooth pure white"},{"@type":"BreadcrumbList","@id":"https:\/\/xstone.group\/cs\/product\/rolsmo10055-roll-smooth-concrete-white\/#breadcrumb","itemListElement":[{"@type":"ListItem","position":1,"name":"Home","item":"https:\/\/xstone.group\/cs\/"},{"@type":"ListItem","position":2,"name":"Produkty","item":"https:\/\/xstone.group\/cs\/shop\/"},{"@type":"ListItem","position":3,"name":"[ROL] Roll Mineral Veneer [SMO] Smooth [10055] Pure White"}]},{"@type":"WebSite","@id":"https:\/\/xstone.group\/cs\/#website","url":"https:\/\/xstone.group\/cs\/","name":"XSTONE","description":"Autentick\u00e1 a neomezen\u00e1 kr\u00e1sa miner\u00e1l\u016f, nespoutan\u00e1 gravitac\u00ed","potentialAction":[{"@type":"SearchAction","target":{"@type":"EntryPoint","urlTemplate":"https:\/\/xstone.group\/cs\/?s={search_term_string}"},"query-input":{"@type":"PropertyValueSpecification","valueRequired":true,"valueName":"search_term_string"}}],"inLanguage":"cs"}]}},"spectra_custom_meta":{"_last_translation_edit_mode":["translation-editor"],"_product_attributes":["a:8:{s:7:\"backing\";a:6:{s:4:\"name\";s:7:\"Backing\";s:5:\"value\";s:12:\"Sklolamin\u00e1t\";s:8:\"position\";i:0;s:10:\"is_visible\";i:1;s:12:\"is_variation\";i:0;s:11:\"is_taxonomy\";i:0;}s:7:\"texture\";a:6:{s:4:\"name\";s:7:\"Texture\";s:5:\"value\";s:13:\"Hladk\u00fd beton\";s:8:\"position\";i:1;s:10:\"is_visible\";i:1;s:12:\"is_variation\";i:0;s:11:\"is_taxonomy\";i:0;}s:5:\"color\";a:6:{s:4:\"name\";s:5:\"Color\";s:5:\"value\";s:14:\"\u010cist\u011b b\u00edl\u00e1\";s:8:\"position\";i:2;s:10:\"is_visible\";i:1;s:12:\"is_variation\";i:0;s:11:\"is_taxonomy\";i:0;}s:4:\"size\";a:6:{s:4:\"name\";s:4:\"Size\";s:5:\"value\";s:52:\"3000 x 1000 mm; rozm\u011bry na zak\u00e1zku na vy\u017e\u00e1d\u00e1n\u00ed\";s:8:\"position\";i:3;s:10:\"is_visible\";i:1;s:12:\"is_variation\";i:0;s:11:\"is_taxonomy\";i:0;}s:9:\"thickness\";a:6:{s:4:\"name\";s:9:\"Thickness\";s:5:\"value\";s:10:\"2 - 2,5 mm\";s:8:\"position\";i:4;s:10:\"is_visible\";i:1;s:12:\"is_variation\";i:0;s:11:\"is_taxonomy\";i:0;}s:6:\"finish\";a:6:{s:4:\"name\";s:6:\"Finish\";s:5:\"value\";s:4:\"Matt\";s:8:\"position\";i:5;s:10:\"is_visible\";i:1;s:12:\"is_variation\";i:0;s:11:\"is_taxonomy\";i:0;}s:11:\"composition\";a:6:{s:4:\"name\";s:11:\"Composition\";s:5:\"value\";s:67:\"90% recyklovan\u00fd mramorov\u00fd k\u00e1men + kopolymer + sklen\u011bn\u00e9 vl\u00e1kno\";s:8:\"position\";i:6;s:10:\"is_visible\";i:1;s:12:\"is_variation\";i:0;s:11:\"is_taxonomy\";i:0;}s:11:\"fire-rating\";a:6:{s:4:\"name\";s:11:\"Fire rating\";s:5:\"value\";s:8:\"A2-s1-d0\";s:8:\"position\";i:7;s:10:\"is_visible\";i:1;s:12:\"is_variation\";i:0;s:11:\"is_taxonomy\";i:0;}}"],"attr_label_translations":["a:1:{s:2:\"cs\";a:8:{s:7:\"backing\";s:13:\"Z\u00e1lohov\u00e1n\u00ed\";s:7:\"texture\";s:7:\"Textura\";s:5:\"color\";s:5:\"Barva\";s:4:\"size\";s:8:\"Velikost\";s:9:\"thickness\";s:10:\"Tlou\u0161\u0165ka\";s:6:\"finish\";s:11:\"Dokon\u010den\u00ed\";s:11:\"composition\";s:9:\"Slo\u017een\u00ed\";s:11:\"fire-rating\";s:19:\"Po\u017e\u00e1rn\u00ed odolnost\";}}"],"_wcml_average_rating":[null],"_wcml_review_count":[null],"_wcml_rating_count":[null],"_yoast_wpseo_primary_product_cat":["332"],"_backorders":["no"],"_download_limit":["-1"],"_download_expiry":["-1"],"_downloadable":["no"],"_manage_stock":["no"],"_sku":["ROLSMO10055"],"_stock_status":["instock"],"_sold_individually":["no"],"_tax_class":[""],"_tax_status":["taxable"],"_virtual":["no"],"total_sales":["0"],"_wpml_media_duplicate":["1"],"_wpml_media_featured":["1"],"stick-header-meta":["default"],"site-sidebar-layout":["default"],"theme-transparent-header-meta":["default"],"ast-site-content-layout":["default"],"site-content-style":["default"],"site-sidebar-style":["default"],"_yoast_wpseo_title":["Miner\u00e1ln\u00ed d\u00fdha v roli | hladk\u00e1 | \u010dist\u011b b\u00edl\u00e1"],"_yoast_wpseo_metadesc":["Pru\u017en\u00fd v\u00e1lec z miner\u00e1ln\u00ed d\u00fdhy s hladkou strukturou v \u010dist\u011b b\u00edl\u00e9 barv\u011b. Je velmi tenk\u00e1, lehk\u00e1 a ide\u00e1ln\u00ed pro st\u011bny, n\u00e1bytek a modern\u00ed interi\u00e9ry."],"_yoast_wpseo_focuskw":["pru\u017en\u00e1 miner\u00e1ln\u00ed d\u00fdha v roli hladk\u00e1 \u010dist\u011b b\u00edl\u00e1"],"_upsell_ids":["a:3:{i:0;N;i:1;N;i:2;N;}"],"_wpt_field_wpt-16200":["[elementor-template id=\"16197\"]"],"_product_image_gallery":[""],"_thumbnail_id":["20474"],"_wpml_word_count":["167"],"two_optimized_date":["1776584198"],"woolentor_views_count_product":["8"],"_uag_css_file_name":["uag-css-20472.css"],"_uag_js_file_name":["uag-js-20472.js"],"tp_widgets":["a:2:{s:7:\"widgets\";a:6:{i:0;s:18:\"plus-list-skeleton\";i:1;s:22:\"plus-listing-load-more\";i:2;s:18:\"plus-listing-metro\";i:3;s:18:\"tp-product-listout\";i:4;s:17:\"tp-single-style_1\";i:5;s:19:\"tp-woo-single-image\";}s:9:\"update_at\";s:10:\"1776541402\";}"],"_elementor_edit_mode":["builder"],"_selectproduct_layout":["18065"],"_elementor_page_assets":["a:0:{}"],"_elementor_css":["a:7:{s:4:\"time\";i:1776619612;s:5:\"fonts\";a:0:{}s:5:\"icons\";a:0:{}s:20:\"dynamic_elements_ids\";a:0:{}s:6:\"status\";s:5:\"empty\";i:0;s:0:\"\";s:3:\"css\";s:0:\"\";}"],"_wc_rating_count":[""],"_wc_review_count":[""],"_wc_average_rating":[0]},"uagb_featured_image_src":{"full":["https:\/\/xstone.group\/wp-content\/uploads\/2026\/04\/XSTONE_Mineral-Veneer_0488.webp",1619,1080,false],"thumbnail":["https:\/\/xstone.group\/wp-content\/uploads\/2026\/04\/XSTONE_Mineral-Veneer_0488-150x150.webp",150,150,true],"medium":["https:\/\/xstone.group\/wp-content\/uploads\/2026\/04\/XSTONE_Mineral-Veneer_0488-300x200.webp",300,200,true],"medium_large":["https:\/\/xstone.group\/wp-content\/uploads\/2026\/04\/XSTONE_Mineral-Veneer_0488-768x512.webp",768,512,true],"large":["https:\/\/xstone.group\/wp-content\/uploads\/2026\/04\/XSTONE_Mineral-Veneer_0488-1024x683.webp",1024,683,true],"1536x1536":["https:\/\/xstone.group\/wp-content\/uploads\/2026\/04\/XSTONE_Mineral-Veneer_0488-1536x1025.webp",1536,1025,true],"2048x2048":["https:\/\/xstone.group\/wp-content\/uploads\/2026\/04\/XSTONE_Mineral-Veneer_0488.webp",1619,1080,false],"tp-image-grid":["https:\/\/xstone.group\/wp-content\/uploads\/2026\/04\/XSTONE_Mineral-Veneer_0488-700x700.webp",700,700,true],"tenweb_optimizer_mobile":["https:\/\/xstone.group\/wp-content\/uploads\/2026\/04\/XSTONE_Mineral-Veneer_0488-600x400.webp",600,400,true],"tenweb_optimizer_tablet":["https:\/\/xstone.group\/wp-content\/uploads\/2026\/04\/XSTONE_Mineral-Veneer_0488-768x512.webp",768,512,true],"woocommerce_thumbnail":["https:\/\/xstone.group\/wp-content\/uploads\/2026\/04\/XSTONE_Mineral-Veneer_0488-300x300.webp",300,300,true],"woocommerce_single":["https:\/\/xstone.group\/wp-content\/uploads\/2026\/04\/XSTONE_Mineral-Veneer_0488-600x400.webp",600,400,true],"woocommerce_gallery_thumbnail":["https:\/\/xstone.group\/wp-content\/uploads\/2026\/04\/XSTONE_Mineral-Veneer_0488-100x100.webp",100,100,true]},"uagb_author_info":{"display_name":"laurent.gomez@xstone.group","author_link":"https:\/\/xstone.group\/cs\/author\/"},"uagb_comment_info":0,"uagb_excerpt":"Dos\u00e1hn\u011bte \u010dist\u00e9ho, nad\u010dasov\u00e9ho estetick\u00e9ho vzhledu s t\u00edmto mimo\u0159\u00e1dn\u011b rafinovan\u00fdm miner\u00e1ln\u00edm povrchem, kter\u00fd kombinuje flexibilitu rolovac\u00edho form\u00e1tu s dokonale hladkou strukturou a \u010dist\u011b b\u00edl\u00fdm povrchem. Je navr\u017een pro modern\u00ed architekturu a precizn\u011b zv\u00fdraz\u0148uje sv\u011btlo, prostor a minimalismus. Tato pru\u017en\u00e1 miner\u00e1ln\u00ed d\u00fdha v roli hladk\u00e9 \u010dist\u011b b\u00edl\u00e9 barvy nab\u00edz\u00ed eleganci miner\u00e1ln\u00edch materi\u00e1l\u016f a z\u00e1rove\u0148 umo\u017e\u0148uje bezprobl\u00e9movou aplikaci&hellip;","_links":{"self":[{"href":"https:\/\/xstone.group\/cs\/wp-json\/wp\/v2\/product\/20472","targetHints":{"allow":["GET"]}}],"collection":[{"href":"https:\/\/xstone.group\/cs\/wp-json\/wp\/v2\/product"}],"about":[{"href":"https:\/\/xstone.group\/cs\/wp-json\/wp\/v2\/types\/product"}],"replies":[{"embeddable":true,"href":"https:\/\/xstone.group\/cs\/wp-json\/wp\/v2\/comments?post=20472"}],"wp:featuredmedia":[{"embeddable":true,"href":"https:\/\/xstone.group\/cs\/wp-json\/wp\/v2\/media\/20474"}],"wp:attachment":[{"href":"https:\/\/xstone.group\/cs\/wp-json\/wp\/v2\/media?parent=20472"}],"wp:term":[{"taxonomy":"product_brand","embeddable":true,"href":"https:\/\/xstone.group\/cs\/wp-json\/wp\/v2\/product_brand?post=20472"},{"taxonomy":"product_cat","embeddable":true,"href":"https:\/\/xstone.group\/cs\/wp-json\/wp\/v2\/product_cat?post=20472"},{"taxonomy":"product_tag","embeddable":true,"href":"https:\/\/xstone.group\/cs\/wp-json\/wp\/v2\/product_tag?post=20472"}],"curies":[{"name":"wp","href":"https:\/\/api.w.org\/{rel}","templated":true}]}}