{"id":20487,"date":"2026-04-14T16:22:44","date_gmt":"2026-04-14T16:22:44","guid":{"rendered":"https:\/\/xstone.group\/product\/rol-roll-mineral-veneer-trc-travertin-classic-10048-black\/"},"modified":"2026-04-14T16:22:44","modified_gmt":"2026-04-14T16:22:44","slug":"roltrc10048-roll-travertine-classic-black","status":"publish","type":"product","link":"https:\/\/xstone.group\/cs\/product\/roltrc10048-roll-travertine-classic-black\/","title":{"rendered":"[ROL] Roll Mineral Veneer [TRC] Travertin Classic [10048] Black"},"content":{"rendered":"<p data-start=\"185\" data-end=\"468\">Vstupte do nov\u00e9 dimenze architektonick\u00e9ho v\u00fdrazu s povrchem, kter\u00fd spojuje nad\u010dasov\u00fd charakter travertinu s odv\u00e1\u017en\u00fdm, modern\u00edm \u010dern\u00fdm proveden\u00edm. Tento v\u00fdrobek nov\u011b definuje zp\u016fsob vyu\u017eit\u00ed p\u0159\u00edrodn\u00edch textur v modern\u00edm designu a nab\u00edz\u00ed jak estetickou hloubku, tak technickou svobodu. <\/p>\n<p data-start=\"470\" data-end=\"813\">Tato <strong data-start=\"475\" data-end=\"532\">pru\u017en\u00e1 miner\u00e1ln\u00ed d\u00fdha v roli travertinu klasick\u00e9 \u010dern\u00e9 barvy<\/strong> zachycuje autentickou p\u00f3rovitou strukturu a line\u00e1rn\u00ed eleganci travertinu a z\u00e1rove\u0148 p\u0159in\u00e1\u0161\u00ed dramatick\u00fd, sofistikovan\u00fd t\u00f3n. Kontrast mezi miner\u00e1ln\u00ed strukturou a syt\u011b \u010dernou barvou vytv\u00e1\u0159\u00ed v\u00fdrazn\u00fd vizu\u00e1ln\u00ed efekt, ide\u00e1ln\u00ed pro pr\u00e9miov\u00e9 interi\u00e9ry, kter\u00e9 hledaj\u00ed v\u00fdraznou identitu. <\/p>\n<p data-start=\"815\" data-end=\"1142\">Tato d\u00fdha je vyrobena v ultratenk\u00e9m a lehk\u00e9m form\u00e1tu a umo\u017e\u0148uje bezprobl\u00e9movou instalaci na st\u011bny, n\u00e1bytek a zak\u0159iven\u00e9 plochy &#8211; tedy na m\u00edsta, kde by tradi\u010dn\u00ed k\u00e1men nebyl mo\u017en\u00fd nebo praktick\u00fd. P\u0159in\u00e1\u0161\u00ed do prostor podstatu p\u0159\u00edrodn\u00edho kamene bez omezen\u00ed dan\u00fdch hmotnost\u00ed, tlou\u0161\u0165kou nebo slo\u017eitou instalac\u00ed. <\/p>\n<p data-start=\"1144\" data-end=\"1462\">A\u0165 u\u017e je tento povrch pou\u017eit v luxusn\u00edch obchodech, pohostinstv\u00edch nebo v luxusn\u00edch reziden\u010dn\u00edch projektech, zlep\u0161uje prostorov\u00e9 vn\u00edm\u00e1n\u00ed, hraje si se sv\u011btlem a st\u00ednem a vytv\u00e1\u0159\u00ed hloubku a pohyb. Nep\u0159etr\u017eit\u00fd form\u00e1t rol\u00ed umo\u017e\u0148uje vytv\u00e1\u0159et velk\u00e9, nep\u0159eru\u0161ovan\u00e9 plochy, kter\u00e9 posiluj\u00ed pocit architektonick\u00e9 \u010distoty a soudr\u017enosti. <\/p>\n<p data-start=\"1464\" data-end=\"1752\">Krom\u011b estetick\u00e9ho vzhledu je toto \u0159e\u0161en\u00ed konstruov\u00e1no pro v\u00fdkon. Je odoln\u00e9, p\u0159izp\u016fsobiv\u00e9 a snadno se s n\u00edm manipuluje, podporuje rychlou instalaci a z\u00e1rove\u0148 si zachov\u00e1v\u00e1 prvot\u0159\u00eddn\u00ed povrchovou \u00fapravu v pr\u016fb\u011bhu \u010dasu. Design\u00e9\u0159i z\u00edsk\u00e1vaj\u00ed mo\u017enost posouvat tv\u016fr\u010d\u00ed hranice a aplikovat miner\u00e1ln\u00ed texturu v\u0161ude tam, kam je zavede jejich vize.  <\/p>\n<p data-start=\"1754\" data-end=\"1848\">Nen\u00ed to jen povrch &#8211; je to n\u00e1stroj pro navrhov\u00e1n\u00ed, kter\u00fd m\u011bn\u00ed omezen\u00ed na mo\u017enosti.<\/p>\n<p>&nbsp;<\/p>\n<p>&nbsp;<\/p>\n<p>&nbsp;<\/p>\n<p>&nbsp;<\/p>\n<p>&nbsp;<\/p>\n<p>&nbsp;<\/p>\n<p>&nbsp;<\/p>\n<p>&nbsp;<\/p>\n<hr class=\"border-border-200 border-t-0.5 my-3 mx-1.5\">\n","protected":false},"excerpt":{"rendered":"<p>Vstupte do nov\u00e9 dimenze architektonick\u00e9ho v\u00fdrazu s povrchem, kter\u00fd spojuje nad\u010dasov\u00fd charakter travertinu s odv\u00e1\u017en\u00fdm, modern\u00edm \u010dern\u00fdm proveden\u00edm. Tento v\u00fdrobek nov\u011b definuje zp\u016fsob vyu\u017eit\u00ed p\u0159\u00edrodn\u00edch textur v modern\u00edm designu a nab\u00edz\u00ed jak estetickou hloubku, tak technickou svobodu. Tato pru\u017en\u00e1 miner\u00e1ln\u00ed d\u00fdha v roli travertinu klasick\u00e9 \u010dern\u00e9 barvy zachycuje autentickou p\u00f3rovitou strukturu a line\u00e1rn\u00ed eleganci travertinu [&hellip;]<\/p>\n","protected":false},"featured_media":20492,"comment_status":"open","ping_status":"closed","template":"","meta":{"_acf_changed":false,"_uag_custom_page_level_css":"","site-sidebar-layout":"default","site-content-layout":"","ast-site-content-layout":"default","site-content-style":"default","site-sidebar-style":"default","ast-global-header-display":"","ast-banner-title-visibility":"","ast-main-header-display":"","ast-hfb-above-header-display":"","ast-hfb-below-header-display":"","ast-hfb-mobile-header-display":"","site-post-title":"","ast-breadcrumbs-content":"","ast-featured-img":"","footer-sml-layout":"","theme-transparent-header-meta":"default","adv-header-id-meta":"","stick-header-meta":"default","header-above-stick-meta":"","header-main-stick-meta":"","header-below-stick-meta":"","astra-migrate-meta-layouts":"default","ast-page-background-enabled":"default","ast-page-background-meta":{"desktop":{"background-color":"var(--ast-global-color-4)","background-image":"","background-repeat":"repeat","background-position":"center center","background-size":"auto","background-attachment":"scroll","background-type":"","background-media":"","overlay-type":"","overlay-color":"","overlay-opacity":"","overlay-gradient":""},"tablet":{"background-color":"","background-image":"","background-repeat":"repeat","background-position":"center center","background-size":"auto","background-attachment":"scroll","background-type":"","background-media":"","overlay-type":"","overlay-color":"","overlay-opacity":"","overlay-gradient":""},"mobile":{"background-color":"","background-image":"","background-repeat":"repeat","background-position":"center center","background-size":"auto","background-attachment":"scroll","background-type":"","background-media":"","overlay-type":"","overlay-color":"","overlay-opacity":"","overlay-gradient":""}},"ast-content-background-meta":{"desktop":{"background-color":"var(--ast-global-color-5)","background-image":"","background-repeat":"repeat","background-position":"center center","background-size":"auto","background-attachment":"scroll","background-type":"","background-media":"","overlay-type":"","overlay-color":"","overlay-opacity":"","overlay-gradient":""},"tablet":{"background-color":"var(--ast-global-color-5)","background-image":"","background-repeat":"repeat","background-position":"center center","background-size":"auto","background-attachment":"scroll","background-type":"","background-media":"","overlay-type":"","overlay-color":"","overlay-opacity":"","overlay-gradient":""},"mobile":{"background-color":"var(--ast-global-color-5)","background-image":"","background-repeat":"repeat","background-position":"center center","background-size":"auto","background-attachment":"scroll","background-type":"","background-media":"","overlay-type":"","overlay-color":"","overlay-opacity":"","overlay-gradient":""}}},"product_brand":[],"product_cat":[1589,1599,1603,1597,1592,1593,1601,1595,1587],"product_tag":[2068,2073,2071,1605,2074,2066,2072],"class_list":{"0":"post-20487","1":"product","2":"type-product","3":"status-publish","4":"has-post-thumbnail","6":"product_cat-wall-design","7":"product_cat-facade","8":"product_cat-office","9":"product_cat-bathroom","10":"product_cat-retail-design","11":"product_cat-furniture","12":"product_cat-panel","13":"product_cat-floor","14":"product_cat-signature","15":"product_tag-comp-color-17303","16":"product_tag-seamless-wall-finish","17":"product_tag-black-travertine-veneer","18":"product_tag-comp-backing-15503","19":"product_tag-premium-interior-material","20":"product_tag-comp-texture-15445","21":"product_tag-ultra-thin-stone-surface","22":"desktop-align-left","23":"tablet-align-left","24":"mobile-align-left","26":"first","27":"instock","28":"shipping-taxable","29":"product-type-simple"},"acf":[],"yoast_head":"<!-- This site is optimized with the Yoast SEO Premium plugin v27.4 (Yoast SEO v27.4) - https:\/\/yoast.com\/product\/yoast-seo-premium-wordpress\/ -->\n<title>Roll Mineral Veneer | Travertin Classic | Black<\/title>\n<meta name=\"description\" content=\"Pru\u017en\u00fd v\u00e1lec z miner\u00e1ln\u00ed d\u00fdhy se strukturou travertinu v \u010dern\u00e9 barv\u011b. Ultratenk\u00e1, lehk\u00e1, ide\u00e1ln\u00ed pro st\u011bny, n\u00e1bytek a pr\u00e9miov\u00e9 interi\u00e9ry.\" \/>\n<meta name=\"robots\" content=\"index, follow, max-snippet:-1, max-image-preview:large, max-video-preview:-1\" \/>\n<link rel=\"canonical\" href=\"https:\/\/xstone.group\/cs\/product\/roltrc10048-roll-travertine-classic-black\/\" \/>\n<meta property=\"og:locale\" content=\"cs_CZ\" \/>\n<meta property=\"og:type\" content=\"article\" \/>\n<meta property=\"og:title\" content=\"[ROL] Roll Mineral Veneer [TRC] Travertin Classic [10048] Black\" \/>\n<meta property=\"og:description\" content=\"Pru\u017en\u00fd v\u00e1lec z miner\u00e1ln\u00ed d\u00fdhy se strukturou travertinu v \u010dern\u00e9 barv\u011b. Ultratenk\u00e1, lehk\u00e1, ide\u00e1ln\u00ed pro st\u011bny, n\u00e1bytek a pr\u00e9miov\u00e9 interi\u00e9ry.\" \/>\n<meta property=\"og:url\" content=\"https:\/\/xstone.group\/cs\/product\/roltrc10048-roll-travertine-classic-black\/\" \/>\n<meta property=\"og:site_name\" content=\"XSTONE\" \/>\n<meta property=\"article:publisher\" content=\"https:\/\/www.facebook.com\/Xstonesurfaces1\/\" \/>\n<meta property=\"og:image\" content=\"https:\/\/xstone.group\/wp-content\/uploads\/2026\/04\/XSTONE_Mineral-Veneer_0120.webp\" \/>\n\t<meta property=\"og:image:width\" content=\"692\" \/>\n\t<meta property=\"og:image:height\" content=\"1080\" \/>\n\t<meta property=\"og:image:type\" content=\"image\/webp\" \/>\n<meta name=\"twitter:card\" content=\"summary_large_image\" \/>\n<meta name=\"twitter:label1\" content=\"Odhadovan\u00e1 doba \u010dten\u00ed\" \/>\n\t<meta name=\"twitter:data1\" content=\"2 minuty\" \/>\n<script type=\"application\/ld+json\" class=\"yoast-schema-graph\">{\"@context\":\"https:\\\/\\\/schema.org\",\"@graph\":[{\"@type\":\"WebPage\",\"@id\":\"https:\\\/\\\/xstone.group\\\/cs\\\/product\\\/roltrc10048-roll-travertine-classic-black\\\/\",\"url\":\"https:\\\/\\\/xstone.group\\\/cs\\\/product\\\/roltrc10048-roll-travertine-classic-black\\\/\",\"name\":\"Roll Mineral Veneer | Travertin Classic | Black\",\"isPartOf\":{\"@id\":\"https:\\\/\\\/xstone.group\\\/cs\\\/#website\"},\"primaryImageOfPage\":{\"@id\":\"https:\\\/\\\/xstone.group\\\/cs\\\/product\\\/roltrc10048-roll-travertine-classic-black\\\/#primaryimage\"},\"image\":{\"@id\":\"https:\\\/\\\/xstone.group\\\/cs\\\/product\\\/roltrc10048-roll-travertine-classic-black\\\/#primaryimage\"},\"thumbnailUrl\":\"https:\\\/\\\/xstone.group\\\/wp-content\\\/uploads\\\/2026\\\/04\\\/XSTONE_Mineral-Veneer_0120.webp\",\"datePublished\":\"2026-04-14T16:22:44+00:00\",\"description\":\"Pru\u017en\u00fd v\u00e1lec z miner\u00e1ln\u00ed d\u00fdhy se strukturou travertinu v \u010dern\u00e9 barv\u011b. Ultratenk\u00e1, lehk\u00e1, ide\u00e1ln\u00ed pro st\u011bny, n\u00e1bytek a pr\u00e9miov\u00e9 interi\u00e9ry.\",\"breadcrumb\":{\"@id\":\"https:\\\/\\\/xstone.group\\\/cs\\\/product\\\/roltrc10048-roll-travertine-classic-black\\\/#breadcrumb\"},\"inLanguage\":\"cs\",\"potentialAction\":[{\"@type\":\"ReadAction\",\"target\":[\"https:\\\/\\\/xstone.group\\\/cs\\\/product\\\/roltrc10048-roll-travertine-classic-black\\\/\"]}]},{\"@type\":\"ImageObject\",\"inLanguage\":\"cs\",\"@id\":\"https:\\\/\\\/xstone.group\\\/cs\\\/product\\\/roltrc10048-roll-travertine-classic-black\\\/#primaryimage\",\"url\":\"https:\\\/\\\/xstone.group\\\/wp-content\\\/uploads\\\/2026\\\/04\\\/XSTONE_Mineral-Veneer_0120.webp\",\"contentUrl\":\"https:\\\/\\\/xstone.group\\\/wp-content\\\/uploads\\\/2026\\\/04\\\/XSTONE_Mineral-Veneer_0120.webp\",\"width\":692,\"height\":1080,\"caption\":\"flexible mineral veneer roll travertine classic black\"},{\"@type\":\"BreadcrumbList\",\"@id\":\"https:\\\/\\\/xstone.group\\\/cs\\\/product\\\/roltrc10048-roll-travertine-classic-black\\\/#breadcrumb\",\"itemListElement\":[{\"@type\":\"ListItem\",\"position\":1,\"name\":\"Home\",\"item\":\"https:\\\/\\\/xstone.group\\\/cs\\\/\"},{\"@type\":\"ListItem\",\"position\":2,\"name\":\"Produkty\",\"item\":\"https:\\\/\\\/xstone.group\\\/cs\\\/shop\\\/\"},{\"@type\":\"ListItem\",\"position\":3,\"name\":\"[ROL] Roll Mineral Veneer [TRC] Travertin Classic [10048] Black\"}]},{\"@type\":\"WebSite\",\"@id\":\"https:\\\/\\\/xstone.group\\\/cs\\\/#website\",\"url\":\"https:\\\/\\\/xstone.group\\\/cs\\\/\",\"name\":\"XSTONE\",\"description\":\"Autentick\u00e1 a neomezen\u00e1 kr\u00e1sa miner\u00e1l\u016f, nespoutan\u00e1 gravitac\u00ed\",\"potentialAction\":[{\"@type\":\"SearchAction\",\"target\":{\"@type\":\"EntryPoint\",\"urlTemplate\":\"https:\\\/\\\/xstone.group\\\/cs\\\/?s={search_term_string}\"},\"query-input\":{\"@type\":\"PropertyValueSpecification\",\"valueRequired\":true,\"valueName\":\"search_term_string\"}}],\"inLanguage\":\"cs\"}]}<\/script>\n<!-- \/ Yoast SEO Premium plugin. -->","yoast_head_json":{"title":"Roll Mineral Veneer | Travertin Classic | Black","description":"Pru\u017en\u00fd v\u00e1lec z miner\u00e1ln\u00ed d\u00fdhy se strukturou travertinu v \u010dern\u00e9 barv\u011b. Ultratenk\u00e1, lehk\u00e1, ide\u00e1ln\u00ed pro st\u011bny, n\u00e1bytek a pr\u00e9miov\u00e9 interi\u00e9ry.","robots":{"index":"index","follow":"follow","max-snippet":"max-snippet:-1","max-image-preview":"max-image-preview:large","max-video-preview":"max-video-preview:-1"},"canonical":"https:\/\/xstone.group\/cs\/product\/roltrc10048-roll-travertine-classic-black\/","og_locale":"cs_CZ","og_type":"article","og_title":"[ROL] Roll Mineral Veneer [TRC] Travertin Classic [10048] Black","og_description":"Pru\u017en\u00fd v\u00e1lec z miner\u00e1ln\u00ed d\u00fdhy se strukturou travertinu v \u010dern\u00e9 barv\u011b. Ultratenk\u00e1, lehk\u00e1, ide\u00e1ln\u00ed pro st\u011bny, n\u00e1bytek a pr\u00e9miov\u00e9 interi\u00e9ry.","og_url":"https:\/\/xstone.group\/cs\/product\/roltrc10048-roll-travertine-classic-black\/","og_site_name":"XSTONE","article_publisher":"https:\/\/www.facebook.com\/Xstonesurfaces1\/","og_image":[{"width":692,"height":1080,"url":"https:\/\/xstone.group\/wp-content\/uploads\/2026\/04\/XSTONE_Mineral-Veneer_0120.webp","type":"image\/webp"}],"twitter_card":"summary_large_image","twitter_misc":{"Odhadovan\u00e1 doba \u010dten\u00ed":"2 minuty"},"schema":{"@context":"https:\/\/schema.org","@graph":[{"@type":"WebPage","@id":"https:\/\/xstone.group\/cs\/product\/roltrc10048-roll-travertine-classic-black\/","url":"https:\/\/xstone.group\/cs\/product\/roltrc10048-roll-travertine-classic-black\/","name":"Roll Mineral Veneer | Travertin Classic | Black","isPartOf":{"@id":"https:\/\/xstone.group\/cs\/#website"},"primaryImageOfPage":{"@id":"https:\/\/xstone.group\/cs\/product\/roltrc10048-roll-travertine-classic-black\/#primaryimage"},"image":{"@id":"https:\/\/xstone.group\/cs\/product\/roltrc10048-roll-travertine-classic-black\/#primaryimage"},"thumbnailUrl":"https:\/\/xstone.group\/wp-content\/uploads\/2026\/04\/XSTONE_Mineral-Veneer_0120.webp","datePublished":"2026-04-14T16:22:44+00:00","description":"Pru\u017en\u00fd v\u00e1lec z miner\u00e1ln\u00ed d\u00fdhy se strukturou travertinu v \u010dern\u00e9 barv\u011b. Ultratenk\u00e1, lehk\u00e1, ide\u00e1ln\u00ed pro st\u011bny, n\u00e1bytek a pr\u00e9miov\u00e9 interi\u00e9ry.","breadcrumb":{"@id":"https:\/\/xstone.group\/cs\/product\/roltrc10048-roll-travertine-classic-black\/#breadcrumb"},"inLanguage":"cs","potentialAction":[{"@type":"ReadAction","target":["https:\/\/xstone.group\/cs\/product\/roltrc10048-roll-travertine-classic-black\/"]}]},{"@type":"ImageObject","inLanguage":"cs","@id":"https:\/\/xstone.group\/cs\/product\/roltrc10048-roll-travertine-classic-black\/#primaryimage","url":"https:\/\/xstone.group\/wp-content\/uploads\/2026\/04\/XSTONE_Mineral-Veneer_0120.webp","contentUrl":"https:\/\/xstone.group\/wp-content\/uploads\/2026\/04\/XSTONE_Mineral-Veneer_0120.webp","width":692,"height":1080,"caption":"flexible mineral veneer roll travertine classic black"},{"@type":"BreadcrumbList","@id":"https:\/\/xstone.group\/cs\/product\/roltrc10048-roll-travertine-classic-black\/#breadcrumb","itemListElement":[{"@type":"ListItem","position":1,"name":"Home","item":"https:\/\/xstone.group\/cs\/"},{"@type":"ListItem","position":2,"name":"Produkty","item":"https:\/\/xstone.group\/cs\/shop\/"},{"@type":"ListItem","position":3,"name":"[ROL] Roll Mineral Veneer [TRC] Travertin Classic [10048] Black"}]},{"@type":"WebSite","@id":"https:\/\/xstone.group\/cs\/#website","url":"https:\/\/xstone.group\/cs\/","name":"XSTONE","description":"Autentick\u00e1 a neomezen\u00e1 kr\u00e1sa miner\u00e1l\u016f, nespoutan\u00e1 gravitac\u00ed","potentialAction":[{"@type":"SearchAction","target":{"@type":"EntryPoint","urlTemplate":"https:\/\/xstone.group\/cs\/?s={search_term_string}"},"query-input":{"@type":"PropertyValueSpecification","valueRequired":true,"valueName":"search_term_string"}}],"inLanguage":"cs"}]}},"spectra_custom_meta":{"_last_translation_edit_mode":["translation-editor"],"_product_attributes":["a:8:{s:7:\"backing\";a:6:{s:4:\"name\";s:7:\"Backing\";s:5:\"value\";s:12:\"Sklolamin\u00e1t\";s:8:\"position\";i:0;s:10:\"is_visible\";i:1;s:12:\"is_variation\";i:0;s:11:\"is_taxonomy\";i:0;}s:7:\"texture\";a:6:{s:4:\"name\";s:7:\"Texture\";s:5:\"value\";s:17:\"Travertin classic\";s:8:\"position\";i:1;s:10:\"is_visible\";i:1;s:12:\"is_variation\";i:0;s:11:\"is_taxonomy\";i:0;}s:5:\"color\";a:6:{s:4:\"name\";s:5:\"Color\";s:5:\"value\";s:7:\"\u010cern\u00e1\";s:8:\"position\";i:2;s:10:\"is_visible\";i:1;s:12:\"is_variation\";i:0;s:11:\"is_taxonomy\";i:0;}s:4:\"size\";a:6:{s:4:\"name\";s:4:\"Size\";s:5:\"value\";s:52:\"3000 x 1000 mm; rozm\u011bry na zak\u00e1zku na vy\u017e\u00e1d\u00e1n\u00ed\";s:8:\"position\";i:3;s:10:\"is_visible\";i:1;s:12:\"is_variation\";i:0;s:11:\"is_taxonomy\";i:0;}s:9:\"thickness\";a:6:{s:4:\"name\";s:9:\"Thickness\";s:5:\"value\";s:10:\"2 - 2,5 mm\";s:8:\"position\";i:4;s:10:\"is_visible\";i:1;s:12:\"is_variation\";i:0;s:11:\"is_taxonomy\";i:0;}s:6:\"finish\";a:6:{s:4:\"name\";s:6:\"Finish\";s:5:\"value\";s:4:\"Matt\";s:8:\"position\";i:5;s:10:\"is_visible\";i:1;s:12:\"is_variation\";i:0;s:11:\"is_taxonomy\";i:0;}s:11:\"composition\";a:6:{s:4:\"name\";s:11:\"Composition\";s:5:\"value\";s:67:\"90% recyklovan\u00fd mramorov\u00fd k\u00e1men + kopolymer + sklen\u011bn\u00e9 vl\u00e1kno\";s:8:\"position\";i:6;s:10:\"is_visible\";i:1;s:12:\"is_variation\";i:0;s:11:\"is_taxonomy\";i:0;}s:11:\"fire-rating\";a:6:{s:4:\"name\";s:11:\"Fire rating\";s:5:\"value\";s:8:\"A2-s1-d0\";s:8:\"position\";i:7;s:10:\"is_visible\";i:1;s:12:\"is_variation\";i:0;s:11:\"is_taxonomy\";i:0;}}"],"attr_label_translations":["a:1:{s:2:\"cs\";a:8:{s:7:\"backing\";s:13:\"Z\u00e1lohov\u00e1n\u00ed\";s:7:\"texture\";s:7:\"Textura\";s:5:\"color\";s:5:\"Barva\";s:4:\"size\";s:8:\"Velikost\";s:9:\"thickness\";s:10:\"Tlou\u0161\u0165ka\";s:6:\"finish\";s:11:\"Dokon\u010den\u00ed\";s:11:\"composition\";s:9:\"Slo\u017een\u00ed\";s:11:\"fire-rating\";s:19:\"Po\u017e\u00e1rn\u00ed odolnost\";}}"],"_wcml_average_rating":[null],"_wcml_review_count":[null],"_wcml_rating_count":[null],"_yoast_wpseo_primary_product_cat":["332"],"_backorders":["no"],"_download_limit":["-1"],"_download_expiry":["-1"],"_downloadable":["no"],"_manage_stock":["no"],"_sku":["ROLTRC10048"],"_stock_status":["instock"],"_sold_individually":["no"],"_tax_class":[""],"_tax_status":["taxable"],"_virtual":["no"],"total_sales":["0"],"_wpml_media_duplicate":["1"],"_wpml_media_featured":["1"],"stick-header-meta":["default"],"site-sidebar-layout":["default"],"theme-transparent-header-meta":["default"],"ast-site-content-layout":["default"],"site-content-style":["default"],"site-sidebar-style":["default"],"_yoast_wpseo_title":["Roll Mineral Veneer | Travertin Classic | Black"],"_yoast_wpseo_metadesc":["Pru\u017en\u00fd v\u00e1lec z miner\u00e1ln\u00ed d\u00fdhy se strukturou travertinu v \u010dern\u00e9 barv\u011b. Ultratenk\u00e1, lehk\u00e1, ide\u00e1ln\u00ed pro st\u011bny, n\u00e1bytek a pr\u00e9miov\u00e9 interi\u00e9ry."],"_yoast_wpseo_focuskw":["pru\u017en\u00e1 miner\u00e1ln\u00ed d\u00fdha v roli travertinu klasick\u00e1 \u010dern\u00e1"],"_upsell_ids":["a:3:{i:0;N;i:1;N;i:2;N;}"],"_wpt_field_wpt-16200":["[elementor-template id=\"16197\"]"],"_thumbnail_id":["20492"],"_wpml_word_count":["340"],"two_optimized_date":["1776565710"],"woolentor_views_count_product":["13"],"_uag_css_file_name":["uag-css-20487.css"],"_uag_js_file_name":["uag-js-20487.js"],"tp_widgets":["a:2:{s:7:\"widgets\";a:6:{i:0;s:18:\"plus-list-skeleton\";i:1;s:22:\"plus-listing-load-more\";i:2;s:18:\"plus-listing-metro\";i:3;s:18:\"tp-product-listout\";i:4;s:17:\"tp-single-style_1\";i:5;s:19:\"tp-woo-single-image\";}s:9:\"update_at\";s:10:\"1776541402\";}"],"_elementor_edit_mode":["builder"],"_selectproduct_layout":["18065"],"_wc_rating_count":[""],"_wc_review_count":[""],"_wc_average_rating":[0]},"uagb_featured_image_src":{"full":["https:\/\/xstone.group\/wp-content\/uploads\/2026\/04\/XSTONE_Mineral-Veneer_0120.webp",692,1080,false],"thumbnail":["https:\/\/xstone.group\/wp-content\/uploads\/2026\/04\/XSTONE_Mineral-Veneer_0120-150x150.webp",150,150,true],"medium":["https:\/\/xstone.group\/wp-content\/uploads\/2026\/04\/XSTONE_Mineral-Veneer_0120-192x300.webp",192,300,true],"medium_large":["https:\/\/xstone.group\/wp-content\/uploads\/2026\/04\/XSTONE_Mineral-Veneer_0120.webp",692,1080,false],"large":["https:\/\/xstone.group\/wp-content\/uploads\/2026\/04\/XSTONE_Mineral-Veneer_0120-656x1024.webp",656,1024,true],"1536x1536":["https:\/\/xstone.group\/wp-content\/uploads\/2026\/04\/XSTONE_Mineral-Veneer_0120.webp",692,1080,false],"2048x2048":["https:\/\/xstone.group\/wp-content\/uploads\/2026\/04\/XSTONE_Mineral-Veneer_0120.webp",692,1080,false],"tp-image-grid":["https:\/\/xstone.group\/wp-content\/uploads\/2026\/04\/XSTONE_Mineral-Veneer_0120-692x700.webp",692,700,true],"tenweb_optimizer_mobile":["https:\/\/xstone.group\/wp-content\/uploads\/2026\/04\/XSTONE_Mineral-Veneer_0120-384x600.webp",384,600,true],"tenweb_optimizer_tablet":["https:\/\/xstone.group\/wp-content\/uploads\/2026\/04\/XSTONE_Mineral-Veneer_0120-656x1024.webp",656,1024,true],"woocommerce_thumbnail":["https:\/\/xstone.group\/wp-content\/uploads\/2026\/04\/XSTONE_Mineral-Veneer_0120-300x300.webp",300,300,true],"woocommerce_single":["https:\/\/xstone.group\/wp-content\/uploads\/2026\/04\/XSTONE_Mineral-Veneer_0120-600x936.webp",600,936,true],"woocommerce_gallery_thumbnail":["https:\/\/xstone.group\/wp-content\/uploads\/2026\/04\/XSTONE_Mineral-Veneer_0120-100x100.webp",100,100,true]},"uagb_author_info":{"display_name":"laurent.gomez@xstone.group","author_link":"https:\/\/xstone.group\/cs\/author\/"},"uagb_comment_info":0,"uagb_excerpt":"Vstupte do nov\u00e9 dimenze architektonick\u00e9ho v\u00fdrazu s povrchem, kter\u00fd spojuje nad\u010dasov\u00fd charakter travertinu s odv\u00e1\u017en\u00fdm, modern\u00edm \u010dern\u00fdm proveden\u00edm. Tento v\u00fdrobek nov\u011b definuje zp\u016fsob vyu\u017eit\u00ed p\u0159\u00edrodn\u00edch textur v modern\u00edm designu a nab\u00edz\u00ed jak estetickou hloubku, tak technickou svobodu. Tato pru\u017en\u00e1 miner\u00e1ln\u00ed d\u00fdha v roli travertinu klasick\u00e9 \u010dern\u00e9 barvy zachycuje autentickou p\u00f3rovitou strukturu a line\u00e1rn\u00ed eleganci travertinu&hellip;","_links":{"self":[{"href":"https:\/\/xstone.group\/cs\/wp-json\/wp\/v2\/product\/20487","targetHints":{"allow":["GET"]}}],"collection":[{"href":"https:\/\/xstone.group\/cs\/wp-json\/wp\/v2\/product"}],"about":[{"href":"https:\/\/xstone.group\/cs\/wp-json\/wp\/v2\/types\/product"}],"replies":[{"embeddable":true,"href":"https:\/\/xstone.group\/cs\/wp-json\/wp\/v2\/comments?post=20487"}],"wp:featuredmedia":[{"embeddable":true,"href":"https:\/\/xstone.group\/cs\/wp-json\/wp\/v2\/media\/20492"}],"wp:attachment":[{"href":"https:\/\/xstone.group\/cs\/wp-json\/wp\/v2\/media?parent=20487"}],"wp:term":[{"taxonomy":"product_brand","embeddable":true,"href":"https:\/\/xstone.group\/cs\/wp-json\/wp\/v2\/product_brand?post=20487"},{"taxonomy":"product_cat","embeddable":true,"href":"https:\/\/xstone.group\/cs\/wp-json\/wp\/v2\/product_cat?post=20487"},{"taxonomy":"product_tag","embeddable":true,"href":"https:\/\/xstone.group\/cs\/wp-json\/wp\/v2\/product_tag?post=20487"}],"curies":[{"name":"wp","href":"https:\/\/api.w.org\/{rel}","templated":true}]}}