{"id":20605,"date":"2026-04-15T11:01:23","date_gmt":"2026-04-15T11:01:23","guid":{"rendered":"https:\/\/xstone.group\/product\/rol-roll-mineral-veneer-tsh-trash-10004-light-grey\/"},"modified":"2026-04-15T11:01:23","modified_gmt":"2026-04-15T11:01:23","slug":"roltsh10004-roll-trash-light-grey","status":"publish","type":"product","link":"https:\/\/xstone.group\/cs\/product\/roltsh10004-roll-trash-light-grey\/","title":{"rendered":"[ROL] Roll Mineral Veneer [TSH] Trash [10004] Light Grey"},"content":{"rendered":"<p data-start=\"214\" data-end=\"274\">Poru\u0161en\u00ed konvenc\u00ed. Vytvo\u0159te kontrast. Navrhujte se z\u00e1m\u011brem. Tento povrch nen\u00ed o dokonalosti. Jde o v\u00fdraz. Surov\u00fd. Texturovan\u00fd. Nep\u0159edv\u00eddateln\u00fd.       <\/p>\n<p data-start=\"371\" data-end=\"600\">Tato <strong data-start=\"376\" data-end=\"425\">flexibiln\u00ed miner\u00e1ln\u00ed d\u00fdha trash concrete light grey<\/strong> vn\u00e1\u0161\u00ed do architektonick\u00fdch prostor ru\u0161ivou estetiku. Inspirov\u00e1na nepravideln\u00fdmi, rozt\u0159\u00ed\u0161t\u011bn\u00fdmi miner\u00e1ln\u00edmi efekty p\u0159in\u00e1\u0161\u00ed hloubku a pohyb tam, kde ploch\u00e9 povrchy zaost\u00e1vaj\u00ed. Sv\u011btle \u0161ed\u00fd t\u00f3n zjem\u0148uje kompozici. Vyva\u017euje vizu\u00e1ln\u00ed slo\u017eitost. \u010cin\u00ed povrch univerz\u00e1ln\u00edm. Snadno se integruje. Siln\u00fd, a p\u0159esto kontrolovan\u00fd. Ka\u017ed\u00fd detail p\u016fsob\u00ed organicky. Spont\u00e1nn\u00ed. T\u00e9m\u011b\u0159 n\u00e1hodn\u00fd. P\u0159esto pln\u011b navr\u017een\u00fd.          <\/p>\n<p data-start=\"845\" data-end=\"987\">Ultratenk\u00fd form\u00e1t v\u0161e m\u011bn\u00ed. Pou\u017eijte jej na st\u011bny. N\u00e1bytek. Slo\u017eit\u00e9 geometrie. \u017d\u00e1dn\u00e1 t\u011b\u017ek\u00e1 omezen\u00ed. \u017d\u00e1dn\u00e1 konstruk\u010dn\u00ed omezen\u00ed. Lehk\u00e9. Flexibiln\u00ed. Efektivn\u00ed. P\u0159izp\u016fsob\u00ed se va\u0161im p\u0159edstav\u00e1m. Ne naopak. Form\u00e1t rol\u00ed umo\u017e\u0148uje kontinuitu. Velk\u00e9 plochy. M\u00e9n\u011b spoj\u016f. Plynul\u00fd vizu\u00e1ln\u00ed dojem.              <\/p>\n<p data-start=\"1164\" data-end=\"1280\">Skv\u011ble se hod\u00ed do odv\u00e1\u017en\u00fdch interi\u00e9r\u016f. Maloobchodn\u00ed koncepty. Kreativn\u00ed pracovn\u00ed prostory. Projekty v pohostinstv\u00ed. V\u0161ude, kde z\u00e1le\u017e\u00ed na identit\u011b. Instalace je jednoduch\u00e1. Rychle. Kontrolovan\u00e1. Jako pr\u00e1ce s designovou k\u016f\u017e\u00ed, nikoli s pevn\u00fdm materi\u00e1lem.        <\/p>\n<p data-start=\"1389\" data-end=\"1453\">Trvanlivost se snoub\u00ed s kreativitou. V\u00fdkon se snoub\u00ed se svobodou designu. Nejedn\u00e1 se o standardn\u00ed povrchovou \u00fapravu. Je to prohl\u00e1\u0161en\u00ed. Materi\u00e1l, kter\u00fd se vymyk\u00e1 o\u010dek\u00e1v\u00e1n\u00edm. Pou\u017eijte jej k vytvo\u0159en\u00ed kontrastu. K naru\u0161en\u00ed uniformity. K vnesen\u00ed rytmu do prostoru. S t\u00edmto povrchem se nedekoruje. Definujete.         <\/p>\n<p>&nbsp;<\/p>\n<p>&nbsp;<\/p>\n<p>&nbsp;<\/p>\n<p>&nbsp;<\/p>\n<p>&nbsp;<\/p>\n<p>&nbsp;<\/p>\n<p>&nbsp;<\/p>\n<hr class=\"border-border-200 border-t-0.5 my-3 mx-1.5\">\n","protected":false},"excerpt":{"rendered":"<p>Poru\u0161en\u00ed konvenc\u00ed. Vytvo\u0159te kontrast. Navrhujte se z\u00e1m\u011brem. Tento povrch nen\u00ed o dokonalosti. Jde o v\u00fdraz. Surov\u00fd. Texturovan\u00fd. Nep\u0159edv\u00eddateln\u00fd. Tato flexibiln\u00ed miner\u00e1ln\u00ed d\u00fdha trash concrete light grey vn\u00e1\u0161\u00ed do architektonick\u00fdch prostor ru\u0161ivou estetiku. Inspirov\u00e1na nepravideln\u00fdmi, rozt\u0159\u00ed\u0161t\u011bn\u00fdmi miner\u00e1ln\u00edmi efekty p\u0159in\u00e1\u0161\u00ed hloubku a pohyb tam, kde ploch\u00e9 povrchy zaost\u00e1vaj\u00ed. Sv\u011btle \u0161ed\u00fd t\u00f3n zjem\u0148uje kompozici. Vyva\u017euje vizu\u00e1ln\u00ed slo\u017eitost. \u010cin\u00ed [&hellip;]<\/p>\n","protected":false},"featured_media":20617,"comment_status":"open","ping_status":"closed","template":"","meta":{"_acf_changed":false,"_uag_custom_page_level_css":"","site-sidebar-layout":"default","site-content-layout":"","ast-site-content-layout":"default","site-content-style":"default","site-sidebar-style":"default","ast-global-header-display":"","ast-banner-title-visibility":"","ast-main-header-display":"","ast-hfb-above-header-display":"","ast-hfb-below-header-display":"","ast-hfb-mobile-header-display":"","site-post-title":"","ast-breadcrumbs-content":"","ast-featured-img":"","footer-sml-layout":"","theme-transparent-header-meta":"default","adv-header-id-meta":"","stick-header-meta":"default","header-above-stick-meta":"","header-main-stick-meta":"","header-below-stick-meta":"","astra-migrate-meta-layouts":"default","ast-page-background-enabled":"default","ast-page-background-meta":{"desktop":{"background-color":"var(--ast-global-color-4)","background-image":"","background-repeat":"repeat","background-position":"center center","background-size":"auto","background-attachment":"scroll","background-type":"","background-media":"","overlay-type":"","overlay-color":"","overlay-opacity":"","overlay-gradient":""},"tablet":{"background-color":"","background-image":"","background-repeat":"repeat","background-position":"center center","background-size":"auto","background-attachment":"scroll","background-type":"","background-media":"","overlay-type":"","overlay-color":"","overlay-opacity":"","overlay-gradient":""},"mobile":{"background-color":"","background-image":"","background-repeat":"repeat","background-position":"center center","background-size":"auto","background-attachment":"scroll","background-type":"","background-media":"","overlay-type":"","overlay-color":"","overlay-opacity":"","overlay-gradient":""}},"ast-content-background-meta":{"desktop":{"background-color":"var(--ast-global-color-5)","background-image":"","background-repeat":"repeat","background-position":"center center","background-size":"auto","background-attachment":"scroll","background-type":"","background-media":"","overlay-type":"","overlay-color":"","overlay-opacity":"","overlay-gradient":""},"tablet":{"background-color":"var(--ast-global-color-5)","background-image":"","background-repeat":"repeat","background-position":"center center","background-size":"auto","background-attachment":"scroll","background-type":"","background-media":"","overlay-type":"","overlay-color":"","overlay-opacity":"","overlay-gradient":""},"mobile":{"background-color":"var(--ast-global-color-5)","background-image":"","background-repeat":"repeat","background-position":"center center","background-size":"auto","background-attachment":"scroll","background-type":"","background-media":"","overlay-type":"","overlay-color":"","overlay-opacity":"","overlay-gradient":""}}},"product_brand":[],"product_cat":[1589,1599,1603,1592,1593,1601,1587],"product_tag":[2250,1699,2254,2253,2255,2256,2251,1605,2247,2243],"class_list":{"0":"post-20605","1":"product","2":"type-product","3":"status-publish","4":"has-post-thumbnail","6":"product_cat-wall-design","7":"product_cat-facade","8":"product_cat-office","9":"product_cat-retail-design","10":"product_cat-furniture","11":"product_cat-panel","12":"product_cat-signature","13":"product_tag-abstract-wall-surface","14":"product_tag-comp-color-15392","15":"product_tag-seamless-surface-design","16":"product_tag-creative-interior-material","17":"product_tag-modern-decorative-wall","18":"product_tag-trash-concrete","19":"product_tag-architectural-texture-panel","20":"product_tag-comp-backing-15503","21":"product_tag-light-grey-wall-finish","22":"product_tag-comp-texture-16881","23":"desktop-align-left","24":"tablet-align-left","25":"mobile-align-left","27":"first","28":"instock","29":"shipping-taxable","30":"product-type-simple"},"acf":[],"yoast_head":"<!-- This site is optimized with the Yoast SEO Premium plugin v27.4 (Yoast SEO v27.4) - https:\/\/yoast.com\/product\/yoast-seo-premium-wordpress\/ -->\n<title>Miner\u00e1ln\u00ed d\u00fdha v roli | Odpadkov\u00fd ko\u0161 | Sv\u011btle \u0161ed\u00e1<\/title>\n<meta name=\"description\" content=\"Pru\u017en\u00e1 miner\u00e1ln\u00ed d\u00fdha v roli s povrchovou \u00fapravou strukturovan\u00fdm popel\u00e1\u0159sk\u00fdm betonem ve sv\u011btle \u0161ed\u00e9 barv\u011b. Ultratenk\u00e1, lehk\u00e1, ide\u00e1ln\u00ed pro st\u011bny a kreativn\u00ed interi\u00e9ry.\" \/>\n<meta name=\"robots\" content=\"index, follow, max-snippet:-1, max-image-preview:large, max-video-preview:-1\" \/>\n<link rel=\"canonical\" href=\"https:\/\/xstone.group\/cs\/product\/roltsh10004-roll-trash-light-grey\/\" \/>\n<meta property=\"og:locale\" content=\"cs_CZ\" \/>\n<meta property=\"og:type\" content=\"article\" \/>\n<meta property=\"og:title\" content=\"[ROL] Roll Mineral Veneer [TSH] Trash [10004] Light Grey\" \/>\n<meta property=\"og:description\" content=\"Pru\u017en\u00e1 miner\u00e1ln\u00ed d\u00fdha v roli s povrchovou \u00fapravou strukturovan\u00fdm popel\u00e1\u0159sk\u00fdm betonem ve sv\u011btle \u0161ed\u00e9 barv\u011b. Ultratenk\u00e1, lehk\u00e1, ide\u00e1ln\u00ed pro st\u011bny a kreativn\u00ed interi\u00e9ry.\" \/>\n<meta property=\"og:url\" content=\"https:\/\/xstone.group\/cs\/product\/roltsh10004-roll-trash-light-grey\/\" \/>\n<meta property=\"og:site_name\" content=\"XSTONE\" \/>\n<meta property=\"article:publisher\" content=\"https:\/\/www.facebook.com\/Xstonesurfaces1\/\" \/>\n<meta property=\"og:image\" content=\"https:\/\/xstone.group\/wp-content\/uploads\/2026\/04\/XSTONE_Mineral-Veneer_0046.webp\" \/>\n\t<meta property=\"og:image:width\" content=\"1920\" \/>\n\t<meta property=\"og:image:height\" content=\"1080\" \/>\n\t<meta property=\"og:image:type\" content=\"image\/webp\" \/>\n<meta name=\"twitter:card\" content=\"summary_large_image\" \/>\n<meta name=\"twitter:label1\" content=\"Odhadovan\u00e1 doba \u010dten\u00ed\" \/>\n\t<meta name=\"twitter:data1\" content=\"1 minuta\" \/>\n<script type=\"application\/ld+json\" class=\"yoast-schema-graph\">{\"@context\":\"https:\\\/\\\/schema.org\",\"@graph\":[{\"@type\":\"WebPage\",\"@id\":\"https:\\\/\\\/xstone.group\\\/cs\\\/product\\\/roltsh10004-roll-trash-light-grey\\\/\",\"url\":\"https:\\\/\\\/xstone.group\\\/cs\\\/product\\\/roltsh10004-roll-trash-light-grey\\\/\",\"name\":\"Miner\u00e1ln\u00ed d\u00fdha v roli | Odpadkov\u00fd ko\u0161 | Sv\u011btle \u0161ed\u00e1\",\"isPartOf\":{\"@id\":\"https:\\\/\\\/xstone.group\\\/cs\\\/#website\"},\"primaryImageOfPage\":{\"@id\":\"https:\\\/\\\/xstone.group\\\/cs\\\/product\\\/roltsh10004-roll-trash-light-grey\\\/#primaryimage\"},\"image\":{\"@id\":\"https:\\\/\\\/xstone.group\\\/cs\\\/product\\\/roltsh10004-roll-trash-light-grey\\\/#primaryimage\"},\"thumbnailUrl\":\"https:\\\/\\\/xstone.group\\\/wp-content\\\/uploads\\\/2026\\\/04\\\/XSTONE_Mineral-Veneer_0046.webp\",\"datePublished\":\"2026-04-15T11:01:23+00:00\",\"description\":\"Pru\u017en\u00e1 miner\u00e1ln\u00ed d\u00fdha v roli s povrchovou \u00fapravou strukturovan\u00fdm popel\u00e1\u0159sk\u00fdm betonem ve sv\u011btle \u0161ed\u00e9 barv\u011b. Ultratenk\u00e1, lehk\u00e1, ide\u00e1ln\u00ed pro st\u011bny a kreativn\u00ed interi\u00e9ry.\",\"breadcrumb\":{\"@id\":\"https:\\\/\\\/xstone.group\\\/cs\\\/product\\\/roltsh10004-roll-trash-light-grey\\\/#breadcrumb\"},\"inLanguage\":\"cs\",\"potentialAction\":[{\"@type\":\"ReadAction\",\"target\":[\"https:\\\/\\\/xstone.group\\\/cs\\\/product\\\/roltsh10004-roll-trash-light-grey\\\/\"]}]},{\"@type\":\"ImageObject\",\"inLanguage\":\"cs\",\"@id\":\"https:\\\/\\\/xstone.group\\\/cs\\\/product\\\/roltsh10004-roll-trash-light-grey\\\/#primaryimage\",\"url\":\"https:\\\/\\\/xstone.group\\\/wp-content\\\/uploads\\\/2026\\\/04\\\/XSTONE_Mineral-Veneer_0046.webp\",\"contentUrl\":\"https:\\\/\\\/xstone.group\\\/wp-content\\\/uploads\\\/2026\\\/04\\\/XSTONE_Mineral-Veneer_0046.webp\",\"width\":1920,\"height\":1080,\"caption\":\"flexible mineral veneer trash concrete light grey\"},{\"@type\":\"BreadcrumbList\",\"@id\":\"https:\\\/\\\/xstone.group\\\/cs\\\/product\\\/roltsh10004-roll-trash-light-grey\\\/#breadcrumb\",\"itemListElement\":[{\"@type\":\"ListItem\",\"position\":1,\"name\":\"Home\",\"item\":\"https:\\\/\\\/xstone.group\\\/cs\\\/\"},{\"@type\":\"ListItem\",\"position\":2,\"name\":\"Produkty\",\"item\":\"https:\\\/\\\/xstone.group\\\/cs\\\/shop\\\/\"},{\"@type\":\"ListItem\",\"position\":3,\"name\":\"[ROL] Roll Mineral Veneer [TSH] Trash [10004] Light Grey\"}]},{\"@type\":\"WebSite\",\"@id\":\"https:\\\/\\\/xstone.group\\\/cs\\\/#website\",\"url\":\"https:\\\/\\\/xstone.group\\\/cs\\\/\",\"name\":\"XSTONE\",\"description\":\"Autentick\u00e1 a neomezen\u00e1 kr\u00e1sa miner\u00e1l\u016f, nespoutan\u00e1 gravitac\u00ed\",\"potentialAction\":[{\"@type\":\"SearchAction\",\"target\":{\"@type\":\"EntryPoint\",\"urlTemplate\":\"https:\\\/\\\/xstone.group\\\/cs\\\/?s={search_term_string}\"},\"query-input\":{\"@type\":\"PropertyValueSpecification\",\"valueRequired\":true,\"valueName\":\"search_term_string\"}}],\"inLanguage\":\"cs\"}]}<\/script>\n<!-- \/ Yoast SEO Premium plugin. -->","yoast_head_json":{"title":"Miner\u00e1ln\u00ed d\u00fdha v roli | Odpadkov\u00fd ko\u0161 | Sv\u011btle \u0161ed\u00e1","description":"Pru\u017en\u00e1 miner\u00e1ln\u00ed d\u00fdha v roli s povrchovou \u00fapravou strukturovan\u00fdm popel\u00e1\u0159sk\u00fdm betonem ve sv\u011btle \u0161ed\u00e9 barv\u011b. Ultratenk\u00e1, lehk\u00e1, ide\u00e1ln\u00ed pro st\u011bny a kreativn\u00ed interi\u00e9ry.","robots":{"index":"index","follow":"follow","max-snippet":"max-snippet:-1","max-image-preview":"max-image-preview:large","max-video-preview":"max-video-preview:-1"},"canonical":"https:\/\/xstone.group\/cs\/product\/roltsh10004-roll-trash-light-grey\/","og_locale":"cs_CZ","og_type":"article","og_title":"[ROL] Roll Mineral Veneer [TSH] Trash [10004] Light Grey","og_description":"Pru\u017en\u00e1 miner\u00e1ln\u00ed d\u00fdha v roli s povrchovou \u00fapravou strukturovan\u00fdm popel\u00e1\u0159sk\u00fdm betonem ve sv\u011btle \u0161ed\u00e9 barv\u011b. Ultratenk\u00e1, lehk\u00e1, ide\u00e1ln\u00ed pro st\u011bny a kreativn\u00ed interi\u00e9ry.","og_url":"https:\/\/xstone.group\/cs\/product\/roltsh10004-roll-trash-light-grey\/","og_site_name":"XSTONE","article_publisher":"https:\/\/www.facebook.com\/Xstonesurfaces1\/","og_image":[{"width":1920,"height":1080,"url":"https:\/\/xstone.group\/wp-content\/uploads\/2026\/04\/XSTONE_Mineral-Veneer_0046.webp","type":"image\/webp"}],"twitter_card":"summary_large_image","twitter_misc":{"Odhadovan\u00e1 doba \u010dten\u00ed":"1 minuta"},"schema":{"@context":"https:\/\/schema.org","@graph":[{"@type":"WebPage","@id":"https:\/\/xstone.group\/cs\/product\/roltsh10004-roll-trash-light-grey\/","url":"https:\/\/xstone.group\/cs\/product\/roltsh10004-roll-trash-light-grey\/","name":"Miner\u00e1ln\u00ed d\u00fdha v roli | Odpadkov\u00fd ko\u0161 | Sv\u011btle \u0161ed\u00e1","isPartOf":{"@id":"https:\/\/xstone.group\/cs\/#website"},"primaryImageOfPage":{"@id":"https:\/\/xstone.group\/cs\/product\/roltsh10004-roll-trash-light-grey\/#primaryimage"},"image":{"@id":"https:\/\/xstone.group\/cs\/product\/roltsh10004-roll-trash-light-grey\/#primaryimage"},"thumbnailUrl":"https:\/\/xstone.group\/wp-content\/uploads\/2026\/04\/XSTONE_Mineral-Veneer_0046.webp","datePublished":"2026-04-15T11:01:23+00:00","description":"Pru\u017en\u00e1 miner\u00e1ln\u00ed d\u00fdha v roli s povrchovou \u00fapravou strukturovan\u00fdm popel\u00e1\u0159sk\u00fdm betonem ve sv\u011btle \u0161ed\u00e9 barv\u011b. Ultratenk\u00e1, lehk\u00e1, ide\u00e1ln\u00ed pro st\u011bny a kreativn\u00ed interi\u00e9ry.","breadcrumb":{"@id":"https:\/\/xstone.group\/cs\/product\/roltsh10004-roll-trash-light-grey\/#breadcrumb"},"inLanguage":"cs","potentialAction":[{"@type":"ReadAction","target":["https:\/\/xstone.group\/cs\/product\/roltsh10004-roll-trash-light-grey\/"]}]},{"@type":"ImageObject","inLanguage":"cs","@id":"https:\/\/xstone.group\/cs\/product\/roltsh10004-roll-trash-light-grey\/#primaryimage","url":"https:\/\/xstone.group\/wp-content\/uploads\/2026\/04\/XSTONE_Mineral-Veneer_0046.webp","contentUrl":"https:\/\/xstone.group\/wp-content\/uploads\/2026\/04\/XSTONE_Mineral-Veneer_0046.webp","width":1920,"height":1080,"caption":"flexible mineral veneer trash concrete light grey"},{"@type":"BreadcrumbList","@id":"https:\/\/xstone.group\/cs\/product\/roltsh10004-roll-trash-light-grey\/#breadcrumb","itemListElement":[{"@type":"ListItem","position":1,"name":"Home","item":"https:\/\/xstone.group\/cs\/"},{"@type":"ListItem","position":2,"name":"Produkty","item":"https:\/\/xstone.group\/cs\/shop\/"},{"@type":"ListItem","position":3,"name":"[ROL] Roll Mineral Veneer [TSH] Trash [10004] Light Grey"}]},{"@type":"WebSite","@id":"https:\/\/xstone.group\/cs\/#website","url":"https:\/\/xstone.group\/cs\/","name":"XSTONE","description":"Autentick\u00e1 a neomezen\u00e1 kr\u00e1sa miner\u00e1l\u016f, nespoutan\u00e1 gravitac\u00ed","potentialAction":[{"@type":"SearchAction","target":{"@type":"EntryPoint","urlTemplate":"https:\/\/xstone.group\/cs\/?s={search_term_string}"},"query-input":{"@type":"PropertyValueSpecification","valueRequired":true,"valueName":"search_term_string"}}],"inLanguage":"cs"}]}},"spectra_custom_meta":{"_last_translation_edit_mode":["translation-editor"],"_product_attributes":["a:8:{s:7:\"backing\";a:6:{s:4:\"name\";s:7:\"Backing\";s:5:\"value\";s:12:\"Sklolamin\u00e1t\";s:8:\"position\";i:0;s:10:\"is_visible\";i:1;s:12:\"is_variation\";i:0;s:11:\"is_taxonomy\";i:0;}s:7:\"texture\";a:6:{s:4:\"name\";s:7:\"Texture\";s:5:\"value\";s:16:\"Odpadkov\u00fd beton\";s:8:\"position\";i:1;s:10:\"is_visible\";i:1;s:12:\"is_variation\";i:0;s:11:\"is_taxonomy\";i:0;}s:5:\"color\";a:6:{s:4:\"name\";s:5:\"Color\";s:5:\"value\";s:14:\"Sv\u011btle \u0161ed\u00e1\";s:8:\"position\";i:2;s:10:\"is_visible\";i:1;s:12:\"is_variation\";i:0;s:11:\"is_taxonomy\";i:0;}s:4:\"size\";a:6:{s:4:\"name\";s:4:\"Size\";s:5:\"value\";s:52:\"3000 x 1000 mm; rozm\u011bry na zak\u00e1zku na vy\u017e\u00e1d\u00e1n\u00ed\";s:8:\"position\";i:3;s:10:\"is_visible\";i:1;s:12:\"is_variation\";i:0;s:11:\"is_taxonomy\";i:0;}s:9:\"thickness\";a:6:{s:4:\"name\";s:9:\"Thickness\";s:5:\"value\";s:10:\"2 - 2,5 mm\";s:8:\"position\";i:4;s:10:\"is_visible\";i:1;s:12:\"is_variation\";i:0;s:11:\"is_taxonomy\";i:0;}s:6:\"finish\";a:6:{s:4:\"name\";s:6:\"Finish\";s:5:\"value\";s:4:\"Matt\";s:8:\"position\";i:5;s:10:\"is_visible\";i:1;s:12:\"is_variation\";i:0;s:11:\"is_taxonomy\";i:0;}s:11:\"composition\";a:6:{s:4:\"name\";s:11:\"Composition\";s:5:\"value\";s:67:\"90% recyklovan\u00fd mramorov\u00fd k\u00e1men + kopolymer + sklen\u011bn\u00e9 vl\u00e1kno\";s:8:\"position\";i:6;s:10:\"is_visible\";i:1;s:12:\"is_variation\";i:0;s:11:\"is_taxonomy\";i:0;}s:11:\"fire-rating\";a:6:{s:4:\"name\";s:11:\"Fire rating\";s:5:\"value\";s:8:\"A2-s1-d0\";s:8:\"position\";i:7;s:10:\"is_visible\";i:1;s:12:\"is_variation\";i:0;s:11:\"is_taxonomy\";i:0;}}"],"attr_label_translations":["a:1:{s:2:\"cs\";a:8:{s:7:\"backing\";s:13:\"Z\u00e1lohov\u00e1n\u00ed\";s:7:\"texture\";s:7:\"Textura\";s:5:\"color\";s:5:\"Barva\";s:4:\"size\";s:8:\"Velikost\";s:9:\"thickness\";s:10:\"Tlou\u0161\u0165ka\";s:6:\"finish\";s:11:\"Dokon\u010den\u00ed\";s:11:\"composition\";s:9:\"Slo\u017een\u00ed\";s:11:\"fire-rating\";s:19:\"Po\u017e\u00e1rn\u00ed odolnost\";}}"],"_wcml_average_rating":[null],"_wcml_review_count":[null],"_wcml_rating_count":[null],"_yoast_wpseo_primary_product_cat":["332"],"_backorders":["no"],"_download_limit":["-1"],"_download_expiry":["-1"],"_downloadable":["no"],"_manage_stock":["no"],"_sku":["ROLTSH10004"],"_stock_status":["instock"],"_sold_individually":["no"],"_tax_class":[""],"_tax_status":["taxable"],"_virtual":["no"],"total_sales":["0"],"_wpml_media_duplicate":["1"],"_wpml_media_featured":["1"],"stick-header-meta":["default"],"site-sidebar-layout":["default"],"theme-transparent-header-meta":["default"],"ast-site-content-layout":["default"],"site-content-style":["default"],"site-sidebar-style":["default"],"_yoast_wpseo_title":["Miner\u00e1ln\u00ed d\u00fdha v roli | Odpadkov\u00fd ko\u0161 | Sv\u011btle \u0161ed\u00e1"],"_yoast_wpseo_metadesc":["Pru\u017en\u00e1 miner\u00e1ln\u00ed d\u00fdha v roli s povrchovou \u00fapravou strukturovan\u00fdm popel\u00e1\u0159sk\u00fdm betonem ve sv\u011btle \u0161ed\u00e9 barv\u011b. Ultratenk\u00e1, lehk\u00e1, ide\u00e1ln\u00ed pro st\u011bny a kreativn\u00ed interi\u00e9ry."],"_yoast_wpseo_focuskw":["pru\u017en\u00e1 miner\u00e1ln\u00ed d\u00fdha odpadkov\u00fd beton sv\u011btle \u0161ed\u00e1"],"_upsell_ids":["a:3:{i:0;N;i:1;N;i:2;N;}"],"_wpt_field_wpt-16200":["[elementor-template id=\"16197\"]"],"_product_image_gallery":[""],"_thumbnail_id":["20617"],"_wpml_word_count":["296"],"two_optimized_date":["1776448343"],"woolentor_views_count_product":["8"],"_uag_css_file_name":["uag-css-20605.css"],"_uag_js_file_name":["uag-js-20605.js"],"tp_widgets":["a:2:{s:7:\"widgets\";a:6:{i:0;s:18:\"plus-list-skeleton\";i:1;s:22:\"plus-listing-load-more\";i:2;s:18:\"plus-listing-metro\";i:3;s:18:\"tp-product-listout\";i:4;s:17:\"tp-single-style_1\";i:5;s:19:\"tp-woo-single-image\";}s:9:\"update_at\";s:10:\"1776541402\";}"],"_elementor_edit_mode":["builder"],"_selectproduct_layout":["18065"],"_wc_rating_count":[""],"_wc_review_count":[""],"_wc_average_rating":[0]},"uagb_featured_image_src":{"full":["https:\/\/xstone.group\/wp-content\/uploads\/2026\/04\/XSTONE_Mineral-Veneer_0046.webp",1920,1080,false],"thumbnail":["https:\/\/xstone.group\/wp-content\/uploads\/2026\/04\/XSTONE_Mineral-Veneer_0046-150x150.webp",150,150,true],"medium":["https:\/\/xstone.group\/wp-content\/uploads\/2026\/04\/XSTONE_Mineral-Veneer_0046-300x169.webp",300,169,true],"medium_large":["https:\/\/xstone.group\/wp-content\/uploads\/2026\/04\/XSTONE_Mineral-Veneer_0046-768x432.webp",768,432,true],"large":["https:\/\/xstone.group\/wp-content\/uploads\/2026\/04\/XSTONE_Mineral-Veneer_0046-1024x576.webp",1024,576,true],"1536x1536":["https:\/\/xstone.group\/wp-content\/uploads\/2026\/04\/XSTONE_Mineral-Veneer_0046-1536x864.webp",1536,864,true],"2048x2048":["https:\/\/xstone.group\/wp-content\/uploads\/2026\/04\/XSTONE_Mineral-Veneer_0046.webp",1920,1080,false],"tp-image-grid":["https:\/\/xstone.group\/wp-content\/uploads\/2026\/04\/XSTONE_Mineral-Veneer_0046-700x700.webp",700,700,true],"tenweb_optimizer_mobile":["https:\/\/xstone.group\/wp-content\/uploads\/2026\/04\/XSTONE_Mineral-Veneer_0046-600x338.webp",600,338,true],"tenweb_optimizer_tablet":["https:\/\/xstone.group\/wp-content\/uploads\/2026\/04\/XSTONE_Mineral-Veneer_0046-768x432.webp",768,432,true],"woocommerce_thumbnail":["https:\/\/xstone.group\/wp-content\/uploads\/2026\/04\/XSTONE_Mineral-Veneer_0046-300x300.webp",300,300,true],"woocommerce_single":["https:\/\/xstone.group\/wp-content\/uploads\/2026\/04\/XSTONE_Mineral-Veneer_0046-600x338.webp",600,338,true],"woocommerce_gallery_thumbnail":["https:\/\/xstone.group\/wp-content\/uploads\/2026\/04\/XSTONE_Mineral-Veneer_0046-100x100.webp",100,100,true]},"uagb_author_info":{"display_name":"laurent.gomez@xstone.group","author_link":"https:\/\/xstone.group\/cs\/author\/"},"uagb_comment_info":0,"uagb_excerpt":"Poru\u0161en\u00ed konvenc\u00ed. Vytvo\u0159te kontrast. Navrhujte se z\u00e1m\u011brem. Tento povrch nen\u00ed o dokonalosti. Jde o v\u00fdraz. Surov\u00fd. Texturovan\u00fd. Nep\u0159edv\u00eddateln\u00fd. Tato flexibiln\u00ed miner\u00e1ln\u00ed d\u00fdha trash concrete light grey vn\u00e1\u0161\u00ed do architektonick\u00fdch prostor ru\u0161ivou estetiku. Inspirov\u00e1na nepravideln\u00fdmi, rozt\u0159\u00ed\u0161t\u011bn\u00fdmi miner\u00e1ln\u00edmi efekty p\u0159in\u00e1\u0161\u00ed hloubku a pohyb tam, kde ploch\u00e9 povrchy zaost\u00e1vaj\u00ed. Sv\u011btle \u0161ed\u00fd t\u00f3n zjem\u0148uje kompozici. Vyva\u017euje vizu\u00e1ln\u00ed slo\u017eitost. \u010cin\u00ed&hellip;","_links":{"self":[{"href":"https:\/\/xstone.group\/cs\/wp-json\/wp\/v2\/product\/20605","targetHints":{"allow":["GET"]}}],"collection":[{"href":"https:\/\/xstone.group\/cs\/wp-json\/wp\/v2\/product"}],"about":[{"href":"https:\/\/xstone.group\/cs\/wp-json\/wp\/v2\/types\/product"}],"replies":[{"embeddable":true,"href":"https:\/\/xstone.group\/cs\/wp-json\/wp\/v2\/comments?post=20605"}],"wp:featuredmedia":[{"embeddable":true,"href":"https:\/\/xstone.group\/cs\/wp-json\/wp\/v2\/media\/20617"}],"wp:attachment":[{"href":"https:\/\/xstone.group\/cs\/wp-json\/wp\/v2\/media?parent=20605"}],"wp:term":[{"taxonomy":"product_brand","embeddable":true,"href":"https:\/\/xstone.group\/cs\/wp-json\/wp\/v2\/product_brand?post=20605"},{"taxonomy":"product_cat","embeddable":true,"href":"https:\/\/xstone.group\/cs\/wp-json\/wp\/v2\/product_cat?post=20605"},{"taxonomy":"product_tag","embeddable":true,"href":"https:\/\/xstone.group\/cs\/wp-json\/wp\/v2\/product_tag?post=20605"}],"curies":[{"name":"wp","href":"https:\/\/api.w.org\/{rel}","templated":true}]}}