{"id":20641,"date":"2026-04-15T14:00:58","date_gmt":"2026-04-15T14:00:58","guid":{"rendered":"https:\/\/xstone.group\/product\/rol-roll-mineral-veneer-woo-wooden-01084-middle-pebble-grey\/"},"modified":"2026-04-15T14:00:58","modified_gmt":"2026-04-15T14:00:58","slug":"rolwoo01084-roll-wooden-middle-pebble-grey","status":"publish","type":"product","link":"https:\/\/xstone.group\/cs\/product\/rolwoo01084-roll-wooden-middle-pebble-grey\/","title":{"rendered":"[ROL] Roll Mineral Veneer [WOO] Wooden [01084] Middle Pebble Grey"},"content":{"rendered":"<p data-start=\"240\" data-end=\"324\">Sm\u011bs tepla a miner\u00e1ln\u00ed s\u00edly. Vytvo\u0159te rovnov\u00e1hu. Navrhujte se strukturou a nuancemi. Tento povrch reinterpretuje d\u0159evo miner\u00e1ln\u00ed optikou. Spojuje organickou inspiraci s architektonick\u00fdm proveden\u00edm. V\u00fdsledek je jemn\u00fd. Modern\u00ed. Ne\u010dekan\u00fd.       <\/p>\n<p data-start=\"490\" data-end=\"688\">Tato <strong data-start=\"495\" data-end=\"553\">pru\u017en\u00e1 miner\u00e1ln\u00ed d\u00fdha v roli d\u0159ev\u011bn\u00e9 st\u0159edn\u00ed obl\u00e1zkov\u011b \u0161ed\u00e9 barvy<\/strong> zachycuje line\u00e1rn\u00ed rytmus struktury d\u0159eva a z\u00e1rove\u0148 p\u0159in\u00e1\u0161\u00ed rafinovanou miner\u00e1ln\u00ed strukturu. P\u016fsob\u00ed p\u0159irozen\u011b. P\u0159esto je v\u00fdrazn\u011b modern\u00ed. St\u0159edn\u00ed obl\u00e1zkov\u011b \u0161ed\u00fd t\u00f3n zjem\u0148uje efekt d\u0159eva. Odstra\u0148uje vizu\u00e1ln\u00ed t\u00edhu. Vytv\u00e1\u0159\u00ed klidnou, neutr\u00e1ln\u00ed atmosf\u00e9ru. Ide\u00e1ln\u00ed pro modern\u00ed interi\u00e9ry, kter\u00e9 hledaj\u00ed teplo bez tradi\u010dn\u00edch omezen\u00ed d\u0159eva. Ka\u017ed\u00fd detail je pod kontrolou. Ka\u017ed\u00e1 linie p\u0159in\u00e1\u0161\u00ed strukturu. Povrch si hraje se sv\u011btlem. Odhaluje hloubku. Vyv\u00edj\u00ed se v z\u00e1vislosti na perspektiv\u011b.           <\/p>\n<p data-start=\"1043\" data-end=\"1179\">Tato ultratenk\u00e1 a pru\u017en\u00e1 d\u00fdha se snadno p\u0159izp\u016fsobuje. Pou\u017eijte ji na st\u011bny. N\u00e1bytek. Zak\u0159iven\u00e9 prvky. Slo\u017eit\u00e9 tvary se stanou jednoduch\u00fdmi. Lehk\u00e1 konstrukce sni\u017euje limity instalace. Urychluje proveden\u00ed. Zjednodu\u0161uje logistiku. Form\u00e1t rol\u00ed zvy\u0161uje kontinuitu. Velk\u00e9 plochy. Minim\u00e1ln\u00ed spoje. \u010cist\u00fd architektonick\u00fd jazyk. Ide\u00e1ln\u00ed pro pohostinstv\u00ed. Maloobchodn\u00ed prodej. Kancel\u00e1\u0159e. \u0160pi\u010dkov\u00e9 obytn\u00e9 prostory. V\u0161ude tam, kde design mus\u00ed p\u016fsobit v\u0159ele a z\u00e1rove\u0148 rafinovan\u011b. Instalace je intuitivn\u00ed. Rychl\u00e1. P\u0159esn\u00e1. Materi\u00e1l se chov\u00e1 jako designov\u00e1 k\u016f\u017ee. Ne jako tuh\u00fd panel. Je odoln\u00fd a spolehliv\u00fd, podporuje re\u00e1ln\u00e9 pou\u017e\u00edv\u00e1n\u00ed a z\u00e1rove\u0148 si v pr\u016fb\u011bhu \u010dasu zachov\u00e1v\u00e1 vizu\u00e1ln\u00ed kvalitu.                      <\/p>\n<p data-start=\"1718\" data-end=\"1817\">Je to v\u00edc ne\u017e jen povrch. Je to nov\u00e1 interpretace d\u0159eva. Spojen\u00ed p\u0159\u00edrody a inovace. S t\u00edmto materi\u00e1lem utv\u00e1\u0159\u00edte prostory, kter\u00e9 p\u016fsob\u00ed uzemn\u011bn\u011b, elegantn\u011b a modern\u011b.   <\/p>\n<p>&nbsp;<\/p>\n<p>&nbsp;<\/p>\n<p>&nbsp;<\/p>\n<p>&nbsp;<\/p>\n<p>&nbsp;<\/p>\n<p>&nbsp;<\/p>\n<p>&nbsp;<\/p>\n<hr class=\"border-border-200 border-t-0.5 my-3 mx-1.5\">\n","protected":false},"excerpt":{"rendered":"<p>Sm\u011bs tepla a miner\u00e1ln\u00ed s\u00edly. Vytvo\u0159te rovnov\u00e1hu. Navrhujte se strukturou a nuancemi. Tento povrch reinterpretuje d\u0159evo miner\u00e1ln\u00ed optikou. Spojuje organickou inspiraci s architektonick\u00fdm proveden\u00edm. V\u00fdsledek je jemn\u00fd. Modern\u00ed. Ne\u010dekan\u00fd. Tato pru\u017en\u00e1 miner\u00e1ln\u00ed d\u00fdha v roli d\u0159ev\u011bn\u00e9 st\u0159edn\u00ed obl\u00e1zkov\u011b \u0161ed\u00e9 barvy zachycuje line\u00e1rn\u00ed rytmus struktury d\u0159eva a z\u00e1rove\u0148 p\u0159in\u00e1\u0161\u00ed rafinovanou miner\u00e1ln\u00ed strukturu. P\u016fsob\u00ed p\u0159irozen\u011b. P\u0159esto je [&hellip;]<\/p>\n","protected":false},"featured_media":20671,"comment_status":"open","ping_status":"closed","template":"","meta":{"_acf_changed":false,"_uag_custom_page_level_css":"","site-sidebar-layout":"default","site-content-layout":"","ast-site-content-layout":"default","site-content-style":"default","site-sidebar-style":"default","ast-global-header-display":"","ast-banner-title-visibility":"","ast-main-header-display":"","ast-hfb-above-header-display":"","ast-hfb-below-header-display":"","ast-hfb-mobile-header-display":"","site-post-title":"","ast-breadcrumbs-content":"","ast-featured-img":"","footer-sml-layout":"","theme-transparent-header-meta":"default","adv-header-id-meta":"","stick-header-meta":"default","header-above-stick-meta":"","header-main-stick-meta":"","header-below-stick-meta":"","astra-migrate-meta-layouts":"default","ast-page-background-enabled":"default","ast-page-background-meta":{"desktop":{"background-color":"var(--ast-global-color-4)","background-image":"","background-repeat":"repeat","background-position":"center center","background-size":"auto","background-attachment":"scroll","background-type":"","background-media":"","overlay-type":"","overlay-color":"","overlay-opacity":"","overlay-gradient":""},"tablet":{"background-color":"","background-image":"","background-repeat":"repeat","background-position":"center center","background-size":"auto","background-attachment":"scroll","background-type":"","background-media":"","overlay-type":"","overlay-color":"","overlay-opacity":"","overlay-gradient":""},"mobile":{"background-color":"","background-image":"","background-repeat":"repeat","background-position":"center center","background-size":"auto","background-attachment":"scroll","background-type":"","background-media":"","overlay-type":"","overlay-color":"","overlay-opacity":"","overlay-gradient":""}},"ast-content-background-meta":{"desktop":{"background-color":"var(--ast-global-color-5)","background-image":"","background-repeat":"repeat","background-position":"center center","background-size":"auto","background-attachment":"scroll","background-type":"","background-media":"","overlay-type":"","overlay-color":"","overlay-opacity":"","overlay-gradient":""},"tablet":{"background-color":"var(--ast-global-color-5)","background-image":"","background-repeat":"repeat","background-position":"center center","background-size":"auto","background-attachment":"scroll","background-type":"","background-media":"","overlay-type":"","overlay-color":"","overlay-opacity":"","overlay-gradient":""},"mobile":{"background-color":"var(--ast-global-color-5)","background-image":"","background-repeat":"repeat","background-position":"center center","background-size":"auto","background-attachment":"scroll","background-type":"","background-media":"","overlay-type":"","overlay-color":"","overlay-opacity":"","overlay-gradient":""}}},"product_brand":[],"product_cat":[1589,1599,1603,1597,1592,1593,1601,1595,1587],"product_tag":[2292,2286,2294,1605,2290,2288,2285],"class_list":{"0":"post-20641","1":"product","2":"type-product","3":"status-publish","4":"has-post-thumbnail","6":"product_cat-wall-design","7":"product_cat-facade","8":"product_cat-office","9":"product_cat-bathroom","10":"product_cat-retail-design","11":"product_cat-furniture","12":"product_cat-panel","13":"product_cat-floor","14":"product_cat-signature","15":"product_tag-architectural-wood-texture","16":"product_tag-comp-color-17747","17":"product_tag-modern-natural-design","18":"product_tag-comp-backing-15503","19":"product_tag-grey-wood-finish","20":"product_tag-wood-effect-wall-panel","21":"product_tag-comp-texture-15446","22":"desktop-align-left","23":"tablet-align-left","24":"mobile-align-left","26":"first","27":"instock","28":"shipping-taxable","29":"product-type-simple"},"acf":[],"yoast_head":"<!-- This site is optimized with the Yoast SEO Premium plugin v27.4 (Yoast SEO v27.4) - https:\/\/yoast.com\/product\/yoast-seo-premium-wordpress\/ -->\n<title>Roll Miner\u00e1ln\u00ed d\u00fdha | D\u0159ev\u011bn\u00e9 | St\u0159edn\u00ed obl\u00e1zkov\u00e1 \u0161ed\u00e1<\/title>\n<meta name=\"description\" content=\"Flexibiln\u00ed role s texturou d\u0159ev\u011bn\u00e9ho betonu ve st\u0159edn\u00ed obl\u00e1zkov\u011b \u0161ed\u00e9 barv\u011b. Ultratenk\u00e1, lehk\u00e1, ide\u00e1ln\u00ed na st\u011bny a do modern\u00edch interi\u00e9r\u016f.\" \/>\n<meta name=\"robots\" content=\"index, follow, max-snippet:-1, max-image-preview:large, max-video-preview:-1\" \/>\n<link rel=\"canonical\" href=\"https:\/\/xstone.group\/cs\/product\/rolwoo01084-roll-wooden-middle-pebble-grey\/\" \/>\n<meta property=\"og:locale\" content=\"cs_CZ\" \/>\n<meta property=\"og:type\" content=\"article\" \/>\n<meta property=\"og:title\" content=\"[ROL] Roll Mineral Veneer [WOO] Wooden [01084] Middle Pebble Grey\" \/>\n<meta property=\"og:description\" content=\"Flexibiln\u00ed role s texturou d\u0159ev\u011bn\u00e9ho betonu ve st\u0159edn\u00ed obl\u00e1zkov\u011b \u0161ed\u00e9 barv\u011b. Ultratenk\u00e1, lehk\u00e1, ide\u00e1ln\u00ed na st\u011bny a do modern\u00edch interi\u00e9r\u016f.\" \/>\n<meta property=\"og:url\" content=\"https:\/\/xstone.group\/cs\/product\/rolwoo01084-roll-wooden-middle-pebble-grey\/\" \/>\n<meta property=\"og:site_name\" content=\"XSTONE\" \/>\n<meta property=\"article:publisher\" content=\"https:\/\/www.facebook.com\/Xstonesurfaces1\/\" \/>\n<meta property=\"og:image\" content=\"https:\/\/xstone.group\/wp-content\/uploads\/2026\/04\/XSTONE_Mineral-Veneer_0573-1.webp\" \/>\n\t<meta property=\"og:image:width\" content=\"1920\" \/>\n\t<meta property=\"og:image:height\" content=\"1080\" \/>\n\t<meta property=\"og:image:type\" content=\"image\/webp\" \/>\n<meta name=\"twitter:card\" content=\"summary_large_image\" \/>\n<meta name=\"twitter:label1\" content=\"Odhadovan\u00e1 doba \u010dten\u00ed\" \/>\n\t<meta name=\"twitter:data1\" content=\"2 minuty\" \/>\n<script type=\"application\/ld+json\" class=\"yoast-schema-graph\">{\"@context\":\"https:\\\/\\\/schema.org\",\"@graph\":[{\"@type\":\"WebPage\",\"@id\":\"https:\\\/\\\/xstone.group\\\/cs\\\/product\\\/rolwoo01084-roll-wooden-middle-pebble-grey\\\/\",\"url\":\"https:\\\/\\\/xstone.group\\\/cs\\\/product\\\/rolwoo01084-roll-wooden-middle-pebble-grey\\\/\",\"name\":\"Roll Miner\u00e1ln\u00ed d\u00fdha | D\u0159ev\u011bn\u00e9 | St\u0159edn\u00ed obl\u00e1zkov\u00e1 \u0161ed\u00e1\",\"isPartOf\":{\"@id\":\"https:\\\/\\\/xstone.group\\\/cs\\\/#website\"},\"primaryImageOfPage\":{\"@id\":\"https:\\\/\\\/xstone.group\\\/cs\\\/product\\\/rolwoo01084-roll-wooden-middle-pebble-grey\\\/#primaryimage\"},\"image\":{\"@id\":\"https:\\\/\\\/xstone.group\\\/cs\\\/product\\\/rolwoo01084-roll-wooden-middle-pebble-grey\\\/#primaryimage\"},\"thumbnailUrl\":\"https:\\\/\\\/xstone.group\\\/wp-content\\\/uploads\\\/2026\\\/04\\\/XSTONE_Mineral-Veneer_0573-1.webp\",\"datePublished\":\"2026-04-15T14:00:58+00:00\",\"description\":\"Flexibiln\u00ed role s texturou d\u0159ev\u011bn\u00e9ho betonu ve st\u0159edn\u00ed obl\u00e1zkov\u011b \u0161ed\u00e9 barv\u011b. Ultratenk\u00e1, lehk\u00e1, ide\u00e1ln\u00ed na st\u011bny a do modern\u00edch interi\u00e9r\u016f.\",\"breadcrumb\":{\"@id\":\"https:\\\/\\\/xstone.group\\\/cs\\\/product\\\/rolwoo01084-roll-wooden-middle-pebble-grey\\\/#breadcrumb\"},\"inLanguage\":\"cs\",\"potentialAction\":[{\"@type\":\"ReadAction\",\"target\":[\"https:\\\/\\\/xstone.group\\\/cs\\\/product\\\/rolwoo01084-roll-wooden-middle-pebble-grey\\\/\"]}]},{\"@type\":\"ImageObject\",\"inLanguage\":\"cs\",\"@id\":\"https:\\\/\\\/xstone.group\\\/cs\\\/product\\\/rolwoo01084-roll-wooden-middle-pebble-grey\\\/#primaryimage\",\"url\":\"https:\\\/\\\/xstone.group\\\/wp-content\\\/uploads\\\/2026\\\/04\\\/XSTONE_Mineral-Veneer_0573-1.webp\",\"contentUrl\":\"https:\\\/\\\/xstone.group\\\/wp-content\\\/uploads\\\/2026\\\/04\\\/XSTONE_Mineral-Veneer_0573-1.webp\",\"width\":1920,\"height\":1080,\"caption\":\"flexible roll wooden concrete middle pebble grey\"},{\"@type\":\"BreadcrumbList\",\"@id\":\"https:\\\/\\\/xstone.group\\\/cs\\\/product\\\/rolwoo01084-roll-wooden-middle-pebble-grey\\\/#breadcrumb\",\"itemListElement\":[{\"@type\":\"ListItem\",\"position\":1,\"name\":\"Home\",\"item\":\"https:\\\/\\\/xstone.group\\\/cs\\\/\"},{\"@type\":\"ListItem\",\"position\":2,\"name\":\"Produkty\",\"item\":\"https:\\\/\\\/xstone.group\\\/cs\\\/shop\\\/\"},{\"@type\":\"ListItem\",\"position\":3,\"name\":\"[ROL] Roll Mineral Veneer [WOO] Wooden [01084] Middle Pebble Grey\"}]},{\"@type\":\"WebSite\",\"@id\":\"https:\\\/\\\/xstone.group\\\/cs\\\/#website\",\"url\":\"https:\\\/\\\/xstone.group\\\/cs\\\/\",\"name\":\"XSTONE\",\"description\":\"Autentick\u00e1 a neomezen\u00e1 kr\u00e1sa miner\u00e1l\u016f, nespoutan\u00e1 gravitac\u00ed\",\"potentialAction\":[{\"@type\":\"SearchAction\",\"target\":{\"@type\":\"EntryPoint\",\"urlTemplate\":\"https:\\\/\\\/xstone.group\\\/cs\\\/?s={search_term_string}\"},\"query-input\":{\"@type\":\"PropertyValueSpecification\",\"valueRequired\":true,\"valueName\":\"search_term_string\"}}],\"inLanguage\":\"cs\"}]}<\/script>\n<!-- \/ Yoast SEO Premium plugin. -->","yoast_head_json":{"title":"Roll Miner\u00e1ln\u00ed d\u00fdha | D\u0159ev\u011bn\u00e9 | St\u0159edn\u00ed obl\u00e1zkov\u00e1 \u0161ed\u00e1","description":"Flexibiln\u00ed role s texturou d\u0159ev\u011bn\u00e9ho betonu ve st\u0159edn\u00ed obl\u00e1zkov\u011b \u0161ed\u00e9 barv\u011b. Ultratenk\u00e1, lehk\u00e1, ide\u00e1ln\u00ed na st\u011bny a do modern\u00edch interi\u00e9r\u016f.","robots":{"index":"index","follow":"follow","max-snippet":"max-snippet:-1","max-image-preview":"max-image-preview:large","max-video-preview":"max-video-preview:-1"},"canonical":"https:\/\/xstone.group\/cs\/product\/rolwoo01084-roll-wooden-middle-pebble-grey\/","og_locale":"cs_CZ","og_type":"article","og_title":"[ROL] Roll Mineral Veneer [WOO] Wooden [01084] Middle Pebble Grey","og_description":"Flexibiln\u00ed role s texturou d\u0159ev\u011bn\u00e9ho betonu ve st\u0159edn\u00ed obl\u00e1zkov\u011b \u0161ed\u00e9 barv\u011b. Ultratenk\u00e1, lehk\u00e1, ide\u00e1ln\u00ed na st\u011bny a do modern\u00edch interi\u00e9r\u016f.","og_url":"https:\/\/xstone.group\/cs\/product\/rolwoo01084-roll-wooden-middle-pebble-grey\/","og_site_name":"XSTONE","article_publisher":"https:\/\/www.facebook.com\/Xstonesurfaces1\/","og_image":[{"width":1920,"height":1080,"url":"https:\/\/xstone.group\/wp-content\/uploads\/2026\/04\/XSTONE_Mineral-Veneer_0573-1.webp","type":"image\/webp"}],"twitter_card":"summary_large_image","twitter_misc":{"Odhadovan\u00e1 doba \u010dten\u00ed":"2 minuty"},"schema":{"@context":"https:\/\/schema.org","@graph":[{"@type":"WebPage","@id":"https:\/\/xstone.group\/cs\/product\/rolwoo01084-roll-wooden-middle-pebble-grey\/","url":"https:\/\/xstone.group\/cs\/product\/rolwoo01084-roll-wooden-middle-pebble-grey\/","name":"Roll Miner\u00e1ln\u00ed d\u00fdha | D\u0159ev\u011bn\u00e9 | St\u0159edn\u00ed obl\u00e1zkov\u00e1 \u0161ed\u00e1","isPartOf":{"@id":"https:\/\/xstone.group\/cs\/#website"},"primaryImageOfPage":{"@id":"https:\/\/xstone.group\/cs\/product\/rolwoo01084-roll-wooden-middle-pebble-grey\/#primaryimage"},"image":{"@id":"https:\/\/xstone.group\/cs\/product\/rolwoo01084-roll-wooden-middle-pebble-grey\/#primaryimage"},"thumbnailUrl":"https:\/\/xstone.group\/wp-content\/uploads\/2026\/04\/XSTONE_Mineral-Veneer_0573-1.webp","datePublished":"2026-04-15T14:00:58+00:00","description":"Flexibiln\u00ed role s texturou d\u0159ev\u011bn\u00e9ho betonu ve st\u0159edn\u00ed obl\u00e1zkov\u011b \u0161ed\u00e9 barv\u011b. Ultratenk\u00e1, lehk\u00e1, ide\u00e1ln\u00ed na st\u011bny a do modern\u00edch interi\u00e9r\u016f.","breadcrumb":{"@id":"https:\/\/xstone.group\/cs\/product\/rolwoo01084-roll-wooden-middle-pebble-grey\/#breadcrumb"},"inLanguage":"cs","potentialAction":[{"@type":"ReadAction","target":["https:\/\/xstone.group\/cs\/product\/rolwoo01084-roll-wooden-middle-pebble-grey\/"]}]},{"@type":"ImageObject","inLanguage":"cs","@id":"https:\/\/xstone.group\/cs\/product\/rolwoo01084-roll-wooden-middle-pebble-grey\/#primaryimage","url":"https:\/\/xstone.group\/wp-content\/uploads\/2026\/04\/XSTONE_Mineral-Veneer_0573-1.webp","contentUrl":"https:\/\/xstone.group\/wp-content\/uploads\/2026\/04\/XSTONE_Mineral-Veneer_0573-1.webp","width":1920,"height":1080,"caption":"flexible roll wooden concrete middle pebble grey"},{"@type":"BreadcrumbList","@id":"https:\/\/xstone.group\/cs\/product\/rolwoo01084-roll-wooden-middle-pebble-grey\/#breadcrumb","itemListElement":[{"@type":"ListItem","position":1,"name":"Home","item":"https:\/\/xstone.group\/cs\/"},{"@type":"ListItem","position":2,"name":"Produkty","item":"https:\/\/xstone.group\/cs\/shop\/"},{"@type":"ListItem","position":3,"name":"[ROL] Roll Mineral Veneer [WOO] Wooden [01084] Middle Pebble Grey"}]},{"@type":"WebSite","@id":"https:\/\/xstone.group\/cs\/#website","url":"https:\/\/xstone.group\/cs\/","name":"XSTONE","description":"Autentick\u00e1 a neomezen\u00e1 kr\u00e1sa miner\u00e1l\u016f, nespoutan\u00e1 gravitac\u00ed","potentialAction":[{"@type":"SearchAction","target":{"@type":"EntryPoint","urlTemplate":"https:\/\/xstone.group\/cs\/?s={search_term_string}"},"query-input":{"@type":"PropertyValueSpecification","valueRequired":true,"valueName":"search_term_string"}}],"inLanguage":"cs"}]}},"spectra_custom_meta":{"_last_translation_edit_mode":["translation-editor"],"_product_attributes":["a:8:{s:7:\"backing\";a:6:{s:4:\"name\";s:7:\"Backing\";s:5:\"value\";s:12:\"Sklolamin\u00e1t\";s:8:\"position\";i:0;s:10:\"is_visible\";i:1;s:12:\"is_variation\";i:0;s:11:\"is_taxonomy\";i:0;}s:7:\"texture\";a:6:{s:4:\"name\";s:7:\"Texture\";s:5:\"value\";s:16:\"D\u0159ev\u011bn\u00fd beton\";s:8:\"position\";i:1;s:10:\"is_visible\";i:1;s:12:\"is_variation\";i:0;s:11:\"is_taxonomy\";i:0;}s:5:\"color\";a:6:{s:4:\"name\";s:5:\"Color\";s:5:\"value\";s:28:\"St\u0159edn\u00ed obl\u00e1zkov\u011b \u0161ed\u00e1\";s:8:\"position\";i:2;s:10:\"is_visible\";i:1;s:12:\"is_variation\";i:0;s:11:\"is_taxonomy\";i:0;}s:4:\"size\";a:6:{s:4:\"name\";s:4:\"Size\";s:5:\"value\";s:52:\"3000 x 1000 mm; rozm\u011bry na zak\u00e1zku na vy\u017e\u00e1d\u00e1n\u00ed\";s:8:\"position\";i:3;s:10:\"is_visible\";i:1;s:12:\"is_variation\";i:0;s:11:\"is_taxonomy\";i:0;}s:9:\"thickness\";a:6:{s:4:\"name\";s:9:\"Thickness\";s:5:\"value\";s:10:\"2 - 2,5 mm\";s:8:\"position\";i:4;s:10:\"is_visible\";i:1;s:12:\"is_variation\";i:0;s:11:\"is_taxonomy\";i:0;}s:6:\"finish\";a:6:{s:4:\"name\";s:6:\"Finish\";s:5:\"value\";s:4:\"Matt\";s:8:\"position\";i:5;s:10:\"is_visible\";i:1;s:12:\"is_variation\";i:0;s:11:\"is_taxonomy\";i:0;}s:11:\"composition\";a:6:{s:4:\"name\";s:11:\"Composition\";s:5:\"value\";s:67:\"90% recyklovan\u00fd mramorov\u00fd k\u00e1men + kopolymer + sklen\u011bn\u00e9 vl\u00e1kno\";s:8:\"position\";i:6;s:10:\"is_visible\";i:1;s:12:\"is_variation\";i:0;s:11:\"is_taxonomy\";i:0;}s:11:\"fire-rating\";a:6:{s:4:\"name\";s:11:\"Fire rating\";s:5:\"value\";s:8:\"A2-s1-d0\";s:8:\"position\";i:7;s:10:\"is_visible\";i:1;s:12:\"is_variation\";i:0;s:11:\"is_taxonomy\";i:0;}}"],"attr_label_translations":["a:1:{s:2:\"cs\";a:8:{s:7:\"backing\";s:13:\"Z\u00e1lohov\u00e1n\u00ed\";s:7:\"texture\";s:7:\"Textura\";s:5:\"color\";s:5:\"Barva\";s:4:\"size\";s:8:\"Velikost\";s:9:\"thickness\";s:10:\"Tlou\u0161\u0165ka\";s:6:\"finish\";s:11:\"Dokon\u010den\u00ed\";s:11:\"composition\";s:9:\"Slo\u017een\u00ed\";s:11:\"fire-rating\";s:19:\"Po\u017e\u00e1rn\u00ed odolnost\";}}"],"_wcml_average_rating":[null],"_wcml_review_count":[null],"_wcml_rating_count":[null],"_yoast_wpseo_primary_product_cat":["332"],"_backorders":["no"],"_download_limit":["-1"],"_download_expiry":["-1"],"_downloadable":["no"],"_manage_stock":["no"],"_sku":["ROLWOO01084"],"_stock_status":["instock"],"_sold_individually":["no"],"_tax_class":[""],"_tax_status":["taxable"],"_virtual":["no"],"total_sales":["0"],"_wpml_media_duplicate":["1"],"_wpml_media_featured":["1"],"stick-header-meta":["default"],"site-sidebar-layout":["default"],"theme-transparent-header-meta":["default"],"ast-site-content-layout":["default"],"site-content-style":["default"],"site-sidebar-style":["default"],"_yoast_wpseo_title":["Roll Miner\u00e1ln\u00ed d\u00fdha | D\u0159ev\u011bn\u00e9 | St\u0159edn\u00ed obl\u00e1zkov\u00e1 \u0161ed\u00e1"],"_yoast_wpseo_metadesc":["Flexibiln\u00ed role s texturou d\u0159ev\u011bn\u00e9ho betonu ve st\u0159edn\u00ed obl\u00e1zkov\u011b \u0161ed\u00e9 barv\u011b. Ultratenk\u00e1, lehk\u00e1, ide\u00e1ln\u00ed na st\u011bny a do modern\u00edch interi\u00e9r\u016f."],"_yoast_wpseo_focuskw":["flexibiln\u00ed role d\u0159ev\u011bn\u00e9 betonov\u00e9 st\u0159edn\u00ed obl\u00e1zkov\u00e9 \u0161ed\u00e9"],"_upsell_ids":["a:3:{i:0;i:21516;i:1;i:25696;i:2;i:25129;}"],"_wpt_field_wpt-16200":["[elementor-template id=\"16197\"]"],"_thumbnail_id":["20671"],"_wpml_word_count":["334"],"two_optimized_date":["1776549139"],"woolentor_views_count_product":["8"],"_uag_css_file_name":["uag-css-20641.css"],"_uag_js_file_name":["uag-js-20641.js"],"tp_widgets":["a:2:{s:7:\"widgets\";a:6:{i:0;s:18:\"plus-list-skeleton\";i:1;s:22:\"plus-listing-load-more\";i:2;s:18:\"plus-listing-metro\";i:3;s:18:\"tp-product-listout\";i:4;s:17:\"tp-single-style_1\";i:5;s:19:\"tp-woo-single-image\";}s:9:\"update_at\";s:10:\"1776541402\";}"],"_product_image_gallery":["20654,20655,20656,20657,20653,20658,20659,20660,20661"],"_elementor_edit_mode":["builder"],"_selectproduct_layout":["18065"],"_wc_rating_count":[""],"_wc_review_count":[""],"_wc_average_rating":[0]},"uagb_featured_image_src":{"full":["https:\/\/xstone.group\/wp-content\/uploads\/2026\/04\/XSTONE_Mineral-Veneer_0573-1.webp",1920,1080,false],"thumbnail":["https:\/\/xstone.group\/wp-content\/uploads\/2026\/04\/XSTONE_Mineral-Veneer_0573-1-150x150.webp",150,150,true],"medium":["https:\/\/xstone.group\/wp-content\/uploads\/2026\/04\/XSTONE_Mineral-Veneer_0573-1-300x169.webp",300,169,true],"medium_large":["https:\/\/xstone.group\/wp-content\/uploads\/2026\/04\/XSTONE_Mineral-Veneer_0573-1-768x432.webp",768,432,true],"large":["https:\/\/xstone.group\/wp-content\/uploads\/2026\/04\/XSTONE_Mineral-Veneer_0573-1-1024x576.webp",1024,576,true],"1536x1536":["https:\/\/xstone.group\/wp-content\/uploads\/2026\/04\/XSTONE_Mineral-Veneer_0573-1-1536x864.webp",1536,864,true],"2048x2048":["https:\/\/xstone.group\/wp-content\/uploads\/2026\/04\/XSTONE_Mineral-Veneer_0573-1.webp",1920,1080,false],"tp-image-grid":["https:\/\/xstone.group\/wp-content\/uploads\/2026\/04\/XSTONE_Mineral-Veneer_0573-1-700x700.webp",700,700,true],"tenweb_optimizer_mobile":["https:\/\/xstone.group\/wp-content\/uploads\/2026\/04\/XSTONE_Mineral-Veneer_0573-1-600x338.webp",600,338,true],"tenweb_optimizer_tablet":["https:\/\/xstone.group\/wp-content\/uploads\/2026\/04\/XSTONE_Mineral-Veneer_0573-1-768x432.webp",768,432,true],"woocommerce_thumbnail":["https:\/\/xstone.group\/wp-content\/uploads\/2026\/04\/XSTONE_Mineral-Veneer_0573-1-300x300.webp",300,300,true],"woocommerce_single":["https:\/\/xstone.group\/wp-content\/uploads\/2026\/04\/XSTONE_Mineral-Veneer_0573-1-600x338.webp",600,338,true],"woocommerce_gallery_thumbnail":["https:\/\/xstone.group\/wp-content\/uploads\/2026\/04\/XSTONE_Mineral-Veneer_0573-1-100x100.webp",100,100,true]},"uagb_author_info":{"display_name":"laurent.gomez@xstone.group","author_link":"https:\/\/xstone.group\/cs\/author\/"},"uagb_comment_info":0,"uagb_excerpt":"Sm\u011bs tepla a miner\u00e1ln\u00ed s\u00edly. Vytvo\u0159te rovnov\u00e1hu. Navrhujte se strukturou a nuancemi. Tento povrch reinterpretuje d\u0159evo miner\u00e1ln\u00ed optikou. Spojuje organickou inspiraci s architektonick\u00fdm proveden\u00edm. V\u00fdsledek je jemn\u00fd. Modern\u00ed. Ne\u010dekan\u00fd. Tato pru\u017en\u00e1 miner\u00e1ln\u00ed d\u00fdha v roli d\u0159ev\u011bn\u00e9 st\u0159edn\u00ed obl\u00e1zkov\u011b \u0161ed\u00e9 barvy zachycuje line\u00e1rn\u00ed rytmus struktury d\u0159eva a z\u00e1rove\u0148 p\u0159in\u00e1\u0161\u00ed rafinovanou miner\u00e1ln\u00ed strukturu. P\u016fsob\u00ed p\u0159irozen\u011b. P\u0159esto je&hellip;","_links":{"self":[{"href":"https:\/\/xstone.group\/cs\/wp-json\/wp\/v2\/product\/20641","targetHints":{"allow":["GET"]}}],"collection":[{"href":"https:\/\/xstone.group\/cs\/wp-json\/wp\/v2\/product"}],"about":[{"href":"https:\/\/xstone.group\/cs\/wp-json\/wp\/v2\/types\/product"}],"replies":[{"embeddable":true,"href":"https:\/\/xstone.group\/cs\/wp-json\/wp\/v2\/comments?post=20641"}],"wp:featuredmedia":[{"embeddable":true,"href":"https:\/\/xstone.group\/cs\/wp-json\/wp\/v2\/media\/20671"}],"wp:attachment":[{"href":"https:\/\/xstone.group\/cs\/wp-json\/wp\/v2\/media?parent=20641"}],"wp:term":[{"taxonomy":"product_brand","embeddable":true,"href":"https:\/\/xstone.group\/cs\/wp-json\/wp\/v2\/product_brand?post=20641"},{"taxonomy":"product_cat","embeddable":true,"href":"https:\/\/xstone.group\/cs\/wp-json\/wp\/v2\/product_cat?post=20641"},{"taxonomy":"product_tag","embeddable":true,"href":"https:\/\/xstone.group\/cs\/wp-json\/wp\/v2\/product_tag?post=20641"}],"curies":[{"name":"wp","href":"https:\/\/api.w.org\/{rel}","templated":true}]}}