{"id":21516,"date":"2026-02-11T10:57:11","date_gmt":"2026-02-11T10:57:11","guid":{"rendered":"https:\/\/xstone.group\/product\/01084-stredni-oblazkova-seda\/"},"modified":"2026-02-11T10:57:11","modified_gmt":"2026-02-11T10:57:11","slug":"01084-middle-pebble-grey","status":"publish","type":"product","link":"https:\/\/xstone.group\/cs\/product\/01084-middle-pebble-grey\/","title":{"rendered":"01084 | St\u0159edn\u00ed obl\u00e1zkov\u00e1 \u0161ed\u00e1"},"content":{"rendered":"<p>Tento odst\u00edn v rafinovan\u00e9 st\u0159edn\u011b \u0161ed\u00e9 barv\u011b s jemn\u00fdmi miner\u00e1ln\u00edmi nuancemi je zt\u011blesn\u011bn\u00edm klidn\u00e9 s\u00edly a modern\u00ed elegance. Jeho vyv\u00e1\u017een\u00fd chladn\u00fd b\u00e9\u017eov\u00fd podt\u00f3n je obohacen jemn\u00fdm p\u0159\u00edrodn\u00edm skvrn\u011bn\u00edm a jemn\u00fdmi t\u00f3nov\u00fdmi variacemi, kter\u00e9 evokuj\u00ed autenti\u010dnost zv\u011btral\u00e9ho kamene formovan\u00e9ho \u010dasem. Povrch p\u016fsob\u00ed uzemn\u011bn\u011b a z\u00e1rove\u0148 z\u00e1\u0159iv\u011b, nab\u00edz\u00ed hloubku bez t\u00edhy a sofistikovanost bez strohosti. Jedn\u00e1 se o univerz\u00e1ln\u00ed architektonickou neutr\u00e1ln\u00ed barvu, kter\u00e1 je ide\u00e1ln\u00ed pro modern\u00ed interi\u00e9ry hledaj\u00edc\u00ed texturu, st\u0159\u00eddmost a trval\u00fd charakter.   <\/p>\n","protected":false},"excerpt":{"rendered":"<p>Tento odst\u00edn v rafinovan\u00e9 st\u0159edn\u011b \u0161ed\u00e9 barv\u011b s jemn\u00fdmi miner\u00e1ln\u00edmi nuancemi je zt\u011blesn\u011bn\u00edm klidn\u00e9 s\u00edly a modern\u00ed elegance. Jeho vyv\u00e1\u017een\u00fd chladn\u00fd b\u00e9\u017eov\u00fd podt\u00f3n je obohacen jemn\u00fdm p\u0159\u00edrodn\u00edm skvrn\u011bn\u00edm a jemn\u00fdmi t\u00f3nov\u00fdmi variacemi, kter\u00e9 evokuj\u00ed autenti\u010dnost zv\u011btral\u00e9ho kamene formovan\u00e9ho \u010dasem. Povrch p\u016fsob\u00ed uzemn\u011bn\u011b a z\u00e1rove\u0148 z\u00e1\u0159iv\u011b, nab\u00edz\u00ed hloubku bez t\u00edhy a sofistikovanost bez strohosti. Jedn\u00e1 se [&hellip;]<\/p>\n","protected":false},"featured_media":21519,"comment_status":"open","ping_status":"closed","template":"","meta":{"_acf_changed":false,"_uag_custom_page_level_css":"","site-sidebar-layout":"default","site-content-layout":"","ast-site-content-layout":"default","site-content-style":"default","site-sidebar-style":"default","ast-global-header-display":"","ast-banner-title-visibility":"","ast-main-header-display":"","ast-hfb-above-header-display":"","ast-hfb-below-header-display":"","ast-hfb-mobile-header-display":"","site-post-title":"","ast-breadcrumbs-content":"","ast-featured-img":"","footer-sml-layout":"","theme-transparent-header-meta":"default","adv-header-id-meta":"","stick-header-meta":"default","header-above-stick-meta":"","header-main-stick-meta":"","header-below-stick-meta":"","astra-migrate-meta-layouts":"default","ast-page-background-enabled":"default","ast-page-background-meta":{"desktop":{"background-color":"var(--ast-global-color-4)","background-image":"","background-repeat":"repeat","background-position":"center center","background-size":"auto","background-attachment":"scroll","background-type":"","background-media":"","overlay-type":"","overlay-color":"","overlay-opacity":"","overlay-gradient":""},"tablet":{"background-color":"","background-image":"","background-repeat":"repeat","background-position":"center center","background-size":"auto","background-attachment":"scroll","background-type":"","background-media":"","overlay-type":"","overlay-color":"","overlay-opacity":"","overlay-gradient":""},"mobile":{"background-color":"","background-image":"","background-repeat":"repeat","background-position":"center center","background-size":"auto","background-attachment":"scroll","background-type":"","background-media":"","overlay-type":"","overlay-color":"","overlay-opacity":"","overlay-gradient":""}},"ast-content-background-meta":{"desktop":{"background-color":"var(--ast-global-color-5)","background-image":"","background-repeat":"repeat","background-position":"center center","background-size":"auto","background-attachment":"scroll","background-type":"","background-media":"","overlay-type":"","overlay-color":"","overlay-opacity":"","overlay-gradient":""},"tablet":{"background-color":"var(--ast-global-color-5)","background-image":"","background-repeat":"repeat","background-position":"center center","background-size":"auto","background-attachment":"scroll","background-type":"","background-media":"","overlay-type":"","overlay-color":"","overlay-opacity":"","overlay-gradient":""},"mobile":{"background-color":"var(--ast-global-color-5)","background-image":"","background-repeat":"repeat","background-position":"center center","background-size":"auto","background-attachment":"scroll","background-type":"","background-media":"","overlay-type":"","overlay-color":"","overlay-opacity":"","overlay-gradient":""}}},"product_brand":[],"product_cat":[2348,2350],"product_tag":[2755,2286,2763,2761,2751,2759,2753,2749,2750,2757],"class_list":{"0":"post-21516","1":"product","2":"type-product","3":"status-publish","4":"has-post-thumbnail","6":"product_cat-color","7":"product_cat-grey","8":"product_tag-architectural-neutral-tone","9":"product_tag-comp-color-17747","10":"product_tag-elegant-stone-surface","11":"product_tag-soft-textured-grey","12":"product_tag-mineral-grey-finish","13":"product_tag-modern-interior-cladding","14":"product_tag-contemporary-grey-wall","15":"product_tag-pebble-grey-stone","16":"product_tag-middle-grey-surface","17":"product_tag-limestone-grey-effect","18":"desktop-align-left","19":"tablet-align-left","20":"mobile-align-left","22":"first","23":"instock","24":"shipping-taxable","25":"product-type-simple"},"acf":[],"yoast_head":"<!-- This site is optimized with the Yoast SEO Premium plugin v27.4 (Yoast SEO v27.4) - https:\/\/yoast.com\/product\/yoast-seo-premium-wordpress\/ -->\n<title>01084 | St\u0159edn\u00ed obl\u00e1zkov\u00e1 \u0161ed\u00e1 - XSTONE<\/title>\n<meta name=\"description\" content=\"Objevte st\u0159edn\u00ed obl\u00e1zkov\u011b \u0161ed\u00fd povrch kamene s jemnou miner\u00e1ln\u00ed strukturou a vyv\u00e1\u017een\u00fdmi t\u00f3ny, kter\u00fd je ide\u00e1ln\u00ed pro modern\u00ed interi\u00e9ry hledaj\u00edc\u00ed hloubku, eleganci a nad\u010dasov\u00fd design.\" \/>\n<meta name=\"robots\" content=\"index, follow, max-snippet:-1, max-image-preview:large, max-video-preview:-1\" \/>\n<link rel=\"canonical\" href=\"https:\/\/xstone.group\/cs\/product\/01084-middle-pebble-grey\/\" \/>\n<meta property=\"og:locale\" content=\"cs_CZ\" \/>\n<meta property=\"og:type\" content=\"article\" \/>\n<meta property=\"og:title\" content=\"01084 | St\u0159edn\u00ed obl\u00e1zkov\u00e1 \u0161ed\u00e1\" \/>\n<meta property=\"og:description\" content=\"Objevte st\u0159edn\u00ed obl\u00e1zkov\u011b \u0161ed\u00fd povrch kamene s jemnou miner\u00e1ln\u00ed strukturou a vyv\u00e1\u017een\u00fdmi t\u00f3ny, kter\u00fd je ide\u00e1ln\u00ed pro modern\u00ed interi\u00e9ry hledaj\u00edc\u00ed hloubku, eleganci a nad\u010dasov\u00fd design.\" \/>\n<meta property=\"og:url\" content=\"https:\/\/xstone.group\/cs\/product\/01084-middle-pebble-grey\/\" \/>\n<meta property=\"og:site_name\" content=\"XSTONE\" \/>\n<meta property=\"article:publisher\" content=\"https:\/\/www.facebook.com\/Xstonesurfaces1\/\" \/>\n<meta property=\"og:image\" content=\"https:\/\/xstone.group\/wp-content\/uploads\/2026\/02\/Xstone-Color-01084-1-scaled.webp\" \/>\n\t<meta property=\"og:image:width\" content=\"2560\" \/>\n\t<meta property=\"og:image:height\" content=\"1707\" \/>\n\t<meta property=\"og:image:type\" content=\"image\/webp\" \/>\n<meta name=\"twitter:card\" content=\"summary_large_image\" \/>\n<meta name=\"twitter:label1\" content=\"Odhadovan\u00e1 doba \u010dten\u00ed\" \/>\n\t<meta name=\"twitter:data1\" content=\"1 minuta\" \/>\n<script type=\"application\/ld+json\" class=\"yoast-schema-graph\">{\"@context\":\"https:\\\/\\\/schema.org\",\"@graph\":[{\"@type\":\"WebPage\",\"@id\":\"https:\\\/\\\/xstone.group\\\/cs\\\/product\\\/01084-middle-pebble-grey\\\/\",\"url\":\"https:\\\/\\\/xstone.group\\\/cs\\\/product\\\/01084-middle-pebble-grey\\\/\",\"name\":\"01084 | St\u0159edn\u00ed obl\u00e1zkov\u00e1 \u0161ed\u00e1 - XSTONE\",\"isPartOf\":{\"@id\":\"https:\\\/\\\/xstone.group\\\/cs\\\/#website\"},\"primaryImageOfPage\":{\"@id\":\"https:\\\/\\\/xstone.group\\\/cs\\\/product\\\/01084-middle-pebble-grey\\\/#primaryimage\"},\"image\":{\"@id\":\"https:\\\/\\\/xstone.group\\\/cs\\\/product\\\/01084-middle-pebble-grey\\\/#primaryimage\"},\"thumbnailUrl\":\"https:\\\/\\\/xstone.group\\\/wp-content\\\/uploads\\\/2026\\\/02\\\/Xstone-Color-01084-1-scaled.webp\",\"datePublished\":\"2026-02-11T10:57:11+00:00\",\"description\":\"Objevte st\u0159edn\u00ed obl\u00e1zkov\u011b \u0161ed\u00fd povrch kamene s jemnou miner\u00e1ln\u00ed strukturou a vyv\u00e1\u017een\u00fdmi t\u00f3ny, kter\u00fd je ide\u00e1ln\u00ed pro modern\u00ed interi\u00e9ry hledaj\u00edc\u00ed hloubku, eleganci a nad\u010dasov\u00fd design.\",\"breadcrumb\":{\"@id\":\"https:\\\/\\\/xstone.group\\\/cs\\\/product\\\/01084-middle-pebble-grey\\\/#breadcrumb\"},\"inLanguage\":\"cs\",\"potentialAction\":[{\"@type\":\"ReadAction\",\"target\":[\"https:\\\/\\\/xstone.group\\\/cs\\\/product\\\/01084-middle-pebble-grey\\\/\"]}]},{\"@type\":\"ImageObject\",\"inLanguage\":\"cs\",\"@id\":\"https:\\\/\\\/xstone.group\\\/cs\\\/product\\\/01084-middle-pebble-grey\\\/#primaryimage\",\"url\":\"https:\\\/\\\/xstone.group\\\/wp-content\\\/uploads\\\/2026\\\/02\\\/Xstone-Color-01084-1-scaled.webp\",\"contentUrl\":\"https:\\\/\\\/xstone.group\\\/wp-content\\\/uploads\\\/2026\\\/02\\\/Xstone-Color-01084-1-scaled.webp\",\"width\":2560,\"height\":1707,\"caption\":\"Xstone-Color-Middle Pebble Grey\"},{\"@type\":\"BreadcrumbList\",\"@id\":\"https:\\\/\\\/xstone.group\\\/cs\\\/product\\\/01084-middle-pebble-grey\\\/#breadcrumb\",\"itemListElement\":[{\"@type\":\"ListItem\",\"position\":1,\"name\":\"Home\",\"item\":\"https:\\\/\\\/xstone.group\\\/cs\\\/\"},{\"@type\":\"ListItem\",\"position\":2,\"name\":\"Produkty\",\"item\":\"https:\\\/\\\/xstone.group\\\/cs\\\/shop\\\/\"},{\"@type\":\"ListItem\",\"position\":3,\"name\":\"01084 | St\u0159edn\u00ed obl\u00e1zkov\u00e1 \u0161ed\u00e1\"}]},{\"@type\":\"WebSite\",\"@id\":\"https:\\\/\\\/xstone.group\\\/cs\\\/#website\",\"url\":\"https:\\\/\\\/xstone.group\\\/cs\\\/\",\"name\":\"XSTONE\",\"description\":\"Autentick\u00e1 a neomezen\u00e1 kr\u00e1sa miner\u00e1l\u016f, nespoutan\u00e1 gravitac\u00ed\",\"potentialAction\":[{\"@type\":\"SearchAction\",\"target\":{\"@type\":\"EntryPoint\",\"urlTemplate\":\"https:\\\/\\\/xstone.group\\\/cs\\\/?s={search_term_string}\"},\"query-input\":{\"@type\":\"PropertyValueSpecification\",\"valueRequired\":true,\"valueName\":\"search_term_string\"}}],\"inLanguage\":\"cs\"}]}<\/script>\n<!-- \/ Yoast SEO Premium plugin. -->","yoast_head_json":{"title":"01084 | St\u0159edn\u00ed obl\u00e1zkov\u00e1 \u0161ed\u00e1 - XSTONE","description":"Objevte st\u0159edn\u00ed obl\u00e1zkov\u011b \u0161ed\u00fd povrch kamene s jemnou miner\u00e1ln\u00ed strukturou a vyv\u00e1\u017een\u00fdmi t\u00f3ny, kter\u00fd je ide\u00e1ln\u00ed pro modern\u00ed interi\u00e9ry hledaj\u00edc\u00ed hloubku, eleganci a nad\u010dasov\u00fd design.","robots":{"index":"index","follow":"follow","max-snippet":"max-snippet:-1","max-image-preview":"max-image-preview:large","max-video-preview":"max-video-preview:-1"},"canonical":"https:\/\/xstone.group\/cs\/product\/01084-middle-pebble-grey\/","og_locale":"cs_CZ","og_type":"article","og_title":"01084 | St\u0159edn\u00ed obl\u00e1zkov\u00e1 \u0161ed\u00e1","og_description":"Objevte st\u0159edn\u00ed obl\u00e1zkov\u011b \u0161ed\u00fd povrch kamene s jemnou miner\u00e1ln\u00ed strukturou a vyv\u00e1\u017een\u00fdmi t\u00f3ny, kter\u00fd je ide\u00e1ln\u00ed pro modern\u00ed interi\u00e9ry hledaj\u00edc\u00ed hloubku, eleganci a nad\u010dasov\u00fd design.","og_url":"https:\/\/xstone.group\/cs\/product\/01084-middle-pebble-grey\/","og_site_name":"XSTONE","article_publisher":"https:\/\/www.facebook.com\/Xstonesurfaces1\/","og_image":[{"width":2560,"height":1707,"url":"https:\/\/xstone.group\/wp-content\/uploads\/2026\/02\/Xstone-Color-01084-1-scaled.webp","type":"image\/webp"}],"twitter_card":"summary_large_image","twitter_misc":{"Odhadovan\u00e1 doba \u010dten\u00ed":"1 minuta"},"schema":{"@context":"https:\/\/schema.org","@graph":[{"@type":"WebPage","@id":"https:\/\/xstone.group\/cs\/product\/01084-middle-pebble-grey\/","url":"https:\/\/xstone.group\/cs\/product\/01084-middle-pebble-grey\/","name":"01084 | St\u0159edn\u00ed obl\u00e1zkov\u00e1 \u0161ed\u00e1 - XSTONE","isPartOf":{"@id":"https:\/\/xstone.group\/cs\/#website"},"primaryImageOfPage":{"@id":"https:\/\/xstone.group\/cs\/product\/01084-middle-pebble-grey\/#primaryimage"},"image":{"@id":"https:\/\/xstone.group\/cs\/product\/01084-middle-pebble-grey\/#primaryimage"},"thumbnailUrl":"https:\/\/xstone.group\/wp-content\/uploads\/2026\/02\/Xstone-Color-01084-1-scaled.webp","datePublished":"2026-02-11T10:57:11+00:00","description":"Objevte st\u0159edn\u00ed obl\u00e1zkov\u011b \u0161ed\u00fd povrch kamene s jemnou miner\u00e1ln\u00ed strukturou a vyv\u00e1\u017een\u00fdmi t\u00f3ny, kter\u00fd je ide\u00e1ln\u00ed pro modern\u00ed interi\u00e9ry hledaj\u00edc\u00ed hloubku, eleganci a nad\u010dasov\u00fd design.","breadcrumb":{"@id":"https:\/\/xstone.group\/cs\/product\/01084-middle-pebble-grey\/#breadcrumb"},"inLanguage":"cs","potentialAction":[{"@type":"ReadAction","target":["https:\/\/xstone.group\/cs\/product\/01084-middle-pebble-grey\/"]}]},{"@type":"ImageObject","inLanguage":"cs","@id":"https:\/\/xstone.group\/cs\/product\/01084-middle-pebble-grey\/#primaryimage","url":"https:\/\/xstone.group\/wp-content\/uploads\/2026\/02\/Xstone-Color-01084-1-scaled.webp","contentUrl":"https:\/\/xstone.group\/wp-content\/uploads\/2026\/02\/Xstone-Color-01084-1-scaled.webp","width":2560,"height":1707,"caption":"Xstone-Color-Middle Pebble Grey"},{"@type":"BreadcrumbList","@id":"https:\/\/xstone.group\/cs\/product\/01084-middle-pebble-grey\/#breadcrumb","itemListElement":[{"@type":"ListItem","position":1,"name":"Home","item":"https:\/\/xstone.group\/cs\/"},{"@type":"ListItem","position":2,"name":"Produkty","item":"https:\/\/xstone.group\/cs\/shop\/"},{"@type":"ListItem","position":3,"name":"01084 | St\u0159edn\u00ed obl\u00e1zkov\u00e1 \u0161ed\u00e1"}]},{"@type":"WebSite","@id":"https:\/\/xstone.group\/cs\/#website","url":"https:\/\/xstone.group\/cs\/","name":"XSTONE","description":"Autentick\u00e1 a neomezen\u00e1 kr\u00e1sa miner\u00e1l\u016f, nespoutan\u00e1 gravitac\u00ed","potentialAction":[{"@type":"SearchAction","target":{"@type":"EntryPoint","urlTemplate":"https:\/\/xstone.group\/cs\/?s={search_term_string}"},"query-input":{"@type":"PropertyValueSpecification","valueRequired":true,"valueName":"search_term_string"}}],"inLanguage":"cs"}]}},"spectra_custom_meta":{"_last_translation_edit_mode":["translation-editor"],"_wcml_average_rating":[null],"_wcml_review_count":[null],"_wcml_rating_count":[null],"_product_image_gallery":[""],"_yoast_wpseo_primary_product_cat":["318"],"_backorders":["no"],"_download_limit":["-1"],"_download_expiry":["-1"],"_downloadable":["no"],"_manage_stock":["no"],"_sku":["01084"],"_stock_status":["instock"],"_sold_individually":["no"],"_tax_class":[""],"_tax_status":["taxable"],"_virtual":["no"],"total_sales":["0"],"_wpml_media_duplicate":["1"],"_wpml_media_featured":["1"],"stick-header-meta":["default"],"site-sidebar-layout":["default"],"theme-transparent-header-meta":["default"],"ast-site-content-layout":["default"],"site-content-style":["default"],"site-sidebar-style":["default"],"_yoast_wpseo_metadesc":["Objevte st\u0159edn\u00ed obl\u00e1zkov\u011b \u0161ed\u00fd povrch kamene s jemnou miner\u00e1ln\u00ed strukturou a vyv\u00e1\u017een\u00fdmi t\u00f3ny, kter\u00fd je ide\u00e1ln\u00ed pro modern\u00ed interi\u00e9ry hledaj\u00edc\u00ed hloubku, eleganci a nad\u010dasov\u00fd design."],"_yoast_wpseo_focuskw":["St\u0159edn\u00ed obl\u00e1zkov\u011b \u0161ed\u00fd kamenn\u00fd povrch"],"_thumbnail_id":["21519"],"_product_attributes":["a:3:{s:7:\"pa_tone\";a:6:{s:4:\"name\";s:7:\"pa_tone\";s:5:\"value\";s:0:\"\";s:8:\"position\";i:0;s:10:\"is_visible\";i:1;s:12:\"is_variation\";i:0;s:11:\"is_taxonomy\";i:1;}s:13:\"pa_color-code\";a:6:{s:4:\"name\";s:13:\"pa_color-code\";s:5:\"value\";s:0:\"\";s:8:\"position\";i:1;s:10:\"is_visible\";i:1;s:12:\"is_variation\";i:0;s:11:\"is_taxonomy\";i:1;}s:9:\"pa_finish\";a:6:{s:4:\"name\";s:9:\"pa_finish\";s:5:\"value\";s:0:\"\";s:8:\"position\";i:2;s:10:\"is_visible\";i:1;s:12:\"is_variation\";i:0;s:11:\"is_taxonomy\";i:1;}}"],"_wpml_word_count":["111"],"two_optimized_date":["1776563684"],"woolentor_views_count_product":["12"],"_uag_css_file_name":["uag-css-21516.css"],"_uag_js_file_name":["uag-js-21516.js"],"tp_widgets":["a:2:{s:7:\"widgets\";a:6:{i:0;s:18:\"plus-list-skeleton\";i:1;s:22:\"plus-listing-load-more\";i:2;s:18:\"plus-listing-metro\";i:3;s:18:\"tp-product-listout\";i:4;s:17:\"tp-single-style_1\";i:5;s:19:\"tp-woo-single-image\";}s:9:\"update_at\";s:10:\"1776541402\";}"],"_elementor_edit_mode":["builder"],"_selectproduct_layout":["16271"],"_wc_rating_count":[""],"_wc_review_count":[""],"_wc_average_rating":[0]},"uagb_featured_image_src":{"full":["https:\/\/xstone.group\/wp-content\/uploads\/2026\/02\/Xstone-Color-01084-1-scaled.webp",2560,1707,false],"thumbnail":["https:\/\/xstone.group\/wp-content\/uploads\/2026\/02\/Xstone-Color-01084-1-150x150.webp",150,150,true],"medium":["https:\/\/xstone.group\/wp-content\/uploads\/2026\/02\/Xstone-Color-01084-1-300x200.webp",300,200,true],"medium_large":["https:\/\/xstone.group\/wp-content\/uploads\/2026\/02\/Xstone-Color-01084-1-768x512.webp",768,512,true],"large":["https:\/\/xstone.group\/wp-content\/uploads\/2026\/02\/Xstone-Color-01084-1-1024x683.webp",1024,683,true],"1536x1536":["https:\/\/xstone.group\/wp-content\/uploads\/2026\/02\/Xstone-Color-01084-1-1536x1024.webp",1536,1024,true],"2048x2048":["https:\/\/xstone.group\/wp-content\/uploads\/2026\/02\/Xstone-Color-01084-1-2048x1365.webp",2048,1365,true],"tp-image-grid":["https:\/\/xstone.group\/wp-content\/uploads\/2026\/02\/Xstone-Color-01084-1-700x700.webp",700,700,true],"tenweb_optimizer_mobile":["https:\/\/xstone.group\/wp-content\/uploads\/2026\/02\/Xstone-Color-01084-1-600x400.webp",600,400,true],"tenweb_optimizer_tablet":["https:\/\/xstone.group\/wp-content\/uploads\/2026\/02\/Xstone-Color-01084-1-768x512.webp",768,512,true],"woocommerce_thumbnail":["https:\/\/xstone.group\/wp-content\/uploads\/2026\/02\/Xstone-Color-01084-1-300x300.webp",300,300,true],"woocommerce_single":["https:\/\/xstone.group\/wp-content\/uploads\/2026\/02\/Xstone-Color-01084-1-600x400.webp",600,400,true],"woocommerce_gallery_thumbnail":["https:\/\/xstone.group\/wp-content\/uploads\/2026\/02\/Xstone-Color-01084-1-100x100.webp",100,100,true]},"uagb_author_info":{"display_name":"laurent.gomez@xstone.group","author_link":"https:\/\/xstone.group\/cs\/author\/"},"uagb_comment_info":0,"uagb_excerpt":"Tento odst\u00edn v rafinovan\u00e9 st\u0159edn\u011b \u0161ed\u00e9 barv\u011b s jemn\u00fdmi miner\u00e1ln\u00edmi nuancemi je zt\u011blesn\u011bn\u00edm klidn\u00e9 s\u00edly a modern\u00ed elegance. Jeho vyv\u00e1\u017een\u00fd chladn\u00fd b\u00e9\u017eov\u00fd podt\u00f3n je obohacen jemn\u00fdm p\u0159\u00edrodn\u00edm skvrn\u011bn\u00edm a jemn\u00fdmi t\u00f3nov\u00fdmi variacemi, kter\u00e9 evokuj\u00ed autenti\u010dnost zv\u011btral\u00e9ho kamene formovan\u00e9ho \u010dasem. Povrch p\u016fsob\u00ed uzemn\u011bn\u011b a z\u00e1rove\u0148 z\u00e1\u0159iv\u011b, nab\u00edz\u00ed hloubku bez t\u00edhy a sofistikovanost bez strohosti. Jedn\u00e1 se&hellip;","_links":{"self":[{"href":"https:\/\/xstone.group\/cs\/wp-json\/wp\/v2\/product\/21516","targetHints":{"allow":["GET"]}}],"collection":[{"href":"https:\/\/xstone.group\/cs\/wp-json\/wp\/v2\/product"}],"about":[{"href":"https:\/\/xstone.group\/cs\/wp-json\/wp\/v2\/types\/product"}],"replies":[{"embeddable":true,"href":"https:\/\/xstone.group\/cs\/wp-json\/wp\/v2\/comments?post=21516"}],"wp:featuredmedia":[{"embeddable":true,"href":"https:\/\/xstone.group\/cs\/wp-json\/wp\/v2\/media\/21519"}],"wp:attachment":[{"href":"https:\/\/xstone.group\/cs\/wp-json\/wp\/v2\/media?parent=21516"}],"wp:term":[{"taxonomy":"product_brand","embeddable":true,"href":"https:\/\/xstone.group\/cs\/wp-json\/wp\/v2\/product_brand?post=21516"},{"taxonomy":"product_cat","embeddable":true,"href":"https:\/\/xstone.group\/cs\/wp-json\/wp\/v2\/product_cat?post=21516"},{"taxonomy":"product_tag","embeddable":true,"href":"https:\/\/xstone.group\/cs\/wp-json\/wp\/v2\/product_tag?post=21516"}],"curies":[{"name":"wp","href":"https:\/\/api.w.org\/{rel}","templated":true}]}}