{"id":21529,"date":"2026-04-10T10:52:42","date_gmt":"2026-04-10T10:52:42","guid":{"rendered":"https:\/\/xstone.group\/product\/10062-antracit\/"},"modified":"2026-04-10T10:52:42","modified_gmt":"2026-04-10T10:52:42","slug":"10062-anthracite","status":"publish","type":"product","link":"https:\/\/xstone.group\/cs\/product\/10062-anthracite\/","title":{"rendered":"10062 | Antracit"},"content":{"rendered":"<p>Barevn\u00e9 proveden\u00ed Anthracite 10062 se \u0159ad\u00ed do tmav\u011b \u0161ed\u00e9ho spektra s p\u0159evl\u00e1daj\u00edc\u00edm chladn\u00fdm t\u00f3nem, kter\u00fd sm\u011b\u0159uje k modroocelov\u00e9 barv\u011b. Povrch miner\u00e1lu o tlou\u0161\u0165ce 2 mm nese \u017eivou p\u0159\u00edrodn\u00ed strukturu: nepravideln\u00e9 mikroreli\u00e9fy vytv\u00e1\u0159ej\u00ed diskr\u00e9tn\u00ed hru sv\u011btla a st\u00ednu, charakteristickou pro stla\u010den\u00fd sediment\u00e1rn\u00ed k\u00e1men. Chromatickou konzistenci z\u00e1m\u011brn\u011b naru\u0161uj\u00ed jemn\u00e9 rozd\u00edly v hustot\u011b &#8211; viditeln\u00e9 pod hrabiv\u00fdm sv\u011btlem -, kter\u00e9 vypov\u00eddaj\u00ed o autenticit\u011b p\u0159\u00edrodn\u00edho materi\u00e1lu. Tato barevnost se p\u0159irozen\u011b prosazuje v sou\u010dasn\u00fdch, industri\u00e1ln\u00edch nebo brutalistn\u00edch designov\u00fdch projektech: obklady hotelov\u00fdch st\u011bn, \u0161pi\u010dkov\u00e1 maloobchodn\u00ed za\u0159\u00edzen\u00ed, architektonick\u00fd n\u00e1bytek.   <\/p>\n","protected":false},"excerpt":{"rendered":"<p>Barevn\u00e9 proveden\u00ed Anthracite 10062 se \u0159ad\u00ed do tmav\u011b \u0161ed\u00e9ho spektra s p\u0159evl\u00e1daj\u00edc\u00edm chladn\u00fdm t\u00f3nem, kter\u00fd sm\u011b\u0159uje k modroocelov\u00e9 barv\u011b. Povrch miner\u00e1lu o tlou\u0161\u0165ce 2 mm nese \u017eivou p\u0159\u00edrodn\u00ed strukturu: nepravideln\u00e9 mikroreli\u00e9fy vytv\u00e1\u0159ej\u00ed diskr\u00e9tn\u00ed hru sv\u011btla a st\u00ednu, charakteristickou pro stla\u010den\u00fd sediment\u00e1rn\u00ed k\u00e1men. Chromatickou konzistenci z\u00e1m\u011brn\u011b naru\u0161uj\u00ed jemn\u00e9 rozd\u00edly v hustot\u011b &#8211; viditeln\u00e9 pod hrabiv\u00fdm sv\u011btlem [&hellip;]<\/p>\n","protected":false},"featured_media":21532,"comment_status":"open","ping_status":"closed","template":"","meta":{"_acf_changed":false,"_uag_custom_page_level_css":"","site-sidebar-layout":"default","site-content-layout":"","ast-site-content-layout":"default","site-content-style":"default","site-sidebar-style":"default","ast-global-header-display":"","ast-banner-title-visibility":"","ast-main-header-display":"","ast-hfb-above-header-display":"","ast-hfb-below-header-display":"","ast-hfb-mobile-header-display":"","site-post-title":"","ast-breadcrumbs-content":"","ast-featured-img":"","footer-sml-layout":"","theme-transparent-header-meta":"default","adv-header-id-meta":"","stick-header-meta":"default","header-above-stick-meta":"","header-main-stick-meta":"","header-below-stick-meta":"","astra-migrate-meta-layouts":"default","ast-page-background-enabled":"default","ast-page-background-meta":{"desktop":{"background-color":"var(--ast-global-color-4)","background-image":"","background-repeat":"repeat","background-position":"center center","background-size":"auto","background-attachment":"scroll","background-type":"","background-media":"","overlay-type":"","overlay-color":"","overlay-opacity":"","overlay-gradient":""},"tablet":{"background-color":"","background-image":"","background-repeat":"repeat","background-position":"center center","background-size":"auto","background-attachment":"scroll","background-type":"","background-media":"","overlay-type":"","overlay-color":"","overlay-opacity":"","overlay-gradient":""},"mobile":{"background-color":"","background-image":"","background-repeat":"repeat","background-position":"center center","background-size":"auto","background-attachment":"scroll","background-type":"","background-media":"","overlay-type":"","overlay-color":"","overlay-opacity":"","overlay-gradient":""}},"ast-content-background-meta":{"desktop":{"background-color":"var(--ast-global-color-5)","background-image":"","background-repeat":"repeat","background-position":"center center","background-size":"auto","background-attachment":"scroll","background-type":"","background-media":"","overlay-type":"","overlay-color":"","overlay-opacity":"","overlay-gradient":""},"tablet":{"background-color":"var(--ast-global-color-5)","background-image":"","background-repeat":"repeat","background-position":"center center","background-size":"auto","background-attachment":"scroll","background-type":"","background-media":"","overlay-type":"","overlay-color":"","overlay-opacity":"","overlay-gradient":""},"mobile":{"background-color":"var(--ast-global-color-5)","background-image":"","background-repeat":"repeat","background-position":"center center","background-size":"auto","background-attachment":"scroll","background-type":"","background-media":"","overlay-type":"","overlay-color":"","overlay-opacity":"","overlay-gradient":""}}},"product_brand":[],"product_cat":[2348,2350],"product_tag":[2802,2810,2812,2806,2804,2808,2803],"class_list":{"0":"post-21529","1":"product","2":"type-product","3":"status-publish","4":"has-post-thumbnail","6":"product_cat-color","7":"product_cat-grey","8":"product_tag-anthracite-grey","9":"product_tag-anthracite-flexible-stone","10":"product_tag-comp-color-18248","11":"product_tag-flexible-grey-panel","12":"product_tag-contemporary-wall-cladding","13":"product_tag-natural-concrete-finish","14":"product_tag-dark-mineral-stone","15":"desktop-align-left","16":"tablet-align-left","17":"mobile-align-left","19":"first","20":"instock","21":"shipping-taxable","22":"product-type-simple"},"acf":[],"yoast_head":"<!-- This site is optimized with the Yoast SEO Premium plugin v27.4 (Yoast SEO v27.4) - https:\/\/yoast.com\/product\/yoast-seo-premium-wordpress\/ -->\n<title>10062 | Antracit - XSTONE<\/title>\n<meta name=\"description\" content=\"Antracit 10062 - tmav\u011b modroocelov\u00e1 \u0161ed\u00e1 s jemn\u00fdmi miner\u00e1ln\u00edmi zm\u011bnami struktury. Chladn\u00e1, rafinovan\u00e1 a siln\u011b nen\u00e1padn\u00e1.\" \/>\n<meta name=\"robots\" content=\"index, follow, max-snippet:-1, max-image-preview:large, max-video-preview:-1\" \/>\n<link rel=\"canonical\" href=\"https:\/\/xstone.group\/cs\/product\/10062-anthracite\/\" \/>\n<meta property=\"og:locale\" content=\"cs_CZ\" \/>\n<meta property=\"og:type\" content=\"article\" \/>\n<meta property=\"og:title\" content=\"10062 | Antracit\" \/>\n<meta property=\"og:description\" content=\"Antracit 10062 - tmav\u011b modroocelov\u00e1 \u0161ed\u00e1 s jemn\u00fdmi miner\u00e1ln\u00edmi zm\u011bnami struktury. Chladn\u00e1, rafinovan\u00e1 a siln\u011b nen\u00e1padn\u00e1.\" \/>\n<meta property=\"og:url\" content=\"https:\/\/xstone.group\/cs\/product\/10062-anthracite\/\" \/>\n<meta property=\"og:site_name\" content=\"XSTONE\" \/>\n<meta property=\"article:publisher\" content=\"https:\/\/www.facebook.com\/Xstonesurfaces1\/\" \/>\n<meta property=\"og:image\" content=\"https:\/\/xstone.group\/wp-content\/uploads\/2026\/04\/XSTONE-Color-10062-Anthracite.webp\" \/>\n\t<meta property=\"og:image:width\" content=\"2560\" \/>\n\t<meta property=\"og:image:height\" content=\"1920\" \/>\n\t<meta property=\"og:image:type\" content=\"image\/webp\" \/>\n<meta name=\"twitter:card\" content=\"summary_large_image\" \/>\n<meta name=\"twitter:label1\" content=\"Odhadovan\u00e1 doba \u010dten\u00ed\" \/>\n\t<meta name=\"twitter:data1\" content=\"1 minuta\" \/>\n<script type=\"application\/ld+json\" class=\"yoast-schema-graph\">{\"@context\":\"https:\\\/\\\/schema.org\",\"@graph\":[{\"@type\":\"WebPage\",\"@id\":\"https:\\\/\\\/xstone.group\\\/cs\\\/product\\\/10062-anthracite\\\/\",\"url\":\"https:\\\/\\\/xstone.group\\\/cs\\\/product\\\/10062-anthracite\\\/\",\"name\":\"10062 | Antracit - XSTONE\",\"isPartOf\":{\"@id\":\"https:\\\/\\\/xstone.group\\\/cs\\\/#website\"},\"primaryImageOfPage\":{\"@id\":\"https:\\\/\\\/xstone.group\\\/cs\\\/product\\\/10062-anthracite\\\/#primaryimage\"},\"image\":{\"@id\":\"https:\\\/\\\/xstone.group\\\/cs\\\/product\\\/10062-anthracite\\\/#primaryimage\"},\"thumbnailUrl\":\"https:\\\/\\\/xstone.group\\\/wp-content\\\/uploads\\\/2026\\\/04\\\/XSTONE-Color-10062-Anthracite.webp\",\"datePublished\":\"2026-04-10T10:52:42+00:00\",\"description\":\"Antracit 10062 - tmav\u011b modroocelov\u00e1 \u0161ed\u00e1 s jemn\u00fdmi miner\u00e1ln\u00edmi zm\u011bnami struktury. Chladn\u00e1, rafinovan\u00e1 a siln\u011b nen\u00e1padn\u00e1.\",\"breadcrumb\":{\"@id\":\"https:\\\/\\\/xstone.group\\\/cs\\\/product\\\/10062-anthracite\\\/#breadcrumb\"},\"inLanguage\":\"cs\",\"potentialAction\":[{\"@type\":\"ReadAction\",\"target\":[\"https:\\\/\\\/xstone.group\\\/cs\\\/product\\\/10062-anthracite\\\/\"]}]},{\"@type\":\"ImageObject\",\"inLanguage\":\"cs\",\"@id\":\"https:\\\/\\\/xstone.group\\\/cs\\\/product\\\/10062-anthracite\\\/#primaryimage\",\"url\":\"https:\\\/\\\/xstone.group\\\/wp-content\\\/uploads\\\/2026\\\/04\\\/XSTONE-Color-10062-Anthracite.webp\",\"contentUrl\":\"https:\\\/\\\/xstone.group\\\/wp-content\\\/uploads\\\/2026\\\/04\\\/XSTONE-Color-10062-Anthracite.webp\",\"width\":2560,\"height\":1920},{\"@type\":\"BreadcrumbList\",\"@id\":\"https:\\\/\\\/xstone.group\\\/cs\\\/product\\\/10062-anthracite\\\/#breadcrumb\",\"itemListElement\":[{\"@type\":\"ListItem\",\"position\":1,\"name\":\"Home\",\"item\":\"https:\\\/\\\/xstone.group\\\/cs\\\/\"},{\"@type\":\"ListItem\",\"position\":2,\"name\":\"Produkty\",\"item\":\"https:\\\/\\\/xstone.group\\\/cs\\\/shop\\\/\"},{\"@type\":\"ListItem\",\"position\":3,\"name\":\"10062 | Antracit\"}]},{\"@type\":\"WebSite\",\"@id\":\"https:\\\/\\\/xstone.group\\\/cs\\\/#website\",\"url\":\"https:\\\/\\\/xstone.group\\\/cs\\\/\",\"name\":\"XSTONE\",\"description\":\"Autentick\u00e1 a neomezen\u00e1 kr\u00e1sa miner\u00e1l\u016f, nespoutan\u00e1 gravitac\u00ed\",\"potentialAction\":[{\"@type\":\"SearchAction\",\"target\":{\"@type\":\"EntryPoint\",\"urlTemplate\":\"https:\\\/\\\/xstone.group\\\/cs\\\/?s={search_term_string}\"},\"query-input\":{\"@type\":\"PropertyValueSpecification\",\"valueRequired\":true,\"valueName\":\"search_term_string\"}}],\"inLanguage\":\"cs\"}]}<\/script>\n<!-- \/ Yoast SEO Premium plugin. -->","yoast_head_json":{"title":"10062 | Antracit - XSTONE","description":"Antracit 10062 - tmav\u011b modroocelov\u00e1 \u0161ed\u00e1 s jemn\u00fdmi miner\u00e1ln\u00edmi zm\u011bnami struktury. Chladn\u00e1, rafinovan\u00e1 a siln\u011b nen\u00e1padn\u00e1.","robots":{"index":"index","follow":"follow","max-snippet":"max-snippet:-1","max-image-preview":"max-image-preview:large","max-video-preview":"max-video-preview:-1"},"canonical":"https:\/\/xstone.group\/cs\/product\/10062-anthracite\/","og_locale":"cs_CZ","og_type":"article","og_title":"10062 | Antracit","og_description":"Antracit 10062 - tmav\u011b modroocelov\u00e1 \u0161ed\u00e1 s jemn\u00fdmi miner\u00e1ln\u00edmi zm\u011bnami struktury. Chladn\u00e1, rafinovan\u00e1 a siln\u011b nen\u00e1padn\u00e1.","og_url":"https:\/\/xstone.group\/cs\/product\/10062-anthracite\/","og_site_name":"XSTONE","article_publisher":"https:\/\/www.facebook.com\/Xstonesurfaces1\/","og_image":[{"width":2560,"height":1920,"url":"https:\/\/xstone.group\/wp-content\/uploads\/2026\/04\/XSTONE-Color-10062-Anthracite.webp","type":"image\/webp"}],"twitter_card":"summary_large_image","twitter_misc":{"Odhadovan\u00e1 doba \u010dten\u00ed":"1 minuta"},"schema":{"@context":"https:\/\/schema.org","@graph":[{"@type":"WebPage","@id":"https:\/\/xstone.group\/cs\/product\/10062-anthracite\/","url":"https:\/\/xstone.group\/cs\/product\/10062-anthracite\/","name":"10062 | Antracit - XSTONE","isPartOf":{"@id":"https:\/\/xstone.group\/cs\/#website"},"primaryImageOfPage":{"@id":"https:\/\/xstone.group\/cs\/product\/10062-anthracite\/#primaryimage"},"image":{"@id":"https:\/\/xstone.group\/cs\/product\/10062-anthracite\/#primaryimage"},"thumbnailUrl":"https:\/\/xstone.group\/wp-content\/uploads\/2026\/04\/XSTONE-Color-10062-Anthracite.webp","datePublished":"2026-04-10T10:52:42+00:00","description":"Antracit 10062 - tmav\u011b modroocelov\u00e1 \u0161ed\u00e1 s jemn\u00fdmi miner\u00e1ln\u00edmi zm\u011bnami struktury. Chladn\u00e1, rafinovan\u00e1 a siln\u011b nen\u00e1padn\u00e1.","breadcrumb":{"@id":"https:\/\/xstone.group\/cs\/product\/10062-anthracite\/#breadcrumb"},"inLanguage":"cs","potentialAction":[{"@type":"ReadAction","target":["https:\/\/xstone.group\/cs\/product\/10062-anthracite\/"]}]},{"@type":"ImageObject","inLanguage":"cs","@id":"https:\/\/xstone.group\/cs\/product\/10062-anthracite\/#primaryimage","url":"https:\/\/xstone.group\/wp-content\/uploads\/2026\/04\/XSTONE-Color-10062-Anthracite.webp","contentUrl":"https:\/\/xstone.group\/wp-content\/uploads\/2026\/04\/XSTONE-Color-10062-Anthracite.webp","width":2560,"height":1920},{"@type":"BreadcrumbList","@id":"https:\/\/xstone.group\/cs\/product\/10062-anthracite\/#breadcrumb","itemListElement":[{"@type":"ListItem","position":1,"name":"Home","item":"https:\/\/xstone.group\/cs\/"},{"@type":"ListItem","position":2,"name":"Produkty","item":"https:\/\/xstone.group\/cs\/shop\/"},{"@type":"ListItem","position":3,"name":"10062 | Antracit"}]},{"@type":"WebSite","@id":"https:\/\/xstone.group\/cs\/#website","url":"https:\/\/xstone.group\/cs\/","name":"XSTONE","description":"Autentick\u00e1 a neomezen\u00e1 kr\u00e1sa miner\u00e1l\u016f, nespoutan\u00e1 gravitac\u00ed","potentialAction":[{"@type":"SearchAction","target":{"@type":"EntryPoint","urlTemplate":"https:\/\/xstone.group\/cs\/?s={search_term_string}"},"query-input":{"@type":"PropertyValueSpecification","valueRequired":true,"valueName":"search_term_string"}}],"inLanguage":"cs"}]}},"spectra_custom_meta":{"_last_translation_edit_mode":["translation-editor"],"_wcml_average_rating":[null],"_wcml_review_count":[null],"_wcml_rating_count":[null],"_yoast_wpseo_primary_product_cat":["318"],"_backorders":["no"],"_download_limit":["-1"],"_download_expiry":["-1"],"_downloadable":["no"],"_manage_stock":["no"],"_sku":["10062"],"_stock_status":["instock"],"_sold_individually":["no"],"_tax_class":[""],"_tax_status":["taxable"],"_virtual":["no"],"total_sales":["0"],"_wpml_media_duplicate":["1"],"_wpml_media_featured":["1"],"stick-header-meta":["default"],"site-sidebar-layout":["default"],"theme-transparent-header-meta":["default"],"ast-site-content-layout":["default"],"site-content-style":["default"],"site-sidebar-style":["default"],"_yoast_wpseo_metadesc":["Antracit 10062 - tmav\u011b modroocelov\u00e1 \u0161ed\u00e1 s jemn\u00fdmi miner\u00e1ln\u00edmi zm\u011bnami struktury. Chladn\u00e1, rafinovan\u00e1 a siln\u011b nen\u00e1padn\u00e1."],"_yoast_wpseo_focuskw":["Antracitov\u00fd miner\u00e1ln\u00ed povrch"],"_product_image_gallery":[""],"_thumbnail_id":["21532"],"_product_attributes":["a:2:{s:7:\"pa_tone\";a:6:{s:4:\"name\";s:7:\"pa_tone\";s:5:\"value\";s:0:\"\";s:8:\"position\";i:0;s:10:\"is_visible\";i:1;s:12:\"is_variation\";i:0;s:11:\"is_taxonomy\";i:1;}s:9:\"pa_finish\";a:6:{s:4:\"name\";s:9:\"pa_finish\";s:5:\"value\";s:0:\"\";s:8:\"position\";i:2;s:10:\"is_visible\";i:1;s:12:\"is_variation\";i:0;s:11:\"is_taxonomy\";i:1;}}"],"_wpml_word_count":["132"],"_elementor_edit_mode":["builder"],"_selectproduct_layout":["16271"],"woolentor_views_count_product":["4"],"_uag_css_file_name":["uag-css-21529.css"],"_uag_js_file_name":["uag-js-21529.js"],"tp_widgets":["a:2:{s:7:\"widgets\";a:6:{i:0;s:18:\"plus-list-skeleton\";i:1;s:22:\"plus-listing-load-more\";i:2;s:18:\"plus-listing-metro\";i:3;s:18:\"tp-product-listout\";i:4;s:17:\"tp-single-style_1\";i:5;s:19:\"tp-woo-single-image\";}s:9:\"update_at\";s:10:\"1776541402\";}"],"_wc_rating_count":[""],"_wc_review_count":[""],"_wc_average_rating":[0]},"uagb_featured_image_src":{"full":["https:\/\/xstone.group\/wp-content\/uploads\/2026\/04\/XSTONE-Color-10062-Anthracite.webp",2560,1920,false],"thumbnail":["https:\/\/xstone.group\/wp-content\/uploads\/2026\/04\/XSTONE-Color-10062-Anthracite-150x150.webp",150,150,true],"medium":["https:\/\/xstone.group\/wp-content\/uploads\/2026\/04\/XSTONE-Color-10062-Anthracite-300x225.webp",300,225,true],"medium_large":["https:\/\/xstone.group\/wp-content\/uploads\/2026\/04\/XSTONE-Color-10062-Anthracite-768x576.webp",768,576,true],"large":["https:\/\/xstone.group\/wp-content\/uploads\/2026\/04\/XSTONE-Color-10062-Anthracite-1024x768.webp",1024,768,true],"1536x1536":["https:\/\/xstone.group\/wp-content\/uploads\/2026\/04\/XSTONE-Color-10062-Anthracite-1536x1152.webp",1536,1152,true],"2048x2048":["https:\/\/xstone.group\/wp-content\/uploads\/2026\/04\/XSTONE-Color-10062-Anthracite-2048x1536.webp",2048,1536,true],"tp-image-grid":["https:\/\/xstone.group\/wp-content\/uploads\/2026\/04\/XSTONE-Color-10062-Anthracite-700x700.webp",700,700,true],"tenweb_optimizer_mobile":["https:\/\/xstone.group\/wp-content\/uploads\/2026\/04\/XSTONE-Color-10062-Anthracite-600x450.webp",600,450,true],"tenweb_optimizer_tablet":["https:\/\/xstone.group\/wp-content\/uploads\/2026\/04\/XSTONE-Color-10062-Anthracite-768x576.webp",768,576,true],"woocommerce_thumbnail":["https:\/\/xstone.group\/wp-content\/uploads\/2026\/04\/XSTONE-Color-10062-Anthracite-300x300.webp",300,300,true],"woocommerce_single":["https:\/\/xstone.group\/wp-content\/uploads\/2026\/04\/XSTONE-Color-10062-Anthracite-600x450.webp",600,450,true],"woocommerce_gallery_thumbnail":["https:\/\/xstone.group\/wp-content\/uploads\/2026\/04\/XSTONE-Color-10062-Anthracite-100x100.webp",100,100,true]},"uagb_author_info":{"display_name":"laurent.gomez@xstone.group","author_link":"https:\/\/xstone.group\/cs\/author\/"},"uagb_comment_info":0,"uagb_excerpt":"Barevn\u00e9 proveden\u00ed Anthracite 10062 se \u0159ad\u00ed do tmav\u011b \u0161ed\u00e9ho spektra s p\u0159evl\u00e1daj\u00edc\u00edm chladn\u00fdm t\u00f3nem, kter\u00fd sm\u011b\u0159uje k modroocelov\u00e9 barv\u011b. Povrch miner\u00e1lu o tlou\u0161\u0165ce 2 mm nese \u017eivou p\u0159\u00edrodn\u00ed strukturu: nepravideln\u00e9 mikroreli\u00e9fy vytv\u00e1\u0159ej\u00ed diskr\u00e9tn\u00ed hru sv\u011btla a st\u00ednu, charakteristickou pro stla\u010den\u00fd sediment\u00e1rn\u00ed k\u00e1men. Chromatickou konzistenci z\u00e1m\u011brn\u011b naru\u0161uj\u00ed jemn\u00e9 rozd\u00edly v hustot\u011b &#8211; viditeln\u00e9 pod hrabiv\u00fdm sv\u011btlem&hellip;","_links":{"self":[{"href":"https:\/\/xstone.group\/cs\/wp-json\/wp\/v2\/product\/21529","targetHints":{"allow":["GET"]}}],"collection":[{"href":"https:\/\/xstone.group\/cs\/wp-json\/wp\/v2\/product"}],"about":[{"href":"https:\/\/xstone.group\/cs\/wp-json\/wp\/v2\/types\/product"}],"replies":[{"embeddable":true,"href":"https:\/\/xstone.group\/cs\/wp-json\/wp\/v2\/comments?post=21529"}],"wp:featuredmedia":[{"embeddable":true,"href":"https:\/\/xstone.group\/cs\/wp-json\/wp\/v2\/media\/21532"}],"wp:attachment":[{"href":"https:\/\/xstone.group\/cs\/wp-json\/wp\/v2\/media?parent=21529"}],"wp:term":[{"taxonomy":"product_brand","embeddable":true,"href":"https:\/\/xstone.group\/cs\/wp-json\/wp\/v2\/product_brand?post=21529"},{"taxonomy":"product_cat","embeddable":true,"href":"https:\/\/xstone.group\/cs\/wp-json\/wp\/v2\/product_cat?post=21529"},{"taxonomy":"product_tag","embeddable":true,"href":"https:\/\/xstone.group\/cs\/wp-json\/wp\/v2\/product_tag?post=21529"}],"curies":[{"name":"wp","href":"https:\/\/api.w.org\/{rel}","templated":true}]}}