{"id":21716,"date":"2026-04-10T20:42:54","date_gmt":"2026-04-10T20:42:54","guid":{"rendered":"https:\/\/xstone.group\/product\/rol-roll-mineral-veneer-trc-travertin-classic-10049-king-louis\/"},"modified":"2026-04-10T20:42:54","modified_gmt":"2026-04-10T20:42:54","slug":"roltrc10049-roll-travertine-classic-king-louis","status":"publish","type":"product","link":"https:\/\/xstone.group\/cs\/product\/roltrc10049-roll-travertine-classic-king-louis\/","title":{"rendered":"[ROL] Roll Mineral Veneer [TRC] Travertin Classic [10049] King Louis"},"content":{"rendered":"<p class=\"font-claude-response-body break-words whitespace-normal leading-[1.7]\">Existuj\u00ed povrchy, kter\u00e9 prost\u011b pat\u0159\u00ed k velk\u00fdm prostor\u016fm. Miner\u00e1ln\u00ed d\u00fdha XSTONE Roll ve struktu\u0159e Travertine Classic a barevn\u00e9m proveden\u00ed King Louis je jedn\u00edm z nich &#8211; kombinace zrozen\u00e1 z harmonie starobyl\u00e9ho kamene a z\u00e1\u0159iv\u00e9 st\u0159\u00eddmosti k\u0159\u00eddov\u011b b\u00edl\u00e9 barvy, kter\u00e1 v sob\u011b nese tichou vzne\u0161enost sluncem vyb\u011blen\u00fdch v\u00e1pencov\u00fdch hal a nad\u010dasov\u00fdch pal\u00e1cov\u00fdch interi\u00e9r\u016f. <\/p>\n<p class=\"font-claude-response-body break-words whitespace-normal leading-[1.7]\">Struktura travertinu Classic vystihuje jazyk p\u0159\u00edrodn\u00edho kamene na ka\u017ed\u00e9m centimetru: souhv\u011bzd\u00ed jemn\u00fdch p\u00f3r\u016f, mikrodutin a nepravideln\u00fdch reli\u00e9f\u016f, kter\u00e9 s p\u0159ib\u00fdvaj\u00edc\u00edmi hodinami r\u016fzn\u011b zachycuj\u00ed sv\u011btlo a vytv\u00e1\u0159ej\u00ed povrch, kter\u00fd p\u016fsob\u00ed sp\u00ed\u0161e \u017eiv\u011b ne\u017e staticky. Na pozad\u00ed t\u00f3nu King Louis &#8211; jemn\u00e9, k\u0159\u00eddov\u011b b\u00edl\u00e9 barvy s jemn\u00fdmi p\u00edskov\u00fdmi a v\u00e1pencov\u00fdmi podt\u00f3ny, vrstven\u00e9 jemn\u00fdm horizont\u00e1ln\u00edm pohybem miner\u00e1l\u016f &#8211; p\u016fsob\u00ed v\u00fdjime\u010dn\u011b \u010dist\u011b a architektonicky klidn\u011b. Nic nen\u00ed p\u0159ehnan\u00e9. V\u0161e je z\u00e1m\u011brn\u00e9.   <\/p>\n<p class=\"font-claude-response-body break-words whitespace-normal leading-[1.7]\">Tato role miner\u00e1ln\u00ed travertinov\u00e9 d\u00fdhy v b\u011blav\u00e9 barv\u011b King Louis to v\u0161e p\u0159in\u00e1\u0161\u00ed na st\u011bnu v tom nejefektivn\u011bj\u0161\u00edm form\u00e1tu, jak\u00fd modern\u00ed architektura vy\u017eaduje: 2 mm tenk\u00e1, 2 kg\/m\u00b2, dod\u00e1van\u00e1 v rol\u00edch 3000 \u00d7 1000 mm, kter\u00e9 se oh\u00fdbaj\u00ed kolem k\u0159ivek, \u0159e\u017eou se standardn\u00edm no\u017eem a instaluj\u00ed se bez stavebn\u00ed v\u00fdztu\u017ee nebo odborn\u00fdch \u0159emesel. S certifik\u00e1tem A2-s1,d0, slo\u017een\u00fd z 90 % z recyklovan\u00e9ho mramorov\u00e9ho kamenn\u00e9ho pr\u00e1\u0161ku a s hodnocen\u00edm A+ pro emise t\u011bkav\u00fdch organick\u00fdch l\u00e1tek, je to povrch bez kompromis\u016f &#8211; technick\u00fdch, estetick\u00fdch i ekologick\u00fdch. <\/p>\n<p class=\"font-claude-response-body break-words whitespace-normal leading-[1.7]\">Tato kombinace ud\u00e1v\u00e1 t\u00f3n prostor\u016fm, kde je samotn\u00fd materi\u00e1l v\u00fdrazem designu, od luxusn\u00edch hotelov\u00fdch lobby a l\u00e1ze\u0148sk\u00fdch za\u0159\u00edzen\u00ed a\u017e po \u0161pi\u010dkov\u00e9 reziden\u010dn\u00ed projekty a pr\u00e9miov\u00e1 maloobchodn\u00ed prost\u0159ed\u00ed.<\/p>\n","protected":false},"excerpt":{"rendered":"<p>Existuj\u00ed povrchy, kter\u00e9 prost\u011b pat\u0159\u00ed k velk\u00fdm prostor\u016fm. Miner\u00e1ln\u00ed d\u00fdha XSTONE Roll ve struktu\u0159e Travertine Classic a barevn\u00e9m proveden\u00ed King Louis je jedn\u00edm z nich &#8211; kombinace zrozen\u00e1 z harmonie starobyl\u00e9ho kamene a z\u00e1\u0159iv\u00e9 st\u0159\u00eddmosti k\u0159\u00eddov\u011b b\u00edl\u00e9 barvy, kter\u00e1 v sob\u011b nese tichou vzne\u0161enost sluncem vyb\u011blen\u00fdch v\u00e1pencov\u00fdch hal a nad\u010dasov\u00fdch pal\u00e1cov\u00fdch interi\u00e9r\u016f. Struktura travertinu Classic [&hellip;]<\/p>\n","protected":false},"featured_media":21723,"comment_status":"open","ping_status":"closed","template":"","meta":{"_acf_changed":false,"_uag_custom_page_level_css":"","site-sidebar-layout":"default","site-content-layout":"","ast-site-content-layout":"default","site-content-style":"default","site-sidebar-style":"default","ast-global-header-display":"","ast-banner-title-visibility":"","ast-main-header-display":"","ast-hfb-above-header-display":"","ast-hfb-below-header-display":"","ast-hfb-mobile-header-display":"","site-post-title":"","ast-breadcrumbs-content":"","ast-featured-img":"","footer-sml-layout":"","theme-transparent-header-meta":"default","adv-header-id-meta":"","stick-header-meta":"default","header-above-stick-meta":"","header-main-stick-meta":"","header-below-stick-meta":"","astra-migrate-meta-layouts":"default","ast-page-background-enabled":"default","ast-page-background-meta":{"desktop":{"background-color":"var(--ast-global-color-4)","background-image":"","background-repeat":"repeat","background-position":"center center","background-size":"auto","background-attachment":"scroll","background-type":"","background-media":"","overlay-type":"","overlay-color":"","overlay-opacity":"","overlay-gradient":""},"tablet":{"background-color":"","background-image":"","background-repeat":"repeat","background-position":"center center","background-size":"auto","background-attachment":"scroll","background-type":"","background-media":"","overlay-type":"","overlay-color":"","overlay-opacity":"","overlay-gradient":""},"mobile":{"background-color":"","background-image":"","background-repeat":"repeat","background-position":"center center","background-size":"auto","background-attachment":"scroll","background-type":"","background-media":"","overlay-type":"","overlay-color":"","overlay-opacity":"","overlay-gradient":""}},"ast-content-background-meta":{"desktop":{"background-color":"var(--ast-global-color-5)","background-image":"","background-repeat":"repeat","background-position":"center center","background-size":"auto","background-attachment":"scroll","background-type":"","background-media":"","overlay-type":"","overlay-color":"","overlay-opacity":"","overlay-gradient":""},"tablet":{"background-color":"var(--ast-global-color-5)","background-image":"","background-repeat":"repeat","background-position":"center center","background-size":"auto","background-attachment":"scroll","background-type":"","background-media":"","overlay-type":"","overlay-color":"","overlay-opacity":"","overlay-gradient":""},"mobile":{"background-color":"var(--ast-global-color-5)","background-image":"","background-repeat":"repeat","background-position":"center center","background-size":"auto","background-attachment":"scroll","background-type":"","background-media":"","overlay-type":"","overlay-color":"","overlay-opacity":"","overlay-gradient":""}}},"product_brand":[],"product_cat":[1589,1599,1603,1597,1592,1593,1601,1595,1587],"product_tag":[3018,3019,1605,3022,3020,3029,2066,3026,3021],"class_list":{"0":"post-21716","1":"product","2":"type-product","3":"status-publish","4":"has-post-thumbnail","6":"product_cat-wall-design","7":"product_cat-facade","8":"product_cat-office","9":"product_cat-bathroom","10":"product_cat-retail-design","11":"product_cat-furniture","12":"product_cat-panel","13":"product_cat-floor","14":"product_cat-signature","15":"product_tag-comp-color-17403","16":"product_tag-off-white-stone-cladding","17":"product_tag-comp-backing-15503","18":"product_tag-natural-travertine-texture","19":"product_tag-flexible-mineral-veneer-roll","20":"product_tag-contemporary-stone-wall-design","21":"product_tag-comp-texture-15445","22":"product_tag-sustainable-mineral-cladding","23":"product_tag-limestone-effect-wall-panel","24":"desktop-align-left","25":"tablet-align-left","26":"mobile-align-left","28":"first","29":"instock","30":"shipping-taxable","31":"product-type-simple"},"acf":[],"yoast_head":"<!-- This site is optimized with the Yoast SEO Premium plugin v27.4 (Yoast SEO v27.4) - https:\/\/yoast.com\/product\/yoast-seo-premium-wordpress\/ -->\n<title>Roll Mineral Veneer | Travertin Classic | King Louis<\/title>\n<meta name=\"description\" content=\"Travertinov\u00e1 miner\u00e1ln\u00ed d\u00fdha v roli, smetanov\u011b b\u00edl\u00fd odst\u00edn King Louis. 2 mm, po\u017e\u00e1rn\u00ed odolnost A2, 90 % recyklovan\u00fd k\u00e1men. Nad\u010dasov\u00e1 elegance pro luxusn\u00ed st\u011bny a interi\u00e9ry.\" \/>\n<meta name=\"robots\" content=\"index, follow, max-snippet:-1, max-image-preview:large, max-video-preview:-1\" \/>\n<link rel=\"canonical\" href=\"https:\/\/xstone.group\/cs\/product\/roltrc10049-roll-travertine-classic-king-louis\/\" \/>\n<meta property=\"og:locale\" content=\"cs_CZ\" \/>\n<meta property=\"og:type\" content=\"article\" \/>\n<meta property=\"og:title\" content=\"[ROL] Roll Mineral Veneer [TRC] Travertin Classic [10049] King Louis\" \/>\n<meta property=\"og:description\" content=\"Travertinov\u00e1 miner\u00e1ln\u00ed d\u00fdha v roli, smetanov\u011b b\u00edl\u00fd odst\u00edn King Louis. 2 mm, po\u017e\u00e1rn\u00ed odolnost A2, 90 % recyklovan\u00fd k\u00e1men. Nad\u010dasov\u00e1 elegance pro luxusn\u00ed st\u011bny a interi\u00e9ry.\" \/>\n<meta property=\"og:url\" content=\"https:\/\/xstone.group\/cs\/product\/roltrc10049-roll-travertine-classic-king-louis\/\" \/>\n<meta property=\"og:site_name\" content=\"XSTONE\" \/>\n<meta property=\"article:publisher\" content=\"https:\/\/www.facebook.com\/Xstonesurfaces1\/\" \/>\n<meta property=\"og:image\" content=\"https:\/\/xstone.group\/wp-content\/uploads\/2026\/04\/XSTONE_Mineral-Veneer_0276.webp\" \/>\n\t<meta property=\"og:image:width\" content=\"1631\" \/>\n\t<meta property=\"og:image:height\" content=\"1080\" \/>\n\t<meta property=\"og:image:type\" content=\"image\/webp\" \/>\n<meta name=\"twitter:card\" content=\"summary_large_image\" \/>\n<meta name=\"twitter:label1\" content=\"Odhadovan\u00e1 doba \u010dten\u00ed\" \/>\n\t<meta name=\"twitter:data1\" content=\"2 minuty\" \/>\n<script type=\"application\/ld+json\" class=\"yoast-schema-graph\">{\"@context\":\"https:\\\/\\\/schema.org\",\"@graph\":[{\"@type\":\"WebPage\",\"@id\":\"https:\\\/\\\/xstone.group\\\/cs\\\/product\\\/roltrc10049-roll-travertine-classic-king-louis\\\/\",\"url\":\"https:\\\/\\\/xstone.group\\\/cs\\\/product\\\/roltrc10049-roll-travertine-classic-king-louis\\\/\",\"name\":\"Roll Mineral Veneer | Travertin Classic | King Louis\",\"isPartOf\":{\"@id\":\"https:\\\/\\\/xstone.group\\\/cs\\\/#website\"},\"primaryImageOfPage\":{\"@id\":\"https:\\\/\\\/xstone.group\\\/cs\\\/product\\\/roltrc10049-roll-travertine-classic-king-louis\\\/#primaryimage\"},\"image\":{\"@id\":\"https:\\\/\\\/xstone.group\\\/cs\\\/product\\\/roltrc10049-roll-travertine-classic-king-louis\\\/#primaryimage\"},\"thumbnailUrl\":\"https:\\\/\\\/xstone.group\\\/wp-content\\\/uploads\\\/2026\\\/04\\\/XSTONE_Mineral-Veneer_0276.webp\",\"datePublished\":\"2026-04-10T20:42:54+00:00\",\"description\":\"Travertinov\u00e1 miner\u00e1ln\u00ed d\u00fdha v roli, smetanov\u011b b\u00edl\u00fd odst\u00edn King Louis. 2 mm, po\u017e\u00e1rn\u00ed odolnost A2, 90 % recyklovan\u00fd k\u00e1men. Nad\u010dasov\u00e1 elegance pro luxusn\u00ed st\u011bny a interi\u00e9ry.\",\"breadcrumb\":{\"@id\":\"https:\\\/\\\/xstone.group\\\/cs\\\/product\\\/roltrc10049-roll-travertine-classic-king-louis\\\/#breadcrumb\"},\"inLanguage\":\"cs\",\"potentialAction\":[{\"@type\":\"ReadAction\",\"target\":[\"https:\\\/\\\/xstone.group\\\/cs\\\/product\\\/roltrc10049-roll-travertine-classic-king-louis\\\/\"]}]},{\"@type\":\"ImageObject\",\"inLanguage\":\"cs\",\"@id\":\"https:\\\/\\\/xstone.group\\\/cs\\\/product\\\/roltrc10049-roll-travertine-classic-king-louis\\\/#primaryimage\",\"url\":\"https:\\\/\\\/xstone.group\\\/wp-content\\\/uploads\\\/2026\\\/04\\\/XSTONE_Mineral-Veneer_0276.webp\",\"contentUrl\":\"https:\\\/\\\/xstone.group\\\/wp-content\\\/uploads\\\/2026\\\/04\\\/XSTONE_Mineral-Veneer_0276.webp\",\"width\":1631,\"height\":1080,\"caption\":\"travertine veneer King Louis\"},{\"@type\":\"BreadcrumbList\",\"@id\":\"https:\\\/\\\/xstone.group\\\/cs\\\/product\\\/roltrc10049-roll-travertine-classic-king-louis\\\/#breadcrumb\",\"itemListElement\":[{\"@type\":\"ListItem\",\"position\":1,\"name\":\"Home\",\"item\":\"https:\\\/\\\/xstone.group\\\/cs\\\/\"},{\"@type\":\"ListItem\",\"position\":2,\"name\":\"Produkty\",\"item\":\"https:\\\/\\\/xstone.group\\\/cs\\\/shop\\\/\"},{\"@type\":\"ListItem\",\"position\":3,\"name\":\"[ROL] Roll Mineral Veneer [TRC] Travertin Classic [10049] King Louis\"}]},{\"@type\":\"WebSite\",\"@id\":\"https:\\\/\\\/xstone.group\\\/cs\\\/#website\",\"url\":\"https:\\\/\\\/xstone.group\\\/cs\\\/\",\"name\":\"XSTONE\",\"description\":\"Autentick\u00e1 a neomezen\u00e1 kr\u00e1sa miner\u00e1l\u016f, nespoutan\u00e1 gravitac\u00ed\",\"potentialAction\":[{\"@type\":\"SearchAction\",\"target\":{\"@type\":\"EntryPoint\",\"urlTemplate\":\"https:\\\/\\\/xstone.group\\\/cs\\\/?s={search_term_string}\"},\"query-input\":{\"@type\":\"PropertyValueSpecification\",\"valueRequired\":true,\"valueName\":\"search_term_string\"}}],\"inLanguage\":\"cs\"}]}<\/script>\n<!-- \/ Yoast SEO Premium plugin. -->","yoast_head_json":{"title":"Roll Mineral Veneer | Travertin Classic | King Louis","description":"Travertinov\u00e1 miner\u00e1ln\u00ed d\u00fdha v roli, smetanov\u011b b\u00edl\u00fd odst\u00edn King Louis. 2 mm, po\u017e\u00e1rn\u00ed odolnost A2, 90 % recyklovan\u00fd k\u00e1men. Nad\u010dasov\u00e1 elegance pro luxusn\u00ed st\u011bny a interi\u00e9ry.","robots":{"index":"index","follow":"follow","max-snippet":"max-snippet:-1","max-image-preview":"max-image-preview:large","max-video-preview":"max-video-preview:-1"},"canonical":"https:\/\/xstone.group\/cs\/product\/roltrc10049-roll-travertine-classic-king-louis\/","og_locale":"cs_CZ","og_type":"article","og_title":"[ROL] Roll Mineral Veneer [TRC] Travertin Classic [10049] King Louis","og_description":"Travertinov\u00e1 miner\u00e1ln\u00ed d\u00fdha v roli, smetanov\u011b b\u00edl\u00fd odst\u00edn King Louis. 2 mm, po\u017e\u00e1rn\u00ed odolnost A2, 90 % recyklovan\u00fd k\u00e1men. Nad\u010dasov\u00e1 elegance pro luxusn\u00ed st\u011bny a interi\u00e9ry.","og_url":"https:\/\/xstone.group\/cs\/product\/roltrc10049-roll-travertine-classic-king-louis\/","og_site_name":"XSTONE","article_publisher":"https:\/\/www.facebook.com\/Xstonesurfaces1\/","og_image":[{"width":1631,"height":1080,"url":"https:\/\/xstone.group\/wp-content\/uploads\/2026\/04\/XSTONE_Mineral-Veneer_0276.webp","type":"image\/webp"}],"twitter_card":"summary_large_image","twitter_misc":{"Odhadovan\u00e1 doba \u010dten\u00ed":"2 minuty"},"schema":{"@context":"https:\/\/schema.org","@graph":[{"@type":"WebPage","@id":"https:\/\/xstone.group\/cs\/product\/roltrc10049-roll-travertine-classic-king-louis\/","url":"https:\/\/xstone.group\/cs\/product\/roltrc10049-roll-travertine-classic-king-louis\/","name":"Roll Mineral Veneer | Travertin Classic | King Louis","isPartOf":{"@id":"https:\/\/xstone.group\/cs\/#website"},"primaryImageOfPage":{"@id":"https:\/\/xstone.group\/cs\/product\/roltrc10049-roll-travertine-classic-king-louis\/#primaryimage"},"image":{"@id":"https:\/\/xstone.group\/cs\/product\/roltrc10049-roll-travertine-classic-king-louis\/#primaryimage"},"thumbnailUrl":"https:\/\/xstone.group\/wp-content\/uploads\/2026\/04\/XSTONE_Mineral-Veneer_0276.webp","datePublished":"2026-04-10T20:42:54+00:00","description":"Travertinov\u00e1 miner\u00e1ln\u00ed d\u00fdha v roli, smetanov\u011b b\u00edl\u00fd odst\u00edn King Louis. 2 mm, po\u017e\u00e1rn\u00ed odolnost A2, 90 % recyklovan\u00fd k\u00e1men. Nad\u010dasov\u00e1 elegance pro luxusn\u00ed st\u011bny a interi\u00e9ry.","breadcrumb":{"@id":"https:\/\/xstone.group\/cs\/product\/roltrc10049-roll-travertine-classic-king-louis\/#breadcrumb"},"inLanguage":"cs","potentialAction":[{"@type":"ReadAction","target":["https:\/\/xstone.group\/cs\/product\/roltrc10049-roll-travertine-classic-king-louis\/"]}]},{"@type":"ImageObject","inLanguage":"cs","@id":"https:\/\/xstone.group\/cs\/product\/roltrc10049-roll-travertine-classic-king-louis\/#primaryimage","url":"https:\/\/xstone.group\/wp-content\/uploads\/2026\/04\/XSTONE_Mineral-Veneer_0276.webp","contentUrl":"https:\/\/xstone.group\/wp-content\/uploads\/2026\/04\/XSTONE_Mineral-Veneer_0276.webp","width":1631,"height":1080,"caption":"travertine veneer King Louis"},{"@type":"BreadcrumbList","@id":"https:\/\/xstone.group\/cs\/product\/roltrc10049-roll-travertine-classic-king-louis\/#breadcrumb","itemListElement":[{"@type":"ListItem","position":1,"name":"Home","item":"https:\/\/xstone.group\/cs\/"},{"@type":"ListItem","position":2,"name":"Produkty","item":"https:\/\/xstone.group\/cs\/shop\/"},{"@type":"ListItem","position":3,"name":"[ROL] Roll Mineral Veneer [TRC] Travertin Classic [10049] King Louis"}]},{"@type":"WebSite","@id":"https:\/\/xstone.group\/cs\/#website","url":"https:\/\/xstone.group\/cs\/","name":"XSTONE","description":"Autentick\u00e1 a neomezen\u00e1 kr\u00e1sa miner\u00e1l\u016f, nespoutan\u00e1 gravitac\u00ed","potentialAction":[{"@type":"SearchAction","target":{"@type":"EntryPoint","urlTemplate":"https:\/\/xstone.group\/cs\/?s={search_term_string}"},"query-input":{"@type":"PropertyValueSpecification","valueRequired":true,"valueName":"search_term_string"}}],"inLanguage":"cs"}]}},"spectra_custom_meta":{"_last_translation_edit_mode":["translation-editor"],"_product_attributes":["a:8:{s:7:\"backing\";a:6:{s:4:\"name\";s:7:\"Backing\";s:5:\"value\";s:12:\"Sklolamin\u00e1t\";s:8:\"position\";i:0;s:10:\"is_visible\";i:1;s:12:\"is_variation\";i:0;s:11:\"is_taxonomy\";i:0;}s:7:\"texture\";a:6:{s:4:\"name\";s:7:\"Texture\";s:5:\"value\";s:17:\"Travertin Classic\";s:8:\"position\";i:1;s:10:\"is_visible\";i:1;s:12:\"is_variation\";i:0;s:11:\"is_taxonomy\";i:0;}s:5:\"color\";a:6:{s:4:\"name\";s:5:\"Color\";s:5:\"value\";s:13:\"Kr\u00e1l Ludv\u00edk\";s:8:\"position\";i:2;s:10:\"is_visible\";i:1;s:12:\"is_variation\";i:0;s:11:\"is_taxonomy\";i:0;}s:4:\"size\";a:6:{s:4:\"name\";s:4:\"Size\";s:5:\"value\";s:52:\"3000 x 1000 mm; rozm\u011bry na zak\u00e1zku na vy\u017e\u00e1d\u00e1n\u00ed\";s:8:\"position\";i:3;s:10:\"is_visible\";i:1;s:12:\"is_variation\";i:0;s:11:\"is_taxonomy\";i:0;}s:9:\"thickness\";a:6:{s:4:\"name\";s:9:\"Thickness\";s:5:\"value\";s:10:\"2 - 2,5 mm\";s:8:\"position\";i:5;s:10:\"is_visible\";i:1;s:12:\"is_variation\";i:0;s:11:\"is_taxonomy\";i:0;}s:6:\"finish\";a:6:{s:4:\"name\";s:6:\"Finish\";s:5:\"value\";s:4:\"Matt\";s:8:\"position\";i:6;s:10:\"is_visible\";i:1;s:12:\"is_variation\";i:0;s:11:\"is_taxonomy\";i:0;}s:11:\"composition\";a:6:{s:4:\"name\";s:11:\"Composition\";s:5:\"value\";s:67:\"90% recyklovan\u00fd mramorov\u00fd k\u00e1men + kopolymer + sklen\u011bn\u00e9 vl\u00e1kno\";s:8:\"position\";i:7;s:10:\"is_visible\";i:1;s:12:\"is_variation\";i:0;s:11:\"is_taxonomy\";i:0;}s:11:\"fire-rating\";a:6:{s:4:\"name\";s:11:\"Fire rating\";s:5:\"value\";s:8:\"A2-s1-d0\";s:8:\"position\";i:8;s:10:\"is_visible\";i:1;s:12:\"is_variation\";i:0;s:11:\"is_taxonomy\";i:0;}}"],"attr_label_translations":["a:1:{s:2:\"cs\";a:8:{s:7:\"backing\";s:13:\"Z\u00e1lohov\u00e1n\u00ed\";s:7:\"texture\";s:7:\"Textura\";s:5:\"color\";s:5:\"Barva\";s:4:\"size\";s:8:\"Velikost\";s:9:\"thickness\";s:10:\"Tlou\u0161\u0165ka\";s:6:\"finish\";s:11:\"Dokon\u010den\u00ed\";s:11:\"composition\";s:9:\"Slo\u017een\u00ed\";s:11:\"fire-rating\";s:19:\"Po\u017e\u00e1rn\u00ed odolnost\";}}"],"_wcml_average_rating":[null],"_wcml_review_count":[null],"_wcml_rating_count":[null],"_yoast_wpseo_primary_product_cat":["332"],"_backorders":["no"],"_download_limit":["-1"],"_download_expiry":["-1"],"_downloadable":["no"],"_manage_stock":["no"],"_sku":["ROLTRC10049"],"_stock_status":["instock"],"_sold_individually":["no"],"_tax_class":[""],"_tax_status":["taxable"],"_virtual":["no"],"total_sales":["0"],"_wpml_media_duplicate":["1"],"_wpml_media_featured":["1"],"stick-header-meta":["default"],"site-sidebar-layout":["default"],"theme-transparent-header-meta":["default"],"ast-site-content-layout":["default"],"site-content-style":["default"],"site-sidebar-style":["default"],"_yoast_wpseo_title":["Roll Mineral Veneer | Travertin Classic | King Louis"],"_yoast_wpseo_metadesc":["Travertinov\u00e1 miner\u00e1ln\u00ed d\u00fdha v roli, smetanov\u011b b\u00edl\u00fd odst\u00edn King Louis. 2 mm, po\u017e\u00e1rn\u00ed odolnost A2, 90 % recyklovan\u00fd k\u00e1men. Nad\u010dasov\u00e1 elegance pro luxusn\u00ed st\u011bny a interi\u00e9ry."],"_yoast_wpseo_focuskw":["travertinov\u00e1 d\u00fdha King Louis"],"_upsell_ids":["a:3:{i:0;N;i:1;N;i:2;N;}"],"_wpt_field_wpt-16200":["[elementor-template id=\"16197\"]"],"_thumbnail_id":["21723"],"_wpml_word_count":["315"],"two_optimized_date":["1776447655"],"woolentor_views_count_product":["35"],"_uag_css_file_name":["uag-css-21716.css"],"_uag_js_file_name":["uag-js-21716.js"],"tp_widgets":["a:2:{s:7:\"widgets\";a:6:{i:0;s:18:\"plus-list-skeleton\";i:1;s:22:\"plus-listing-load-more\";i:2;s:18:\"plus-listing-metro\";i:3;s:18:\"tp-product-listout\";i:4;s:17:\"tp-single-style_1\";i:5;s:19:\"tp-woo-single-image\";}s:9:\"update_at\";s:10:\"1777019468\";}"],"_elementor_edit_mode":["builder"],"_selectproduct_layout":["18065"],"_elementor_page_assets":["a:0:{}"],"_elementor_css":["a:7:{s:4:\"time\";i:1778538882;s:5:\"fonts\";a:0:{}s:5:\"icons\";a:0:{}s:20:\"dynamic_elements_ids\";a:0:{}s:6:\"status\";s:5:\"empty\";i:0;s:0:\"\";s:3:\"css\";s:0:\"\";}"],"_wc_rating_count":[""],"_wc_review_count":[""],"_wc_average_rating":[0]},"uagb_featured_image_src":{"full":["https:\/\/xstone.group\/wp-content\/uploads\/2026\/04\/XSTONE_Mineral-Veneer_0276.webp",1631,1080,false],"thumbnail":["https:\/\/xstone.group\/wp-content\/uploads\/2026\/04\/XSTONE_Mineral-Veneer_0276-150x150.webp",150,150,true],"medium":["https:\/\/xstone.group\/wp-content\/uploads\/2026\/04\/XSTONE_Mineral-Veneer_0276-300x199.webp",300,199,true],"medium_large":["https:\/\/xstone.group\/wp-content\/uploads\/2026\/04\/XSTONE_Mineral-Veneer_0276-768x509.webp",768,509,true],"large":["https:\/\/xstone.group\/wp-content\/uploads\/2026\/04\/XSTONE_Mineral-Veneer_0276-1024x678.webp",1024,678,true],"1536x1536":["https:\/\/xstone.group\/wp-content\/uploads\/2026\/04\/XSTONE_Mineral-Veneer_0276-1536x1017.webp",1536,1017,true],"2048x2048":["https:\/\/xstone.group\/wp-content\/uploads\/2026\/04\/XSTONE_Mineral-Veneer_0276.webp",1631,1080,false],"tp-image-grid":["https:\/\/xstone.group\/wp-content\/uploads\/2026\/04\/XSTONE_Mineral-Veneer_0276-700x700.webp",700,700,true],"tenweb_optimizer_mobile":["https:\/\/xstone.group\/wp-content\/uploads\/2026\/04\/XSTONE_Mineral-Veneer_0276-600x397.webp",600,397,true],"tenweb_optimizer_tablet":["https:\/\/xstone.group\/wp-content\/uploads\/2026\/04\/XSTONE_Mineral-Veneer_0276-768x509.webp",768,509,true],"woocommerce_thumbnail":["https:\/\/xstone.group\/wp-content\/uploads\/2026\/04\/XSTONE_Mineral-Veneer_0276-300x300.webp",300,300,true],"woocommerce_single":["https:\/\/xstone.group\/wp-content\/uploads\/2026\/04\/XSTONE_Mineral-Veneer_0276-600x397.webp",600,397,true],"woocommerce_gallery_thumbnail":["https:\/\/xstone.group\/wp-content\/uploads\/2026\/04\/XSTONE_Mineral-Veneer_0276-100x100.webp",100,100,true]},"uagb_author_info":{"display_name":"laurent.gomez@xstone.group","author_link":"https:\/\/xstone.group\/cs\/author\/"},"uagb_comment_info":0,"uagb_excerpt":"Existuj\u00ed povrchy, kter\u00e9 prost\u011b pat\u0159\u00ed k velk\u00fdm prostor\u016fm. Miner\u00e1ln\u00ed d\u00fdha XSTONE Roll ve struktu\u0159e Travertine Classic a barevn\u00e9m proveden\u00ed King Louis je jedn\u00edm z nich &#8211; kombinace zrozen\u00e1 z harmonie starobyl\u00e9ho kamene a z\u00e1\u0159iv\u00e9 st\u0159\u00eddmosti k\u0159\u00eddov\u011b b\u00edl\u00e9 barvy, kter\u00e1 v sob\u011b nese tichou vzne\u0161enost sluncem vyb\u011blen\u00fdch v\u00e1pencov\u00fdch hal a nad\u010dasov\u00fdch pal\u00e1cov\u00fdch interi\u00e9r\u016f. Struktura travertinu Classic&hellip;","_links":{"self":[{"href":"https:\/\/xstone.group\/cs\/wp-json\/wp\/v2\/product\/21716","targetHints":{"allow":["GET"]}}],"collection":[{"href":"https:\/\/xstone.group\/cs\/wp-json\/wp\/v2\/product"}],"about":[{"href":"https:\/\/xstone.group\/cs\/wp-json\/wp\/v2\/types\/product"}],"replies":[{"embeddable":true,"href":"https:\/\/xstone.group\/cs\/wp-json\/wp\/v2\/comments?post=21716"}],"wp:featuredmedia":[{"embeddable":true,"href":"https:\/\/xstone.group\/cs\/wp-json\/wp\/v2\/media\/21723"}],"wp:attachment":[{"href":"https:\/\/xstone.group\/cs\/wp-json\/wp\/v2\/media?parent=21716"}],"wp:term":[{"taxonomy":"product_brand","embeddable":true,"href":"https:\/\/xstone.group\/cs\/wp-json\/wp\/v2\/product_brand?post=21716"},{"taxonomy":"product_cat","embeddable":true,"href":"https:\/\/xstone.group\/cs\/wp-json\/wp\/v2\/product_cat?post=21716"},{"taxonomy":"product_tag","embeddable":true,"href":"https:\/\/xstone.group\/cs\/wp-json\/wp\/v2\/product_tag?post=21716"}],"curies":[{"name":"wp","href":"https:\/\/api.w.org\/{rel}","templated":true}]}}