{"id":22047,"date":"2026-04-11T10:07:51","date_gmt":"2026-04-11T10:07:51","guid":{"rendered":"https:\/\/xstone.group\/product\/apt-acustone-pet-rgh-hruby-beton-10005-stredne-sedy\/"},"modified":"2026-04-11T10:07:51","modified_gmt":"2026-04-11T10:07:51","slug":"aptrgh10005-acustone-pet-rough-concrete-middle-grey","status":"publish","type":"product","link":"https:\/\/xstone.group\/cs\/product\/aptrgh10005-acustone-pet-rough-concrete-middle-grey\/","title":{"rendered":"[APT] Acustone PET [RGH] Hrub\u00fd beton [10005] St\u0159edn\u011b \u0161ed\u00fd"},"content":{"rendered":"<p class=\"font-claude-response-body break-words whitespace-normal leading-[1.7]\">Nejv\u00fdkonn\u011bj\u0161\u00ed prostory nejen dob\u0159e vypadaj\u00ed, ale tak\u00e9 se v nich dob\u0159e c\u00edt\u00edte. Spr\u00e1vn\u011b zn\u00ed. <\/p>\n<p class=\"font-claude-response-body break-words whitespace-normal leading-[1.7]\">XSTONE Acustone PET s texturou hrub\u00e9ho betonu a st\u0159edn\u011b \u0161edou barvou je akustick\u00fd st\u011bnov\u00fd panel ze surov\u00e9ho betonu, kter\u00fd poskytuje dv\u011b v\u011bci, kter\u00e9 v\u011bt\u0161ina povrch\u016f m\u016f\u017ee sl\u00edbit pouze jednou: skute\u010dnou zvukovou pohltivost a skute\u010dnou architektonickou p\u0159\u00edtomnost. Textura Rough Concrete p\u0159in\u00e1\u0161\u00ed poctiv\u00fd, na dotek p\u0159\u00edjemn\u00fd povrch st\u011bny &#8211; jemn\u00e9 zrnit\u00e9 reli\u00e9fy a jemn\u00e9 sm\u011brov\u00e9 stopy, kter\u00e9 evokuj\u00ed proces nad le\u0161t\u011bn\u00edm, materi\u00e1l nad dekorac\u00ed. Pevnost bez v\u00fdkonu. Industri\u00e1ln\u00ed celistvost bez chladu.   <\/p>\n<p class=\"font-claude-response-body break-words whitespace-normal leading-[1.7]\">V barv\u011b Middle Grey &#8211; jemn\u00e9, tlumen\u00e9 miner\u00e1ln\u00ed hloubce s klidnou silou p\u0159\u00edrodn\u00edho kamene, uzemn\u011bn\u00e9 a vyv\u00e1\u017een\u00e9 jako RAL7040 ve sv\u00e9 nejelement\u00e1rn\u011bj\u0161\u00ed podob\u011b &#8211; se tato textura st\u00e1v\u00e1 dokonal\u00fdm architektonick\u00fdm pozad\u00edm. Takovou, kter\u00e1 umoc\u0148uje sv\u011btlo a materi\u00e1lnost, ani\u017e by se vnucovala, a umo\u017e\u0148uje tak prostoru a lidem v n\u011bm zaujmout hlavn\u00ed roli. <\/p>\n<p class=\"font-claude-response-body break-words whitespace-normal leading-[1.7]\">Pod povrchem se nach\u00e1z\u00ed 100% recyklovan\u00e9 polyesterov\u00e9 vl\u00e1kno, kter\u00e9 vzniklo z recyklovan\u00fdch plastov\u00fdch lahv\u00ed a neobsahuje \u017e\u00e1dn\u00e1 chemick\u00e1 pojiva, a nep\u0159etr\u017eit\u011b zachycuje zvukovou energii, sni\u017euje dozvuk a m\u011bn\u00ed okoln\u00ed hluk v klid. V\u00fdsledkem je prost\u0159ed\u00ed, kter\u00e9 je vizu\u00e1ln\u011b disciplinovan\u00e9 a akusticky p\u0159\u00edjemn\u00e9: prvot\u0159\u00eddn\u00ed open space kancel\u00e1\u0159, luxusn\u00ed pohostinsk\u00fd salonek, \u0161pi\u010dkov\u00fd maloobchodn\u00ed prostor, konferen\u010dn\u00ed m\u00edstnost, kde z\u00e1le\u017e\u00ed na srozumitelnosti. <\/p>\n<p class=\"font-claude-response-body break-words whitespace-normal leading-[1.7]\">Po\u017e\u00e1rn\u00ed t\u0159\u00edda B-s1-d0. Netoxick\u00fd, nealergizuj\u00edc\u00ed. Kruhov\u00e1 konstrukce.  <\/p>\n<p class=\"font-claude-response-body break-words whitespace-normal leading-[1.7]\">Beton, kter\u00fd naslouch\u00e1. Ticho, kter\u00e9 vypad\u00e1 jako architektura. <\/p>\n<p>&nbsp;<\/p>\n<hr class=\"border-border-200 border-t-0.5 my-3 mx-1.5\">\n<p>&nbsp;<\/p>\n<hr class=\"border-border-200 border-t-0.5 my-3 mx-1.5\">\n","protected":false},"excerpt":{"rendered":"<p>Nejv\u00fdkonn\u011bj\u0161\u00ed prostory nejen dob\u0159e vypadaj\u00ed, ale tak\u00e9 se v nich dob\u0159e c\u00edt\u00edte. Spr\u00e1vn\u011b zn\u00ed. XSTONE Acustone PET s texturou hrub\u00e9ho betonu a st\u0159edn\u011b \u0161edou barvou je akustick\u00fd st\u011bnov\u00fd panel ze surov\u00e9ho betonu, kter\u00fd poskytuje dv\u011b v\u011bci, kter\u00e9 v\u011bt\u0161ina povrch\u016f m\u016f\u017ee sl\u00edbit pouze jednou: skute\u010dnou zvukovou pohltivost a skute\u010dnou architektonickou p\u0159\u00edtomnost. Textura Rough Concrete p\u0159in\u00e1\u0161\u00ed poctiv\u00fd, [&hellip;]<\/p>\n","protected":false},"featured_media":22054,"comment_status":"open","ping_status":"closed","template":"","meta":{"_acf_changed":false,"_uag_custom_page_level_css":"","site-sidebar-layout":"default","site-content-layout":"","ast-site-content-layout":"default","site-content-style":"default","site-sidebar-style":"default","ast-global-header-display":"","ast-banner-title-visibility":"","ast-main-header-display":"","ast-hfb-above-header-display":"","ast-hfb-below-header-display":"","ast-hfb-mobile-header-display":"","site-post-title":"","ast-breadcrumbs-content":"","ast-featured-img":"","footer-sml-layout":"","theme-transparent-header-meta":"default","adv-header-id-meta":"","stick-header-meta":"default","header-above-stick-meta":"","header-main-stick-meta":"","header-below-stick-meta":"","astra-migrate-meta-layouts":"default","ast-page-background-enabled":"default","ast-page-background-meta":{"desktop":{"background-color":"var(--ast-global-color-4)","background-image":"","background-repeat":"repeat","background-position":"center center","background-size":"auto","background-attachment":"scroll","background-type":"","background-media":"","overlay-type":"","overlay-color":"","overlay-opacity":"","overlay-gradient":""},"tablet":{"background-color":"","background-image":"","background-repeat":"repeat","background-position":"center center","background-size":"auto","background-attachment":"scroll","background-type":"","background-media":"","overlay-type":"","overlay-color":"","overlay-opacity":"","overlay-gradient":""},"mobile":{"background-color":"","background-image":"","background-repeat":"repeat","background-position":"center center","background-size":"auto","background-attachment":"scroll","background-type":"","background-media":"","overlay-type":"","overlay-color":"","overlay-opacity":"","overlay-gradient":""}},"ast-content-background-meta":{"desktop":{"background-color":"var(--ast-global-color-5)","background-image":"","background-repeat":"repeat","background-position":"center center","background-size":"auto","background-attachment":"scroll","background-type":"","background-media":"","overlay-type":"","overlay-color":"","overlay-opacity":"","overlay-gradient":""},"tablet":{"background-color":"var(--ast-global-color-5)","background-image":"","background-repeat":"repeat","background-position":"center center","background-size":"auto","background-attachment":"scroll","background-type":"","background-media":"","overlay-type":"","overlay-color":"","overlay-opacity":"","overlay-gradient":""},"mobile":{"background-color":"var(--ast-global-color-5)","background-image":"","background-repeat":"repeat","background-position":"center center","background-size":"auto","background-attachment":"scroll","background-type":"","background-media":"","overlay-type":"","overlay-color":"","overlay-opacity":"","overlay-gradient":""}}},"product_brand":[],"product_cat":[3456,1589,1603,1592,1601,1587],"product_tag":[3513,3508,3517,1880,3509,3511,3515,3457,3510,1607,3512],"class_list":{"0":"post-22047","1":"product","2":"type-product","3":"status-publish","4":"has-post-thumbnail","6":"product_cat-acustone","7":"product_cat-wall-design","8":"product_cat-office","9":"product_cat-retail-design","10":"product_cat-panel","11":"product_cat-signature","12":"product_tag-open-office-acoustic-solution","13":"product_tag-raw-concrete-acoustic-wall-panel","14":"product_tag-b-fire-rated-acoustic-panel","15":"product_tag-comp-color-15393","16":"product_tag-rough-concrete-wall-texture","17":"product_tag-concrete-effect-interior-panel","18":"product_tag-mineral-grey-wall-panel","19":"product_tag-comp-backing-15500","20":"product_tag-industrial-acoustic-wall-cladding","21":"product_tag-comp-texture-16905","22":"product_tag-sustainable-acoustic-design","23":"desktop-align-left","24":"tablet-align-left","25":"mobile-align-left","27":"first","28":"instock","29":"shipping-taxable","30":"product-type-simple"},"acf":[],"yoast_head":"<!-- This site is optimized with the Yoast SEO Premium plugin v27.4 (Yoast SEO v27.4) - https:\/\/yoast.com\/product\/yoast-seo-premium-wordpress\/ -->\n<title>Acustone PET | Hrub\u00fd beton | St\u0159edn\u011b \u0161ed\u00fd<\/title>\n<meta name=\"description\" content=\"Akustick\u00fd st\u011bnov\u00fd panel ze surov\u00e9ho betonu v barv\u011b Middle Grey. 100% recyklovan\u00fd PET, t\u0159\u00edda reakce na ohe\u0148 B. Pr\u016fmyslov\u00fd miner\u00e1ln\u00ed povrch pro luxusn\u00ed kancel\u00e1\u0159e, hotely a otev\u0159en\u00e9 prostory.\" \/>\n<meta name=\"robots\" content=\"index, follow, max-snippet:-1, max-image-preview:large, max-video-preview:-1\" \/>\n<link rel=\"canonical\" href=\"https:\/\/xstone.group\/cs\/product\/aptrgh10005-acustone-pet-rough-concrete-middle-grey\/\" \/>\n<meta property=\"og:locale\" content=\"cs_CZ\" \/>\n<meta property=\"og:type\" content=\"article\" \/>\n<meta property=\"og:title\" content=\"[APT] Acustone PET [RGH] Hrub\u00fd beton [10005] St\u0159edn\u011b \u0161ed\u00fd\" \/>\n<meta property=\"og:description\" content=\"Akustick\u00fd st\u011bnov\u00fd panel ze surov\u00e9ho betonu v barv\u011b Middle Grey. 100% recyklovan\u00fd PET, t\u0159\u00edda reakce na ohe\u0148 B. Pr\u016fmyslov\u00fd miner\u00e1ln\u00ed povrch pro luxusn\u00ed kancel\u00e1\u0159e, hotely a otev\u0159en\u00e9 prostory.\" \/>\n<meta property=\"og:url\" content=\"https:\/\/xstone.group\/cs\/product\/aptrgh10005-acustone-pet-rough-concrete-middle-grey\/\" \/>\n<meta property=\"og:site_name\" content=\"XSTONE\" \/>\n<meta property=\"article:publisher\" content=\"https:\/\/www.facebook.com\/Xstonesurfaces1\/\" \/>\n<meta property=\"og:image\" content=\"https:\/\/xstone.group\/wp-content\/uploads\/2026\/04\/XSTONE_Mineral-Veneer_0133.webp\" \/>\n\t<meta property=\"og:image:width\" content=\"1920\" \/>\n\t<meta property=\"og:image:height\" content=\"1080\" \/>\n\t<meta property=\"og:image:type\" content=\"image\/webp\" \/>\n<meta name=\"twitter:card\" content=\"summary_large_image\" \/>\n<meta name=\"twitter:label1\" content=\"Odhadovan\u00e1 doba \u010dten\u00ed\" \/>\n\t<meta name=\"twitter:data1\" content=\"1 minuta\" \/>\n<script type=\"application\/ld+json\" class=\"yoast-schema-graph\">{\"@context\":\"https:\\\/\\\/schema.org\",\"@graph\":[{\"@type\":\"WebPage\",\"@id\":\"https:\\\/\\\/xstone.group\\\/cs\\\/product\\\/aptrgh10005-acustone-pet-rough-concrete-middle-grey\\\/\",\"url\":\"https:\\\/\\\/xstone.group\\\/cs\\\/product\\\/aptrgh10005-acustone-pet-rough-concrete-middle-grey\\\/\",\"name\":\"Acustone PET | Hrub\u00fd beton | St\u0159edn\u011b \u0161ed\u00fd\",\"isPartOf\":{\"@id\":\"https:\\\/\\\/xstone.group\\\/cs\\\/#website\"},\"primaryImageOfPage\":{\"@id\":\"https:\\\/\\\/xstone.group\\\/cs\\\/product\\\/aptrgh10005-acustone-pet-rough-concrete-middle-grey\\\/#primaryimage\"},\"image\":{\"@id\":\"https:\\\/\\\/xstone.group\\\/cs\\\/product\\\/aptrgh10005-acustone-pet-rough-concrete-middle-grey\\\/#primaryimage\"},\"thumbnailUrl\":\"https:\\\/\\\/xstone.group\\\/wp-content\\\/uploads\\\/2026\\\/04\\\/XSTONE_Mineral-Veneer_0133.webp\",\"datePublished\":\"2026-04-11T10:07:51+00:00\",\"description\":\"Akustick\u00fd st\u011bnov\u00fd panel ze surov\u00e9ho betonu v barv\u011b Middle Grey. 100% recyklovan\u00fd PET, t\u0159\u00edda reakce na ohe\u0148 B. Pr\u016fmyslov\u00fd miner\u00e1ln\u00ed povrch pro luxusn\u00ed kancel\u00e1\u0159e, hotely a otev\u0159en\u00e9 prostory.\",\"breadcrumb\":{\"@id\":\"https:\\\/\\\/xstone.group\\\/cs\\\/product\\\/aptrgh10005-acustone-pet-rough-concrete-middle-grey\\\/#breadcrumb\"},\"inLanguage\":\"cs\",\"potentialAction\":[{\"@type\":\"ReadAction\",\"target\":[\"https:\\\/\\\/xstone.group\\\/cs\\\/product\\\/aptrgh10005-acustone-pet-rough-concrete-middle-grey\\\/\"]}]},{\"@type\":\"ImageObject\",\"inLanguage\":\"cs\",\"@id\":\"https:\\\/\\\/xstone.group\\\/cs\\\/product\\\/aptrgh10005-acustone-pet-rough-concrete-middle-grey\\\/#primaryimage\",\"url\":\"https:\\\/\\\/xstone.group\\\/wp-content\\\/uploads\\\/2026\\\/04\\\/XSTONE_Mineral-Veneer_0133.webp\",\"contentUrl\":\"https:\\\/\\\/xstone.group\\\/wp-content\\\/uploads\\\/2026\\\/04\\\/XSTONE_Mineral-Veneer_0133.webp\",\"width\":1920,\"height\":1080,\"caption\":\"acoustic grey rough concrete\"},{\"@type\":\"BreadcrumbList\",\"@id\":\"https:\\\/\\\/xstone.group\\\/cs\\\/product\\\/aptrgh10005-acustone-pet-rough-concrete-middle-grey\\\/#breadcrumb\",\"itemListElement\":[{\"@type\":\"ListItem\",\"position\":1,\"name\":\"Home\",\"item\":\"https:\\\/\\\/xstone.group\\\/cs\\\/\"},{\"@type\":\"ListItem\",\"position\":2,\"name\":\"Produkty\",\"item\":\"https:\\\/\\\/xstone.group\\\/cs\\\/shop\\\/\"},{\"@type\":\"ListItem\",\"position\":3,\"name\":\"[APT] Acustone PET [RGH] Hrub\u00fd beton [10005] St\u0159edn\u011b \u0161ed\u00fd\"}]},{\"@type\":\"WebSite\",\"@id\":\"https:\\\/\\\/xstone.group\\\/cs\\\/#website\",\"url\":\"https:\\\/\\\/xstone.group\\\/cs\\\/\",\"name\":\"XSTONE\",\"description\":\"Autentick\u00e1 a neomezen\u00e1 kr\u00e1sa miner\u00e1l\u016f, nespoutan\u00e1 gravitac\u00ed\",\"potentialAction\":[{\"@type\":\"SearchAction\",\"target\":{\"@type\":\"EntryPoint\",\"urlTemplate\":\"https:\\\/\\\/xstone.group\\\/cs\\\/?s={search_term_string}\"},\"query-input\":{\"@type\":\"PropertyValueSpecification\",\"valueRequired\":true,\"valueName\":\"search_term_string\"}}],\"inLanguage\":\"cs\"}]}<\/script>\n<!-- \/ Yoast SEO Premium plugin. -->","yoast_head_json":{"title":"Acustone PET | Hrub\u00fd beton | St\u0159edn\u011b \u0161ed\u00fd","description":"Akustick\u00fd st\u011bnov\u00fd panel ze surov\u00e9ho betonu v barv\u011b Middle Grey. 100% recyklovan\u00fd PET, t\u0159\u00edda reakce na ohe\u0148 B. Pr\u016fmyslov\u00fd miner\u00e1ln\u00ed povrch pro luxusn\u00ed kancel\u00e1\u0159e, hotely a otev\u0159en\u00e9 prostory.","robots":{"index":"index","follow":"follow","max-snippet":"max-snippet:-1","max-image-preview":"max-image-preview:large","max-video-preview":"max-video-preview:-1"},"canonical":"https:\/\/xstone.group\/cs\/product\/aptrgh10005-acustone-pet-rough-concrete-middle-grey\/","og_locale":"cs_CZ","og_type":"article","og_title":"[APT] Acustone PET [RGH] Hrub\u00fd beton [10005] St\u0159edn\u011b \u0161ed\u00fd","og_description":"Akustick\u00fd st\u011bnov\u00fd panel ze surov\u00e9ho betonu v barv\u011b Middle Grey. 100% recyklovan\u00fd PET, t\u0159\u00edda reakce na ohe\u0148 B. Pr\u016fmyslov\u00fd miner\u00e1ln\u00ed povrch pro luxusn\u00ed kancel\u00e1\u0159e, hotely a otev\u0159en\u00e9 prostory.","og_url":"https:\/\/xstone.group\/cs\/product\/aptrgh10005-acustone-pet-rough-concrete-middle-grey\/","og_site_name":"XSTONE","article_publisher":"https:\/\/www.facebook.com\/Xstonesurfaces1\/","og_image":[{"width":1920,"height":1080,"url":"https:\/\/xstone.group\/wp-content\/uploads\/2026\/04\/XSTONE_Mineral-Veneer_0133.webp","type":"image\/webp"}],"twitter_card":"summary_large_image","twitter_misc":{"Odhadovan\u00e1 doba \u010dten\u00ed":"1 minuta"},"schema":{"@context":"https:\/\/schema.org","@graph":[{"@type":"WebPage","@id":"https:\/\/xstone.group\/cs\/product\/aptrgh10005-acustone-pet-rough-concrete-middle-grey\/","url":"https:\/\/xstone.group\/cs\/product\/aptrgh10005-acustone-pet-rough-concrete-middle-grey\/","name":"Acustone PET | Hrub\u00fd beton | St\u0159edn\u011b \u0161ed\u00fd","isPartOf":{"@id":"https:\/\/xstone.group\/cs\/#website"},"primaryImageOfPage":{"@id":"https:\/\/xstone.group\/cs\/product\/aptrgh10005-acustone-pet-rough-concrete-middle-grey\/#primaryimage"},"image":{"@id":"https:\/\/xstone.group\/cs\/product\/aptrgh10005-acustone-pet-rough-concrete-middle-grey\/#primaryimage"},"thumbnailUrl":"https:\/\/xstone.group\/wp-content\/uploads\/2026\/04\/XSTONE_Mineral-Veneer_0133.webp","datePublished":"2026-04-11T10:07:51+00:00","description":"Akustick\u00fd st\u011bnov\u00fd panel ze surov\u00e9ho betonu v barv\u011b Middle Grey. 100% recyklovan\u00fd PET, t\u0159\u00edda reakce na ohe\u0148 B. Pr\u016fmyslov\u00fd miner\u00e1ln\u00ed povrch pro luxusn\u00ed kancel\u00e1\u0159e, hotely a otev\u0159en\u00e9 prostory.","breadcrumb":{"@id":"https:\/\/xstone.group\/cs\/product\/aptrgh10005-acustone-pet-rough-concrete-middle-grey\/#breadcrumb"},"inLanguage":"cs","potentialAction":[{"@type":"ReadAction","target":["https:\/\/xstone.group\/cs\/product\/aptrgh10005-acustone-pet-rough-concrete-middle-grey\/"]}]},{"@type":"ImageObject","inLanguage":"cs","@id":"https:\/\/xstone.group\/cs\/product\/aptrgh10005-acustone-pet-rough-concrete-middle-grey\/#primaryimage","url":"https:\/\/xstone.group\/wp-content\/uploads\/2026\/04\/XSTONE_Mineral-Veneer_0133.webp","contentUrl":"https:\/\/xstone.group\/wp-content\/uploads\/2026\/04\/XSTONE_Mineral-Veneer_0133.webp","width":1920,"height":1080,"caption":"acoustic grey rough concrete"},{"@type":"BreadcrumbList","@id":"https:\/\/xstone.group\/cs\/product\/aptrgh10005-acustone-pet-rough-concrete-middle-grey\/#breadcrumb","itemListElement":[{"@type":"ListItem","position":1,"name":"Home","item":"https:\/\/xstone.group\/cs\/"},{"@type":"ListItem","position":2,"name":"Produkty","item":"https:\/\/xstone.group\/cs\/shop\/"},{"@type":"ListItem","position":3,"name":"[APT] Acustone PET [RGH] Hrub\u00fd beton [10005] St\u0159edn\u011b \u0161ed\u00fd"}]},{"@type":"WebSite","@id":"https:\/\/xstone.group\/cs\/#website","url":"https:\/\/xstone.group\/cs\/","name":"XSTONE","description":"Autentick\u00e1 a neomezen\u00e1 kr\u00e1sa miner\u00e1l\u016f, nespoutan\u00e1 gravitac\u00ed","potentialAction":[{"@type":"SearchAction","target":{"@type":"EntryPoint","urlTemplate":"https:\/\/xstone.group\/cs\/?s={search_term_string}"},"query-input":{"@type":"PropertyValueSpecification","valueRequired":true,"valueName":"search_term_string"}}],"inLanguage":"cs"}]}},"spectra_custom_meta":{"_last_translation_edit_mode":["translation-editor"],"_product_attributes":["a:8:{s:7:\"backing\";a:6:{s:4:\"name\";s:7:\"Backing\";s:5:\"value\";s:14:\"Akustick\u00fd PET\";s:8:\"position\";i:0;s:10:\"is_visible\";i:1;s:12:\"is_variation\";i:0;s:11:\"is_taxonomy\";i:0;}s:7:\"texture\";a:6:{s:4:\"name\";s:7:\"Texture\";s:5:\"value\";s:12:\"Hrub\u00fd beton\";s:8:\"position\";i:1;s:10:\"is_visible\";i:1;s:12:\"is_variation\";i:0;s:11:\"is_taxonomy\";i:0;}s:5:\"color\";a:6:{s:4:\"name\";s:5:\"Color\";s:5:\"value\";s:16:\"St\u0159edn\u00ed \u0161ed\u00e1\";s:8:\"position\";i:2;s:10:\"is_visible\";i:1;s:12:\"is_variation\";i:0;s:11:\"is_taxonomy\";i:0;}s:4:\"size\";a:6:{s:4:\"name\";s:4:\"Size\";s:5:\"value\";s:66:\"2440 x 1220 mm; 800 x 600 mm; rozm\u011bry na zak\u00e1zku na vy\u017e\u00e1d\u00e1n\u00ed\";s:8:\"position\";i:3;s:10:\"is_visible\";i:1;s:12:\"is_variation\";i:0;s:11:\"is_taxonomy\";i:0;}s:9:\"thickness\";a:6:{s:4:\"name\";s:9:\"Thickness\";s:5:\"value\";s:5:\"12 mm\";s:8:\"position\";i:4;s:10:\"is_visible\";i:1;s:12:\"is_variation\";i:0;s:11:\"is_taxonomy\";i:0;}s:6:\"finish\";a:6:{s:4:\"name\";s:6:\"Finish\";s:5:\"value\";s:4:\"Matt\";s:8:\"position\";i:5;s:10:\"is_visible\";i:1;s:12:\"is_variation\";i:0;s:11:\"is_taxonomy\";i:0;}s:11:\"composition\";a:6:{s:4:\"name\";s:11:\"Composition\";s:5:\"value\";s:156:\"100% recyklovan\u00e9 polyesterov\u00e9 vl\u00e1kno bez chemick\u00fdch pojiv a retard\u00e9r\u016f + 90% recyklovan\u00fd mramorov\u00fd kamenn\u00fd pr\u00e1\u0161ek + kopolymer + sklen\u011bn\u00e9 vl\u00e1kno\";s:8:\"position\";i:6;s:10:\"is_visible\";i:1;s:12:\"is_variation\";i:0;s:11:\"is_taxonomy\";i:0;}s:11:\"fire-rating\";a:6:{s:4:\"name\";s:11:\"Fire rating\";s:5:\"value\";s:7:\"B-s1-d0\";s:8:\"position\";i:7;s:10:\"is_visible\";i:1;s:12:\"is_variation\";i:0;s:11:\"is_taxonomy\";i:0;}}"],"attr_label_translations":["a:1:{s:2:\"cs\";a:8:{s:7:\"backing\";s:13:\"Z\u00e1lohov\u00e1n\u00ed\";s:7:\"texture\";s:7:\"Textura\";s:5:\"color\";s:5:\"Barva\";s:4:\"size\";s:8:\"Velikost\";s:9:\"thickness\";s:10:\"Tlou\u0161\u0165ka\";s:6:\"finish\";s:11:\"Dokon\u010den\u00ed\";s:11:\"composition\";s:9:\"Slo\u017een\u00ed\";s:11:\"fire-rating\";s:19:\"Po\u017e\u00e1rn\u00ed odolnost\";}}"],"_wcml_average_rating":[null],"_wcml_review_count":[null],"_wcml_rating_count":[null],"_yoast_wpseo_primary_product_cat":["332"],"_backorders":["no"],"_download_limit":["-1"],"_download_expiry":["-1"],"_downloadable":["no"],"_manage_stock":["no"],"_sku":["APTRGH10005"],"_stock_status":["instock"],"_sold_individually":["no"],"_tax_class":[""],"_tax_status":["taxable"],"_virtual":["no"],"total_sales":["0"],"_wpml_media_duplicate":["1"],"_wpml_media_featured":["1"],"stick-header-meta":["default"],"site-sidebar-layout":["default"],"theme-transparent-header-meta":["default"],"ast-site-content-layout":["default"],"site-content-style":["default"],"site-sidebar-style":["default"],"_yoast_wpseo_title":["Acustone PET | Hrub\u00fd beton | St\u0159edn\u011b \u0161ed\u00fd"],"_yoast_wpseo_metadesc":["Akustick\u00fd st\u011bnov\u00fd panel ze surov\u00e9ho betonu v barv\u011b Middle Grey. 100% recyklovan\u00fd PET, t\u0159\u00edda reakce na ohe\u0148 B. Pr\u016fmyslov\u00fd miner\u00e1ln\u00ed povrch pro luxusn\u00ed kancel\u00e1\u0159e, hotely a otev\u0159en\u00e9 prostory."],"_yoast_wpseo_focuskw":["akustick\u00fd \u0161ed\u00fd hrub\u00fd beton"],"_upsell_ids":["a:3:{i:0;N;i:1;N;i:2;N;}"],"_wpt_field_wpt-16200":["[elementor-template id=\"16197\"]"],"_thumbnail_id":["22054"],"_wpml_word_count":["300"],"two_optimized_date":["1776451427"],"woolentor_views_count_product":["7"],"_uag_css_file_name":["uag-css-22047.css"],"_uag_js_file_name":["uag-js-22047.js"],"tp_widgets":["a:2:{s:7:\"widgets\";a:6:{i:0;s:18:\"plus-list-skeleton\";i:1;s:22:\"plus-listing-load-more\";i:2;s:18:\"plus-listing-metro\";i:3;s:18:\"tp-product-listout\";i:4;s:17:\"tp-single-style_1\";i:5;s:19:\"tp-woo-single-image\";}s:9:\"update_at\";s:10:\"1776541402\";}"],"_elementor_edit_mode":["builder"],"_selectproduct_layout":["18110"],"_elementor_page_assets":["a:0:{}"],"_elementor_css":["a:7:{s:4:\"time\";i:1776639533;s:5:\"fonts\";a:0:{}s:5:\"icons\";a:0:{}s:20:\"dynamic_elements_ids\";a:0:{}s:6:\"status\";s:5:\"empty\";i:0;s:0:\"\";s:3:\"css\";s:0:\"\";}"],"_wc_rating_count":[""],"_wc_review_count":[""],"_wc_average_rating":[0]},"uagb_featured_image_src":{"full":["https:\/\/xstone.group\/wp-content\/uploads\/2026\/04\/XSTONE_Mineral-Veneer_0133.webp",1920,1080,false],"thumbnail":["https:\/\/xstone.group\/wp-content\/uploads\/2026\/04\/XSTONE_Mineral-Veneer_0133-150x150.webp",150,150,true],"medium":["https:\/\/xstone.group\/wp-content\/uploads\/2026\/04\/XSTONE_Mineral-Veneer_0133-300x169.webp",300,169,true],"medium_large":["https:\/\/xstone.group\/wp-content\/uploads\/2026\/04\/XSTONE_Mineral-Veneer_0133-768x432.webp",768,432,true],"large":["https:\/\/xstone.group\/wp-content\/uploads\/2026\/04\/XSTONE_Mineral-Veneer_0133-1024x576.webp",1024,576,true],"1536x1536":["https:\/\/xstone.group\/wp-content\/uploads\/2026\/04\/XSTONE_Mineral-Veneer_0133-1536x864.webp",1536,864,true],"2048x2048":["https:\/\/xstone.group\/wp-content\/uploads\/2026\/04\/XSTONE_Mineral-Veneer_0133.webp",1920,1080,false],"tp-image-grid":["https:\/\/xstone.group\/wp-content\/uploads\/2026\/04\/XSTONE_Mineral-Veneer_0133-700x700.webp",700,700,true],"tenweb_optimizer_mobile":["https:\/\/xstone.group\/wp-content\/uploads\/2026\/04\/XSTONE_Mineral-Veneer_0133-600x338.webp",600,338,true],"tenweb_optimizer_tablet":["https:\/\/xstone.group\/wp-content\/uploads\/2026\/04\/XSTONE_Mineral-Veneer_0133-768x432.webp",768,432,true],"woocommerce_thumbnail":["https:\/\/xstone.group\/wp-content\/uploads\/2026\/04\/XSTONE_Mineral-Veneer_0133-300x300.webp",300,300,true],"woocommerce_single":["https:\/\/xstone.group\/wp-content\/uploads\/2026\/04\/XSTONE_Mineral-Veneer_0133-600x338.webp",600,338,true],"woocommerce_gallery_thumbnail":["https:\/\/xstone.group\/wp-content\/uploads\/2026\/04\/XSTONE_Mineral-Veneer_0133-100x100.webp",100,100,true]},"uagb_author_info":{"display_name":"laurent.gomez@xstone.group","author_link":"https:\/\/xstone.group\/cs\/author\/"},"uagb_comment_info":0,"uagb_excerpt":"Nejv\u00fdkonn\u011bj\u0161\u00ed prostory nejen dob\u0159e vypadaj\u00ed, ale tak\u00e9 se v nich dob\u0159e c\u00edt\u00edte. Spr\u00e1vn\u011b zn\u00ed. XSTONE Acustone PET s texturou hrub\u00e9ho betonu a st\u0159edn\u011b \u0161edou barvou je akustick\u00fd st\u011bnov\u00fd panel ze surov\u00e9ho betonu, kter\u00fd poskytuje dv\u011b v\u011bci, kter\u00e9 v\u011bt\u0161ina povrch\u016f m\u016f\u017ee sl\u00edbit pouze jednou: skute\u010dnou zvukovou pohltivost a skute\u010dnou architektonickou p\u0159\u00edtomnost. Textura Rough Concrete p\u0159in\u00e1\u0161\u00ed poctiv\u00fd,&hellip;","_links":{"self":[{"href":"https:\/\/xstone.group\/cs\/wp-json\/wp\/v2\/product\/22047","targetHints":{"allow":["GET"]}}],"collection":[{"href":"https:\/\/xstone.group\/cs\/wp-json\/wp\/v2\/product"}],"about":[{"href":"https:\/\/xstone.group\/cs\/wp-json\/wp\/v2\/types\/product"}],"replies":[{"embeddable":true,"href":"https:\/\/xstone.group\/cs\/wp-json\/wp\/v2\/comments?post=22047"}],"wp:featuredmedia":[{"embeddable":true,"href":"https:\/\/xstone.group\/cs\/wp-json\/wp\/v2\/media\/22054"}],"wp:attachment":[{"href":"https:\/\/xstone.group\/cs\/wp-json\/wp\/v2\/media?parent=22047"}],"wp:term":[{"taxonomy":"product_brand","embeddable":true,"href":"https:\/\/xstone.group\/cs\/wp-json\/wp\/v2\/product_brand?post=22047"},{"taxonomy":"product_cat","embeddable":true,"href":"https:\/\/xstone.group\/cs\/wp-json\/wp\/v2\/product_cat?post=22047"},{"taxonomy":"product_tag","embeddable":true,"href":"https:\/\/xstone.group\/cs\/wp-json\/wp\/v2\/product_tag?post=22047"}],"curies":[{"name":"wp","href":"https:\/\/api.w.org\/{rel}","templated":true}]}}