{"id":22077,"date":"2026-04-13T08:08:11","date_gmt":"2026-04-13T08:08:11","guid":{"rendered":"https:\/\/xstone.group\/product\/hri-vyskove-budovy\/"},"modified":"2026-04-13T08:08:11","modified_gmt":"2026-04-13T08:08:11","slug":"hri-high-rise","status":"publish","type":"product","link":"https:\/\/xstone.group\/cs\/product\/hri-high-rise\/","title":{"rendered":"HRI | V\u00fd\u0161kov\u00e9 budovy"},"content":{"rendered":"<p>High Rise je textura syrov\u00e9, \u017eiveln\u00e9 s\u00edly &#8211; hluboce pruhovan\u00e9 h\u0159bety se t\u00e1hnou po povrchu jako sediment\u00e1rn\u00ed pam\u011b\u0165 d\u00e1vn\u00fdch geologick\u00fdch sil, ka\u017ed\u00e1 r\u00fdha je vy\u0159ez\u00e1na s organickou nepravidelnost\u00ed, kter\u00e1 vypov\u00edd\u00e1 o \u010dase, tlaku a prom\u011bn\u011b. Reli\u00e9f je odv\u00e1\u017en\u00fd a z\u00e1rove\u0148 rafinovan\u00fd, evokuje zv\u011btral\u00e9 skaln\u00ed st\u011bny, erodovan\u00e9 kamenn\u00e9 vrstvy a monument\u00e1ln\u00ed m\u011b\u0159\u00edtko brutalistn\u00ed architektury, kter\u00e9 je destilov\u00e1no do ultratenk\u00e9ho, na dotek p\u0159\u00edjemn\u00e9ho povrchu. High Rise je hmatateln\u00fd a p\u016fsobiv\u00fd, p\u0159in\u00e1\u0161\u00ed drama p\u0159\u00edrodn\u00edho sv\u011bta do interi\u00e9ru a prom\u011b\u0148uje jakoukoli st\u011bnu v krajinu.  <\/p>\n","protected":false},"excerpt":{"rendered":"<p>High Rise je textura syrov\u00e9, \u017eiveln\u00e9 s\u00edly &#8211; hluboce pruhovan\u00e9 h\u0159bety se t\u00e1hnou po povrchu jako sediment\u00e1rn\u00ed pam\u011b\u0165 d\u00e1vn\u00fdch geologick\u00fdch sil, ka\u017ed\u00e1 r\u00fdha je vy\u0159ez\u00e1na s organickou nepravidelnost\u00ed, kter\u00e1 vypov\u00edd\u00e1 o \u010dase, tlaku a prom\u011bn\u011b. Reli\u00e9f je odv\u00e1\u017en\u00fd a z\u00e1rove\u0148 rafinovan\u00fd, evokuje zv\u011btral\u00e9 skaln\u00ed st\u011bny, erodovan\u00e9 kamenn\u00e9 vrstvy a monument\u00e1ln\u00ed m\u011b\u0159\u00edtko brutalistn\u00ed architektury, kter\u00e9 je [&hellip;]<\/p>\n","protected":false},"featured_media":22078,"comment_status":"open","ping_status":"closed","template":"","meta":{"_acf_changed":false,"_uag_custom_page_level_css":"","site-sidebar-layout":"default","site-content-layout":"","ast-site-content-layout":"default","site-content-style":"default","site-sidebar-style":"default","ast-global-header-display":"","ast-banner-title-visibility":"","ast-main-header-display":"","ast-hfb-above-header-display":"","ast-hfb-below-header-display":"","ast-hfb-mobile-header-display":"","site-post-title":"","ast-breadcrumbs-content":"","ast-featured-img":"","footer-sml-layout":"","theme-transparent-header-meta":"default","adv-header-id-meta":"","stick-header-meta":"default","header-above-stick-meta":"","header-main-stick-meta":"","header-below-stick-meta":"","astra-migrate-meta-layouts":"default","ast-page-background-enabled":"default","ast-page-background-meta":{"desktop":{"background-color":"var(--ast-global-color-4)","background-image":"","background-repeat":"repeat","background-position":"center center","background-size":"auto","background-attachment":"scroll","background-type":"","background-media":"","overlay-type":"","overlay-color":"","overlay-opacity":"","overlay-gradient":""},"tablet":{"background-color":"","background-image":"","background-repeat":"repeat","background-position":"center center","background-size":"auto","background-attachment":"scroll","background-type":"","background-media":"","overlay-type":"","overlay-color":"","overlay-opacity":"","overlay-gradient":""},"mobile":{"background-color":"","background-image":"","background-repeat":"repeat","background-position":"center center","background-size":"auto","background-attachment":"scroll","background-type":"","background-media":"","overlay-type":"","overlay-color":"","overlay-opacity":"","overlay-gradient":""}},"ast-content-background-meta":{"desktop":{"background-color":"var(--ast-global-color-5)","background-image":"","background-repeat":"repeat","background-position":"center center","background-size":"auto","background-attachment":"scroll","background-type":"","background-media":"","overlay-type":"","overlay-color":"","overlay-opacity":"","overlay-gradient":""},"tablet":{"background-color":"var(--ast-global-color-5)","background-image":"","background-repeat":"repeat","background-position":"center center","background-size":"auto","background-attachment":"scroll","background-type":"","background-media":"","overlay-type":"","overlay-color":"","overlay-opacity":"","overlay-gradient":""},"mobile":{"background-color":"var(--ast-global-color-5)","background-image":"","background-repeat":"repeat","background-position":"center center","background-size":"auto","background-attachment":"scroll","background-type":"","background-media":"","overlay-type":"","overlay-color":"","overlay-opacity":"","overlay-gradient":""}}},"product_brand":[],"product_cat":[3596,3594],"product_tag":[3607,3610,3615,3619,2070,3613,3601,3599,3603,3608,3616,3621,3605],"class_list":{"0":"post-22077","1":"product","2":"type-product","3":"status-publish","4":"has-post-thumbnail","6":"product_cat-concrete","7":"product_cat-texture","8":"product_tag-architectural-wall-texture","9":"product_tag-decorative-stone-veneer","10":"product_tag-designer-wall-panel","11":"product_tag-stone-finish-interior","12":"product_tag-luxury-wall-covering","13":"product_tag-feature-wall-material","14":"product_tag-linear-texture-wall-cladding","15":"product_tag-stone-veneer-panel","16":"product_tag-striated-stone-surface","17":"product_tag-stone-effect-wall-panel","18":"product_tag-thin-stone-panel","19":"product_tag-comp-texture-18436","20":"product_tag-interior-stone-cladding","21":"desktop-align-left","22":"tablet-align-left","23":"mobile-align-left","25":"first","26":"instock","27":"shipping-taxable","28":"product-type-simple"},"acf":[],"yoast_head":"<!-- This site is optimized with the Yoast SEO Premium plugin v27.4 (Yoast SEO v27.4) - https:\/\/yoast.com\/product\/yoast-seo-premium-wordpress\/ -->\n<title>HRI | V\u00fd\u0161kov\u00e9 budovy - XSTONE<\/title>\n<meta name=\"description\" content=\"High Rise je pruhovan\u00e1 miner\u00e1ln\u00ed kamenn\u00e1 d\u00fdha inspirovan\u00e1 geologick\u00fdmi vrstvami a brutalistickou architekturou, kter\u00e1 je p\u0159ipravena prom\u011bnit jak\u00fdkoli povrch v odv\u00e1\u017en\u00fd architektonick\u00fd v\u00fdraz.\" \/>\n<meta name=\"robots\" content=\"index, follow, max-snippet:-1, max-image-preview:large, max-video-preview:-1\" \/>\n<link rel=\"canonical\" href=\"https:\/\/xstone.group\/cs\/product\/hri-high-rise\/\" \/>\n<meta property=\"og:locale\" content=\"cs_CZ\" \/>\n<meta property=\"og:type\" content=\"article\" \/>\n<meta property=\"og:title\" content=\"HRI | V\u00fd\u0161kov\u00e9 budovy\" \/>\n<meta property=\"og:description\" content=\"High Rise je pruhovan\u00e1 miner\u00e1ln\u00ed kamenn\u00e1 d\u00fdha inspirovan\u00e1 geologick\u00fdmi vrstvami a brutalistickou architekturou, kter\u00e1 je p\u0159ipravena prom\u011bnit jak\u00fdkoli povrch v odv\u00e1\u017en\u00fd architektonick\u00fd v\u00fdraz.\" \/>\n<meta property=\"og:url\" content=\"https:\/\/xstone.group\/cs\/product\/hri-high-rise\/\" \/>\n<meta property=\"og:site_name\" content=\"XSTONE\" \/>\n<meta property=\"article:publisher\" content=\"https:\/\/www.facebook.com\/Xstonesurfaces1\/\" \/>\n<meta property=\"og:image\" content=\"https:\/\/xstone.group\/wp-content\/uploads\/2026\/04\/XSTONE-HRI-High-rise.webp\" \/>\n\t<meta property=\"og:image:width\" content=\"1920\" \/>\n\t<meta property=\"og:image:height\" content=\"1920\" \/>\n\t<meta property=\"og:image:type\" content=\"image\/webp\" \/>\n<meta name=\"twitter:card\" content=\"summary_large_image\" \/>\n<meta name=\"twitter:label1\" content=\"Odhadovan\u00e1 doba \u010dten\u00ed\" \/>\n\t<meta name=\"twitter:data1\" content=\"1 minuta\" \/>\n<script type=\"application\/ld+json\" class=\"yoast-schema-graph\">{\"@context\":\"https:\\\/\\\/schema.org\",\"@graph\":[{\"@type\":\"WebPage\",\"@id\":\"https:\\\/\\\/xstone.group\\\/cs\\\/product\\\/hri-high-rise\\\/\",\"url\":\"https:\\\/\\\/xstone.group\\\/cs\\\/product\\\/hri-high-rise\\\/\",\"name\":\"HRI | V\u00fd\u0161kov\u00e9 budovy - XSTONE\",\"isPartOf\":{\"@id\":\"https:\\\/\\\/xstone.group\\\/cs\\\/#website\"},\"primaryImageOfPage\":{\"@id\":\"https:\\\/\\\/xstone.group\\\/cs\\\/product\\\/hri-high-rise\\\/#primaryimage\"},\"image\":{\"@id\":\"https:\\\/\\\/xstone.group\\\/cs\\\/product\\\/hri-high-rise\\\/#primaryimage\"},\"thumbnailUrl\":\"https:\\\/\\\/xstone.group\\\/wp-content\\\/uploads\\\/2026\\\/04\\\/XSTONE-HRI-High-rise.webp\",\"datePublished\":\"2026-04-13T08:08:11+00:00\",\"description\":\"High Rise je pruhovan\u00e1 miner\u00e1ln\u00ed kamenn\u00e1 d\u00fdha inspirovan\u00e1 geologick\u00fdmi vrstvami a brutalistickou architekturou, kter\u00e1 je p\u0159ipravena prom\u011bnit jak\u00fdkoli povrch v odv\u00e1\u017en\u00fd architektonick\u00fd v\u00fdraz.\",\"breadcrumb\":{\"@id\":\"https:\\\/\\\/xstone.group\\\/cs\\\/product\\\/hri-high-rise\\\/#breadcrumb\"},\"inLanguage\":\"cs\",\"potentialAction\":[{\"@type\":\"ReadAction\",\"target\":[\"https:\\\/\\\/xstone.group\\\/cs\\\/product\\\/hri-high-rise\\\/\"]}]},{\"@type\":\"ImageObject\",\"inLanguage\":\"cs\",\"@id\":\"https:\\\/\\\/xstone.group\\\/cs\\\/product\\\/hri-high-rise\\\/#primaryimage\",\"url\":\"https:\\\/\\\/xstone.group\\\/wp-content\\\/uploads\\\/2026\\\/04\\\/XSTONE-HRI-High-rise.webp\",\"contentUrl\":\"https:\\\/\\\/xstone.group\\\/wp-content\\\/uploads\\\/2026\\\/04\\\/XSTONE-HRI-High-rise.webp\",\"width\":1920,\"height\":1920,\"caption\":\"linear concrete texture\"},{\"@type\":\"BreadcrumbList\",\"@id\":\"https:\\\/\\\/xstone.group\\\/cs\\\/product\\\/hri-high-rise\\\/#breadcrumb\",\"itemListElement\":[{\"@type\":\"ListItem\",\"position\":1,\"name\":\"Home\",\"item\":\"https:\\\/\\\/xstone.group\\\/cs\\\/\"},{\"@type\":\"ListItem\",\"position\":2,\"name\":\"Produkty\",\"item\":\"https:\\\/\\\/xstone.group\\\/cs\\\/shop\\\/\"},{\"@type\":\"ListItem\",\"position\":3,\"name\":\"HRI | V\u00fd\u0161kov\u00e9 budovy\"}]},{\"@type\":\"WebSite\",\"@id\":\"https:\\\/\\\/xstone.group\\\/cs\\\/#website\",\"url\":\"https:\\\/\\\/xstone.group\\\/cs\\\/\",\"name\":\"XSTONE\",\"description\":\"Autentick\u00e1 a neomezen\u00e1 kr\u00e1sa miner\u00e1l\u016f, nespoutan\u00e1 gravitac\u00ed\",\"potentialAction\":[{\"@type\":\"SearchAction\",\"target\":{\"@type\":\"EntryPoint\",\"urlTemplate\":\"https:\\\/\\\/xstone.group\\\/cs\\\/?s={search_term_string}\"},\"query-input\":{\"@type\":\"PropertyValueSpecification\",\"valueRequired\":true,\"valueName\":\"search_term_string\"}}],\"inLanguage\":\"cs\"}]}<\/script>\n<!-- \/ Yoast SEO Premium plugin. -->","yoast_head_json":{"title":"HRI | V\u00fd\u0161kov\u00e9 budovy - XSTONE","description":"High Rise je pruhovan\u00e1 miner\u00e1ln\u00ed kamenn\u00e1 d\u00fdha inspirovan\u00e1 geologick\u00fdmi vrstvami a brutalistickou architekturou, kter\u00e1 je p\u0159ipravena prom\u011bnit jak\u00fdkoli povrch v odv\u00e1\u017en\u00fd architektonick\u00fd v\u00fdraz.","robots":{"index":"index","follow":"follow","max-snippet":"max-snippet:-1","max-image-preview":"max-image-preview:large","max-video-preview":"max-video-preview:-1"},"canonical":"https:\/\/xstone.group\/cs\/product\/hri-high-rise\/","og_locale":"cs_CZ","og_type":"article","og_title":"HRI | V\u00fd\u0161kov\u00e9 budovy","og_description":"High Rise je pruhovan\u00e1 miner\u00e1ln\u00ed kamenn\u00e1 d\u00fdha inspirovan\u00e1 geologick\u00fdmi vrstvami a brutalistickou architekturou, kter\u00e1 je p\u0159ipravena prom\u011bnit jak\u00fdkoli povrch v odv\u00e1\u017en\u00fd architektonick\u00fd v\u00fdraz.","og_url":"https:\/\/xstone.group\/cs\/product\/hri-high-rise\/","og_site_name":"XSTONE","article_publisher":"https:\/\/www.facebook.com\/Xstonesurfaces1\/","og_image":[{"width":1920,"height":1920,"url":"https:\/\/xstone.group\/wp-content\/uploads\/2026\/04\/XSTONE-HRI-High-rise.webp","type":"image\/webp"}],"twitter_card":"summary_large_image","twitter_misc":{"Odhadovan\u00e1 doba \u010dten\u00ed":"1 minuta"},"schema":{"@context":"https:\/\/schema.org","@graph":[{"@type":"WebPage","@id":"https:\/\/xstone.group\/cs\/product\/hri-high-rise\/","url":"https:\/\/xstone.group\/cs\/product\/hri-high-rise\/","name":"HRI | V\u00fd\u0161kov\u00e9 budovy - XSTONE","isPartOf":{"@id":"https:\/\/xstone.group\/cs\/#website"},"primaryImageOfPage":{"@id":"https:\/\/xstone.group\/cs\/product\/hri-high-rise\/#primaryimage"},"image":{"@id":"https:\/\/xstone.group\/cs\/product\/hri-high-rise\/#primaryimage"},"thumbnailUrl":"https:\/\/xstone.group\/wp-content\/uploads\/2026\/04\/XSTONE-HRI-High-rise.webp","datePublished":"2026-04-13T08:08:11+00:00","description":"High Rise je pruhovan\u00e1 miner\u00e1ln\u00ed kamenn\u00e1 d\u00fdha inspirovan\u00e1 geologick\u00fdmi vrstvami a brutalistickou architekturou, kter\u00e1 je p\u0159ipravena prom\u011bnit jak\u00fdkoli povrch v odv\u00e1\u017en\u00fd architektonick\u00fd v\u00fdraz.","breadcrumb":{"@id":"https:\/\/xstone.group\/cs\/product\/hri-high-rise\/#breadcrumb"},"inLanguage":"cs","potentialAction":[{"@type":"ReadAction","target":["https:\/\/xstone.group\/cs\/product\/hri-high-rise\/"]}]},{"@type":"ImageObject","inLanguage":"cs","@id":"https:\/\/xstone.group\/cs\/product\/hri-high-rise\/#primaryimage","url":"https:\/\/xstone.group\/wp-content\/uploads\/2026\/04\/XSTONE-HRI-High-rise.webp","contentUrl":"https:\/\/xstone.group\/wp-content\/uploads\/2026\/04\/XSTONE-HRI-High-rise.webp","width":1920,"height":1920,"caption":"linear concrete texture"},{"@type":"BreadcrumbList","@id":"https:\/\/xstone.group\/cs\/product\/hri-high-rise\/#breadcrumb","itemListElement":[{"@type":"ListItem","position":1,"name":"Home","item":"https:\/\/xstone.group\/cs\/"},{"@type":"ListItem","position":2,"name":"Produkty","item":"https:\/\/xstone.group\/cs\/shop\/"},{"@type":"ListItem","position":3,"name":"HRI | V\u00fd\u0161kov\u00e9 budovy"}]},{"@type":"WebSite","@id":"https:\/\/xstone.group\/cs\/#website","url":"https:\/\/xstone.group\/cs\/","name":"XSTONE","description":"Autentick\u00e1 a neomezen\u00e1 kr\u00e1sa miner\u00e1l\u016f, nespoutan\u00e1 gravitac\u00ed","potentialAction":[{"@type":"SearchAction","target":{"@type":"EntryPoint","urlTemplate":"https:\/\/xstone.group\/cs\/?s={search_term_string}"},"query-input":{"@type":"PropertyValueSpecification","valueRequired":true,"valueName":"search_term_string"}}],"inLanguage":"cs"}]}},"spectra_custom_meta":{"_last_translation_edit_mode":["translation-editor"],"_wcml_average_rating":[null],"_wcml_review_count":[null],"_wcml_rating_count":[null],"_yoast_wpseo_primary_product_cat":["317"],"_backorders":["no"],"_download_limit":["-1"],"_download_expiry":["-1"],"_downloadable":["no"],"_manage_stock":["no"],"_sku":["HRI"],"_stock_status":["instock"],"_sold_individually":["no"],"_tax_class":[""],"_tax_status":["taxable"],"_virtual":["no"],"total_sales":["0"],"_wpml_media_duplicate":["1"],"_wpml_media_featured":["1"],"stick-header-meta":["default"],"site-sidebar-layout":["default"],"theme-transparent-header-meta":["default"],"ast-site-content-layout":["default"],"site-content-style":["default"],"site-sidebar-style":["default"],"_yoast_wpseo_metadesc":["High Rise je pruhovan\u00e1 miner\u00e1ln\u00ed kamenn\u00e1 d\u00fdha inspirovan\u00e1 geologick\u00fdmi vrstvami a brutalistickou architekturou, kter\u00e1 je p\u0159ipravena prom\u011bnit jak\u00fdkoli povrch v odv\u00e1\u017en\u00fd architektonick\u00fd v\u00fdraz."],"_yoast_wpseo_focuskw":["line\u00e1rn\u00ed struktura betonu"],"_product_image_gallery":[""],"_thumbnail_id":["22078"],"_product_attributes":["a:3:{s:12:\"pa_thickness\";a:6:{s:4:\"name\";s:12:\"pa_thickness\";s:5:\"value\";s:0:\"\";s:8:\"position\";i:0;s:10:\"is_visible\";i:1;s:12:\"is_variation\";i:0;s:11:\"is_taxonomy\";i:1;}s:14:\"pa_composition\";a:6:{s:4:\"name\";s:14:\"pa_composition\";s:5:\"value\";s:0:\"\";s:8:\"position\";i:1;s:10:\"is_visible\";i:1;s:12:\"is_variation\";i:0;s:11:\"is_taxonomy\";i:1;}s:14:\"pa_fire-rating\";a:6:{s:4:\"name\";s:14:\"pa_fire-rating\";s:5:\"value\";s:0:\"\";s:8:\"position\";i:2;s:10:\"is_visible\";i:1;s:12:\"is_variation\";i:0;s:11:\"is_taxonomy\";i:1;}}"],"_wpml_word_count":["114"],"_elementor_edit_mode":["builder"],"_selectproduct_layout":["16389"],"two_optimized_date":["1776589629"],"woolentor_views_count_product":["17"],"_uag_css_file_name":["uag-css-22077.css"],"_uag_js_file_name":["uag-js-22077.js"],"tp_widgets":["a:2:{s:7:\"widgets\";a:6:{i:0;s:18:\"plus-list-skeleton\";i:1;s:22:\"plus-listing-load-more\";i:2;s:18:\"plus-listing-metro\";i:3;s:18:\"tp-product-listout\";i:4;s:17:\"tp-single-style_1\";i:5;s:19:\"tp-woo-single-image\";}s:9:\"update_at\";s:10:\"1776541402\";}"],"_elementor_page_assets":["a:0:{}"],"_elementor_css":["a:7:{s:4:\"time\";i:1776626206;s:5:\"fonts\";a:0:{}s:5:\"icons\";a:0:{}s:20:\"dynamic_elements_ids\";a:0:{}s:6:\"status\";s:5:\"empty\";i:0;s:0:\"\";s:3:\"css\";s:0:\"\";}"],"_wc_rating_count":[""],"_wc_review_count":[""],"_wc_average_rating":[0]},"uagb_featured_image_src":{"full":["https:\/\/xstone.group\/wp-content\/uploads\/2026\/04\/XSTONE-HRI-High-rise.webp",1920,1920,false],"thumbnail":["https:\/\/xstone.group\/wp-content\/uploads\/2026\/04\/XSTONE-HRI-High-rise-150x150.webp",150,150,true],"medium":["https:\/\/xstone.group\/wp-content\/uploads\/2026\/04\/XSTONE-HRI-High-rise-300x300.webp",300,300,true],"medium_large":["https:\/\/xstone.group\/wp-content\/uploads\/2026\/04\/XSTONE-HRI-High-rise-768x768.webp",768,768,true],"large":["https:\/\/xstone.group\/wp-content\/uploads\/2026\/04\/XSTONE-HRI-High-rise-1024x1024.webp",1024,1024,true],"1536x1536":["https:\/\/xstone.group\/wp-content\/uploads\/2026\/04\/XSTONE-HRI-High-rise-1536x1536.webp",1536,1536,true],"2048x2048":["https:\/\/xstone.group\/wp-content\/uploads\/2026\/04\/XSTONE-HRI-High-rise.webp",1920,1920,false],"tp-image-grid":["https:\/\/xstone.group\/wp-content\/uploads\/2026\/04\/XSTONE-HRI-High-rise-700x700.webp",700,700,true],"tenweb_optimizer_mobile":["https:\/\/xstone.group\/wp-content\/uploads\/2026\/04\/XSTONE-HRI-High-rise-600x600.webp",600,600,true],"tenweb_optimizer_tablet":["https:\/\/xstone.group\/wp-content\/uploads\/2026\/04\/XSTONE-HRI-High-rise-768x768.webp",768,768,true],"woocommerce_thumbnail":["https:\/\/xstone.group\/wp-content\/uploads\/2026\/04\/XSTONE-HRI-High-rise-300x300.webp",300,300,true],"woocommerce_single":["https:\/\/xstone.group\/wp-content\/uploads\/2026\/04\/XSTONE-HRI-High-rise-600x600.webp",600,600,true],"woocommerce_gallery_thumbnail":["https:\/\/xstone.group\/wp-content\/uploads\/2026\/04\/XSTONE-HRI-High-rise-100x100.webp",100,100,true]},"uagb_author_info":{"display_name":"laurent.gomez@xstone.group","author_link":"https:\/\/xstone.group\/cs\/author\/"},"uagb_comment_info":0,"uagb_excerpt":"High Rise je textura syrov\u00e9, \u017eiveln\u00e9 s\u00edly &#8211; hluboce pruhovan\u00e9 h\u0159bety se t\u00e1hnou po povrchu jako sediment\u00e1rn\u00ed pam\u011b\u0165 d\u00e1vn\u00fdch geologick\u00fdch sil, ka\u017ed\u00e1 r\u00fdha je vy\u0159ez\u00e1na s organickou nepravidelnost\u00ed, kter\u00e1 vypov\u00edd\u00e1 o \u010dase, tlaku a prom\u011bn\u011b. Reli\u00e9f je odv\u00e1\u017en\u00fd a z\u00e1rove\u0148 rafinovan\u00fd, evokuje zv\u011btral\u00e9 skaln\u00ed st\u011bny, erodovan\u00e9 kamenn\u00e9 vrstvy a monument\u00e1ln\u00ed m\u011b\u0159\u00edtko brutalistn\u00ed architektury, kter\u00e9 je&hellip;","_links":{"self":[{"href":"https:\/\/xstone.group\/cs\/wp-json\/wp\/v2\/product\/22077","targetHints":{"allow":["GET"]}}],"collection":[{"href":"https:\/\/xstone.group\/cs\/wp-json\/wp\/v2\/product"}],"about":[{"href":"https:\/\/xstone.group\/cs\/wp-json\/wp\/v2\/types\/product"}],"replies":[{"embeddable":true,"href":"https:\/\/xstone.group\/cs\/wp-json\/wp\/v2\/comments?post=22077"}],"wp:featuredmedia":[{"embeddable":true,"href":"https:\/\/xstone.group\/cs\/wp-json\/wp\/v2\/media\/22078"}],"wp:attachment":[{"href":"https:\/\/xstone.group\/cs\/wp-json\/wp\/v2\/media?parent=22077"}],"wp:term":[{"taxonomy":"product_brand","embeddable":true,"href":"https:\/\/xstone.group\/cs\/wp-json\/wp\/v2\/product_brand?post=22077"},{"taxonomy":"product_cat","embeddable":true,"href":"https:\/\/xstone.group\/cs\/wp-json\/wp\/v2\/product_cat?post=22077"},{"taxonomy":"product_tag","embeddable":true,"href":"https:\/\/xstone.group\/cs\/wp-json\/wp\/v2\/product_tag?post=22077"}],"curies":[{"name":"wp","href":"https:\/\/api.w.org\/{rel}","templated":true}]}}