{"id":22159,"date":"2026-04-13T09:46:34","date_gmt":"2026-04-13T09:46:34","guid":{"rendered":"https:\/\/xstone.group\/product\/ecu-ecuran-smo-smooth-10004-light-grey\/"},"modified":"2026-04-13T09:46:34","modified_gmt":"2026-04-13T09:46:34","slug":"ecusmo10004-floor-ecuran-smooth-concrete-light-grey","status":"publish","type":"product","link":"https:\/\/xstone.group\/cs\/product\/ecusmo10004-floor-ecuran-smooth-concrete-light-grey\/","title":{"rendered":"[ECU] Ecuran [SMO] Smooth [10004] Light Grey"},"content":{"rendered":"<p class=\"font-claude-response-body break-words whitespace-normal leading-[1.7]\">N\u011bkter\u00e9 podlahy si o pozornost ne\u0159\u00edkaj\u00ed. Jednodu\u0161e povy\u0161uj\u00ed v\u0161e kolem sebe. <\/p>\n<p class=\"font-claude-response-body break-words whitespace-normal leading-[1.7]\">XSTONE Floor Ecuran Smooth Light Grey je hladk\u00e1 miner\u00e1ln\u00ed podlaha na biologick\u00e9 b\u00e1zi ur\u010den\u00e1 do interi\u00e9r\u016f, kde je samoz\u0159ejmost\u00ed vyt\u0159\u00edbenost a kde se nediskutuje o udr\u017eitelnosti. Struktura Smooth ud\u00e1v\u00e1 architektonick\u00fd t\u00f3n tich\u00e9 \u010distoty &#8211; jednolit\u00e1, sametov\u00e1 miner\u00e1ln\u00ed struktura se sotva znateln\u00fdmi p\u0159\u00edrodn\u00edmi odchylkami, kter\u00e1 pod nohama vytv\u00e1\u0159\u00ed plynulou vizu\u00e1ln\u00ed kontinuitu. Povrch, kter\u00fd d\u00fdch\u00e1 s prostorem, zv\u00fdraz\u0148uje sv\u011btlo, formu a materi\u00e1l, ani\u017e by jim konkuroval.  <\/p>\n<p class=\"font-claude-response-body break-words whitespace-normal leading-[1.7]\">Ve sv\u011btle \u0161ed\u00e9 barv\u011b &#8211; velmi jemn\u00e9, t\u00e9m\u011b\u0159 ml\u00e9\u010dn\u00e9 RAL7035, kter\u00e1 zachycuje sv\u011btlo, ani\u017e by se stala b\u00edlou, jemn\u011b zm\u00edrn\u011bn\u00e9 miner\u00e1ln\u00edm n\u00e1dechem, kter\u00fd evokuje sv\u011btl\u00fd k\u00e1men nebo z\u00e1\u0159ivou rann\u00ed mlhu &#8211; dosahuje kompozice sv\u00e9ho pln\u00e9ho potenci\u00e1lu. Uklid\u0148uj\u00edc\u00ed a z\u00e1rove\u0148 rafinovan\u00e1. Z\u00e1\u0159iv\u00e1, a p\u0159esto uzemn\u011bn\u00e1. Neutr\u00e1ln\u00ed barva vz\u00e1cn\u00e9 sofistikovanosti, d\u00edky n\u00ed\u017e ka\u017ed\u00e9 dal\u0161\u00ed designov\u00e9 rozhodnut\u00ed v m\u00edstnosti p\u016fsob\u00ed z\u00e1m\u011brn\u011bji.   <\/p>\n<p class=\"font-claude-response-body break-words whitespace-normal leading-[1.7]\">Biokompozitn\u00ed j\u00e1dro Ecuran p\u0159in\u00e1\u0161\u00ed to, co tradi\u010dn\u00ed podlahy nedok\u00e1\u017eou: D\u00edky tomu, \u017ee neobsahuje PVC, rozpou\u0161t\u011bdla a je vyrobena z rostlinn\u00fdch olej\u016f a p\u0159\u00edrodn\u00edch k\u0159\u00eddov\u00fdch miner\u00e1l\u016f, je p\u0159irozen\u011b pru\u017en\u00e1 pod nohama, akusticky p\u0159\u00edjemn\u00e1 a navr\u017een\u00e1 pro n\u00e1ro\u010dn\u00e9 komer\u010dn\u00ed i obytn\u00e9 pou\u017eit\u00ed. Certifik\u00e1t Bfl-s1 pro po\u017e\u00e1rn\u00ed bezpe\u010dnost. Schv\u00e1leno organizacemi Blue Angel, Cradle to Cradle a GREENGUARD. Pln\u011b kompatibiln\u00ed s podlahov\u00fdm vyt\u00e1p\u011bn\u00edm a mokr\u00fdmi prostory.   <\/p>\n<p class=\"font-claude-response-body break-words whitespace-normal leading-[1.7]\">Pro hotelov\u00e9 haly, pr\u00e9miov\u00e9 wellness prostory, luxusn\u00ed obytn\u00e9 interi\u00e9ry a \u0161pi\u010dkov\u00e9 maloobchodn\u00ed prostory, kde je podlaha z\u00e1kladem z\u00e1\u017eitku, nikoli pouh\u00fdm povrchem.<\/p>\n","protected":false},"excerpt":{"rendered":"<p>N\u011bkter\u00e9 podlahy si o pozornost ne\u0159\u00edkaj\u00ed. Jednodu\u0161e povy\u0161uj\u00ed v\u0161e kolem sebe. XSTONE Floor Ecuran Smooth Light Grey je hladk\u00e1 miner\u00e1ln\u00ed podlaha na biologick\u00e9 b\u00e1zi ur\u010den\u00e1 do interi\u00e9r\u016f, kde je samoz\u0159ejmost\u00ed vyt\u0159\u00edbenost a kde se nediskutuje o udr\u017eitelnosti. Struktura Smooth ud\u00e1v\u00e1 architektonick\u00fd t\u00f3n tich\u00e9 \u010distoty &#8211; jednolit\u00e1, sametov\u00e1 miner\u00e1ln\u00ed struktura se sotva znateln\u00fdmi p\u0159\u00edrodn\u00edmi odchylkami, kter\u00e1 [&hellip;]<\/p>\n","protected":false},"featured_media":22169,"comment_status":"open","ping_status":"closed","template":"","meta":{"_acf_changed":false,"_uag_custom_page_level_css":"","site-sidebar-layout":"default","site-content-layout":"","ast-site-content-layout":"default","site-content-style":"default","site-sidebar-style":"default","ast-global-header-display":"","ast-banner-title-visibility":"","ast-main-header-display":"","ast-hfb-above-header-display":"","ast-hfb-below-header-display":"","ast-hfb-mobile-header-display":"","site-post-title":"","ast-breadcrumbs-content":"","ast-featured-img":"","footer-sml-layout":"","theme-transparent-header-meta":"default","adv-header-id-meta":"","stick-header-meta":"default","header-above-stick-meta":"","header-main-stick-meta":"","header-below-stick-meta":"","astra-migrate-meta-layouts":"default","ast-page-background-enabled":"default","ast-page-background-meta":{"desktop":{"background-color":"var(--ast-global-color-4)","background-image":"","background-repeat":"repeat","background-position":"center center","background-size":"auto","background-attachment":"scroll","background-type":"","background-media":"","overlay-type":"","overlay-color":"","overlay-opacity":"","overlay-gradient":""},"tablet":{"background-color":"","background-image":"","background-repeat":"repeat","background-position":"center center","background-size":"auto","background-attachment":"scroll","background-type":"","background-media":"","overlay-type":"","overlay-color":"","overlay-opacity":"","overlay-gradient":""},"mobile":{"background-color":"","background-image":"","background-repeat":"repeat","background-position":"center center","background-size":"auto","background-attachment":"scroll","background-type":"","background-media":"","overlay-type":"","overlay-color":"","overlay-opacity":"","overlay-gradient":""}},"ast-content-background-meta":{"desktop":{"background-color":"var(--ast-global-color-5)","background-image":"","background-repeat":"repeat","background-position":"center center","background-size":"auto","background-attachment":"scroll","background-type":"","background-media":"","overlay-type":"","overlay-color":"","overlay-opacity":"","overlay-gradient":""},"tablet":{"background-color":"var(--ast-global-color-5)","background-image":"","background-repeat":"repeat","background-position":"center center","background-size":"auto","background-attachment":"scroll","background-type":"","background-media":"","overlay-type":"","overlay-color":"","overlay-opacity":"","overlay-gradient":""},"mobile":{"background-color":"var(--ast-global-color-5)","background-image":"","background-repeat":"repeat","background-position":"center center","background-size":"auto","background-attachment":"scroll","background-type":"","background-media":"","overlay-type":"","overlay-color":"","overlay-opacity":"","overlay-gradient":""}}},"product_brand":[],"product_cat":[1603,1597,1592,1595,1587],"product_tag":[1699,3848,3854,3850,3852,3858,3844,3856,3846,3847,1701,3860],"class_list":{"0":"post-22159","1":"product","2":"type-product","3":"status-publish","4":"has-post-thumbnail","6":"product_cat-office","7":"product_cat-bathroom","8":"product_cat-retail-design","9":"product_cat-floor","10":"product_cat-signature","11":"product_tag-comp-color-15392","12":"product_tag-ecuran-bio-composite-floor","13":"product_tag-hospitality-floor-design","14":"product_tag-smooth-stone-effect-flooring","15":"product_tag-luxury-residential-flooring","16":"product_tag-underfloor-heating-compatible-flooring","17":"product_tag-comp-backing-15492","18":"product_tag-flexible-mineral-floor-panel","19":"product_tag-bio-based-smooth-mineral-flooring-solution","20":"product_tag-light-grey-luxury-floor-tile","21":"product_tag-comp-texture-16911","22":"product_tag-leed-certified-sustainable-floor","23":"desktop-align-left","24":"tablet-align-left","25":"mobile-align-left","27":"first","28":"instock","29":"shipping-taxable","30":"product-type-simple"},"acf":[],"yoast_head":"<!-- This site is optimized with the Yoast SEO Premium plugin v27.4 (Yoast SEO v27.4) - https:\/\/yoast.com\/product\/yoast-seo-premium-wordpress\/ -->\n<title>Podlaha Ecuran | hladk\u00e1 | sv\u011btle \u0161ed\u00e1<\/title>\n<meta name=\"description\" content=\"Hladk\u00e1 miner\u00e1ln\u00ed podlaha na b\u00e1zi bio ve sv\u011btle \u0161ed\u00e9 barv\u011b. Neobsahuje PVC, po\u017e\u00e1rn\u00ed odolnost Bfl-s1. Luxusn\u00ed udr\u017eiteln\u00e1 podlaha pro pohostinstv\u00ed a luxusn\u00ed obytn\u00e9 prostory.\" \/>\n<meta name=\"robots\" content=\"index, follow, max-snippet:-1, max-image-preview:large, max-video-preview:-1\" \/>\n<link rel=\"canonical\" href=\"https:\/\/xstone.group\/cs\/product\/ecusmo10004-floor-ecuran-smooth-concrete-light-grey\/\" \/>\n<meta property=\"og:locale\" content=\"cs_CZ\" \/>\n<meta property=\"og:type\" content=\"article\" \/>\n<meta property=\"og:title\" content=\"[ECU] Ecuran [SMO] Smooth [10004] Light Grey\" \/>\n<meta property=\"og:description\" content=\"Hladk\u00e1 miner\u00e1ln\u00ed podlaha na b\u00e1zi bio ve sv\u011btle \u0161ed\u00e9 barv\u011b. Neobsahuje PVC, po\u017e\u00e1rn\u00ed odolnost Bfl-s1. Luxusn\u00ed udr\u017eiteln\u00e1 podlaha pro pohostinstv\u00ed a luxusn\u00ed obytn\u00e9 prostory.\" \/>\n<meta property=\"og:url\" content=\"https:\/\/xstone.group\/cs\/product\/ecusmo10004-floor-ecuran-smooth-concrete-light-grey\/\" \/>\n<meta property=\"og:site_name\" content=\"XSTONE\" \/>\n<meta property=\"article:publisher\" content=\"https:\/\/www.facebook.com\/Xstonesurfaces1\/\" \/>\n<meta property=\"og:image\" content=\"https:\/\/xstone.group\/wp-content\/uploads\/2026\/04\/XSTONE_Mineral-Veneer_0429.webp\" \/>\n\t<meta property=\"og:image:width\" content=\"1920\" \/>\n\t<meta property=\"og:image:height\" content=\"1080\" \/>\n\t<meta property=\"og:image:type\" content=\"image\/webp\" \/>\n<meta name=\"twitter:card\" content=\"summary_large_image\" \/>\n<meta name=\"twitter:label1\" content=\"Odhadovan\u00e1 doba \u010dten\u00ed\" \/>\n\t<meta name=\"twitter:data1\" content=\"2 minuty\" \/>\n<script type=\"application\/ld+json\" class=\"yoast-schema-graph\">{\"@context\":\"https:\\\/\\\/schema.org\",\"@graph\":[{\"@type\":\"WebPage\",\"@id\":\"https:\\\/\\\/xstone.group\\\/cs\\\/product\\\/ecusmo10004-floor-ecuran-smooth-concrete-light-grey\\\/\",\"url\":\"https:\\\/\\\/xstone.group\\\/cs\\\/product\\\/ecusmo10004-floor-ecuran-smooth-concrete-light-grey\\\/\",\"name\":\"Podlaha Ecuran | hladk\u00e1 | sv\u011btle \u0161ed\u00e1\",\"isPartOf\":{\"@id\":\"https:\\\/\\\/xstone.group\\\/cs\\\/#website\"},\"primaryImageOfPage\":{\"@id\":\"https:\\\/\\\/xstone.group\\\/cs\\\/product\\\/ecusmo10004-floor-ecuran-smooth-concrete-light-grey\\\/#primaryimage\"},\"image\":{\"@id\":\"https:\\\/\\\/xstone.group\\\/cs\\\/product\\\/ecusmo10004-floor-ecuran-smooth-concrete-light-grey\\\/#primaryimage\"},\"thumbnailUrl\":\"https:\\\/\\\/xstone.group\\\/wp-content\\\/uploads\\\/2026\\\/04\\\/XSTONE_Mineral-Veneer_0429.webp\",\"datePublished\":\"2026-04-13T09:46:34+00:00\",\"description\":\"Hladk\u00e1 miner\u00e1ln\u00ed podlaha na b\u00e1zi bio ve sv\u011btle \u0161ed\u00e9 barv\u011b. Neobsahuje PVC, po\u017e\u00e1rn\u00ed odolnost Bfl-s1. Luxusn\u00ed udr\u017eiteln\u00e1 podlaha pro pohostinstv\u00ed a luxusn\u00ed obytn\u00e9 prostory.\",\"breadcrumb\":{\"@id\":\"https:\\\/\\\/xstone.group\\\/cs\\\/product\\\/ecusmo10004-floor-ecuran-smooth-concrete-light-grey\\\/#breadcrumb\"},\"inLanguage\":\"cs\",\"potentialAction\":[{\"@type\":\"ReadAction\",\"target\":[\"https:\\\/\\\/xstone.group\\\/cs\\\/product\\\/ecusmo10004-floor-ecuran-smooth-concrete-light-grey\\\/\"]}]},{\"@type\":\"ImageObject\",\"inLanguage\":\"cs\",\"@id\":\"https:\\\/\\\/xstone.group\\\/cs\\\/product\\\/ecusmo10004-floor-ecuran-smooth-concrete-light-grey\\\/#primaryimage\",\"url\":\"https:\\\/\\\/xstone.group\\\/wp-content\\\/uploads\\\/2026\\\/04\\\/XSTONE_Mineral-Veneer_0429.webp\",\"contentUrl\":\"https:\\\/\\\/xstone.group\\\/wp-content\\\/uploads\\\/2026\\\/04\\\/XSTONE_Mineral-Veneer_0429.webp\",\"width\":1920,\"height\":1080,\"caption\":\"smooth concrete flooring solution\"},{\"@type\":\"BreadcrumbList\",\"@id\":\"https:\\\/\\\/xstone.group\\\/cs\\\/product\\\/ecusmo10004-floor-ecuran-smooth-concrete-light-grey\\\/#breadcrumb\",\"itemListElement\":[{\"@type\":\"ListItem\",\"position\":1,\"name\":\"Home\",\"item\":\"https:\\\/\\\/xstone.group\\\/cs\\\/\"},{\"@type\":\"ListItem\",\"position\":2,\"name\":\"Produkty\",\"item\":\"https:\\\/\\\/xstone.group\\\/cs\\\/shop\\\/\"},{\"@type\":\"ListItem\",\"position\":3,\"name\":\"[ECU] Ecuran [SMO] Smooth [10004] Light Grey\"}]},{\"@type\":\"WebSite\",\"@id\":\"https:\\\/\\\/xstone.group\\\/cs\\\/#website\",\"url\":\"https:\\\/\\\/xstone.group\\\/cs\\\/\",\"name\":\"XSTONE\",\"description\":\"Autentick\u00e1 a neomezen\u00e1 kr\u00e1sa miner\u00e1l\u016f, nespoutan\u00e1 gravitac\u00ed\",\"potentialAction\":[{\"@type\":\"SearchAction\",\"target\":{\"@type\":\"EntryPoint\",\"urlTemplate\":\"https:\\\/\\\/xstone.group\\\/cs\\\/?s={search_term_string}\"},\"query-input\":{\"@type\":\"PropertyValueSpecification\",\"valueRequired\":true,\"valueName\":\"search_term_string\"}}],\"inLanguage\":\"cs\"}]}<\/script>\n<!-- \/ Yoast SEO Premium plugin. -->","yoast_head_json":{"title":"Podlaha Ecuran | hladk\u00e1 | sv\u011btle \u0161ed\u00e1","description":"Hladk\u00e1 miner\u00e1ln\u00ed podlaha na b\u00e1zi bio ve sv\u011btle \u0161ed\u00e9 barv\u011b. Neobsahuje PVC, po\u017e\u00e1rn\u00ed odolnost Bfl-s1. Luxusn\u00ed udr\u017eiteln\u00e1 podlaha pro pohostinstv\u00ed a luxusn\u00ed obytn\u00e9 prostory.","robots":{"index":"index","follow":"follow","max-snippet":"max-snippet:-1","max-image-preview":"max-image-preview:large","max-video-preview":"max-video-preview:-1"},"canonical":"https:\/\/xstone.group\/cs\/product\/ecusmo10004-floor-ecuran-smooth-concrete-light-grey\/","og_locale":"cs_CZ","og_type":"article","og_title":"[ECU] Ecuran [SMO] Smooth [10004] Light Grey","og_description":"Hladk\u00e1 miner\u00e1ln\u00ed podlaha na b\u00e1zi bio ve sv\u011btle \u0161ed\u00e9 barv\u011b. Neobsahuje PVC, po\u017e\u00e1rn\u00ed odolnost Bfl-s1. Luxusn\u00ed udr\u017eiteln\u00e1 podlaha pro pohostinstv\u00ed a luxusn\u00ed obytn\u00e9 prostory.","og_url":"https:\/\/xstone.group\/cs\/product\/ecusmo10004-floor-ecuran-smooth-concrete-light-grey\/","og_site_name":"XSTONE","article_publisher":"https:\/\/www.facebook.com\/Xstonesurfaces1\/","og_image":[{"width":1920,"height":1080,"url":"https:\/\/xstone.group\/wp-content\/uploads\/2026\/04\/XSTONE_Mineral-Veneer_0429.webp","type":"image\/webp"}],"twitter_card":"summary_large_image","twitter_misc":{"Odhadovan\u00e1 doba \u010dten\u00ed":"2 minuty"},"schema":{"@context":"https:\/\/schema.org","@graph":[{"@type":"WebPage","@id":"https:\/\/xstone.group\/cs\/product\/ecusmo10004-floor-ecuran-smooth-concrete-light-grey\/","url":"https:\/\/xstone.group\/cs\/product\/ecusmo10004-floor-ecuran-smooth-concrete-light-grey\/","name":"Podlaha Ecuran | hladk\u00e1 | sv\u011btle \u0161ed\u00e1","isPartOf":{"@id":"https:\/\/xstone.group\/cs\/#website"},"primaryImageOfPage":{"@id":"https:\/\/xstone.group\/cs\/product\/ecusmo10004-floor-ecuran-smooth-concrete-light-grey\/#primaryimage"},"image":{"@id":"https:\/\/xstone.group\/cs\/product\/ecusmo10004-floor-ecuran-smooth-concrete-light-grey\/#primaryimage"},"thumbnailUrl":"https:\/\/xstone.group\/wp-content\/uploads\/2026\/04\/XSTONE_Mineral-Veneer_0429.webp","datePublished":"2026-04-13T09:46:34+00:00","description":"Hladk\u00e1 miner\u00e1ln\u00ed podlaha na b\u00e1zi bio ve sv\u011btle \u0161ed\u00e9 barv\u011b. Neobsahuje PVC, po\u017e\u00e1rn\u00ed odolnost Bfl-s1. Luxusn\u00ed udr\u017eiteln\u00e1 podlaha pro pohostinstv\u00ed a luxusn\u00ed obytn\u00e9 prostory.","breadcrumb":{"@id":"https:\/\/xstone.group\/cs\/product\/ecusmo10004-floor-ecuran-smooth-concrete-light-grey\/#breadcrumb"},"inLanguage":"cs","potentialAction":[{"@type":"ReadAction","target":["https:\/\/xstone.group\/cs\/product\/ecusmo10004-floor-ecuran-smooth-concrete-light-grey\/"]}]},{"@type":"ImageObject","inLanguage":"cs","@id":"https:\/\/xstone.group\/cs\/product\/ecusmo10004-floor-ecuran-smooth-concrete-light-grey\/#primaryimage","url":"https:\/\/xstone.group\/wp-content\/uploads\/2026\/04\/XSTONE_Mineral-Veneer_0429.webp","contentUrl":"https:\/\/xstone.group\/wp-content\/uploads\/2026\/04\/XSTONE_Mineral-Veneer_0429.webp","width":1920,"height":1080,"caption":"smooth concrete flooring solution"},{"@type":"BreadcrumbList","@id":"https:\/\/xstone.group\/cs\/product\/ecusmo10004-floor-ecuran-smooth-concrete-light-grey\/#breadcrumb","itemListElement":[{"@type":"ListItem","position":1,"name":"Home","item":"https:\/\/xstone.group\/cs\/"},{"@type":"ListItem","position":2,"name":"Produkty","item":"https:\/\/xstone.group\/cs\/shop\/"},{"@type":"ListItem","position":3,"name":"[ECU] Ecuran [SMO] Smooth [10004] Light Grey"}]},{"@type":"WebSite","@id":"https:\/\/xstone.group\/cs\/#website","url":"https:\/\/xstone.group\/cs\/","name":"XSTONE","description":"Autentick\u00e1 a neomezen\u00e1 kr\u00e1sa miner\u00e1l\u016f, nespoutan\u00e1 gravitac\u00ed","potentialAction":[{"@type":"SearchAction","target":{"@type":"EntryPoint","urlTemplate":"https:\/\/xstone.group\/cs\/?s={search_term_string}"},"query-input":{"@type":"PropertyValueSpecification","valueRequired":true,"valueName":"search_term_string"}}],"inLanguage":"cs"}]}},"spectra_custom_meta":{"_last_translation_edit_mode":["translation-editor"],"_product_attributes":["a:8:{s:7:\"backing\";a:6:{s:4:\"name\";s:7:\"Backing\";s:5:\"value\";s:6:\"Ecuran\";s:8:\"position\";i:0;s:10:\"is_visible\";i:1;s:12:\"is_variation\";i:0;s:11:\"is_taxonomy\";i:0;}s:7:\"texture\";a:6:{s:4:\"name\";s:7:\"Texture\";s:5:\"value\";s:13:\"Hladk\u00fd beton\";s:8:\"position\";i:1;s:10:\"is_visible\";i:1;s:12:\"is_variation\";i:0;s:11:\"is_taxonomy\";i:0;}s:5:\"color\";a:6:{s:4:\"name\";s:5:\"Color\";s:5:\"value\";s:14:\"Sv\u011btle \u0161ed\u00e1\";s:8:\"position\";i:2;s:10:\"is_visible\";i:1;s:12:\"is_variation\";i:0;s:11:\"is_taxonomy\";i:0;}s:4:\"size\";a:6:{s:4:\"name\";s:4:\"Size\";s:5:\"value\";s:63:\"1200 x 800 mm; 3000 x 1000 mm; dal\u0161\u00ed rozm\u011bry na vy\u017e\u00e1d\u00e1n\u00ed\";s:8:\"position\";i:3;s:10:\"is_visible\";i:1;s:12:\"is_variation\";i:0;s:11:\"is_taxonomy\";i:0;}s:9:\"thickness\";a:6:{s:4:\"name\";s:9:\"Thickness\";s:5:\"value\";s:12:\"2,5 mm, 5 mm\";s:8:\"position\";i:4;s:10:\"is_visible\";i:1;s:12:\"is_variation\";i:0;s:11:\"is_taxonomy\";i:0;}s:6:\"finish\";a:6:{s:4:\"name\";s:6:\"Finish\";s:5:\"value\";s:4:\"Matt\";s:8:\"position\";i:5;s:10:\"is_visible\";i:1;s:12:\"is_variation\";i:0;s:11:\"is_taxonomy\";i:0;}s:11:\"composition\";a:6:{s:4:\"name\";s:11:\"Composition\";s:5:\"value\";s:263:\"Vrchn\u00ed vrstva PU s intenzivn\u00edm provozem + Akrylov\u00e1 barva nebo UV tisk + Dekorativn\u00ed miner\u00e1ln\u00ed d\u00fdha 1 mm (90 % kamenn\u00e9ho pr\u00e1\u0161ku) + Z\u00e1kladn\u00ed vrstva: vysoce v\u00fdkonn\u00fd kompozitn\u00ed materi\u00e1l ecuran 4 mm + Podklad: Materi\u00e1l: + integrovan\u00fd FleeceTEC-System\";s:8:\"position\";i:6;s:10:\"is_visible\";i:1;s:12:\"is_variation\";i:0;s:11:\"is_taxonomy\";i:0;}s:11:\"fire-rating\";a:6:{s:4:\"name\";s:11:\"Fire Rating\";s:5:\"value\";s:6:\"Bfl-s1\";s:8:\"position\";i:7;s:10:\"is_visible\";i:1;s:12:\"is_variation\";i:0;s:11:\"is_taxonomy\";i:0;}}"],"attr_label_translations":["a:1:{s:2:\"cs\";a:8:{s:7:\"backing\";s:13:\"Z\u00e1lohov\u00e1n\u00ed\";s:7:\"texture\";s:7:\"Textura\";s:5:\"color\";s:5:\"Barva\";s:4:\"size\";s:8:\"Velikost\";s:9:\"thickness\";s:10:\"Tlou\u0161\u0165ka\";s:6:\"finish\";s:11:\"Dokon\u010den\u00ed\";s:11:\"composition\";s:9:\"Slo\u017een\u00ed\";s:11:\"fire-rating\";s:19:\"Po\u017e\u00e1rn\u00ed odolnost\";}}"],"_wcml_average_rating":[null],"_wcml_review_count":[null],"_wcml_rating_count":[null],"_yoast_wpseo_primary_product_cat":["332"],"_backorders":["no"],"_download_limit":["-1"],"_download_expiry":["-1"],"_downloadable":["no"],"_manage_stock":["no"],"_sku":["ECUSMO10004"],"_stock_status":["instock"],"_sold_individually":["no"],"_tax_class":[""],"_tax_status":["taxable"],"_virtual":["no"],"total_sales":["0"],"_wpml_media_duplicate":["1"],"_wpml_media_featured":["1"],"stick-header-meta":["default"],"site-sidebar-layout":["default"],"theme-transparent-header-meta":["default"],"ast-site-content-layout":["default"],"site-content-style":["default"],"site-sidebar-style":["default"],"_yoast_wpseo_title":["Podlaha Ecuran | hladk\u00e1 | sv\u011btle \u0161ed\u00e1"],"_yoast_wpseo_metadesc":["Hladk\u00e1 miner\u00e1ln\u00ed podlaha na b\u00e1zi bio ve sv\u011btle \u0161ed\u00e9 barv\u011b. Neobsahuje PVC, po\u017e\u00e1rn\u00ed odolnost Bfl-s1. Luxusn\u00ed udr\u017eiteln\u00e1 podlaha pro pohostinstv\u00ed a luxusn\u00ed obytn\u00e9 prostory."],"_yoast_wpseo_focuskw":["\u0159e\u0161en\u00ed hladk\u00e9 betonov\u00e9 podlahy"],"_upsell_ids":["a:3:{i:0;N;i:1;N;i:2;N;}"],"_thumbnail_id":["22169"],"_wpml_word_count":["310"],"two_optimized_date":["1776545620"],"woolentor_views_count_product":["8"],"_uag_css_file_name":["uag-css-22159.css"],"_uag_js_file_name":["uag-js-22159.js"],"tp_widgets":["a:2:{s:7:\"widgets\";a:6:{i:0;s:18:\"plus-list-skeleton\";i:1;s:22:\"plus-listing-load-more\";i:2;s:18:\"plus-listing-metro\";i:3;s:18:\"tp-product-listout\";i:4;s:17:\"tp-single-style_1\";i:5;s:19:\"tp-woo-single-image\";}s:9:\"update_at\";s:10:\"1776541402\";}"],"_elementor_edit_mode":["builder"],"_selectproduct_layout":["18245"],"_elementor_page_assets":["a:0:{}"],"_elementor_css":["a:7:{s:4:\"time\";i:1776724870;s:5:\"fonts\";a:0:{}s:5:\"icons\";a:0:{}s:20:\"dynamic_elements_ids\";a:0:{}s:6:\"status\";s:5:\"empty\";i:0;s:0:\"\";s:3:\"css\";s:0:\"\";}"],"_wc_rating_count":[""],"_wc_review_count":[""],"_wc_average_rating":[0]},"uagb_featured_image_src":{"full":["https:\/\/xstone.group\/wp-content\/uploads\/2026\/04\/XSTONE_Mineral-Veneer_0429.webp",1920,1080,false],"thumbnail":["https:\/\/xstone.group\/wp-content\/uploads\/2026\/04\/XSTONE_Mineral-Veneer_0429-150x150.webp",150,150,true],"medium":["https:\/\/xstone.group\/wp-content\/uploads\/2026\/04\/XSTONE_Mineral-Veneer_0429-300x169.webp",300,169,true],"medium_large":["https:\/\/xstone.group\/wp-content\/uploads\/2026\/04\/XSTONE_Mineral-Veneer_0429-768x432.webp",768,432,true],"large":["https:\/\/xstone.group\/wp-content\/uploads\/2026\/04\/XSTONE_Mineral-Veneer_0429-1024x576.webp",1024,576,true],"1536x1536":["https:\/\/xstone.group\/wp-content\/uploads\/2026\/04\/XSTONE_Mineral-Veneer_0429-1536x864.webp",1536,864,true],"2048x2048":["https:\/\/xstone.group\/wp-content\/uploads\/2026\/04\/XSTONE_Mineral-Veneer_0429.webp",1920,1080,false],"tp-image-grid":["https:\/\/xstone.group\/wp-content\/uploads\/2026\/04\/XSTONE_Mineral-Veneer_0429-700x700.webp",700,700,true],"tenweb_optimizer_mobile":["https:\/\/xstone.group\/wp-content\/uploads\/2026\/04\/XSTONE_Mineral-Veneer_0429-600x338.webp",600,338,true],"tenweb_optimizer_tablet":["https:\/\/xstone.group\/wp-content\/uploads\/2026\/04\/XSTONE_Mineral-Veneer_0429-768x432.webp",768,432,true],"woocommerce_thumbnail":["https:\/\/xstone.group\/wp-content\/uploads\/2026\/04\/XSTONE_Mineral-Veneer_0429-300x300.webp",300,300,true],"woocommerce_single":["https:\/\/xstone.group\/wp-content\/uploads\/2026\/04\/XSTONE_Mineral-Veneer_0429-600x338.webp",600,338,true],"woocommerce_gallery_thumbnail":["https:\/\/xstone.group\/wp-content\/uploads\/2026\/04\/XSTONE_Mineral-Veneer_0429-100x100.webp",100,100,true]},"uagb_author_info":{"display_name":"laurent.gomez@xstone.group","author_link":"https:\/\/xstone.group\/cs\/author\/"},"uagb_comment_info":0,"uagb_excerpt":"N\u011bkter\u00e9 podlahy si o pozornost ne\u0159\u00edkaj\u00ed. Jednodu\u0161e povy\u0161uj\u00ed v\u0161e kolem sebe. XSTONE Floor Ecuran Smooth Light Grey je hladk\u00e1 miner\u00e1ln\u00ed podlaha na biologick\u00e9 b\u00e1zi ur\u010den\u00e1 do interi\u00e9r\u016f, kde je samoz\u0159ejmost\u00ed vyt\u0159\u00edbenost a kde se nediskutuje o udr\u017eitelnosti. Struktura Smooth ud\u00e1v\u00e1 architektonick\u00fd t\u00f3n tich\u00e9 \u010distoty &#8211; jednolit\u00e1, sametov\u00e1 miner\u00e1ln\u00ed struktura se sotva znateln\u00fdmi p\u0159\u00edrodn\u00edmi odchylkami, kter\u00e1&hellip;","_links":{"self":[{"href":"https:\/\/xstone.group\/cs\/wp-json\/wp\/v2\/product\/22159","targetHints":{"allow":["GET"]}}],"collection":[{"href":"https:\/\/xstone.group\/cs\/wp-json\/wp\/v2\/product"}],"about":[{"href":"https:\/\/xstone.group\/cs\/wp-json\/wp\/v2\/types\/product"}],"replies":[{"embeddable":true,"href":"https:\/\/xstone.group\/cs\/wp-json\/wp\/v2\/comments?post=22159"}],"wp:featuredmedia":[{"embeddable":true,"href":"https:\/\/xstone.group\/cs\/wp-json\/wp\/v2\/media\/22169"}],"wp:attachment":[{"href":"https:\/\/xstone.group\/cs\/wp-json\/wp\/v2\/media?parent=22159"}],"wp:term":[{"taxonomy":"product_brand","embeddable":true,"href":"https:\/\/xstone.group\/cs\/wp-json\/wp\/v2\/product_brand?post=22159"},{"taxonomy":"product_cat","embeddable":true,"href":"https:\/\/xstone.group\/cs\/wp-json\/wp\/v2\/product_cat?post=22159"},{"taxonomy":"product_tag","embeddable":true,"href":"https:\/\/xstone.group\/cs\/wp-json\/wp\/v2\/product_tag?post=22159"}],"curies":[{"name":"wp","href":"https:\/\/api.w.org\/{rel}","templated":true}]}}