{"id":22204,"date":"2026-04-13T12:21:25","date_gmt":"2026-04-13T12:21:25","guid":{"rendered":"https:\/\/xstone.group\/product\/ecu-ecuran-smo-smooth-10005-middle-grey\/"},"modified":"2026-04-13T12:21:25","modified_gmt":"2026-04-13T12:21:25","slug":"ecusmo10005-floor-ecuran-smooth-middle-grey","status":"publish","type":"product","link":"https:\/\/xstone.group\/cs\/product\/ecusmo10005-floor-ecuran-smooth-middle-grey\/","title":{"rendered":"[ECU] Ecuran [SMO] Smooth [10005] Middle grey"},"content":{"rendered":"<p class=\"font-claude-response-body break-words whitespace-normal leading-[1.7]\">Nejtrvanliv\u011bj\u0161\u00ed podlahy jsou ty, kter\u00fdch si p\u0159estanete v\u0161\u00edmat &#8211; proto\u017ee tam prost\u011b pat\u0159\u00ed.<\/p>\n<p class=\"font-claude-response-body break-words whitespace-normal leading-[1.7]\">XSTONE Floor Ecuran Smooth Middle Grey je hladk\u00e1 podlahov\u00e1 deska s efektem kamene na biologick\u00e9 b\u00e1zi, kter\u00e1 je ur\u010dena pro prostory, kde je d\u016fle\u017eit\u011bj\u0161\u00ed dlouh\u00e1 \u017eivotnost ne\u017e trend a p\u0159\u00edtomnost ne\u017e v\u00fdkon. Struktura Smooth pokl\u00e1d\u00e1 z\u00e1klad \u010dist\u00e9ho architektonick\u00e9ho klidu: jednolit\u00e1, sametov\u00e1 miner\u00e1ln\u00ed struktura s jemn\u00fdmi p\u0159\u00edrodn\u00edmi variacemi, kter\u00e1 vn\u00e1\u0161\u00ed do jak\u00e9hokoli p\u016fdorysu plynulou vizu\u00e1ln\u00ed kontinuitu a zahaluje prostor do tich\u00e9, nep\u0159eru\u0161ovan\u00e9 elegance. <\/p>\n<p class=\"font-claude-response-body break-words whitespace-normal leading-[1.7]\">V barv\u011b Middle Grey &#8211; RAL7040, jemn\u00e9 a tlumen\u00e9 miner\u00e1ln\u00ed hloubce, kter\u00e1 v sob\u011b nese klidnou s\u00edlu p\u0159\u00edrodn\u00edho kamene, je uzemn\u011bn\u00e1 a vyv\u00e1\u017een\u00e1, ani\u017e by se vnucovala &#8211; v\u00fdsledkem je podlaha, kter\u00e1 umoc\u0148uje v\u0161e, co je nad n\u00ed postaveno. Zesiluje sv\u011btlo, ani\u017e by ho odr\u00e1\u017eela, ukotvuje materialitu, ani\u017e by ji zpev\u0148ovala, a vytv\u00e1\u0159\u00ed pocit prostoru, kter\u00fd p\u016fsob\u00ed otev\u0159en\u011b a z\u00e1rove\u0148 promy\u0161len\u011b. <\/p>\n<p class=\"font-claude-response-body break-words whitespace-normal leading-[1.7]\">Biokompozitn\u00ed j\u00e1dro Ecuran m\u011bn\u00ed tuto estetickou preciznost v technickou jistotu. Neobsahuje PVC, rozpou\u0161t\u011bdla, je zrozeno z rostlinn\u00fdch olej\u016f a p\u0159\u00edrodn\u00edch k\u0159\u00eddov\u00fdch miner\u00e1l\u016f a poskytuje pohodl\u00ed, pru\u017enost a akustickou m\u011bkkost pod nohama, kter\u00e9 se nevyrovn\u00e1 ani keramika, ani vinyl. Klasifikace Bfl-s1 pro po\u017e\u00e1rn\u00ed bezpe\u010dnost, kompatibilita se syst\u00e9my podlahov\u00e9ho vyt\u00e1p\u011bn\u00ed a mokr\u00fdmi prostory a certifik\u00e1ty Blue Angel, Cradle to Cradle a GREENGUARD &#8211; to je podlaha stvo\u0159en\u00e1 pro n\u00e1ro\u010dn\u00e9 komer\u010dn\u00ed a \u0161pi\u010dkov\u00e9 reziden\u010dn\u00ed pou\u017eit\u00ed bez kompromis\u016f.  <\/p>\n<p class=\"font-claude-response-body break-words whitespace-normal leading-[1.7]\">Pro luxusn\u00ed hotelov\u00e9 chodby, pr\u00e9miov\u00e1 obchodn\u00ed prost\u0159ed\u00ed, modern\u00ed obytn\u00e9 prostory a wellness interi\u00e9ry, kde ka\u017ed\u00fd povrch nese z\u00e1m\u011br.<\/p>\n","protected":false},"excerpt":{"rendered":"<p>Nejtrvanliv\u011bj\u0161\u00ed podlahy jsou ty, kter\u00fdch si p\u0159estanete v\u0161\u00edmat &#8211; proto\u017ee tam prost\u011b pat\u0159\u00ed. XSTONE Floor Ecuran Smooth Middle Grey je hladk\u00e1 podlahov\u00e1 deska s efektem kamene na biologick\u00e9 b\u00e1zi, kter\u00e1 je ur\u010dena pro prostory, kde je d\u016fle\u017eit\u011bj\u0161\u00ed dlouh\u00e1 \u017eivotnost ne\u017e trend a p\u0159\u00edtomnost ne\u017e v\u00fdkon. Struktura Smooth pokl\u00e1d\u00e1 z\u00e1klad \u010dist\u00e9ho architektonick\u00e9ho klidu: jednolit\u00e1, sametov\u00e1 miner\u00e1ln\u00ed [&hellip;]<\/p>\n","protected":false},"featured_media":22210,"comment_status":"open","ping_status":"closed","template":"","meta":{"_acf_changed":false,"_uag_custom_page_level_css":"","site-sidebar-layout":"default","site-content-layout":"","ast-site-content-layout":"default","site-content-style":"default","site-sidebar-style":"default","ast-global-header-display":"","ast-banner-title-visibility":"","ast-main-header-display":"","ast-hfb-above-header-display":"","ast-hfb-below-header-display":"","ast-hfb-mobile-header-display":"","site-post-title":"","ast-breadcrumbs-content":"","ast-featured-img":"","footer-sml-layout":"","theme-transparent-header-meta":"default","adv-header-id-meta":"","stick-header-meta":"default","header-above-stick-meta":"","header-main-stick-meta":"","header-below-stick-meta":"","astra-migrate-meta-layouts":"default","ast-page-background-enabled":"default","ast-page-background-meta":{"desktop":{"background-color":"var(--ast-global-color-4)","background-image":"","background-repeat":"repeat","background-position":"center center","background-size":"auto","background-attachment":"scroll","background-type":"","background-media":"","overlay-type":"","overlay-color":"","overlay-opacity":"","overlay-gradient":""},"tablet":{"background-color":"","background-image":"","background-repeat":"repeat","background-position":"center center","background-size":"auto","background-attachment":"scroll","background-type":"","background-media":"","overlay-type":"","overlay-color":"","overlay-opacity":"","overlay-gradient":""},"mobile":{"background-color":"","background-image":"","background-repeat":"repeat","background-position":"center center","background-size":"auto","background-attachment":"scroll","background-type":"","background-media":"","overlay-type":"","overlay-color":"","overlay-opacity":"","overlay-gradient":""}},"ast-content-background-meta":{"desktop":{"background-color":"var(--ast-global-color-5)","background-image":"","background-repeat":"repeat","background-position":"center center","background-size":"auto","background-attachment":"scroll","background-type":"","background-media":"","overlay-type":"","overlay-color":"","overlay-opacity":"","overlay-gradient":""},"tablet":{"background-color":"var(--ast-global-color-5)","background-image":"","background-repeat":"repeat","background-position":"center center","background-size":"auto","background-attachment":"scroll","background-type":"","background-media":"","overlay-type":"","overlay-color":"","overlay-opacity":"","overlay-gradient":""},"mobile":{"background-color":"var(--ast-global-color-5)","background-image":"","background-repeat":"repeat","background-position":"center center","background-size":"auto","background-attachment":"scroll","background-type":"","background-media":"","overlay-type":"","overlay-color":"","overlay-opacity":"","overlay-gradient":""}}},"product_brand":[],"product_cat":[1603,1597,1592,1595,1587],"product_tag":[1880,3911,3913,3908,3912,3914,3844,3909,1701,3910],"class_list":{"0":"post-22204","1":"product","2":"type-product","3":"status-publish","4":"has-post-thumbnail","6":"product_cat-office","7":"product_cat-bathroom","8":"product_cat-retail-design","9":"product_cat-floor","10":"product_cat-signature","11":"product_tag-comp-color-15393","12":"product_tag-ecuran-bio-composite-flooring","13":"product_tag-hotel-lobby-floor-design","14":"product_tag-bio-based-smooth-stone-effect-floor-panel","15":"product_tag-smooth-mineral-floor-surface","16":"product_tag-underfloor-heating-compatible-floor","17":"product_tag-comp-backing-15492","18":"product_tag-middle-grey-luxury-flooring","19":"product_tag-comp-texture-16911","20":"product_tag-pvc-free-sustainable-floor-tile","21":"desktop-align-left","22":"tablet-align-left","23":"mobile-align-left","25":"first","26":"instock","27":"shipping-taxable","28":"product-type-simple"},"acf":[],"yoast_head":"<!-- This site is optimized with the Yoast SEO Premium plugin v27.4 (Yoast SEO v27.4) - https:\/\/yoast.com\/product\/yoast-seo-premium-wordpress\/ -->\n<title>Podlaha Ecuran | Hladk\u00e1 | St\u0159edn\u011b \u0161ed\u00e1<\/title>\n<meta name=\"description\" content=\"Hladk\u00e1 podlaha s efektem kamene na biologick\u00e9 b\u00e1zi v barv\u011b Middle Grey. Neobsahuje PVC, po\u017e\u00e1rn\u00ed odolnost Bfl-s1. Udr\u017eiteln\u00e1 luxusn\u00ed podlaha pro pohostinstv\u00ed, maloobchod a luxusn\u00ed bydlen\u00ed.\" \/>\n<meta name=\"robots\" content=\"index, follow, max-snippet:-1, max-image-preview:large, max-video-preview:-1\" \/>\n<link rel=\"canonical\" href=\"https:\/\/xstone.group\/cs\/product\/ecusmo10005-floor-ecuran-smooth-middle-grey\/\" \/>\n<meta property=\"og:locale\" content=\"cs_CZ\" \/>\n<meta property=\"og:type\" content=\"article\" \/>\n<meta property=\"og:title\" content=\"[ECU] Ecuran [SMO] Smooth [10005] Middle grey\" \/>\n<meta property=\"og:description\" content=\"Hladk\u00e1 podlaha s efektem kamene na biologick\u00e9 b\u00e1zi v barv\u011b Middle Grey. Neobsahuje PVC, po\u017e\u00e1rn\u00ed odolnost Bfl-s1. Udr\u017eiteln\u00e1 luxusn\u00ed podlaha pro pohostinstv\u00ed, maloobchod a luxusn\u00ed bydlen\u00ed.\" \/>\n<meta property=\"og:url\" content=\"https:\/\/xstone.group\/cs\/product\/ecusmo10005-floor-ecuran-smooth-middle-grey\/\" \/>\n<meta property=\"og:site_name\" content=\"XSTONE\" \/>\n<meta property=\"article:publisher\" content=\"https:\/\/www.facebook.com\/Xstonesurfaces1\/\" \/>\n<meta property=\"og:image\" content=\"https:\/\/xstone.group\/wp-content\/uploads\/2026\/04\/XSTONE_Mineral-Veneer_1423.webp\" \/>\n\t<meta property=\"og:image:width\" content=\"1920\" \/>\n\t<meta property=\"og:image:height\" content=\"1080\" \/>\n\t<meta property=\"og:image:type\" content=\"image\/webp\" \/>\n<meta name=\"twitter:card\" content=\"summary_large_image\" \/>\n<meta name=\"twitter:label1\" content=\"Odhadovan\u00e1 doba \u010dten\u00ed\" \/>\n\t<meta name=\"twitter:data1\" content=\"2 minuty\" \/>\n<script type=\"application\/ld+json\" class=\"yoast-schema-graph\">{\"@context\":\"https:\\\/\\\/schema.org\",\"@graph\":[{\"@type\":\"WebPage\",\"@id\":\"https:\\\/\\\/xstone.group\\\/cs\\\/product\\\/ecusmo10005-floor-ecuran-smooth-middle-grey\\\/\",\"url\":\"https:\\\/\\\/xstone.group\\\/cs\\\/product\\\/ecusmo10005-floor-ecuran-smooth-middle-grey\\\/\",\"name\":\"Podlaha Ecuran | Hladk\u00e1 | St\u0159edn\u011b \u0161ed\u00e1\",\"isPartOf\":{\"@id\":\"https:\\\/\\\/xstone.group\\\/cs\\\/#website\"},\"primaryImageOfPage\":{\"@id\":\"https:\\\/\\\/xstone.group\\\/cs\\\/product\\\/ecusmo10005-floor-ecuran-smooth-middle-grey\\\/#primaryimage\"},\"image\":{\"@id\":\"https:\\\/\\\/xstone.group\\\/cs\\\/product\\\/ecusmo10005-floor-ecuran-smooth-middle-grey\\\/#primaryimage\"},\"thumbnailUrl\":\"https:\\\/\\\/xstone.group\\\/wp-content\\\/uploads\\\/2026\\\/04\\\/XSTONE_Mineral-Veneer_1423.webp\",\"datePublished\":\"2026-04-13T12:21:25+00:00\",\"description\":\"Hladk\u00e1 podlaha s efektem kamene na biologick\u00e9 b\u00e1zi v barv\u011b Middle Grey. Neobsahuje PVC, po\u017e\u00e1rn\u00ed odolnost Bfl-s1. Udr\u017eiteln\u00e1 luxusn\u00ed podlaha pro pohostinstv\u00ed, maloobchod a luxusn\u00ed bydlen\u00ed.\",\"breadcrumb\":{\"@id\":\"https:\\\/\\\/xstone.group\\\/cs\\\/product\\\/ecusmo10005-floor-ecuran-smooth-middle-grey\\\/#breadcrumb\"},\"inLanguage\":\"cs\",\"potentialAction\":[{\"@type\":\"ReadAction\",\"target\":[\"https:\\\/\\\/xstone.group\\\/cs\\\/product\\\/ecusmo10005-floor-ecuran-smooth-middle-grey\\\/\"]}]},{\"@type\":\"ImageObject\",\"inLanguage\":\"cs\",\"@id\":\"https:\\\/\\\/xstone.group\\\/cs\\\/product\\\/ecusmo10005-floor-ecuran-smooth-middle-grey\\\/#primaryimage\",\"url\":\"https:\\\/\\\/xstone.group\\\/wp-content\\\/uploads\\\/2026\\\/04\\\/XSTONE_Mineral-Veneer_1423.webp\",\"contentUrl\":\"https:\\\/\\\/xstone.group\\\/wp-content\\\/uploads\\\/2026\\\/04\\\/XSTONE_Mineral-Veneer_1423.webp\",\"width\":1920,\"height\":1080,\"caption\":\"smooth concrete flooring middle grey\"},{\"@type\":\"BreadcrumbList\",\"@id\":\"https:\\\/\\\/xstone.group\\\/cs\\\/product\\\/ecusmo10005-floor-ecuran-smooth-middle-grey\\\/#breadcrumb\",\"itemListElement\":[{\"@type\":\"ListItem\",\"position\":1,\"name\":\"Home\",\"item\":\"https:\\\/\\\/xstone.group\\\/cs\\\/\"},{\"@type\":\"ListItem\",\"position\":2,\"name\":\"Produkty\",\"item\":\"https:\\\/\\\/xstone.group\\\/cs\\\/shop\\\/\"},{\"@type\":\"ListItem\",\"position\":3,\"name\":\"[ECU] Ecuran [SMO] Smooth [10005] Middle grey\"}]},{\"@type\":\"WebSite\",\"@id\":\"https:\\\/\\\/xstone.group\\\/cs\\\/#website\",\"url\":\"https:\\\/\\\/xstone.group\\\/cs\\\/\",\"name\":\"XSTONE\",\"description\":\"Autentick\u00e1 a neomezen\u00e1 kr\u00e1sa miner\u00e1l\u016f, nespoutan\u00e1 gravitac\u00ed\",\"potentialAction\":[{\"@type\":\"SearchAction\",\"target\":{\"@type\":\"EntryPoint\",\"urlTemplate\":\"https:\\\/\\\/xstone.group\\\/cs\\\/?s={search_term_string}\"},\"query-input\":{\"@type\":\"PropertyValueSpecification\",\"valueRequired\":true,\"valueName\":\"search_term_string\"}}],\"inLanguage\":\"cs\"}]}<\/script>\n<!-- \/ Yoast SEO Premium plugin. -->","yoast_head_json":{"title":"Podlaha Ecuran | Hladk\u00e1 | St\u0159edn\u011b \u0161ed\u00e1","description":"Hladk\u00e1 podlaha s efektem kamene na biologick\u00e9 b\u00e1zi v barv\u011b Middle Grey. Neobsahuje PVC, po\u017e\u00e1rn\u00ed odolnost Bfl-s1. Udr\u017eiteln\u00e1 luxusn\u00ed podlaha pro pohostinstv\u00ed, maloobchod a luxusn\u00ed bydlen\u00ed.","robots":{"index":"index","follow":"follow","max-snippet":"max-snippet:-1","max-image-preview":"max-image-preview:large","max-video-preview":"max-video-preview:-1"},"canonical":"https:\/\/xstone.group\/cs\/product\/ecusmo10005-floor-ecuran-smooth-middle-grey\/","og_locale":"cs_CZ","og_type":"article","og_title":"[ECU] Ecuran [SMO] Smooth [10005] Middle grey","og_description":"Hladk\u00e1 podlaha s efektem kamene na biologick\u00e9 b\u00e1zi v barv\u011b Middle Grey. Neobsahuje PVC, po\u017e\u00e1rn\u00ed odolnost Bfl-s1. Udr\u017eiteln\u00e1 luxusn\u00ed podlaha pro pohostinstv\u00ed, maloobchod a luxusn\u00ed bydlen\u00ed.","og_url":"https:\/\/xstone.group\/cs\/product\/ecusmo10005-floor-ecuran-smooth-middle-grey\/","og_site_name":"XSTONE","article_publisher":"https:\/\/www.facebook.com\/Xstonesurfaces1\/","og_image":[{"width":1920,"height":1080,"url":"https:\/\/xstone.group\/wp-content\/uploads\/2026\/04\/XSTONE_Mineral-Veneer_1423.webp","type":"image\/webp"}],"twitter_card":"summary_large_image","twitter_misc":{"Odhadovan\u00e1 doba \u010dten\u00ed":"2 minuty"},"schema":{"@context":"https:\/\/schema.org","@graph":[{"@type":"WebPage","@id":"https:\/\/xstone.group\/cs\/product\/ecusmo10005-floor-ecuran-smooth-middle-grey\/","url":"https:\/\/xstone.group\/cs\/product\/ecusmo10005-floor-ecuran-smooth-middle-grey\/","name":"Podlaha Ecuran | Hladk\u00e1 | St\u0159edn\u011b \u0161ed\u00e1","isPartOf":{"@id":"https:\/\/xstone.group\/cs\/#website"},"primaryImageOfPage":{"@id":"https:\/\/xstone.group\/cs\/product\/ecusmo10005-floor-ecuran-smooth-middle-grey\/#primaryimage"},"image":{"@id":"https:\/\/xstone.group\/cs\/product\/ecusmo10005-floor-ecuran-smooth-middle-grey\/#primaryimage"},"thumbnailUrl":"https:\/\/xstone.group\/wp-content\/uploads\/2026\/04\/XSTONE_Mineral-Veneer_1423.webp","datePublished":"2026-04-13T12:21:25+00:00","description":"Hladk\u00e1 podlaha s efektem kamene na biologick\u00e9 b\u00e1zi v barv\u011b Middle Grey. Neobsahuje PVC, po\u017e\u00e1rn\u00ed odolnost Bfl-s1. Udr\u017eiteln\u00e1 luxusn\u00ed podlaha pro pohostinstv\u00ed, maloobchod a luxusn\u00ed bydlen\u00ed.","breadcrumb":{"@id":"https:\/\/xstone.group\/cs\/product\/ecusmo10005-floor-ecuran-smooth-middle-grey\/#breadcrumb"},"inLanguage":"cs","potentialAction":[{"@type":"ReadAction","target":["https:\/\/xstone.group\/cs\/product\/ecusmo10005-floor-ecuran-smooth-middle-grey\/"]}]},{"@type":"ImageObject","inLanguage":"cs","@id":"https:\/\/xstone.group\/cs\/product\/ecusmo10005-floor-ecuran-smooth-middle-grey\/#primaryimage","url":"https:\/\/xstone.group\/wp-content\/uploads\/2026\/04\/XSTONE_Mineral-Veneer_1423.webp","contentUrl":"https:\/\/xstone.group\/wp-content\/uploads\/2026\/04\/XSTONE_Mineral-Veneer_1423.webp","width":1920,"height":1080,"caption":"smooth concrete flooring middle grey"},{"@type":"BreadcrumbList","@id":"https:\/\/xstone.group\/cs\/product\/ecusmo10005-floor-ecuran-smooth-middle-grey\/#breadcrumb","itemListElement":[{"@type":"ListItem","position":1,"name":"Home","item":"https:\/\/xstone.group\/cs\/"},{"@type":"ListItem","position":2,"name":"Produkty","item":"https:\/\/xstone.group\/cs\/shop\/"},{"@type":"ListItem","position":3,"name":"[ECU] Ecuran [SMO] Smooth [10005] Middle grey"}]},{"@type":"WebSite","@id":"https:\/\/xstone.group\/cs\/#website","url":"https:\/\/xstone.group\/cs\/","name":"XSTONE","description":"Autentick\u00e1 a neomezen\u00e1 kr\u00e1sa miner\u00e1l\u016f, nespoutan\u00e1 gravitac\u00ed","potentialAction":[{"@type":"SearchAction","target":{"@type":"EntryPoint","urlTemplate":"https:\/\/xstone.group\/cs\/?s={search_term_string}"},"query-input":{"@type":"PropertyValueSpecification","valueRequired":true,"valueName":"search_term_string"}}],"inLanguage":"cs"}]}},"spectra_custom_meta":{"_last_translation_edit_mode":["translation-editor"],"_product_attributes":["a:8:{s:7:\"backing\";a:6:{s:4:\"name\";s:7:\"Backing\";s:5:\"value\";s:6:\"Ecuran\";s:8:\"position\";i:0;s:10:\"is_visible\";i:1;s:12:\"is_variation\";i:0;s:11:\"is_taxonomy\";i:0;}s:7:\"texture\";a:6:{s:4:\"name\";s:7:\"Texture\";s:5:\"value\";s:13:\"Hladk\u00fd beton\";s:8:\"position\";i:1;s:10:\"is_visible\";i:1;s:12:\"is_variation\";i:0;s:11:\"is_taxonomy\";i:0;}s:5:\"color\";a:6:{s:4:\"name\";s:5:\"Color\";s:5:\"value\";s:16:\"St\u0159edn\u00ed \u0161ed\u00e1\";s:8:\"position\";i:2;s:10:\"is_visible\";i:1;s:12:\"is_variation\";i:0;s:11:\"is_taxonomy\";i:0;}s:4:\"size\";a:6:{s:4:\"name\";s:4:\"Size\";s:5:\"value\";s:63:\"1200 x 800 mm; 3000 x 1000 mm; dal\u0161\u00ed rozm\u011bry na vy\u017e\u00e1d\u00e1n\u00ed\";s:8:\"position\";i:3;s:10:\"is_visible\";i:1;s:12:\"is_variation\";i:0;s:11:\"is_taxonomy\";i:0;}s:9:\"thickness\";a:6:{s:4:\"name\";s:9:\"Thickness\";s:5:\"value\";s:12:\"2,5 mm, 5 mm\";s:8:\"position\";i:4;s:10:\"is_visible\";i:1;s:12:\"is_variation\";i:0;s:11:\"is_taxonomy\";i:0;}s:6:\"finish\";a:6:{s:4:\"name\";s:6:\"Finish\";s:5:\"value\";s:4:\"Matt\";s:8:\"position\";i:5;s:10:\"is_visible\";i:1;s:12:\"is_variation\";i:0;s:11:\"is_taxonomy\";i:0;}s:11:\"composition\";a:6:{s:4:\"name\";s:11:\"Composition\";s:5:\"value\";s:263:\"Vrchn\u00ed vrstva PU s intenzivn\u00edm provozem + Akrylov\u00e1 barva nebo UV tisk + Dekorativn\u00ed miner\u00e1ln\u00ed d\u00fdha 1 mm (90 % kamenn\u00e9ho pr\u00e1\u0161ku) + Z\u00e1kladn\u00ed vrstva: vysoce v\u00fdkonn\u00fd kompozitn\u00ed materi\u00e1l ecuran 4 mm + Podklad: Materi\u00e1l: + integrovan\u00fd FleeceTEC-System\";s:8:\"position\";i:6;s:10:\"is_visible\";i:1;s:12:\"is_variation\";i:0;s:11:\"is_taxonomy\";i:0;}s:11:\"fire-rating\";a:6:{s:4:\"name\";s:11:\"Fire Rating\";s:5:\"value\";s:6:\"Bfl-s1\";s:8:\"position\";i:7;s:10:\"is_visible\";i:1;s:12:\"is_variation\";i:0;s:11:\"is_taxonomy\";i:0;}}"],"attr_label_translations":["a:1:{s:2:\"cs\";a:8:{s:7:\"backing\";s:13:\"Z\u00e1lohov\u00e1n\u00ed\";s:7:\"texture\";s:7:\"Textura\";s:5:\"color\";s:5:\"Barva\";s:4:\"size\";s:8:\"Velikost\";s:9:\"thickness\";s:10:\"Tlou\u0161\u0165ka\";s:6:\"finish\";s:11:\"Dokon\u010den\u00ed\";s:11:\"composition\";s:9:\"Slo\u017een\u00ed\";s:11:\"fire-rating\";s:19:\"Po\u017e\u00e1rn\u00ed odolnost\";}}"],"_wcml_average_rating":[null],"_wcml_review_count":[null],"_wcml_rating_count":[null],"_yoast_wpseo_primary_product_cat":["332"],"_backorders":["no"],"_download_limit":["-1"],"_download_expiry":["-1"],"_downloadable":["no"],"_manage_stock":["no"],"_sku":["ECUSMO10005"],"_stock_status":["instock"],"_sold_individually":["no"],"_tax_class":[""],"_tax_status":["taxable"],"_virtual":["no"],"total_sales":["0"],"_wpml_media_duplicate":["1"],"_wpml_media_featured":["1"],"stick-header-meta":["default"],"site-sidebar-layout":["default"],"theme-transparent-header-meta":["default"],"ast-site-content-layout":["default"],"site-content-style":["default"],"site-sidebar-style":["default"],"_yoast_wpseo_title":["Podlaha Ecuran | Hladk\u00e1 | St\u0159edn\u011b \u0161ed\u00e1"],"_yoast_wpseo_metadesc":["Hladk\u00e1 podlaha s efektem kamene na biologick\u00e9 b\u00e1zi v barv\u011b Middle Grey. Neobsahuje PVC, po\u017e\u00e1rn\u00ed odolnost Bfl-s1. Udr\u017eiteln\u00e1 luxusn\u00ed podlaha pro pohostinstv\u00ed, maloobchod a luxusn\u00ed bydlen\u00ed."],"_yoast_wpseo_focuskw":["hladk\u00e1 betonov\u00e1 podlaha st\u0159edn\u00ed \u0161ed\u00e1"],"_upsell_ids":["a:3:{i:0;N;i:1;N;i:2;N;}"],"_thumbnail_id":["22210"],"_wpml_word_count":["309"],"_elementor_edit_mode":["builder"],"_selectproduct_layout":["18245"],"woolentor_views_count_product":["5"],"_uag_css_file_name":["uag-css-22204.css"],"_uag_js_file_name":["uag-js-22204.js"],"tp_widgets":["a:2:{s:7:\"widgets\";a:6:{i:0;s:18:\"plus-list-skeleton\";i:1;s:22:\"plus-listing-load-more\";i:2;s:18:\"plus-listing-metro\";i:3;s:18:\"tp-product-listout\";i:4;s:17:\"tp-single-style_1\";i:5;s:19:\"tp-woo-single-image\";}s:9:\"update_at\";s:10:\"1776541402\";}"],"_elementor_page_assets":["a:0:{}"],"_elementor_css":["a:7:{s:4:\"time\";i:1776634896;s:5:\"fonts\";a:0:{}s:5:\"icons\";a:0:{}s:20:\"dynamic_elements_ids\";a:0:{}s:6:\"status\";s:5:\"empty\";i:0;s:0:\"\";s:3:\"css\";s:0:\"\";}"],"_wc_rating_count":[""],"_wc_review_count":[""],"_wc_average_rating":[0]},"uagb_featured_image_src":{"full":["https:\/\/xstone.group\/wp-content\/uploads\/2026\/04\/XSTONE_Mineral-Veneer_1423.webp",1920,1080,false],"thumbnail":["https:\/\/xstone.group\/wp-content\/uploads\/2026\/04\/XSTONE_Mineral-Veneer_1423-150x150.webp",150,150,true],"medium":["https:\/\/xstone.group\/wp-content\/uploads\/2026\/04\/XSTONE_Mineral-Veneer_1423-300x169.webp",300,169,true],"medium_large":["https:\/\/xstone.group\/wp-content\/uploads\/2026\/04\/XSTONE_Mineral-Veneer_1423-768x432.webp",768,432,true],"large":["https:\/\/xstone.group\/wp-content\/uploads\/2026\/04\/XSTONE_Mineral-Veneer_1423-1024x576.webp",1024,576,true],"1536x1536":["https:\/\/xstone.group\/wp-content\/uploads\/2026\/04\/XSTONE_Mineral-Veneer_1423-1536x864.webp",1536,864,true],"2048x2048":["https:\/\/xstone.group\/wp-content\/uploads\/2026\/04\/XSTONE_Mineral-Veneer_1423.webp",1920,1080,false],"tp-image-grid":["https:\/\/xstone.group\/wp-content\/uploads\/2026\/04\/XSTONE_Mineral-Veneer_1423-700x700.webp",700,700,true],"tenweb_optimizer_mobile":["https:\/\/xstone.group\/wp-content\/uploads\/2026\/04\/XSTONE_Mineral-Veneer_1423-600x338.webp",600,338,true],"tenweb_optimizer_tablet":["https:\/\/xstone.group\/wp-content\/uploads\/2026\/04\/XSTONE_Mineral-Veneer_1423-768x432.webp",768,432,true],"woocommerce_thumbnail":["https:\/\/xstone.group\/wp-content\/uploads\/2026\/04\/XSTONE_Mineral-Veneer_1423-300x300.webp",300,300,true],"woocommerce_single":["https:\/\/xstone.group\/wp-content\/uploads\/2026\/04\/XSTONE_Mineral-Veneer_1423-600x338.webp",600,338,true],"woocommerce_gallery_thumbnail":["https:\/\/xstone.group\/wp-content\/uploads\/2026\/04\/XSTONE_Mineral-Veneer_1423-100x100.webp",100,100,true]},"uagb_author_info":{"display_name":"laurent.gomez@xstone.group","author_link":"https:\/\/xstone.group\/cs\/author\/"},"uagb_comment_info":0,"uagb_excerpt":"Nejtrvanliv\u011bj\u0161\u00ed podlahy jsou ty, kter\u00fdch si p\u0159estanete v\u0161\u00edmat &#8211; proto\u017ee tam prost\u011b pat\u0159\u00ed. XSTONE Floor Ecuran Smooth Middle Grey je hladk\u00e1 podlahov\u00e1 deska s efektem kamene na biologick\u00e9 b\u00e1zi, kter\u00e1 je ur\u010dena pro prostory, kde je d\u016fle\u017eit\u011bj\u0161\u00ed dlouh\u00e1 \u017eivotnost ne\u017e trend a p\u0159\u00edtomnost ne\u017e v\u00fdkon. Struktura Smooth pokl\u00e1d\u00e1 z\u00e1klad \u010dist\u00e9ho architektonick\u00e9ho klidu: jednolit\u00e1, sametov\u00e1 miner\u00e1ln\u00ed&hellip;","_links":{"self":[{"href":"https:\/\/xstone.group\/cs\/wp-json\/wp\/v2\/product\/22204","targetHints":{"allow":["GET"]}}],"collection":[{"href":"https:\/\/xstone.group\/cs\/wp-json\/wp\/v2\/product"}],"about":[{"href":"https:\/\/xstone.group\/cs\/wp-json\/wp\/v2\/types\/product"}],"replies":[{"embeddable":true,"href":"https:\/\/xstone.group\/cs\/wp-json\/wp\/v2\/comments?post=22204"}],"wp:featuredmedia":[{"embeddable":true,"href":"https:\/\/xstone.group\/cs\/wp-json\/wp\/v2\/media\/22210"}],"wp:attachment":[{"href":"https:\/\/xstone.group\/cs\/wp-json\/wp\/v2\/media?parent=22204"}],"wp:term":[{"taxonomy":"product_brand","embeddable":true,"href":"https:\/\/xstone.group\/cs\/wp-json\/wp\/v2\/product_brand?post=22204"},{"taxonomy":"product_cat","embeddable":true,"href":"https:\/\/xstone.group\/cs\/wp-json\/wp\/v2\/product_cat?post=22204"},{"taxonomy":"product_tag","embeddable":true,"href":"https:\/\/xstone.group\/cs\/wp-json\/wp\/v2\/product_tag?post=22204"}],"curies":[{"name":"wp","href":"https:\/\/api.w.org\/{rel}","templated":true}]}}