{"id":22254,"date":"2026-04-13T13:36:31","date_gmt":"2026-04-13T13:36:31","guid":{"rendered":"https:\/\/xstone.group\/product\/ecu-ecuran-smo-smooth-10048-black\/"},"modified":"2026-04-13T13:36:31","modified_gmt":"2026-04-13T13:36:31","slug":"ecusmo10048-floor-ecuran-smooth-concrete-black","status":"publish","type":"product","link":"https:\/\/xstone.group\/cs\/product\/ecusmo10048-floor-ecuran-smooth-concrete-black\/","title":{"rendered":"[ECU] Ecuran [SMO] Smooth [10048] Black"},"content":{"rendered":"<p class=\"font-claude-response-body break-words whitespace-normal leading-[1.7]\">\u010cern\u00e1 podlaha nen\u00ed jen ukotven\u00edm m\u00edstnosti. Vl\u00e1dnou j\u00ed. <\/p>\n<p class=\"font-claude-response-body break-words whitespace-normal leading-[1.7]\">XSTONE Ecuran Smooth Black je \u010dern\u00e1 miner\u00e1ln\u00ed podlaha na biologick\u00e9 b\u00e1zi, kter\u00e1 vn\u00e1\u0161\u00ed do ka\u017ed\u00e9ho prostoru absolutn\u00ed designovou p\u0159esv\u011bd\u010divost. Struktura Smooth vytv\u00e1\u0159\u00ed nep\u0159eru\u0161ovan\u00fd miner\u00e1ln\u00ed povrch &#8211; jednolitou, sametovou strukturu tich\u00e9 dokonalosti &#8211; kter\u00fd se v hlubok\u00e9, zemit\u011b uhlov\u011b hn\u011bd\u00e9 \u010dern\u00e9 barv\u011b st\u00e1v\u00e1 n\u011b\u010d\u00edm, co se vymyk\u00e1 barv\u011b. Povrch, kter\u00fd pohlcuje sv\u011btlo a odhaluje jemn\u00fd reli\u00e9f jako k\u00e1men tvarovan\u00fd ohn\u011bm a \u010dasem. Uzemn\u011bn\u00fd. Siln\u00fd. Ti\u0161e sofistikovan\u00fd.     <\/p>\n<p class=\"font-claude-response-body break-words whitespace-normal leading-[1.7]\">Tato podlaha je ur\u010dena pro prostory, kter\u00e9 zaujmou hned p\u0159i vstupu. Luxusn\u00ed hotelov\u00e9 apartm\u00e1, kde tma vytv\u00e1\u0159\u00ed intimitu. Pr\u00e9miov\u00fd maloobchodn\u00ed interi\u00e9r, kde \u010dern\u00e1 barva uzem\u0148uje ka\u017ed\u00fd p\u0159edm\u011bt vystaven\u00fd nad n\u00edm. Architektonick\u00e1 rezidence, kde je podlaha nejodv\u00e1\u017en\u011bj\u0161\u00edm a nejpromy\u0161len\u011bj\u0161\u00edm designov\u00fdm rozhodnut\u00edm v m\u00edstnosti. Hladk\u00e1 textura dod\u00e1v\u00e1 t\u00e9to temnot\u011b zdr\u017eenlivost a kontinuitu; to, co by mohlo zahltit, se m\u00edsto toho usad\u00ed v prostoru s hloubkou a silou.    <\/p>\n<p class=\"font-claude-response-body break-words whitespace-normal leading-[1.7]\">Pod p\u0159esv\u011bd\u010div\u00fdm povrchem se skr\u00fdv\u00e1 biokompozitn\u00ed j\u00e1dro Ecuran, kter\u00e9 se vyzna\u010duje v\u00fdkonem bez kompromis\u016f: neobsahuje PVC, rozpou\u0161t\u011bdla, je vyrobeno z rostlinn\u00fdch olej\u016f a p\u0159\u00edrodn\u00edch k\u0159\u00eddov\u00fdch miner\u00e1l\u016f. Pru\u017en\u00fd pod nohama. Akusticky komfortn\u00ed. Vytvo\u0159eno pro n\u00e1ro\u010dn\u00e9 komer\u010dn\u00ed a \u0161pi\u010dkov\u00e9 obytn\u00e9 pou\u017eit\u00ed. Certifik\u00e1t Bfl-s1 pro po\u017e\u00e1rn\u00ed bezpe\u010dnost, kompatibiln\u00ed s podlahov\u00fdm vyt\u00e1p\u011bn\u00edm a mokr\u00fdmi prostory, schv\u00e1leno organizacemi Blue Angel, Cradle to Cradle a GREENGUARD.    <\/p>\n<p class=\"font-claude-response-body break-words whitespace-normal leading-[1.7]\">Pro ty, kte\u0159\u00ed ch\u00e1pou, \u017ee nejtemn\u011bj\u0161\u00ed podlahy vrhaj\u00ed nejdel\u0161\u00ed st\u00edny elegance.<\/p>\n","protected":false},"excerpt":{"rendered":"<p>\u010cern\u00e1 podlaha nen\u00ed jen ukotven\u00edm m\u00edstnosti. Vl\u00e1dnou j\u00ed. XSTONE Ecuran Smooth Black je \u010dern\u00e1 miner\u00e1ln\u00ed podlaha na biologick\u00e9 b\u00e1zi, kter\u00e1 vn\u00e1\u0161\u00ed do ka\u017ed\u00e9ho prostoru absolutn\u00ed designovou p\u0159esv\u011bd\u010divost. Struktura Smooth vytv\u00e1\u0159\u00ed nep\u0159eru\u0161ovan\u00fd miner\u00e1ln\u00ed povrch &#8211; jednolitou, sametovou strukturu tich\u00e9 dokonalosti &#8211; kter\u00fd se v hlubok\u00e9, zemit\u011b uhlov\u011b hn\u011bd\u00e9 \u010dern\u00e9 barv\u011b st\u00e1v\u00e1 n\u011b\u010d\u00edm, co se vymyk\u00e1 barv\u011b. [&hellip;]<\/p>\n","protected":false},"featured_media":22263,"comment_status":"open","ping_status":"closed","template":"","meta":{"_acf_changed":false,"_uag_custom_page_level_css":"","site-sidebar-layout":"default","site-content-layout":"","ast-site-content-layout":"default","site-content-style":"default","site-sidebar-style":"default","ast-global-header-display":"","ast-banner-title-visibility":"","ast-main-header-display":"","ast-hfb-above-header-display":"","ast-hfb-below-header-display":"","ast-hfb-mobile-header-display":"","site-post-title":"","ast-breadcrumbs-content":"","ast-featured-img":"","footer-sml-layout":"","theme-transparent-header-meta":"default","adv-header-id-meta":"","stick-header-meta":"default","header-above-stick-meta":"","header-main-stick-meta":"","header-below-stick-meta":"","astra-migrate-meta-layouts":"default","ast-page-background-enabled":"default","ast-page-background-meta":{"desktop":{"background-color":"var(--ast-global-color-4)","background-image":"","background-repeat":"repeat","background-position":"center center","background-size":"auto","background-attachment":"scroll","background-type":"","background-media":"","overlay-type":"","overlay-color":"","overlay-opacity":"","overlay-gradient":""},"tablet":{"background-color":"","background-image":"","background-repeat":"repeat","background-position":"center center","background-size":"auto","background-attachment":"scroll","background-type":"","background-media":"","overlay-type":"","overlay-color":"","overlay-opacity":"","overlay-gradient":""},"mobile":{"background-color":"","background-image":"","background-repeat":"repeat","background-position":"center center","background-size":"auto","background-attachment":"scroll","background-type":"","background-media":"","overlay-type":"","overlay-color":"","overlay-opacity":"","overlay-gradient":""}},"ast-content-background-meta":{"desktop":{"background-color":"var(--ast-global-color-5)","background-image":"","background-repeat":"repeat","background-position":"center center","background-size":"auto","background-attachment":"scroll","background-type":"","background-media":"","overlay-type":"","overlay-color":"","overlay-opacity":"","overlay-gradient":""},"tablet":{"background-color":"var(--ast-global-color-5)","background-image":"","background-repeat":"repeat","background-position":"center center","background-size":"auto","background-attachment":"scroll","background-type":"","background-media":"","overlay-type":"","overlay-color":"","overlay-opacity":"","overlay-gradient":""},"mobile":{"background-color":"var(--ast-global-color-5)","background-image":"","background-repeat":"repeat","background-position":"center center","background-size":"auto","background-attachment":"scroll","background-type":"","background-media":"","overlay-type":"","overlay-color":"","overlay-opacity":"","overlay-gradient":""}}},"product_brand":[],"product_cat":[1603,1597,1592,1595,1587],"product_tag":[2068,4013,4011,4019,4022,4015,3844,4020,4023,1701,4017,4021],"class_list":{"0":"post-22254","1":"product","2":"type-product","3":"status-publish","4":"has-post-thumbnail","6":"product_cat-office","7":"product_cat-bathroom","8":"product_cat-retail-design","9":"product_cat-floor","10":"product_cat-signature","11":"product_tag-comp-color-17303","12":"product_tag-black-luxury-floor-tile","13":"product_tag-bio-based-black-mineral-flooring","14":"product_tag-black-hotel-lobby-flooring","15":"product_tag-dramatic-luxury-floor-design","16":"product_tag-smooth-black-stone-effect-floor","17":"product_tag-comp-backing-15492","18":"product_tag-premium-dark-interior-flooring","19":"product_tag-flexible-stone-effect-black-floor","20":"product_tag-comp-texture-16911","21":"product_tag-pvc-free-dark-flooring","22":"product_tag-sustainable-black-floor-panel","23":"desktop-align-left","24":"tablet-align-left","25":"mobile-align-left","27":"first","28":"instock","29":"shipping-taxable","30":"product-type-simple"},"acf":[],"yoast_head":"<!-- This site is optimized with the Yoast SEO Premium plugin v27.4 (Yoast SEO v27.4) - https:\/\/yoast.com\/product\/yoast-seo-premium-wordpress\/ -->\n<title>Podlaha Ecuran | hladk\u00e1 | \u010dern\u00e1<\/title>\n<meta name=\"description\" content=\"\u010cern\u00e1 betonov\u00e1 podlaha, hladk\u00e1 struktura. Ecuran bez PVC, po\u017e\u00e1rn\u00ed t\u0159\u00edda Bfl-s1. Luxusn\u00ed tmav\u00e1 podlaha pro pr\u00e9miov\u00e9 hotely, maloobchodn\u00ed a architektonick\u00e9 interi\u00e9ry.\" \/>\n<meta name=\"robots\" content=\"index, follow, max-snippet:-1, max-image-preview:large, max-video-preview:-1\" \/>\n<link rel=\"canonical\" href=\"https:\/\/xstone.group\/cs\/product\/ecusmo10048-floor-ecuran-smooth-concrete-black\/\" \/>\n<meta property=\"og:locale\" content=\"cs_CZ\" \/>\n<meta property=\"og:type\" content=\"article\" \/>\n<meta property=\"og:title\" content=\"[ECU] Ecuran [SMO] Smooth [10048] Black\" \/>\n<meta property=\"og:description\" content=\"\u010cern\u00e1 betonov\u00e1 podlaha, hladk\u00e1 struktura. Ecuran bez PVC, po\u017e\u00e1rn\u00ed t\u0159\u00edda Bfl-s1. Luxusn\u00ed tmav\u00e1 podlaha pro pr\u00e9miov\u00e9 hotely, maloobchodn\u00ed a architektonick\u00e9 interi\u00e9ry.\" \/>\n<meta property=\"og:url\" content=\"https:\/\/xstone.group\/cs\/product\/ecusmo10048-floor-ecuran-smooth-concrete-black\/\" \/>\n<meta property=\"og:site_name\" content=\"XSTONE\" \/>\n<meta property=\"article:publisher\" content=\"https:\/\/www.facebook.com\/Xstonesurfaces1\/\" \/>\n<meta property=\"og:image\" content=\"https:\/\/xstone.group\/wp-content\/uploads\/2026\/04\/XSTONE_Mineral-Veneer_0009.webp\" \/>\n\t<meta property=\"og:image:width\" content=\"1920\" \/>\n\t<meta property=\"og:image:height\" content=\"1080\" \/>\n\t<meta property=\"og:image:type\" content=\"image\/webp\" \/>\n<meta name=\"twitter:card\" content=\"summary_large_image\" \/>\n<meta name=\"twitter:label1\" content=\"Odhadovan\u00e1 doba \u010dten\u00ed\" \/>\n\t<meta name=\"twitter:data1\" content=\"1 minuta\" \/>\n<script type=\"application\/ld+json\" class=\"yoast-schema-graph\">{\"@context\":\"https:\\\/\\\/schema.org\",\"@graph\":[{\"@type\":\"WebPage\",\"@id\":\"https:\\\/\\\/xstone.group\\\/cs\\\/product\\\/ecusmo10048-floor-ecuran-smooth-concrete-black\\\/\",\"url\":\"https:\\\/\\\/xstone.group\\\/cs\\\/product\\\/ecusmo10048-floor-ecuran-smooth-concrete-black\\\/\",\"name\":\"Podlaha Ecuran | hladk\u00e1 | \u010dern\u00e1\",\"isPartOf\":{\"@id\":\"https:\\\/\\\/xstone.group\\\/cs\\\/#website\"},\"primaryImageOfPage\":{\"@id\":\"https:\\\/\\\/xstone.group\\\/cs\\\/product\\\/ecusmo10048-floor-ecuran-smooth-concrete-black\\\/#primaryimage\"},\"image\":{\"@id\":\"https:\\\/\\\/xstone.group\\\/cs\\\/product\\\/ecusmo10048-floor-ecuran-smooth-concrete-black\\\/#primaryimage\"},\"thumbnailUrl\":\"https:\\\/\\\/xstone.group\\\/wp-content\\\/uploads\\\/2026\\\/04\\\/XSTONE_Mineral-Veneer_0009.webp\",\"datePublished\":\"2026-04-13T13:36:31+00:00\",\"description\":\"\u010cern\u00e1 betonov\u00e1 podlaha, hladk\u00e1 struktura. Ecuran bez PVC, po\u017e\u00e1rn\u00ed t\u0159\u00edda Bfl-s1. Luxusn\u00ed tmav\u00e1 podlaha pro pr\u00e9miov\u00e9 hotely, maloobchodn\u00ed a architektonick\u00e9 interi\u00e9ry.\",\"breadcrumb\":{\"@id\":\"https:\\\/\\\/xstone.group\\\/cs\\\/product\\\/ecusmo10048-floor-ecuran-smooth-concrete-black\\\/#breadcrumb\"},\"inLanguage\":\"cs\",\"potentialAction\":[{\"@type\":\"ReadAction\",\"target\":[\"https:\\\/\\\/xstone.group\\\/cs\\\/product\\\/ecusmo10048-floor-ecuran-smooth-concrete-black\\\/\"]}]},{\"@type\":\"ImageObject\",\"inLanguage\":\"cs\",\"@id\":\"https:\\\/\\\/xstone.group\\\/cs\\\/product\\\/ecusmo10048-floor-ecuran-smooth-concrete-black\\\/#primaryimage\",\"url\":\"https:\\\/\\\/xstone.group\\\/wp-content\\\/uploads\\\/2026\\\/04\\\/XSTONE_Mineral-Veneer_0009.webp\",\"contentUrl\":\"https:\\\/\\\/xstone.group\\\/wp-content\\\/uploads\\\/2026\\\/04\\\/XSTONE_Mineral-Veneer_0009.webp\",\"width\":1920,\"height\":1080,\"caption\":\"Floor smooth concrete black\"},{\"@type\":\"BreadcrumbList\",\"@id\":\"https:\\\/\\\/xstone.group\\\/cs\\\/product\\\/ecusmo10048-floor-ecuran-smooth-concrete-black\\\/#breadcrumb\",\"itemListElement\":[{\"@type\":\"ListItem\",\"position\":1,\"name\":\"Home\",\"item\":\"https:\\\/\\\/xstone.group\\\/cs\\\/\"},{\"@type\":\"ListItem\",\"position\":2,\"name\":\"Produkty\",\"item\":\"https:\\\/\\\/xstone.group\\\/cs\\\/shop\\\/\"},{\"@type\":\"ListItem\",\"position\":3,\"name\":\"[ECU] Ecuran [SMO] Smooth [10048] Black\"}]},{\"@type\":\"WebSite\",\"@id\":\"https:\\\/\\\/xstone.group\\\/cs\\\/#website\",\"url\":\"https:\\\/\\\/xstone.group\\\/cs\\\/\",\"name\":\"XSTONE\",\"description\":\"Autentick\u00e1 a neomezen\u00e1 kr\u00e1sa miner\u00e1l\u016f, nespoutan\u00e1 gravitac\u00ed\",\"potentialAction\":[{\"@type\":\"SearchAction\",\"target\":{\"@type\":\"EntryPoint\",\"urlTemplate\":\"https:\\\/\\\/xstone.group\\\/cs\\\/?s={search_term_string}\"},\"query-input\":{\"@type\":\"PropertyValueSpecification\",\"valueRequired\":true,\"valueName\":\"search_term_string\"}}],\"inLanguage\":\"cs\"}]}<\/script>\n<!-- \/ Yoast SEO Premium plugin. -->","yoast_head_json":{"title":"Podlaha Ecuran | hladk\u00e1 | \u010dern\u00e1","description":"\u010cern\u00e1 betonov\u00e1 podlaha, hladk\u00e1 struktura. Ecuran bez PVC, po\u017e\u00e1rn\u00ed t\u0159\u00edda Bfl-s1. Luxusn\u00ed tmav\u00e1 podlaha pro pr\u00e9miov\u00e9 hotely, maloobchodn\u00ed a architektonick\u00e9 interi\u00e9ry.","robots":{"index":"index","follow":"follow","max-snippet":"max-snippet:-1","max-image-preview":"max-image-preview:large","max-video-preview":"max-video-preview:-1"},"canonical":"https:\/\/xstone.group\/cs\/product\/ecusmo10048-floor-ecuran-smooth-concrete-black\/","og_locale":"cs_CZ","og_type":"article","og_title":"[ECU] Ecuran [SMO] Smooth [10048] Black","og_description":"\u010cern\u00e1 betonov\u00e1 podlaha, hladk\u00e1 struktura. Ecuran bez PVC, po\u017e\u00e1rn\u00ed t\u0159\u00edda Bfl-s1. Luxusn\u00ed tmav\u00e1 podlaha pro pr\u00e9miov\u00e9 hotely, maloobchodn\u00ed a architektonick\u00e9 interi\u00e9ry.","og_url":"https:\/\/xstone.group\/cs\/product\/ecusmo10048-floor-ecuran-smooth-concrete-black\/","og_site_name":"XSTONE","article_publisher":"https:\/\/www.facebook.com\/Xstonesurfaces1\/","og_image":[{"width":1920,"height":1080,"url":"https:\/\/xstone.group\/wp-content\/uploads\/2026\/04\/XSTONE_Mineral-Veneer_0009.webp","type":"image\/webp"}],"twitter_card":"summary_large_image","twitter_misc":{"Odhadovan\u00e1 doba \u010dten\u00ed":"1 minuta"},"schema":{"@context":"https:\/\/schema.org","@graph":[{"@type":"WebPage","@id":"https:\/\/xstone.group\/cs\/product\/ecusmo10048-floor-ecuran-smooth-concrete-black\/","url":"https:\/\/xstone.group\/cs\/product\/ecusmo10048-floor-ecuran-smooth-concrete-black\/","name":"Podlaha Ecuran | hladk\u00e1 | \u010dern\u00e1","isPartOf":{"@id":"https:\/\/xstone.group\/cs\/#website"},"primaryImageOfPage":{"@id":"https:\/\/xstone.group\/cs\/product\/ecusmo10048-floor-ecuran-smooth-concrete-black\/#primaryimage"},"image":{"@id":"https:\/\/xstone.group\/cs\/product\/ecusmo10048-floor-ecuran-smooth-concrete-black\/#primaryimage"},"thumbnailUrl":"https:\/\/xstone.group\/wp-content\/uploads\/2026\/04\/XSTONE_Mineral-Veneer_0009.webp","datePublished":"2026-04-13T13:36:31+00:00","description":"\u010cern\u00e1 betonov\u00e1 podlaha, hladk\u00e1 struktura. Ecuran bez PVC, po\u017e\u00e1rn\u00ed t\u0159\u00edda Bfl-s1. Luxusn\u00ed tmav\u00e1 podlaha pro pr\u00e9miov\u00e9 hotely, maloobchodn\u00ed a architektonick\u00e9 interi\u00e9ry.","breadcrumb":{"@id":"https:\/\/xstone.group\/cs\/product\/ecusmo10048-floor-ecuran-smooth-concrete-black\/#breadcrumb"},"inLanguage":"cs","potentialAction":[{"@type":"ReadAction","target":["https:\/\/xstone.group\/cs\/product\/ecusmo10048-floor-ecuran-smooth-concrete-black\/"]}]},{"@type":"ImageObject","inLanguage":"cs","@id":"https:\/\/xstone.group\/cs\/product\/ecusmo10048-floor-ecuran-smooth-concrete-black\/#primaryimage","url":"https:\/\/xstone.group\/wp-content\/uploads\/2026\/04\/XSTONE_Mineral-Veneer_0009.webp","contentUrl":"https:\/\/xstone.group\/wp-content\/uploads\/2026\/04\/XSTONE_Mineral-Veneer_0009.webp","width":1920,"height":1080,"caption":"Floor smooth concrete black"},{"@type":"BreadcrumbList","@id":"https:\/\/xstone.group\/cs\/product\/ecusmo10048-floor-ecuran-smooth-concrete-black\/#breadcrumb","itemListElement":[{"@type":"ListItem","position":1,"name":"Home","item":"https:\/\/xstone.group\/cs\/"},{"@type":"ListItem","position":2,"name":"Produkty","item":"https:\/\/xstone.group\/cs\/shop\/"},{"@type":"ListItem","position":3,"name":"[ECU] Ecuran [SMO] Smooth [10048] Black"}]},{"@type":"WebSite","@id":"https:\/\/xstone.group\/cs\/#website","url":"https:\/\/xstone.group\/cs\/","name":"XSTONE","description":"Autentick\u00e1 a neomezen\u00e1 kr\u00e1sa miner\u00e1l\u016f, nespoutan\u00e1 gravitac\u00ed","potentialAction":[{"@type":"SearchAction","target":{"@type":"EntryPoint","urlTemplate":"https:\/\/xstone.group\/cs\/?s={search_term_string}"},"query-input":{"@type":"PropertyValueSpecification","valueRequired":true,"valueName":"search_term_string"}}],"inLanguage":"cs"}]}},"spectra_custom_meta":{"_last_translation_edit_mode":["translation-editor"],"_product_attributes":["a:8:{s:7:\"backing\";a:6:{s:4:\"name\";s:7:\"Backing\";s:5:\"value\";s:6:\"Ecuran\";s:8:\"position\";i:0;s:10:\"is_visible\";i:1;s:12:\"is_variation\";i:0;s:11:\"is_taxonomy\";i:0;}s:7:\"texture\";a:6:{s:4:\"name\";s:7:\"Texture\";s:5:\"value\";s:13:\"Hladk\u00fd beton\";s:8:\"position\";i:1;s:10:\"is_visible\";i:1;s:12:\"is_variation\";i:0;s:11:\"is_taxonomy\";i:0;}s:5:\"color\";a:6:{s:4:\"name\";s:5:\"Color\";s:5:\"value\";s:7:\"\u010cern\u00e1\";s:8:\"position\";i:2;s:10:\"is_visible\";i:1;s:12:\"is_variation\";i:0;s:11:\"is_taxonomy\";i:0;}s:4:\"size\";a:6:{s:4:\"name\";s:4:\"Size\";s:5:\"value\";s:63:\"1200 x 800 mm; 3000 x 1000 mm; dal\u0161\u00ed rozm\u011bry na vy\u017e\u00e1d\u00e1n\u00ed\";s:8:\"position\";i:3;s:10:\"is_visible\";i:1;s:12:\"is_variation\";i:0;s:11:\"is_taxonomy\";i:0;}s:9:\"thickness\";a:6:{s:4:\"name\";s:9:\"Thickness\";s:5:\"value\";s:12:\"2,5 mm, 5 mm\";s:8:\"position\";i:4;s:10:\"is_visible\";i:1;s:12:\"is_variation\";i:0;s:11:\"is_taxonomy\";i:0;}s:6:\"finish\";a:6:{s:4:\"name\";s:6:\"Finish\";s:5:\"value\";s:4:\"Matt\";s:8:\"position\";i:5;s:10:\"is_visible\";i:1;s:12:\"is_variation\";i:0;s:11:\"is_taxonomy\";i:0;}s:11:\"composition\";a:6:{s:4:\"name\";s:11:\"Composition\";s:5:\"value\";s:263:\"Vrchn\u00ed vrstva PU s intenzivn\u00edm provozem + Akrylov\u00e1 barva nebo UV tisk + Dekorativn\u00ed miner\u00e1ln\u00ed d\u00fdha 1 mm (90 % kamenn\u00e9ho pr\u00e1\u0161ku) + Z\u00e1kladn\u00ed vrstva: vysoce v\u00fdkonn\u00fd kompozitn\u00ed materi\u00e1l ecuran 4 mm + Podklad: Materi\u00e1l: + integrovan\u00fd FleeceTEC-System\";s:8:\"position\";i:6;s:10:\"is_visible\";i:1;s:12:\"is_variation\";i:0;s:11:\"is_taxonomy\";i:0;}s:11:\"fire-rating\";a:6:{s:4:\"name\";s:11:\"Fire Rating\";s:5:\"value\";s:6:\"Bfl-s1\";s:8:\"position\";i:7;s:10:\"is_visible\";i:1;s:12:\"is_variation\";i:0;s:11:\"is_taxonomy\";i:0;}}"],"attr_label_translations":["a:1:{s:2:\"cs\";a:8:{s:7:\"backing\";s:13:\"Z\u00e1lohov\u00e1n\u00ed\";s:7:\"texture\";s:7:\"Textura\";s:5:\"color\";s:5:\"Barva\";s:4:\"size\";s:8:\"Velikost\";s:9:\"thickness\";s:10:\"Tlou\u0161\u0165ka\";s:6:\"finish\";s:11:\"Dokon\u010den\u00ed\";s:11:\"composition\";s:9:\"Slo\u017een\u00ed\";s:11:\"fire-rating\";s:19:\"Po\u017e\u00e1rn\u00ed odolnost\";}}"],"_wcml_average_rating":[null],"_wcml_review_count":[null],"_wcml_rating_count":[null],"_yoast_wpseo_primary_product_cat":["332"],"_backorders":["no"],"_download_limit":["-1"],"_download_expiry":["-1"],"_downloadable":["no"],"_manage_stock":["no"],"_sku":["ECUSMO10048"],"_stock_status":["instock"],"_sold_individually":["no"],"_tax_class":[""],"_tax_status":["taxable"],"_virtual":["no"],"total_sales":["0"],"_wpml_media_duplicate":["1"],"_wpml_media_featured":["1"],"stick-header-meta":["default"],"site-sidebar-layout":["default"],"theme-transparent-header-meta":["default"],"ast-site-content-layout":["default"],"site-content-style":["default"],"site-sidebar-style":["default"],"_yoast_wpseo_title":["Podlaha Ecuran | hladk\u00e1 | \u010dern\u00e1"],"_yoast_wpseo_metadesc":["\u010cern\u00e1 betonov\u00e1 podlaha, hladk\u00e1 struktura. Ecuran bez PVC, po\u017e\u00e1rn\u00ed t\u0159\u00edda Bfl-s1. Luxusn\u00ed tmav\u00e1 podlaha pro pr\u00e9miov\u00e9 hotely, maloobchodn\u00ed a architektonick\u00e9 interi\u00e9ry."],"_yoast_wpseo_focuskw":["Podlaha hladk\u00e1 betonov\u00e1 \u010dern\u00e1"],"_upsell_ids":["a:3:{i:0;N;i:1;N;i:2;N;}"],"_thumbnail_id":["22263"],"_wpml_word_count":["299"],"_elementor_edit_mode":["builder"],"_selectproduct_layout":["18245"],"woolentor_views_count_product":["14"],"_uag_css_file_name":["uag-css-22254.css"],"_uag_js_file_name":["uag-js-22254.js"],"tp_widgets":["a:2:{s:7:\"widgets\";a:6:{i:0;s:18:\"plus-list-skeleton\";i:1;s:22:\"plus-listing-load-more\";i:2;s:18:\"plus-listing-metro\";i:3;s:18:\"tp-product-listout\";i:4;s:17:\"tp-single-style_1\";i:5;s:19:\"tp-woo-single-image\";}s:9:\"update_at\";s:10:\"1776541402\";}"],"_wc_rating_count":[""],"_wc_review_count":[""],"_wc_average_rating":[0]},"uagb_featured_image_src":{"full":["https:\/\/xstone.group\/wp-content\/uploads\/2026\/04\/XSTONE_Mineral-Veneer_0009.webp",1920,1080,false],"thumbnail":["https:\/\/xstone.group\/wp-content\/uploads\/2026\/04\/XSTONE_Mineral-Veneer_0009-150x150.webp",150,150,true],"medium":["https:\/\/xstone.group\/wp-content\/uploads\/2026\/04\/XSTONE_Mineral-Veneer_0009-300x169.webp",300,169,true],"medium_large":["https:\/\/xstone.group\/wp-content\/uploads\/2026\/04\/XSTONE_Mineral-Veneer_0009-768x432.webp",768,432,true],"large":["https:\/\/xstone.group\/wp-content\/uploads\/2026\/04\/XSTONE_Mineral-Veneer_0009-1024x576.webp",1024,576,true],"1536x1536":["https:\/\/xstone.group\/wp-content\/uploads\/2026\/04\/XSTONE_Mineral-Veneer_0009-1536x864.webp",1536,864,true],"2048x2048":["https:\/\/xstone.group\/wp-content\/uploads\/2026\/04\/XSTONE_Mineral-Veneer_0009.webp",1920,1080,false],"tp-image-grid":["https:\/\/xstone.group\/wp-content\/uploads\/2026\/04\/XSTONE_Mineral-Veneer_0009-700x700.webp",700,700,true],"tenweb_optimizer_mobile":["https:\/\/xstone.group\/wp-content\/uploads\/2026\/04\/XSTONE_Mineral-Veneer_0009-600x338.webp",600,338,true],"tenweb_optimizer_tablet":["https:\/\/xstone.group\/wp-content\/uploads\/2026\/04\/XSTONE_Mineral-Veneer_0009-768x432.webp",768,432,true],"woocommerce_thumbnail":["https:\/\/xstone.group\/wp-content\/uploads\/2026\/04\/XSTONE_Mineral-Veneer_0009-300x300.webp",300,300,true],"woocommerce_single":["https:\/\/xstone.group\/wp-content\/uploads\/2026\/04\/XSTONE_Mineral-Veneer_0009-600x338.webp",600,338,true],"woocommerce_gallery_thumbnail":["https:\/\/xstone.group\/wp-content\/uploads\/2026\/04\/XSTONE_Mineral-Veneer_0009-100x100.webp",100,100,true]},"uagb_author_info":{"display_name":"laurent.gomez@xstone.group","author_link":"https:\/\/xstone.group\/cs\/author\/"},"uagb_comment_info":0,"uagb_excerpt":"\u010cern\u00e1 podlaha nen\u00ed jen ukotven\u00edm m\u00edstnosti. Vl\u00e1dnou j\u00ed. XSTONE Ecuran Smooth Black je \u010dern\u00e1 miner\u00e1ln\u00ed podlaha na biologick\u00e9 b\u00e1zi, kter\u00e1 vn\u00e1\u0161\u00ed do ka\u017ed\u00e9ho prostoru absolutn\u00ed designovou p\u0159esv\u011bd\u010divost. Struktura Smooth vytv\u00e1\u0159\u00ed nep\u0159eru\u0161ovan\u00fd miner\u00e1ln\u00ed povrch &#8211; jednolitou, sametovou strukturu tich\u00e9 dokonalosti &#8211; kter\u00fd se v hlubok\u00e9, zemit\u011b uhlov\u011b hn\u011bd\u00e9 \u010dern\u00e9 barv\u011b st\u00e1v\u00e1 n\u011b\u010d\u00edm, co se vymyk\u00e1 barv\u011b.&hellip;","_links":{"self":[{"href":"https:\/\/xstone.group\/cs\/wp-json\/wp\/v2\/product\/22254","targetHints":{"allow":["GET"]}}],"collection":[{"href":"https:\/\/xstone.group\/cs\/wp-json\/wp\/v2\/product"}],"about":[{"href":"https:\/\/xstone.group\/cs\/wp-json\/wp\/v2\/types\/product"}],"replies":[{"embeddable":true,"href":"https:\/\/xstone.group\/cs\/wp-json\/wp\/v2\/comments?post=22254"}],"wp:featuredmedia":[{"embeddable":true,"href":"https:\/\/xstone.group\/cs\/wp-json\/wp\/v2\/media\/22263"}],"wp:attachment":[{"href":"https:\/\/xstone.group\/cs\/wp-json\/wp\/v2\/media?parent=22254"}],"wp:term":[{"taxonomy":"product_brand","embeddable":true,"href":"https:\/\/xstone.group\/cs\/wp-json\/wp\/v2\/product_brand?post=22254"},{"taxonomy":"product_cat","embeddable":true,"href":"https:\/\/xstone.group\/cs\/wp-json\/wp\/v2\/product_cat?post=22254"},{"taxonomy":"product_tag","embeddable":true,"href":"https:\/\/xstone.group\/cs\/wp-json\/wp\/v2\/product_tag?post=22254"}],"curies":[{"name":"wp","href":"https:\/\/api.w.org\/{rel}","templated":true}]}}