{"id":22770,"date":"2026-04-13T21:07:23","date_gmt":"2026-04-13T21:07:23","guid":{"rendered":"https:\/\/xstone.group\/product\/rol-roll-mineralni-dyha-bun-beton-bunker-10004-svetle-seda\/"},"modified":"2026-04-13T21:07:23","modified_gmt":"2026-04-13T21:07:23","slug":"rolbun10004-roll-concrete-bunker-light-grey","status":"publish","type":"product","link":"https:\/\/xstone.group\/cs\/product\/rolbun10004-roll-concrete-bunker-light-grey\/","title":{"rendered":"[ROL] Roll Miner\u00e1ln\u00ed d\u00fdha [BUN] Beton Bunker [10004] Sv\u011btle \u0161ed\u00e1"},"content":{"rendered":"<p class=\"font-claude-response-body break-words whitespace-normal leading-[1.7]\">Architektura ve sv\u00e9 nejup\u0159\u00edmn\u011bj\u0161\u00ed podob\u011b mluv\u00ed konkr\u00e9tn\u011b. Toto je tento jazyk &#8211; vydestilovan\u00fd, zjemn\u011bn\u00fd a zbaven\u00fd z\u00e1t\u011b\u017ee. <\/p>\n<p class=\"font-claude-response-body break-words whitespace-normal leading-[1.7]\">XSTONE Roll Mineral Veneer v barv\u011b Concrete Bunker a sv\u011btle \u0161ed\u00e9 je surov\u00fd betonov\u00fd flexibiln\u00ed st\u011bnov\u00fd panel, kter\u00fd zachycuje nekompromisn\u00ed du\u0161i lit\u00e9ho materi\u00e1lu a dod\u00e1v\u00e1 ji v 2mm flexibiln\u00ed roli o hmotnosti pouh\u00e9 2 kg\/m\u00b2. Textura Concrete Bunker je odv\u00e1\u017en\u00e1 a z\u00e1m\u011brn\u00e1 &#8211; jemn\u00e9 dutiny, miner\u00e1ln\u00ed zrna a organick\u00e9 stopy tvorby, kter\u00e9 vytv\u00e1\u0159ej\u00ed vrstevnatou hloubku a architektonickou poctivost. Jej\u00ed nepravideln\u00e9 mikroreli\u00e9fy a nedokonalosti se ne\u010dtou jako vady, ale jako d\u016fkazy: povrch, kter\u00fd v\u00ed, odkud poch\u00e1z\u00ed, a je s t\u00edm zcela srozum\u011bn.  <\/p>\n<p class=\"font-claude-response-body break-words whitespace-normal leading-[1.7]\">Ve sv\u011btle \u0161ed\u00e9 barv\u011b Light Grey, m\u011bkk\u00e9, ml\u00e9\u010dn\u011b bled\u011b \u0161ed\u00e9 s jemnou miner\u00e1ln\u00ed h\u0159ejivost\u00ed, kter\u00e1 zachycuje sv\u011btlo, ani\u017e by se stala chladnou nebo klinickou, je syrovost betonu Bunker pov\u00fd\u0161ena na n\u011bco z\u00e1\u0159iv\u00e9ho a promy\u0161len\u00e9ho. \u0160edost betonu zbaven\u00e1 jeho drsnosti. Hmotnost architektury, zbaven\u00e1 sv\u00e9 hmoty. V\u00fdsledkem je surov\u00fd betonov\u00fd flexibiln\u00ed st\u011bnov\u00fd panel, kter\u00fd se uplatn\u00ed v kontextech, kde se brutalismus setk\u00e1v\u00e1 s luxusem: ve vstupn\u00edch hal\u00e1ch \u0161pi\u010dkov\u00fdch pohostinsk\u00fdch za\u0159\u00edzen\u00ed, v pr\u00e9miov\u00fdch kancel\u00e1\u0159sk\u00fdch prost\u0159ed\u00edch, ve vlajkov\u00fdch interi\u00e9rech maloobchod\u016f, v obytn\u00fdch st\u011bn\u00e1ch a v architektonick\u00fdch prostorech, kde designov\u00e9 zad\u00e1n\u00ed vy\u017eaduje p\u0159\u00edtomnost bez ok\u00e1zalosti.   <\/p>\n<p class=\"font-claude-response-body break-words whitespace-normal leading-[1.7]\">Vyrobeno z 90 % z recyklovan\u00e9ho mramorov\u00e9ho kamenn\u00e9ho pr\u00e1\u0161ku s kopolymerem a podkladem ze skeln\u00fdch vl\u00e1ken. Certifik\u00e1t A2-s1-d0 pro evropskou po\u017e\u00e1rn\u00ed bezpe\u010dnost. Ur\u010deno pro projekty zam\u011b\u0159en\u00e9 na BREEAM a LEED.  <\/p>\n<p class=\"font-claude-response-body break-words whitespace-normal leading-[1.7]\">Pevnost st\u011bny bunkru. Hmotnost listu pap\u00edru. <\/p>\n<p>&nbsp;<\/p>\n<p>&nbsp;<\/p>\n<p>&nbsp;<\/p>\n<hr class=\"border-border-200 border-t-0.5 my-3 mx-1.5\">\n","protected":false},"excerpt":{"rendered":"<p>Architektura ve sv\u00e9 nejup\u0159\u00edmn\u011bj\u0161\u00ed podob\u011b mluv\u00ed konkr\u00e9tn\u011b. Toto je tento jazyk &#8211; vydestilovan\u00fd, zjemn\u011bn\u00fd a zbaven\u00fd z\u00e1t\u011b\u017ee. XSTONE Roll Mineral Veneer v barv\u011b Concrete Bunker a sv\u011btle \u0161ed\u00e9 je surov\u00fd betonov\u00fd flexibiln\u00ed st\u011bnov\u00fd panel, kter\u00fd zachycuje nekompromisn\u00ed du\u0161i lit\u00e9ho materi\u00e1lu a dod\u00e1v\u00e1 ji v 2mm flexibiln\u00ed roli o hmotnosti pouh\u00e9 2 kg\/m\u00b2. Textura Concrete Bunker [&hellip;]<\/p>\n","protected":false},"featured_media":22773,"comment_status":"open","ping_status":"closed","template":"","meta":{"_acf_changed":false,"_uag_custom_page_level_css":"","site-sidebar-layout":"default","site-content-layout":"","ast-site-content-layout":"default","site-content-style":"default","site-sidebar-style":"default","ast-global-header-display":"","ast-banner-title-visibility":"","ast-main-header-display":"","ast-hfb-above-header-display":"","ast-hfb-below-header-display":"","ast-hfb-mobile-header-display":"","site-post-title":"","ast-breadcrumbs-content":"","ast-featured-img":"","footer-sml-layout":"","theme-transparent-header-meta":"default","adv-header-id-meta":"","stick-header-meta":"default","header-above-stick-meta":"","header-main-stick-meta":"","header-below-stick-meta":"","astra-migrate-meta-layouts":"default","ast-page-background-enabled":"default","ast-page-background-meta":{"desktop":{"background-color":"var(--ast-global-color-4)","background-image":"","background-repeat":"repeat","background-position":"center center","background-size":"auto","background-attachment":"scroll","background-type":"","background-media":"","overlay-type":"","overlay-color":"","overlay-opacity":"","overlay-gradient":""},"tablet":{"background-color":"","background-image":"","background-repeat":"repeat","background-position":"center center","background-size":"auto","background-attachment":"scroll","background-type":"","background-media":"","overlay-type":"","overlay-color":"","overlay-opacity":"","overlay-gradient":""},"mobile":{"background-color":"","background-image":"","background-repeat":"repeat","background-position":"center center","background-size":"auto","background-attachment":"scroll","background-type":"","background-media":"","overlay-type":"","overlay-color":"","overlay-opacity":"","overlay-gradient":""}},"ast-content-background-meta":{"desktop":{"background-color":"var(--ast-global-color-5)","background-image":"","background-repeat":"repeat","background-position":"center center","background-size":"auto","background-attachment":"scroll","background-type":"","background-media":"","overlay-type":"","overlay-color":"","overlay-opacity":"","overlay-gradient":""},"tablet":{"background-color":"var(--ast-global-color-5)","background-image":"","background-repeat":"repeat","background-position":"center center","background-size":"auto","background-attachment":"scroll","background-type":"","background-media":"","overlay-type":"","overlay-color":"","overlay-opacity":"","overlay-gradient":""},"mobile":{"background-color":"var(--ast-global-color-5)","background-image":"","background-repeat":"repeat","background-position":"center center","background-size":"auto","background-attachment":"scroll","background-type":"","background-media":"","overlay-type":"","overlay-color":"","overlay-opacity":"","overlay-gradient":""}}},"product_brand":[],"product_cat":[1589,1599,1603,1592,1593,1601,1587],"product_tag":[4991,1699,4983,4985,4986,1605,4987,4984,4979,4982,4977,4981,4989],"class_list":{"0":"post-22770","1":"product","2":"type-product","3":"status-publish","4":"has-post-thumbnail","6":"product_cat-wall-design","7":"product_cat-facade","8":"product_cat-office","9":"product_cat-retail-design","10":"product_cat-furniture","11":"product_cat-panel","12":"product_cat-signature","13":"product_tag-architectural-concrete-interior-design","14":"product_tag-comp-color-15392","15":"product_tag-brutalist-interior-wall-panel","16":"product_tag-industrial-concrete-wall-veneer","17":"product_tag-luxury-concrete-wall-surface","18":"product_tag-comp-backing-15503","19":"product_tag-a2-fire-rated-concrete-panel","20":"product_tag-flexible-stone-roll-concrete","21":"product_tag-raw-concrete-flexible-wall-panel","22":"product_tag-light-grey-concrete-wall-cladding","23":"product_tag-comp-texture-16842","24":"product_tag-concrete-bunker-wall-texture","25":"product_tag-sustainable-concrete-wall-cladding","26":"desktop-align-left","27":"tablet-align-left","28":"mobile-align-left","30":"first","31":"instock","32":"shipping-taxable","33":"product-type-simple"},"acf":[],"yoast_head":"<!-- This site is optimized with the Yoast SEO Premium plugin v27.4 (Yoast SEO v27.4) - https:\/\/yoast.com\/product\/yoast-seo-premium-wordpress\/ -->\n<title>Miner\u00e1ln\u00ed d\u00fdha v roli | Betonov\u00fd bunkr | Sv\u011btle \u0161ed\u00e1<\/title>\n<meta name=\"description\" content=\"Pru\u017en\u00fd surov\u00fd beton ve sv\u011btle \u0161ed\u00e9 barv\u011b. 90 % recyklovan\u00fd miner\u00e1l, po\u017e\u00e1rn\u00ed t\u0159\u00edda A2. Brutalistick\u00fd betonov\u00fd efekt pro luxusn\u00ed pohostinstv\u00ed, maloobchod a kancel\u00e1\u0159e.\" \/>\n<meta name=\"robots\" content=\"index, follow, max-snippet:-1, max-image-preview:large, max-video-preview:-1\" \/>\n<link rel=\"canonical\" href=\"https:\/\/xstone.group\/cs\/product\/rolbun10004-roll-concrete-bunker-light-grey\/\" \/>\n<meta property=\"og:locale\" content=\"cs_CZ\" \/>\n<meta property=\"og:type\" content=\"article\" \/>\n<meta property=\"og:title\" content=\"[ROL] Roll Miner\u00e1ln\u00ed d\u00fdha [BUN] Beton Bunker [10004] Sv\u011btle \u0161ed\u00e1\" \/>\n<meta property=\"og:description\" content=\"Pru\u017en\u00fd surov\u00fd beton ve sv\u011btle \u0161ed\u00e9 barv\u011b. 90 % recyklovan\u00fd miner\u00e1l, po\u017e\u00e1rn\u00ed t\u0159\u00edda A2. Brutalistick\u00fd betonov\u00fd efekt pro luxusn\u00ed pohostinstv\u00ed, maloobchod a kancel\u00e1\u0159e.\" \/>\n<meta property=\"og:url\" content=\"https:\/\/xstone.group\/cs\/product\/rolbun10004-roll-concrete-bunker-light-grey\/\" \/>\n<meta property=\"og:site_name\" content=\"XSTONE\" \/>\n<meta property=\"article:publisher\" content=\"https:\/\/www.facebook.com\/Xstonesurfaces1\/\" \/>\n<meta property=\"og:image\" content=\"https:\/\/xstone.group\/wp-content\/uploads\/2026\/04\/XSTONE_Mineral-Veneer_0539.webp\" \/>\n\t<meta property=\"og:image:width\" content=\"1920\" \/>\n\t<meta property=\"og:image:height\" content=\"1080\" \/>\n\t<meta property=\"og:image:type\" content=\"image\/webp\" \/>\n<meta name=\"twitter:card\" content=\"summary_large_image\" \/>\n<meta name=\"twitter:label1\" content=\"Odhadovan\u00e1 doba \u010dten\u00ed\" \/>\n\t<meta name=\"twitter:data1\" content=\"2 minuty\" \/>\n<script type=\"application\/ld+json\" class=\"yoast-schema-graph\">{\"@context\":\"https:\\\/\\\/schema.org\",\"@graph\":[{\"@type\":\"WebPage\",\"@id\":\"https:\\\/\\\/xstone.group\\\/cs\\\/product\\\/rolbun10004-roll-concrete-bunker-light-grey\\\/\",\"url\":\"https:\\\/\\\/xstone.group\\\/cs\\\/product\\\/rolbun10004-roll-concrete-bunker-light-grey\\\/\",\"name\":\"Miner\u00e1ln\u00ed d\u00fdha v roli | Betonov\u00fd bunkr | Sv\u011btle \u0161ed\u00e1\",\"isPartOf\":{\"@id\":\"https:\\\/\\\/xstone.group\\\/cs\\\/#website\"},\"primaryImageOfPage\":{\"@id\":\"https:\\\/\\\/xstone.group\\\/cs\\\/product\\\/rolbun10004-roll-concrete-bunker-light-grey\\\/#primaryimage\"},\"image\":{\"@id\":\"https:\\\/\\\/xstone.group\\\/cs\\\/product\\\/rolbun10004-roll-concrete-bunker-light-grey\\\/#primaryimage\"},\"thumbnailUrl\":\"https:\\\/\\\/xstone.group\\\/wp-content\\\/uploads\\\/2026\\\/04\\\/XSTONE_Mineral-Veneer_0539.webp\",\"datePublished\":\"2026-04-13T21:07:23+00:00\",\"description\":\"Pru\u017en\u00fd surov\u00fd beton ve sv\u011btle \u0161ed\u00e9 barv\u011b. 90 % recyklovan\u00fd miner\u00e1l, po\u017e\u00e1rn\u00ed t\u0159\u00edda A2. Brutalistick\u00fd betonov\u00fd efekt pro luxusn\u00ed pohostinstv\u00ed, maloobchod a kancel\u00e1\u0159e.\",\"breadcrumb\":{\"@id\":\"https:\\\/\\\/xstone.group\\\/cs\\\/product\\\/rolbun10004-roll-concrete-bunker-light-grey\\\/#breadcrumb\"},\"inLanguage\":\"cs\",\"potentialAction\":[{\"@type\":\"ReadAction\",\"target\":[\"https:\\\/\\\/xstone.group\\\/cs\\\/product\\\/rolbun10004-roll-concrete-bunker-light-grey\\\/\"]}]},{\"@type\":\"ImageObject\",\"inLanguage\":\"cs\",\"@id\":\"https:\\\/\\\/xstone.group\\\/cs\\\/product\\\/rolbun10004-roll-concrete-bunker-light-grey\\\/#primaryimage\",\"url\":\"https:\\\/\\\/xstone.group\\\/wp-content\\\/uploads\\\/2026\\\/04\\\/XSTONE_Mineral-Veneer_0539.webp\",\"contentUrl\":\"https:\\\/\\\/xstone.group\\\/wp-content\\\/uploads\\\/2026\\\/04\\\/XSTONE_Mineral-Veneer_0539.webp\",\"width\":1920,\"height\":1080,\"caption\":\"raw concrete light grey flexible\"},{\"@type\":\"BreadcrumbList\",\"@id\":\"https:\\\/\\\/xstone.group\\\/cs\\\/product\\\/rolbun10004-roll-concrete-bunker-light-grey\\\/#breadcrumb\",\"itemListElement\":[{\"@type\":\"ListItem\",\"position\":1,\"name\":\"Home\",\"item\":\"https:\\\/\\\/xstone.group\\\/cs\\\/\"},{\"@type\":\"ListItem\",\"position\":2,\"name\":\"Produkty\",\"item\":\"https:\\\/\\\/xstone.group\\\/cs\\\/shop\\\/\"},{\"@type\":\"ListItem\",\"position\":3,\"name\":\"[ROL] Roll Miner\u00e1ln\u00ed d\u00fdha [BUN] Beton Bunker [10004] Sv\u011btle \u0161ed\u00e1\"}]},{\"@type\":\"WebSite\",\"@id\":\"https:\\\/\\\/xstone.group\\\/cs\\\/#website\",\"url\":\"https:\\\/\\\/xstone.group\\\/cs\\\/\",\"name\":\"XSTONE\",\"description\":\"Autentick\u00e1 a neomezen\u00e1 kr\u00e1sa miner\u00e1l\u016f, nespoutan\u00e1 gravitac\u00ed\",\"potentialAction\":[{\"@type\":\"SearchAction\",\"target\":{\"@type\":\"EntryPoint\",\"urlTemplate\":\"https:\\\/\\\/xstone.group\\\/cs\\\/?s={search_term_string}\"},\"query-input\":{\"@type\":\"PropertyValueSpecification\",\"valueRequired\":true,\"valueName\":\"search_term_string\"}}],\"inLanguage\":\"cs\"}]}<\/script>\n<!-- \/ Yoast SEO Premium plugin. -->","yoast_head_json":{"title":"Miner\u00e1ln\u00ed d\u00fdha v roli | Betonov\u00fd bunkr | Sv\u011btle \u0161ed\u00e1","description":"Pru\u017en\u00fd surov\u00fd beton ve sv\u011btle \u0161ed\u00e9 barv\u011b. 90 % recyklovan\u00fd miner\u00e1l, po\u017e\u00e1rn\u00ed t\u0159\u00edda A2. Brutalistick\u00fd betonov\u00fd efekt pro luxusn\u00ed pohostinstv\u00ed, maloobchod a kancel\u00e1\u0159e.","robots":{"index":"index","follow":"follow","max-snippet":"max-snippet:-1","max-image-preview":"max-image-preview:large","max-video-preview":"max-video-preview:-1"},"canonical":"https:\/\/xstone.group\/cs\/product\/rolbun10004-roll-concrete-bunker-light-grey\/","og_locale":"cs_CZ","og_type":"article","og_title":"[ROL] Roll Miner\u00e1ln\u00ed d\u00fdha [BUN] Beton Bunker [10004] Sv\u011btle \u0161ed\u00e1","og_description":"Pru\u017en\u00fd surov\u00fd beton ve sv\u011btle \u0161ed\u00e9 barv\u011b. 90 % recyklovan\u00fd miner\u00e1l, po\u017e\u00e1rn\u00ed t\u0159\u00edda A2. Brutalistick\u00fd betonov\u00fd efekt pro luxusn\u00ed pohostinstv\u00ed, maloobchod a kancel\u00e1\u0159e.","og_url":"https:\/\/xstone.group\/cs\/product\/rolbun10004-roll-concrete-bunker-light-grey\/","og_site_name":"XSTONE","article_publisher":"https:\/\/www.facebook.com\/Xstonesurfaces1\/","og_image":[{"width":1920,"height":1080,"url":"https:\/\/xstone.group\/wp-content\/uploads\/2026\/04\/XSTONE_Mineral-Veneer_0539.webp","type":"image\/webp"}],"twitter_card":"summary_large_image","twitter_misc":{"Odhadovan\u00e1 doba \u010dten\u00ed":"2 minuty"},"schema":{"@context":"https:\/\/schema.org","@graph":[{"@type":"WebPage","@id":"https:\/\/xstone.group\/cs\/product\/rolbun10004-roll-concrete-bunker-light-grey\/","url":"https:\/\/xstone.group\/cs\/product\/rolbun10004-roll-concrete-bunker-light-grey\/","name":"Miner\u00e1ln\u00ed d\u00fdha v roli | Betonov\u00fd bunkr | Sv\u011btle \u0161ed\u00e1","isPartOf":{"@id":"https:\/\/xstone.group\/cs\/#website"},"primaryImageOfPage":{"@id":"https:\/\/xstone.group\/cs\/product\/rolbun10004-roll-concrete-bunker-light-grey\/#primaryimage"},"image":{"@id":"https:\/\/xstone.group\/cs\/product\/rolbun10004-roll-concrete-bunker-light-grey\/#primaryimage"},"thumbnailUrl":"https:\/\/xstone.group\/wp-content\/uploads\/2026\/04\/XSTONE_Mineral-Veneer_0539.webp","datePublished":"2026-04-13T21:07:23+00:00","description":"Pru\u017en\u00fd surov\u00fd beton ve sv\u011btle \u0161ed\u00e9 barv\u011b. 90 % recyklovan\u00fd miner\u00e1l, po\u017e\u00e1rn\u00ed t\u0159\u00edda A2. Brutalistick\u00fd betonov\u00fd efekt pro luxusn\u00ed pohostinstv\u00ed, maloobchod a kancel\u00e1\u0159e.","breadcrumb":{"@id":"https:\/\/xstone.group\/cs\/product\/rolbun10004-roll-concrete-bunker-light-grey\/#breadcrumb"},"inLanguage":"cs","potentialAction":[{"@type":"ReadAction","target":["https:\/\/xstone.group\/cs\/product\/rolbun10004-roll-concrete-bunker-light-grey\/"]}]},{"@type":"ImageObject","inLanguage":"cs","@id":"https:\/\/xstone.group\/cs\/product\/rolbun10004-roll-concrete-bunker-light-grey\/#primaryimage","url":"https:\/\/xstone.group\/wp-content\/uploads\/2026\/04\/XSTONE_Mineral-Veneer_0539.webp","contentUrl":"https:\/\/xstone.group\/wp-content\/uploads\/2026\/04\/XSTONE_Mineral-Veneer_0539.webp","width":1920,"height":1080,"caption":"raw concrete light grey flexible"},{"@type":"BreadcrumbList","@id":"https:\/\/xstone.group\/cs\/product\/rolbun10004-roll-concrete-bunker-light-grey\/#breadcrumb","itemListElement":[{"@type":"ListItem","position":1,"name":"Home","item":"https:\/\/xstone.group\/cs\/"},{"@type":"ListItem","position":2,"name":"Produkty","item":"https:\/\/xstone.group\/cs\/shop\/"},{"@type":"ListItem","position":3,"name":"[ROL] Roll Miner\u00e1ln\u00ed d\u00fdha [BUN] Beton Bunker [10004] Sv\u011btle \u0161ed\u00e1"}]},{"@type":"WebSite","@id":"https:\/\/xstone.group\/cs\/#website","url":"https:\/\/xstone.group\/cs\/","name":"XSTONE","description":"Autentick\u00e1 a neomezen\u00e1 kr\u00e1sa miner\u00e1l\u016f, nespoutan\u00e1 gravitac\u00ed","potentialAction":[{"@type":"SearchAction","target":{"@type":"EntryPoint","urlTemplate":"https:\/\/xstone.group\/cs\/?s={search_term_string}"},"query-input":{"@type":"PropertyValueSpecification","valueRequired":true,"valueName":"search_term_string"}}],"inLanguage":"cs"}]}},"spectra_custom_meta":{"_last_translation_edit_mode":["translation-editor"],"_product_attributes":["a:8:{s:7:\"backing\";a:6:{s:4:\"name\";s:7:\"Backing\";s:5:\"value\";s:12:\"Sklolamin\u00e1t\";s:8:\"position\";i:0;s:10:\"is_visible\";i:1;s:12:\"is_variation\";i:0;s:11:\"is_taxonomy\";i:0;}s:7:\"texture\";a:6:{s:4:\"name\";s:7:\"Texture\";s:5:\"value\";s:15:\"Betonov\u00fd bunkr\";s:8:\"position\";i:1;s:10:\"is_visible\";i:1;s:12:\"is_variation\";i:0;s:11:\"is_taxonomy\";i:0;}s:5:\"color\";a:6:{s:4:\"name\";s:5:\"Color\";s:5:\"value\";s:14:\"Sv\u011btle \u0161ed\u00e1\";s:8:\"position\";i:2;s:10:\"is_visible\";i:1;s:12:\"is_variation\";i:0;s:11:\"is_taxonomy\";i:0;}s:4:\"size\";a:6:{s:4:\"name\";s:4:\"Size\";s:5:\"value\";s:52:\"3000 x 1000 mm; rozm\u011bry na zak\u00e1zku na vy\u017e\u00e1d\u00e1n\u00ed\";s:8:\"position\";i:3;s:10:\"is_visible\";i:1;s:12:\"is_variation\";i:0;s:11:\"is_taxonomy\";i:0;}s:9:\"thickness\";a:6:{s:4:\"name\";s:9:\"Thickness\";s:5:\"value\";s:10:\"2 - 2,5 mm\";s:8:\"position\";i:4;s:10:\"is_visible\";i:1;s:12:\"is_variation\";i:0;s:11:\"is_taxonomy\";i:0;}s:6:\"finish\";a:6:{s:4:\"name\";s:6:\"Finish\";s:5:\"value\";s:4:\"Matt\";s:8:\"position\";i:5;s:10:\"is_visible\";i:1;s:12:\"is_variation\";i:0;s:11:\"is_taxonomy\";i:0;}s:11:\"composition\";a:6:{s:4:\"name\";s:11:\"Composition\";s:5:\"value\";s:67:\"90% recyklovan\u00fd mramorov\u00fd k\u00e1men + kopolymer + sklen\u011bn\u00e9 vl\u00e1kno\";s:8:\"position\";i:6;s:10:\"is_visible\";i:1;s:12:\"is_variation\";i:0;s:11:\"is_taxonomy\";i:0;}s:11:\"fire-rating\";a:6:{s:4:\"name\";s:11:\"Fire rating\";s:5:\"value\";s:8:\"A2-s1-d0\";s:8:\"position\";i:7;s:10:\"is_visible\";i:1;s:12:\"is_variation\";i:0;s:11:\"is_taxonomy\";i:0;}}"],"attr_label_translations":["a:1:{s:2:\"cs\";a:8:{s:7:\"backing\";s:13:\"Z\u00e1lohov\u00e1n\u00ed\";s:7:\"texture\";s:7:\"Textura\";s:5:\"color\";s:5:\"Barva\";s:4:\"size\";s:8:\"Velikost\";s:9:\"thickness\";s:10:\"Tlou\u0161\u0165ka\";s:6:\"finish\";s:11:\"Dokon\u010den\u00ed\";s:11:\"composition\";s:9:\"Slo\u017een\u00ed\";s:11:\"fire-rating\";s:19:\"Po\u017e\u00e1rn\u00ed odolnost\";}}"],"_wcml_average_rating":[null],"_wcml_review_count":[null],"_wcml_rating_count":[null],"_yoast_wpseo_primary_product_cat":["332"],"_backorders":["no"],"_download_limit":["-1"],"_download_expiry":["-1"],"_downloadable":["no"],"_manage_stock":["no"],"_sku":["ROLBUN10004"],"_stock_status":["instock"],"_sold_individually":["no"],"_tax_class":[""],"_tax_status":["taxable"],"_virtual":["no"],"total_sales":["0"],"_wpml_media_duplicate":["1"],"_wpml_media_featured":["1"],"stick-header-meta":["default"],"site-sidebar-layout":["default"],"theme-transparent-header-meta":["default"],"ast-site-content-layout":["default"],"site-content-style":["default"],"site-sidebar-style":["default"],"_yoast_wpseo_title":["Miner\u00e1ln\u00ed d\u00fdha v roli | Betonov\u00fd bunkr | Sv\u011btle \u0161ed\u00e1"],"_yoast_wpseo_metadesc":["Pru\u017en\u00fd surov\u00fd beton ve sv\u011btle \u0161ed\u00e9 barv\u011b. 90 % recyklovan\u00fd miner\u00e1l, po\u017e\u00e1rn\u00ed t\u0159\u00edda A2. Brutalistick\u00fd betonov\u00fd efekt pro luxusn\u00ed pohostinstv\u00ed, maloobchod a kancel\u00e1\u0159e."],"_yoast_wpseo_focuskw":["surov\u00fd beton sv\u011btle \u0161ed\u00fd pru\u017en\u00fd"],"_upsell_ids":["a:3:{i:0;N;i:1;N;i:2;N;}"],"_wpt_field_wpt-16200":["[elementor-template id=\"16197\"]"],"_product_image_gallery":[""],"_thumbnail_id":["22773"],"_wpml_word_count":["312"],"two_optimized_date":["1776572070"],"woolentor_views_count_product":["8"],"_uag_css_file_name":["uag-css-22770.css"],"_uag_js_file_name":["uag-js-22770.js"],"tp_widgets":["a:2:{s:7:\"widgets\";a:6:{i:0;s:18:\"plus-list-skeleton\";i:1;s:22:\"plus-listing-load-more\";i:2;s:18:\"plus-listing-metro\";i:3;s:18:\"tp-product-listout\";i:4;s:17:\"tp-single-style_1\";i:5;s:19:\"tp-woo-single-image\";}s:9:\"update_at\";s:10:\"1776541402\";}"],"_elementor_edit_mode":["builder"],"_selectproduct_layout":["18065"],"_elementor_page_assets":["a:0:{}"],"_elementor_css":["a:7:{s:4:\"time\";i:1776683334;s:5:\"fonts\";a:0:{}s:5:\"icons\";a:0:{}s:20:\"dynamic_elements_ids\";a:0:{}s:6:\"status\";s:5:\"empty\";i:0;s:0:\"\";s:3:\"css\";s:0:\"\";}"],"_wc_rating_count":[""],"_wc_review_count":[""],"_wc_average_rating":[0]},"uagb_featured_image_src":{"full":["https:\/\/xstone.group\/wp-content\/uploads\/2026\/04\/XSTONE_Mineral-Veneer_0539.webp",1920,1080,false],"thumbnail":["https:\/\/xstone.group\/wp-content\/uploads\/2026\/04\/XSTONE_Mineral-Veneer_0539-150x150.webp",150,150,true],"medium":["https:\/\/xstone.group\/wp-content\/uploads\/2026\/04\/XSTONE_Mineral-Veneer_0539-300x169.webp",300,169,true],"medium_large":["https:\/\/xstone.group\/wp-content\/uploads\/2026\/04\/XSTONE_Mineral-Veneer_0539-768x432.webp",768,432,true],"large":["https:\/\/xstone.group\/wp-content\/uploads\/2026\/04\/XSTONE_Mineral-Veneer_0539-1024x576.webp",1024,576,true],"1536x1536":["https:\/\/xstone.group\/wp-content\/uploads\/2026\/04\/XSTONE_Mineral-Veneer_0539-1536x864.webp",1536,864,true],"2048x2048":["https:\/\/xstone.group\/wp-content\/uploads\/2026\/04\/XSTONE_Mineral-Veneer_0539.webp",1920,1080,false],"tp-image-grid":["https:\/\/xstone.group\/wp-content\/uploads\/2026\/04\/XSTONE_Mineral-Veneer_0539-700x700.webp",700,700,true],"tenweb_optimizer_mobile":["https:\/\/xstone.group\/wp-content\/uploads\/2026\/04\/XSTONE_Mineral-Veneer_0539-600x338.webp",600,338,true],"tenweb_optimizer_tablet":["https:\/\/xstone.group\/wp-content\/uploads\/2026\/04\/XSTONE_Mineral-Veneer_0539-768x432.webp",768,432,true],"woocommerce_thumbnail":["https:\/\/xstone.group\/wp-content\/uploads\/2026\/04\/XSTONE_Mineral-Veneer_0539-300x300.webp",300,300,true],"woocommerce_single":["https:\/\/xstone.group\/wp-content\/uploads\/2026\/04\/XSTONE_Mineral-Veneer_0539-600x338.webp",600,338,true],"woocommerce_gallery_thumbnail":["https:\/\/xstone.group\/wp-content\/uploads\/2026\/04\/XSTONE_Mineral-Veneer_0539-100x100.webp",100,100,true]},"uagb_author_info":{"display_name":"laurent.gomez@xstone.group","author_link":"https:\/\/xstone.group\/cs\/author\/"},"uagb_comment_info":0,"uagb_excerpt":"Architektura ve sv\u00e9 nejup\u0159\u00edmn\u011bj\u0161\u00ed podob\u011b mluv\u00ed konkr\u00e9tn\u011b. Toto je tento jazyk &#8211; vydestilovan\u00fd, zjemn\u011bn\u00fd a zbaven\u00fd z\u00e1t\u011b\u017ee. XSTONE Roll Mineral Veneer v barv\u011b Concrete Bunker a sv\u011btle \u0161ed\u00e9 je surov\u00fd betonov\u00fd flexibiln\u00ed st\u011bnov\u00fd panel, kter\u00fd zachycuje nekompromisn\u00ed du\u0161i lit\u00e9ho materi\u00e1lu a dod\u00e1v\u00e1 ji v 2mm flexibiln\u00ed roli o hmotnosti pouh\u00e9 2 kg\/m\u00b2. Textura Concrete Bunker&hellip;","_links":{"self":[{"href":"https:\/\/xstone.group\/cs\/wp-json\/wp\/v2\/product\/22770","targetHints":{"allow":["GET"]}}],"collection":[{"href":"https:\/\/xstone.group\/cs\/wp-json\/wp\/v2\/product"}],"about":[{"href":"https:\/\/xstone.group\/cs\/wp-json\/wp\/v2\/types\/product"}],"replies":[{"embeddable":true,"href":"https:\/\/xstone.group\/cs\/wp-json\/wp\/v2\/comments?post=22770"}],"wp:featuredmedia":[{"embeddable":true,"href":"https:\/\/xstone.group\/cs\/wp-json\/wp\/v2\/media\/22773"}],"wp:attachment":[{"href":"https:\/\/xstone.group\/cs\/wp-json\/wp\/v2\/media?parent=22770"}],"wp:term":[{"taxonomy":"product_brand","embeddable":true,"href":"https:\/\/xstone.group\/cs\/wp-json\/wp\/v2\/product_brand?post=22770"},{"taxonomy":"product_cat","embeddable":true,"href":"https:\/\/xstone.group\/cs\/wp-json\/wp\/v2\/product_cat?post=22770"},{"taxonomy":"product_tag","embeddable":true,"href":"https:\/\/xstone.group\/cs\/wp-json\/wp\/v2\/product_tag?post=22770"}],"curies":[{"name":"wp","href":"https:\/\/api.w.org\/{rel}","templated":true}]}}