{"id":22981,"date":"2026-04-14T07:35:33","date_gmt":"2026-04-14T07:35:33","guid":{"rendered":"https:\/\/xstone.group\/product\/rol-roll-mineral-veneer-hri-high-rise-01012-rust\/"},"modified":"2026-04-14T07:35:33","modified_gmt":"2026-04-14T07:35:33","slug":"rolhri01012-roll-high-rise-rust","status":"publish","type":"product","link":"https:\/\/xstone.group\/cs\/product\/rolhri01012-roll-high-rise-rust\/","title":{"rendered":"[ROL] Roll Mineral Veneer [HRI] High Rise [01012] Rust"},"content":{"rendered":"<p class=\"font-claude-response-body break-words whitespace-normal leading-[1.7]\">Zem\u011b se pohybuje pomalu. Na tomto povrchu to c\u00edt\u00edte. <\/p>\n<p class=\"font-claude-response-body break-words whitespace-normal leading-[1.7]\">XSTONE Roll Mineral Veneer v barv\u011b High Rise a rezav\u00e9 struktu\u0159e je pru\u017en\u00fd st\u011bnov\u00fd panel s efektem pruhovan\u00e9ho kamene, kter\u00fd vn\u00e1\u0161\u00ed monument\u00e1ln\u00ed drama geologick\u00fdch sil do intimity interi\u00e9rov\u00e9 architektury. Textura High Rise je \u017eiveln\u00e1 a velitelsk\u00e1: hluboce pruhovan\u00e9 h\u0159bety plynou po povrchu jako sediment\u00e1rn\u00ed pam\u011b\u0165 d\u00e1vn\u00fdch vrstev, ka\u017ed\u00e1 dr\u00e1\u017eka je vytes\u00e1na s organickou nepravidelnost\u00ed, kter\u00e1 vypov\u00edd\u00e1 o \u010dase, tlaku a prom\u011bn\u011b. Odv\u00e1\u017en\u00e1, a p\u0159esto rafinovan\u00e1. St\u011bna \u00fatesu vydestilovan\u00e1 do 2 mm na dotek p\u0159\u00edjemn\u00e9ho miner\u00e1ln\u00edho povrchu, kter\u00fd prom\u011bn\u00ed ka\u017edou st\u011bnu v krajinu.   <\/p>\n<p class=\"font-claude-response-body break-words whitespace-normal leading-[1.7]\">Do t\u011bchto hlubok\u00fdch, spl\u00fdvav\u00fdch h\u0159bet\u016f se vl\u00e9v\u00e1 rez &#8211; barva neoby\u010dejn\u011b tepl\u00e1 a jemn\u00e1. M\u011bkk\u00e1 r\u016f\u017eovo-b\u00e9\u017eov\u00e1 s jemn\u00fdm miner\u00e1ln\u00edm \u017eilkov\u00e1n\u00edm a jemn\u00fdmi mra\u010dn\u00fdmi variacemi, evokuj\u00edc\u00edmi rum\u011blkov\u00fd v\u00e1penec zachycen\u00fd na prvn\u00edm sv\u011btle. Z\u00e1\u0159iv\u00e1. Ti\u0161e romantick\u00e1. Hluboce zemit\u00e1. Na pozad\u00ed dramatick\u00e9 barvy High Rise se Rust st\u00e1v\u00e1 sv\u011btlem, kter\u00e9 dopad\u00e1 na st\u011bny ka\u0148onu ve zlat\u00e9 hodin\u011b &#8211; tepl\u00e9, \u017eiv\u00e9 a pln\u00e9 pohybu. Tato kombinace vytv\u00e1\u0159\u00ed povrch, kter\u00fd sou\u010dasn\u011b evokuje geologickou s\u00edlu a intimn\u00ed teplo, starobyl\u00fd k\u00e1men a sou\u010dasn\u00fd luxus.      <\/p>\n<p class=\"font-claude-response-body break-words whitespace-normal leading-[1.7]\">S hmotnost\u00ed pouh\u00e9 2 kg\/m\u00b2 ve flexibiln\u00edm form\u00e1tu role se instaluje na jak\u00fdkoli povrch &#8211; rovn\u00e9 st\u011bny, zak\u0159ivenou architekturu, sloupy, stropy &#8211; bez konstruk\u010dn\u00edch omezen\u00ed. Vyr\u00e1b\u00ed se z 90 % z recyklovan\u00e9ho mramorov\u00e9ho kamenn\u00e9ho pr\u00e1\u0161ku s kopolymerem a podkladem ze skeln\u00fdch vl\u00e1ken. Certifik\u00e1t A2-s1-d0 pro evropskou po\u017e\u00e1rn\u00ed bezpe\u010dnost. V souladu s normami udr\u017eitelnosti BREEAM a LEED.   <\/p>\n<p class=\"font-claude-response-body break-words whitespace-normal leading-[1.7]\">Pro luxusn\u00ed hotelov\u00e9 st\u011bny, pr\u00e9miov\u00e1 l\u00e1ze\u0148sk\u00e1 prost\u0159ed\u00ed, interi\u00e9ry \u0161pi\u010dkov\u00fdch restaurac\u00ed a bar\u016f a architektonick\u00e9 obytn\u00e9 prostory, kde p\u0159\u00edroda ur\u010duje standard.<\/p>\n<p>&nbsp;<\/p>\n<p>&nbsp;<\/p>\n<p>&nbsp;<\/p>\n<hr class=\"border-border-200 border-t-0.5 my-3 mx-1.5\">\n","protected":false},"excerpt":{"rendered":"<p>Zem\u011b se pohybuje pomalu. Na tomto povrchu to c\u00edt\u00edte. XSTONE Roll Mineral Veneer v barv\u011b High Rise a rezav\u00e9 struktu\u0159e je pru\u017en\u00fd st\u011bnov\u00fd panel s efektem pruhovan\u00e9ho kamene, kter\u00fd vn\u00e1\u0161\u00ed monument\u00e1ln\u00ed drama geologick\u00fdch sil do intimity interi\u00e9rov\u00e9 architektury. Textura High Rise je \u017eiveln\u00e1 a velitelsk\u00e1: hluboce pruhovan\u00e9 h\u0159bety plynou po povrchu jako sediment\u00e1rn\u00ed pam\u011b\u0165 d\u00e1vn\u00fdch [&hellip;]<\/p>\n","protected":false},"featured_media":23001,"comment_status":"open","ping_status":"closed","template":"","meta":{"_acf_changed":false,"_uag_custom_page_level_css":"","site-sidebar-layout":"default","site-content-layout":"","ast-site-content-layout":"default","site-content-style":"default","site-sidebar-style":"default","ast-global-header-display":"","ast-banner-title-visibility":"","ast-main-header-display":"","ast-hfb-above-header-display":"","ast-hfb-below-header-display":"","ast-hfb-mobile-header-display":"","site-post-title":"","ast-breadcrumbs-content":"","ast-featured-img":"","footer-sml-layout":"","theme-transparent-header-meta":"default","adv-header-id-meta":"","stick-header-meta":"default","header-above-stick-meta":"","header-main-stick-meta":"","header-below-stick-meta":"","astra-migrate-meta-layouts":"default","ast-page-background-enabled":"default","ast-page-background-meta":{"desktop":{"background-color":"var(--ast-global-color-4)","background-image":"","background-repeat":"repeat","background-position":"center center","background-size":"auto","background-attachment":"scroll","background-type":"","background-media":"","overlay-type":"","overlay-color":"","overlay-opacity":"","overlay-gradient":""},"tablet":{"background-color":"","background-image":"","background-repeat":"repeat","background-position":"center center","background-size":"auto","background-attachment":"scroll","background-type":"","background-media":"","overlay-type":"","overlay-color":"","overlay-opacity":"","overlay-gradient":""},"mobile":{"background-color":"","background-image":"","background-repeat":"repeat","background-position":"center center","background-size":"auto","background-attachment":"scroll","background-type":"","background-media":"","overlay-type":"","overlay-color":"","overlay-opacity":"","overlay-gradient":""}},"ast-content-background-meta":{"desktop":{"background-color":"var(--ast-global-color-5)","background-image":"","background-repeat":"repeat","background-position":"center center","background-size":"auto","background-attachment":"scroll","background-type":"","background-media":"","overlay-type":"","overlay-color":"","overlay-opacity":"","overlay-gradient":""},"tablet":{"background-color":"var(--ast-global-color-5)","background-image":"","background-repeat":"repeat","background-position":"center center","background-size":"auto","background-attachment":"scroll","background-type":"","background-media":"","overlay-type":"","overlay-color":"","overlay-opacity":"","overlay-gradient":""},"mobile":{"background-color":"var(--ast-global-color-5)","background-image":"","background-repeat":"repeat","background-position":"center center","background-size":"auto","background-attachment":"scroll","background-type":"","background-media":"","overlay-type":"","overlay-color":"","overlay-opacity":"","overlay-gradient":""}}},"product_brand":[],"product_cat":[1589,1599,1603,1592,1593,1601,1587],"product_tag":[5049,5206,5213,5208,5211,5207,5209,1605,5210,5204,5205,3621],"class_list":{"0":"post-22981","1":"product","2":"type-product","3":"status-publish","4":"has-post-thumbnail","6":"product_cat-wall-design","7":"product_cat-facade","8":"product_cat-office","9":"product_cat-retail-design","10":"product_cat-furniture","11":"product_cat-panel","12":"product_cat-signature","13":"product_tag-comp-color-16927","14":"product_tag-rust-rose-beige-wall-cladding","15":"product_tag-hotel-stone-wall-design","16":"product_tag-geological-wall-texture-interior","17":"product_tag-a2-fire-rated-stone-wall-panel","18":"product_tag-linear-stone-veneer-wall-panel","19":"product_tag-luxury-feature-wall-stone-veneer","20":"product_tag-comp-backing-15503","21":"product_tag-flexible-stone-roll-striated","22":"product_tag-striated-steel-effect-flexible-wall-panel","23":"product_tag-high-rise-stone-wall-texture","24":"product_tag-comp-texture-18436","25":"desktop-align-left","26":"tablet-align-left","27":"mobile-align-left","29":"first","30":"instock","31":"shipping-taxable","32":"product-type-simple"},"acf":[],"yoast_head":"<!-- This site is optimized with the Yoast SEO Premium plugin v27.4 (Yoast SEO v27.4) - https:\/\/yoast.com\/product\/yoast-seo-premium-wordpress\/ -->\n<title>Miner\u00e1ln\u00ed d\u00fdha v rol\u00edch | High Rise | Rust<\/title>\n<meta name=\"description\" content=\"Pruhovan\u00fd rezav\u00fd efekt pru\u017en\u00fd. 90 % recyklovan\u00fd miner\u00e1l, po\u017e\u00e1rn\u00ed t\u0159\u00edda A2. Odv\u00e1\u017en\u00e1 geologick\u00e1 textura pro luxusn\u00ed hotely a designov\u00e9 st\u011bny.\" \/>\n<meta name=\"robots\" content=\"index, follow, max-snippet:-1, max-image-preview:large, max-video-preview:-1\" \/>\n<link rel=\"canonical\" href=\"https:\/\/xstone.group\/cs\/product\/rolhri01012-roll-high-rise-rust\/\" \/>\n<meta property=\"og:locale\" content=\"cs_CZ\" \/>\n<meta property=\"og:type\" content=\"article\" \/>\n<meta property=\"og:title\" content=\"[ROL] Roll Mineral Veneer [HRI] High Rise [01012] Rust\" \/>\n<meta property=\"og:description\" content=\"Pruhovan\u00fd rezav\u00fd efekt pru\u017en\u00fd. 90 % recyklovan\u00fd miner\u00e1l, po\u017e\u00e1rn\u00ed t\u0159\u00edda A2. Odv\u00e1\u017en\u00e1 geologick\u00e1 textura pro luxusn\u00ed hotely a designov\u00e9 st\u011bny.\" \/>\n<meta property=\"og:url\" content=\"https:\/\/xstone.group\/cs\/product\/rolhri01012-roll-high-rise-rust\/\" \/>\n<meta property=\"og:site_name\" content=\"XSTONE\" \/>\n<meta property=\"article:publisher\" content=\"https:\/\/www.facebook.com\/Xstonesurfaces1\/\" \/>\n<meta property=\"og:image\" content=\"https:\/\/xstone.group\/wp-content\/uploads\/2026\/04\/XSTONE_Mineral-Veneer_0469.webp\" \/>\n\t<meta property=\"og:image:width\" content=\"1080\" \/>\n\t<meta property=\"og:image:height\" content=\"1080\" \/>\n\t<meta property=\"og:image:type\" content=\"image\/webp\" \/>\n<meta name=\"twitter:card\" content=\"summary_large_image\" \/>\n<meta name=\"twitter:label1\" content=\"Odhadovan\u00e1 doba \u010dten\u00ed\" \/>\n\t<meta name=\"twitter:data1\" content=\"2 minuty\" \/>\n<script type=\"application\/ld+json\" class=\"yoast-schema-graph\">{\"@context\":\"https:\\\/\\\/schema.org\",\"@graph\":[{\"@type\":\"WebPage\",\"@id\":\"https:\\\/\\\/xstone.group\\\/cs\\\/product\\\/rolhri01012-roll-high-rise-rust\\\/\",\"url\":\"https:\\\/\\\/xstone.group\\\/cs\\\/product\\\/rolhri01012-roll-high-rise-rust\\\/\",\"name\":\"Miner\u00e1ln\u00ed d\u00fdha v rol\u00edch | High Rise | Rust\",\"isPartOf\":{\"@id\":\"https:\\\/\\\/xstone.group\\\/cs\\\/#website\"},\"primaryImageOfPage\":{\"@id\":\"https:\\\/\\\/xstone.group\\\/cs\\\/product\\\/rolhri01012-roll-high-rise-rust\\\/#primaryimage\"},\"image\":{\"@id\":\"https:\\\/\\\/xstone.group\\\/cs\\\/product\\\/rolhri01012-roll-high-rise-rust\\\/#primaryimage\"},\"thumbnailUrl\":\"https:\\\/\\\/xstone.group\\\/wp-content\\\/uploads\\\/2026\\\/04\\\/XSTONE_Mineral-Veneer_0469.webp\",\"datePublished\":\"2026-04-14T07:35:33+00:00\",\"description\":\"Pruhovan\u00fd rezav\u00fd efekt pru\u017en\u00fd. 90 % recyklovan\u00fd miner\u00e1l, po\u017e\u00e1rn\u00ed t\u0159\u00edda A2. Odv\u00e1\u017en\u00e1 geologick\u00e1 textura pro luxusn\u00ed hotely a designov\u00e9 st\u011bny.\",\"breadcrumb\":{\"@id\":\"https:\\\/\\\/xstone.group\\\/cs\\\/product\\\/rolhri01012-roll-high-rise-rust\\\/#breadcrumb\"},\"inLanguage\":\"cs\",\"potentialAction\":[{\"@type\":\"ReadAction\",\"target\":[\"https:\\\/\\\/xstone.group\\\/cs\\\/product\\\/rolhri01012-roll-high-rise-rust\\\/\"]}]},{\"@type\":\"ImageObject\",\"inLanguage\":\"cs\",\"@id\":\"https:\\\/\\\/xstone.group\\\/cs\\\/product\\\/rolhri01012-roll-high-rise-rust\\\/#primaryimage\",\"url\":\"https:\\\/\\\/xstone.group\\\/wp-content\\\/uploads\\\/2026\\\/04\\\/XSTONE_Mineral-Veneer_0469.webp\",\"contentUrl\":\"https:\\\/\\\/xstone.group\\\/wp-content\\\/uploads\\\/2026\\\/04\\\/XSTONE_Mineral-Veneer_0469.webp\",\"width\":1080,\"height\":1080,\"caption\":\"striated rust effect flexible\"},{\"@type\":\"BreadcrumbList\",\"@id\":\"https:\\\/\\\/xstone.group\\\/cs\\\/product\\\/rolhri01012-roll-high-rise-rust\\\/#breadcrumb\",\"itemListElement\":[{\"@type\":\"ListItem\",\"position\":1,\"name\":\"Home\",\"item\":\"https:\\\/\\\/xstone.group\\\/cs\\\/\"},{\"@type\":\"ListItem\",\"position\":2,\"name\":\"Produkty\",\"item\":\"https:\\\/\\\/xstone.group\\\/cs\\\/shop\\\/\"},{\"@type\":\"ListItem\",\"position\":3,\"name\":\"[ROL] Roll Mineral Veneer [HRI] High Rise [01012] Rust\"}]},{\"@type\":\"WebSite\",\"@id\":\"https:\\\/\\\/xstone.group\\\/cs\\\/#website\",\"url\":\"https:\\\/\\\/xstone.group\\\/cs\\\/\",\"name\":\"XSTONE\",\"description\":\"Autentick\u00e1 a neomezen\u00e1 kr\u00e1sa miner\u00e1l\u016f, nespoutan\u00e1 gravitac\u00ed\",\"potentialAction\":[{\"@type\":\"SearchAction\",\"target\":{\"@type\":\"EntryPoint\",\"urlTemplate\":\"https:\\\/\\\/xstone.group\\\/cs\\\/?s={search_term_string}\"},\"query-input\":{\"@type\":\"PropertyValueSpecification\",\"valueRequired\":true,\"valueName\":\"search_term_string\"}}],\"inLanguage\":\"cs\"}]}<\/script>\n<!-- \/ Yoast SEO Premium plugin. -->","yoast_head_json":{"title":"Miner\u00e1ln\u00ed d\u00fdha v rol\u00edch | High Rise | Rust","description":"Pruhovan\u00fd rezav\u00fd efekt pru\u017en\u00fd. 90 % recyklovan\u00fd miner\u00e1l, po\u017e\u00e1rn\u00ed t\u0159\u00edda A2. Odv\u00e1\u017en\u00e1 geologick\u00e1 textura pro luxusn\u00ed hotely a designov\u00e9 st\u011bny.","robots":{"index":"index","follow":"follow","max-snippet":"max-snippet:-1","max-image-preview":"max-image-preview:large","max-video-preview":"max-video-preview:-1"},"canonical":"https:\/\/xstone.group\/cs\/product\/rolhri01012-roll-high-rise-rust\/","og_locale":"cs_CZ","og_type":"article","og_title":"[ROL] Roll Mineral Veneer [HRI] High Rise [01012] Rust","og_description":"Pruhovan\u00fd rezav\u00fd efekt pru\u017en\u00fd. 90 % recyklovan\u00fd miner\u00e1l, po\u017e\u00e1rn\u00ed t\u0159\u00edda A2. Odv\u00e1\u017en\u00e1 geologick\u00e1 textura pro luxusn\u00ed hotely a designov\u00e9 st\u011bny.","og_url":"https:\/\/xstone.group\/cs\/product\/rolhri01012-roll-high-rise-rust\/","og_site_name":"XSTONE","article_publisher":"https:\/\/www.facebook.com\/Xstonesurfaces1\/","og_image":[{"width":1080,"height":1080,"url":"https:\/\/xstone.group\/wp-content\/uploads\/2026\/04\/XSTONE_Mineral-Veneer_0469.webp","type":"image\/webp"}],"twitter_card":"summary_large_image","twitter_misc":{"Odhadovan\u00e1 doba \u010dten\u00ed":"2 minuty"},"schema":{"@context":"https:\/\/schema.org","@graph":[{"@type":"WebPage","@id":"https:\/\/xstone.group\/cs\/product\/rolhri01012-roll-high-rise-rust\/","url":"https:\/\/xstone.group\/cs\/product\/rolhri01012-roll-high-rise-rust\/","name":"Miner\u00e1ln\u00ed d\u00fdha v rol\u00edch | High Rise | Rust","isPartOf":{"@id":"https:\/\/xstone.group\/cs\/#website"},"primaryImageOfPage":{"@id":"https:\/\/xstone.group\/cs\/product\/rolhri01012-roll-high-rise-rust\/#primaryimage"},"image":{"@id":"https:\/\/xstone.group\/cs\/product\/rolhri01012-roll-high-rise-rust\/#primaryimage"},"thumbnailUrl":"https:\/\/xstone.group\/wp-content\/uploads\/2026\/04\/XSTONE_Mineral-Veneer_0469.webp","datePublished":"2026-04-14T07:35:33+00:00","description":"Pruhovan\u00fd rezav\u00fd efekt pru\u017en\u00fd. 90 % recyklovan\u00fd miner\u00e1l, po\u017e\u00e1rn\u00ed t\u0159\u00edda A2. Odv\u00e1\u017en\u00e1 geologick\u00e1 textura pro luxusn\u00ed hotely a designov\u00e9 st\u011bny.","breadcrumb":{"@id":"https:\/\/xstone.group\/cs\/product\/rolhri01012-roll-high-rise-rust\/#breadcrumb"},"inLanguage":"cs","potentialAction":[{"@type":"ReadAction","target":["https:\/\/xstone.group\/cs\/product\/rolhri01012-roll-high-rise-rust\/"]}]},{"@type":"ImageObject","inLanguage":"cs","@id":"https:\/\/xstone.group\/cs\/product\/rolhri01012-roll-high-rise-rust\/#primaryimage","url":"https:\/\/xstone.group\/wp-content\/uploads\/2026\/04\/XSTONE_Mineral-Veneer_0469.webp","contentUrl":"https:\/\/xstone.group\/wp-content\/uploads\/2026\/04\/XSTONE_Mineral-Veneer_0469.webp","width":1080,"height":1080,"caption":"striated rust effect flexible"},{"@type":"BreadcrumbList","@id":"https:\/\/xstone.group\/cs\/product\/rolhri01012-roll-high-rise-rust\/#breadcrumb","itemListElement":[{"@type":"ListItem","position":1,"name":"Home","item":"https:\/\/xstone.group\/cs\/"},{"@type":"ListItem","position":2,"name":"Produkty","item":"https:\/\/xstone.group\/cs\/shop\/"},{"@type":"ListItem","position":3,"name":"[ROL] Roll Mineral Veneer [HRI] High Rise [01012] Rust"}]},{"@type":"WebSite","@id":"https:\/\/xstone.group\/cs\/#website","url":"https:\/\/xstone.group\/cs\/","name":"XSTONE","description":"Autentick\u00e1 a neomezen\u00e1 kr\u00e1sa miner\u00e1l\u016f, nespoutan\u00e1 gravitac\u00ed","potentialAction":[{"@type":"SearchAction","target":{"@type":"EntryPoint","urlTemplate":"https:\/\/xstone.group\/cs\/?s={search_term_string}"},"query-input":{"@type":"PropertyValueSpecification","valueRequired":true,"valueName":"search_term_string"}}],"inLanguage":"cs"}]}},"spectra_custom_meta":{"_last_translation_edit_mode":["translation-editor"],"_product_attributes":["a:8:{s:7:\"backing\";a:6:{s:4:\"name\";s:7:\"Backing\";s:5:\"value\";s:12:\"Sklolamin\u00e1t\";s:8:\"position\";i:0;s:10:\"is_visible\";i:1;s:12:\"is_variation\";i:0;s:11:\"is_taxonomy\";i:0;}s:7:\"texture\";a:6:{s:4:\"name\";s:7:\"Texture\";s:5:\"value\";s:17:\"V\u00fd\u0161kov\u00e1 budova\";s:8:\"position\";i:1;s:10:\"is_visible\";i:1;s:12:\"is_variation\";i:0;s:11:\"is_taxonomy\";i:0;}s:5:\"color\";a:6:{s:4:\"name\";s:5:\"Color\";s:5:\"value\";s:4:\"Rust\";s:8:\"position\";i:2;s:10:\"is_visible\";i:1;s:12:\"is_variation\";i:0;s:11:\"is_taxonomy\";i:0;}s:4:\"size\";a:6:{s:4:\"name\";s:4:\"Size\";s:5:\"value\";s:52:\"3000 x 1000 mm; rozm\u011bry na zak\u00e1zku na vy\u017e\u00e1d\u00e1n\u00ed\";s:8:\"position\";i:3;s:10:\"is_visible\";i:1;s:12:\"is_variation\";i:0;s:11:\"is_taxonomy\";i:0;}s:9:\"thickness\";a:6:{s:4:\"name\";s:9:\"Thickness\";s:5:\"value\";s:10:\"2 - 2,5 mm\";s:8:\"position\";i:4;s:10:\"is_visible\";i:1;s:12:\"is_variation\";i:0;s:11:\"is_taxonomy\";i:0;}s:6:\"finish\";a:6:{s:4:\"name\";s:6:\"Finish\";s:5:\"value\";s:4:\"Matt\";s:8:\"position\";i:5;s:10:\"is_visible\";i:1;s:12:\"is_variation\";i:0;s:11:\"is_taxonomy\";i:0;}s:11:\"composition\";a:6:{s:4:\"name\";s:11:\"Composition\";s:5:\"value\";s:67:\"90% recyklovan\u00fd mramorov\u00fd k\u00e1men + kopolymer + sklen\u011bn\u00e9 vl\u00e1kno\";s:8:\"position\";i:6;s:10:\"is_visible\";i:1;s:12:\"is_variation\";i:0;s:11:\"is_taxonomy\";i:0;}s:11:\"fire-rating\";a:6:{s:4:\"name\";s:11:\"Fire rating\";s:5:\"value\";s:8:\"A2-s1-d0\";s:8:\"position\";i:7;s:10:\"is_visible\";i:1;s:12:\"is_variation\";i:0;s:11:\"is_taxonomy\";i:0;}}"],"attr_label_translations":["a:1:{s:2:\"cs\";a:8:{s:7:\"backing\";s:13:\"Z\u00e1lohov\u00e1n\u00ed\";s:7:\"texture\";s:7:\"Textura\";s:5:\"color\";s:5:\"Barva\";s:4:\"size\";s:8:\"Velikost\";s:9:\"thickness\";s:10:\"Tlou\u0161\u0165ka\";s:6:\"finish\";s:11:\"Dokon\u010den\u00ed\";s:11:\"composition\";s:9:\"Slo\u017een\u00ed\";s:11:\"fire-rating\";s:19:\"Po\u017e\u00e1rn\u00ed odolnost\";}}"],"_wcml_average_rating":[null],"_wcml_review_count":[null],"_wcml_rating_count":[null],"_yoast_wpseo_primary_product_cat":["332"],"_backorders":["no"],"_download_limit":["-1"],"_download_expiry":["-1"],"_downloadable":["no"],"_manage_stock":["no"],"_sku":["ROLHRI01012"],"_stock_status":["instock"],"_sold_individually":["no"],"_tax_class":[""],"_tax_status":["taxable"],"_virtual":["no"],"total_sales":["0"],"_wpml_media_duplicate":["1"],"_wpml_media_featured":["1"],"stick-header-meta":["default"],"site-sidebar-layout":["default"],"theme-transparent-header-meta":["default"],"ast-site-content-layout":["default"],"site-content-style":["default"],"site-sidebar-style":["default"],"_yoast_wpseo_title":["Miner\u00e1ln\u00ed d\u00fdha v rol\u00edch | High Rise | Rust"],"_yoast_wpseo_metadesc":["Pruhovan\u00fd rezav\u00fd efekt pru\u017en\u00fd. 90 % recyklovan\u00fd miner\u00e1l, po\u017e\u00e1rn\u00ed t\u0159\u00edda A2. Odv\u00e1\u017en\u00e1 geologick\u00e1 textura pro luxusn\u00ed hotely a designov\u00e9 st\u011bny."],"_yoast_wpseo_focuskw":["pruhovan\u00fd rezav\u00fd efekt flexibiln\u00ed"],"_upsell_ids":["a:3:{i:0;N;i:1;i:22077;i:2;N;}"],"_wpt_field_wpt-16200":["[elementor-template id=\"16197\"]"],"_thumbnail_id":["23001"],"_wpml_word_count":["332"],"two_optimized_date":["1776570405"],"woolentor_views_count_product":["8"],"_uag_css_file_name":["uag-css-22981.css"],"_uag_js_file_name":["uag-js-22981.js"],"tp_widgets":["a:2:{s:7:\"widgets\";a:6:{i:0;s:18:\"plus-list-skeleton\";i:1;s:22:\"plus-listing-load-more\";i:2;s:18:\"plus-listing-metro\";i:3;s:18:\"tp-product-listout\";i:4;s:17:\"tp-single-style_1\";i:5;s:19:\"tp-woo-single-image\";}s:9:\"update_at\";s:10:\"1776541402\";}"],"_elementor_edit_mode":["builder"],"_selectproduct_layout":["18065"],"_wc_rating_count":[""],"_wc_review_count":[""],"_wc_average_rating":[0]},"uagb_featured_image_src":{"full":["https:\/\/xstone.group\/wp-content\/uploads\/2026\/04\/XSTONE_Mineral-Veneer_0469.webp",1080,1080,false],"thumbnail":["https:\/\/xstone.group\/wp-content\/uploads\/2026\/04\/XSTONE_Mineral-Veneer_0469-150x150.webp",150,150,true],"medium":["https:\/\/xstone.group\/wp-content\/uploads\/2026\/04\/XSTONE_Mineral-Veneer_0469-300x300.webp",300,300,true],"medium_large":["https:\/\/xstone.group\/wp-content\/uploads\/2026\/04\/XSTONE_Mineral-Veneer_0469-768x768.webp",768,768,true],"large":["https:\/\/xstone.group\/wp-content\/uploads\/2026\/04\/XSTONE_Mineral-Veneer_0469-1024x1024.webp",1024,1024,true],"1536x1536":["https:\/\/xstone.group\/wp-content\/uploads\/2026\/04\/XSTONE_Mineral-Veneer_0469.webp",1080,1080,false],"2048x2048":["https:\/\/xstone.group\/wp-content\/uploads\/2026\/04\/XSTONE_Mineral-Veneer_0469.webp",1080,1080,false],"tp-image-grid":["https:\/\/xstone.group\/wp-content\/uploads\/2026\/04\/XSTONE_Mineral-Veneer_0469-700x700.webp",700,700,true],"tenweb_optimizer_mobile":["https:\/\/xstone.group\/wp-content\/uploads\/2026\/04\/XSTONE_Mineral-Veneer_0469-600x600.webp",600,600,true],"tenweb_optimizer_tablet":["https:\/\/xstone.group\/wp-content\/uploads\/2026\/04\/XSTONE_Mineral-Veneer_0469-768x768.webp",768,768,true],"woocommerce_thumbnail":["https:\/\/xstone.group\/wp-content\/uploads\/2026\/04\/XSTONE_Mineral-Veneer_0469-300x300.webp",300,300,true],"woocommerce_single":["https:\/\/xstone.group\/wp-content\/uploads\/2026\/04\/XSTONE_Mineral-Veneer_0469-600x600.webp",600,600,true],"woocommerce_gallery_thumbnail":["https:\/\/xstone.group\/wp-content\/uploads\/2026\/04\/XSTONE_Mineral-Veneer_0469-100x100.webp",100,100,true]},"uagb_author_info":{"display_name":"laurent.gomez@xstone.group","author_link":"https:\/\/xstone.group\/cs\/author\/"},"uagb_comment_info":0,"uagb_excerpt":"Zem\u011b se pohybuje pomalu. Na tomto povrchu to c\u00edt\u00edte. XSTONE Roll Mineral Veneer v barv\u011b High Rise a rezav\u00e9 struktu\u0159e je pru\u017en\u00fd st\u011bnov\u00fd panel s efektem pruhovan\u00e9ho kamene, kter\u00fd vn\u00e1\u0161\u00ed monument\u00e1ln\u00ed drama geologick\u00fdch sil do intimity interi\u00e9rov\u00e9 architektury. Textura High Rise je \u017eiveln\u00e1 a velitelsk\u00e1: hluboce pruhovan\u00e9 h\u0159bety plynou po povrchu jako sediment\u00e1rn\u00ed pam\u011b\u0165 d\u00e1vn\u00fdch&hellip;","_links":{"self":[{"href":"https:\/\/xstone.group\/cs\/wp-json\/wp\/v2\/product\/22981","targetHints":{"allow":["GET"]}}],"collection":[{"href":"https:\/\/xstone.group\/cs\/wp-json\/wp\/v2\/product"}],"about":[{"href":"https:\/\/xstone.group\/cs\/wp-json\/wp\/v2\/types\/product"}],"replies":[{"embeddable":true,"href":"https:\/\/xstone.group\/cs\/wp-json\/wp\/v2\/comments?post=22981"}],"wp:featuredmedia":[{"embeddable":true,"href":"https:\/\/xstone.group\/cs\/wp-json\/wp\/v2\/media\/23001"}],"wp:attachment":[{"href":"https:\/\/xstone.group\/cs\/wp-json\/wp\/v2\/media?parent=22981"}],"wp:term":[{"taxonomy":"product_brand","embeddable":true,"href":"https:\/\/xstone.group\/cs\/wp-json\/wp\/v2\/product_brand?post=22981"},{"taxonomy":"product_cat","embeddable":true,"href":"https:\/\/xstone.group\/cs\/wp-json\/wp\/v2\/product_cat?post=22981"},{"taxonomy":"product_tag","embeddable":true,"href":"https:\/\/xstone.group\/cs\/wp-json\/wp\/v2\/product_tag?post=22981"}],"curies":[{"name":"wp","href":"https:\/\/api.w.org\/{rel}","templated":true}]}}