{"id":23691,"date":"2026-04-10T21:35:59","date_gmt":"2026-04-10T21:35:59","guid":{"rendered":"https:\/\/xstone.group\/product\/10027-rezava-med\/"},"modified":"2026-04-10T21:35:59","modified_gmt":"2026-04-10T21:35:59","slug":"10027-rusted-copper","status":"publish","type":"product","link":"https:\/\/xstone.group\/cs\/product\/10027-rusted-copper\/","title":{"rendered":"10027 | Rezav\u00e1 m\u011b\u010f"},"content":{"rendered":"<p>Hypnotizuj\u00edc\u00ed tanec oxidovan\u00e9 m\u011bdi a miner\u00e1ln\u00ed patiny, kde hlubok\u00e1 zelen\u00e1 barva verdigrisu p\u0159ech\u00e1z\u00ed do elektrick\u00fdch tyrkysov\u00fdch t\u016fn\u00ed, ukotven\u00fdch tepl\u00fdmi jantarov\u00fdmi a syrov\u011b sienov\u00fdmi podt\u00f3ny na okraji povrchu. Je to zviditeln\u011bn\u00ed \u010dasu &#8211; \u00fachvatn\u00fd v\u00fdsledek toho, jak se kov vrstvu po vrstv\u011b podd\u00e1v\u00e1 p\u0159\u00edrod\u011b a vytv\u00e1\u0159\u00ed \u017eivou paletu, kter\u00e1 p\u0159ech\u00e1z\u00ed z nefritu do malachitu, z bronzu do zest\u00e1rl\u00e9ho zlata. Ka\u017ed\u00e1 prasklina, ka\u017ed\u00fd barevn\u00fd v\u00fdkv\u011bt vypr\u00e1v\u00ed p\u0159\u00edb\u011bh prom\u011bny, tak\u017ee tento povrch nen\u00ed pouhou povrchovou \u00fapravou, ale sv\u011bdectv\u00edm o vzne\u0161en\u00e9 kr\u00e1se entropie.  <\/p>\n","protected":false},"excerpt":{"rendered":"<p>Hypnotizuj\u00edc\u00ed tanec oxidovan\u00e9 m\u011bdi a miner\u00e1ln\u00ed patiny, kde hlubok\u00e1 zelen\u00e1 barva verdigrisu p\u0159ech\u00e1z\u00ed do elektrick\u00fdch tyrkysov\u00fdch t\u016fn\u00ed, ukotven\u00fdch tepl\u00fdmi jantarov\u00fdmi a syrov\u011b sienov\u00fdmi podt\u00f3ny na okraji povrchu. Je to zviditeln\u011bn\u00ed \u010dasu &#8211; \u00fachvatn\u00fd v\u00fdsledek toho, jak se kov vrstvu po vrstv\u011b podd\u00e1v\u00e1 p\u0159\u00edrod\u011b a vytv\u00e1\u0159\u00ed \u017eivou paletu, kter\u00e1 p\u0159ech\u00e1z\u00ed z nefritu do malachitu, z bronzu [&hellip;]<\/p>\n","protected":false},"featured_media":21784,"comment_status":"open","ping_status":"closed","template":"","meta":{"_acf_changed":false,"_uag_custom_page_level_css":"","site-sidebar-layout":"default","site-content-layout":"","ast-site-content-layout":"default","site-content-style":"default","site-sidebar-style":"default","ast-global-header-display":"","ast-banner-title-visibility":"","ast-main-header-display":"","ast-hfb-above-header-display":"","ast-hfb-below-header-display":"","ast-hfb-mobile-header-display":"","site-post-title":"","ast-breadcrumbs-content":"","ast-featured-img":"","footer-sml-layout":"","theme-transparent-header-meta":"default","adv-header-id-meta":"","stick-header-meta":"default","header-above-stick-meta":"","header-main-stick-meta":"","header-below-stick-meta":"","astra-migrate-meta-layouts":"default","ast-page-background-enabled":"default","ast-page-background-meta":{"desktop":{"background-color":"var(--ast-global-color-4)","background-image":"","background-repeat":"repeat","background-position":"center center","background-size":"auto","background-attachment":"scroll","background-type":"","background-media":"","overlay-type":"","overlay-color":"","overlay-opacity":"","overlay-gradient":""},"tablet":{"background-color":"","background-image":"","background-repeat":"repeat","background-position":"center center","background-size":"auto","background-attachment":"scroll","background-type":"","background-media":"","overlay-type":"","overlay-color":"","overlay-opacity":"","overlay-gradient":""},"mobile":{"background-color":"","background-image":"","background-repeat":"repeat","background-position":"center center","background-size":"auto","background-attachment":"scroll","background-type":"","background-media":"","overlay-type":"","overlay-color":"","overlay-opacity":"","overlay-gradient":""}},"ast-content-background-meta":{"desktop":{"background-color":"var(--ast-global-color-5)","background-image":"","background-repeat":"repeat","background-position":"center center","background-size":"auto","background-attachment":"scroll","background-type":"","background-media":"","overlay-type":"","overlay-color":"","overlay-opacity":"","overlay-gradient":""},"tablet":{"background-color":"var(--ast-global-color-5)","background-image":"","background-repeat":"repeat","background-position":"center center","background-size":"auto","background-attachment":"scroll","background-type":"","background-media":"","overlay-type":"","overlay-color":"","overlay-opacity":"","overlay-gradient":""},"mobile":{"background-color":"var(--ast-global-color-5)","background-image":"","background-repeat":"repeat","background-position":"center center","background-size":"auto","background-attachment":"scroll","background-type":"","background-media":"","overlay-type":"","overlay-color":"","overlay-opacity":"","overlay-gradient":""}}},"product_brand":[],"product_cat":[2348,6584,6585],"product_tag":[6587,3159,2287,6601,6603,6597,6591,6599,6595,6593,6596,6594,6592,6589],"class_list":{"0":"post-23691","1":"product","2":"type-product","3":"status-publish","4":"has-post-thumbnail","6":"product_cat-color","7":"product_cat-blue","8":"product_cat-orange","9":"product_tag-architectural-stone-veneer","10":"product_tag-comp-color-18335","11":"product_tag-decorative-wall-panel","12":"product_tag-natural-stone-veneer","13":"product_tag-patinated-metal-effect","14":"product_tag-luxury-interior-cladding","15":"product_tag-copper-patina","16":"product_tag-copper-finish-wall-tile","17":"product_tag-mineral-stone-cladding","18":"product_tag-oxidized-copper-veneer","19":"product_tag-turquoise-patina-wall","20":"product_tag-ultra-thin-stone-panel","21":"product_tag-verdigris-stone-panel","22":"product_tag-rusted-copper","23":"desktop-align-left","24":"tablet-align-left","25":"mobile-align-left","27":"first","28":"instock","29":"shipping-taxable","30":"product-type-simple"},"acf":[],"yoast_head":"<!-- This site is optimized with the Yoast SEO Premium plugin v27.4 (Yoast SEO v27.4) - https:\/\/yoast.com\/product\/yoast-seo-premium-wordpress\/ -->\n<title>10027 | Rezav\u00e1 m\u011b\u010f - XSTONE<\/title>\n<meta name=\"description\" content=\"Objevte rezavou m\u011b\u010f XSTONE, kter\u00e1 zachycuje syrovou kr\u00e1su oxidovan\u00e9 m\u011bd\u011bn\u00e9 patiny s hlubok\u00fdmi verdigris, tyrkysov\u00fdmi a jantarov\u00fdmi t\u00f3ny pro luxusn\u00ed interi\u00e9ry a architektonick\u00e9 obklady.\" \/>\n<meta name=\"robots\" content=\"index, follow, max-snippet:-1, max-image-preview:large, max-video-preview:-1\" \/>\n<link rel=\"canonical\" href=\"https:\/\/xstone.group\/cs\/product\/10027-rusted-copper\/\" \/>\n<meta property=\"og:locale\" content=\"cs_CZ\" \/>\n<meta property=\"og:type\" content=\"article\" \/>\n<meta property=\"og:title\" content=\"10027 | Rezav\u00e1 m\u011b\u010f\" \/>\n<meta property=\"og:description\" content=\"Objevte rezavou m\u011b\u010f XSTONE, kter\u00e1 zachycuje syrovou kr\u00e1su oxidovan\u00e9 m\u011bd\u011bn\u00e9 patiny s hlubok\u00fdmi verdigris, tyrkysov\u00fdmi a jantarov\u00fdmi t\u00f3ny pro luxusn\u00ed interi\u00e9ry a architektonick\u00e9 obklady.\" \/>\n<meta property=\"og:url\" content=\"https:\/\/xstone.group\/cs\/product\/10027-rusted-copper\/\" \/>\n<meta property=\"og:site_name\" content=\"XSTONE\" \/>\n<meta property=\"article:publisher\" content=\"https:\/\/www.facebook.com\/Xstonesurfaces1\/\" \/>\n<meta property=\"og:image\" content=\"https:\/\/xstone.group\/wp-content\/uploads\/2026\/04\/XSTONE-Color-10027-Rusted-Copper.webp\" \/>\n\t<meta property=\"og:image:width\" content=\"1920\" \/>\n\t<meta property=\"og:image:height\" content=\"1440\" \/>\n\t<meta property=\"og:image:type\" content=\"image\/webp\" \/>\n<meta name=\"twitter:card\" content=\"summary_large_image\" \/>\n<meta name=\"twitter:label1\" content=\"Odhadovan\u00e1 doba \u010dten\u00ed\" \/>\n\t<meta name=\"twitter:data1\" content=\"1 minuta\" \/>\n<script type=\"application\/ld+json\" class=\"yoast-schema-graph\">{\"@context\":\"https:\\\/\\\/schema.org\",\"@graph\":[{\"@type\":\"WebPage\",\"@id\":\"https:\\\/\\\/xstone.group\\\/cs\\\/product\\\/10027-rusted-copper\\\/\",\"url\":\"https:\\\/\\\/xstone.group\\\/cs\\\/product\\\/10027-rusted-copper\\\/\",\"name\":\"10027 | Rezav\u00e1 m\u011b\u010f - XSTONE\",\"isPartOf\":{\"@id\":\"https:\\\/\\\/xstone.group\\\/cs\\\/#website\"},\"primaryImageOfPage\":{\"@id\":\"https:\\\/\\\/xstone.group\\\/cs\\\/product\\\/10027-rusted-copper\\\/#primaryimage\"},\"image\":{\"@id\":\"https:\\\/\\\/xstone.group\\\/cs\\\/product\\\/10027-rusted-copper\\\/#primaryimage\"},\"thumbnailUrl\":\"https:\\\/\\\/xstone.group\\\/wp-content\\\/uploads\\\/2026\\\/04\\\/XSTONE-Color-10027-Rusted-Copper.webp\",\"datePublished\":\"2026-04-10T21:35:59+00:00\",\"description\":\"Objevte rezavou m\u011b\u010f XSTONE, kter\u00e1 zachycuje syrovou kr\u00e1su oxidovan\u00e9 m\u011bd\u011bn\u00e9 patiny s hlubok\u00fdmi verdigris, tyrkysov\u00fdmi a jantarov\u00fdmi t\u00f3ny pro luxusn\u00ed interi\u00e9ry a architektonick\u00e9 obklady.\",\"breadcrumb\":{\"@id\":\"https:\\\/\\\/xstone.group\\\/cs\\\/product\\\/10027-rusted-copper\\\/#breadcrumb\"},\"inLanguage\":\"cs\",\"potentialAction\":[{\"@type\":\"ReadAction\",\"target\":[\"https:\\\/\\\/xstone.group\\\/cs\\\/product\\\/10027-rusted-copper\\\/\"]}]},{\"@type\":\"ImageObject\",\"inLanguage\":\"cs\",\"@id\":\"https:\\\/\\\/xstone.group\\\/cs\\\/product\\\/10027-rusted-copper\\\/#primaryimage\",\"url\":\"https:\\\/\\\/xstone.group\\\/wp-content\\\/uploads\\\/2026\\\/04\\\/XSTONE-Color-10027-Rusted-Copper.webp\",\"contentUrl\":\"https:\\\/\\\/xstone.group\\\/wp-content\\\/uploads\\\/2026\\\/04\\\/XSTONE-Color-10027-Rusted-Copper.webp\",\"width\":1920,\"height\":1440,\"caption\":\"zreziv\u011bl\u00e1 m\u011b\u010f\"},{\"@type\":\"BreadcrumbList\",\"@id\":\"https:\\\/\\\/xstone.group\\\/cs\\\/product\\\/10027-rusted-copper\\\/#breadcrumb\",\"itemListElement\":[{\"@type\":\"ListItem\",\"position\":1,\"name\":\"Home\",\"item\":\"https:\\\/\\\/xstone.group\\\/cs\\\/\"},{\"@type\":\"ListItem\",\"position\":2,\"name\":\"Produkty\",\"item\":\"https:\\\/\\\/xstone.group\\\/cs\\\/shop\\\/\"},{\"@type\":\"ListItem\",\"position\":3,\"name\":\"10027 | Rezav\u00e1 m\u011b\u010f\"}]},{\"@type\":\"WebSite\",\"@id\":\"https:\\\/\\\/xstone.group\\\/cs\\\/#website\",\"url\":\"https:\\\/\\\/xstone.group\\\/cs\\\/\",\"name\":\"XSTONE\",\"description\":\"Autentick\u00e1 a neomezen\u00e1 kr\u00e1sa miner\u00e1l\u016f, nespoutan\u00e1 gravitac\u00ed\",\"potentialAction\":[{\"@type\":\"SearchAction\",\"target\":{\"@type\":\"EntryPoint\",\"urlTemplate\":\"https:\\\/\\\/xstone.group\\\/cs\\\/?s={search_term_string}\"},\"query-input\":{\"@type\":\"PropertyValueSpecification\",\"valueRequired\":true,\"valueName\":\"search_term_string\"}}],\"inLanguage\":\"cs\"}]}<\/script>\n<!-- \/ Yoast SEO Premium plugin. -->","yoast_head_json":{"title":"10027 | Rezav\u00e1 m\u011b\u010f - XSTONE","description":"Objevte rezavou m\u011b\u010f XSTONE, kter\u00e1 zachycuje syrovou kr\u00e1su oxidovan\u00e9 m\u011bd\u011bn\u00e9 patiny s hlubok\u00fdmi verdigris, tyrkysov\u00fdmi a jantarov\u00fdmi t\u00f3ny pro luxusn\u00ed interi\u00e9ry a architektonick\u00e9 obklady.","robots":{"index":"index","follow":"follow","max-snippet":"max-snippet:-1","max-image-preview":"max-image-preview:large","max-video-preview":"max-video-preview:-1"},"canonical":"https:\/\/xstone.group\/cs\/product\/10027-rusted-copper\/","og_locale":"cs_CZ","og_type":"article","og_title":"10027 | Rezav\u00e1 m\u011b\u010f","og_description":"Objevte rezavou m\u011b\u010f XSTONE, kter\u00e1 zachycuje syrovou kr\u00e1su oxidovan\u00e9 m\u011bd\u011bn\u00e9 patiny s hlubok\u00fdmi verdigris, tyrkysov\u00fdmi a jantarov\u00fdmi t\u00f3ny pro luxusn\u00ed interi\u00e9ry a architektonick\u00e9 obklady.","og_url":"https:\/\/xstone.group\/cs\/product\/10027-rusted-copper\/","og_site_name":"XSTONE","article_publisher":"https:\/\/www.facebook.com\/Xstonesurfaces1\/","og_image":[{"width":1920,"height":1440,"url":"https:\/\/xstone.group\/wp-content\/uploads\/2026\/04\/XSTONE-Color-10027-Rusted-Copper.webp","type":"image\/webp"}],"twitter_card":"summary_large_image","twitter_misc":{"Odhadovan\u00e1 doba \u010dten\u00ed":"1 minuta"},"schema":{"@context":"https:\/\/schema.org","@graph":[{"@type":"WebPage","@id":"https:\/\/xstone.group\/cs\/product\/10027-rusted-copper\/","url":"https:\/\/xstone.group\/cs\/product\/10027-rusted-copper\/","name":"10027 | Rezav\u00e1 m\u011b\u010f - XSTONE","isPartOf":{"@id":"https:\/\/xstone.group\/cs\/#website"},"primaryImageOfPage":{"@id":"https:\/\/xstone.group\/cs\/product\/10027-rusted-copper\/#primaryimage"},"image":{"@id":"https:\/\/xstone.group\/cs\/product\/10027-rusted-copper\/#primaryimage"},"thumbnailUrl":"https:\/\/xstone.group\/wp-content\/uploads\/2026\/04\/XSTONE-Color-10027-Rusted-Copper.webp","datePublished":"2026-04-10T21:35:59+00:00","description":"Objevte rezavou m\u011b\u010f XSTONE, kter\u00e1 zachycuje syrovou kr\u00e1su oxidovan\u00e9 m\u011bd\u011bn\u00e9 patiny s hlubok\u00fdmi verdigris, tyrkysov\u00fdmi a jantarov\u00fdmi t\u00f3ny pro luxusn\u00ed interi\u00e9ry a architektonick\u00e9 obklady.","breadcrumb":{"@id":"https:\/\/xstone.group\/cs\/product\/10027-rusted-copper\/#breadcrumb"},"inLanguage":"cs","potentialAction":[{"@type":"ReadAction","target":["https:\/\/xstone.group\/cs\/product\/10027-rusted-copper\/"]}]},{"@type":"ImageObject","inLanguage":"cs","@id":"https:\/\/xstone.group\/cs\/product\/10027-rusted-copper\/#primaryimage","url":"https:\/\/xstone.group\/wp-content\/uploads\/2026\/04\/XSTONE-Color-10027-Rusted-Copper.webp","contentUrl":"https:\/\/xstone.group\/wp-content\/uploads\/2026\/04\/XSTONE-Color-10027-Rusted-Copper.webp","width":1920,"height":1440,"caption":"zreziv\u011bl\u00e1 m\u011b\u010f"},{"@type":"BreadcrumbList","@id":"https:\/\/xstone.group\/cs\/product\/10027-rusted-copper\/#breadcrumb","itemListElement":[{"@type":"ListItem","position":1,"name":"Home","item":"https:\/\/xstone.group\/cs\/"},{"@type":"ListItem","position":2,"name":"Produkty","item":"https:\/\/xstone.group\/cs\/shop\/"},{"@type":"ListItem","position":3,"name":"10027 | Rezav\u00e1 m\u011b\u010f"}]},{"@type":"WebSite","@id":"https:\/\/xstone.group\/cs\/#website","url":"https:\/\/xstone.group\/cs\/","name":"XSTONE","description":"Autentick\u00e1 a neomezen\u00e1 kr\u00e1sa miner\u00e1l\u016f, nespoutan\u00e1 gravitac\u00ed","potentialAction":[{"@type":"SearchAction","target":{"@type":"EntryPoint","urlTemplate":"https:\/\/xstone.group\/cs\/?s={search_term_string}"},"query-input":{"@type":"PropertyValueSpecification","valueRequired":true,"valueName":"search_term_string"}}],"inLanguage":"cs"}]}},"spectra_custom_meta":{"_last_translation_edit_mode":["translation-editor"],"_wcml_average_rating":[null],"_wcml_review_count":[null],"_wcml_rating_count":[null],"_yoast_wpseo_primary_product_cat":["318"],"_backorders":["no"],"_download_limit":["-1"],"_download_expiry":["-1"],"_downloadable":["no"],"_manage_stock":["no"],"_sku":["10027"],"_stock_status":["instock"],"_sold_individually":["no"],"_tax_class":[""],"_tax_status":["taxable"],"_virtual":["no"],"total_sales":["0"],"_wpml_media_duplicate":["1"],"_wpml_media_featured":["1"],"stick-header-meta":["default"],"site-sidebar-layout":["default"],"theme-transparent-header-meta":["default"],"ast-site-content-layout":["default"],"site-content-style":["default"],"site-sidebar-style":["default"],"_yoast_wpseo_metadesc":["Objevte rezavou m\u011b\u010f XSTONE, kter\u00e1 zachycuje syrovou kr\u00e1su oxidovan\u00e9 m\u011bd\u011bn\u00e9 patiny s hlubok\u00fdmi verdigris, tyrkysov\u00fdmi a jantarov\u00fdmi t\u00f3ny pro luxusn\u00ed interi\u00e9ry a architektonick\u00e9 obklady."],"_yoast_wpseo_focuskw":["zreziv\u011bl\u00e1 m\u011b\u010f"],"_thumbnail_id":["21784"],"_product_image_gallery":[""],"_product_attributes":["a:2:{s:7:\"pa_tone\";a:6:{s:4:\"name\";s:7:\"pa_tone\";s:5:\"value\";s:0:\"\";s:8:\"position\";i:0;s:10:\"is_visible\";i:1;s:12:\"is_variation\";i:0;s:11:\"is_taxonomy\";i:1;}s:9:\"pa_finish\";a:6:{s:4:\"name\";s:9:\"pa_finish\";s:5:\"value\";s:0:\"\";s:8:\"position\";i:1;s:10:\"is_visible\";i:1;s:12:\"is_variation\";i:0;s:11:\"is_taxonomy\";i:1;}}"],"_wpml_word_count":["110"],"two_optimized_date":["1776535936"],"woolentor_views_count_product":["9"],"_uag_css_file_name":["uag-css-23691.css"],"_uag_js_file_name":["uag-js-23691.js"],"tp_widgets":["a:2:{s:7:\"widgets\";a:6:{i:0;s:18:\"plus-list-skeleton\";i:1;s:22:\"plus-listing-load-more\";i:2;s:18:\"plus-listing-metro\";i:3;s:18:\"tp-product-listout\";i:4;s:17:\"tp-single-style_1\";i:5;s:19:\"tp-woo-single-image\";}s:9:\"update_at\";s:10:\"1776541402\";}"],"_elementor_edit_mode":["builder"],"_selectproduct_layout":["16271"],"_elementor_page_assets":["a:0:{}"],"_elementor_css":["a:7:{s:4:\"time\";i:1776756972;s:5:\"fonts\";a:0:{}s:5:\"icons\";a:0:{}s:20:\"dynamic_elements_ids\";a:0:{}s:6:\"status\";s:5:\"empty\";i:0;s:0:\"\";s:3:\"css\";s:0:\"\";}"],"_wc_rating_count":[""],"_wc_review_count":[""],"_wc_average_rating":[0]},"uagb_featured_image_src":{"full":["https:\/\/xstone.group\/wp-content\/uploads\/2026\/04\/XSTONE-Color-10027-Rusted-Copper.webp",1920,1440,false],"thumbnail":["https:\/\/xstone.group\/wp-content\/uploads\/2026\/04\/XSTONE-Color-10027-Rusted-Copper-150x150.webp",150,150,true],"medium":["https:\/\/xstone.group\/wp-content\/uploads\/2026\/04\/XSTONE-Color-10027-Rusted-Copper-300x225.webp",300,225,true],"medium_large":["https:\/\/xstone.group\/wp-content\/uploads\/2026\/04\/XSTONE-Color-10027-Rusted-Copper-768x576.webp",768,576,true],"large":["https:\/\/xstone.group\/wp-content\/uploads\/2026\/04\/XSTONE-Color-10027-Rusted-Copper-1024x768.webp",1024,768,true],"1536x1536":["https:\/\/xstone.group\/wp-content\/uploads\/2026\/04\/XSTONE-Color-10027-Rusted-Copper-1536x1152.webp",1536,1152,true],"2048x2048":["https:\/\/xstone.group\/wp-content\/uploads\/2026\/04\/XSTONE-Color-10027-Rusted-Copper.webp",1920,1440,false],"tp-image-grid":["https:\/\/xstone.group\/wp-content\/uploads\/2026\/04\/XSTONE-Color-10027-Rusted-Copper-700x700.webp",700,700,true],"tenweb_optimizer_mobile":["https:\/\/xstone.group\/wp-content\/uploads\/2026\/04\/XSTONE-Color-10027-Rusted-Copper-600x450.webp",600,450,true],"tenweb_optimizer_tablet":["https:\/\/xstone.group\/wp-content\/uploads\/2026\/04\/XSTONE-Color-10027-Rusted-Copper-768x576.webp",768,576,true],"woocommerce_thumbnail":["https:\/\/xstone.group\/wp-content\/uploads\/2026\/04\/XSTONE-Color-10027-Rusted-Copper-300x300.webp",300,300,true],"woocommerce_single":["https:\/\/xstone.group\/wp-content\/uploads\/2026\/04\/XSTONE-Color-10027-Rusted-Copper-600x450.webp",600,450,true],"woocommerce_gallery_thumbnail":["https:\/\/xstone.group\/wp-content\/uploads\/2026\/04\/XSTONE-Color-10027-Rusted-Copper-100x100.webp",100,100,true]},"uagb_author_info":{"display_name":"laurent.gomez@xstone.group","author_link":"https:\/\/xstone.group\/cs\/author\/"},"uagb_comment_info":0,"uagb_excerpt":"Hypnotizuj\u00edc\u00ed tanec oxidovan\u00e9 m\u011bdi a miner\u00e1ln\u00ed patiny, kde hlubok\u00e1 zelen\u00e1 barva verdigrisu p\u0159ech\u00e1z\u00ed do elektrick\u00fdch tyrkysov\u00fdch t\u016fn\u00ed, ukotven\u00fdch tepl\u00fdmi jantarov\u00fdmi a syrov\u011b sienov\u00fdmi podt\u00f3ny na okraji povrchu. Je to zviditeln\u011bn\u00ed \u010dasu &#8211; \u00fachvatn\u00fd v\u00fdsledek toho, jak se kov vrstvu po vrstv\u011b podd\u00e1v\u00e1 p\u0159\u00edrod\u011b a vytv\u00e1\u0159\u00ed \u017eivou paletu, kter\u00e1 p\u0159ech\u00e1z\u00ed z nefritu do malachitu, z bronzu&hellip;","_links":{"self":[{"href":"https:\/\/xstone.group\/cs\/wp-json\/wp\/v2\/product\/23691","targetHints":{"allow":["GET"]}}],"collection":[{"href":"https:\/\/xstone.group\/cs\/wp-json\/wp\/v2\/product"}],"about":[{"href":"https:\/\/xstone.group\/cs\/wp-json\/wp\/v2\/types\/product"}],"replies":[{"embeddable":true,"href":"https:\/\/xstone.group\/cs\/wp-json\/wp\/v2\/comments?post=23691"}],"wp:featuredmedia":[{"embeddable":true,"href":"https:\/\/xstone.group\/cs\/wp-json\/wp\/v2\/media\/21784"}],"wp:attachment":[{"href":"https:\/\/xstone.group\/cs\/wp-json\/wp\/v2\/media?parent=23691"}],"wp:term":[{"taxonomy":"product_brand","embeddable":true,"href":"https:\/\/xstone.group\/cs\/wp-json\/wp\/v2\/product_brand?post=23691"},{"taxonomy":"product_cat","embeddable":true,"href":"https:\/\/xstone.group\/cs\/wp-json\/wp\/v2\/product_cat?post=23691"},{"taxonomy":"product_tag","embeddable":true,"href":"https:\/\/xstone.group\/cs\/wp-json\/wp\/v2\/product_tag?post=23691"}],"curies":[{"name":"wp","href":"https:\/\/api.w.org\/{rel}","templated":true}]}}