{"id":24023,"date":"2026-01-13T13:27:36","date_gmt":"2026-01-13T13:27:36","guid":{"rendered":"https:\/\/xstone.group\/product\/dia-diamond\/"},"modified":"2026-01-13T13:27:36","modified_gmt":"2026-01-13T13:27:36","slug":"dia-diamond","status":"publish","type":"product","link":"https:\/\/xstone.group\/cs\/product\/dia-diamond\/","title":{"rendered":"DIA | Diamond"},"content":{"rendered":"<p>Diamant je geometrick\u00fd, skulptur\u00e1ln\u00ed povrch, jeho\u017e opakuj\u00edc\u00ed se fasety se vz\u00e1jemn\u011b prol\u00ednaj\u00ed v p\u0159esn\u00e9m rytmu a vytv\u00e1\u0159ej\u00ed pocit \u0159\u00e1du, hloubky a rafinovan\u00e9ho pohybu nap\u0159\u00ed\u010d materi\u00e1lem. Ka\u017ed\u00e1 vyv\u00fd\u0161en\u00e1 hrana a zapu\u0161t\u011bn\u00e1 rovina zachycuje sv\u011btlo jinak, co\u017e textu\u0159e dod\u00e1v\u00e1 architektonickou p\u0159\u00edtomnost, kter\u00e1 p\u016fsob\u00ed modern\u011b i nad\u010dasov\u011b, strukturovan\u011b a z\u00e1rove\u0148 p\u0159\u00edjemn\u011b na dotek, povrch, kter\u00fd do ka\u017ed\u00e9ho prostoru vn\u00e1\u0161\u00ed jasnost, eleganci a vizu\u00e1ln\u00ed energii. <\/p>\n","protected":false},"excerpt":{"rendered":"<p>Diamant je geometrick\u00fd, skulptur\u00e1ln\u00ed povrch, jeho\u017e opakuj\u00edc\u00ed se fasety se vz\u00e1jemn\u011b prol\u00ednaj\u00ed v p\u0159esn\u00e9m rytmu a vytv\u00e1\u0159ej\u00ed pocit \u0159\u00e1du, hloubky a rafinovan\u00e9ho pohybu nap\u0159\u00ed\u010d materi\u00e1lem. Ka\u017ed\u00e1 vyv\u00fd\u0161en\u00e1 hrana a zapu\u0161t\u011bn\u00e1 rovina zachycuje sv\u011btlo jinak, co\u017e textu\u0159e dod\u00e1v\u00e1 architektonickou p\u0159\u00edtomnost, kter\u00e1 p\u016fsob\u00ed modern\u011b i nad\u010dasov\u011b, strukturovan\u011b a z\u00e1rove\u0148 p\u0159\u00edjemn\u011b na dotek, povrch, kter\u00fd do ka\u017ed\u00e9ho prostoru [&hellip;]<\/p>\n","protected":false},"featured_media":24025,"comment_status":"open","ping_status":"closed","template":"","meta":{"_acf_changed":false,"_uag_custom_page_level_css":"","site-sidebar-layout":"default","site-content-layout":"","ast-site-content-layout":"default","site-content-style":"default","site-sidebar-style":"default","ast-global-header-display":"","ast-banner-title-visibility":"","ast-main-header-display":"","ast-hfb-above-header-display":"","ast-hfb-below-header-display":"","ast-hfb-mobile-header-display":"","site-post-title":"","ast-breadcrumbs-content":"","ast-featured-img":"","footer-sml-layout":"","theme-transparent-header-meta":"default","adv-header-id-meta":"","stick-header-meta":"default","header-above-stick-meta":"","header-main-stick-meta":"","header-below-stick-meta":"","astra-migrate-meta-layouts":"default","ast-page-background-enabled":"default","ast-page-background-meta":{"desktop":{"background-color":"var(--ast-global-color-4)","background-image":"","background-repeat":"repeat","background-position":"center center","background-size":"auto","background-attachment":"scroll","background-type":"","background-media":"","overlay-type":"","overlay-color":"","overlay-opacity":"","overlay-gradient":""},"tablet":{"background-color":"","background-image":"","background-repeat":"repeat","background-position":"center center","background-size":"auto","background-attachment":"scroll","background-type":"","background-media":"","overlay-type":"","overlay-color":"","overlay-opacity":"","overlay-gradient":""},"mobile":{"background-color":"","background-image":"","background-repeat":"repeat","background-position":"center center","background-size":"auto","background-attachment":"scroll","background-type":"","background-media":"","overlay-type":"","overlay-color":"","overlay-opacity":"","overlay-gradient":""}},"ast-content-background-meta":{"desktop":{"background-color":"var(--ast-global-color-5)","background-image":"","background-repeat":"repeat","background-position":"center center","background-size":"auto","background-attachment":"scroll","background-type":"","background-media":"","overlay-type":"","overlay-color":"","overlay-opacity":"","overlay-gradient":""},"tablet":{"background-color":"var(--ast-global-color-5)","background-image":"","background-repeat":"repeat","background-position":"center center","background-size":"auto","background-attachment":"scroll","background-type":"","background-media":"","overlay-type":"","overlay-color":"","overlay-opacity":"","overlay-gradient":""},"mobile":{"background-color":"var(--ast-global-color-5)","background-image":"","background-repeat":"repeat","background-position":"center center","background-size":"auto","background-attachment":"scroll","background-type":"","background-media":"","overlay-type":"","overlay-color":"","overlay-opacity":"","overlay-gradient":""}}},"product_brand":[],"product_cat":[6075,3594],"product_tag":[6907,6903,6905,6911,6909,5048],"class_list":{"0":"post-24023","1":"product","2":"type-product","3":"status-publish","4":"has-post-thumbnail","6":"product_cat-design","7":"product_cat-texture","8":"product_tag-3d-wall-pattern","9":"product_tag-diamond-wall-texture","10":"product_tag-geometric-surface","11":"product_tag-geometric-relief-texture","12":"product_tag-sculptural-surface-design","13":"product_tag-comp-texture-16793","14":"desktop-align-left","15":"tablet-align-left","16":"mobile-align-left","18":"first","19":"instock","20":"shipping-taxable","21":"product-type-simple"},"acf":[],"yoast_head":"<!-- This site is optimized with the Yoast SEO Premium plugin v27.4 (Yoast SEO v27.4) - https:\/\/yoast.com\/product\/yoast-seo-premium-wordpress\/ -->\n<title>DIA | Diamond - XSTONE<\/title>\n<meta name=\"description\" content=\"Objevte Diamant, geometrickou n\u00e1st\u011bnnou texturu s tvarovan\u00fdmi fasetami a architektonickou hloubkou, kter\u00e1 je navr\u017eena tak, aby vnesla do interi\u00e9ru rytmus a eleganci.\" \/>\n<meta name=\"robots\" content=\"index, follow, max-snippet:-1, max-image-preview:large, max-video-preview:-1\" \/>\n<link rel=\"canonical\" href=\"https:\/\/xstone.group\/cs\/product\/dia-diamond\/\" \/>\n<meta property=\"og:locale\" content=\"cs_CZ\" \/>\n<meta property=\"og:type\" content=\"article\" \/>\n<meta property=\"og:title\" content=\"DIA | Diamond\" \/>\n<meta property=\"og:description\" content=\"Objevte Diamant, geometrickou n\u00e1st\u011bnnou texturu s tvarovan\u00fdmi fasetami a architektonickou hloubkou, kter\u00e1 je navr\u017eena tak, aby vnesla do interi\u00e9ru rytmus a eleganci.\" \/>\n<meta property=\"og:url\" content=\"https:\/\/xstone.group\/cs\/product\/dia-diamond\/\" \/>\n<meta property=\"og:site_name\" content=\"XSTONE\" \/>\n<meta property=\"article:publisher\" content=\"https:\/\/www.facebook.com\/Xstonesurfaces1\/\" \/>\n<meta property=\"og:image\" content=\"https:\/\/xstone.group\/wp-content\/uploads\/2026\/01\/XStone-Texture-DIA.webp\" \/>\n\t<meta property=\"og:image:width\" content=\"2560\" \/>\n\t<meta property=\"og:image:height\" content=\"1920\" \/>\n\t<meta property=\"og:image:type\" content=\"image\/webp\" \/>\n<meta name=\"twitter:card\" content=\"summary_large_image\" \/>\n<script type=\"application\/ld+json\" class=\"yoast-schema-graph\">{\"@context\":\"https:\\\/\\\/schema.org\",\"@graph\":[{\"@type\":\"WebPage\",\"@id\":\"https:\\\/\\\/xstone.group\\\/cs\\\/product\\\/dia-diamond\\\/\",\"url\":\"https:\\\/\\\/xstone.group\\\/cs\\\/product\\\/dia-diamond\\\/\",\"name\":\"DIA | Diamond - XSTONE\",\"isPartOf\":{\"@id\":\"https:\\\/\\\/xstone.group\\\/cs\\\/#website\"},\"primaryImageOfPage\":{\"@id\":\"https:\\\/\\\/xstone.group\\\/cs\\\/product\\\/dia-diamond\\\/#primaryimage\"},\"image\":{\"@id\":\"https:\\\/\\\/xstone.group\\\/cs\\\/product\\\/dia-diamond\\\/#primaryimage\"},\"thumbnailUrl\":\"https:\\\/\\\/xstone.group\\\/wp-content\\\/uploads\\\/2026\\\/01\\\/XStone-Texture-DIA.webp\",\"datePublished\":\"2026-01-13T13:27:36+00:00\",\"description\":\"Objevte Diamant, geometrickou n\u00e1st\u011bnnou texturu s tvarovan\u00fdmi fasetami a architektonickou hloubkou, kter\u00e1 je navr\u017eena tak, aby vnesla do interi\u00e9ru rytmus a eleganci.\",\"breadcrumb\":{\"@id\":\"https:\\\/\\\/xstone.group\\\/cs\\\/product\\\/dia-diamond\\\/#breadcrumb\"},\"inLanguage\":\"cs\",\"potentialAction\":[{\"@type\":\"ReadAction\",\"target\":[\"https:\\\/\\\/xstone.group\\\/cs\\\/product\\\/dia-diamond\\\/\"]}]},{\"@type\":\"ImageObject\",\"inLanguage\":\"cs\",\"@id\":\"https:\\\/\\\/xstone.group\\\/cs\\\/product\\\/dia-diamond\\\/#primaryimage\",\"url\":\"https:\\\/\\\/xstone.group\\\/wp-content\\\/uploads\\\/2026\\\/01\\\/XStone-Texture-DIA.webp\",\"contentUrl\":\"https:\\\/\\\/xstone.group\\\/wp-content\\\/uploads\\\/2026\\\/01\\\/XStone-Texture-DIA.webp\",\"width\":2560,\"height\":1920,\"caption\":\"XStone -Texture - Diamond\"},{\"@type\":\"BreadcrumbList\",\"@id\":\"https:\\\/\\\/xstone.group\\\/cs\\\/product\\\/dia-diamond\\\/#breadcrumb\",\"itemListElement\":[{\"@type\":\"ListItem\",\"position\":1,\"name\":\"Home\",\"item\":\"https:\\\/\\\/xstone.group\\\/cs\\\/\"},{\"@type\":\"ListItem\",\"position\":2,\"name\":\"Produkty\",\"item\":\"https:\\\/\\\/xstone.group\\\/cs\\\/shop\\\/\"},{\"@type\":\"ListItem\",\"position\":3,\"name\":\"DIA | Diamond\"}]},{\"@type\":\"WebSite\",\"@id\":\"https:\\\/\\\/xstone.group\\\/cs\\\/#website\",\"url\":\"https:\\\/\\\/xstone.group\\\/cs\\\/\",\"name\":\"XSTONE\",\"description\":\"Autentick\u00e1 a neomezen\u00e1 kr\u00e1sa miner\u00e1l\u016f, nespoutan\u00e1 gravitac\u00ed\",\"potentialAction\":[{\"@type\":\"SearchAction\",\"target\":{\"@type\":\"EntryPoint\",\"urlTemplate\":\"https:\\\/\\\/xstone.group\\\/cs\\\/?s={search_term_string}\"},\"query-input\":{\"@type\":\"PropertyValueSpecification\",\"valueRequired\":true,\"valueName\":\"search_term_string\"}}],\"inLanguage\":\"cs\"}]}<\/script>\n<!-- \/ Yoast SEO Premium plugin. -->","yoast_head_json":{"title":"DIA | Diamond - XSTONE","description":"Objevte Diamant, geometrickou n\u00e1st\u011bnnou texturu s tvarovan\u00fdmi fasetami a architektonickou hloubkou, kter\u00e1 je navr\u017eena tak, aby vnesla do interi\u00e9ru rytmus a eleganci.","robots":{"index":"index","follow":"follow","max-snippet":"max-snippet:-1","max-image-preview":"max-image-preview:large","max-video-preview":"max-video-preview:-1"},"canonical":"https:\/\/xstone.group\/cs\/product\/dia-diamond\/","og_locale":"cs_CZ","og_type":"article","og_title":"DIA | Diamond","og_description":"Objevte Diamant, geometrickou n\u00e1st\u011bnnou texturu s tvarovan\u00fdmi fasetami a architektonickou hloubkou, kter\u00e1 je navr\u017eena tak, aby vnesla do interi\u00e9ru rytmus a eleganci.","og_url":"https:\/\/xstone.group\/cs\/product\/dia-diamond\/","og_site_name":"XSTONE","article_publisher":"https:\/\/www.facebook.com\/Xstonesurfaces1\/","og_image":[{"width":2560,"height":1920,"url":"https:\/\/xstone.group\/wp-content\/uploads\/2026\/01\/XStone-Texture-DIA.webp","type":"image\/webp"}],"twitter_card":"summary_large_image","schema":{"@context":"https:\/\/schema.org","@graph":[{"@type":"WebPage","@id":"https:\/\/xstone.group\/cs\/product\/dia-diamond\/","url":"https:\/\/xstone.group\/cs\/product\/dia-diamond\/","name":"DIA | Diamond - XSTONE","isPartOf":{"@id":"https:\/\/xstone.group\/cs\/#website"},"primaryImageOfPage":{"@id":"https:\/\/xstone.group\/cs\/product\/dia-diamond\/#primaryimage"},"image":{"@id":"https:\/\/xstone.group\/cs\/product\/dia-diamond\/#primaryimage"},"thumbnailUrl":"https:\/\/xstone.group\/wp-content\/uploads\/2026\/01\/XStone-Texture-DIA.webp","datePublished":"2026-01-13T13:27:36+00:00","description":"Objevte Diamant, geometrickou n\u00e1st\u011bnnou texturu s tvarovan\u00fdmi fasetami a architektonickou hloubkou, kter\u00e1 je navr\u017eena tak, aby vnesla do interi\u00e9ru rytmus a eleganci.","breadcrumb":{"@id":"https:\/\/xstone.group\/cs\/product\/dia-diamond\/#breadcrumb"},"inLanguage":"cs","potentialAction":[{"@type":"ReadAction","target":["https:\/\/xstone.group\/cs\/product\/dia-diamond\/"]}]},{"@type":"ImageObject","inLanguage":"cs","@id":"https:\/\/xstone.group\/cs\/product\/dia-diamond\/#primaryimage","url":"https:\/\/xstone.group\/wp-content\/uploads\/2026\/01\/XStone-Texture-DIA.webp","contentUrl":"https:\/\/xstone.group\/wp-content\/uploads\/2026\/01\/XStone-Texture-DIA.webp","width":2560,"height":1920,"caption":"XStone -Texture - Diamond"},{"@type":"BreadcrumbList","@id":"https:\/\/xstone.group\/cs\/product\/dia-diamond\/#breadcrumb","itemListElement":[{"@type":"ListItem","position":1,"name":"Home","item":"https:\/\/xstone.group\/cs\/"},{"@type":"ListItem","position":2,"name":"Produkty","item":"https:\/\/xstone.group\/cs\/shop\/"},{"@type":"ListItem","position":3,"name":"DIA | Diamond"}]},{"@type":"WebSite","@id":"https:\/\/xstone.group\/cs\/#website","url":"https:\/\/xstone.group\/cs\/","name":"XSTONE","description":"Autentick\u00e1 a neomezen\u00e1 kr\u00e1sa miner\u00e1l\u016f, nespoutan\u00e1 gravitac\u00ed","potentialAction":[{"@type":"SearchAction","target":{"@type":"EntryPoint","urlTemplate":"https:\/\/xstone.group\/cs\/?s={search_term_string}"},"query-input":{"@type":"PropertyValueSpecification","valueRequired":true,"valueName":"search_term_string"}}],"inLanguage":"cs"}]}},"spectra_custom_meta":{"_last_translation_edit_mode":["translation-editor"],"_wcml_average_rating":[null],"_wcml_review_count":[null],"_wcml_rating_count":[null],"_yoast_wpseo_primary_product_cat":["395"],"_backorders":["no"],"_download_limit":["-1"],"_download_expiry":["-1"],"_downloadable":["no"],"_manage_stock":["no"],"_sku":["DIA"],"_stock_status":["instock"],"_sold_individually":["no"],"_tax_class":[""],"_tax_status":["taxable"],"_virtual":["no"],"total_sales":["0"],"_wpml_media_duplicate":["1"],"_wpml_media_featured":["1"],"stick-header-meta":["default"],"site-sidebar-layout":["default"],"theme-transparent-header-meta":["default"],"ast-site-content-layout":["default"],"site-content-style":["default"],"site-sidebar-style":["default"],"_yoast_wpseo_metadesc":["Objevte Diamant, geometrickou n\u00e1st\u011bnnou texturu s tvarovan\u00fdmi fasetami a architektonickou hloubkou, kter\u00e1 je navr\u017eena tak, aby vnesla do interi\u00e9ru rytmus a eleganci."],"_yoast_wpseo_focuskw":["diamantov\u00e1 geometrick\u00e1 textura na ze\u010f"],"_product_image_gallery":[""],"_thumbnail_id":["24025"],"_product_attributes":["a:3:{s:12:\"pa_thickness\";a:6:{s:4:\"name\";s:12:\"pa_thickness\";s:5:\"value\";s:0:\"\";s:8:\"position\";i:0;s:10:\"is_visible\";i:1;s:12:\"is_variation\";i:0;s:11:\"is_taxonomy\";i:1;}s:14:\"pa_composition\";a:6:{s:4:\"name\";s:14:\"pa_composition\";s:5:\"value\";s:0:\"\";s:8:\"position\";i:1;s:10:\"is_visible\";i:1;s:12:\"is_variation\";i:0;s:11:\"is_taxonomy\";i:1;}s:14:\"pa_fire-rating\";a:6:{s:4:\"name\";s:14:\"pa_fire-rating\";s:5:\"value\";s:0:\"\";s:8:\"position\";i:2;s:10:\"is_visible\";i:1;s:12:\"is_variation\";i:0;s:11:\"is_taxonomy\";i:1;}}"],"_wpml_word_count":["91"],"_elementor_edit_mode":["builder"],"_selectproduct_layout":["16389"],"woolentor_views_count_product":["8"],"_uag_css_file_name":["uag-css-24023.css"],"_uag_js_file_name":["uag-js-24023.js"],"tp_widgets":["a:2:{s:7:\"widgets\";a:6:{i:0;s:18:\"plus-list-skeleton\";i:1;s:22:\"plus-listing-load-more\";i:2;s:18:\"plus-listing-metro\";i:3;s:18:\"tp-product-listout\";i:4;s:17:\"tp-single-style_1\";i:5;s:19:\"tp-woo-single-image\";}s:9:\"update_at\";s:10:\"1776541402\";}"],"_wc_rating_count":[""],"_wc_review_count":[""],"_wc_average_rating":[0]},"uagb_featured_image_src":{"full":["https:\/\/xstone.group\/wp-content\/uploads\/2026\/01\/XStone-Texture-DIA.webp",2560,1920,false],"thumbnail":["https:\/\/xstone.group\/wp-content\/uploads\/2026\/01\/XStone-Texture-DIA-150x150.webp",150,150,true],"medium":["https:\/\/xstone.group\/wp-content\/uploads\/2026\/01\/XStone-Texture-DIA-300x225.webp",300,225,true],"medium_large":["https:\/\/xstone.group\/wp-content\/uploads\/2026\/01\/XStone-Texture-DIA-768x576.webp",768,576,true],"large":["https:\/\/xstone.group\/wp-content\/uploads\/2026\/01\/XStone-Texture-DIA-1024x768.webp",1024,768,true],"1536x1536":["https:\/\/xstone.group\/wp-content\/uploads\/2026\/01\/XStone-Texture-DIA-1536x1152.webp",1536,1152,true],"2048x2048":["https:\/\/xstone.group\/wp-content\/uploads\/2026\/01\/XStone-Texture-DIA-2048x1536.webp",2048,1536,true],"tp-image-grid":["https:\/\/xstone.group\/wp-content\/uploads\/2026\/01\/XStone-Texture-DIA-700x700.webp",700,700,true],"tenweb_optimizer_mobile":["https:\/\/xstone.group\/wp-content\/uploads\/2026\/01\/XStone-Texture-DIA-600x450.webp",600,450,true],"tenweb_optimizer_tablet":["https:\/\/xstone.group\/wp-content\/uploads\/2026\/01\/XStone-Texture-DIA-768x576.webp",768,576,true],"woocommerce_thumbnail":["https:\/\/xstone.group\/wp-content\/uploads\/2026\/01\/XStone-Texture-DIA-300x300.webp",300,300,true],"woocommerce_single":["https:\/\/xstone.group\/wp-content\/uploads\/2026\/01\/XStone-Texture-DIA-600x450.webp",600,450,true],"woocommerce_gallery_thumbnail":["https:\/\/xstone.group\/wp-content\/uploads\/2026\/01\/XStone-Texture-DIA-100x100.webp",100,100,true]},"uagb_author_info":{"display_name":"laurent.gomez@xstone.group","author_link":"https:\/\/xstone.group\/cs\/author\/"},"uagb_comment_info":0,"uagb_excerpt":"Diamant je geometrick\u00fd, skulptur\u00e1ln\u00ed povrch, jeho\u017e opakuj\u00edc\u00ed se fasety se vz\u00e1jemn\u011b prol\u00ednaj\u00ed v p\u0159esn\u00e9m rytmu a vytv\u00e1\u0159ej\u00ed pocit \u0159\u00e1du, hloubky a rafinovan\u00e9ho pohybu nap\u0159\u00ed\u010d materi\u00e1lem. Ka\u017ed\u00e1 vyv\u00fd\u0161en\u00e1 hrana a zapu\u0161t\u011bn\u00e1 rovina zachycuje sv\u011btlo jinak, co\u017e textu\u0159e dod\u00e1v\u00e1 architektonickou p\u0159\u00edtomnost, kter\u00e1 p\u016fsob\u00ed modern\u011b i nad\u010dasov\u011b, strukturovan\u011b a z\u00e1rove\u0148 p\u0159\u00edjemn\u011b na dotek, povrch, kter\u00fd do ka\u017ed\u00e9ho prostoru&hellip;","_links":{"self":[{"href":"https:\/\/xstone.group\/cs\/wp-json\/wp\/v2\/product\/24023","targetHints":{"allow":["GET"]}}],"collection":[{"href":"https:\/\/xstone.group\/cs\/wp-json\/wp\/v2\/product"}],"about":[{"href":"https:\/\/xstone.group\/cs\/wp-json\/wp\/v2\/types\/product"}],"replies":[{"embeddable":true,"href":"https:\/\/xstone.group\/cs\/wp-json\/wp\/v2\/comments?post=24023"}],"wp:featuredmedia":[{"embeddable":true,"href":"https:\/\/xstone.group\/cs\/wp-json\/wp\/v2\/media\/24025"}],"wp:attachment":[{"href":"https:\/\/xstone.group\/cs\/wp-json\/wp\/v2\/media?parent=24023"}],"wp:term":[{"taxonomy":"product_brand","embeddable":true,"href":"https:\/\/xstone.group\/cs\/wp-json\/wp\/v2\/product_brand?post=24023"},{"taxonomy":"product_cat","embeddable":true,"href":"https:\/\/xstone.group\/cs\/wp-json\/wp\/v2\/product_cat?post=24023"},{"taxonomy":"product_tag","embeddable":true,"href":"https:\/\/xstone.group\/cs\/wp-json\/wp\/v2\/product_tag?post=24023"}],"curies":[{"name":"wp","href":"https:\/\/api.w.org\/{rel}","templated":true}]}}