{"id":24376,"date":"2026-01-19T15:10:53","date_gmt":"2026-01-19T15:10:53","guid":{"rendered":"https:\/\/xstone.group\/product\/10019-medena-hneda\/"},"modified":"2026-01-19T15:10:53","modified_gmt":"2026-01-19T15:10:53","slug":"10019-copper-brown","status":"publish","type":"product","link":"https:\/\/xstone.group\/cs\/product\/10019-copper-brown\/","title":{"rendered":"10019 | M\u011bd\u011bn\u00e1 hn\u011bd\u00e1"},"content":{"rendered":"<p>Tato barva p\u016fsob\u00ed jako terakota vyp\u00e1len\u00e1 sluncem po letn\u00edm de\u0161ti &#8211; tepl\u00e1, zemit\u00e1 \u010dervenohn\u011bd\u00e1 barva s jemn\u00fdm miner\u00e1ln\u00edm skvrn\u011bn\u00edm a p\u0159irozenou hloubkou, kter\u00e1 j\u00ed dod\u00e1v\u00e1 \u017eivot a autenti\u010dnost. Vyza\u0159uje teplo, charakter a klidnou rustik\u00e1ln\u00ed eleganci a do ka\u017ed\u00e9ho prostoru vn\u00e1\u0161\u00ed pocit \u0159emesln\u00e9 zru\u010dnosti, uzemn\u011bn\u00e9 kr\u00e1sy a nad\u010dasov\u00e9ho st\u0159edomo\u0159sk\u00e9ho \u0161armu. <\/p>\n","protected":false},"excerpt":{"rendered":"<p>Tato barva p\u016fsob\u00ed jako terakota vyp\u00e1len\u00e1 sluncem po letn\u00edm de\u0161ti &#8211; tepl\u00e1, zemit\u00e1 \u010dervenohn\u011bd\u00e1 barva s jemn\u00fdm miner\u00e1ln\u00edm skvrn\u011bn\u00edm a p\u0159irozenou hloubkou, kter\u00e1 j\u00ed dod\u00e1v\u00e1 \u017eivot a autenti\u010dnost. Vyza\u0159uje teplo, charakter a klidnou rustik\u00e1ln\u00ed eleganci a do ka\u017ed\u00e9ho prostoru vn\u00e1\u0161\u00ed pocit \u0159emesln\u00e9 zru\u010dnosti, uzemn\u011bn\u00e9 kr\u00e1sy a nad\u010dasov\u00e9ho st\u0159edomo\u0159sk\u00e9ho \u0161armu.<\/p>\n","protected":false},"featured_media":24379,"comment_status":"open","ping_status":"closed","template":"","meta":{"_acf_changed":false,"_uag_custom_page_level_css":"","site-sidebar-layout":"default","site-content-layout":"","ast-site-content-layout":"default","site-content-style":"default","site-sidebar-style":"default","ast-global-header-display":"","ast-banner-title-visibility":"","ast-main-header-display":"","ast-hfb-above-header-display":"","ast-hfb-below-header-display":"","ast-hfb-mobile-header-display":"","site-post-title":"","ast-breadcrumbs-content":"","ast-featured-img":"","footer-sml-layout":"","theme-transparent-header-meta":"default","adv-header-id-meta":"","stick-header-meta":"default","header-above-stick-meta":"","header-main-stick-meta":"","header-below-stick-meta":"","astra-migrate-meta-layouts":"default","ast-page-background-enabled":"default","ast-page-background-meta":{"desktop":{"background-color":"var(--ast-global-color-4)","background-image":"","background-repeat":"repeat","background-position":"center center","background-size":"auto","background-attachment":"scroll","background-type":"","background-media":"","overlay-type":"","overlay-color":"","overlay-opacity":"","overlay-gradient":""},"tablet":{"background-color":"","background-image":"","background-repeat":"repeat","background-position":"center center","background-size":"auto","background-attachment":"scroll","background-type":"","background-media":"","overlay-type":"","overlay-color":"","overlay-opacity":"","overlay-gradient":""},"mobile":{"background-color":"","background-image":"","background-repeat":"repeat","background-position":"center center","background-size":"auto","background-attachment":"scroll","background-type":"","background-media":"","overlay-type":"","overlay-color":"","overlay-opacity":"","overlay-gradient":""}},"ast-content-background-meta":{"desktop":{"background-color":"var(--ast-global-color-5)","background-image":"","background-repeat":"repeat","background-position":"center center","background-size":"auto","background-attachment":"scroll","background-type":"","background-media":"","overlay-type":"","overlay-color":"","overlay-opacity":"","overlay-gradient":""},"tablet":{"background-color":"var(--ast-global-color-5)","background-image":"","background-repeat":"repeat","background-position":"center center","background-size":"auto","background-attachment":"scroll","background-type":"","background-media":"","overlay-type":"","overlay-color":"","overlay-opacity":"","overlay-gradient":""},"mobile":{"background-color":"var(--ast-global-color-5)","background-image":"","background-repeat":"repeat","background-position":"center center","background-size":"auto","background-attachment":"scroll","background-type":"","background-media":"","overlay-type":"","overlay-color":"","overlay-opacity":"","overlay-gradient":""}}},"product_brand":[],"product_cat":[2348,5681,4406],"product_tag":[7725,7722,7724,7723,7721],"class_list":{"0":"post-24376","1":"product","2":"type-product","3":"status-publish","4":"has-post-thumbnail","6":"product_cat-color","7":"product_cat-brown","8":"product_cat-tone-on-tone","9":"product_tag-comp-color-16968","10":"product_tag-clay-red-surface","11":"product_tag-rustic-modern","12":"product_tag-warm-earthy-color","13":"product_tag-terracotta-red","14":"desktop-align-left","15":"tablet-align-left","16":"mobile-align-left","18":"first","19":"instock","20":"shipping-taxable","21":"product-type-simple"},"acf":[],"yoast_head":"<!-- This site is optimized with the Yoast SEO Premium plugin v27.4 (Yoast SEO v27.4) - https:\/\/yoast.com\/product\/yoast-seo-premium-wordpress\/ -->\n<title>10019 | M\u011bd\u011bn\u00e1 hn\u011bd\u00e1 - XSTONE<\/title>\n<meta name=\"description\" content=\"Tepl\u00e1 terakotov\u00e1 \u010derve\u0148 s p\u0159\u00edrodn\u00ed miner\u00e1ln\u00ed strukturou je ide\u00e1ln\u00ed pro vytv\u00e1\u0159en\u00ed syt\u00fdch, zemit\u00fdch a elegantn\u00edch interi\u00e9r\u016f s ru\u010dn\u011b vyr\u00e1b\u011bn\u00fdm architektonick\u00fdm dojmem.\" \/>\n<meta name=\"robots\" content=\"index, follow, max-snippet:-1, max-image-preview:large, max-video-preview:-1\" \/>\n<link rel=\"canonical\" href=\"https:\/\/xstone.group\/cs\/product\/10019-copper-brown\/\" \/>\n<meta property=\"og:locale\" content=\"cs_CZ\" \/>\n<meta property=\"og:type\" content=\"article\" \/>\n<meta property=\"og:title\" content=\"10019 | M\u011bd\u011bn\u00e1 hn\u011bd\u00e1\" \/>\n<meta property=\"og:description\" content=\"Tepl\u00e1 terakotov\u00e1 \u010derve\u0148 s p\u0159\u00edrodn\u00ed miner\u00e1ln\u00ed strukturou je ide\u00e1ln\u00ed pro vytv\u00e1\u0159en\u00ed syt\u00fdch, zemit\u00fdch a elegantn\u00edch interi\u00e9r\u016f s ru\u010dn\u011b vyr\u00e1b\u011bn\u00fdm architektonick\u00fdm dojmem.\" \/>\n<meta property=\"og:url\" content=\"https:\/\/xstone.group\/cs\/product\/10019-copper-brown\/\" \/>\n<meta property=\"og:site_name\" content=\"XSTONE\" \/>\n<meta property=\"article:publisher\" content=\"https:\/\/www.facebook.com\/Xstonesurfaces1\/\" \/>\n<meta property=\"og:image\" content=\"https:\/\/xstone.group\/wp-content\/uploads\/2026\/01\/XStone-Color-10019-scaled.webp\" \/>\n\t<meta property=\"og:image:width\" content=\"2560\" \/>\n\t<meta property=\"og:image:height\" content=\"1707\" \/>\n\t<meta property=\"og:image:type\" content=\"image\/webp\" \/>\n<meta name=\"twitter:card\" content=\"summary_large_image\" \/>\n<script type=\"application\/ld+json\" class=\"yoast-schema-graph\">{\"@context\":\"https:\\\/\\\/schema.org\",\"@graph\":[{\"@type\":\"WebPage\",\"@id\":\"https:\\\/\\\/xstone.group\\\/cs\\\/product\\\/10019-copper-brown\\\/\",\"url\":\"https:\\\/\\\/xstone.group\\\/cs\\\/product\\\/10019-copper-brown\\\/\",\"name\":\"10019 | M\u011bd\u011bn\u00e1 hn\u011bd\u00e1 - XSTONE\",\"isPartOf\":{\"@id\":\"https:\\\/\\\/xstone.group\\\/cs\\\/#website\"},\"primaryImageOfPage\":{\"@id\":\"https:\\\/\\\/xstone.group\\\/cs\\\/product\\\/10019-copper-brown\\\/#primaryimage\"},\"image\":{\"@id\":\"https:\\\/\\\/xstone.group\\\/cs\\\/product\\\/10019-copper-brown\\\/#primaryimage\"},\"thumbnailUrl\":\"https:\\\/\\\/xstone.group\\\/wp-content\\\/uploads\\\/2026\\\/01\\\/XStone-Color-10019-scaled.webp\",\"datePublished\":\"2026-01-19T15:10:53+00:00\",\"description\":\"Tepl\u00e1 terakotov\u00e1 \u010derve\u0148 s p\u0159\u00edrodn\u00ed miner\u00e1ln\u00ed strukturou je ide\u00e1ln\u00ed pro vytv\u00e1\u0159en\u00ed syt\u00fdch, zemit\u00fdch a elegantn\u00edch interi\u00e9r\u016f s ru\u010dn\u011b vyr\u00e1b\u011bn\u00fdm architektonick\u00fdm dojmem.\",\"breadcrumb\":{\"@id\":\"https:\\\/\\\/xstone.group\\\/cs\\\/product\\\/10019-copper-brown\\\/#breadcrumb\"},\"inLanguage\":\"cs\",\"potentialAction\":[{\"@type\":\"ReadAction\",\"target\":[\"https:\\\/\\\/xstone.group\\\/cs\\\/product\\\/10019-copper-brown\\\/\"]}]},{\"@type\":\"ImageObject\",\"inLanguage\":\"cs\",\"@id\":\"https:\\\/\\\/xstone.group\\\/cs\\\/product\\\/10019-copper-brown\\\/#primaryimage\",\"url\":\"https:\\\/\\\/xstone.group\\\/wp-content\\\/uploads\\\/2026\\\/01\\\/XStone-Color-10019-scaled.webp\",\"contentUrl\":\"https:\\\/\\\/xstone.group\\\/wp-content\\\/uploads\\\/2026\\\/01\\\/XStone-Color-10019-scaled.webp\",\"width\":2560,\"height\":1707,\"caption\":\"XStone - Color - Copper brown\"},{\"@type\":\"BreadcrumbList\",\"@id\":\"https:\\\/\\\/xstone.group\\\/cs\\\/product\\\/10019-copper-brown\\\/#breadcrumb\",\"itemListElement\":[{\"@type\":\"ListItem\",\"position\":1,\"name\":\"Home\",\"item\":\"https:\\\/\\\/xstone.group\\\/cs\\\/\"},{\"@type\":\"ListItem\",\"position\":2,\"name\":\"Produkty\",\"item\":\"https:\\\/\\\/xstone.group\\\/cs\\\/shop\\\/\"},{\"@type\":\"ListItem\",\"position\":3,\"name\":\"10019 | M\u011bd\u011bn\u00e1 hn\u011bd\u00e1\"}]},{\"@type\":\"WebSite\",\"@id\":\"https:\\\/\\\/xstone.group\\\/cs\\\/#website\",\"url\":\"https:\\\/\\\/xstone.group\\\/cs\\\/\",\"name\":\"XSTONE\",\"description\":\"Autentick\u00e1 a neomezen\u00e1 kr\u00e1sa miner\u00e1l\u016f, nespoutan\u00e1 gravitac\u00ed\",\"potentialAction\":[{\"@type\":\"SearchAction\",\"target\":{\"@type\":\"EntryPoint\",\"urlTemplate\":\"https:\\\/\\\/xstone.group\\\/cs\\\/?s={search_term_string}\"},\"query-input\":{\"@type\":\"PropertyValueSpecification\",\"valueRequired\":true,\"valueName\":\"search_term_string\"}}],\"inLanguage\":\"cs\"}]}<\/script>\n<!-- \/ Yoast SEO Premium plugin. -->","yoast_head_json":{"title":"10019 | M\u011bd\u011bn\u00e1 hn\u011bd\u00e1 - XSTONE","description":"Tepl\u00e1 terakotov\u00e1 \u010derve\u0148 s p\u0159\u00edrodn\u00ed miner\u00e1ln\u00ed strukturou je ide\u00e1ln\u00ed pro vytv\u00e1\u0159en\u00ed syt\u00fdch, zemit\u00fdch a elegantn\u00edch interi\u00e9r\u016f s ru\u010dn\u011b vyr\u00e1b\u011bn\u00fdm architektonick\u00fdm dojmem.","robots":{"index":"index","follow":"follow","max-snippet":"max-snippet:-1","max-image-preview":"max-image-preview:large","max-video-preview":"max-video-preview:-1"},"canonical":"https:\/\/xstone.group\/cs\/product\/10019-copper-brown\/","og_locale":"cs_CZ","og_type":"article","og_title":"10019 | M\u011bd\u011bn\u00e1 hn\u011bd\u00e1","og_description":"Tepl\u00e1 terakotov\u00e1 \u010derve\u0148 s p\u0159\u00edrodn\u00ed miner\u00e1ln\u00ed strukturou je ide\u00e1ln\u00ed pro vytv\u00e1\u0159en\u00ed syt\u00fdch, zemit\u00fdch a elegantn\u00edch interi\u00e9r\u016f s ru\u010dn\u011b vyr\u00e1b\u011bn\u00fdm architektonick\u00fdm dojmem.","og_url":"https:\/\/xstone.group\/cs\/product\/10019-copper-brown\/","og_site_name":"XSTONE","article_publisher":"https:\/\/www.facebook.com\/Xstonesurfaces1\/","og_image":[{"width":2560,"height":1707,"url":"https:\/\/xstone.group\/wp-content\/uploads\/2026\/01\/XStone-Color-10019-scaled.webp","type":"image\/webp"}],"twitter_card":"summary_large_image","schema":{"@context":"https:\/\/schema.org","@graph":[{"@type":"WebPage","@id":"https:\/\/xstone.group\/cs\/product\/10019-copper-brown\/","url":"https:\/\/xstone.group\/cs\/product\/10019-copper-brown\/","name":"10019 | M\u011bd\u011bn\u00e1 hn\u011bd\u00e1 - XSTONE","isPartOf":{"@id":"https:\/\/xstone.group\/cs\/#website"},"primaryImageOfPage":{"@id":"https:\/\/xstone.group\/cs\/product\/10019-copper-brown\/#primaryimage"},"image":{"@id":"https:\/\/xstone.group\/cs\/product\/10019-copper-brown\/#primaryimage"},"thumbnailUrl":"https:\/\/xstone.group\/wp-content\/uploads\/2026\/01\/XStone-Color-10019-scaled.webp","datePublished":"2026-01-19T15:10:53+00:00","description":"Tepl\u00e1 terakotov\u00e1 \u010derve\u0148 s p\u0159\u00edrodn\u00ed miner\u00e1ln\u00ed strukturou je ide\u00e1ln\u00ed pro vytv\u00e1\u0159en\u00ed syt\u00fdch, zemit\u00fdch a elegantn\u00edch interi\u00e9r\u016f s ru\u010dn\u011b vyr\u00e1b\u011bn\u00fdm architektonick\u00fdm dojmem.","breadcrumb":{"@id":"https:\/\/xstone.group\/cs\/product\/10019-copper-brown\/#breadcrumb"},"inLanguage":"cs","potentialAction":[{"@type":"ReadAction","target":["https:\/\/xstone.group\/cs\/product\/10019-copper-brown\/"]}]},{"@type":"ImageObject","inLanguage":"cs","@id":"https:\/\/xstone.group\/cs\/product\/10019-copper-brown\/#primaryimage","url":"https:\/\/xstone.group\/wp-content\/uploads\/2026\/01\/XStone-Color-10019-scaled.webp","contentUrl":"https:\/\/xstone.group\/wp-content\/uploads\/2026\/01\/XStone-Color-10019-scaled.webp","width":2560,"height":1707,"caption":"XStone - Color - Copper brown"},{"@type":"BreadcrumbList","@id":"https:\/\/xstone.group\/cs\/product\/10019-copper-brown\/#breadcrumb","itemListElement":[{"@type":"ListItem","position":1,"name":"Home","item":"https:\/\/xstone.group\/cs\/"},{"@type":"ListItem","position":2,"name":"Produkty","item":"https:\/\/xstone.group\/cs\/shop\/"},{"@type":"ListItem","position":3,"name":"10019 | M\u011bd\u011bn\u00e1 hn\u011bd\u00e1"}]},{"@type":"WebSite","@id":"https:\/\/xstone.group\/cs\/#website","url":"https:\/\/xstone.group\/cs\/","name":"XSTONE","description":"Autentick\u00e1 a neomezen\u00e1 kr\u00e1sa miner\u00e1l\u016f, nespoutan\u00e1 gravitac\u00ed","potentialAction":[{"@type":"SearchAction","target":{"@type":"EntryPoint","urlTemplate":"https:\/\/xstone.group\/cs\/?s={search_term_string}"},"query-input":{"@type":"PropertyValueSpecification","valueRequired":true,"valueName":"search_term_string"}}],"inLanguage":"cs"}]}},"spectra_custom_meta":{"_last_translation_edit_mode":["translation-editor"],"_wcml_average_rating":[null],"_wcml_review_count":[null],"_wcml_rating_count":[null],"_yoast_wpseo_primary_product_cat":["318"],"_backorders":["no"],"_download_limit":["-1"],"_download_expiry":["-1"],"_downloadable":["no"],"_manage_stock":["no"],"_sku":["10019"],"_stock_status":["instock"],"_sold_individually":["no"],"_tax_class":[""],"_tax_status":["taxable"],"_virtual":["no"],"total_sales":["0"],"_wpml_media_duplicate":["1"],"_wpml_media_featured":["1"],"stick-header-meta":["default"],"site-sidebar-layout":["default"],"theme-transparent-header-meta":["default"],"ast-site-content-layout":["default"],"site-content-style":["default"],"site-sidebar-style":["default"],"_yoast_wpseo_metadesc":["Tepl\u00e1 terakotov\u00e1 \u010derve\u0148 s p\u0159\u00edrodn\u00ed miner\u00e1ln\u00ed strukturou je ide\u00e1ln\u00ed pro vytv\u00e1\u0159en\u00ed syt\u00fdch, zemit\u00fdch a elegantn\u00edch interi\u00e9r\u016f s ru\u010dn\u011b vyr\u00e1b\u011bn\u00fdm architektonick\u00fdm dojmem."],"_yoast_wpseo_focuskw":["terakotov\u011b \u010derven\u00fd miner\u00e1ln\u00ed povrch"],"_product_image_gallery":[""],"_thumbnail_id":["24379"],"_product_attributes":["a:3:{s:7:\"pa_tone\";a:6:{s:4:\"name\";s:7:\"pa_tone\";s:5:\"value\";s:0:\"\";s:8:\"position\";i:0;s:10:\"is_visible\";i:1;s:12:\"is_variation\";i:0;s:11:\"is_taxonomy\";i:1;}s:13:\"pa_color-code\";a:6:{s:4:\"name\";s:13:\"pa_color-code\";s:5:\"value\";s:0:\"\";s:8:\"position\";i:1;s:10:\"is_visible\";i:1;s:12:\"is_variation\";i:0;s:11:\"is_taxonomy\";i:1;}s:9:\"pa_finish\";a:6:{s:4:\"name\";s:9:\"pa_finish\";s:5:\"value\";s:0:\"\";s:8:\"position\";i:2;s:10:\"is_visible\";i:1;s:12:\"is_variation\";i:0;s:11:\"is_taxonomy\";i:1;}}"],"_wpml_word_count":["73"],"two_optimized_date":["1776561842"],"woolentor_views_count_product":["11"],"_uag_css_file_name":["uag-css-24376.css"],"_uag_js_file_name":["uag-js-24376.js"],"tp_widgets":["a:2:{s:7:\"widgets\";a:6:{i:0;s:18:\"plus-list-skeleton\";i:1;s:22:\"plus-listing-load-more\";i:2;s:18:\"plus-listing-metro\";i:3;s:18:\"tp-product-listout\";i:4;s:17:\"tp-single-style_1\";i:5;s:19:\"tp-woo-single-image\";}s:9:\"update_at\";s:10:\"1776541402\";}"],"_elementor_edit_mode":["builder"],"_selectproduct_layout":["16271"],"_elementor_page_assets":["a:0:{}"],"_elementor_css":["a:7:{s:4:\"time\";i:1776764792;s:5:\"fonts\";a:0:{}s:5:\"icons\";a:0:{}s:20:\"dynamic_elements_ids\";a:0:{}s:6:\"status\";s:5:\"empty\";i:0;s:0:\"\";s:3:\"css\";s:0:\"\";}"],"_wc_rating_count":[""],"_wc_review_count":[""],"_wc_average_rating":[0]},"uagb_featured_image_src":{"full":["https:\/\/xstone.group\/wp-content\/uploads\/2026\/01\/XStone-Color-10019-scaled.webp",2560,1707,false],"thumbnail":["https:\/\/xstone.group\/wp-content\/uploads\/2026\/01\/XStone-Color-10019-150x150.webp",150,150,true],"medium":["https:\/\/xstone.group\/wp-content\/uploads\/2026\/01\/XStone-Color-10019-300x200.webp",300,200,true],"medium_large":["https:\/\/xstone.group\/wp-content\/uploads\/2026\/01\/XStone-Color-10019-768x512.webp",768,512,true],"large":["https:\/\/xstone.group\/wp-content\/uploads\/2026\/01\/XStone-Color-10019-1024x683.webp",1024,683,true],"1536x1536":["https:\/\/xstone.group\/wp-content\/uploads\/2026\/01\/XStone-Color-10019-1536x1024.webp",1536,1024,true],"2048x2048":["https:\/\/xstone.group\/wp-content\/uploads\/2026\/01\/XStone-Color-10019-2048x1365.webp",2048,1365,true],"tp-image-grid":["https:\/\/xstone.group\/wp-content\/uploads\/2026\/01\/XStone-Color-10019-700x700.webp",700,700,true],"tenweb_optimizer_mobile":["https:\/\/xstone.group\/wp-content\/uploads\/2026\/01\/XStone-Color-10019-600x400.webp",600,400,true],"tenweb_optimizer_tablet":["https:\/\/xstone.group\/wp-content\/uploads\/2026\/01\/XStone-Color-10019-768x512.webp",768,512,true],"woocommerce_thumbnail":["https:\/\/xstone.group\/wp-content\/uploads\/2026\/01\/XStone-Color-10019-300x300.webp",300,300,true],"woocommerce_single":["https:\/\/xstone.group\/wp-content\/uploads\/2026\/01\/XStone-Color-10019-600x400.webp",600,400,true],"woocommerce_gallery_thumbnail":["https:\/\/xstone.group\/wp-content\/uploads\/2026\/01\/XStone-Color-10019-100x100.webp",100,100,true]},"uagb_author_info":{"display_name":"laurent.gomez@xstone.group","author_link":"https:\/\/xstone.group\/cs\/author\/"},"uagb_comment_info":0,"uagb_excerpt":"Tato barva p\u016fsob\u00ed jako terakota vyp\u00e1len\u00e1 sluncem po letn\u00edm de\u0161ti &#8211; tepl\u00e1, zemit\u00e1 \u010dervenohn\u011bd\u00e1 barva s jemn\u00fdm miner\u00e1ln\u00edm skvrn\u011bn\u00edm a p\u0159irozenou hloubkou, kter\u00e1 j\u00ed dod\u00e1v\u00e1 \u017eivot a autenti\u010dnost. Vyza\u0159uje teplo, charakter a klidnou rustik\u00e1ln\u00ed eleganci a do ka\u017ed\u00e9ho prostoru vn\u00e1\u0161\u00ed pocit \u0159emesln\u00e9 zru\u010dnosti, uzemn\u011bn\u00e9 kr\u00e1sy a nad\u010dasov\u00e9ho st\u0159edomo\u0159sk\u00e9ho \u0161armu.","_links":{"self":[{"href":"https:\/\/xstone.group\/cs\/wp-json\/wp\/v2\/product\/24376","targetHints":{"allow":["GET"]}}],"collection":[{"href":"https:\/\/xstone.group\/cs\/wp-json\/wp\/v2\/product"}],"about":[{"href":"https:\/\/xstone.group\/cs\/wp-json\/wp\/v2\/types\/product"}],"replies":[{"embeddable":true,"href":"https:\/\/xstone.group\/cs\/wp-json\/wp\/v2\/comments?post=24376"}],"wp:featuredmedia":[{"embeddable":true,"href":"https:\/\/xstone.group\/cs\/wp-json\/wp\/v2\/media\/24379"}],"wp:attachment":[{"href":"https:\/\/xstone.group\/cs\/wp-json\/wp\/v2\/media?parent=24376"}],"wp:term":[{"taxonomy":"product_brand","embeddable":true,"href":"https:\/\/xstone.group\/cs\/wp-json\/wp\/v2\/product_brand?post=24376"},{"taxonomy":"product_cat","embeddable":true,"href":"https:\/\/xstone.group\/cs\/wp-json\/wp\/v2\/product_cat?post=24376"},{"taxonomy":"product_tag","embeddable":true,"href":"https:\/\/xstone.group\/cs\/wp-json\/wp\/v2\/product_tag?post=24376"}],"curies":[{"name":"wp","href":"https:\/\/api.w.org\/{rel}","templated":true}]}}