{"id":24457,"date":"2026-01-21T07:53:22","date_gmt":"2026-01-21T07:53:22","guid":{"rendered":"https:\/\/xstone.group\/product\/10030-seda-svetle-bezova\/"},"modified":"2026-01-21T07:53:22","modified_gmt":"2026-01-21T07:53:22","slug":"10030-grey-light-beige","status":"publish","type":"product","link":"https:\/\/xstone.group\/cs\/product\/10030-grey-light-beige\/","title":{"rendered":"10030 | \u0160ed\u00e1 sv\u011btle b\u00e9\u017eov\u00e1"},"content":{"rendered":"<p>Tato barva p\u016fsob\u00ed jako jemn\u011b zv\u011btral\u00fd p\u00edskovec proh\u0159\u00e1t\u00fd l\u00e9ty slunce a v\u011btru, tlumen\u00e1 b\u00e9\u017eov\u011b hn\u011bd\u00e1 s jemnou miner\u00e1ln\u00ed strukturou a jemn\u00fdmi t\u00f3nov\u00fdmi vrstvami, kter\u00e9 j\u00ed dod\u00e1vaj\u00ed hloubku, klid a p\u0159irozenou autenticitu. Vn\u00e1\u0161\u00ed do prostoru pocit uzemn\u011bn\u00e9 elegance a tich\u00e9ho tepla, \u010d\u00edm\u017e vytv\u00e1\u0159\u00ed interi\u00e9ry, kter\u00e9 p\u016fsob\u00ed klidn\u011b, zemit\u011b a nad\u010dasov\u011b, kde se materi\u00e1l a atmosf\u00e9ra spojuj\u00ed v harmonick\u00fd celek. <\/p>\n","protected":false},"excerpt":{"rendered":"<p>Tato barva p\u016fsob\u00ed jako jemn\u011b zv\u011btral\u00fd p\u00edskovec proh\u0159\u00e1t\u00fd l\u00e9ty slunce a v\u011btru, tlumen\u00e1 b\u00e9\u017eov\u011b hn\u011bd\u00e1 s jemnou miner\u00e1ln\u00ed strukturou a jemn\u00fdmi t\u00f3nov\u00fdmi vrstvami, kter\u00e9 j\u00ed dod\u00e1vaj\u00ed hloubku, klid a p\u0159irozenou autenticitu. Vn\u00e1\u0161\u00ed do prostoru pocit uzemn\u011bn\u00e9 elegance a tich\u00e9ho tepla, \u010d\u00edm\u017e vytv\u00e1\u0159\u00ed interi\u00e9ry, kter\u00e9 p\u016fsob\u00ed klidn\u011b, zemit\u011b a nad\u010dasov\u011b, kde se materi\u00e1l a atmosf\u00e9ra spojuj\u00ed [&hellip;]<\/p>\n","protected":false},"featured_media":24460,"comment_status":"open","ping_status":"closed","template":"","meta":{"_acf_changed":false,"_uag_custom_page_level_css":"","site-sidebar-layout":"default","site-content-layout":"","ast-site-content-layout":"default","site-content-style":"default","site-sidebar-style":"default","ast-global-header-display":"","ast-banner-title-visibility":"","ast-main-header-display":"","ast-hfb-above-header-display":"","ast-hfb-below-header-display":"","ast-hfb-mobile-header-display":"","site-post-title":"","ast-breadcrumbs-content":"","ast-featured-img":"","footer-sml-layout":"","theme-transparent-header-meta":"default","adv-header-id-meta":"","stick-header-meta":"default","header-above-stick-meta":"","header-main-stick-meta":"","header-below-stick-meta":"","astra-migrate-meta-layouts":"default","ast-page-background-enabled":"default","ast-page-background-meta":{"desktop":{"background-color":"var(--ast-global-color-4)","background-image":"","background-repeat":"repeat","background-position":"center center","background-size":"auto","background-attachment":"scroll","background-type":"","background-media":"","overlay-type":"","overlay-color":"","overlay-opacity":"","overlay-gradient":""},"tablet":{"background-color":"","background-image":"","background-repeat":"repeat","background-position":"center center","background-size":"auto","background-attachment":"scroll","background-type":"","background-media":"","overlay-type":"","overlay-color":"","overlay-opacity":"","overlay-gradient":""},"mobile":{"background-color":"","background-image":"","background-repeat":"repeat","background-position":"center center","background-size":"auto","background-attachment":"scroll","background-type":"","background-media":"","overlay-type":"","overlay-color":"","overlay-opacity":"","overlay-gradient":""}},"ast-content-background-meta":{"desktop":{"background-color":"var(--ast-global-color-5)","background-image":"","background-repeat":"repeat","background-position":"center center","background-size":"auto","background-attachment":"scroll","background-type":"","background-media":"","overlay-type":"","overlay-color":"","overlay-opacity":"","overlay-gradient":""},"tablet":{"background-color":"var(--ast-global-color-5)","background-image":"","background-repeat":"repeat","background-position":"center center","background-size":"auto","background-attachment":"scroll","background-type":"","background-media":"","overlay-type":"","overlay-color":"","overlay-opacity":"","overlay-gradient":""},"mobile":{"background-color":"var(--ast-global-color-5)","background-image":"","background-repeat":"repeat","background-position":"center center","background-size":"auto","background-attachment":"scroll","background-type":"","background-media":"","overlay-type":"","overlay-color":"","overlay-opacity":"","overlay-gradient":""}}},"product_brand":[],"product_cat":[2348,5681,4406],"product_tag":[7943,7941,7942],"class_list":{"0":"post-24457","1":"product","2":"type-product","3":"status-publish","4":"has-post-thumbnail","6":"product_cat-color","7":"product_cat-brown","8":"product_cat-tone-on-tone","9":"product_tag-comp-color-16997","10":"product_tag-beige-brown-surface","11":"product_tag-warm-earth-tone","12":"desktop-align-left","13":"tablet-align-left","14":"mobile-align-left","16":"first","17":"instock","18":"shipping-taxable","19":"product-type-simple"},"acf":[],"yoast_head":"<!-- This site is optimized with the Yoast SEO Premium plugin v27.4 (Yoast SEO v27.4) - https:\/\/yoast.com\/product\/yoast-seo-premium-wordpress\/ -->\n<title>10030 | \u0160ed\u00e1 sv\u011btle b\u00e9\u017eov\u00e1 - XSTONE<\/title>\n<meta name=\"description\" content=\"Tepl\u00fd b\u00e9\u017eovohn\u011bd\u00fd p\u00edskovec s jemnou miner\u00e1ln\u00ed strukturou, ide\u00e1ln\u00ed pro vytvo\u0159en\u00ed klidn\u00fdch, zemit\u00fdch a elegantn\u00edch architektonick\u00fdch a interi\u00e9rov\u00fdch prostor.\" \/>\n<meta name=\"robots\" content=\"index, follow, max-snippet:-1, max-image-preview:large, max-video-preview:-1\" \/>\n<link rel=\"canonical\" href=\"https:\/\/xstone.group\/cs\/product\/10030-grey-light-beige\/\" \/>\n<meta property=\"og:locale\" content=\"cs_CZ\" \/>\n<meta property=\"og:type\" content=\"article\" \/>\n<meta property=\"og:title\" content=\"10030 | \u0160ed\u00e1 sv\u011btle b\u00e9\u017eov\u00e1\" \/>\n<meta property=\"og:description\" content=\"Tepl\u00fd b\u00e9\u017eovohn\u011bd\u00fd p\u00edskovec s jemnou miner\u00e1ln\u00ed strukturou, ide\u00e1ln\u00ed pro vytvo\u0159en\u00ed klidn\u00fdch, zemit\u00fdch a elegantn\u00edch architektonick\u00fdch a interi\u00e9rov\u00fdch prostor.\" \/>\n<meta property=\"og:url\" content=\"https:\/\/xstone.group\/cs\/product\/10030-grey-light-beige\/\" \/>\n<meta property=\"og:site_name\" content=\"XSTONE\" \/>\n<meta property=\"article:publisher\" content=\"https:\/\/www.facebook.com\/Xstonesurfaces1\/\" \/>\n<meta property=\"og:image\" content=\"https:\/\/xstone.group\/wp-content\/uploads\/2026\/01\/XStone-Color-10030-scaled.webp\" \/>\n\t<meta property=\"og:image:width\" content=\"2560\" \/>\n\t<meta property=\"og:image:height\" content=\"1706\" \/>\n\t<meta property=\"og:image:type\" content=\"image\/webp\" \/>\n<meta name=\"twitter:card\" content=\"summary_large_image\" \/>\n<script type=\"application\/ld+json\" class=\"yoast-schema-graph\">{\"@context\":\"https:\\\/\\\/schema.org\",\"@graph\":[{\"@type\":\"WebPage\",\"@id\":\"https:\\\/\\\/xstone.group\\\/cs\\\/product\\\/10030-grey-light-beige\\\/\",\"url\":\"https:\\\/\\\/xstone.group\\\/cs\\\/product\\\/10030-grey-light-beige\\\/\",\"name\":\"10030 | \u0160ed\u00e1 sv\u011btle b\u00e9\u017eov\u00e1 - XSTONE\",\"isPartOf\":{\"@id\":\"https:\\\/\\\/xstone.group\\\/cs\\\/#website\"},\"primaryImageOfPage\":{\"@id\":\"https:\\\/\\\/xstone.group\\\/cs\\\/product\\\/10030-grey-light-beige\\\/#primaryimage\"},\"image\":{\"@id\":\"https:\\\/\\\/xstone.group\\\/cs\\\/product\\\/10030-grey-light-beige\\\/#primaryimage\"},\"thumbnailUrl\":\"https:\\\/\\\/xstone.group\\\/wp-content\\\/uploads\\\/2026\\\/01\\\/XStone-Color-10030-scaled.webp\",\"datePublished\":\"2026-01-21T07:53:22+00:00\",\"description\":\"Tepl\u00fd b\u00e9\u017eovohn\u011bd\u00fd p\u00edskovec s jemnou miner\u00e1ln\u00ed strukturou, ide\u00e1ln\u00ed pro vytvo\u0159en\u00ed klidn\u00fdch, zemit\u00fdch a elegantn\u00edch architektonick\u00fdch a interi\u00e9rov\u00fdch prostor.\",\"breadcrumb\":{\"@id\":\"https:\\\/\\\/xstone.group\\\/cs\\\/product\\\/10030-grey-light-beige\\\/#breadcrumb\"},\"inLanguage\":\"cs\",\"potentialAction\":[{\"@type\":\"ReadAction\",\"target\":[\"https:\\\/\\\/xstone.group\\\/cs\\\/product\\\/10030-grey-light-beige\\\/\"]}]},{\"@type\":\"ImageObject\",\"inLanguage\":\"cs\",\"@id\":\"https:\\\/\\\/xstone.group\\\/cs\\\/product\\\/10030-grey-light-beige\\\/#primaryimage\",\"url\":\"https:\\\/\\\/xstone.group\\\/wp-content\\\/uploads\\\/2026\\\/01\\\/XStone-Color-10030-scaled.webp\",\"contentUrl\":\"https:\\\/\\\/xstone.group\\\/wp-content\\\/uploads\\\/2026\\\/01\\\/XStone-Color-10030-scaled.webp\",\"width\":2560,\"height\":1706,\"caption\":\"XStone - Color - Grey light beige\"},{\"@type\":\"BreadcrumbList\",\"@id\":\"https:\\\/\\\/xstone.group\\\/cs\\\/product\\\/10030-grey-light-beige\\\/#breadcrumb\",\"itemListElement\":[{\"@type\":\"ListItem\",\"position\":1,\"name\":\"Home\",\"item\":\"https:\\\/\\\/xstone.group\\\/cs\\\/\"},{\"@type\":\"ListItem\",\"position\":2,\"name\":\"Produkty\",\"item\":\"https:\\\/\\\/xstone.group\\\/cs\\\/shop\\\/\"},{\"@type\":\"ListItem\",\"position\":3,\"name\":\"10030 | \u0160ed\u00e1 sv\u011btle b\u00e9\u017eov\u00e1\"}]},{\"@type\":\"WebSite\",\"@id\":\"https:\\\/\\\/xstone.group\\\/cs\\\/#website\",\"url\":\"https:\\\/\\\/xstone.group\\\/cs\\\/\",\"name\":\"XSTONE\",\"description\":\"Autentick\u00e1 a neomezen\u00e1 kr\u00e1sa miner\u00e1l\u016f, nespoutan\u00e1 gravitac\u00ed\",\"potentialAction\":[{\"@type\":\"SearchAction\",\"target\":{\"@type\":\"EntryPoint\",\"urlTemplate\":\"https:\\\/\\\/xstone.group\\\/cs\\\/?s={search_term_string}\"},\"query-input\":{\"@type\":\"PropertyValueSpecification\",\"valueRequired\":true,\"valueName\":\"search_term_string\"}}],\"inLanguage\":\"cs\"}]}<\/script>\n<!-- \/ Yoast SEO Premium plugin. -->","yoast_head_json":{"title":"10030 | \u0160ed\u00e1 sv\u011btle b\u00e9\u017eov\u00e1 - XSTONE","description":"Tepl\u00fd b\u00e9\u017eovohn\u011bd\u00fd p\u00edskovec s jemnou miner\u00e1ln\u00ed strukturou, ide\u00e1ln\u00ed pro vytvo\u0159en\u00ed klidn\u00fdch, zemit\u00fdch a elegantn\u00edch architektonick\u00fdch a interi\u00e9rov\u00fdch prostor.","robots":{"index":"index","follow":"follow","max-snippet":"max-snippet:-1","max-image-preview":"max-image-preview:large","max-video-preview":"max-video-preview:-1"},"canonical":"https:\/\/xstone.group\/cs\/product\/10030-grey-light-beige\/","og_locale":"cs_CZ","og_type":"article","og_title":"10030 | \u0160ed\u00e1 sv\u011btle b\u00e9\u017eov\u00e1","og_description":"Tepl\u00fd b\u00e9\u017eovohn\u011bd\u00fd p\u00edskovec s jemnou miner\u00e1ln\u00ed strukturou, ide\u00e1ln\u00ed pro vytvo\u0159en\u00ed klidn\u00fdch, zemit\u00fdch a elegantn\u00edch architektonick\u00fdch a interi\u00e9rov\u00fdch prostor.","og_url":"https:\/\/xstone.group\/cs\/product\/10030-grey-light-beige\/","og_site_name":"XSTONE","article_publisher":"https:\/\/www.facebook.com\/Xstonesurfaces1\/","og_image":[{"width":2560,"height":1706,"url":"https:\/\/xstone.group\/wp-content\/uploads\/2026\/01\/XStone-Color-10030-scaled.webp","type":"image\/webp"}],"twitter_card":"summary_large_image","schema":{"@context":"https:\/\/schema.org","@graph":[{"@type":"WebPage","@id":"https:\/\/xstone.group\/cs\/product\/10030-grey-light-beige\/","url":"https:\/\/xstone.group\/cs\/product\/10030-grey-light-beige\/","name":"10030 | \u0160ed\u00e1 sv\u011btle b\u00e9\u017eov\u00e1 - XSTONE","isPartOf":{"@id":"https:\/\/xstone.group\/cs\/#website"},"primaryImageOfPage":{"@id":"https:\/\/xstone.group\/cs\/product\/10030-grey-light-beige\/#primaryimage"},"image":{"@id":"https:\/\/xstone.group\/cs\/product\/10030-grey-light-beige\/#primaryimage"},"thumbnailUrl":"https:\/\/xstone.group\/wp-content\/uploads\/2026\/01\/XStone-Color-10030-scaled.webp","datePublished":"2026-01-21T07:53:22+00:00","description":"Tepl\u00fd b\u00e9\u017eovohn\u011bd\u00fd p\u00edskovec s jemnou miner\u00e1ln\u00ed strukturou, ide\u00e1ln\u00ed pro vytvo\u0159en\u00ed klidn\u00fdch, zemit\u00fdch a elegantn\u00edch architektonick\u00fdch a interi\u00e9rov\u00fdch prostor.","breadcrumb":{"@id":"https:\/\/xstone.group\/cs\/product\/10030-grey-light-beige\/#breadcrumb"},"inLanguage":"cs","potentialAction":[{"@type":"ReadAction","target":["https:\/\/xstone.group\/cs\/product\/10030-grey-light-beige\/"]}]},{"@type":"ImageObject","inLanguage":"cs","@id":"https:\/\/xstone.group\/cs\/product\/10030-grey-light-beige\/#primaryimage","url":"https:\/\/xstone.group\/wp-content\/uploads\/2026\/01\/XStone-Color-10030-scaled.webp","contentUrl":"https:\/\/xstone.group\/wp-content\/uploads\/2026\/01\/XStone-Color-10030-scaled.webp","width":2560,"height":1706,"caption":"XStone - Color - Grey light beige"},{"@type":"BreadcrumbList","@id":"https:\/\/xstone.group\/cs\/product\/10030-grey-light-beige\/#breadcrumb","itemListElement":[{"@type":"ListItem","position":1,"name":"Home","item":"https:\/\/xstone.group\/cs\/"},{"@type":"ListItem","position":2,"name":"Produkty","item":"https:\/\/xstone.group\/cs\/shop\/"},{"@type":"ListItem","position":3,"name":"10030 | \u0160ed\u00e1 sv\u011btle b\u00e9\u017eov\u00e1"}]},{"@type":"WebSite","@id":"https:\/\/xstone.group\/cs\/#website","url":"https:\/\/xstone.group\/cs\/","name":"XSTONE","description":"Autentick\u00e1 a neomezen\u00e1 kr\u00e1sa miner\u00e1l\u016f, nespoutan\u00e1 gravitac\u00ed","potentialAction":[{"@type":"SearchAction","target":{"@type":"EntryPoint","urlTemplate":"https:\/\/xstone.group\/cs\/?s={search_term_string}"},"query-input":{"@type":"PropertyValueSpecification","valueRequired":true,"valueName":"search_term_string"}}],"inLanguage":"cs"}]}},"spectra_custom_meta":{"_last_translation_edit_mode":["translation-editor"],"_wcml_average_rating":[null],"_wcml_review_count":[null],"_wcml_rating_count":[null],"_yoast_wpseo_primary_product_cat":["318"],"_backorders":["no"],"_download_limit":["-1"],"_download_expiry":["-1"],"_downloadable":["no"],"_manage_stock":["no"],"_sku":["10030"],"_stock_status":["instock"],"_sold_individually":["no"],"_tax_class":[""],"_tax_status":["taxable"],"_virtual":["no"],"total_sales":["0"],"_wpml_media_duplicate":["1"],"_wpml_media_featured":["1"],"stick-header-meta":["default"],"site-sidebar-layout":["default"],"theme-transparent-header-meta":["default"],"ast-site-content-layout":["default"],"site-content-style":["default"],"site-sidebar-style":["default"],"_yoast_wpseo_metadesc":["Tepl\u00fd b\u00e9\u017eovohn\u011bd\u00fd p\u00edskovec s jemnou miner\u00e1ln\u00ed strukturou, ide\u00e1ln\u00ed pro vytvo\u0159en\u00ed klidn\u00fdch, zemit\u00fdch a elegantn\u00edch architektonick\u00fdch a interi\u00e9rov\u00fdch prostor."],"_yoast_wpseo_focuskw":["p\u00edskovec b\u00e9\u017eovo-hn\u011bd\u00fd povrch"],"_product_image_gallery":[""],"_thumbnail_id":["24460"],"_product_attributes":["a:3:{s:7:\"pa_tone\";a:6:{s:4:\"name\";s:7:\"pa_tone\";s:5:\"value\";s:0:\"\";s:8:\"position\";i:0;s:10:\"is_visible\";i:1;s:12:\"is_variation\";i:0;s:11:\"is_taxonomy\";i:1;}s:13:\"pa_color-code\";a:6:{s:4:\"name\";s:13:\"pa_color-code\";s:5:\"value\";s:0:\"\";s:8:\"position\";i:1;s:10:\"is_visible\";i:1;s:12:\"is_variation\";i:0;s:11:\"is_taxonomy\";i:1;}s:9:\"pa_finish\";a:6:{s:4:\"name\";s:9:\"pa_finish\";s:5:\"value\";s:0:\"\";s:8:\"position\";i:2;s:10:\"is_visible\";i:1;s:12:\"is_variation\";i:0;s:11:\"is_taxonomy\";i:1;}}"],"_wpml_word_count":["82"],"_elementor_edit_mode":["builder"],"_selectproduct_layout":["16271"],"two_optimized_date":["1776580898"],"woolentor_views_count_product":["6"],"_uag_css_file_name":["uag-css-24457.css"],"_uag_js_file_name":["uag-js-24457.js"],"tp_widgets":["a:2:{s:7:\"widgets\";a:6:{i:0;s:18:\"plus-list-skeleton\";i:1;s:22:\"plus-listing-load-more\";i:2;s:18:\"plus-listing-metro\";i:3;s:18:\"tp-product-listout\";i:4;s:17:\"tp-single-style_1\";i:5;s:19:\"tp-woo-single-image\";}s:9:\"update_at\";s:10:\"1776541402\";}"],"_elementor_page_assets":["a:0:{}"],"_elementor_css":["a:7:{s:4:\"time\";i:1776622052;s:5:\"fonts\";a:0:{}s:5:\"icons\";a:0:{}s:20:\"dynamic_elements_ids\";a:0:{}s:6:\"status\";s:5:\"empty\";i:0;s:0:\"\";s:3:\"css\";s:0:\"\";}"],"_wc_rating_count":[""],"_wc_review_count":[""],"_wc_average_rating":[0]},"uagb_featured_image_src":{"full":["https:\/\/xstone.group\/wp-content\/uploads\/2026\/01\/XStone-Color-10030-scaled.webp",2560,1706,false],"thumbnail":["https:\/\/xstone.group\/wp-content\/uploads\/2026\/01\/XStone-Color-10030-150x150.webp",150,150,true],"medium":["https:\/\/xstone.group\/wp-content\/uploads\/2026\/01\/XStone-Color-10030-300x200.webp",300,200,true],"medium_large":["https:\/\/xstone.group\/wp-content\/uploads\/2026\/01\/XStone-Color-10030-768x512.webp",768,512,true],"large":["https:\/\/xstone.group\/wp-content\/uploads\/2026\/01\/XStone-Color-10030-1024x683.webp",1024,683,true],"1536x1536":["https:\/\/xstone.group\/wp-content\/uploads\/2026\/01\/XStone-Color-10030-1536x1024.webp",1536,1024,true],"2048x2048":["https:\/\/xstone.group\/wp-content\/uploads\/2026\/01\/XStone-Color-10030-2048x1365.webp",2048,1365,true],"tp-image-grid":["https:\/\/xstone.group\/wp-content\/uploads\/2026\/01\/XStone-Color-10030-700x700.webp",700,700,true],"tenweb_optimizer_mobile":["https:\/\/xstone.group\/wp-content\/uploads\/2026\/01\/XStone-Color-10030-600x400.webp",600,400,true],"tenweb_optimizer_tablet":["https:\/\/xstone.group\/wp-content\/uploads\/2026\/01\/XStone-Color-10030-768x512.webp",768,512,true],"woocommerce_thumbnail":["https:\/\/xstone.group\/wp-content\/uploads\/2026\/01\/XStone-Color-10030-300x300.webp",300,300,true],"woocommerce_single":["https:\/\/xstone.group\/wp-content\/uploads\/2026\/01\/XStone-Color-10030-600x400.webp",600,400,true],"woocommerce_gallery_thumbnail":["https:\/\/xstone.group\/wp-content\/uploads\/2026\/01\/XStone-Color-10030-100x100.webp",100,100,true]},"uagb_author_info":{"display_name":"laurent.gomez@xstone.group","author_link":"https:\/\/xstone.group\/cs\/author\/"},"uagb_comment_info":0,"uagb_excerpt":"Tato barva p\u016fsob\u00ed jako jemn\u011b zv\u011btral\u00fd p\u00edskovec proh\u0159\u00e1t\u00fd l\u00e9ty slunce a v\u011btru, tlumen\u00e1 b\u00e9\u017eov\u011b hn\u011bd\u00e1 s jemnou miner\u00e1ln\u00ed strukturou a jemn\u00fdmi t\u00f3nov\u00fdmi vrstvami, kter\u00e9 j\u00ed dod\u00e1vaj\u00ed hloubku, klid a p\u0159irozenou autenticitu. Vn\u00e1\u0161\u00ed do prostoru pocit uzemn\u011bn\u00e9 elegance a tich\u00e9ho tepla, \u010d\u00edm\u017e vytv\u00e1\u0159\u00ed interi\u00e9ry, kter\u00e9 p\u016fsob\u00ed klidn\u011b, zemit\u011b a nad\u010dasov\u011b, kde se materi\u00e1l a atmosf\u00e9ra spojuj\u00ed&hellip;","_links":{"self":[{"href":"https:\/\/xstone.group\/cs\/wp-json\/wp\/v2\/product\/24457","targetHints":{"allow":["GET"]}}],"collection":[{"href":"https:\/\/xstone.group\/cs\/wp-json\/wp\/v2\/product"}],"about":[{"href":"https:\/\/xstone.group\/cs\/wp-json\/wp\/v2\/types\/product"}],"replies":[{"embeddable":true,"href":"https:\/\/xstone.group\/cs\/wp-json\/wp\/v2\/comments?post=24457"}],"wp:featuredmedia":[{"embeddable":true,"href":"https:\/\/xstone.group\/cs\/wp-json\/wp\/v2\/media\/24460"}],"wp:attachment":[{"href":"https:\/\/xstone.group\/cs\/wp-json\/wp\/v2\/media?parent=24457"}],"wp:term":[{"taxonomy":"product_brand","embeddable":true,"href":"https:\/\/xstone.group\/cs\/wp-json\/wp\/v2\/product_brand?post=24457"},{"taxonomy":"product_cat","embeddable":true,"href":"https:\/\/xstone.group\/cs\/wp-json\/wp\/v2\/product_cat?post=24457"},{"taxonomy":"product_tag","embeddable":true,"href":"https:\/\/xstone.group\/cs\/wp-json\/wp\/v2\/product_tag?post=24457"}],"curies":[{"name":"wp","href":"https:\/\/api.w.org\/{rel}","templated":true}]}}