{"id":24757,"date":"2025-11-28T14:35:53","date_gmt":"2025-11-28T14:35:53","guid":{"rendered":"https:\/\/xstone.group\/product\/10004-svetle-seda\/"},"modified":"2025-11-28T14:35:53","modified_gmt":"2025-11-28T14:35:53","slug":"10004-light-grey","status":"publish","type":"product","link":"https:\/\/xstone.group\/cs\/product\/10004-light-grey\/","title":{"rendered":"10004 | Sv\u011btle \u0161ed\u00e1"},"content":{"rendered":"<p>Je to velmi jemn\u00e1 sv\u011btle \u0161ed\u00e1, t\u00e9m\u011b\u0159 ml\u00e9\u010dn\u00e1 barva, kter\u00e1 zachycuje sv\u011btlo, ani\u017e by zb\u011blela. Jej\u00ed odst\u00edn je jemn\u00fd, ani studen\u00fd, ani namodral\u00fd, ale jemn\u011b zm\u00edrn\u011bn\u00fd miner\u00e1ln\u00edm n\u00e1dechem, kter\u00fd j\u00ed dod\u00e1v\u00e1 hloubku. Tato \u0161ed\u00e1 evokuje sv\u011btl\u00fd k\u00e1men, sv\u011btelnou mlhu nebo lehce zata\u017eenou pozdn\u011b rann\u00ed oblohu a vytv\u00e1\u0159\u00ed pocit klidu, elegantn\u00ed neutrality a lehkosti. P\u0159in\u00e1\u0161\u00ed uklid\u0148uj\u00edc\u00ed, rafinovanou a diskr\u00e9tn\u00ed atmosf\u00e9ru, ide\u00e1ln\u00ed jako klidn\u00e9 pozad\u00ed, kter\u00e9 zv\u00fdraz\u0148uje materi\u00e1ly, tvary a ostatn\u00ed barvy, ani\u017e by jim kdy dominovalo.   <\/p>\n","protected":false},"excerpt":{"rendered":"<p>Je to velmi jemn\u00e1 sv\u011btle \u0161ed\u00e1, t\u00e9m\u011b\u0159 ml\u00e9\u010dn\u00e1 barva, kter\u00e1 zachycuje sv\u011btlo, ani\u017e by zb\u011blela. Jej\u00ed odst\u00edn je jemn\u00fd, ani studen\u00fd, ani namodral\u00fd, ale jemn\u011b zm\u00edrn\u011bn\u00fd miner\u00e1ln\u00edm n\u00e1dechem, kter\u00fd j\u00ed dod\u00e1v\u00e1 hloubku. Tato \u0161ed\u00e1 evokuje sv\u011btl\u00fd k\u00e1men, sv\u011btelnou mlhu nebo lehce zata\u017eenou pozdn\u011b rann\u00ed oblohu a vytv\u00e1\u0159\u00ed pocit klidu, elegantn\u00ed neutrality a lehkosti. P\u0159in\u00e1\u0161\u00ed uklid\u0148uj\u00edc\u00ed, [&hellip;]<\/p>\n","protected":false},"featured_media":24759,"comment_status":"open","ping_status":"closed","template":"","meta":{"_acf_changed":false,"_uag_custom_page_level_css":"","site-sidebar-layout":"default","site-content-layout":"","ast-site-content-layout":"default","site-content-style":"default","site-sidebar-style":"default","ast-global-header-display":"","ast-banner-title-visibility":"","ast-main-header-display":"","ast-hfb-above-header-display":"","ast-hfb-below-header-display":"","ast-hfb-mobile-header-display":"","site-post-title":"","ast-breadcrumbs-content":"","ast-featured-img":"","footer-sml-layout":"","theme-transparent-header-meta":"default","adv-header-id-meta":"","stick-header-meta":"default","header-above-stick-meta":"","header-main-stick-meta":"","header-below-stick-meta":"","astra-migrate-meta-layouts":"default","ast-page-background-enabled":"default","ast-page-background-meta":{"desktop":{"background-color":"var(--ast-global-color-4)","background-image":"","background-repeat":"repeat","background-position":"center center","background-size":"auto","background-attachment":"scroll","background-type":"","background-media":"","overlay-type":"","overlay-color":"","overlay-opacity":"","overlay-gradient":""},"tablet":{"background-color":"","background-image":"","background-repeat":"repeat","background-position":"center center","background-size":"auto","background-attachment":"scroll","background-type":"","background-media":"","overlay-type":"","overlay-color":"","overlay-opacity":"","overlay-gradient":""},"mobile":{"background-color":"","background-image":"","background-repeat":"repeat","background-position":"center center","background-size":"auto","background-attachment":"scroll","background-type":"","background-media":"","overlay-type":"","overlay-color":"","overlay-opacity":"","overlay-gradient":""}},"ast-content-background-meta":{"desktop":{"background-color":"var(--ast-global-color-5)","background-image":"","background-repeat":"repeat","background-position":"center center","background-size":"auto","background-attachment":"scroll","background-type":"","background-media":"","overlay-type":"","overlay-color":"","overlay-opacity":"","overlay-gradient":""},"tablet":{"background-color":"var(--ast-global-color-5)","background-image":"","background-repeat":"repeat","background-position":"center center","background-size":"auto","background-attachment":"scroll","background-type":"","background-media":"","overlay-type":"","overlay-color":"","overlay-opacity":"","overlay-gradient":""},"mobile":{"background-color":"var(--ast-global-color-5)","background-image":"","background-repeat":"repeat","background-position":"center center","background-size":"auto","background-attachment":"scroll","background-type":"","background-media":"","overlay-type":"","overlay-color":"","overlay-opacity":"","overlay-gradient":""}}},"product_brand":[],"product_cat":[2348,2350,4406],"product_tag":[1699,8374,8370,8377,8372,8375,8376,8373,8378,8369,8371,5542],"class_list":{"0":"post-24757","1":"product","2":"type-product","3":"status-publish","4":"has-post-thumbnail","6":"product_cat-color","7":"product_cat-grey","8":"product_cat-tone-on-tone","9":"product_tag-comp-color-15392","10":"product_tag-subtle-grey","11":"product_tag-soft-light-grey","12":"product_tag-stone-grey","13":"product_tag-mineral-grey","14":"product_tag-minimalist-color","15":"product_tag-modern-neutral","16":"product_tag-neutral-grey","17":"product_tag-plaster-grey","18":"product_tag-light-mineral-grey","19":"product_tag-pale-grey","20":"product_tag-calming-color","21":"desktop-align-left","22":"tablet-align-left","23":"mobile-align-left","25":"first","26":"instock","27":"shipping-taxable","28":"product-type-simple"},"acf":[],"yoast_head":"<!-- This site is optimized with the Yoast SEO Premium plugin v27.4 (Yoast SEO v27.4) - https:\/\/yoast.com\/product\/yoast-seo-premium-wordpress\/ -->\n<title>10004 | Sv\u011btle \u0161ed\u00e1 - XSTONE<\/title>\n<meta name=\"description\" content=\"M\u011bkk\u00e1, sv\u011btle \u0161ed\u00e1 barva s jemn\u00fdm miner\u00e1ln\u00edm odst\u00ednem, kter\u00e1 jemn\u011b odr\u00e1\u017e\u00ed sv\u011btlo a vytv\u00e1\u0159\u00ed klidnou, rafinovanou a elegantn\u00ed atmosf\u00e9ru pro modern\u00ed, minimalistick\u00e9 prostory.\" \/>\n<meta name=\"robots\" content=\"index, follow, max-snippet:-1, max-image-preview:large, max-video-preview:-1\" \/>\n<link rel=\"canonical\" href=\"https:\/\/xstone.group\/cs\/product\/10004-light-grey\/\" \/>\n<meta property=\"og:locale\" content=\"cs_CZ\" \/>\n<meta property=\"og:type\" content=\"article\" \/>\n<meta property=\"og:title\" content=\"10004 | Sv\u011btle \u0161ed\u00e1\" \/>\n<meta property=\"og:description\" content=\"M\u011bkk\u00e1, sv\u011btle \u0161ed\u00e1 barva s jemn\u00fdm miner\u00e1ln\u00edm odst\u00ednem, kter\u00e1 jemn\u011b odr\u00e1\u017e\u00ed sv\u011btlo a vytv\u00e1\u0159\u00ed klidnou, rafinovanou a elegantn\u00ed atmosf\u00e9ru pro modern\u00ed, minimalistick\u00e9 prostory.\" \/>\n<meta property=\"og:url\" content=\"https:\/\/xstone.group\/cs\/product\/10004-light-grey\/\" \/>\n<meta property=\"og:site_name\" content=\"XSTONE\" \/>\n<meta property=\"article:publisher\" content=\"https:\/\/www.facebook.com\/Xstonesurfaces1\/\" \/>\n<meta property=\"og:image\" content=\"https:\/\/xstone.group\/wp-content\/uploads\/2025\/11\/10004-scaled.webp\" \/>\n\t<meta property=\"og:image:width\" content=\"2560\" \/>\n\t<meta property=\"og:image:height\" content=\"1706\" \/>\n\t<meta property=\"og:image:type\" content=\"image\/webp\" \/>\n<meta name=\"twitter:card\" content=\"summary_large_image\" \/>\n<meta name=\"twitter:label1\" content=\"Odhadovan\u00e1 doba \u010dten\u00ed\" \/>\n\t<meta name=\"twitter:data1\" content=\"1 minuta\" \/>\n<script type=\"application\/ld+json\" class=\"yoast-schema-graph\">{\"@context\":\"https:\\\/\\\/schema.org\",\"@graph\":[{\"@type\":\"WebPage\",\"@id\":\"https:\\\/\\\/xstone.group\\\/cs\\\/product\\\/10004-light-grey\\\/\",\"url\":\"https:\\\/\\\/xstone.group\\\/cs\\\/product\\\/10004-light-grey\\\/\",\"name\":\"10004 | Sv\u011btle \u0161ed\u00e1 - XSTONE\",\"isPartOf\":{\"@id\":\"https:\\\/\\\/xstone.group\\\/cs\\\/#website\"},\"primaryImageOfPage\":{\"@id\":\"https:\\\/\\\/xstone.group\\\/cs\\\/product\\\/10004-light-grey\\\/#primaryimage\"},\"image\":{\"@id\":\"https:\\\/\\\/xstone.group\\\/cs\\\/product\\\/10004-light-grey\\\/#primaryimage\"},\"thumbnailUrl\":\"https:\\\/\\\/xstone.group\\\/wp-content\\\/uploads\\\/2025\\\/11\\\/10004-scaled.webp\",\"datePublished\":\"2025-11-28T14:35:53+00:00\",\"description\":\"M\u011bkk\u00e1, sv\u011btle \u0161ed\u00e1 barva s jemn\u00fdm miner\u00e1ln\u00edm odst\u00ednem, kter\u00e1 jemn\u011b odr\u00e1\u017e\u00ed sv\u011btlo a vytv\u00e1\u0159\u00ed klidnou, rafinovanou a elegantn\u00ed atmosf\u00e9ru pro modern\u00ed, minimalistick\u00e9 prostory.\",\"breadcrumb\":{\"@id\":\"https:\\\/\\\/xstone.group\\\/cs\\\/product\\\/10004-light-grey\\\/#breadcrumb\"},\"inLanguage\":\"cs\",\"potentialAction\":[{\"@type\":\"ReadAction\",\"target\":[\"https:\\\/\\\/xstone.group\\\/cs\\\/product\\\/10004-light-grey\\\/\"]}]},{\"@type\":\"ImageObject\",\"inLanguage\":\"cs\",\"@id\":\"https:\\\/\\\/xstone.group\\\/cs\\\/product\\\/10004-light-grey\\\/#primaryimage\",\"url\":\"https:\\\/\\\/xstone.group\\\/wp-content\\\/uploads\\\/2025\\\/11\\\/10004-scaled.webp\",\"contentUrl\":\"https:\\\/\\\/xstone.group\\\/wp-content\\\/uploads\\\/2025\\\/11\\\/10004-scaled.webp\",\"width\":2560,\"height\":1706},{\"@type\":\"BreadcrumbList\",\"@id\":\"https:\\\/\\\/xstone.group\\\/cs\\\/product\\\/10004-light-grey\\\/#breadcrumb\",\"itemListElement\":[{\"@type\":\"ListItem\",\"position\":1,\"name\":\"Home\",\"item\":\"https:\\\/\\\/xstone.group\\\/cs\\\/\"},{\"@type\":\"ListItem\",\"position\":2,\"name\":\"Produkty\",\"item\":\"https:\\\/\\\/xstone.group\\\/cs\\\/shop\\\/\"},{\"@type\":\"ListItem\",\"position\":3,\"name\":\"10004 | Sv\u011btle \u0161ed\u00e1\"}]},{\"@type\":\"WebSite\",\"@id\":\"https:\\\/\\\/xstone.group\\\/cs\\\/#website\",\"url\":\"https:\\\/\\\/xstone.group\\\/cs\\\/\",\"name\":\"XSTONE\",\"description\":\"Autentick\u00e1 a neomezen\u00e1 kr\u00e1sa miner\u00e1l\u016f, nespoutan\u00e1 gravitac\u00ed\",\"potentialAction\":[{\"@type\":\"SearchAction\",\"target\":{\"@type\":\"EntryPoint\",\"urlTemplate\":\"https:\\\/\\\/xstone.group\\\/cs\\\/?s={search_term_string}\"},\"query-input\":{\"@type\":\"PropertyValueSpecification\",\"valueRequired\":true,\"valueName\":\"search_term_string\"}}],\"inLanguage\":\"cs\"}]}<\/script>\n<!-- \/ Yoast SEO Premium plugin. -->","yoast_head_json":{"title":"10004 | Sv\u011btle \u0161ed\u00e1 - XSTONE","description":"M\u011bkk\u00e1, sv\u011btle \u0161ed\u00e1 barva s jemn\u00fdm miner\u00e1ln\u00edm odst\u00ednem, kter\u00e1 jemn\u011b odr\u00e1\u017e\u00ed sv\u011btlo a vytv\u00e1\u0159\u00ed klidnou, rafinovanou a elegantn\u00ed atmosf\u00e9ru pro modern\u00ed, minimalistick\u00e9 prostory.","robots":{"index":"index","follow":"follow","max-snippet":"max-snippet:-1","max-image-preview":"max-image-preview:large","max-video-preview":"max-video-preview:-1"},"canonical":"https:\/\/xstone.group\/cs\/product\/10004-light-grey\/","og_locale":"cs_CZ","og_type":"article","og_title":"10004 | Sv\u011btle \u0161ed\u00e1","og_description":"M\u011bkk\u00e1, sv\u011btle \u0161ed\u00e1 barva s jemn\u00fdm miner\u00e1ln\u00edm odst\u00ednem, kter\u00e1 jemn\u011b odr\u00e1\u017e\u00ed sv\u011btlo a vytv\u00e1\u0159\u00ed klidnou, rafinovanou a elegantn\u00ed atmosf\u00e9ru pro modern\u00ed, minimalistick\u00e9 prostory.","og_url":"https:\/\/xstone.group\/cs\/product\/10004-light-grey\/","og_site_name":"XSTONE","article_publisher":"https:\/\/www.facebook.com\/Xstonesurfaces1\/","og_image":[{"width":2560,"height":1706,"url":"https:\/\/xstone.group\/wp-content\/uploads\/2025\/11\/10004-scaled.webp","type":"image\/webp"}],"twitter_card":"summary_large_image","twitter_misc":{"Odhadovan\u00e1 doba \u010dten\u00ed":"1 minuta"},"schema":{"@context":"https:\/\/schema.org","@graph":[{"@type":"WebPage","@id":"https:\/\/xstone.group\/cs\/product\/10004-light-grey\/","url":"https:\/\/xstone.group\/cs\/product\/10004-light-grey\/","name":"10004 | Sv\u011btle \u0161ed\u00e1 - XSTONE","isPartOf":{"@id":"https:\/\/xstone.group\/cs\/#website"},"primaryImageOfPage":{"@id":"https:\/\/xstone.group\/cs\/product\/10004-light-grey\/#primaryimage"},"image":{"@id":"https:\/\/xstone.group\/cs\/product\/10004-light-grey\/#primaryimage"},"thumbnailUrl":"https:\/\/xstone.group\/wp-content\/uploads\/2025\/11\/10004-scaled.webp","datePublished":"2025-11-28T14:35:53+00:00","description":"M\u011bkk\u00e1, sv\u011btle \u0161ed\u00e1 barva s jemn\u00fdm miner\u00e1ln\u00edm odst\u00ednem, kter\u00e1 jemn\u011b odr\u00e1\u017e\u00ed sv\u011btlo a vytv\u00e1\u0159\u00ed klidnou, rafinovanou a elegantn\u00ed atmosf\u00e9ru pro modern\u00ed, minimalistick\u00e9 prostory.","breadcrumb":{"@id":"https:\/\/xstone.group\/cs\/product\/10004-light-grey\/#breadcrumb"},"inLanguage":"cs","potentialAction":[{"@type":"ReadAction","target":["https:\/\/xstone.group\/cs\/product\/10004-light-grey\/"]}]},{"@type":"ImageObject","inLanguage":"cs","@id":"https:\/\/xstone.group\/cs\/product\/10004-light-grey\/#primaryimage","url":"https:\/\/xstone.group\/wp-content\/uploads\/2025\/11\/10004-scaled.webp","contentUrl":"https:\/\/xstone.group\/wp-content\/uploads\/2025\/11\/10004-scaled.webp","width":2560,"height":1706},{"@type":"BreadcrumbList","@id":"https:\/\/xstone.group\/cs\/product\/10004-light-grey\/#breadcrumb","itemListElement":[{"@type":"ListItem","position":1,"name":"Home","item":"https:\/\/xstone.group\/cs\/"},{"@type":"ListItem","position":2,"name":"Produkty","item":"https:\/\/xstone.group\/cs\/shop\/"},{"@type":"ListItem","position":3,"name":"10004 | Sv\u011btle \u0161ed\u00e1"}]},{"@type":"WebSite","@id":"https:\/\/xstone.group\/cs\/#website","url":"https:\/\/xstone.group\/cs\/","name":"XSTONE","description":"Autentick\u00e1 a neomezen\u00e1 kr\u00e1sa miner\u00e1l\u016f, nespoutan\u00e1 gravitac\u00ed","potentialAction":[{"@type":"SearchAction","target":{"@type":"EntryPoint","urlTemplate":"https:\/\/xstone.group\/cs\/?s={search_term_string}"},"query-input":{"@type":"PropertyValueSpecification","valueRequired":true,"valueName":"search_term_string"}}],"inLanguage":"cs"}]}},"spectra_custom_meta":{"_last_translation_edit_mode":["translation-editor"],"_product_attributes":["a:3:{s:4:\"tone\";a:6:{s:4:\"name\";s:4:\"Tone\";s:5:\"value\";s:4:\"Grey\";s:8:\"position\";i:0;s:10:\"is_visible\";i:1;s:12:\"is_variation\";i:0;s:11:\"is_taxonomy\";i:0;}s:10:\"color-code\";a:6:{s:4:\"name\";s:10:\"Color code\";s:5:\"value\";s:8:\"RAL 7035\";s:8:\"position\";i:1;s:10:\"is_visible\";i:1;s:12:\"is_variation\";i:0;s:11:\"is_taxonomy\";i:0;}s:6:\"finish\";a:6:{s:4:\"name\";s:6:\"Finish\";s:5:\"value\";s:63:\"P\u0159irozen\u011b matn\u00fd (m\u016f\u017ee b\u00fdt leskl\u00fd v z\u00e1vislosti na tmelu)\";s:8:\"position\";i:2;s:10:\"is_visible\";i:1;s:12:\"is_variation\";i:0;s:11:\"is_taxonomy\";i:0;}}"],"attr_label_translations":["a:1:{s:2:\"cs\";a:3:{s:4:\"tone\";s:4:\"T\u00f3n\";s:10:\"color-code\";s:13:\"Barevn\u00fd k\u00f3d\";s:6:\"finish\";s:11:\"Dokon\u010den\u00ed\";}}"],"_wcml_average_rating":[null],"_wcml_review_count":[null],"_wcml_rating_count":[null],"_yoast_wpseo_primary_product_cat":["318"],"_backorders":["no"],"_download_limit":["-1"],"_download_expiry":["-1"],"_downloadable":["no"],"_manage_stock":["no"],"_sku":["10004"],"_stock_status":["instock"],"_sold_individually":["no"],"_tax_class":[""],"_tax_status":["taxable"],"_virtual":["no"],"total_sales":["0"],"_wpml_media_duplicate":["1"],"_wpml_media_featured":["1"],"stick-header-meta":["default"],"site-sidebar-layout":["default"],"theme-transparent-header-meta":["default"],"ast-site-content-layout":["default"],"site-content-style":["default"],"site-sidebar-style":["default"],"_yoast_wpseo_metadesc":["M\u011bkk\u00e1, sv\u011btle \u0161ed\u00e1 barva s jemn\u00fdm miner\u00e1ln\u00edm odst\u00ednem, kter\u00e1 jemn\u011b odr\u00e1\u017e\u00ed sv\u011btlo a vytv\u00e1\u0159\u00ed klidnou, rafinovanou a elegantn\u00ed atmosf\u00e9ru pro modern\u00ed, minimalistick\u00e9 prostory."],"_thumbnail_id":["24759"],"_product_image_gallery":[""],"_wpml_word_count":["103"],"_elementor_edit_mode":["builder"],"_selectproduct_layout":["16271"],"woolentor_views_count_product":["6"],"_uag_css_file_name":["uag-css-24757.css"],"_uag_js_file_name":["uag-js-24757.js"],"tp_widgets":["a:2:{s:7:\"widgets\";a:6:{i:0;s:18:\"plus-list-skeleton\";i:1;s:22:\"plus-listing-load-more\";i:2;s:18:\"plus-listing-metro\";i:3;s:18:\"tp-product-listout\";i:4;s:17:\"tp-single-style_1\";i:5;s:19:\"tp-woo-single-image\";}s:9:\"update_at\";s:10:\"1776541402\";}"],"_wc_rating_count":[""],"_wc_review_count":[""],"_wc_average_rating":[0]},"uagb_featured_image_src":{"full":["https:\/\/xstone.group\/wp-content\/uploads\/2025\/11\/10004-scaled.webp",2560,1706,false],"thumbnail":["https:\/\/xstone.group\/wp-content\/uploads\/2025\/11\/10004-150x150.webp",150,150,true],"medium":["https:\/\/xstone.group\/wp-content\/uploads\/2025\/11\/10004-300x200.webp",300,200,true],"medium_large":["https:\/\/xstone.group\/wp-content\/uploads\/2025\/11\/10004-768x512.webp",768,512,true],"large":["https:\/\/xstone.group\/wp-content\/uploads\/2025\/11\/10004-1024x683.webp",1024,683,true],"1536x1536":["https:\/\/xstone.group\/wp-content\/uploads\/2025\/11\/10004-1536x1024.webp",1536,1024,true],"2048x2048":["https:\/\/xstone.group\/wp-content\/uploads\/2025\/11\/10004-2048x1365.webp",2048,1365,true],"tp-image-grid":["https:\/\/xstone.group\/wp-content\/uploads\/2025\/11\/10004-scaled.webp",700,466,false],"tenweb_optimizer_mobile":["https:\/\/xstone.group\/wp-content\/uploads\/2025\/11\/10004-600x400.webp",600,400,true],"tenweb_optimizer_tablet":["https:\/\/xstone.group\/wp-content\/uploads\/2025\/11\/10004-768x512.webp",768,512,true],"woocommerce_thumbnail":["https:\/\/xstone.group\/wp-content\/uploads\/2025\/11\/10004-300x300.webp",300,300,true],"woocommerce_single":["https:\/\/xstone.group\/wp-content\/uploads\/2025\/11\/10004-600x400.webp",600,400,true],"woocommerce_gallery_thumbnail":["https:\/\/xstone.group\/wp-content\/uploads\/2025\/11\/10004-100x100.webp",100,100,true]},"uagb_author_info":{"display_name":"laurent.gomez@xstone.group","author_link":"https:\/\/xstone.group\/cs\/author\/"},"uagb_comment_info":0,"uagb_excerpt":"Je to velmi jemn\u00e1 sv\u011btle \u0161ed\u00e1, t\u00e9m\u011b\u0159 ml\u00e9\u010dn\u00e1 barva, kter\u00e1 zachycuje sv\u011btlo, ani\u017e by zb\u011blela. Jej\u00ed odst\u00edn je jemn\u00fd, ani studen\u00fd, ani namodral\u00fd, ale jemn\u011b zm\u00edrn\u011bn\u00fd miner\u00e1ln\u00edm n\u00e1dechem, kter\u00fd j\u00ed dod\u00e1v\u00e1 hloubku. Tato \u0161ed\u00e1 evokuje sv\u011btl\u00fd k\u00e1men, sv\u011btelnou mlhu nebo lehce zata\u017eenou pozdn\u011b rann\u00ed oblohu a vytv\u00e1\u0159\u00ed pocit klidu, elegantn\u00ed neutrality a lehkosti. P\u0159in\u00e1\u0161\u00ed uklid\u0148uj\u00edc\u00ed,&hellip;","_links":{"self":[{"href":"https:\/\/xstone.group\/cs\/wp-json\/wp\/v2\/product\/24757","targetHints":{"allow":["GET"]}}],"collection":[{"href":"https:\/\/xstone.group\/cs\/wp-json\/wp\/v2\/product"}],"about":[{"href":"https:\/\/xstone.group\/cs\/wp-json\/wp\/v2\/types\/product"}],"replies":[{"embeddable":true,"href":"https:\/\/xstone.group\/cs\/wp-json\/wp\/v2\/comments?post=24757"}],"wp:featuredmedia":[{"embeddable":true,"href":"https:\/\/xstone.group\/cs\/wp-json\/wp\/v2\/media\/24759"}],"wp:attachment":[{"href":"https:\/\/xstone.group\/cs\/wp-json\/wp\/v2\/media?parent=24757"}],"wp:term":[{"taxonomy":"product_brand","embeddable":true,"href":"https:\/\/xstone.group\/cs\/wp-json\/wp\/v2\/product_brand?post=24757"},{"taxonomy":"product_cat","embeddable":true,"href":"https:\/\/xstone.group\/cs\/wp-json\/wp\/v2\/product_cat?post=24757"},{"taxonomy":"product_tag","embeddable":true,"href":"https:\/\/xstone.group\/cs\/wp-json\/wp\/v2\/product_tag?post=24757"}],"curies":[{"name":"wp","href":"https:\/\/api.w.org\/{rel}","templated":true}]}}