{"id":24877,"date":"2025-11-28T14:40:05","date_gmt":"2025-11-28T14:40:05","guid":{"rendered":"https:\/\/xstone.group\/product\/10009-tmave-zelena\/"},"modified":"2025-11-28T14:40:05","modified_gmt":"2025-11-28T14:40:05","slug":"10009","status":"publish","type":"product","link":"https:\/\/xstone.group\/cs\/product\/10009\/","title":{"rendered":"10009 | Tmav\u011b zelen\u00e1"},"content":{"rendered":"<p>Tato barva p\u016fsob\u00ed hlubok\u00fdm, organick\u00fdm klidem s tlumen\u00fdm miner\u00e1ln\u00edm bohatstv\u00edm, kter\u00e9 m\u00e1 ko\u0159eny v p\u0159\u00edrod\u011b, jako povrch utv\u00e1\u0159en\u00fd zem\u00ed, mechem a kamenem, a p\u0159in\u00e1\u0161\u00ed pocit rovnov\u00e1hy, hloubky a tich\u00e9 sofistikovanosti, kter\u00e1 uzem\u0148uje prostory a z\u00e1rove\u0148 je udr\u017euje tepl\u00e9 a \u017eiv\u00e9.<\/p>\n","protected":false},"excerpt":{"rendered":"<p>Tato barva p\u016fsob\u00ed hlubok\u00fdm, organick\u00fdm klidem s tlumen\u00fdm miner\u00e1ln\u00edm bohatstv\u00edm, kter\u00e9 m\u00e1 ko\u0159eny v p\u0159\u00edrod\u011b, jako povrch utv\u00e1\u0159en\u00fd zem\u00ed, mechem a kamenem, a p\u0159in\u00e1\u0161\u00ed pocit rovnov\u00e1hy, hloubky a tich\u00e9 sofistikovanosti, kter\u00e1 uzem\u0148uje prostory a z\u00e1rove\u0148 je udr\u017euje tepl\u00e9 a \u017eiv\u00e9.<\/p>\n","protected":false},"featured_media":24878,"comment_status":"open","ping_status":"closed","template":"","meta":{"_acf_changed":false,"_uag_custom_page_level_css":"","site-sidebar-layout":"default","site-content-layout":"","ast-site-content-layout":"default","site-content-style":"default","site-sidebar-style":"default","ast-global-header-display":"","ast-banner-title-visibility":"","ast-main-header-display":"","ast-hfb-above-header-display":"","ast-hfb-below-header-display":"","ast-hfb-mobile-header-display":"","site-post-title":"","ast-breadcrumbs-content":"","ast-featured-img":"","footer-sml-layout":"","theme-transparent-header-meta":"default","adv-header-id-meta":"","stick-header-meta":"default","header-above-stick-meta":"","header-main-stick-meta":"","header-below-stick-meta":"","astra-migrate-meta-layouts":"default","ast-page-background-enabled":"default","ast-page-background-meta":{"desktop":{"background-color":"var(--ast-global-color-4)","background-image":"","background-repeat":"repeat","background-position":"center center","background-size":"auto","background-attachment":"scroll","background-type":"","background-media":"","overlay-type":"","overlay-color":"","overlay-opacity":"","overlay-gradient":""},"tablet":{"background-color":"","background-image":"","background-repeat":"repeat","background-position":"center center","background-size":"auto","background-attachment":"scroll","background-type":"","background-media":"","overlay-type":"","overlay-color":"","overlay-opacity":"","overlay-gradient":""},"mobile":{"background-color":"","background-image":"","background-repeat":"repeat","background-position":"center center","background-size":"auto","background-attachment":"scroll","background-type":"","background-media":"","overlay-type":"","overlay-color":"","overlay-opacity":"","overlay-gradient":""}},"ast-content-background-meta":{"desktop":{"background-color":"var(--ast-global-color-5)","background-image":"","background-repeat":"repeat","background-position":"center center","background-size":"auto","background-attachment":"scroll","background-type":"","background-media":"","overlay-type":"","overlay-color":"","overlay-opacity":"","overlay-gradient":""},"tablet":{"background-color":"var(--ast-global-color-5)","background-image":"","background-repeat":"repeat","background-position":"center center","background-size":"auto","background-attachment":"scroll","background-type":"","background-media":"","overlay-type":"","overlay-color":"","overlay-opacity":"","overlay-gradient":""},"mobile":{"background-color":"var(--ast-global-color-5)","background-image":"","background-repeat":"repeat","background-position":"center center","background-size":"auto","background-attachment":"scroll","background-type":"","background-media":"","overlay-type":"","overlay-color":"","overlay-opacity":"","overlay-gradient":""}}},"product_brand":[],"product_cat":[2348,4406,4474],"product_tag":[8562,8561,8560,8559],"class_list":{"0":"post-24877","1":"product","2":"type-product","3":"status-publish","4":"has-post-thumbnail","6":"product_cat-color","7":"product_cat-tone-on-tone","8":"product_cat-green","9":"product_tag-comp-color-15396","10":"product_tag-elegant-and-timeless-interior-atmospheres","11":"product_tag-ideal-for-creating-grounded","12":"product_tag-discover-a-deep-earthy-mineral-color-inspired-by-natural-stone-and-organic-landscapes","13":"desktop-align-left","14":"tablet-align-left","15":"mobile-align-left","17":"first","18":"instock","19":"shipping-taxable","20":"product-type-simple"},"acf":[],"yoast_head":"<!-- This site is optimized with the Yoast SEO Premium plugin v27.4 (Yoast SEO v27.4) - https:\/\/yoast.com\/product\/yoast-seo-premium-wordpress\/ -->\n<title>10009 | Tmav\u011b zelen\u00e1 - XSTONE<\/title>\n<meta name=\"description\" content=\"Objevte hlubokou zemitou miner\u00e1ln\u00ed barvu inspirovanou p\u0159\u00edrodn\u00edm kamenem a organickou krajinou, kter\u00e1 je ide\u00e1ln\u00ed pro vytvo\u0159en\u00ed uzemn\u011bn\u00e9, elegantn\u00ed a nad\u010dasov\u00e9 atmosf\u00e9ry v interi\u00e9ru.\" \/>\n<meta name=\"robots\" content=\"index, follow, max-snippet:-1, max-image-preview:large, max-video-preview:-1\" \/>\n<link rel=\"canonical\" href=\"https:\/\/xstone.group\/cs\/product\/10009\/\" \/>\n<meta property=\"og:locale\" content=\"cs_CZ\" \/>\n<meta property=\"og:type\" content=\"article\" \/>\n<meta property=\"og:title\" content=\"10009 | Tmav\u011b zelen\u00e1\" \/>\n<meta property=\"og:description\" content=\"Objevte hlubokou zemitou miner\u00e1ln\u00ed barvu inspirovanou p\u0159\u00edrodn\u00edm kamenem a organickou krajinou, kter\u00e1 je ide\u00e1ln\u00ed pro vytvo\u0159en\u00ed uzemn\u011bn\u00e9, elegantn\u00ed a nad\u010dasov\u00e9 atmosf\u00e9ry v interi\u00e9ru.\" \/>\n<meta property=\"og:url\" content=\"https:\/\/xstone.group\/cs\/product\/10009\/\" \/>\n<meta property=\"og:site_name\" content=\"XSTONE\" \/>\n<meta property=\"article:publisher\" content=\"https:\/\/www.facebook.com\/Xstonesurfaces1\/\" \/>\n<meta property=\"og:image\" content=\"https:\/\/xstone.group\/wp-content\/uploads\/2025\/11\/10009-scaled.webp\" \/>\n\t<meta property=\"og:image:width\" content=\"2560\" \/>\n\t<meta property=\"og:image:height\" content=\"1707\" \/>\n\t<meta property=\"og:image:type\" content=\"image\/webp\" \/>\n<meta name=\"twitter:card\" content=\"summary_large_image\" \/>\n<script type=\"application\/ld+json\" class=\"yoast-schema-graph\">{\"@context\":\"https:\\\/\\\/schema.org\",\"@graph\":[{\"@type\":\"WebPage\",\"@id\":\"https:\\\/\\\/xstone.group\\\/cs\\\/product\\\/10009\\\/\",\"url\":\"https:\\\/\\\/xstone.group\\\/cs\\\/product\\\/10009\\\/\",\"name\":\"10009 | Tmav\u011b zelen\u00e1 - XSTONE\",\"isPartOf\":{\"@id\":\"https:\\\/\\\/xstone.group\\\/cs\\\/#website\"},\"primaryImageOfPage\":{\"@id\":\"https:\\\/\\\/xstone.group\\\/cs\\\/product\\\/10009\\\/#primaryimage\"},\"image\":{\"@id\":\"https:\\\/\\\/xstone.group\\\/cs\\\/product\\\/10009\\\/#primaryimage\"},\"thumbnailUrl\":\"https:\\\/\\\/xstone.group\\\/wp-content\\\/uploads\\\/2025\\\/11\\\/10009-scaled.webp\",\"datePublished\":\"2025-11-28T14:40:05+00:00\",\"description\":\"Objevte hlubokou zemitou miner\u00e1ln\u00ed barvu inspirovanou p\u0159\u00edrodn\u00edm kamenem a organickou krajinou, kter\u00e1 je ide\u00e1ln\u00ed pro vytvo\u0159en\u00ed uzemn\u011bn\u00e9, elegantn\u00ed a nad\u010dasov\u00e9 atmosf\u00e9ry v interi\u00e9ru.\",\"breadcrumb\":{\"@id\":\"https:\\\/\\\/xstone.group\\\/cs\\\/product\\\/10009\\\/#breadcrumb\"},\"inLanguage\":\"cs\",\"potentialAction\":[{\"@type\":\"ReadAction\",\"target\":[\"https:\\\/\\\/xstone.group\\\/cs\\\/product\\\/10009\\\/\"]}]},{\"@type\":\"ImageObject\",\"inLanguage\":\"cs\",\"@id\":\"https:\\\/\\\/xstone.group\\\/cs\\\/product\\\/10009\\\/#primaryimage\",\"url\":\"https:\\\/\\\/xstone.group\\\/wp-content\\\/uploads\\\/2025\\\/11\\\/10009-scaled.webp\",\"contentUrl\":\"https:\\\/\\\/xstone.group\\\/wp-content\\\/uploads\\\/2025\\\/11\\\/10009-scaled.webp\",\"width\":2560,\"height\":1707},{\"@type\":\"BreadcrumbList\",\"@id\":\"https:\\\/\\\/xstone.group\\\/cs\\\/product\\\/10009\\\/#breadcrumb\",\"itemListElement\":[{\"@type\":\"ListItem\",\"position\":1,\"name\":\"Home\",\"item\":\"https:\\\/\\\/xstone.group\\\/cs\\\/\"},{\"@type\":\"ListItem\",\"position\":2,\"name\":\"Produkty\",\"item\":\"https:\\\/\\\/xstone.group\\\/cs\\\/shop\\\/\"},{\"@type\":\"ListItem\",\"position\":3,\"name\":\"10009 | Tmav\u011b zelen\u00e1\"}]},{\"@type\":\"WebSite\",\"@id\":\"https:\\\/\\\/xstone.group\\\/cs\\\/#website\",\"url\":\"https:\\\/\\\/xstone.group\\\/cs\\\/\",\"name\":\"XSTONE\",\"description\":\"Autentick\u00e1 a neomezen\u00e1 kr\u00e1sa miner\u00e1l\u016f, nespoutan\u00e1 gravitac\u00ed\",\"potentialAction\":[{\"@type\":\"SearchAction\",\"target\":{\"@type\":\"EntryPoint\",\"urlTemplate\":\"https:\\\/\\\/xstone.group\\\/cs\\\/?s={search_term_string}\"},\"query-input\":{\"@type\":\"PropertyValueSpecification\",\"valueRequired\":true,\"valueName\":\"search_term_string\"}}],\"inLanguage\":\"cs\"}]}<\/script>\n<!-- \/ Yoast SEO Premium plugin. -->","yoast_head_json":{"title":"10009 | Tmav\u011b zelen\u00e1 - XSTONE","description":"Objevte hlubokou zemitou miner\u00e1ln\u00ed barvu inspirovanou p\u0159\u00edrodn\u00edm kamenem a organickou krajinou, kter\u00e1 je ide\u00e1ln\u00ed pro vytvo\u0159en\u00ed uzemn\u011bn\u00e9, elegantn\u00ed a nad\u010dasov\u00e9 atmosf\u00e9ry v interi\u00e9ru.","robots":{"index":"index","follow":"follow","max-snippet":"max-snippet:-1","max-image-preview":"max-image-preview:large","max-video-preview":"max-video-preview:-1"},"canonical":"https:\/\/xstone.group\/cs\/product\/10009\/","og_locale":"cs_CZ","og_type":"article","og_title":"10009 | Tmav\u011b zelen\u00e1","og_description":"Objevte hlubokou zemitou miner\u00e1ln\u00ed barvu inspirovanou p\u0159\u00edrodn\u00edm kamenem a organickou krajinou, kter\u00e1 je ide\u00e1ln\u00ed pro vytvo\u0159en\u00ed uzemn\u011bn\u00e9, elegantn\u00ed a nad\u010dasov\u00e9 atmosf\u00e9ry v interi\u00e9ru.","og_url":"https:\/\/xstone.group\/cs\/product\/10009\/","og_site_name":"XSTONE","article_publisher":"https:\/\/www.facebook.com\/Xstonesurfaces1\/","og_image":[{"width":2560,"height":1707,"url":"https:\/\/xstone.group\/wp-content\/uploads\/2025\/11\/10009-scaled.webp","type":"image\/webp"}],"twitter_card":"summary_large_image","schema":{"@context":"https:\/\/schema.org","@graph":[{"@type":"WebPage","@id":"https:\/\/xstone.group\/cs\/product\/10009\/","url":"https:\/\/xstone.group\/cs\/product\/10009\/","name":"10009 | Tmav\u011b zelen\u00e1 - XSTONE","isPartOf":{"@id":"https:\/\/xstone.group\/cs\/#website"},"primaryImageOfPage":{"@id":"https:\/\/xstone.group\/cs\/product\/10009\/#primaryimage"},"image":{"@id":"https:\/\/xstone.group\/cs\/product\/10009\/#primaryimage"},"thumbnailUrl":"https:\/\/xstone.group\/wp-content\/uploads\/2025\/11\/10009-scaled.webp","datePublished":"2025-11-28T14:40:05+00:00","description":"Objevte hlubokou zemitou miner\u00e1ln\u00ed barvu inspirovanou p\u0159\u00edrodn\u00edm kamenem a organickou krajinou, kter\u00e1 je ide\u00e1ln\u00ed pro vytvo\u0159en\u00ed uzemn\u011bn\u00e9, elegantn\u00ed a nad\u010dasov\u00e9 atmosf\u00e9ry v interi\u00e9ru.","breadcrumb":{"@id":"https:\/\/xstone.group\/cs\/product\/10009\/#breadcrumb"},"inLanguage":"cs","potentialAction":[{"@type":"ReadAction","target":["https:\/\/xstone.group\/cs\/product\/10009\/"]}]},{"@type":"ImageObject","inLanguage":"cs","@id":"https:\/\/xstone.group\/cs\/product\/10009\/#primaryimage","url":"https:\/\/xstone.group\/wp-content\/uploads\/2025\/11\/10009-scaled.webp","contentUrl":"https:\/\/xstone.group\/wp-content\/uploads\/2025\/11\/10009-scaled.webp","width":2560,"height":1707},{"@type":"BreadcrumbList","@id":"https:\/\/xstone.group\/cs\/product\/10009\/#breadcrumb","itemListElement":[{"@type":"ListItem","position":1,"name":"Home","item":"https:\/\/xstone.group\/cs\/"},{"@type":"ListItem","position":2,"name":"Produkty","item":"https:\/\/xstone.group\/cs\/shop\/"},{"@type":"ListItem","position":3,"name":"10009 | Tmav\u011b zelen\u00e1"}]},{"@type":"WebSite","@id":"https:\/\/xstone.group\/cs\/#website","url":"https:\/\/xstone.group\/cs\/","name":"XSTONE","description":"Autentick\u00e1 a neomezen\u00e1 kr\u00e1sa miner\u00e1l\u016f, nespoutan\u00e1 gravitac\u00ed","potentialAction":[{"@type":"SearchAction","target":{"@type":"EntryPoint","urlTemplate":"https:\/\/xstone.group\/cs\/?s={search_term_string}"},"query-input":{"@type":"PropertyValueSpecification","valueRequired":true,"valueName":"search_term_string"}}],"inLanguage":"cs"}]}},"spectra_custom_meta":{"_last_translation_edit_mode":["translation-editor"],"_wcml_average_rating":[null],"_wcml_review_count":[null],"_wcml_rating_count":[null],"_yoast_wpseo_primary_product_cat":["318"],"_backorders":["no"],"_download_limit":["-1"],"_download_expiry":["-1"],"_downloadable":["no"],"_manage_stock":["no"],"_sku":["10009-dark-green"],"_stock_status":["instock"],"_sold_individually":["no"],"_tax_class":[""],"_tax_status":["taxable"],"_virtual":["no"],"total_sales":["0"],"_wpml_media_duplicate":["1"],"_wpml_media_featured":["1"],"stick-header-meta":["default"],"site-sidebar-layout":["default"],"theme-transparent-header-meta":["default"],"ast-site-content-layout":["default"],"site-content-style":["default"],"site-sidebar-style":["default"],"_yoast_wpseo_metadesc":["Objevte hlubokou zemitou miner\u00e1ln\u00ed barvu inspirovanou p\u0159\u00edrodn\u00edm kamenem a organickou krajinou, kter\u00e1 je ide\u00e1ln\u00ed pro vytvo\u0159en\u00ed uzemn\u011bn\u00e9, elegantn\u00ed a nad\u010dasov\u00e9 atmosf\u00e9ry v interi\u00e9ru."],"_yoast_wpseo_focuskw":["hlubok\u00e1 zemit\u00e1 miner\u00e1ln\u00ed barva"],"_thumbnail_id":["24878"],"_product_image_gallery":[""],"_product_attributes":["a:3:{s:7:\"pa_tone\";a:6:{s:4:\"name\";s:7:\"pa_tone\";s:5:\"value\";s:0:\"\";s:8:\"position\";i:0;s:10:\"is_visible\";i:1;s:12:\"is_variation\";i:0;s:11:\"is_taxonomy\";i:1;}s:13:\"pa_color-code\";a:6:{s:4:\"name\";s:13:\"pa_color-code\";s:5:\"value\";s:0:\"\";s:8:\"position\";i:1;s:10:\"is_visible\";i:1;s:12:\"is_variation\";i:0;s:11:\"is_taxonomy\";i:1;}s:9:\"pa_finish\";a:6:{s:4:\"name\";s:9:\"pa_finish\";s:5:\"value\";s:0:\"\";s:8:\"position\";i:2;s:10:\"is_visible\";i:1;s:12:\"is_variation\";i:0;s:11:\"is_taxonomy\";i:1;}}"],"_wpml_word_count":["56"],"_elementor_edit_mode":["builder"],"_selectproduct_layout":["16271"],"two_optimized_date":["1776570875"],"woolentor_views_count_product":["8"],"_uag_css_file_name":["uag-css-24877.css"],"_uag_js_file_name":["uag-js-24877.js"],"tp_widgets":["a:2:{s:7:\"widgets\";a:6:{i:0;s:18:\"plus-list-skeleton\";i:1;s:22:\"plus-listing-load-more\";i:2;s:18:\"plus-listing-metro\";i:3;s:18:\"tp-product-listout\";i:4;s:17:\"tp-single-style_1\";i:5;s:19:\"tp-woo-single-image\";}s:9:\"update_at\";s:10:\"1776541402\";}"],"_wc_rating_count":[""],"_wc_review_count":[""],"_wc_average_rating":[0]},"uagb_featured_image_src":{"full":["https:\/\/xstone.group\/wp-content\/uploads\/2025\/11\/10009-scaled.webp",2560,1707,false],"thumbnail":["https:\/\/xstone.group\/wp-content\/uploads\/2025\/11\/10009-150x150.webp",150,150,true],"medium":["https:\/\/xstone.group\/wp-content\/uploads\/2025\/11\/10009-300x200.webp",300,200,true],"medium_large":["https:\/\/xstone.group\/wp-content\/uploads\/2025\/11\/10009-768x512.webp",768,512,true],"large":["https:\/\/xstone.group\/wp-content\/uploads\/2025\/11\/10009-1024x683.webp",1024,683,true],"1536x1536":["https:\/\/xstone.group\/wp-content\/uploads\/2025\/11\/10009-1536x1024.webp",1536,1024,true],"2048x2048":["https:\/\/xstone.group\/wp-content\/uploads\/2025\/11\/10009-2048x1365.webp",2048,1365,true],"tp-image-grid":["https:\/\/xstone.group\/wp-content\/uploads\/2025\/11\/10009-scaled.webp",700,467,false],"tenweb_optimizer_mobile":["https:\/\/xstone.group\/wp-content\/uploads\/2025\/11\/10009-600x400.webp",600,400,true],"tenweb_optimizer_tablet":["https:\/\/xstone.group\/wp-content\/uploads\/2025\/11\/10009-768x512.webp",768,512,true],"woocommerce_thumbnail":["https:\/\/xstone.group\/wp-content\/uploads\/2025\/11\/10009-300x300.webp",300,300,true],"woocommerce_single":["https:\/\/xstone.group\/wp-content\/uploads\/2025\/11\/10009-600x400.webp",600,400,true],"woocommerce_gallery_thumbnail":["https:\/\/xstone.group\/wp-content\/uploads\/2025\/11\/10009-100x100.webp",100,100,true]},"uagb_author_info":{"display_name":"laurent.gomez@xstone.group","author_link":"https:\/\/xstone.group\/cs\/author\/"},"uagb_comment_info":0,"uagb_excerpt":"Tato barva p\u016fsob\u00ed hlubok\u00fdm, organick\u00fdm klidem s tlumen\u00fdm miner\u00e1ln\u00edm bohatstv\u00edm, kter\u00e9 m\u00e1 ko\u0159eny v p\u0159\u00edrod\u011b, jako povrch utv\u00e1\u0159en\u00fd zem\u00ed, mechem a kamenem, a p\u0159in\u00e1\u0161\u00ed pocit rovnov\u00e1hy, hloubky a tich\u00e9 sofistikovanosti, kter\u00e1 uzem\u0148uje prostory a z\u00e1rove\u0148 je udr\u017euje tepl\u00e9 a \u017eiv\u00e9.","_links":{"self":[{"href":"https:\/\/xstone.group\/cs\/wp-json\/wp\/v2\/product\/24877","targetHints":{"allow":["GET"]}}],"collection":[{"href":"https:\/\/xstone.group\/cs\/wp-json\/wp\/v2\/product"}],"about":[{"href":"https:\/\/xstone.group\/cs\/wp-json\/wp\/v2\/types\/product"}],"replies":[{"embeddable":true,"href":"https:\/\/xstone.group\/cs\/wp-json\/wp\/v2\/comments?post=24877"}],"wp:featuredmedia":[{"embeddable":true,"href":"https:\/\/xstone.group\/cs\/wp-json\/wp\/v2\/media\/24878"}],"wp:attachment":[{"href":"https:\/\/xstone.group\/cs\/wp-json\/wp\/v2\/media?parent=24877"}],"wp:term":[{"taxonomy":"product_brand","embeddable":true,"href":"https:\/\/xstone.group\/cs\/wp-json\/wp\/v2\/product_brand?post=24877"},{"taxonomy":"product_cat","embeddable":true,"href":"https:\/\/xstone.group\/cs\/wp-json\/wp\/v2\/product_cat?post=24877"},{"taxonomy":"product_tag","embeddable":true,"href":"https:\/\/xstone.group\/cs\/wp-json\/wp\/v2\/product_tag?post=24877"}],"curies":[{"name":"wp","href":"https:\/\/api.w.org\/{rel}","templated":true}]}}