{"id":24973,"date":"2026-02-05T08:15:59","date_gmt":"2026-02-05T08:15:59","guid":{"rendered":"https:\/\/xstone.group\/product\/pab-drevotriskove-desky\/"},"modified":"2026-02-05T08:15:59","modified_gmt":"2026-02-05T08:15:59","slug":"pab-particle-board","status":"publish","type":"product","link":"https:\/\/xstone.group\/cs\/product\/pab-particle-board\/","title":{"rendered":"PAB | D\u0159evot\u0159\u00edskov\u00e9 desky"},"content":{"rendered":"<p data-start=\"332\" data-end=\"713\">D\u0159evot\u0159\u00edskov\u00e9 desky (PAB) jsou technick\u00e9 d\u0159ev\u011bn\u00e9 v\u00fdrobky navr\u017een\u00e9 tak, aby poskytovaly struktur\u00e1ln\u00ed stabilitu, v\u0161estrannost a n\u00e1kladovou efektivitu v \u0161irok\u00e9 \u0161k\u00e1le interi\u00e9rov\u00fdch aplikac\u00ed. Vyr\u00e1b\u011bj\u00ed se z d\u0159ev\u011bn\u00fdch \u010d\u00e1stic spojen\u00fdch za tepla a pod tlakem a poskytuj\u00ed homogenn\u00ed strukturu j\u00e1dra ide\u00e1ln\u00ed pro v\u00fdrobu n\u00e1bytku, sk\u0159\u00edn\u00ed, reg\u00e1l\u016f, d\u011blic\u00edch syst\u00e9m\u016f a vybaven\u00ed interi\u00e9r\u016f. <\/p>\n<p data-start=\"715\" data-end=\"886\">V kombinaci s <strong data-start=\"734\" data-end=\"761\">miner\u00e1ln\u00edm lamin\u00e1tem XSTONE<\/strong> se z t\u011bchto desek st\u00e1vaj\u00ed vysoce hodnotn\u00e9 architektonick\u00e9 povrchy, kter\u00e9 spojuj\u00ed pr\u016fmyslov\u00fd v\u00fdkon s p\u0159\u00edrodn\u00ed miner\u00e1ln\u00ed estetikou.<\/p>\n<p data-start=\"888\" data-end=\"915\"><strong data-start=\"888\" data-end=\"915\">Mezi hlavn\u00ed v\u00fdhody pat\u0159\u00ed:<\/strong><\/p>\n<p data-start=\"917\" data-end=\"1689\">&#8211; <strong data-start=\"919\" data-end=\"945\">Rozm\u011brov\u00e1 stabilita:<\/strong><br data-start=\"1015\" data-end=\"1018\"> &#8211; <strong data-start=\"1020\" data-end=\"1040\">n\u00e1kladov\u00e1 efektivita<\/strong>: Jednotn\u00e1 hustota minimalizuje deformace a zaji\u0161\u0165uje konzistentn\u00ed v\u00fdkon: Optimalizovan\u00e9 vyu\u017eit\u00ed d\u0159ev\u011bn\u00fdch zdroj\u016f nab\u00edz\u00ed vynikaj\u00edc\u00ed hodnotu pro rozs\u00e1hl\u00e9 projekty.<br data-start=\"1121\" data-end=\"1124\">&#8211; <strong data-start=\"1126\" data-end=\"1159\">Vylep\u0161en\u00e9 povrchov\u00e9 vlastnosti:<\/strong> Ide\u00e1ln\u00ed podklad pro <strong data-start=\"1180\" data-end=\"1207\">miner\u00e1ln\u00ed lamin\u00e1t XSTONE<\/strong>, kter\u00fd umo\u017e\u0148uje povrchovou \u00fapravu z re\u00e1ln\u00e9ho kamene, betonu nebo miner\u00e1l\u016f bez omezen\u00ed tradi\u010dn\u00edch materi\u00e1l\u016f.<br data-start=\"1309\" data-end=\"1312\">&#8211; <strong data-start=\"1314\" data-end=\"1348\">Prvot\u0159\u00eddn\u00ed estetick\u00e1 integrace:<\/strong> P\u0159\u00edrodn\u00ed miner\u00e1ln\u00ed textury (travertin, mramor, beton, rez) bez probl\u00e9m\u016f aplikovan\u00e9 na pr\u016fmyslov\u00e9 panely.<br data-start=\"1453\" data-end=\"1456\">&#8211; <strong data-start=\"1458\" data-end=\"1474\">Pracovitost:<\/strong> Snadn\u00e9 \u0159ez\u00e1n\u00ed, obr\u00e1b\u011bn\u00ed, vrt\u00e1n\u00ed a olepov\u00e1n\u00ed hran pomoc\u00ed b\u011b\u017en\u00fdch d\u0159evoobr\u00e1b\u011bc\u00edch n\u00e1stroj\u016f &#8211; i po laminov\u00e1n\u00ed.<br data-start=\"1573\" data-end=\"1576\">&#8211; <strong data-start=\"1578\" data-end=\"1594\">V\u0161estrannost:<\/strong> K dispozici v r\u016fzn\u00fdch tlou\u0161\u0165k\u00e1ch a hustot\u00e1ch, aby spl\u0148ovaly konstruk\u010dn\u00ed a dekorativn\u00ed po\u017eadavky.<\/p>\n<p data-start=\"1691\" data-end=\"1865\">Integrace <strong data-start=\"1710\" data-end=\"1737\">miner\u00e1ln\u00edho lamin\u00e1tu XSTONE<\/strong> m\u011bn\u00ed d\u0159evot\u0159\u00edskov\u00e9 desky v lehk\u00e9, flexibiln\u00ed a designov\u011b zaj\u00edmav\u00e9 \u0159e\u0161en\u00ed vhodn\u00e9 pro \u0161pi\u010dkov\u00e9 interi\u00e9ry.<\/p>\n","protected":false},"excerpt":{"rendered":"<p>D\u0159evot\u0159\u00edskov\u00e9 desky (PAB) jsou technick\u00e9 d\u0159ev\u011bn\u00e9 v\u00fdrobky navr\u017een\u00e9 tak, aby poskytovaly struktur\u00e1ln\u00ed stabilitu, v\u0161estrannost a n\u00e1kladovou efektivitu v \u0161irok\u00e9 \u0161k\u00e1le interi\u00e9rov\u00fdch aplikac\u00ed. Vyr\u00e1b\u011bj\u00ed se z d\u0159ev\u011bn\u00fdch \u010d\u00e1stic spojen\u00fdch za tepla a pod tlakem a poskytuj\u00ed homogenn\u00ed strukturu j\u00e1dra ide\u00e1ln\u00ed pro v\u00fdrobu n\u00e1bytku, sk\u0159\u00edn\u00ed, reg\u00e1l\u016f, d\u011blic\u00edch syst\u00e9m\u016f a vybaven\u00ed interi\u00e9r\u016f. V kombinaci s miner\u00e1ln\u00edm lamin\u00e1tem XSTONE [&hellip;]<\/p>\n","protected":false},"featured_media":24975,"comment_status":"open","ping_status":"closed","template":"","meta":{"_acf_changed":false,"_uag_custom_page_level_css":"","site-sidebar-layout":"default","site-content-layout":"","ast-site-content-layout":"default","site-content-style":"default","site-sidebar-style":"default","ast-global-header-display":"","ast-banner-title-visibility":"","ast-main-header-display":"","ast-hfb-above-header-display":"","ast-hfb-below-header-display":"","ast-hfb-mobile-header-display":"","site-post-title":"","ast-breadcrumbs-content":"","ast-featured-img":"","footer-sml-layout":"","theme-transparent-header-meta":"default","adv-header-id-meta":"","stick-header-meta":"default","header-above-stick-meta":"","header-main-stick-meta":"","header-below-stick-meta":"","astra-migrate-meta-layouts":"default","ast-page-background-enabled":"default","ast-page-background-meta":{"desktop":{"background-color":"var(--ast-global-color-4)","background-image":"","background-repeat":"repeat","background-position":"center center","background-size":"auto","background-attachment":"scroll","background-type":"","background-media":"","overlay-type":"","overlay-color":"","overlay-opacity":"","overlay-gradient":""},"tablet":{"background-color":"","background-image":"","background-repeat":"repeat","background-position":"center center","background-size":"auto","background-attachment":"scroll","background-type":"","background-media":"","overlay-type":"","overlay-color":"","overlay-opacity":"","overlay-gradient":""},"mobile":{"background-color":"","background-image":"","background-repeat":"repeat","background-position":"center center","background-size":"auto","background-attachment":"scroll","background-type":"","background-media":"","overlay-type":"","overlay-color":"","overlay-opacity":"","overlay-gradient":""}},"ast-content-background-meta":{"desktop":{"background-color":"var(--ast-global-color-5)","background-image":"","background-repeat":"repeat","background-position":"center center","background-size":"auto","background-attachment":"scroll","background-type":"","background-media":"","overlay-type":"","overlay-color":"","overlay-opacity":"","overlay-gradient":""},"tablet":{"background-color":"var(--ast-global-color-5)","background-image":"","background-repeat":"repeat","background-position":"center center","background-size":"auto","background-attachment":"scroll","background-type":"","background-media":"","overlay-type":"","overlay-color":"","overlay-opacity":"","overlay-gradient":""},"mobile":{"background-color":"var(--ast-global-color-5)","background-image":"","background-repeat":"repeat","background-position":"center center","background-size":"auto","background-attachment":"scroll","background-type":"","background-media":"","overlay-type":"","overlay-color":"","overlay-opacity":"","overlay-gradient":""}}},"product_brand":[],"product_cat":[8734],"product_tag":[4770],"class_list":{"0":"post-24973","1":"product","2":"type-product","3":"status-publish","4":"has-post-thumbnail","6":"product_cat-backing","7":"product_tag-comp-backing-17725","8":"desktop-align-left","9":"tablet-align-left","10":"mobile-align-left","12":"first","13":"instock","14":"shipping-taxable","15":"product-type-simple"},"acf":[],"yoast_head":"<!-- This site is optimized with the Yoast SEO Premium plugin v27.4 (Yoast SEO v27.4) - https:\/\/yoast.com\/product\/yoast-seo-premium-wordpress\/ -->\n<title>PAB | D\u0159evot\u0159\u00edskov\u00e9 desky - XSTONE<\/title>\n<meta name=\"description\" content=\"Objevte v\u0161estrannost na\u0161ich d\u0159evot\u0159\u00edskov\u00fdch desek s miner\u00e1ln\u00edm lamin\u00e1tem, kter\u00e9 jsou ide\u00e1ln\u00ed pro v\u0161echny aplikace v interi\u00e9ru. Vytvo\u0159te si \u00fa\u017easn\u00fd n\u00e1bytek je\u0161t\u011b dnes!\" \/>\n<meta name=\"robots\" content=\"index, follow, max-snippet:-1, max-image-preview:large, max-video-preview:-1\" \/>\n<link rel=\"canonical\" href=\"https:\/\/xstone.group\/cs\/product\/pab-particle-board\/\" \/>\n<meta property=\"og:locale\" content=\"cs_CZ\" \/>\n<meta property=\"og:type\" content=\"article\" \/>\n<meta property=\"og:title\" content=\"PAB | D\u0159evot\u0159\u00edskov\u00e9 desky\" \/>\n<meta property=\"og:description\" content=\"Objevte v\u0161estrannost na\u0161ich d\u0159evot\u0159\u00edskov\u00fdch desek s miner\u00e1ln\u00edm lamin\u00e1tem, kter\u00e9 jsou ide\u00e1ln\u00ed pro v\u0161echny aplikace v interi\u00e9ru. Vytvo\u0159te si \u00fa\u017easn\u00fd n\u00e1bytek je\u0161t\u011b dnes!\" \/>\n<meta property=\"og:url\" content=\"https:\/\/xstone.group\/cs\/product\/pab-particle-board\/\" \/>\n<meta property=\"og:site_name\" content=\"XSTONE\" \/>\n<meta property=\"article:publisher\" content=\"https:\/\/www.facebook.com\/Xstonesurfaces1\/\" \/>\n<meta property=\"og:image\" content=\"https:\/\/xstone.group\/wp-content\/uploads\/2026\/02\/XSTONE-Wood-Particle-Board-scaled.webp\" \/>\n\t<meta property=\"og:image:width\" content=\"2560\" \/>\n\t<meta property=\"og:image:height\" content=\"2560\" \/>\n\t<meta property=\"og:image:type\" content=\"image\/webp\" \/>\n<meta name=\"twitter:card\" content=\"summary_large_image\" \/>\n<meta name=\"twitter:label1\" content=\"Odhadovan\u00e1 doba \u010dten\u00ed\" \/>\n\t<meta name=\"twitter:data1\" content=\"1 minuta\" \/>\n<script type=\"application\/ld+json\" class=\"yoast-schema-graph\">{\"@context\":\"https:\\\/\\\/schema.org\",\"@graph\":[{\"@type\":\"WebPage\",\"@id\":\"https:\\\/\\\/xstone.group\\\/cs\\\/product\\\/pab-particle-board\\\/\",\"url\":\"https:\\\/\\\/xstone.group\\\/cs\\\/product\\\/pab-particle-board\\\/\",\"name\":\"PAB | D\u0159evot\u0159\u00edskov\u00e9 desky - XSTONE\",\"isPartOf\":{\"@id\":\"https:\\\/\\\/xstone.group\\\/cs\\\/#website\"},\"primaryImageOfPage\":{\"@id\":\"https:\\\/\\\/xstone.group\\\/cs\\\/product\\\/pab-particle-board\\\/#primaryimage\"},\"image\":{\"@id\":\"https:\\\/\\\/xstone.group\\\/cs\\\/product\\\/pab-particle-board\\\/#primaryimage\"},\"thumbnailUrl\":\"https:\\\/\\\/xstone.group\\\/wp-content\\\/uploads\\\/2026\\\/02\\\/XSTONE-Wood-Particle-Board-scaled.webp\",\"datePublished\":\"2026-02-05T08:15:59+00:00\",\"description\":\"Objevte v\u0161estrannost na\u0161ich d\u0159evot\u0159\u00edskov\u00fdch desek s miner\u00e1ln\u00edm lamin\u00e1tem, kter\u00e9 jsou ide\u00e1ln\u00ed pro v\u0161echny aplikace v interi\u00e9ru. Vytvo\u0159te si \u00fa\u017easn\u00fd n\u00e1bytek je\u0161t\u011b dnes!\",\"breadcrumb\":{\"@id\":\"https:\\\/\\\/xstone.group\\\/cs\\\/product\\\/pab-particle-board\\\/#breadcrumb\"},\"inLanguage\":\"cs\",\"potentialAction\":[{\"@type\":\"ReadAction\",\"target\":[\"https:\\\/\\\/xstone.group\\\/cs\\\/product\\\/pab-particle-board\\\/\"]}]},{\"@type\":\"ImageObject\",\"inLanguage\":\"cs\",\"@id\":\"https:\\\/\\\/xstone.group\\\/cs\\\/product\\\/pab-particle-board\\\/#primaryimage\",\"url\":\"https:\\\/\\\/xstone.group\\\/wp-content\\\/uploads\\\/2026\\\/02\\\/XSTONE-Wood-Particle-Board-scaled.webp\",\"contentUrl\":\"https:\\\/\\\/xstone.group\\\/wp-content\\\/uploads\\\/2026\\\/02\\\/XSTONE-Wood-Particle-Board-scaled.webp\",\"width\":2560,\"height\":2560},{\"@type\":\"BreadcrumbList\",\"@id\":\"https:\\\/\\\/xstone.group\\\/cs\\\/product\\\/pab-particle-board\\\/#breadcrumb\",\"itemListElement\":[{\"@type\":\"ListItem\",\"position\":1,\"name\":\"Home\",\"item\":\"https:\\\/\\\/xstone.group\\\/cs\\\/\"},{\"@type\":\"ListItem\",\"position\":2,\"name\":\"Produkty\",\"item\":\"https:\\\/\\\/xstone.group\\\/cs\\\/shop\\\/\"},{\"@type\":\"ListItem\",\"position\":3,\"name\":\"PAB | D\u0159evot\u0159\u00edskov\u00e9 desky\"}]},{\"@type\":\"WebSite\",\"@id\":\"https:\\\/\\\/xstone.group\\\/cs\\\/#website\",\"url\":\"https:\\\/\\\/xstone.group\\\/cs\\\/\",\"name\":\"XSTONE\",\"description\":\"Autentick\u00e1 a neomezen\u00e1 kr\u00e1sa miner\u00e1l\u016f, nespoutan\u00e1 gravitac\u00ed\",\"potentialAction\":[{\"@type\":\"SearchAction\",\"target\":{\"@type\":\"EntryPoint\",\"urlTemplate\":\"https:\\\/\\\/xstone.group\\\/cs\\\/?s={search_term_string}\"},\"query-input\":{\"@type\":\"PropertyValueSpecification\",\"valueRequired\":true,\"valueName\":\"search_term_string\"}}],\"inLanguage\":\"cs\"}]}<\/script>\n<!-- \/ Yoast SEO Premium plugin. -->","yoast_head_json":{"title":"PAB | D\u0159evot\u0159\u00edskov\u00e9 desky - XSTONE","description":"Objevte v\u0161estrannost na\u0161ich d\u0159evot\u0159\u00edskov\u00fdch desek s miner\u00e1ln\u00edm lamin\u00e1tem, kter\u00e9 jsou ide\u00e1ln\u00ed pro v\u0161echny aplikace v interi\u00e9ru. Vytvo\u0159te si \u00fa\u017easn\u00fd n\u00e1bytek je\u0161t\u011b dnes!","robots":{"index":"index","follow":"follow","max-snippet":"max-snippet:-1","max-image-preview":"max-image-preview:large","max-video-preview":"max-video-preview:-1"},"canonical":"https:\/\/xstone.group\/cs\/product\/pab-particle-board\/","og_locale":"cs_CZ","og_type":"article","og_title":"PAB | D\u0159evot\u0159\u00edskov\u00e9 desky","og_description":"Objevte v\u0161estrannost na\u0161ich d\u0159evot\u0159\u00edskov\u00fdch desek s miner\u00e1ln\u00edm lamin\u00e1tem, kter\u00e9 jsou ide\u00e1ln\u00ed pro v\u0161echny aplikace v interi\u00e9ru. Vytvo\u0159te si \u00fa\u017easn\u00fd n\u00e1bytek je\u0161t\u011b dnes!","og_url":"https:\/\/xstone.group\/cs\/product\/pab-particle-board\/","og_site_name":"XSTONE","article_publisher":"https:\/\/www.facebook.com\/Xstonesurfaces1\/","og_image":[{"width":2560,"height":2560,"url":"https:\/\/xstone.group\/wp-content\/uploads\/2026\/02\/XSTONE-Wood-Particle-Board-scaled.webp","type":"image\/webp"}],"twitter_card":"summary_large_image","twitter_misc":{"Odhadovan\u00e1 doba \u010dten\u00ed":"1 minuta"},"schema":{"@context":"https:\/\/schema.org","@graph":[{"@type":"WebPage","@id":"https:\/\/xstone.group\/cs\/product\/pab-particle-board\/","url":"https:\/\/xstone.group\/cs\/product\/pab-particle-board\/","name":"PAB | D\u0159evot\u0159\u00edskov\u00e9 desky - XSTONE","isPartOf":{"@id":"https:\/\/xstone.group\/cs\/#website"},"primaryImageOfPage":{"@id":"https:\/\/xstone.group\/cs\/product\/pab-particle-board\/#primaryimage"},"image":{"@id":"https:\/\/xstone.group\/cs\/product\/pab-particle-board\/#primaryimage"},"thumbnailUrl":"https:\/\/xstone.group\/wp-content\/uploads\/2026\/02\/XSTONE-Wood-Particle-Board-scaled.webp","datePublished":"2026-02-05T08:15:59+00:00","description":"Objevte v\u0161estrannost na\u0161ich d\u0159evot\u0159\u00edskov\u00fdch desek s miner\u00e1ln\u00edm lamin\u00e1tem, kter\u00e9 jsou ide\u00e1ln\u00ed pro v\u0161echny aplikace v interi\u00e9ru. Vytvo\u0159te si \u00fa\u017easn\u00fd n\u00e1bytek je\u0161t\u011b dnes!","breadcrumb":{"@id":"https:\/\/xstone.group\/cs\/product\/pab-particle-board\/#breadcrumb"},"inLanguage":"cs","potentialAction":[{"@type":"ReadAction","target":["https:\/\/xstone.group\/cs\/product\/pab-particle-board\/"]}]},{"@type":"ImageObject","inLanguage":"cs","@id":"https:\/\/xstone.group\/cs\/product\/pab-particle-board\/#primaryimage","url":"https:\/\/xstone.group\/wp-content\/uploads\/2026\/02\/XSTONE-Wood-Particle-Board-scaled.webp","contentUrl":"https:\/\/xstone.group\/wp-content\/uploads\/2026\/02\/XSTONE-Wood-Particle-Board-scaled.webp","width":2560,"height":2560},{"@type":"BreadcrumbList","@id":"https:\/\/xstone.group\/cs\/product\/pab-particle-board\/#breadcrumb","itemListElement":[{"@type":"ListItem","position":1,"name":"Home","item":"https:\/\/xstone.group\/cs\/"},{"@type":"ListItem","position":2,"name":"Produkty","item":"https:\/\/xstone.group\/cs\/shop\/"},{"@type":"ListItem","position":3,"name":"PAB | D\u0159evot\u0159\u00edskov\u00e9 desky"}]},{"@type":"WebSite","@id":"https:\/\/xstone.group\/cs\/#website","url":"https:\/\/xstone.group\/cs\/","name":"XSTONE","description":"Autentick\u00e1 a neomezen\u00e1 kr\u00e1sa miner\u00e1l\u016f, nespoutan\u00e1 gravitac\u00ed","potentialAction":[{"@type":"SearchAction","target":{"@type":"EntryPoint","urlTemplate":"https:\/\/xstone.group\/cs\/?s={search_term_string}"},"query-input":{"@type":"PropertyValueSpecification","valueRequired":true,"valueName":"search_term_string"}}],"inLanguage":"cs"}]}},"spectra_custom_meta":{"_last_translation_edit_mode":["translation-editor"],"_product_attributes":["a:5:{s:11:\"composition\";a:6:{s:4:\"name\";s:11:\"Composition\";s:5:\"value\";s:83:\"D\u0159ev\u011bn\u00e9 \u0161t\u011bpky, hobliny a piliny spojen\u00e9 lepidlem ze syntetick\u00e9 prysky\u0159ice.\";s:8:\"position\";i:0;s:10:\"is_visible\";i:1;s:12:\"is_variation\";i:0;s:11:\"is_taxonomy\";i:0;}s:8:\"features\";a:6:{s:4:\"name\";s:8:\"Features\";s:5:\"value\";s:338:\"D\u0159evot\u0159\u00edskov\u00e1 deska je cenov\u011b dostupn\u00e1, \u0161etrn\u00e1 k \u017eivotn\u00edmu prost\u0159ed\u00ed a recyklovateln\u00e1, n\u00edzk\u00e1 tlou\u0161\u0165kov\u00e1 bobtnavost, jednoduch\u00e9 zpracov\u00e1n\u00ed b\u011b\u017en\u00fdmi d\u0159evoobr\u00e1b\u011bc\u00edmi n\u00e1stroji, hladk\u00fd povrch, vhodn\u00e1 pro povrchov\u00e9 aplikace (melaminov\u00e9 obklady, f\u00f3lie, d\u00fdhy atd.), stejn\u00fd stupe\u0148 pevnosti v r\u016fzn\u00fdch sm\u011brech.\";s:8:\"position\";i:1;s:10:\"is_visible\";i:1;s:12:\"is_variation\";i:0;s:11:\"is_taxonomy\";i:0;}s:4:\"size\";a:6:{s:4:\"name\";s:4:\"Size\";s:5:\"value\";s:52:\"2800 x 1200 mm; rozm\u011bry na zak\u00e1zku na vy\u017e\u00e1d\u00e1n\u00ed\";s:8:\"position\";i:2;s:10:\"is_visible\";i:1;s:12:\"is_variation\";i:0;s:11:\"is_taxonomy\";i:0;}s:9:\"thickness\";a:6:{s:4:\"name\";s:9:\"Thickness\";s:5:\"value\";s:45:\"14 mm; Tlou\u0161\u0165ka na zak\u00e1zku na vy\u017e\u00e1d\u00e1n\u00ed\";s:8:\"position\";i:3;s:10:\"is_visible\";i:1;s:12:\"is_variation\";i:0;s:11:\"is_taxonomy\";i:0;}s:11:\"fire-rating\";a:6:{s:4:\"name\";s:11:\"Fire rating\";s:5:\"value\";s:53:\"D-s2, d0; na vy\u017e\u00e1d\u00e1n\u00ed po\u017e\u00e1rn\u011b odoln\u00e9 B-s1, d0\";s:8:\"position\";i:4;s:10:\"is_visible\";i:1;s:12:\"is_variation\";i:0;s:11:\"is_taxonomy\";i:0;}}"],"attr_label_translations":["a:1:{s:2:\"cs\";a:5:{s:11:\"composition\";s:9:\"Slo\u017een\u00ed\";s:8:\"features\";s:6:\"Funkce\";s:4:\"size\";s:8:\"Velikost\";s:9:\"thickness\";s:10:\"Tlou\u0161\u0165ka\";s:11:\"fire-rating\";s:19:\"Po\u017e\u00e1rn\u00ed odolnost\";}}"],"_wcml_average_rating":[null],"_wcml_review_count":[null],"_wcml_rating_count":[null],"_yoast_wpseo_primary_product_cat":["331"],"_backorders":["no"],"_download_limit":["-1"],"_download_expiry":["-1"],"_downloadable":["no"],"_manage_stock":["no"],"_sku":["PAB"],"_stock_status":["instock"],"_sold_individually":["no"],"_tax_class":[""],"_tax_status":["taxable"],"_virtual":["no"],"total_sales":["0"],"_wpml_media_duplicate":["1"],"_wpml_media_featured":["1"],"stick-header-meta":["default"],"site-sidebar-layout":["default"],"theme-transparent-header-meta":["default"],"ast-site-content-layout":["default"],"site-content-style":["default"],"site-sidebar-style":["default"],"_yoast_wpseo_metadesc":["Objevte v\u0161estrannost na\u0161ich d\u0159evot\u0159\u00edskov\u00fdch desek s miner\u00e1ln\u00edm lamin\u00e1tem, kter\u00e9 jsou ide\u00e1ln\u00ed pro v\u0161echny aplikace v interi\u00e9ru. Vytvo\u0159te si \u00fa\u017easn\u00fd n\u00e1bytek je\u0161t\u011b dnes!"],"_yoast_wpseo_focuskw":["D\u0159evot\u0159\u00edskov\u00e9 desky"],"_thumbnail_id":["24975"],"_wpml_word_count":["300"],"two_optimized_date":["1776584282"],"woolentor_views_count_product":["9"],"_uag_css_file_name":["uag-css-24973.css"],"_uag_js_file_name":["uag-js-24973.js"],"tp_widgets":["a:2:{s:7:\"widgets\";a:6:{i:0;s:18:\"plus-list-skeleton\";i:1;s:22:\"plus-listing-load-more\";i:2;s:18:\"plus-listing-metro\";i:3;s:18:\"tp-product-listout\";i:4;s:17:\"tp-single-style_1\";i:5;s:19:\"tp-woo-single-image\";}s:9:\"update_at\";s:10:\"1776541402\";}"],"_elementor_edit_mode":["builder"],"_selectproduct_layout":["17803"],"_elementor_page_assets":["a:0:{}"],"_elementor_css":["a:7:{s:4:\"time\";i:1776764025;s:5:\"fonts\";a:0:{}s:5:\"icons\";a:0:{}s:20:\"dynamic_elements_ids\";a:0:{}s:6:\"status\";s:5:\"empty\";i:0;s:0:\"\";s:3:\"css\";s:0:\"\";}"],"_wc_rating_count":[""],"_wc_review_count":[""],"_wc_average_rating":[0]},"uagb_featured_image_src":{"full":["https:\/\/xstone.group\/wp-content\/uploads\/2026\/02\/XSTONE-Wood-Particle-Board-scaled.webp",2560,2560,false],"thumbnail":["https:\/\/xstone.group\/wp-content\/uploads\/2026\/02\/XSTONE-Wood-Particle-Board-150x150.webp",150,150,true],"medium":["https:\/\/xstone.group\/wp-content\/uploads\/2026\/02\/XSTONE-Wood-Particle-Board-300x300.webp",300,300,true],"medium_large":["https:\/\/xstone.group\/wp-content\/uploads\/2026\/02\/XSTONE-Wood-Particle-Board-768x768.webp",768,768,true],"large":["https:\/\/xstone.group\/wp-content\/uploads\/2026\/02\/XSTONE-Wood-Particle-Board-1024x1024.webp",1024,1024,true],"1536x1536":["https:\/\/xstone.group\/wp-content\/uploads\/2026\/02\/XSTONE-Wood-Particle-Board-1536x1536.webp",1536,1536,true],"2048x2048":["https:\/\/xstone.group\/wp-content\/uploads\/2026\/02\/XSTONE-Wood-Particle-Board-2048x2048.webp",2048,2048,true],"tp-image-grid":["https:\/\/xstone.group\/wp-content\/uploads\/2026\/02\/XSTONE-Wood-Particle-Board-700x700.webp",700,700,true],"tenweb_optimizer_mobile":["https:\/\/xstone.group\/wp-content\/uploads\/2026\/02\/XSTONE-Wood-Particle-Board-600x600.webp",600,600,true],"tenweb_optimizer_tablet":["https:\/\/xstone.group\/wp-content\/uploads\/2026\/02\/XSTONE-Wood-Particle-Board-768x768.webp",768,768,true],"woocommerce_thumbnail":["https:\/\/xstone.group\/wp-content\/uploads\/2026\/02\/XSTONE-Wood-Particle-Board-300x300.webp",300,300,true],"woocommerce_single":["https:\/\/xstone.group\/wp-content\/uploads\/2026\/02\/XSTONE-Wood-Particle-Board-600x600.webp",600,600,true],"woocommerce_gallery_thumbnail":["https:\/\/xstone.group\/wp-content\/uploads\/2026\/02\/XSTONE-Wood-Particle-Board-100x100.webp",100,100,true]},"uagb_author_info":{"display_name":"laurent.gomez@xstone.group","author_link":"https:\/\/xstone.group\/cs\/author\/"},"uagb_comment_info":0,"uagb_excerpt":"D\u0159evot\u0159\u00edskov\u00e9 desky (PAB) jsou technick\u00e9 d\u0159ev\u011bn\u00e9 v\u00fdrobky navr\u017een\u00e9 tak, aby poskytovaly struktur\u00e1ln\u00ed stabilitu, v\u0161estrannost a n\u00e1kladovou efektivitu v \u0161irok\u00e9 \u0161k\u00e1le interi\u00e9rov\u00fdch aplikac\u00ed. Vyr\u00e1b\u011bj\u00ed se z d\u0159ev\u011bn\u00fdch \u010d\u00e1stic spojen\u00fdch za tepla a pod tlakem a poskytuj\u00ed homogenn\u00ed strukturu j\u00e1dra ide\u00e1ln\u00ed pro v\u00fdrobu n\u00e1bytku, sk\u0159\u00edn\u00ed, reg\u00e1l\u016f, d\u011blic\u00edch syst\u00e9m\u016f a vybaven\u00ed interi\u00e9r\u016f. V kombinaci s miner\u00e1ln\u00edm lamin\u00e1tem XSTONE&hellip;","_links":{"self":[{"href":"https:\/\/xstone.group\/cs\/wp-json\/wp\/v2\/product\/24973","targetHints":{"allow":["GET"]}}],"collection":[{"href":"https:\/\/xstone.group\/cs\/wp-json\/wp\/v2\/product"}],"about":[{"href":"https:\/\/xstone.group\/cs\/wp-json\/wp\/v2\/types\/product"}],"replies":[{"embeddable":true,"href":"https:\/\/xstone.group\/cs\/wp-json\/wp\/v2\/comments?post=24973"}],"wp:featuredmedia":[{"embeddable":true,"href":"https:\/\/xstone.group\/cs\/wp-json\/wp\/v2\/media\/24975"}],"wp:attachment":[{"href":"https:\/\/xstone.group\/cs\/wp-json\/wp\/v2\/media?parent=24973"}],"wp:term":[{"taxonomy":"product_brand","embeddable":true,"href":"https:\/\/xstone.group\/cs\/wp-json\/wp\/v2\/product_brand?post=24973"},{"taxonomy":"product_cat","embeddable":true,"href":"https:\/\/xstone.group\/cs\/wp-json\/wp\/v2\/product_cat?post=24973"},{"taxonomy":"product_tag","embeddable":true,"href":"https:\/\/xstone.group\/cs\/wp-json\/wp\/v2\/product_tag?post=24973"}],"curies":[{"name":"wp","href":"https:\/\/api.w.org\/{rel}","templated":true}]}}