{"id":25129,"date":"2025-11-28T16:26:18","date_gmt":"2025-11-28T16:26:18","guid":{"rendered":"https:\/\/xstone.group\/product\/woo-drevene\/"},"modified":"2025-11-28T16:26:18","modified_gmt":"2025-11-28T16:26:18","slug":"woo-wooden","status":"publish","type":"product","link":"https:\/\/xstone.group\/cs\/product\/woo-wooden\/","title":{"rendered":"WOO | D\u0159ev\u011bn\u00e9"},"content":{"rendered":"<p>D\u0159evo WOODEN zachycuje tichou eleganci p\u0159\u00edrodn\u00edch vl\u00e1ken, kter\u00e1 plynou v jemn\u00fdch vodorovn\u00fdch vrstv\u00e1ch a navozuj\u00ed pocit opracovan\u00fdch prken tvarovan\u00fdch \u010dasem a zru\u010dn\u00fdma rukama. Jeho jemn\u00e1 line\u00e1rn\u00ed struktura vn\u00e1\u0161\u00ed do prostoru teplo, klid a pocit autenticity a vytv\u00e1\u0159\u00ed atmosf\u00e9ru, kter\u00e1 p\u016fsob\u00ed uzemn\u011bn\u011b, p\u0159\u00edv\u011btiv\u011b a jemn\u011b architektonicky. <\/p>\n","protected":false},"excerpt":{"rendered":"<p>D\u0159evo WOODEN zachycuje tichou eleganci p\u0159\u00edrodn\u00edch vl\u00e1ken, kter\u00e1 plynou v jemn\u00fdch vodorovn\u00fdch vrstv\u00e1ch a navozuj\u00ed pocit opracovan\u00fdch prken tvarovan\u00fdch \u010dasem a zru\u010dn\u00fdma rukama. Jeho jemn\u00e1 line\u00e1rn\u00ed struktura vn\u00e1\u0161\u00ed do prostoru teplo, klid a pocit autenticity a vytv\u00e1\u0159\u00ed atmosf\u00e9ru, kter\u00e1 p\u016fsob\u00ed uzemn\u011bn\u011b, p\u0159\u00edv\u011btiv\u011b a jemn\u011b architektonicky.<\/p>\n","protected":false},"featured_media":25130,"comment_status":"open","ping_status":"closed","template":"","meta":{"_acf_changed":false,"_uag_custom_page_level_css":"","site-sidebar-layout":"default","site-content-layout":"","ast-site-content-layout":"default","site-content-style":"default","site-sidebar-style":"default","ast-global-header-display":"","ast-banner-title-visibility":"","ast-main-header-display":"","ast-hfb-above-header-display":"","ast-hfb-below-header-display":"","ast-hfb-mobile-header-display":"","site-post-title":"","ast-breadcrumbs-content":"","ast-featured-img":"","footer-sml-layout":"","theme-transparent-header-meta":"default","adv-header-id-meta":"","stick-header-meta":"default","header-above-stick-meta":"","header-main-stick-meta":"","header-below-stick-meta":"","astra-migrate-meta-layouts":"default","ast-page-background-enabled":"default","ast-page-background-meta":{"desktop":{"background-color":"var(--ast-global-color-4)","background-image":"","background-repeat":"repeat","background-position":"center center","background-size":"auto","background-attachment":"scroll","background-type":"","background-media":"","overlay-type":"","overlay-color":"","overlay-opacity":"","overlay-gradient":""},"tablet":{"background-color":"","background-image":"","background-repeat":"repeat","background-position":"center center","background-size":"auto","background-attachment":"scroll","background-type":"","background-media":"","overlay-type":"","overlay-color":"","overlay-opacity":"","overlay-gradient":""},"mobile":{"background-color":"","background-image":"","background-repeat":"repeat","background-position":"center center","background-size":"auto","background-attachment":"scroll","background-type":"","background-media":"","overlay-type":"","overlay-color":"","overlay-opacity":"","overlay-gradient":""}},"ast-content-background-meta":{"desktop":{"background-color":"var(--ast-global-color-5)","background-image":"","background-repeat":"repeat","background-position":"center center","background-size":"auto","background-attachment":"scroll","background-type":"","background-media":"","overlay-type":"","overlay-color":"","overlay-opacity":"","overlay-gradient":""},"tablet":{"background-color":"var(--ast-global-color-5)","background-image":"","background-repeat":"repeat","background-position":"center center","background-size":"auto","background-attachment":"scroll","background-type":"","background-media":"","overlay-type":"","overlay-color":"","overlay-opacity":"","overlay-gradient":""},"mobile":{"background-color":"var(--ast-global-color-5)","background-image":"","background-repeat":"repeat","background-position":"center center","background-size":"auto","background-attachment":"scroll","background-type":"","background-media":"","overlay-type":"","overlay-color":"","overlay-opacity":"","overlay-gradient":""}}},"product_brand":[],"product_cat":[6135,3594],"product_tag":[9024,9022,9019,9020,9023,9021,2285],"class_list":{"0":"post-25129","1":"product","2":"type-product","3":"status-publish","4":"has-post-thumbnail","6":"product_cat-wood","7":"product_cat-texture","8":"product_tag-architectural-wood","9":"product_tag-interior-wood-design","10":"product_tag-wooden-texture","11":"product_tag-wood-grain-wall","12":"product_tag-minimalist-wood-texture","13":"product_tag-natural-wood-surface","14":"product_tag-comp-texture-15446","15":"desktop-align-left","16":"tablet-align-left","17":"mobile-align-left","19":"first","20":"instock","21":"shipping-taxable","22":"product-type-simple"},"acf":[],"yoast_head":"<!-- This site is optimized with the Yoast SEO Premium plugin v27.4 (Yoast SEO v27.4) - https:\/\/yoast.com\/product\/yoast-seo-premium-wordpress\/ -->\n<title>WOO | D\u0159ev\u011bn\u00e9 - XSTONE<\/title>\n<meta name=\"description\" content=\"Objevte WOODEN, rafinovanou d\u0159ev\u011bnou texturu st\u011bn s p\u0159irozen\u00fdm line\u00e1rn\u00edm tokem, kter\u00e1 vn\u00e1\u0161\u00ed do interi\u00e9ru teplo, autenticitu a klid.\" \/>\n<meta name=\"robots\" content=\"index, follow, max-snippet:-1, max-image-preview:large, max-video-preview:-1\" \/>\n<link rel=\"canonical\" href=\"https:\/\/xstone.group\/cs\/product\/woo-wooden\/\" \/>\n<meta property=\"og:locale\" content=\"cs_CZ\" \/>\n<meta property=\"og:type\" content=\"article\" \/>\n<meta property=\"og:title\" content=\"WOO | D\u0159ev\u011bn\u00e9\" \/>\n<meta property=\"og:description\" content=\"Objevte WOODEN, rafinovanou d\u0159ev\u011bnou texturu st\u011bn s p\u0159irozen\u00fdm line\u00e1rn\u00edm tokem, kter\u00e1 vn\u00e1\u0161\u00ed do interi\u00e9ru teplo, autenticitu a klid.\" \/>\n<meta property=\"og:url\" content=\"https:\/\/xstone.group\/cs\/product\/woo-wooden\/\" \/>\n<meta property=\"og:site_name\" content=\"XSTONE\" \/>\n<meta property=\"article:publisher\" content=\"https:\/\/www.facebook.com\/Xstonesurfaces1\/\" \/>\n<meta property=\"og:image\" content=\"https:\/\/xstone.group\/wp-content\/uploads\/2025\/11\/XStone-Texture-WOO-1.webp\" \/>\n\t<meta property=\"og:image:width\" content=\"1920\" \/>\n\t<meta property=\"og:image:height\" content=\"1920\" \/>\n\t<meta property=\"og:image:type\" content=\"image\/webp\" \/>\n<meta name=\"twitter:card\" content=\"summary_large_image\" \/>\n<script type=\"application\/ld+json\" class=\"yoast-schema-graph\">{\"@context\":\"https:\\\/\\\/schema.org\",\"@graph\":[{\"@type\":\"WebPage\",\"@id\":\"https:\\\/\\\/xstone.group\\\/cs\\\/product\\\/woo-wooden\\\/\",\"url\":\"https:\\\/\\\/xstone.group\\\/cs\\\/product\\\/woo-wooden\\\/\",\"name\":\"WOO | D\u0159ev\u011bn\u00e9 - XSTONE\",\"isPartOf\":{\"@id\":\"https:\\\/\\\/xstone.group\\\/cs\\\/#website\"},\"primaryImageOfPage\":{\"@id\":\"https:\\\/\\\/xstone.group\\\/cs\\\/product\\\/woo-wooden\\\/#primaryimage\"},\"image\":{\"@id\":\"https:\\\/\\\/xstone.group\\\/cs\\\/product\\\/woo-wooden\\\/#primaryimage\"},\"thumbnailUrl\":\"https:\\\/\\\/xstone.group\\\/wp-content\\\/uploads\\\/2025\\\/11\\\/XStone-Texture-WOO-1.webp\",\"datePublished\":\"2025-11-28T16:26:18+00:00\",\"description\":\"Objevte WOODEN, rafinovanou d\u0159ev\u011bnou texturu st\u011bn s p\u0159irozen\u00fdm line\u00e1rn\u00edm tokem, kter\u00e1 vn\u00e1\u0161\u00ed do interi\u00e9ru teplo, autenticitu a klid.\",\"breadcrumb\":{\"@id\":\"https:\\\/\\\/xstone.group\\\/cs\\\/product\\\/woo-wooden\\\/#breadcrumb\"},\"inLanguage\":\"cs\",\"potentialAction\":[{\"@type\":\"ReadAction\",\"target\":[\"https:\\\/\\\/xstone.group\\\/cs\\\/product\\\/woo-wooden\\\/\"]}]},{\"@type\":\"ImageObject\",\"inLanguage\":\"cs\",\"@id\":\"https:\\\/\\\/xstone.group\\\/cs\\\/product\\\/woo-wooden\\\/#primaryimage\",\"url\":\"https:\\\/\\\/xstone.group\\\/wp-content\\\/uploads\\\/2025\\\/11\\\/XStone-Texture-WOO-1.webp\",\"contentUrl\":\"https:\\\/\\\/xstone.group\\\/wp-content\\\/uploads\\\/2025\\\/11\\\/XStone-Texture-WOO-1.webp\",\"width\":1920,\"height\":1920,\"caption\":\"XStone - Texture - Wooden\"},{\"@type\":\"BreadcrumbList\",\"@id\":\"https:\\\/\\\/xstone.group\\\/cs\\\/product\\\/woo-wooden\\\/#breadcrumb\",\"itemListElement\":[{\"@type\":\"ListItem\",\"position\":1,\"name\":\"Home\",\"item\":\"https:\\\/\\\/xstone.group\\\/cs\\\/\"},{\"@type\":\"ListItem\",\"position\":2,\"name\":\"Produkty\",\"item\":\"https:\\\/\\\/xstone.group\\\/cs\\\/shop\\\/\"},{\"@type\":\"ListItem\",\"position\":3,\"name\":\"WOO | D\u0159ev\u011bn\u00e9\"}]},{\"@type\":\"WebSite\",\"@id\":\"https:\\\/\\\/xstone.group\\\/cs\\\/#website\",\"url\":\"https:\\\/\\\/xstone.group\\\/cs\\\/\",\"name\":\"XSTONE\",\"description\":\"Autentick\u00e1 a neomezen\u00e1 kr\u00e1sa miner\u00e1l\u016f, nespoutan\u00e1 gravitac\u00ed\",\"potentialAction\":[{\"@type\":\"SearchAction\",\"target\":{\"@type\":\"EntryPoint\",\"urlTemplate\":\"https:\\\/\\\/xstone.group\\\/cs\\\/?s={search_term_string}\"},\"query-input\":{\"@type\":\"PropertyValueSpecification\",\"valueRequired\":true,\"valueName\":\"search_term_string\"}}],\"inLanguage\":\"cs\"}]}<\/script>\n<!-- \/ Yoast SEO Premium plugin. -->","yoast_head_json":{"title":"WOO | D\u0159ev\u011bn\u00e9 - XSTONE","description":"Objevte WOODEN, rafinovanou d\u0159ev\u011bnou texturu st\u011bn s p\u0159irozen\u00fdm line\u00e1rn\u00edm tokem, kter\u00e1 vn\u00e1\u0161\u00ed do interi\u00e9ru teplo, autenticitu a klid.","robots":{"index":"index","follow":"follow","max-snippet":"max-snippet:-1","max-image-preview":"max-image-preview:large","max-video-preview":"max-video-preview:-1"},"canonical":"https:\/\/xstone.group\/cs\/product\/woo-wooden\/","og_locale":"cs_CZ","og_type":"article","og_title":"WOO | D\u0159ev\u011bn\u00e9","og_description":"Objevte WOODEN, rafinovanou d\u0159ev\u011bnou texturu st\u011bn s p\u0159irozen\u00fdm line\u00e1rn\u00edm tokem, kter\u00e1 vn\u00e1\u0161\u00ed do interi\u00e9ru teplo, autenticitu a klid.","og_url":"https:\/\/xstone.group\/cs\/product\/woo-wooden\/","og_site_name":"XSTONE","article_publisher":"https:\/\/www.facebook.com\/Xstonesurfaces1\/","og_image":[{"width":1920,"height":1920,"url":"https:\/\/xstone.group\/wp-content\/uploads\/2025\/11\/XStone-Texture-WOO-1.webp","type":"image\/webp"}],"twitter_card":"summary_large_image","schema":{"@context":"https:\/\/schema.org","@graph":[{"@type":"WebPage","@id":"https:\/\/xstone.group\/cs\/product\/woo-wooden\/","url":"https:\/\/xstone.group\/cs\/product\/woo-wooden\/","name":"WOO | D\u0159ev\u011bn\u00e9 - XSTONE","isPartOf":{"@id":"https:\/\/xstone.group\/cs\/#website"},"primaryImageOfPage":{"@id":"https:\/\/xstone.group\/cs\/product\/woo-wooden\/#primaryimage"},"image":{"@id":"https:\/\/xstone.group\/cs\/product\/woo-wooden\/#primaryimage"},"thumbnailUrl":"https:\/\/xstone.group\/wp-content\/uploads\/2025\/11\/XStone-Texture-WOO-1.webp","datePublished":"2025-11-28T16:26:18+00:00","description":"Objevte WOODEN, rafinovanou d\u0159ev\u011bnou texturu st\u011bn s p\u0159irozen\u00fdm line\u00e1rn\u00edm tokem, kter\u00e1 vn\u00e1\u0161\u00ed do interi\u00e9ru teplo, autenticitu a klid.","breadcrumb":{"@id":"https:\/\/xstone.group\/cs\/product\/woo-wooden\/#breadcrumb"},"inLanguage":"cs","potentialAction":[{"@type":"ReadAction","target":["https:\/\/xstone.group\/cs\/product\/woo-wooden\/"]}]},{"@type":"ImageObject","inLanguage":"cs","@id":"https:\/\/xstone.group\/cs\/product\/woo-wooden\/#primaryimage","url":"https:\/\/xstone.group\/wp-content\/uploads\/2025\/11\/XStone-Texture-WOO-1.webp","contentUrl":"https:\/\/xstone.group\/wp-content\/uploads\/2025\/11\/XStone-Texture-WOO-1.webp","width":1920,"height":1920,"caption":"XStone - Texture - Wooden"},{"@type":"BreadcrumbList","@id":"https:\/\/xstone.group\/cs\/product\/woo-wooden\/#breadcrumb","itemListElement":[{"@type":"ListItem","position":1,"name":"Home","item":"https:\/\/xstone.group\/cs\/"},{"@type":"ListItem","position":2,"name":"Produkty","item":"https:\/\/xstone.group\/cs\/shop\/"},{"@type":"ListItem","position":3,"name":"WOO | D\u0159ev\u011bn\u00e9"}]},{"@type":"WebSite","@id":"https:\/\/xstone.group\/cs\/#website","url":"https:\/\/xstone.group\/cs\/","name":"XSTONE","description":"Autentick\u00e1 a neomezen\u00e1 kr\u00e1sa miner\u00e1l\u016f, nespoutan\u00e1 gravitac\u00ed","potentialAction":[{"@type":"SearchAction","target":{"@type":"EntryPoint","urlTemplate":"https:\/\/xstone.group\/cs\/?s={search_term_string}"},"query-input":{"@type":"PropertyValueSpecification","valueRequired":true,"valueName":"search_term_string"}}],"inLanguage":"cs"}]}},"spectra_custom_meta":{"_last_translation_edit_mode":["translation-editor"],"_wcml_average_rating":[null],"_wcml_review_count":[null],"_wcml_rating_count":[null],"_yoast_wpseo_primary_product_cat":["317"],"_backorders":["no"],"_download_limit":["-1"],"_download_expiry":["-1"],"_downloadable":["no"],"_manage_stock":["no"],"_sku":["WOO"],"_stock_status":["instock"],"_sold_individually":["no"],"_tax_class":[""],"_tax_status":["taxable"],"_virtual":["no"],"total_sales":["0"],"_wpml_media_duplicate":["1"],"_wpml_media_featured":["1"],"stick-header-meta":["default"],"site-sidebar-layout":["default"],"theme-transparent-header-meta":["default"],"ast-site-content-layout":["default"],"site-content-style":["default"],"site-sidebar-style":["default"],"_yoast_wpseo_metadesc":["Objevte WOODEN, rafinovanou d\u0159ev\u011bnou texturu st\u011bn s p\u0159irozen\u00fdm line\u00e1rn\u00edm tokem, kter\u00e1 vn\u00e1\u0161\u00ed do interi\u00e9ru teplo, autenticitu a klid."],"_yoast_wpseo_focuskw":["textura st\u011bny s d\u0159ev\u011bn\u00fdm zrnem"],"_product_image_gallery":[""],"_thumbnail_id":["25130"],"_product_attributes":["a:3:{s:12:\"pa_thickness\";a:6:{s:4:\"name\";s:12:\"pa_thickness\";s:5:\"value\";s:0:\"\";s:8:\"position\";i:0;s:10:\"is_visible\";i:1;s:12:\"is_variation\";i:0;s:11:\"is_taxonomy\";i:1;}s:14:\"pa_composition\";a:6:{s:4:\"name\";s:14:\"pa_composition\";s:5:\"value\";s:0:\"\";s:8:\"position\";i:1;s:10:\"is_visible\";i:1;s:12:\"is_variation\";i:0;s:11:\"is_taxonomy\";i:1;}s:14:\"pa_fire-rating\";a:6:{s:4:\"name\";s:14:\"pa_fire-rating\";s:5:\"value\";s:0:\"\";s:8:\"position\";i:2;s:10:\"is_visible\";i:1;s:12:\"is_variation\";i:0;s:11:\"is_taxonomy\";i:1;}}"],"_wpml_word_count":["68"],"_elementor_edit_mode":["builder"],"_selectproduct_layout":["16389"],"two_optimized_date":["1776589672"],"woolentor_views_count_product":["3"],"_uag_css_file_name":["uag-css-25129.css"],"_uag_js_file_name":["uag-js-25129.js"],"tp_widgets":["a:2:{s:7:\"widgets\";a:6:{i:0;s:18:\"plus-list-skeleton\";i:1;s:22:\"plus-listing-load-more\";i:2;s:18:\"plus-listing-metro\";i:3;s:18:\"tp-product-listout\";i:4;s:17:\"tp-single-style_1\";i:5;s:19:\"tp-woo-single-image\";}s:9:\"update_at\";s:10:\"1776541402\";}"],"_elementor_page_assets":["a:0:{}"],"_elementor_css":["a:7:{s:4:\"time\";i:1776626215;s:5:\"fonts\";a:0:{}s:5:\"icons\";a:0:{}s:20:\"dynamic_elements_ids\";a:0:{}s:6:\"status\";s:5:\"empty\";i:0;s:0:\"\";s:3:\"css\";s:0:\"\";}"],"_wc_rating_count":[""],"_wc_review_count":[""],"_wc_average_rating":[0]},"uagb_featured_image_src":{"full":["https:\/\/xstone.group\/wp-content\/uploads\/2025\/11\/XStone-Texture-WOO-1.webp",1920,1920,false],"thumbnail":["https:\/\/xstone.group\/wp-content\/uploads\/2025\/11\/XStone-Texture-WOO-1-150x150.webp",150,150,true],"medium":["https:\/\/xstone.group\/wp-content\/uploads\/2025\/11\/XStone-Texture-WOO-1-300x300.webp",300,300,true],"medium_large":["https:\/\/xstone.group\/wp-content\/uploads\/2025\/11\/XStone-Texture-WOO-1-768x768.webp",768,768,true],"large":["https:\/\/xstone.group\/wp-content\/uploads\/2025\/11\/XStone-Texture-WOO-1-1024x1024.webp",1024,1024,true],"1536x1536":["https:\/\/xstone.group\/wp-content\/uploads\/2025\/11\/XStone-Texture-WOO-1-1536x1536.webp",1536,1536,true],"2048x2048":["https:\/\/xstone.group\/wp-content\/uploads\/2025\/11\/XStone-Texture-WOO-1.webp",1920,1920,false],"tp-image-grid":["https:\/\/xstone.group\/wp-content\/uploads\/2025\/11\/XStone-Texture-WOO-1-700x700.webp",700,700,true],"tenweb_optimizer_mobile":["https:\/\/xstone.group\/wp-content\/uploads\/2025\/11\/XStone-Texture-WOO-1-600x600.webp",600,600,true],"tenweb_optimizer_tablet":["https:\/\/xstone.group\/wp-content\/uploads\/2025\/11\/XStone-Texture-WOO-1-768x768.webp",768,768,true],"woocommerce_thumbnail":["https:\/\/xstone.group\/wp-content\/uploads\/2025\/11\/XStone-Texture-WOO-1-300x300.webp",300,300,true],"woocommerce_single":["https:\/\/xstone.group\/wp-content\/uploads\/2025\/11\/XStone-Texture-WOO-1-600x600.webp",600,600,true],"woocommerce_gallery_thumbnail":["https:\/\/xstone.group\/wp-content\/uploads\/2025\/11\/XStone-Texture-WOO-1-100x100.webp",100,100,true]},"uagb_author_info":{"display_name":"laurent.gomez@xstone.group","author_link":"https:\/\/xstone.group\/cs\/author\/"},"uagb_comment_info":0,"uagb_excerpt":"D\u0159evo WOODEN zachycuje tichou eleganci p\u0159\u00edrodn\u00edch vl\u00e1ken, kter\u00e1 plynou v jemn\u00fdch vodorovn\u00fdch vrstv\u00e1ch a navozuj\u00ed pocit opracovan\u00fdch prken tvarovan\u00fdch \u010dasem a zru\u010dn\u00fdma rukama. Jeho jemn\u00e1 line\u00e1rn\u00ed struktura vn\u00e1\u0161\u00ed do prostoru teplo, klid a pocit autenticity a vytv\u00e1\u0159\u00ed atmosf\u00e9ru, kter\u00e1 p\u016fsob\u00ed uzemn\u011bn\u011b, p\u0159\u00edv\u011btiv\u011b a jemn\u011b architektonicky.","_links":{"self":[{"href":"https:\/\/xstone.group\/cs\/wp-json\/wp\/v2\/product\/25129","targetHints":{"allow":["GET"]}}],"collection":[{"href":"https:\/\/xstone.group\/cs\/wp-json\/wp\/v2\/product"}],"about":[{"href":"https:\/\/xstone.group\/cs\/wp-json\/wp\/v2\/types\/product"}],"replies":[{"embeddable":true,"href":"https:\/\/xstone.group\/cs\/wp-json\/wp\/v2\/comments?post=25129"}],"wp:featuredmedia":[{"embeddable":true,"href":"https:\/\/xstone.group\/cs\/wp-json\/wp\/v2\/media\/25130"}],"wp:attachment":[{"href":"https:\/\/xstone.group\/cs\/wp-json\/wp\/v2\/media?parent=25129"}],"wp:term":[{"taxonomy":"product_brand","embeddable":true,"href":"https:\/\/xstone.group\/cs\/wp-json\/wp\/v2\/product_brand?post=25129"},{"taxonomy":"product_cat","embeddable":true,"href":"https:\/\/xstone.group\/cs\/wp-json\/wp\/v2\/product_cat?post=25129"},{"taxonomy":"product_tag","embeddable":true,"href":"https:\/\/xstone.group\/cs\/wp-json\/wp\/v2\/product_tag?post=25129"}],"curies":[{"name":"wp","href":"https:\/\/api.w.org\/{rel}","templated":true}]}}