{"id":25271,"date":"2025-11-29T19:37:47","date_gmt":"2025-11-29T19:37:47","guid":{"rendered":"https:\/\/xstone.group\/product\/etc-etics\/"},"modified":"2025-11-29T19:37:47","modified_gmt":"2025-11-29T19:37:47","slug":"etc-etics","status":"publish","type":"product","link":"https:\/\/xstone.group\/cs\/product\/etc-etics\/","title":{"rendered":"ETC | ETICS"},"content":{"rendered":"<p data-start=\"343\" data-end=\"779\">ETICS (External Thermal Insulation Composite Systems), zn\u00e1m\u00fd tak\u00e9 jako EIFS, v kombinaci s izolac\u00ed z p\u011bnov\u00e9ho polystyrenu (EPS) a <strong data-start=\"556\" data-end=\"593\">povrchovou \u00fapravou z miner\u00e1ln\u00edch lamin\u00e1t\u016f XSTONE<\/strong> p\u0159edstavuje pokro\u010dil\u00e9 \u0159e\u0161en\u00ed pro vysoce v\u00fdkonn\u00e9 obvodov\u00e9 pl\u00e1\u0161t\u011b budov. Tento syst\u00e9m spojuje tepelnou \u00fa\u010dinnost, trvanlivost a prvot\u0159\u00eddn\u00ed architektonick\u00fd design prost\u0159ednictv\u00edm skute\u010dn\u00fdch miner\u00e1ln\u00edch povrch\u016f. <\/p>\n<p data-start=\"781\" data-end=\"1659\">Mezi hlavn\u00ed v\u00fdhody pat\u0159\u00ed:<br data-start=\"804\" data-end=\"807\">&#8211; Vynikaj\u00edc\u00ed tepeln\u00e1 izolace: EPS desky v\u00fdrazn\u011b sni\u017euj\u00ed tepeln\u00e9 ztr\u00e1ty a zlep\u0161uj\u00ed energetickou \u00fa\u010dinnost.<br data-start=\"911\" data-end=\"914\">&#8211; Lehk\u00fd syst\u00e9m: N\u00edzk\u00e9 zat\u00ed\u017een\u00ed konstrukce, ide\u00e1ln\u00ed pro novostavby i rekonstrukce.<br data-start=\"1013\" data-end=\"1016\">&#8211; Zv\u00fd\u0161en\u00fd po\u017e\u00e1rn\u00ed v\u00fdkon: Syst\u00e9mov\u00e9 konfigurace v\u010detn\u011b miner\u00e1ln\u00edho lamin\u00e1tu XSTONE mohou dos\u00e1hnout klasifikace a\u017e A2-s1,d0.<br data-start=\"1144\" data-end=\"1147\">&#8211; Vynikaj\u00edc\u00ed odolnost proti pov\u011btrnostn\u00edm vliv\u016fm a UV z\u00e1\u0159en\u00ed: Miner\u00e1ln\u00ed lamin\u00e1t XSTONE je dlouhodob\u011b odoln\u00fd v\u016f\u010di UV z\u00e1\u0159en\u00ed, vlhkosti a vn\u011bj\u0161\u00edm klimatick\u00fdm podm\u00ednk\u00e1m.<br data-start=\"1289\" data-end=\"1292\">&#8211; Estetick\u00e1 povrchov\u00e1 \u00faprava Premium: s vysokou flexibilitou designu.<br data-start=\"1410\" data-end=\"1413\">&#8211; Efektivita n\u00e1klad\u016f: Optimalizovan\u00e1 doba instalace a men\u0161\u00ed konstruk\u010dn\u00ed omezen\u00ed ve srovn\u00e1n\u00ed s tradi\u010dn\u00edmi kamenn\u00fdmi fas\u00e1dami.<br data-start=\"1533\" data-end=\"1536\">&#8211; Akustick\u00fd p\u0159\u00edsp\u011bvek: Zlep\u0161en\u00e9 akustick\u00e9 vlastnosti fas\u00e1dy v kombinaci s vyztu\u017een\u00fdmi vrstvami a miner\u00e1ln\u00ed povrchovou \u00fapravou.<\/p>\n","protected":false},"excerpt":{"rendered":"<p>ETICS (External Thermal Insulation Composite Systems), zn\u00e1m\u00fd tak\u00e9 jako EIFS, v kombinaci s izolac\u00ed z p\u011bnov\u00e9ho polystyrenu (EPS) a povrchovou \u00fapravou z miner\u00e1ln\u00edch lamin\u00e1t\u016f XSTONE p\u0159edstavuje pokro\u010dil\u00e9 \u0159e\u0161en\u00ed pro vysoce v\u00fdkonn\u00e9 obvodov\u00e9 pl\u00e1\u0161t\u011b budov. Tento syst\u00e9m spojuje tepelnou \u00fa\u010dinnost, trvanlivost a prvot\u0159\u00eddn\u00ed architektonick\u00fd design prost\u0159ednictv\u00edm skute\u010dn\u00fdch miner\u00e1ln\u00edch povrch\u016f. Mezi hlavn\u00ed v\u00fdhody pat\u0159\u00ed:&#8211; Vynikaj\u00edc\u00ed tepeln\u00e1 izolace: [&hellip;]<\/p>\n","protected":false},"featured_media":25279,"comment_status":"open","ping_status":"closed","template":"","meta":{"_acf_changed":false,"_uag_custom_page_level_css":"","site-sidebar-layout":"default","site-content-layout":"","ast-site-content-layout":"default","site-content-style":"default","site-sidebar-style":"default","ast-global-header-display":"","ast-banner-title-visibility":"","ast-main-header-display":"","ast-hfb-above-header-display":"","ast-hfb-below-header-display":"","ast-hfb-mobile-header-display":"","site-post-title":"","ast-breadcrumbs-content":"","ast-featured-img":"","footer-sml-layout":"","theme-transparent-header-meta":"default","adv-header-id-meta":"","stick-header-meta":"default","header-above-stick-meta":"","header-main-stick-meta":"","header-below-stick-meta":"","astra-migrate-meta-layouts":"default","ast-page-background-enabled":"default","ast-page-background-meta":{"desktop":{"background-color":"var(--ast-global-color-4)","background-image":"","background-repeat":"repeat","background-position":"center center","background-size":"auto","background-attachment":"scroll","background-type":"","background-media":"","overlay-type":"","overlay-color":"","overlay-opacity":"","overlay-gradient":""},"tablet":{"background-color":"","background-image":"","background-repeat":"repeat","background-position":"center center","background-size":"auto","background-attachment":"scroll","background-type":"","background-media":"","overlay-type":"","overlay-color":"","overlay-opacity":"","overlay-gradient":""},"mobile":{"background-color":"","background-image":"","background-repeat":"repeat","background-position":"center center","background-size":"auto","background-attachment":"scroll","background-type":"","background-media":"","overlay-type":"","overlay-color":"","overlay-opacity":"","overlay-gradient":""}},"ast-content-background-meta":{"desktop":{"background-color":"var(--ast-global-color-5)","background-image":"","background-repeat":"repeat","background-position":"center center","background-size":"auto","background-attachment":"scroll","background-type":"","background-media":"","overlay-type":"","overlay-color":"","overlay-opacity":"","overlay-gradient":""},"tablet":{"background-color":"var(--ast-global-color-5)","background-image":"","background-repeat":"repeat","background-position":"center center","background-size":"auto","background-attachment":"scroll","background-type":"","background-media":"","overlay-type":"","overlay-color":"","overlay-opacity":"","overlay-gradient":""},"mobile":{"background-color":"var(--ast-global-color-5)","background-image":"","background-repeat":"repeat","background-position":"center center","background-size":"auto","background-attachment":"scroll","background-type":"","background-media":"","overlay-type":"","overlay-color":"","overlay-opacity":"","overlay-gradient":""}}},"product_brand":[],"product_cat":[8734],"product_tag":[9187,9194,9180,9191,9185,9182,9186,9190,9192,9183,9196,9198,9188,1882,9181,9195,9193,9189,9184,9197,6605],"class_list":{"0":"post-25271","1":"product","2":"type-product","3":"status-publish","4":"has-post-thumbnail","6":"product_cat-backing","7":"product_tag-a2-s1-d0","8":"product_tag-architectural-facade-design","9":"product_tag-etics-facade","10":"product_tag-leed-facade","11":"product_tag-facade-system","12":"product_tag-eps-insulation","13":"product_tag-lightweight-facade","14":"product_tag-breeam-materials","15":"product_tag-low-voc-materials","16":"product_tag-mineral-laminate","17":"product_tag-mineral-surface-cladding","18":"product_tag-comp-backing-15493","19":"product_tag-fire-resistant-facade","20":"product_tag-flexible-stone-veneer","21":"product_tag-eifs-system","22":"product_tag-exterior-wall-system","23":"product_tag-thermal-insulation-system","24":"product_tag-sustainable-facade","25":"product_tag-exterior-cladding","26":"product_tag-high-performance-facade","27":"product_tag-xstone","28":"desktop-align-left","29":"tablet-align-left","30":"mobile-align-left","32":"first","33":"instock","34":"shipping-taxable","35":"product-type-simple"},"acf":[],"yoast_head":"<!-- This site is optimized with the Yoast SEO Premium plugin v27.4 (Yoast SEO v27.4) - https:\/\/yoast.com\/product\/yoast-seo-premium-wordpress\/ -->\n<title>ETC | ETICS - XSTONE<\/title>\n<meta name=\"description\" content=\"Vysoce v\u00fdkonn\u00e1 fas\u00e1da ETICS s izolac\u00ed EPS a miner\u00e1ln\u00edm lamin\u00e1tem XSTONE. Lehk\u00e9, odoln\u00e9, po\u017e\u00e1rn\u011b odoln\u00e9 \u0159e\u0161en\u00ed B-s1,d0 s udr\u017eiteln\u00fdm designem.\" \/>\n<meta name=\"robots\" content=\"index, follow, max-snippet:-1, max-image-preview:large, max-video-preview:-1\" \/>\n<link rel=\"canonical\" href=\"https:\/\/xstone.group\/cs\/product\/etc-etics\/\" \/>\n<meta property=\"og:locale\" content=\"cs_CZ\" \/>\n<meta property=\"og:type\" content=\"article\" \/>\n<meta property=\"og:title\" content=\"ETC | ETICS\" \/>\n<meta property=\"og:description\" content=\"Vysoce v\u00fdkonn\u00e1 fas\u00e1da ETICS s izolac\u00ed EPS a miner\u00e1ln\u00edm lamin\u00e1tem XSTONE. Lehk\u00e9, odoln\u00e9, po\u017e\u00e1rn\u011b odoln\u00e9 \u0159e\u0161en\u00ed B-s1,d0 s udr\u017eiteln\u00fdm designem.\" \/>\n<meta property=\"og:url\" content=\"https:\/\/xstone.group\/cs\/product\/etc-etics\/\" \/>\n<meta property=\"og:site_name\" content=\"XSTONE\" \/>\n<meta property=\"article:publisher\" content=\"https:\/\/www.facebook.com\/Xstonesurfaces1\/\" \/>\n<meta property=\"og:image\" content=\"https:\/\/xstone.group\/wp-content\/uploads\/2025\/11\/ETICS.webp\" \/>\n\t<meta property=\"og:image:width\" content=\"1512\" \/>\n\t<meta property=\"og:image:height\" content=\"1512\" \/>\n\t<meta property=\"og:image:type\" content=\"image\/webp\" \/>\n<meta name=\"twitter:card\" content=\"summary_large_image\" \/>\n<meta name=\"twitter:label1\" content=\"Odhadovan\u00e1 doba \u010dten\u00ed\" \/>\n\t<meta name=\"twitter:data1\" content=\"1 minuta\" \/>\n<script type=\"application\/ld+json\" class=\"yoast-schema-graph\">{\"@context\":\"https:\\\/\\\/schema.org\",\"@graph\":[{\"@type\":\"WebPage\",\"@id\":\"https:\\\/\\\/xstone.group\\\/cs\\\/product\\\/etc-etics\\\/\",\"url\":\"https:\\\/\\\/xstone.group\\\/cs\\\/product\\\/etc-etics\\\/\",\"name\":\"ETC | ETICS - XSTONE\",\"isPartOf\":{\"@id\":\"https:\\\/\\\/xstone.group\\\/cs\\\/#website\"},\"primaryImageOfPage\":{\"@id\":\"https:\\\/\\\/xstone.group\\\/cs\\\/product\\\/etc-etics\\\/#primaryimage\"},\"image\":{\"@id\":\"https:\\\/\\\/xstone.group\\\/cs\\\/product\\\/etc-etics\\\/#primaryimage\"},\"thumbnailUrl\":\"https:\\\/\\\/xstone.group\\\/wp-content\\\/uploads\\\/2025\\\/11\\\/ETICS.webp\",\"datePublished\":\"2025-11-29T19:37:47+00:00\",\"description\":\"Vysoce v\u00fdkonn\u00e1 fas\u00e1da ETICS s izolac\u00ed EPS a miner\u00e1ln\u00edm lamin\u00e1tem XSTONE. Lehk\u00e9, odoln\u00e9, po\u017e\u00e1rn\u011b odoln\u00e9 \u0159e\u0161en\u00ed B-s1,d0 s udr\u017eiteln\u00fdm designem.\",\"breadcrumb\":{\"@id\":\"https:\\\/\\\/xstone.group\\\/cs\\\/product\\\/etc-etics\\\/#breadcrumb\"},\"inLanguage\":\"cs\",\"potentialAction\":[{\"@type\":\"ReadAction\",\"target\":[\"https:\\\/\\\/xstone.group\\\/cs\\\/product\\\/etc-etics\\\/\"]}]},{\"@type\":\"ImageObject\",\"inLanguage\":\"cs\",\"@id\":\"https:\\\/\\\/xstone.group\\\/cs\\\/product\\\/etc-etics\\\/#primaryimage\",\"url\":\"https:\\\/\\\/xstone.group\\\/wp-content\\\/uploads\\\/2025\\\/11\\\/ETICS.webp\",\"contentUrl\":\"https:\\\/\\\/xstone.group\\\/wp-content\\\/uploads\\\/2025\\\/11\\\/ETICS.webp\",\"width\":1512,\"height\":1512},{\"@type\":\"BreadcrumbList\",\"@id\":\"https:\\\/\\\/xstone.group\\\/cs\\\/product\\\/etc-etics\\\/#breadcrumb\",\"itemListElement\":[{\"@type\":\"ListItem\",\"position\":1,\"name\":\"Home\",\"item\":\"https:\\\/\\\/xstone.group\\\/cs\\\/\"},{\"@type\":\"ListItem\",\"position\":2,\"name\":\"Produkty\",\"item\":\"https:\\\/\\\/xstone.group\\\/cs\\\/shop\\\/\"},{\"@type\":\"ListItem\",\"position\":3,\"name\":\"ETC | ETICS\"}]},{\"@type\":\"WebSite\",\"@id\":\"https:\\\/\\\/xstone.group\\\/cs\\\/#website\",\"url\":\"https:\\\/\\\/xstone.group\\\/cs\\\/\",\"name\":\"XSTONE\",\"description\":\"Autentick\u00e1 a neomezen\u00e1 kr\u00e1sa miner\u00e1l\u016f, nespoutan\u00e1 gravitac\u00ed\",\"potentialAction\":[{\"@type\":\"SearchAction\",\"target\":{\"@type\":\"EntryPoint\",\"urlTemplate\":\"https:\\\/\\\/xstone.group\\\/cs\\\/?s={search_term_string}\"},\"query-input\":{\"@type\":\"PropertyValueSpecification\",\"valueRequired\":true,\"valueName\":\"search_term_string\"}}],\"inLanguage\":\"cs\"}]}<\/script>\n<!-- \/ Yoast SEO Premium plugin. -->","yoast_head_json":{"title":"ETC | ETICS - XSTONE","description":"Vysoce v\u00fdkonn\u00e1 fas\u00e1da ETICS s izolac\u00ed EPS a miner\u00e1ln\u00edm lamin\u00e1tem XSTONE. Lehk\u00e9, odoln\u00e9, po\u017e\u00e1rn\u011b odoln\u00e9 \u0159e\u0161en\u00ed B-s1,d0 s udr\u017eiteln\u00fdm designem.","robots":{"index":"index","follow":"follow","max-snippet":"max-snippet:-1","max-image-preview":"max-image-preview:large","max-video-preview":"max-video-preview:-1"},"canonical":"https:\/\/xstone.group\/cs\/product\/etc-etics\/","og_locale":"cs_CZ","og_type":"article","og_title":"ETC | ETICS","og_description":"Vysoce v\u00fdkonn\u00e1 fas\u00e1da ETICS s izolac\u00ed EPS a miner\u00e1ln\u00edm lamin\u00e1tem XSTONE. Lehk\u00e9, odoln\u00e9, po\u017e\u00e1rn\u011b odoln\u00e9 \u0159e\u0161en\u00ed B-s1,d0 s udr\u017eiteln\u00fdm designem.","og_url":"https:\/\/xstone.group\/cs\/product\/etc-etics\/","og_site_name":"XSTONE","article_publisher":"https:\/\/www.facebook.com\/Xstonesurfaces1\/","og_image":[{"width":1512,"height":1512,"url":"https:\/\/xstone.group\/wp-content\/uploads\/2025\/11\/ETICS.webp","type":"image\/webp"}],"twitter_card":"summary_large_image","twitter_misc":{"Odhadovan\u00e1 doba \u010dten\u00ed":"1 minuta"},"schema":{"@context":"https:\/\/schema.org","@graph":[{"@type":"WebPage","@id":"https:\/\/xstone.group\/cs\/product\/etc-etics\/","url":"https:\/\/xstone.group\/cs\/product\/etc-etics\/","name":"ETC | ETICS - XSTONE","isPartOf":{"@id":"https:\/\/xstone.group\/cs\/#website"},"primaryImageOfPage":{"@id":"https:\/\/xstone.group\/cs\/product\/etc-etics\/#primaryimage"},"image":{"@id":"https:\/\/xstone.group\/cs\/product\/etc-etics\/#primaryimage"},"thumbnailUrl":"https:\/\/xstone.group\/wp-content\/uploads\/2025\/11\/ETICS.webp","datePublished":"2025-11-29T19:37:47+00:00","description":"Vysoce v\u00fdkonn\u00e1 fas\u00e1da ETICS s izolac\u00ed EPS a miner\u00e1ln\u00edm lamin\u00e1tem XSTONE. Lehk\u00e9, odoln\u00e9, po\u017e\u00e1rn\u011b odoln\u00e9 \u0159e\u0161en\u00ed B-s1,d0 s udr\u017eiteln\u00fdm designem.","breadcrumb":{"@id":"https:\/\/xstone.group\/cs\/product\/etc-etics\/#breadcrumb"},"inLanguage":"cs","potentialAction":[{"@type":"ReadAction","target":["https:\/\/xstone.group\/cs\/product\/etc-etics\/"]}]},{"@type":"ImageObject","inLanguage":"cs","@id":"https:\/\/xstone.group\/cs\/product\/etc-etics\/#primaryimage","url":"https:\/\/xstone.group\/wp-content\/uploads\/2025\/11\/ETICS.webp","contentUrl":"https:\/\/xstone.group\/wp-content\/uploads\/2025\/11\/ETICS.webp","width":1512,"height":1512},{"@type":"BreadcrumbList","@id":"https:\/\/xstone.group\/cs\/product\/etc-etics\/#breadcrumb","itemListElement":[{"@type":"ListItem","position":1,"name":"Home","item":"https:\/\/xstone.group\/cs\/"},{"@type":"ListItem","position":2,"name":"Produkty","item":"https:\/\/xstone.group\/cs\/shop\/"},{"@type":"ListItem","position":3,"name":"ETC | ETICS"}]},{"@type":"WebSite","@id":"https:\/\/xstone.group\/cs\/#website","url":"https:\/\/xstone.group\/cs\/","name":"XSTONE","description":"Autentick\u00e1 a neomezen\u00e1 kr\u00e1sa miner\u00e1l\u016f, nespoutan\u00e1 gravitac\u00ed","potentialAction":[{"@type":"SearchAction","target":{"@type":"EntryPoint","urlTemplate":"https:\/\/xstone.group\/cs\/?s={search_term_string}"},"query-input":{"@type":"PropertyValueSpecification","valueRequired":true,"valueName":"search_term_string"}}],"inLanguage":"cs"}]}},"spectra_custom_meta":{"_last_translation_edit_mode":["translation-editor"],"_product_attributes":["a:5:{s:11:\"composition\";a:6:{s:4:\"name\";s:11:\"Composition\";s:5:\"value\";s:276:\"Konstruk\u010dn\u00ed podklad (beton\/zdivo) + lepic\u00ed malta + izola\u010dn\u00ed desky EPS + cementov\u00fd podkladov\u00fd n\u00e1t\u011br + s\u00ed\u0165ovina ze sklen\u011bn\u00fdch vl\u00e1ken + dokon\u010dovac\u00ed podkladov\u00fd n\u00e1t\u011br + miner\u00e1ln\u00ed lamin\u00e1t XSTONE (pru\u017en\u00e1 miner\u00e1ln\u00ed d\u00fdha s podkladem ze sklen\u011bn\u00fdch vl\u00e1ken).\";s:8:\"position\";i:0;s:10:\"is_visible\";i:1;s:12:\"is_variation\";i:0;s:11:\"is_taxonomy\";i:0;}s:8:\"features\";a:6:{s:4:\"name\";s:8:\"Features\";s:5:\"value\";s:406:\"Vysok\u00e9 tepeln\u011bizola\u010dn\u00ed vlastnosti\nUltralehk\u00fd fas\u00e1dn\u00ed syst\u00e9m\nSkute\u010dn\u00fd miner\u00e1ln\u00ed povrch (k\u00e1men, beton atd.)\nPru\u017en\u00e1 a p\u0159izp\u016fsobiv\u00e1 povrchov\u00e1 vrstva\nVysok\u00e1 odolnost proti UV z\u00e1\u0159en\u00ed a pov\u011btrnostn\u00edm vliv\u016fm\nOdolnost proti prasklin\u00e1m (syst\u00e9m vyztu\u017een\u00fdch s\u00edt\u00ed)\nRychl\u00e1 instalace (aplikace lamin\u00e1tov\u00fdm zp\u016fsobem)\nN\u00edzk\u00fd obsah t\u011bkav\u00fdch organick\u00fdch l\u00e1tek a udr\u017eiteln\u00e9 slo\u017een\u00ed\";s:8:\"position\";i:1;s:10:\"is_visible\";i:1;s:12:\"is_variation\";i:0;s:11:\"is_taxonomy\";i:0;}s:4:\"size\";a:6:{s:4:\"name\";s:4:\"Size\";s:5:\"value\";s:90:\"Lamin\u00e1t XSTONE:\ndesky EPS: obvykle 1000 \u00d7 500 mm (v z\u00e1vislosti na dodavateli\/syst\u00e9mu).\";s:8:\"position\";i:2;s:10:\"is_visible\";i:1;s:12:\"is_variation\";i:0;s:11:\"is_taxonomy\";i:0;}s:9:\"thickness\";a:6:{s:4:\"name\";s:9:\"Thickness\";s:5:\"value\";s:182:\"Izolace EPS: obvykle 20-200 mm (v z\u00e1vislosti na projektu)\nMiner\u00e1ln\u00ed lamin\u00e1t XSTONE: cca 2-2,5 mm\nCelkov\u00e1 tlou\u0161\u0165ka syst\u00e9mu: prom\u011bnliv\u00e1 v z\u00e1vislosti na specifikaci izolace. \";s:8:\"position\";i:3;s:10:\"is_visible\";i:1;s:12:\"is_variation\";i:0;s:11:\"is_taxonomy\";i:0;}s:11:\"fire-rating\";a:6:{s:4:\"name\";s:11:\"Fire Rating\";s:5:\"value\";s:83:\"A\u017e B-s1,d0 (s miner\u00e1ln\u00edm lamin\u00e1tem XSTONE a vyhovuj\u00edc\u00ed konfigurac\u00ed syst\u00e9mu)\";s:8:\"position\";i:4;s:10:\"is_visible\";i:1;s:12:\"is_variation\";i:0;s:11:\"is_taxonomy\";i:0;}}"],"attr_label_translations":["a:1:{s:2:\"cs\";a:5:{s:11:\"composition\";s:9:\"Slo\u017een\u00ed\";s:8:\"features\";s:6:\"Funkce\";s:4:\"size\";s:8:\"Velikost\";s:9:\"thickness\";s:10:\"Tlou\u0161\u0165ka\";s:11:\"fire-rating\";s:19:\"Po\u017e\u00e1rn\u00ed odolnost\";}}"],"_wcml_average_rating":[null],"_wcml_review_count":[null],"_wcml_rating_count":[null],"_yoast_wpseo_primary_product_cat":["331"],"_backorders":["no"],"_download_limit":["-1"],"_download_expiry":["-1"],"_downloadable":["no"],"_manage_stock":["no"],"_sku":["ETC"],"_stock_status":["instock"],"_sold_individually":["no"],"_tax_class":[""],"_tax_status":["taxable"],"_virtual":["no"],"total_sales":["0"],"_wpml_media_duplicate":["1"],"_wpml_media_featured":["1"],"stick-header-meta":["default"],"site-sidebar-layout":["default"],"theme-transparent-header-meta":["default"],"ast-site-content-layout":["default"],"site-content-style":["default"],"site-sidebar-style":["default"],"_yoast_wpseo_metadesc":["Vysoce v\u00fdkonn\u00e1 fas\u00e1da ETICS s izolac\u00ed EPS a miner\u00e1ln\u00edm lamin\u00e1tem XSTONE. Lehk\u00e9, odoln\u00e9, po\u017e\u00e1rn\u011b odoln\u00e9 \u0159e\u0161en\u00ed B-s1,d0 s udr\u017eiteln\u00fdm designem."],"_yoast_wpseo_focuskw":["Vn\u011bj\u0161\u00ed tepeln\u011b izola\u010dn\u00ed kompozitn\u00ed syst\u00e9my"],"_thumbnail_id":["25279"],"_product_image_gallery":[""],"_wpml_word_count":["239"],"_elementor_edit_mode":["builder"],"_selectproduct_layout":["18897"],"woolentor_views_count_product":["4"],"_uag_css_file_name":["uag-css-25271.css"],"_uag_js_file_name":["uag-js-25271.js"],"tp_widgets":["a:2:{s:7:\"widgets\";a:6:{i:0;s:18:\"plus-list-skeleton\";i:1;s:22:\"plus-listing-load-more\";i:2;s:18:\"plus-listing-metro\";i:3;s:18:\"tp-product-listout\";i:4;s:17:\"tp-single-style_1\";i:5;s:19:\"tp-woo-single-image\";}s:9:\"update_at\";s:10:\"1776541402\";}"],"_elementor_page_assets":["a:0:{}"],"_elementor_css":["a:7:{s:4:\"time\";i:1776638989;s:5:\"fonts\";a:0:{}s:5:\"icons\";a:0:{}s:20:\"dynamic_elements_ids\";a:0:{}s:6:\"status\";s:5:\"empty\";i:0;s:0:\"\";s:3:\"css\";s:0:\"\";}"],"_wc_rating_count":[""],"_wc_review_count":[""],"_wc_average_rating":[0]},"uagb_featured_image_src":{"full":["https:\/\/xstone.group\/wp-content\/uploads\/2025\/11\/ETICS.webp",1512,1512,false],"thumbnail":["https:\/\/xstone.group\/wp-content\/uploads\/2025\/11\/ETICS-150x150.webp",150,150,true],"medium":["https:\/\/xstone.group\/wp-content\/uploads\/2025\/11\/ETICS-300x300.webp",300,300,true],"medium_large":["https:\/\/xstone.group\/wp-content\/uploads\/2025\/11\/ETICS-768x768.webp",768,768,true],"large":["https:\/\/xstone.group\/wp-content\/uploads\/2025\/11\/ETICS-1024x1024.webp",1024,1024,true],"1536x1536":["https:\/\/xstone.group\/wp-content\/uploads\/2025\/11\/ETICS.webp",1512,1512,false],"2048x2048":["https:\/\/xstone.group\/wp-content\/uploads\/2025\/11\/ETICS.webp",1512,1512,false],"tp-image-grid":["https:\/\/xstone.group\/wp-content\/uploads\/2025\/11\/ETICS.webp",700,700,false],"tenweb_optimizer_mobile":["https:\/\/xstone.group\/wp-content\/uploads\/2025\/11\/ETICS-600x600.webp",600,600,true],"tenweb_optimizer_tablet":["https:\/\/xstone.group\/wp-content\/uploads\/2025\/11\/ETICS-768x768.webp",768,768,true],"woocommerce_thumbnail":["https:\/\/xstone.group\/wp-content\/uploads\/2025\/11\/ETICS-300x300.webp",300,300,true],"woocommerce_single":["https:\/\/xstone.group\/wp-content\/uploads\/2025\/11\/ETICS-600x600.webp",600,600,true],"woocommerce_gallery_thumbnail":["https:\/\/xstone.group\/wp-content\/uploads\/2025\/11\/ETICS-100x100.webp",100,100,true]},"uagb_author_info":{"display_name":"laurent.gomez@xstone.group","author_link":"https:\/\/xstone.group\/cs\/author\/"},"uagb_comment_info":0,"uagb_excerpt":"ETICS (External Thermal Insulation Composite Systems), zn\u00e1m\u00fd tak\u00e9 jako EIFS, v kombinaci s izolac\u00ed z p\u011bnov\u00e9ho polystyrenu (EPS) a povrchovou \u00fapravou z miner\u00e1ln\u00edch lamin\u00e1t\u016f XSTONE p\u0159edstavuje pokro\u010dil\u00e9 \u0159e\u0161en\u00ed pro vysoce v\u00fdkonn\u00e9 obvodov\u00e9 pl\u00e1\u0161t\u011b budov. Tento syst\u00e9m spojuje tepelnou \u00fa\u010dinnost, trvanlivost a prvot\u0159\u00eddn\u00ed architektonick\u00fd design prost\u0159ednictv\u00edm skute\u010dn\u00fdch miner\u00e1ln\u00edch povrch\u016f. Mezi hlavn\u00ed v\u00fdhody pat\u0159\u00ed:&#8211; Vynikaj\u00edc\u00ed tepeln\u00e1 izolace:&hellip;","_links":{"self":[{"href":"https:\/\/xstone.group\/cs\/wp-json\/wp\/v2\/product\/25271","targetHints":{"allow":["GET"]}}],"collection":[{"href":"https:\/\/xstone.group\/cs\/wp-json\/wp\/v2\/product"}],"about":[{"href":"https:\/\/xstone.group\/cs\/wp-json\/wp\/v2\/types\/product"}],"replies":[{"embeddable":true,"href":"https:\/\/xstone.group\/cs\/wp-json\/wp\/v2\/comments?post=25271"}],"wp:featuredmedia":[{"embeddable":true,"href":"https:\/\/xstone.group\/cs\/wp-json\/wp\/v2\/media\/25279"}],"wp:attachment":[{"href":"https:\/\/xstone.group\/cs\/wp-json\/wp\/v2\/media?parent=25271"}],"wp:term":[{"taxonomy":"product_brand","embeddable":true,"href":"https:\/\/xstone.group\/cs\/wp-json\/wp\/v2\/product_brand?post=25271"},{"taxonomy":"product_cat","embeddable":true,"href":"https:\/\/xstone.group\/cs\/wp-json\/wp\/v2\/product_cat?post=25271"},{"taxonomy":"product_tag","embeddable":true,"href":"https:\/\/xstone.group\/cs\/wp-json\/wp\/v2\/product_tag?post=25271"}],"curies":[{"name":"wp","href":"https:\/\/api.w.org\/{rel}","templated":true}]}}