{"id":25517,"date":"2025-11-29T19:44:32","date_gmt":"2025-11-29T19:44:32","guid":{"rendered":"https:\/\/xstone.group\/product\/apt-akusticky-pet\/"},"modified":"2025-11-29T19:44:32","modified_gmt":"2025-11-29T19:44:32","slug":"apt-acoustic-pet","status":"publish","type":"product","link":"https:\/\/xstone.group\/cs\/product\/apt-acoustic-pet\/","title":{"rendered":"APT | Akustick\u00fd PET"},"content":{"rendered":"<p data-start=\"180\" data-end=\"444\">Akustick\u00e9 panely PET vypr\u00e1v\u011bj\u00ed jednoduch\u00fd, ale siln\u00fd p\u0159\u00edb\u011bh: p\u0159\u00edb\u011bh transformace.<br data-start=\"262\" data-end=\"265\">Z kdysi vy\u0159azen\u00e9ho plastu se st\u00e1v\u00e1 u\u017eite\u010dn\u00fd, kr\u00e1sn\u00fd a vysoce v\u00fdkonn\u00fd materi\u00e1l, kter\u00fd dok\u00e1\u017ee zklidnit prostory, u\u010dinit je lid\u0161t\u011bj\u0161\u00edmi a p\u0159\u00edjemn\u011bj\u0161\u00edmi pro \u017eivot i pr\u00e1ci.<\/p>\n<p data-start=\"446\" data-end=\"844\">Proces za\u010d\u00edn\u00e1 sb\u011brem pou\u017eit\u00fdch plastov\u00fdch lahv\u00ed, kter\u00e9 se t\u0159\u00edd\u00ed, \u010dist\u00ed a zpracov\u00e1vaj\u00ed na jemn\u00e1 polyesterov\u00e1 vl\u00e1kna. Tato vl\u00e1kna se pot\u00e9 vrstv\u00ed, zhut\u0148uj\u00ed a tepeln\u011b stabilizuj\u00ed, aby vytvo\u0159ila strukturu podobnou plsti, kter\u00e1 je hust\u00e1 a z\u00e1rove\u0148 por\u00e9zn\u00ed. Tato jedine\u010dn\u00e1 struktura umo\u017e\u0148uje panelu zachycovat zvukovou energii, rozptylovat ji a v\u00fdrazn\u011b sni\u017eovat dozvuk a okoln\u00ed hluk.  <\/p>\n<p data-start=\"846\" data-end=\"1194\">V\u00fdsledkem je materi\u00e1l, kter\u00fd je lehk\u00fd a z\u00e1rove\u0148 odoln\u00fd, m\u011bkk\u00fd na dotek a z\u00e1rove\u0148 technicky v\u00fdkonn\u00fd. Pohlcuje zvuk, ani\u017e by dusil prostor, vytv\u00e1\u0159\u00ed pohodl\u00ed, ani\u017e by omezoval, a zlep\u0161uje akustickou kvalitu, ani\u017e by se vizu\u00e1ln\u011b vnucoval. P\u016fsob\u00ed jako regul\u00e1tor ticha &#8211; zklid\u0148uje prost\u0159ed\u00ed a z\u00e1rove\u0148 zachov\u00e1v\u00e1 jeho architektonickou integritu.  <\/p>\n<p data-start=\"1196\" data-end=\"1475\">Krom\u011b akustick\u00e9ho v\u00fdkonu m\u00e1 PET \u0161ir\u0161\u00ed v\u00fdznam. Odr\u00e1\u017e\u00ed nov\u00fd zp\u016fsob uva\u017eov\u00e1n\u00ed o materi\u00e1lech: kruhov\u00fd, odpov\u011bdn\u00fd a inteligentn\u00ed. Materi\u00e1l, kter\u00fd ne\u0159e\u0161\u00ed pouze technick\u00fd probl\u00e9m, ale p\u0159isp\u00edv\u00e1 k udr\u017eiteln\u011bj\u0161\u00ed vizi designu a konstrukce.  <\/p>\n<p data-start=\"1477\" data-end=\"1699\" data-is-last-node=\"\" data-is-only-node=\"\">Akustick\u00e9 panely PET jsou tedy v\u00edce ne\u017e jen akustick\u00e1 \u0159e\u0161en\u00ed.<br data-start=\"1540\" data-end=\"1543\">Jsou to povrchy, kter\u00e9 m\u011bn\u00ed hluk v klid, chaos v jasnost a oby\u010dejn\u00e9 prostory v m\u00edsta, kde se lidem l\u00e9pe d\u00fdch\u00e1, l\u00e9pe p\u0159em\u00fd\u0161l\u00ed a l\u00e9pe pracuje.<\/p>\n","protected":false},"excerpt":{"rendered":"<p>Akustick\u00e9 panely PET vypr\u00e1v\u011bj\u00ed jednoduch\u00fd, ale siln\u00fd p\u0159\u00edb\u011bh: p\u0159\u00edb\u011bh transformace.Z kdysi vy\u0159azen\u00e9ho plastu se st\u00e1v\u00e1 u\u017eite\u010dn\u00fd, kr\u00e1sn\u00fd a vysoce v\u00fdkonn\u00fd materi\u00e1l, kter\u00fd dok\u00e1\u017ee zklidnit prostory, u\u010dinit je lid\u0161t\u011bj\u0161\u00edmi a p\u0159\u00edjemn\u011bj\u0161\u00edmi pro \u017eivot i pr\u00e1ci. Proces za\u010d\u00edn\u00e1 sb\u011brem pou\u017eit\u00fdch plastov\u00fdch lahv\u00ed, kter\u00e9 se t\u0159\u00edd\u00ed, \u010dist\u00ed a zpracov\u00e1vaj\u00ed na jemn\u00e1 polyesterov\u00e1 vl\u00e1kna. Tato vl\u00e1kna se pot\u00e9 vrstv\u00ed, [&hellip;]<\/p>\n","protected":false},"featured_media":25543,"comment_status":"open","ping_status":"closed","template":"","meta":{"_acf_changed":false,"_uag_custom_page_level_css":"","site-sidebar-layout":"default","site-content-layout":"","ast-site-content-layout":"default","site-content-style":"default","site-sidebar-style":"default","ast-global-header-display":"","ast-banner-title-visibility":"","ast-main-header-display":"","ast-hfb-above-header-display":"","ast-hfb-below-header-display":"","ast-hfb-mobile-header-display":"","site-post-title":"","ast-breadcrumbs-content":"","ast-featured-img":"","footer-sml-layout":"","theme-transparent-header-meta":"default","adv-header-id-meta":"","stick-header-meta":"default","header-above-stick-meta":"","header-main-stick-meta":"","header-below-stick-meta":"","astra-migrate-meta-layouts":"default","ast-page-background-enabled":"default","ast-page-background-meta":{"desktop":{"background-color":"var(--ast-global-color-4)","background-image":"","background-repeat":"repeat","background-position":"center center","background-size":"auto","background-attachment":"scroll","background-type":"","background-media":"","overlay-type":"","overlay-color":"","overlay-opacity":"","overlay-gradient":""},"tablet":{"background-color":"","background-image":"","background-repeat":"repeat","background-position":"center center","background-size":"auto","background-attachment":"scroll","background-type":"","background-media":"","overlay-type":"","overlay-color":"","overlay-opacity":"","overlay-gradient":""},"mobile":{"background-color":"","background-image":"","background-repeat":"repeat","background-position":"center center","background-size":"auto","background-attachment":"scroll","background-type":"","background-media":"","overlay-type":"","overlay-color":"","overlay-opacity":"","overlay-gradient":""}},"ast-content-background-meta":{"desktop":{"background-color":"var(--ast-global-color-5)","background-image":"","background-repeat":"repeat","background-position":"center center","background-size":"auto","background-attachment":"scroll","background-type":"","background-media":"","overlay-type":"","overlay-color":"","overlay-opacity":"","overlay-gradient":""},"tablet":{"background-color":"var(--ast-global-color-5)","background-image":"","background-repeat":"repeat","background-position":"center center","background-size":"auto","background-attachment":"scroll","background-type":"","background-media":"","overlay-type":"","overlay-color":"","overlay-opacity":"","overlay-gradient":""},"mobile":{"background-color":"var(--ast-global-color-5)","background-image":"","background-repeat":"repeat","background-position":"center center","background-size":"auto","background-attachment":"scroll","background-type":"","background-media":"","overlay-type":"","overlay-color":"","overlay-opacity":"","overlay-gradient":""}}},"product_brand":[],"product_cat":[8734],"product_tag":[9411,9421,9435,9427,9417,9419,9433,9429,9423,9425,9413,3457,9412,9431,9415],"class_list":{"0":"post-25517","1":"product","2":"type-product","3":"status-publish","4":"has-post-thumbnail","6":"product_cat-backing","7":"product_tag-pet-acoustic-panels","8":"product_tag-acoustic-panels-for-schools","9":"product_tag-acoustic-wall-surfaces","10":"product_tag-acoustic-comfort","11":"product_tag-office-acoustics","12":"product_tag-open-office-acoustics","13":"product_tag-architectural-acoustics","14":"product_tag-biophilic-acoustic-design","15":"product_tag-decorative-acoustic-panels","16":"product_tag-lightweight-acoustic-panels","17":"product_tag-sound-absorbing-panels","18":"product_tag-comp-backing-15500","19":"product_tag-recycled-pet-acoustic-panels","20":"product_tag-recycled-plastic-panels","21":"product_tag-sustainable-acoustic-panels","22":"desktop-align-left","23":"tablet-align-left","24":"mobile-align-left","26":"first","27":"instock","28":"shipping-taxable","29":"product-type-simple"},"acf":[],"yoast_head":"<!-- This site is optimized with the Yoast SEO Premium plugin v27.4 (Yoast SEO v27.4) - https:\/\/yoast.com\/product\/yoast-seo-premium-wordpress\/ -->\n<title>APT | Akustick\u00fd PET - XSTONE<\/title>\n<meta name=\"description\" content=\"Vysoce v\u00fdkonn\u00e9 akustick\u00e9 panely PET vyroben\u00e9 z recyklovan\u00e9ho plastu. Elegantn\u00ed, lehk\u00e9 a udr\u017eiteln\u00e9 odhlu\u010dn\u011bn\u00ed pro modern\u00ed interi\u00e9ry.\" \/>\n<meta name=\"robots\" content=\"index, follow, max-snippet:-1, max-image-preview:large, max-video-preview:-1\" \/>\n<link rel=\"canonical\" href=\"https:\/\/xstone.group\/cs\/product\/apt-acoustic-pet\/\" \/>\n<meta property=\"og:locale\" content=\"cs_CZ\" \/>\n<meta property=\"og:type\" content=\"article\" \/>\n<meta property=\"og:title\" content=\"APT | Akustick\u00fd PET\" \/>\n<meta property=\"og:description\" content=\"Vysoce v\u00fdkonn\u00e9 akustick\u00e9 panely PET vyroben\u00e9 z recyklovan\u00e9ho plastu. Elegantn\u00ed, lehk\u00e9 a udr\u017eiteln\u00e9 odhlu\u010dn\u011bn\u00ed pro modern\u00ed interi\u00e9ry.\" \/>\n<meta property=\"og:url\" content=\"https:\/\/xstone.group\/cs\/product\/apt-acoustic-pet\/\" \/>\n<meta property=\"og:site_name\" content=\"XSTONE\" \/>\n<meta property=\"article:publisher\" content=\"https:\/\/www.facebook.com\/Xstonesurfaces1\/\" \/>\n<meta property=\"og:image\" content=\"https:\/\/xstone.group\/wp-content\/uploads\/2025\/11\/Acoustic-PET-scaled.webp\" \/>\n\t<meta property=\"og:image:width\" content=\"2560\" \/>\n\t<meta property=\"og:image:height\" content=\"2560\" \/>\n\t<meta property=\"og:image:type\" content=\"image\/webp\" \/>\n<meta name=\"twitter:card\" content=\"summary_large_image\" \/>\n<meta name=\"twitter:label1\" content=\"Odhadovan\u00e1 doba \u010dten\u00ed\" \/>\n\t<meta name=\"twitter:data1\" content=\"1 minuta\" \/>\n<script type=\"application\/ld+json\" class=\"yoast-schema-graph\">{\"@context\":\"https:\\\/\\\/schema.org\",\"@graph\":[{\"@type\":\"WebPage\",\"@id\":\"https:\\\/\\\/xstone.group\\\/cs\\\/product\\\/apt-acoustic-pet\\\/\",\"url\":\"https:\\\/\\\/xstone.group\\\/cs\\\/product\\\/apt-acoustic-pet\\\/\",\"name\":\"APT | Akustick\u00fd PET - XSTONE\",\"isPartOf\":{\"@id\":\"https:\\\/\\\/xstone.group\\\/cs\\\/#website\"},\"primaryImageOfPage\":{\"@id\":\"https:\\\/\\\/xstone.group\\\/cs\\\/product\\\/apt-acoustic-pet\\\/#primaryimage\"},\"image\":{\"@id\":\"https:\\\/\\\/xstone.group\\\/cs\\\/product\\\/apt-acoustic-pet\\\/#primaryimage\"},\"thumbnailUrl\":\"https:\\\/\\\/xstone.group\\\/wp-content\\\/uploads\\\/2025\\\/11\\\/Acoustic-PET-scaled.webp\",\"datePublished\":\"2025-11-29T19:44:32+00:00\",\"description\":\"Vysoce v\u00fdkonn\u00e9 akustick\u00e9 panely PET vyroben\u00e9 z recyklovan\u00e9ho plastu. Elegantn\u00ed, lehk\u00e9 a udr\u017eiteln\u00e9 odhlu\u010dn\u011bn\u00ed pro modern\u00ed interi\u00e9ry.\",\"breadcrumb\":{\"@id\":\"https:\\\/\\\/xstone.group\\\/cs\\\/product\\\/apt-acoustic-pet\\\/#breadcrumb\"},\"inLanguage\":\"cs\",\"potentialAction\":[{\"@type\":\"ReadAction\",\"target\":[\"https:\\\/\\\/xstone.group\\\/cs\\\/product\\\/apt-acoustic-pet\\\/\"]}]},{\"@type\":\"ImageObject\",\"inLanguage\":\"cs\",\"@id\":\"https:\\\/\\\/xstone.group\\\/cs\\\/product\\\/apt-acoustic-pet\\\/#primaryimage\",\"url\":\"https:\\\/\\\/xstone.group\\\/wp-content\\\/uploads\\\/2025\\\/11\\\/Acoustic-PET-scaled.webp\",\"contentUrl\":\"https:\\\/\\\/xstone.group\\\/wp-content\\\/uploads\\\/2025\\\/11\\\/Acoustic-PET-scaled.webp\",\"width\":2560,\"height\":2560},{\"@type\":\"BreadcrumbList\",\"@id\":\"https:\\\/\\\/xstone.group\\\/cs\\\/product\\\/apt-acoustic-pet\\\/#breadcrumb\",\"itemListElement\":[{\"@type\":\"ListItem\",\"position\":1,\"name\":\"Home\",\"item\":\"https:\\\/\\\/xstone.group\\\/cs\\\/\"},{\"@type\":\"ListItem\",\"position\":2,\"name\":\"Produkty\",\"item\":\"https:\\\/\\\/xstone.group\\\/cs\\\/shop\\\/\"},{\"@type\":\"ListItem\",\"position\":3,\"name\":\"APT | Akustick\u00fd PET\"}]},{\"@type\":\"WebSite\",\"@id\":\"https:\\\/\\\/xstone.group\\\/cs\\\/#website\",\"url\":\"https:\\\/\\\/xstone.group\\\/cs\\\/\",\"name\":\"XSTONE\",\"description\":\"Autentick\u00e1 a neomezen\u00e1 kr\u00e1sa miner\u00e1l\u016f, nespoutan\u00e1 gravitac\u00ed\",\"potentialAction\":[{\"@type\":\"SearchAction\",\"target\":{\"@type\":\"EntryPoint\",\"urlTemplate\":\"https:\\\/\\\/xstone.group\\\/cs\\\/?s={search_term_string}\"},\"query-input\":{\"@type\":\"PropertyValueSpecification\",\"valueRequired\":true,\"valueName\":\"search_term_string\"}}],\"inLanguage\":\"cs\"}]}<\/script>\n<!-- \/ Yoast SEO Premium plugin. -->","yoast_head_json":{"title":"APT | Akustick\u00fd PET - XSTONE","description":"Vysoce v\u00fdkonn\u00e9 akustick\u00e9 panely PET vyroben\u00e9 z recyklovan\u00e9ho plastu. Elegantn\u00ed, lehk\u00e9 a udr\u017eiteln\u00e9 odhlu\u010dn\u011bn\u00ed pro modern\u00ed interi\u00e9ry.","robots":{"index":"index","follow":"follow","max-snippet":"max-snippet:-1","max-image-preview":"max-image-preview:large","max-video-preview":"max-video-preview:-1"},"canonical":"https:\/\/xstone.group\/cs\/product\/apt-acoustic-pet\/","og_locale":"cs_CZ","og_type":"article","og_title":"APT | Akustick\u00fd PET","og_description":"Vysoce v\u00fdkonn\u00e9 akustick\u00e9 panely PET vyroben\u00e9 z recyklovan\u00e9ho plastu. Elegantn\u00ed, lehk\u00e9 a udr\u017eiteln\u00e9 odhlu\u010dn\u011bn\u00ed pro modern\u00ed interi\u00e9ry.","og_url":"https:\/\/xstone.group\/cs\/product\/apt-acoustic-pet\/","og_site_name":"XSTONE","article_publisher":"https:\/\/www.facebook.com\/Xstonesurfaces1\/","og_image":[{"width":2560,"height":2560,"url":"https:\/\/xstone.group\/wp-content\/uploads\/2025\/11\/Acoustic-PET-scaled.webp","type":"image\/webp"}],"twitter_card":"summary_large_image","twitter_misc":{"Odhadovan\u00e1 doba \u010dten\u00ed":"1 minuta"},"schema":{"@context":"https:\/\/schema.org","@graph":[{"@type":"WebPage","@id":"https:\/\/xstone.group\/cs\/product\/apt-acoustic-pet\/","url":"https:\/\/xstone.group\/cs\/product\/apt-acoustic-pet\/","name":"APT | Akustick\u00fd PET - XSTONE","isPartOf":{"@id":"https:\/\/xstone.group\/cs\/#website"},"primaryImageOfPage":{"@id":"https:\/\/xstone.group\/cs\/product\/apt-acoustic-pet\/#primaryimage"},"image":{"@id":"https:\/\/xstone.group\/cs\/product\/apt-acoustic-pet\/#primaryimage"},"thumbnailUrl":"https:\/\/xstone.group\/wp-content\/uploads\/2025\/11\/Acoustic-PET-scaled.webp","datePublished":"2025-11-29T19:44:32+00:00","description":"Vysoce v\u00fdkonn\u00e9 akustick\u00e9 panely PET vyroben\u00e9 z recyklovan\u00e9ho plastu. Elegantn\u00ed, lehk\u00e9 a udr\u017eiteln\u00e9 odhlu\u010dn\u011bn\u00ed pro modern\u00ed interi\u00e9ry.","breadcrumb":{"@id":"https:\/\/xstone.group\/cs\/product\/apt-acoustic-pet\/#breadcrumb"},"inLanguage":"cs","potentialAction":[{"@type":"ReadAction","target":["https:\/\/xstone.group\/cs\/product\/apt-acoustic-pet\/"]}]},{"@type":"ImageObject","inLanguage":"cs","@id":"https:\/\/xstone.group\/cs\/product\/apt-acoustic-pet\/#primaryimage","url":"https:\/\/xstone.group\/wp-content\/uploads\/2025\/11\/Acoustic-PET-scaled.webp","contentUrl":"https:\/\/xstone.group\/wp-content\/uploads\/2025\/11\/Acoustic-PET-scaled.webp","width":2560,"height":2560},{"@type":"BreadcrumbList","@id":"https:\/\/xstone.group\/cs\/product\/apt-acoustic-pet\/#breadcrumb","itemListElement":[{"@type":"ListItem","position":1,"name":"Home","item":"https:\/\/xstone.group\/cs\/"},{"@type":"ListItem","position":2,"name":"Produkty","item":"https:\/\/xstone.group\/cs\/shop\/"},{"@type":"ListItem","position":3,"name":"APT | Akustick\u00fd PET"}]},{"@type":"WebSite","@id":"https:\/\/xstone.group\/cs\/#website","url":"https:\/\/xstone.group\/cs\/","name":"XSTONE","description":"Autentick\u00e1 a neomezen\u00e1 kr\u00e1sa miner\u00e1l\u016f, nespoutan\u00e1 gravitac\u00ed","potentialAction":[{"@type":"SearchAction","target":{"@type":"EntryPoint","urlTemplate":"https:\/\/xstone.group\/cs\/?s={search_term_string}"},"query-input":{"@type":"PropertyValueSpecification","valueRequired":true,"valueName":"search_term_string"}}],"inLanguage":"cs"}]}},"spectra_custom_meta":{"_last_translation_edit_mode":["translation-editor"],"_product_attributes":["a:7:{s:11:\"composition\";a:6:{s:4:\"name\";s:11:\"Composition\";s:5:\"value\";s:75:\"100% recyklovan\u00e9 polyesterov\u00e9 vl\u00e1kno bez chemick\u00fdch pojiv a retard\u00e9r\u016f\";s:8:\"position\";i:0;s:10:\"is_visible\";i:1;s:12:\"is_variation\";i:0;s:11:\"is_taxonomy\";i:0;}s:8:\"features\";a:6:{s:4:\"name\";s:8:\"Features\";s:5:\"value\";s:111:\"N\u00edzk\u00e1 hmotnost, snadn\u00e1 instalace, netoxick\u00e9, nealergick\u00e9 a nedr\u00e1\u017ediv\u00e9, t\u011bsnost a rozm\u011brov\u00e1 st\u00e1lost.\";s:8:\"position\";i:1;s:10:\"is_visible\";i:1;s:12:\"is_variation\";i:0;s:11:\"is_taxonomy\";i:0;}s:6:\"colors\";a:6:{s:4:\"name\";s:6:\"Colors\";s:5:\"value\";s:25:\"V\u00edce ne\u017e 20 dostupn\u00fdch\";s:8:\"position\";i:2;s:10:\"is_visible\";i:1;s:12:\"is_variation\";i:0;s:11:\"is_taxonomy\";i:0;}s:4:\"size\";a:6:{s:4:\"name\";s:4:\"Size\";s:5:\"value\";s:28:\"2440 x 1220 mm; 800 x 600 mm\";s:8:\"position\";i:3;s:10:\"is_visible\";i:1;s:12:\"is_variation\";i:0;s:11:\"is_taxonomy\";i:0;}s:9:\"thickness\";a:6:{s:4:\"name\";s:9:\"Thickness\";s:5:\"value\";s:25:\"9 mm; 12 mm; 18 mm; 24 mm\";s:8:\"position\";i:4;s:10:\"is_visible\";i:1;s:12:\"is_variation\";i:0;s:11:\"is_taxonomy\";i:0;}s:11:\"fire-rating\";a:6:{s:4:\"name\";s:11:\"Fire rating\";s:5:\"value\";s:7:\"B-s1-d0\";s:8:\"position\";i:5;s:10:\"is_visible\";i:1;s:12:\"is_variation\";i:0;s:11:\"is_taxonomy\";i:0;}s:16:\"sound-absorption\";a:6:{s:4:\"name\";s:16:\"Sound absorption\";s:5:\"value\";s:44:\"EN ISO 354:2003 Koeficient = 0,5. T\u0159\u00edda D \";s:8:\"position\";i:6;s:10:\"is_visible\";i:1;s:12:\"is_variation\";i:0;s:11:\"is_taxonomy\";i:0;}}"],"attr_label_translations":["a:1:{s:2:\"cs\";a:7:{s:11:\"composition\";s:9:\"Slo\u017een\u00ed\";s:8:\"features\";s:6:\"Funkce\";s:6:\"colors\";s:5:\"Barvy\";s:4:\"size\";s:8:\"Velikost\";s:9:\"thickness\";s:10:\"Tlou\u0161\u0165ka\";s:11:\"fire-rating\";s:19:\"Po\u017e\u00e1rn\u00ed odolnost\";s:16:\"sound-absorption\";s:14:\"Absorpce zvuku\";}}"],"_wcml_average_rating":[null],"_wcml_review_count":[null],"_wcml_rating_count":[null],"_yoast_wpseo_primary_product_cat":["331"],"_backorders":["no"],"_download_limit":["-1"],"_download_expiry":["-1"],"_downloadable":["no"],"_manage_stock":["no"],"_sku":["APT"],"_stock_status":["instock"],"_sold_individually":["no"],"_tax_class":[""],"_tax_status":["taxable"],"_virtual":["no"],"total_sales":["0"],"_wpml_media_duplicate":["1"],"_wpml_media_featured":["1"],"stick-header-meta":["default"],"site-sidebar-layout":["default"],"theme-transparent-header-meta":["default"],"ast-site-content-layout":["default"],"site-content-style":["default"],"site-sidebar-style":["default"],"_yoast_wpseo_metadesc":["Vysoce v\u00fdkonn\u00e9 akustick\u00e9 panely PET vyroben\u00e9 z recyklovan\u00e9ho plastu. Elegantn\u00ed, lehk\u00e9 a udr\u017eiteln\u00e9 odhlu\u010dn\u011bn\u00ed pro modern\u00ed interi\u00e9ry."],"_yoast_wpseo_focuskw":["akustick\u00e9 panely z recyklovan\u00e9ho PET"],"_thumbnail_id":["25543"],"_wpml_word_count":["276"],"two_optimized_date":["1776463057"],"woolentor_views_count_product":["13"],"_uag_css_file_name":["uag-css-25517.css"],"_uag_js_file_name":["uag-js-25517.js"],"tp_widgets":["a:2:{s:7:\"widgets\";a:6:{i:0;s:18:\"plus-list-skeleton\";i:1;s:22:\"plus-listing-load-more\";i:2;s:18:\"plus-listing-metro\";i:3;s:18:\"tp-product-listout\";i:4;s:17:\"tp-single-style_1\";i:5;s:19:\"tp-woo-single-image\";}s:9:\"update_at\";s:10:\"1776541402\";}"],"_elementor_edit_mode":["builder"],"_selectproduct_layout":["16398"],"_elementor_page_assets":["a:0:{}"],"_elementor_css":["a:7:{s:4:\"time\";i:1776769741;s:5:\"fonts\";a:0:{}s:5:\"icons\";a:0:{}s:20:\"dynamic_elements_ids\";a:0:{}s:6:\"status\";s:5:\"empty\";i:0;s:0:\"\";s:3:\"css\";s:0:\"\";}"],"_wc_rating_count":[""],"_wc_review_count":[""],"_wc_average_rating":[0]},"uagb_featured_image_src":{"full":["https:\/\/xstone.group\/wp-content\/uploads\/2025\/11\/Acoustic-PET-scaled.webp",2560,2560,false],"thumbnail":["https:\/\/xstone.group\/wp-content\/uploads\/2025\/11\/Acoustic-PET-150x150.webp",150,150,true],"medium":["https:\/\/xstone.group\/wp-content\/uploads\/2025\/11\/Acoustic-PET-300x300.webp",300,300,true],"medium_large":["https:\/\/xstone.group\/wp-content\/uploads\/2025\/11\/Acoustic-PET-768x768.webp",768,768,true],"large":["https:\/\/xstone.group\/wp-content\/uploads\/2025\/11\/Acoustic-PET-1024x1024.webp",1024,1024,true],"1536x1536":["https:\/\/xstone.group\/wp-content\/uploads\/2025\/11\/Acoustic-PET-1536x1536.webp",1536,1536,true],"2048x2048":["https:\/\/xstone.group\/wp-content\/uploads\/2025\/11\/Acoustic-PET-2048x2048.webp",2048,2048,true],"tp-image-grid":["https:\/\/xstone.group\/wp-content\/uploads\/2025\/11\/Acoustic-PET-scaled.webp",700,700,false],"tenweb_optimizer_mobile":["https:\/\/xstone.group\/wp-content\/uploads\/2025\/11\/Acoustic-PET-600x600.webp",600,600,true],"tenweb_optimizer_tablet":["https:\/\/xstone.group\/wp-content\/uploads\/2025\/11\/Acoustic-PET-768x768.webp",768,768,true],"woocommerce_thumbnail":["https:\/\/xstone.group\/wp-content\/uploads\/2025\/11\/Acoustic-PET-300x300.webp",300,300,true],"woocommerce_single":["https:\/\/xstone.group\/wp-content\/uploads\/2025\/11\/Acoustic-PET-600x600.webp",600,600,true],"woocommerce_gallery_thumbnail":["https:\/\/xstone.group\/wp-content\/uploads\/2025\/11\/Acoustic-PET-100x100.webp",100,100,true]},"uagb_author_info":{"display_name":"laurent.gomez@xstone.group","author_link":"https:\/\/xstone.group\/cs\/author\/"},"uagb_comment_info":0,"uagb_excerpt":"Akustick\u00e9 panely PET vypr\u00e1v\u011bj\u00ed jednoduch\u00fd, ale siln\u00fd p\u0159\u00edb\u011bh: p\u0159\u00edb\u011bh transformace.Z kdysi vy\u0159azen\u00e9ho plastu se st\u00e1v\u00e1 u\u017eite\u010dn\u00fd, kr\u00e1sn\u00fd a vysoce v\u00fdkonn\u00fd materi\u00e1l, kter\u00fd dok\u00e1\u017ee zklidnit prostory, u\u010dinit je lid\u0161t\u011bj\u0161\u00edmi a p\u0159\u00edjemn\u011bj\u0161\u00edmi pro \u017eivot i pr\u00e1ci. Proces za\u010d\u00edn\u00e1 sb\u011brem pou\u017eit\u00fdch plastov\u00fdch lahv\u00ed, kter\u00e9 se t\u0159\u00edd\u00ed, \u010dist\u00ed a zpracov\u00e1vaj\u00ed na jemn\u00e1 polyesterov\u00e1 vl\u00e1kna. Tato vl\u00e1kna se pot\u00e9 vrstv\u00ed,&hellip;","_links":{"self":[{"href":"https:\/\/xstone.group\/cs\/wp-json\/wp\/v2\/product\/25517","targetHints":{"allow":["GET"]}}],"collection":[{"href":"https:\/\/xstone.group\/cs\/wp-json\/wp\/v2\/product"}],"about":[{"href":"https:\/\/xstone.group\/cs\/wp-json\/wp\/v2\/types\/product"}],"replies":[{"embeddable":true,"href":"https:\/\/xstone.group\/cs\/wp-json\/wp\/v2\/comments?post=25517"}],"wp:featuredmedia":[{"embeddable":true,"href":"https:\/\/xstone.group\/cs\/wp-json\/wp\/v2\/media\/25543"}],"wp:attachment":[{"href":"https:\/\/xstone.group\/cs\/wp-json\/wp\/v2\/media?parent=25517"}],"wp:term":[{"taxonomy":"product_brand","embeddable":true,"href":"https:\/\/xstone.group\/cs\/wp-json\/wp\/v2\/product_brand?post=25517"},{"taxonomy":"product_cat","embeddable":true,"href":"https:\/\/xstone.group\/cs\/wp-json\/wp\/v2\/product_cat?post=25517"},{"taxonomy":"product_tag","embeddable":true,"href":"https:\/\/xstone.group\/cs\/wp-json\/wp\/v2\/product_tag?post=25517"}],"curies":[{"name":"wp","href":"https:\/\/api.w.org\/{rel}","templated":true}]}}