{"id":25947,"date":"2025-12-03T13:16:45","date_gmt":"2025-12-03T13:16:45","guid":{"rendered":"https:\/\/xstone.group\/product\/ecu-ecuran-smo-smooth-10062-anthracite\/"},"modified":"2025-12-03T13:16:45","modified_gmt":"2025-12-03T13:16:45","slug":"ecusmo10062-floor-ecuran-smooth-anthracite","status":"publish","type":"product","link":"https:\/\/xstone.group\/cs\/product\/ecusmo10062-floor-ecuran-smooth-anthracite\/","title":{"rendered":"[ECU] Ecuran [SMO] Smooth [10062] Anthracite"},"content":{"rendered":"<p class=\"font-claude-response-body break-words whitespace-normal leading-[1.7]\">N\u011bkter\u00e9 povrchy prost\u011b vl\u00e1dnou m\u00edstnosti. Tento je jedn\u00edm z nich. <\/p>\n<p class=\"font-claude-response-body break-words whitespace-normal leading-[1.7]\">XSTONE Floor Ecuran Smooth Anthracite je udr\u017eiteln\u00fd pru\u017en\u00fd podlahov\u00fd syst\u00e9m, ve kter\u00e9m se snoub\u00ed miner\u00e1ln\u00ed p\u0159esnost s architektonickou intenzitou. Struktura Smooth &#8211; klidn\u00e1, sametov\u00e1 miner\u00e1ln\u00ed struktura se sotva znateln\u00fdmi p\u0159\u00edrodn\u00edmi odchylkami &#8211; se v antracitov\u00e9 barv\u011b st\u00e1v\u00e1 n\u011b\u010d\u00edm mnohem siln\u011bj\u0161\u00edm: hlubokou, chladnou modroocelovou \u0161ed\u00ed, kter\u00e1 se prosazuje s tichou autoritou stla\u010den\u00e9ho sediment\u00e1rn\u00edho kamene. <\/p>\n<p class=\"font-claude-response-body break-words whitespace-normal leading-[1.7]\">P\u0159i dopadaj\u00edc\u00edm sv\u011btle se projevuj\u00ed jemn\u00e9 rozd\u00edly v hustot\u011b &#8211; mikroreli\u00e9fy, kter\u00e9 naru\u0161uj\u00ed chromatickou uniformitu natolik, aby v\u00e1m p\u0159ipomn\u011bly, \u017ee se jedn\u00e1 o \u017eiv\u00fd povrch, nikoli o jeho um\u011blou napodobeninu. V\u00fdsledkem je tmav\u00e1 miner\u00e1ln\u00ed kamenn\u00e1 podlaha, kter\u00e1 v sob\u011b nese hloubku, st\u0159\u00eddmost a nezam\u011bniteln\u00fd designov\u00fd z\u00e1m\u011br. <\/p>\n<p class=\"font-claude-response-body break-words whitespace-normal leading-[1.7]\">Pod povrchem se skr\u00fdv\u00e1 biokompozitn\u00ed j\u00e1dro Ecuran, jeho\u017e v\u00fdkonnostn\u00ed profil odpov\u00edd\u00e1 vizu\u00e1ln\u00edm ambic\u00edm: Bez PVC, bez rozpou\u0161t\u011bdel a z rostlinn\u00fdch olej\u016f a p\u0159\u00edrodn\u00edch miner\u00e1l\u016f. Tento syst\u00e9m, kter\u00fd z\u00edskal certifik\u00e1t Bfl-s1 pro po\u017e\u00e1rn\u00ed bezpe\u010dnost a certifik\u00e1ty Blue Angel, Cradle to Cradle a GREENGUARD, je vytvo\u0159en pro po\u017eadavky pohostinstv\u00ed, pr\u00e9miov\u00fdch maloobchod\u016f a \u0161pi\u010dkov\u00fdch komer\u010dn\u00edch prostor &#8211; v\u0161ude tam, kde mus\u00ed b\u00fdt na jedn\u00e9 podlaze designov\u00e1 p\u0159esv\u011bd\u010divost a technick\u00e1 dokonalost. <\/p>\n<p class=\"font-claude-response-body break-words whitespace-normal leading-[1.7]\">Pro sou\u010dasn\u00e9, industri\u00e1ln\u00ed a brutalistn\u00ed projekty, kter\u00e9 hledaj\u00ed povrch, jen\u017e mluv\u00ed, ani\u017e by zvy\u0161oval hlas &#8211; to je ta spr\u00e1vn\u00e1 odpov\u011b\u010f.<\/p>\n","protected":false},"excerpt":{"rendered":"<p>N\u011bkter\u00e9 povrchy prost\u011b vl\u00e1dnou m\u00edstnosti. Tento je jedn\u00edm z nich. XSTONE Floor Ecuran Smooth Anthracite je udr\u017eiteln\u00fd pru\u017en\u00fd podlahov\u00fd syst\u00e9m, ve kter\u00e9m se snoub\u00ed miner\u00e1ln\u00ed p\u0159esnost s architektonickou intenzitou. Struktura Smooth &#8211; klidn\u00e1, sametov\u00e1 miner\u00e1ln\u00ed struktura se sotva znateln\u00fdmi p\u0159\u00edrodn\u00edmi odchylkami &#8211; se v antracitov\u00e9 barv\u011b st\u00e1v\u00e1 n\u011b\u010d\u00edm mnohem siln\u011bj\u0161\u00edm: hlubokou, chladnou modroocelovou \u0161ed\u00ed, kter\u00e1 [&hellip;]<\/p>\n","protected":false},"featured_media":25970,"comment_status":"open","ping_status":"closed","template":"","meta":{"_acf_changed":false,"_uag_custom_page_level_css":"","site-sidebar-layout":"default","site-content-layout":"","ast-site-content-layout":"default","site-content-style":"default","site-sidebar-style":"default","ast-global-header-display":"","ast-banner-title-visibility":"","ast-main-header-display":"","ast-hfb-above-header-display":"","ast-hfb-below-header-display":"","ast-hfb-mobile-header-display":"","site-post-title":"","ast-breadcrumbs-content":"","ast-featured-img":"","footer-sml-layout":"","theme-transparent-header-meta":"default","adv-header-id-meta":"","stick-header-meta":"default","header-above-stick-meta":"","header-main-stick-meta":"","header-below-stick-meta":"","astra-migrate-meta-layouts":"default","ast-page-background-enabled":"default","ast-page-background-meta":{"desktop":{"background-color":"var(--ast-global-color-4)","background-image":"","background-repeat":"repeat","background-position":"center center","background-size":"auto","background-attachment":"scroll","background-type":"","background-media":"","overlay-type":"","overlay-color":"","overlay-opacity":"","overlay-gradient":""},"tablet":{"background-color":"","background-image":"","background-repeat":"repeat","background-position":"center center","background-size":"auto","background-attachment":"scroll","background-type":"","background-media":"","overlay-type":"","overlay-color":"","overlay-opacity":"","overlay-gradient":""},"mobile":{"background-color":"","background-image":"","background-repeat":"repeat","background-position":"center center","background-size":"auto","background-attachment":"scroll","background-type":"","background-media":"","overlay-type":"","overlay-color":"","overlay-opacity":"","overlay-gradient":""}},"ast-content-background-meta":{"desktop":{"background-color":"var(--ast-global-color-5)","background-image":"","background-repeat":"repeat","background-position":"center center","background-size":"auto","background-attachment":"scroll","background-type":"","background-media":"","overlay-type":"","overlay-color":"","overlay-opacity":"","overlay-gradient":""},"tablet":{"background-color":"var(--ast-global-color-5)","background-image":"","background-repeat":"repeat","background-position":"center center","background-size":"auto","background-attachment":"scroll","background-type":"","background-media":"","overlay-type":"","overlay-color":"","overlay-opacity":"","overlay-gradient":""},"mobile":{"background-color":"var(--ast-global-color-5)","background-image":"","background-repeat":"repeat","background-position":"center center","background-size":"auto","background-attachment":"scroll","background-type":"","background-media":"","overlay-type":"","overlay-color":"","overlay-opacity":"","overlay-gradient":""}}},"product_brand":[],"product_cat":[1603,1597,1592,1595,1587],"product_tag":[9538,2812,3906,9539,3907,9541,3844,9542,9540,1701,9543,9537,3845],"class_list":{"0":"post-25947","1":"product","2":"type-product","3":"status-publish","4":"has-post-thumbnail","6":"product_cat-office","7":"product_cat-bathroom","8":"product_cat-retail-design","9":"product_cat-floor","10":"product_cat-signature","11":"product_tag-anthracite-floor-tile","12":"product_tag-comp-color-18248","13":"product_tag-flexible-stone-floor-panel","14":"product_tag-smooth-mineral-surface","15":"product_tag-luxury-commercial-flooring","16":"product_tag-contemporary-dark-flooring","17":"product_tag-comp-backing-15492","18":"product_tag-industrial-interior-flooring","19":"product_tag-bio-based-resilient-flooring","20":"product_tag-comp-texture-16911","21":"product_tag-leed-certified-dark-floor","22":"product_tag-dark-mineral-stone-flooring","23":"product_tag-pvc-free-sustainable-flooring","24":"desktop-align-left","25":"tablet-align-left","26":"mobile-align-left","28":"first","29":"instock","30":"shipping-taxable","31":"product-type-simple"},"acf":[],"yoast_head":"<!-- This site is optimized with the Yoast SEO Premium plugin v27.4 (Yoast SEO v27.4) - https:\/\/yoast.com\/product\/yoast-seo-premium-wordpress\/ -->\n<title>Podlaha Ecuran | hladk\u00e1 | antracitov\u00e1<\/title>\n<meta name=\"description\" content=\"Biopodlaha Ecuran s hladkou strukturou v antracitov\u00e9 barv\u011b. Certifikovan\u00fd tmav\u00fd miner\u00e1ln\u00ed povrch bez PVC pro luxusn\u00ed pohostinstv\u00ed, maloobchod a modern\u00ed design.\" \/>\n<meta name=\"robots\" content=\"index, follow, max-snippet:-1, max-image-preview:large, max-video-preview:-1\" \/>\n<link rel=\"canonical\" href=\"https:\/\/xstone.group\/cs\/product\/ecusmo10062-floor-ecuran-smooth-anthracite\/\" \/>\n<meta property=\"og:locale\" content=\"cs_CZ\" \/>\n<meta property=\"og:type\" content=\"article\" \/>\n<meta property=\"og:title\" content=\"[ECU] Ecuran [SMO] Smooth [10062] Anthracite\" \/>\n<meta property=\"og:description\" content=\"Biopodlaha Ecuran s hladkou strukturou v antracitov\u00e9 barv\u011b. Certifikovan\u00fd tmav\u00fd miner\u00e1ln\u00ed povrch bez PVC pro luxusn\u00ed pohostinstv\u00ed, maloobchod a modern\u00ed design.\" \/>\n<meta property=\"og:url\" content=\"https:\/\/xstone.group\/cs\/product\/ecusmo10062-floor-ecuran-smooth-anthracite\/\" \/>\n<meta property=\"og:site_name\" content=\"XSTONE\" \/>\n<meta property=\"article:publisher\" content=\"https:\/\/www.facebook.com\/Xstonesurfaces1\/\" \/>\n<meta property=\"og:image\" content=\"https:\/\/xstone.group\/wp-content\/uploads\/2026\/03\/XSTONE-Floor-Ecuran-Concrete-Dark-Grey-scaled.webp\" \/>\n\t<meta property=\"og:image:width\" content=\"2560\" \/>\n\t<meta property=\"og:image:height\" content=\"1429\" \/>\n\t<meta property=\"og:image:type\" content=\"image\/webp\" \/>\n<meta name=\"twitter:card\" content=\"summary_large_image\" \/>\n<meta name=\"twitter:label1\" content=\"Odhadovan\u00e1 doba \u010dten\u00ed\" \/>\n\t<meta name=\"twitter:data1\" content=\"1 minuta\" \/>\n<script type=\"application\/ld+json\" class=\"yoast-schema-graph\">{\"@context\":\"https:\\\/\\\/schema.org\",\"@graph\":[{\"@type\":\"WebPage\",\"@id\":\"https:\\\/\\\/xstone.group\\\/cs\\\/product\\\/ecusmo10062-floor-ecuran-smooth-anthracite\\\/\",\"url\":\"https:\\\/\\\/xstone.group\\\/cs\\\/product\\\/ecusmo10062-floor-ecuran-smooth-anthracite\\\/\",\"name\":\"Podlaha Ecuran | hladk\u00e1 | antracitov\u00e1\",\"isPartOf\":{\"@id\":\"https:\\\/\\\/xstone.group\\\/cs\\\/#website\"},\"primaryImageOfPage\":{\"@id\":\"https:\\\/\\\/xstone.group\\\/cs\\\/product\\\/ecusmo10062-floor-ecuran-smooth-anthracite\\\/#primaryimage\"},\"image\":{\"@id\":\"https:\\\/\\\/xstone.group\\\/cs\\\/product\\\/ecusmo10062-floor-ecuran-smooth-anthracite\\\/#primaryimage\"},\"thumbnailUrl\":\"https:\\\/\\\/xstone.group\\\/wp-content\\\/uploads\\\/2026\\\/03\\\/XSTONE-Floor-Ecuran-Concrete-Dark-Grey-scaled.webp\",\"datePublished\":\"2025-12-03T13:16:45+00:00\",\"description\":\"Biopodlaha Ecuran s hladkou strukturou v antracitov\u00e9 barv\u011b. Certifikovan\u00fd tmav\u00fd miner\u00e1ln\u00ed povrch bez PVC pro luxusn\u00ed pohostinstv\u00ed, maloobchod a modern\u00ed design.\",\"breadcrumb\":{\"@id\":\"https:\\\/\\\/xstone.group\\\/cs\\\/product\\\/ecusmo10062-floor-ecuran-smooth-anthracite\\\/#breadcrumb\"},\"inLanguage\":\"cs\",\"potentialAction\":[{\"@type\":\"ReadAction\",\"target\":[\"https:\\\/\\\/xstone.group\\\/cs\\\/product\\\/ecusmo10062-floor-ecuran-smooth-anthracite\\\/\"]}]},{\"@type\":\"ImageObject\",\"inLanguage\":\"cs\",\"@id\":\"https:\\\/\\\/xstone.group\\\/cs\\\/product\\\/ecusmo10062-floor-ecuran-smooth-anthracite\\\/#primaryimage\",\"url\":\"https:\\\/\\\/xstone.group\\\/wp-content\\\/uploads\\\/2026\\\/03\\\/XSTONE-Floor-Ecuran-Concrete-Dark-Grey-scaled.webp\",\"contentUrl\":\"https:\\\/\\\/xstone.group\\\/wp-content\\\/uploads\\\/2026\\\/03\\\/XSTONE-Floor-Ecuran-Concrete-Dark-Grey-scaled.webp\",\"width\":2560,\"height\":1429},{\"@type\":\"BreadcrumbList\",\"@id\":\"https:\\\/\\\/xstone.group\\\/cs\\\/product\\\/ecusmo10062-floor-ecuran-smooth-anthracite\\\/#breadcrumb\",\"itemListElement\":[{\"@type\":\"ListItem\",\"position\":1,\"name\":\"Home\",\"item\":\"https:\\\/\\\/xstone.group\\\/cs\\\/\"},{\"@type\":\"ListItem\",\"position\":2,\"name\":\"Produkty\",\"item\":\"https:\\\/\\\/xstone.group\\\/cs\\\/shop\\\/\"},{\"@type\":\"ListItem\",\"position\":3,\"name\":\"[ECU] Ecuran [SMO] Smooth [10062] Anthracite\"}]},{\"@type\":\"WebSite\",\"@id\":\"https:\\\/\\\/xstone.group\\\/cs\\\/#website\",\"url\":\"https:\\\/\\\/xstone.group\\\/cs\\\/\",\"name\":\"XSTONE\",\"description\":\"Autentick\u00e1 a neomezen\u00e1 kr\u00e1sa miner\u00e1l\u016f, nespoutan\u00e1 gravitac\u00ed\",\"potentialAction\":[{\"@type\":\"SearchAction\",\"target\":{\"@type\":\"EntryPoint\",\"urlTemplate\":\"https:\\\/\\\/xstone.group\\\/cs\\\/?s={search_term_string}\"},\"query-input\":{\"@type\":\"PropertyValueSpecification\",\"valueRequired\":true,\"valueName\":\"search_term_string\"}}],\"inLanguage\":\"cs\"}]}<\/script>\n<!-- \/ Yoast SEO Premium plugin. -->","yoast_head_json":{"title":"Podlaha Ecuran | hladk\u00e1 | antracitov\u00e1","description":"Biopodlaha Ecuran s hladkou strukturou v antracitov\u00e9 barv\u011b. Certifikovan\u00fd tmav\u00fd miner\u00e1ln\u00ed povrch bez PVC pro luxusn\u00ed pohostinstv\u00ed, maloobchod a modern\u00ed design.","robots":{"index":"index","follow":"follow","max-snippet":"max-snippet:-1","max-image-preview":"max-image-preview:large","max-video-preview":"max-video-preview:-1"},"canonical":"https:\/\/xstone.group\/cs\/product\/ecusmo10062-floor-ecuran-smooth-anthracite\/","og_locale":"cs_CZ","og_type":"article","og_title":"[ECU] Ecuran [SMO] Smooth [10062] Anthracite","og_description":"Biopodlaha Ecuran s hladkou strukturou v antracitov\u00e9 barv\u011b. Certifikovan\u00fd tmav\u00fd miner\u00e1ln\u00ed povrch bez PVC pro luxusn\u00ed pohostinstv\u00ed, maloobchod a modern\u00ed design.","og_url":"https:\/\/xstone.group\/cs\/product\/ecusmo10062-floor-ecuran-smooth-anthracite\/","og_site_name":"XSTONE","article_publisher":"https:\/\/www.facebook.com\/Xstonesurfaces1\/","og_image":[{"width":2560,"height":1429,"url":"https:\/\/xstone.group\/wp-content\/uploads\/2026\/03\/XSTONE-Floor-Ecuran-Concrete-Dark-Grey-scaled.webp","type":"image\/webp"}],"twitter_card":"summary_large_image","twitter_misc":{"Odhadovan\u00e1 doba \u010dten\u00ed":"1 minuta"},"schema":{"@context":"https:\/\/schema.org","@graph":[{"@type":"WebPage","@id":"https:\/\/xstone.group\/cs\/product\/ecusmo10062-floor-ecuran-smooth-anthracite\/","url":"https:\/\/xstone.group\/cs\/product\/ecusmo10062-floor-ecuran-smooth-anthracite\/","name":"Podlaha Ecuran | hladk\u00e1 | antracitov\u00e1","isPartOf":{"@id":"https:\/\/xstone.group\/cs\/#website"},"primaryImageOfPage":{"@id":"https:\/\/xstone.group\/cs\/product\/ecusmo10062-floor-ecuran-smooth-anthracite\/#primaryimage"},"image":{"@id":"https:\/\/xstone.group\/cs\/product\/ecusmo10062-floor-ecuran-smooth-anthracite\/#primaryimage"},"thumbnailUrl":"https:\/\/xstone.group\/wp-content\/uploads\/2026\/03\/XSTONE-Floor-Ecuran-Concrete-Dark-Grey-scaled.webp","datePublished":"2025-12-03T13:16:45+00:00","description":"Biopodlaha Ecuran s hladkou strukturou v antracitov\u00e9 barv\u011b. Certifikovan\u00fd tmav\u00fd miner\u00e1ln\u00ed povrch bez PVC pro luxusn\u00ed pohostinstv\u00ed, maloobchod a modern\u00ed design.","breadcrumb":{"@id":"https:\/\/xstone.group\/cs\/product\/ecusmo10062-floor-ecuran-smooth-anthracite\/#breadcrumb"},"inLanguage":"cs","potentialAction":[{"@type":"ReadAction","target":["https:\/\/xstone.group\/cs\/product\/ecusmo10062-floor-ecuran-smooth-anthracite\/"]}]},{"@type":"ImageObject","inLanguage":"cs","@id":"https:\/\/xstone.group\/cs\/product\/ecusmo10062-floor-ecuran-smooth-anthracite\/#primaryimage","url":"https:\/\/xstone.group\/wp-content\/uploads\/2026\/03\/XSTONE-Floor-Ecuran-Concrete-Dark-Grey-scaled.webp","contentUrl":"https:\/\/xstone.group\/wp-content\/uploads\/2026\/03\/XSTONE-Floor-Ecuran-Concrete-Dark-Grey-scaled.webp","width":2560,"height":1429},{"@type":"BreadcrumbList","@id":"https:\/\/xstone.group\/cs\/product\/ecusmo10062-floor-ecuran-smooth-anthracite\/#breadcrumb","itemListElement":[{"@type":"ListItem","position":1,"name":"Home","item":"https:\/\/xstone.group\/cs\/"},{"@type":"ListItem","position":2,"name":"Produkty","item":"https:\/\/xstone.group\/cs\/shop\/"},{"@type":"ListItem","position":3,"name":"[ECU] Ecuran [SMO] Smooth [10062] Anthracite"}]},{"@type":"WebSite","@id":"https:\/\/xstone.group\/cs\/#website","url":"https:\/\/xstone.group\/cs\/","name":"XSTONE","description":"Autentick\u00e1 a neomezen\u00e1 kr\u00e1sa miner\u00e1l\u016f, nespoutan\u00e1 gravitac\u00ed","potentialAction":[{"@type":"SearchAction","target":{"@type":"EntryPoint","urlTemplate":"https:\/\/xstone.group\/cs\/?s={search_term_string}"},"query-input":{"@type":"PropertyValueSpecification","valueRequired":true,"valueName":"search_term_string"}}],"inLanguage":"cs"}]}},"spectra_custom_meta":{"_last_translation_edit_mode":["translation-editor"],"_product_attributes":["a:8:{s:7:\"backing\";a:6:{s:4:\"name\";s:7:\"Backing\";s:5:\"value\";s:6:\"Ecuran\";s:8:\"position\";i:0;s:10:\"is_visible\";i:1;s:12:\"is_variation\";i:0;s:11:\"is_taxonomy\";i:0;}s:7:\"texture\";a:6:{s:4:\"name\";s:7:\"Texture\";s:5:\"value\";s:7:\"Hladk\u00fd\";s:8:\"position\";i:1;s:10:\"is_visible\";i:1;s:12:\"is_variation\";i:0;s:11:\"is_taxonomy\";i:0;}s:5:\"color\";a:6:{s:4:\"name\";s:5:\"Color\";s:5:\"value\";s:8:\"Antracit\";s:8:\"position\";i:2;s:10:\"is_visible\";i:1;s:12:\"is_variation\";i:0;s:11:\"is_taxonomy\";i:0;}s:4:\"size\";a:6:{s:4:\"name\";s:4:\"Size\";s:5:\"value\";s:63:\"1200 x 800 mm; 3000 x 1000 mm; dal\u0161\u00ed rozm\u011bry na vy\u017e\u00e1d\u00e1n\u00ed\";s:8:\"position\";i:3;s:10:\"is_visible\";i:1;s:12:\"is_variation\";i:0;s:11:\"is_taxonomy\";i:0;}s:9:\"thickness\";a:6:{s:4:\"name\";s:9:\"Thickness\";s:5:\"value\";s:12:\"2,5 mm, 5 mm\";s:8:\"position\";i:4;s:10:\"is_visible\";i:1;s:12:\"is_variation\";i:0;s:11:\"is_taxonomy\";i:0;}s:6:\"finish\";a:6:{s:4:\"name\";s:6:\"Finish\";s:5:\"value\";s:4:\"Matt\";s:8:\"position\";i:5;s:10:\"is_visible\";i:1;s:12:\"is_variation\";i:0;s:11:\"is_taxonomy\";i:0;}s:11:\"composition\";a:6:{s:4:\"name\";s:11:\"Composition\";s:5:\"value\";s:263:\"Vrchn\u00ed vrstva PU s intenzivn\u00edm provozem + Akrylov\u00e1 barva nebo UV tisk + Dekorativn\u00ed miner\u00e1ln\u00ed d\u00fdha 1 mm (90 % kamenn\u00e9ho pr\u00e1\u0161ku) + Z\u00e1kladn\u00ed vrstva: vysoce v\u00fdkonn\u00fd kompozitn\u00ed materi\u00e1l ecuran 4 mm + Podklad: Materi\u00e1l: + integrovan\u00fd FleeceTEC-System\";s:8:\"position\";i:6;s:10:\"is_visible\";i:1;s:12:\"is_variation\";i:0;s:11:\"is_taxonomy\";i:0;}s:11:\"fire-rating\";a:6:{s:4:\"name\";s:11:\"Fire Rating\";s:5:\"value\";s:6:\"Bfl-s1\";s:8:\"position\";i:7;s:10:\"is_visible\";i:1;s:12:\"is_variation\";i:0;s:11:\"is_taxonomy\";i:0;}}"],"attr_label_translations":["a:1:{s:2:\"cs\";a:8:{s:7:\"backing\";s:13:\"Z\u00e1lohov\u00e1n\u00ed\";s:7:\"texture\";s:7:\"Textura\";s:5:\"color\";s:5:\"Barva\";s:4:\"size\";s:8:\"Velikost\";s:9:\"thickness\";s:10:\"Tlou\u0161\u0165ka\";s:6:\"finish\";s:11:\"Dokon\u010den\u00ed\";s:11:\"composition\";s:9:\"Slo\u017een\u00ed\";s:11:\"fire-rating\";s:19:\"Po\u017e\u00e1rn\u00ed odolnost\";}}"],"_wcml_average_rating":[null],"_wcml_review_count":[null],"_wcml_rating_count":[null],"_yoast_wpseo_primary_product_cat":["332"],"_backorders":["no"],"_download_limit":["-1"],"_download_expiry":["-1"],"_downloadable":["no"],"_manage_stock":["no"],"_sku":["ECUSMO10062"],"_stock_status":["instock"],"_sold_individually":["no"],"_tax_class":[""],"_tax_status":["taxable"],"_virtual":["no"],"total_sales":["0"],"_wpml_media_duplicate":["1"],"_wpml_media_featured":["1"],"stick-header-meta":["default"],"site-sidebar-layout":["default"],"theme-transparent-header-meta":["default"],"ast-site-content-layout":["default"],"site-content-style":["default"],"site-sidebar-style":["default"],"_yoast_wpseo_title":["Podlaha Ecuran | hladk\u00e1 | antracitov\u00e1"],"_yoast_wpseo_metadesc":["Biopodlaha Ecuran s hladkou strukturou v antracitov\u00e9 barv\u011b. Certifikovan\u00fd tmav\u00fd miner\u00e1ln\u00ed povrch bez PVC pro luxusn\u00ed pohostinstv\u00ed, maloobchod a modern\u00ed design."],"_yoast_wpseo_focuskw":["tmav\u00e9 miner\u00e1ln\u00ed kamenn\u00e9 podlahy"],"_upsell_ids":["a:3:{i:0;i:21529;i:1;i:25205;i:2;i:23468;}"],"_thumbnail_id":["25970"],"_wpml_word_count":["277"],"two_optimized_date":["1776564286"],"woolentor_views_count_product":["8"],"_uag_css_file_name":["uag-css-25947.css"],"_uag_js_file_name":["uag-js-25947.js"],"tp_widgets":["a:2:{s:7:\"widgets\";a:6:{i:0;s:18:\"plus-list-skeleton\";i:1;s:22:\"plus-listing-load-more\";i:2;s:18:\"plus-listing-metro\";i:3;s:18:\"tp-product-listout\";i:4;s:17:\"tp-single-style_1\";i:5;s:19:\"tp-woo-single-image\";}s:9:\"update_at\";s:10:\"1776541402\";}"],"_elementor_edit_mode":["builder"],"_selectproduct_layout":["18245"],"_elementor_page_assets":["a:0:{}"],"_elementor_css":["a:7:{s:4:\"time\";i:1776722063;s:5:\"fonts\";a:0:{}s:5:\"icons\";a:0:{}s:20:\"dynamic_elements_ids\";a:0:{}s:6:\"status\";s:5:\"empty\";i:0;s:0:\"\";s:3:\"css\";s:0:\"\";}"],"_wc_rating_count":[""],"_wc_review_count":[""],"_wc_average_rating":[0]},"uagb_featured_image_src":{"full":["https:\/\/xstone.group\/wp-content\/uploads\/2026\/03\/XSTONE-Floor-Ecuran-Concrete-Dark-Grey-scaled.webp",2560,1429,false],"thumbnail":["https:\/\/xstone.group\/wp-content\/uploads\/2026\/03\/XSTONE-Floor-Ecuran-Concrete-Dark-Grey-150x150.webp",150,150,true],"medium":["https:\/\/xstone.group\/wp-content\/uploads\/2026\/03\/XSTONE-Floor-Ecuran-Concrete-Dark-Grey-300x167.webp",300,167,true],"medium_large":["https:\/\/xstone.group\/wp-content\/uploads\/2026\/03\/XSTONE-Floor-Ecuran-Concrete-Dark-Grey-768x429.webp",768,429,true],"large":["https:\/\/xstone.group\/wp-content\/uploads\/2026\/03\/XSTONE-Floor-Ecuran-Concrete-Dark-Grey-1024x572.webp",1024,572,true],"1536x1536":["https:\/\/xstone.group\/wp-content\/uploads\/2026\/03\/XSTONE-Floor-Ecuran-Concrete-Dark-Grey-1536x857.webp",1536,857,true],"2048x2048":["https:\/\/xstone.group\/wp-content\/uploads\/2026\/03\/XSTONE-Floor-Ecuran-Concrete-Dark-Grey-2048x1143.webp",2048,1143,true],"tp-image-grid":["https:\/\/xstone.group\/wp-content\/uploads\/2026\/03\/XSTONE-Floor-Ecuran-Concrete-Dark-Grey-700x700.webp",700,700,true],"tenweb_optimizer_mobile":["https:\/\/xstone.group\/wp-content\/uploads\/2026\/03\/XSTONE-Floor-Ecuran-Concrete-Dark-Grey-600x335.webp",600,335,true],"tenweb_optimizer_tablet":["https:\/\/xstone.group\/wp-content\/uploads\/2026\/03\/XSTONE-Floor-Ecuran-Concrete-Dark-Grey-768x429.webp",768,429,true],"woocommerce_thumbnail":["https:\/\/xstone.group\/wp-content\/uploads\/2026\/03\/XSTONE-Floor-Ecuran-Concrete-Dark-Grey-300x300.webp",300,300,true],"woocommerce_single":["https:\/\/xstone.group\/wp-content\/uploads\/2026\/03\/XSTONE-Floor-Ecuran-Concrete-Dark-Grey-600x335.webp",600,335,true],"woocommerce_gallery_thumbnail":["https:\/\/xstone.group\/wp-content\/uploads\/2026\/03\/XSTONE-Floor-Ecuran-Concrete-Dark-Grey-100x100.webp",100,100,true]},"uagb_author_info":{"display_name":"laurent.gomez@xstone.group","author_link":"https:\/\/xstone.group\/cs\/author\/"},"uagb_comment_info":0,"uagb_excerpt":"N\u011bkter\u00e9 povrchy prost\u011b vl\u00e1dnou m\u00edstnosti. Tento je jedn\u00edm z nich. XSTONE Floor Ecuran Smooth Anthracite je udr\u017eiteln\u00fd pru\u017en\u00fd podlahov\u00fd syst\u00e9m, ve kter\u00e9m se snoub\u00ed miner\u00e1ln\u00ed p\u0159esnost s architektonickou intenzitou. Struktura Smooth &#8211; klidn\u00e1, sametov\u00e1 miner\u00e1ln\u00ed struktura se sotva znateln\u00fdmi p\u0159\u00edrodn\u00edmi odchylkami &#8211; se v antracitov\u00e9 barv\u011b st\u00e1v\u00e1 n\u011b\u010d\u00edm mnohem siln\u011bj\u0161\u00edm: hlubokou, chladnou modroocelovou \u0161ed\u00ed, kter\u00e1&hellip;","_links":{"self":[{"href":"https:\/\/xstone.group\/cs\/wp-json\/wp\/v2\/product\/25947","targetHints":{"allow":["GET"]}}],"collection":[{"href":"https:\/\/xstone.group\/cs\/wp-json\/wp\/v2\/product"}],"about":[{"href":"https:\/\/xstone.group\/cs\/wp-json\/wp\/v2\/types\/product"}],"replies":[{"embeddable":true,"href":"https:\/\/xstone.group\/cs\/wp-json\/wp\/v2\/comments?post=25947"}],"wp:featuredmedia":[{"embeddable":true,"href":"https:\/\/xstone.group\/cs\/wp-json\/wp\/v2\/media\/25970"}],"wp:attachment":[{"href":"https:\/\/xstone.group\/cs\/wp-json\/wp\/v2\/media?parent=25947"}],"wp:term":[{"taxonomy":"product_brand","embeddable":true,"href":"https:\/\/xstone.group\/cs\/wp-json\/wp\/v2\/product_brand?post=25947"},{"taxonomy":"product_cat","embeddable":true,"href":"https:\/\/xstone.group\/cs\/wp-json\/wp\/v2\/product_cat?post=25947"},{"taxonomy":"product_tag","embeddable":true,"href":"https:\/\/xstone.group\/cs\/wp-json\/wp\/v2\/product_tag?post=25947"}],"curies":[{"name":"wp","href":"https:\/\/api.w.org\/{rel}","templated":true}]}}