{"id":26013,"date":"2025-12-03T13:29:08","date_gmt":"2025-12-03T13:29:08","guid":{"rendered":"https:\/\/xstone.group\/product\/ecu-floor-ecuran-trc-travertin-classic-01087-beige-de-paris\/"},"modified":"2025-12-03T13:29:08","modified_gmt":"2025-12-03T13:29:08","slug":"ecutrc01087-floor-ecuran-travertine-classic-beige-de-paris","status":"publish","type":"product","link":"https:\/\/xstone.group\/cs\/product\/ecutrc01087-floor-ecuran-travertine-classic-beige-de-paris\/","title":{"rendered":"[ECU] Floor Ecuran [TRC] Travertin Classic [01087] Beige de Paris"},"content":{"rendered":"<p class=\"font-claude-response-body break-words whitespace-normal leading-[1.7]\">Kde se snoub\u00ed teplo star\u00e9ho kamene s inovacemi materi\u00e1l\u016f z\u00edt\u0159ka &#8211; to je XSTONE Ecuran Travertine Classic v barv\u011b Beige de Paris.<\/p>\n<p class=\"font-claude-response-body break-words whitespace-normal leading-[1.7]\">Z\u00e1kladem je Ecuran, kompozit na biologick\u00e9 b\u00e1zi vyroben\u00fd z rostlinn\u00fdch olej\u016f a p\u0159\u00edrodn\u00edch miner\u00e1l\u016f, zcela bez PVC, zm\u011bk\u010dovadel a rozpou\u0161t\u011bdel. Tento pru\u017en\u00fd podlahov\u00fd syst\u00e9m, spojen\u00fd s prav\u00fdm povrchem z miner\u00e1ln\u00ed d\u00fdhy XSTONE &#8211; 90 % pr\u00e1\u0161ku z p\u0159\u00edrodn\u00edho kamene &#8211; poskytuje autentickou hloubku a charakter travertinu bez hmotnosti, k\u0159ehkosti a ekologick\u00e9 z\u00e1t\u011b\u017ee t\u011b\u017een\u00e9ho kamene. <\/p>\n<p class=\"font-claude-response-body break-words whitespace-normal leading-[1.7]\">Struktura travertinu Classic o\u017eivuje v\u0161echny nuance p\u0159\u00edrodn\u00edho travertinu: jemn\u00e9 p\u00f3ry, mikrodutiny a jemn\u00fd nepravideln\u00fd reli\u00e9f, kter\u00fd zachycuje sv\u011btlo tich\u00fdm, prom\u011bnliv\u00fdm zp\u016fsobem. Pod n\u00ed se skr\u00fdv\u00e1 barevn\u00fd odst\u00edn Beige de Paris &#8211; jemn\u00e1, kr\u00e9mov\u00e1 miner\u00e1ln\u00ed b\u00e9\u017eov\u00e1 s tepl\u00fdmi zemit\u00fdmi t\u00f3ny, kter\u00e1 evokuje sluncem proz\u00e1\u0159en\u00e9 v\u00e1pencov\u00e9 fas\u00e1dy haussmannovsk\u00e9 architektury. V\u00fdsledkem je povrch, kter\u00fd p\u016fsob\u00ed nad\u010dasov\u011b, uzemn\u011bn\u011b a lehce rafinovan\u011b.  <\/p>\n<p class=\"font-claude-response-body break-words whitespace-normal leading-[1.7]\">Toto \u0159e\u0161en\u00ed kamenn\u00fdch podlah na b\u00e1zi biokamene je ur\u010deno pro vysoce v\u00fdkonn\u00e1 prost\u0159ed\u00ed &#8211; pohostinstv\u00ed, luxusn\u00ed obchody, pr\u00e9miov\u00e9 obytn\u00e9 domy &#8211; kde mus\u00ed designov\u00e1 integrita koexistovat s trvanlivost\u00ed, akustick\u00fdm komfortem a udr\u017eitelnost\u00ed. D\u00edky certifik\u00e1tu Bfl-s1 pro po\u017e\u00e1rn\u00ed bezpe\u010dnost a certifikac\u00edm Blue Angel, Cradle to Cradle a GREENGUARD je ide\u00e1ln\u00ed volbou pro projekty zam\u011b\u0159en\u00e9 na BREEAM a LEED, kter\u00e9 odm\u00edtaj\u00ed d\u011blat kompromisy v oblasti estetiky. <\/p>\n","protected":false},"excerpt":{"rendered":"<p>Kde se snoub\u00ed teplo star\u00e9ho kamene s inovacemi materi\u00e1l\u016f z\u00edt\u0159ka &#8211; to je XSTONE Ecuran Travertine Classic v barv\u011b Beige de Paris. Z\u00e1kladem je Ecuran, kompozit na biologick\u00e9 b\u00e1zi vyroben\u00fd z rostlinn\u00fdch olej\u016f a p\u0159\u00edrodn\u00edch miner\u00e1l\u016f, zcela bez PVC, zm\u011bk\u010dovadel a rozpou\u0161t\u011bdel. Tento pru\u017en\u00fd podlahov\u00fd syst\u00e9m, spojen\u00fd s prav\u00fdm povrchem z miner\u00e1ln\u00ed d\u00fdhy XSTONE &#8211; [&hellip;]<\/p>\n","protected":false},"featured_media":26021,"comment_status":"open","ping_status":"closed","template":"","meta":{"_acf_changed":false,"_uag_custom_page_level_css":"","site-sidebar-layout":"default","site-content-layout":"","ast-site-content-layout":"default","site-content-style":"default","site-sidebar-style":"default","ast-global-header-display":"","ast-banner-title-visibility":"","ast-main-header-display":"","ast-hfb-above-header-display":"","ast-hfb-below-header-display":"","ast-hfb-mobile-header-display":"","site-post-title":"","ast-breadcrumbs-content":"","ast-featured-img":"","footer-sml-layout":"","theme-transparent-header-meta":"default","adv-header-id-meta":"","stick-header-meta":"default","header-above-stick-meta":"","header-main-stick-meta":"","header-below-stick-meta":"","astra-migrate-meta-layouts":"default","ast-page-background-enabled":"default","ast-page-background-meta":{"desktop":{"background-color":"var(--ast-global-color-4)","background-image":"","background-repeat":"repeat","background-position":"center center","background-size":"auto","background-attachment":"scroll","background-type":"","background-media":"","overlay-type":"","overlay-color":"","overlay-opacity":"","overlay-gradient":""},"tablet":{"background-color":"","background-image":"","background-repeat":"repeat","background-position":"center center","background-size":"auto","background-attachment":"scroll","background-type":"","background-media":"","overlay-type":"","overlay-color":"","overlay-opacity":"","overlay-gradient":""},"mobile":{"background-color":"","background-image":"","background-repeat":"repeat","background-position":"center center","background-size":"auto","background-attachment":"scroll","background-type":"","background-media":"","overlay-type":"","overlay-color":"","overlay-opacity":"","overlay-gradient":""}},"ast-content-background-meta":{"desktop":{"background-color":"var(--ast-global-color-5)","background-image":"","background-repeat":"repeat","background-position":"center center","background-size":"auto","background-attachment":"scroll","background-type":"","background-media":"","overlay-type":"","overlay-color":"","overlay-opacity":"","overlay-gradient":""},"tablet":{"background-color":"var(--ast-global-color-5)","background-image":"","background-repeat":"repeat","background-position":"center center","background-size":"auto","background-attachment":"scroll","background-type":"","background-media":"","overlay-type":"","overlay-color":"","overlay-opacity":"","overlay-gradient":""},"mobile":{"background-color":"var(--ast-global-color-5)","background-image":"","background-repeat":"repeat","background-position":"center center","background-size":"auto","background-attachment":"scroll","background-type":"","background-media":"","overlay-type":"","overlay-color":"","overlay-opacity":"","overlay-gradient":""}}},"product_brand":[],"product_cat":[1603,1597,1592,1595,1587],"product_tag":[2644,9589,9590,9577,9581,9585,9583,3905,3844,2066,9579,9587],"class_list":{"0":"post-26013","1":"product","2":"type-product","3":"status-publish","4":"has-post-thumbnail","6":"product_cat-office","7":"product_cat-bathroom","8":"product_cat-retail-design","9":"product_cat-floor","10":"product_cat-signature","11":"product_tag-comp-color-17740","12":"product_tag-beige-travertine-tile","13":"product_tag-eco-friendly-luxury-flooring","14":"product_tag-bio-based-stone-flooring","15":"product_tag-luxury-resilient-flooring","16":"product_tag-mineral-stone-veneer","17":"product_tag-pvc-free-flooring","18":"product_tag-leed-certified-flooring","19":"product_tag-comp-backing-15492","20":"product_tag-comp-texture-15445","21":"product_tag-travertine-floor-tile","22":"product_tag-sustainable-interior-flooring","23":"desktop-align-left","24":"tablet-align-left","25":"mobile-align-left","27":"first","28":"instock","29":"shipping-taxable","30":"product-type-simple"},"acf":[],"yoast_head":"<!-- This site is optimized with the Yoast SEO Premium plugin v27.4 (Yoast SEO v27.4) - https:\/\/yoast.com\/product\/yoast-seo-premium-wordpress\/ -->\n<title>Podlaha Ecuran | Travertin Classic | Beige de Paris<\/title>\n<meta name=\"description\" content=\"Biopodlaha Ecuran se strukturou Travertine Classic v barv\u011b Beige de Paris. Certifikovan\u00fd miner\u00e1ln\u00ed povrch bez PVC pro luxusn\u00ed pohostinstv\u00ed a maloobchodn\u00ed design.\" \/>\n<meta name=\"robots\" content=\"index, follow, max-snippet:-1, max-image-preview:large, max-video-preview:-1\" \/>\n<link rel=\"canonical\" href=\"https:\/\/xstone.group\/cs\/product\/ecutrc01087-floor-ecuran-travertine-classic-beige-de-paris\/\" \/>\n<meta property=\"og:locale\" content=\"cs_CZ\" \/>\n<meta property=\"og:type\" content=\"article\" \/>\n<meta property=\"og:title\" content=\"[ECU] Floor Ecuran [TRC] Travertin Classic [01087] Beige de Paris\" \/>\n<meta property=\"og:description\" content=\"Biopodlaha Ecuran se strukturou Travertine Classic v barv\u011b Beige de Paris. Certifikovan\u00fd miner\u00e1ln\u00ed povrch bez PVC pro luxusn\u00ed pohostinstv\u00ed a maloobchodn\u00ed design.\" \/>\n<meta property=\"og:url\" content=\"https:\/\/xstone.group\/cs\/product\/ecutrc01087-floor-ecuran-travertine-classic-beige-de-paris\/\" \/>\n<meta property=\"og:site_name\" content=\"XSTONE\" \/>\n<meta property=\"article:publisher\" content=\"https:\/\/www.facebook.com\/Xstonesurfaces1\/\" \/>\n<meta property=\"og:image\" content=\"https:\/\/xstone.group\/wp-content\/uploads\/2025\/12\/XSTONE_Mineral-Veneer_1419.webp\" \/>\n\t<meta property=\"og:image:width\" content=\"1920\" \/>\n\t<meta property=\"og:image:height\" content=\"1080\" \/>\n\t<meta property=\"og:image:type\" content=\"image\/webp\" \/>\n<meta name=\"twitter:card\" content=\"summary_large_image\" \/>\n<meta name=\"twitter:label1\" content=\"Odhadovan\u00e1 doba \u010dten\u00ed\" \/>\n\t<meta name=\"twitter:data1\" content=\"1 minuta\" \/>\n<script type=\"application\/ld+json\" class=\"yoast-schema-graph\">{\"@context\":\"https:\\\/\\\/schema.org\",\"@graph\":[{\"@type\":\"WebPage\",\"@id\":\"https:\\\/\\\/xstone.group\\\/cs\\\/product\\\/ecutrc01087-floor-ecuran-travertine-classic-beige-de-paris\\\/\",\"url\":\"https:\\\/\\\/xstone.group\\\/cs\\\/product\\\/ecutrc01087-floor-ecuran-travertine-classic-beige-de-paris\\\/\",\"name\":\"Podlaha Ecuran | Travertin Classic | Beige de Paris\",\"isPartOf\":{\"@id\":\"https:\\\/\\\/xstone.group\\\/cs\\\/#website\"},\"primaryImageOfPage\":{\"@id\":\"https:\\\/\\\/xstone.group\\\/cs\\\/product\\\/ecutrc01087-floor-ecuran-travertine-classic-beige-de-paris\\\/#primaryimage\"},\"image\":{\"@id\":\"https:\\\/\\\/xstone.group\\\/cs\\\/product\\\/ecutrc01087-floor-ecuran-travertine-classic-beige-de-paris\\\/#primaryimage\"},\"thumbnailUrl\":\"https:\\\/\\\/xstone.group\\\/wp-content\\\/uploads\\\/2025\\\/12\\\/XSTONE_Mineral-Veneer_1419.webp\",\"datePublished\":\"2025-12-03T13:29:08+00:00\",\"description\":\"Biopodlaha Ecuran se strukturou Travertine Classic v barv\u011b Beige de Paris. Certifikovan\u00fd miner\u00e1ln\u00ed povrch bez PVC pro luxusn\u00ed pohostinstv\u00ed a maloobchodn\u00ed design.\",\"breadcrumb\":{\"@id\":\"https:\\\/\\\/xstone.group\\\/cs\\\/product\\\/ecutrc01087-floor-ecuran-travertine-classic-beige-de-paris\\\/#breadcrumb\"},\"inLanguage\":\"cs\",\"potentialAction\":[{\"@type\":\"ReadAction\",\"target\":[\"https:\\\/\\\/xstone.group\\\/cs\\\/product\\\/ecutrc01087-floor-ecuran-travertine-classic-beige-de-paris\\\/\"]}]},{\"@type\":\"ImageObject\",\"inLanguage\":\"cs\",\"@id\":\"https:\\\/\\\/xstone.group\\\/cs\\\/product\\\/ecutrc01087-floor-ecuran-travertine-classic-beige-de-paris\\\/#primaryimage\",\"url\":\"https:\\\/\\\/xstone.group\\\/wp-content\\\/uploads\\\/2025\\\/12\\\/XSTONE_Mineral-Veneer_1419.webp\",\"contentUrl\":\"https:\\\/\\\/xstone.group\\\/wp-content\\\/uploads\\\/2025\\\/12\\\/XSTONE_Mineral-Veneer_1419.webp\",\"width\":1920,\"height\":1080,\"caption\":\"bio-based stone flooring\"},{\"@type\":\"BreadcrumbList\",\"@id\":\"https:\\\/\\\/xstone.group\\\/cs\\\/product\\\/ecutrc01087-floor-ecuran-travertine-classic-beige-de-paris\\\/#breadcrumb\",\"itemListElement\":[{\"@type\":\"ListItem\",\"position\":1,\"name\":\"Home\",\"item\":\"https:\\\/\\\/xstone.group\\\/cs\\\/\"},{\"@type\":\"ListItem\",\"position\":2,\"name\":\"Produkty\",\"item\":\"https:\\\/\\\/xstone.group\\\/cs\\\/shop\\\/\"},{\"@type\":\"ListItem\",\"position\":3,\"name\":\"[ECU] Floor Ecuran [TRC] Travertin Classic [01087] Beige de Paris\"}]},{\"@type\":\"WebSite\",\"@id\":\"https:\\\/\\\/xstone.group\\\/cs\\\/#website\",\"url\":\"https:\\\/\\\/xstone.group\\\/cs\\\/\",\"name\":\"XSTONE\",\"description\":\"Autentick\u00e1 a neomezen\u00e1 kr\u00e1sa miner\u00e1l\u016f, nespoutan\u00e1 gravitac\u00ed\",\"potentialAction\":[{\"@type\":\"SearchAction\",\"target\":{\"@type\":\"EntryPoint\",\"urlTemplate\":\"https:\\\/\\\/xstone.group\\\/cs\\\/?s={search_term_string}\"},\"query-input\":{\"@type\":\"PropertyValueSpecification\",\"valueRequired\":true,\"valueName\":\"search_term_string\"}}],\"inLanguage\":\"cs\"}]}<\/script>\n<!-- \/ Yoast SEO Premium plugin. -->","yoast_head_json":{"title":"Podlaha Ecuran | Travertin Classic | Beige de Paris","description":"Biopodlaha Ecuran se strukturou Travertine Classic v barv\u011b Beige de Paris. Certifikovan\u00fd miner\u00e1ln\u00ed povrch bez PVC pro luxusn\u00ed pohostinstv\u00ed a maloobchodn\u00ed design.","robots":{"index":"index","follow":"follow","max-snippet":"max-snippet:-1","max-image-preview":"max-image-preview:large","max-video-preview":"max-video-preview:-1"},"canonical":"https:\/\/xstone.group\/cs\/product\/ecutrc01087-floor-ecuran-travertine-classic-beige-de-paris\/","og_locale":"cs_CZ","og_type":"article","og_title":"[ECU] Floor Ecuran [TRC] Travertin Classic [01087] Beige de Paris","og_description":"Biopodlaha Ecuran se strukturou Travertine Classic v barv\u011b Beige de Paris. Certifikovan\u00fd miner\u00e1ln\u00ed povrch bez PVC pro luxusn\u00ed pohostinstv\u00ed a maloobchodn\u00ed design.","og_url":"https:\/\/xstone.group\/cs\/product\/ecutrc01087-floor-ecuran-travertine-classic-beige-de-paris\/","og_site_name":"XSTONE","article_publisher":"https:\/\/www.facebook.com\/Xstonesurfaces1\/","og_image":[{"width":1920,"height":1080,"url":"https:\/\/xstone.group\/wp-content\/uploads\/2025\/12\/XSTONE_Mineral-Veneer_1419.webp","type":"image\/webp"}],"twitter_card":"summary_large_image","twitter_misc":{"Odhadovan\u00e1 doba \u010dten\u00ed":"1 minuta"},"schema":{"@context":"https:\/\/schema.org","@graph":[{"@type":"WebPage","@id":"https:\/\/xstone.group\/cs\/product\/ecutrc01087-floor-ecuran-travertine-classic-beige-de-paris\/","url":"https:\/\/xstone.group\/cs\/product\/ecutrc01087-floor-ecuran-travertine-classic-beige-de-paris\/","name":"Podlaha Ecuran | Travertin Classic | Beige de Paris","isPartOf":{"@id":"https:\/\/xstone.group\/cs\/#website"},"primaryImageOfPage":{"@id":"https:\/\/xstone.group\/cs\/product\/ecutrc01087-floor-ecuran-travertine-classic-beige-de-paris\/#primaryimage"},"image":{"@id":"https:\/\/xstone.group\/cs\/product\/ecutrc01087-floor-ecuran-travertine-classic-beige-de-paris\/#primaryimage"},"thumbnailUrl":"https:\/\/xstone.group\/wp-content\/uploads\/2025\/12\/XSTONE_Mineral-Veneer_1419.webp","datePublished":"2025-12-03T13:29:08+00:00","description":"Biopodlaha Ecuran se strukturou Travertine Classic v barv\u011b Beige de Paris. Certifikovan\u00fd miner\u00e1ln\u00ed povrch bez PVC pro luxusn\u00ed pohostinstv\u00ed a maloobchodn\u00ed design.","breadcrumb":{"@id":"https:\/\/xstone.group\/cs\/product\/ecutrc01087-floor-ecuran-travertine-classic-beige-de-paris\/#breadcrumb"},"inLanguage":"cs","potentialAction":[{"@type":"ReadAction","target":["https:\/\/xstone.group\/cs\/product\/ecutrc01087-floor-ecuran-travertine-classic-beige-de-paris\/"]}]},{"@type":"ImageObject","inLanguage":"cs","@id":"https:\/\/xstone.group\/cs\/product\/ecutrc01087-floor-ecuran-travertine-classic-beige-de-paris\/#primaryimage","url":"https:\/\/xstone.group\/wp-content\/uploads\/2025\/12\/XSTONE_Mineral-Veneer_1419.webp","contentUrl":"https:\/\/xstone.group\/wp-content\/uploads\/2025\/12\/XSTONE_Mineral-Veneer_1419.webp","width":1920,"height":1080,"caption":"bio-based stone flooring"},{"@type":"BreadcrumbList","@id":"https:\/\/xstone.group\/cs\/product\/ecutrc01087-floor-ecuran-travertine-classic-beige-de-paris\/#breadcrumb","itemListElement":[{"@type":"ListItem","position":1,"name":"Home","item":"https:\/\/xstone.group\/cs\/"},{"@type":"ListItem","position":2,"name":"Produkty","item":"https:\/\/xstone.group\/cs\/shop\/"},{"@type":"ListItem","position":3,"name":"[ECU] Floor Ecuran [TRC] Travertin Classic [01087] Beige de Paris"}]},{"@type":"WebSite","@id":"https:\/\/xstone.group\/cs\/#website","url":"https:\/\/xstone.group\/cs\/","name":"XSTONE","description":"Autentick\u00e1 a neomezen\u00e1 kr\u00e1sa miner\u00e1l\u016f, nespoutan\u00e1 gravitac\u00ed","potentialAction":[{"@type":"SearchAction","target":{"@type":"EntryPoint","urlTemplate":"https:\/\/xstone.group\/cs\/?s={search_term_string}"},"query-input":{"@type":"PropertyValueSpecification","valueRequired":true,"valueName":"search_term_string"}}],"inLanguage":"cs"}]}},"spectra_custom_meta":{"_last_translation_edit_mode":["translation-editor"],"_product_attributes":["a:8:{s:7:\"backing\";a:6:{s:4:\"name\";s:7:\"Backing\";s:5:\"value\";s:6:\"Ecuran\";s:8:\"position\";i:0;s:10:\"is_visible\";i:1;s:12:\"is_variation\";i:0;s:11:\"is_taxonomy\";i:0;}s:7:\"texture\";a:6:{s:4:\"name\";s:7:\"Texture\";s:5:\"value\";s:17:\"Travertin Classic\";s:8:\"position\";i:1;s:10:\"is_visible\";i:1;s:12:\"is_variation\";i:0;s:11:\"is_taxonomy\";i:0;}s:5:\"color\";a:6:{s:4:\"name\";s:5:\"Color\";s:5:\"value\";s:14:\"Beige de Paris\";s:8:\"position\";i:2;s:10:\"is_visible\";i:1;s:12:\"is_variation\";i:0;s:11:\"is_taxonomy\";i:0;}s:4:\"size\";a:6:{s:4:\"name\";s:4:\"Size\";s:5:\"value\";s:63:\"1200 x 800 mm; 3000 x 1000 mm; dal\u0161\u00ed rozm\u011bry na vy\u017e\u00e1d\u00e1n\u00ed\";s:8:\"position\";i:3;s:10:\"is_visible\";i:1;s:12:\"is_variation\";i:0;s:11:\"is_taxonomy\";i:0;}s:9:\"thickness\";a:6:{s:4:\"name\";s:9:\"Thickness\";s:5:\"value\";s:12:\"2,5 mm, 5 mm\";s:8:\"position\";i:4;s:10:\"is_visible\";i:1;s:12:\"is_variation\";i:0;s:11:\"is_taxonomy\";i:0;}s:6:\"finish\";a:6:{s:4:\"name\";s:6:\"Finish\";s:5:\"value\";s:4:\"Matt\";s:8:\"position\";i:5;s:10:\"is_visible\";i:1;s:12:\"is_variation\";i:0;s:11:\"is_taxonomy\";i:0;}s:11:\"composition\";a:6:{s:4:\"name\";s:11:\"Composition\";s:5:\"value\";s:263:\"Vrchn\u00ed vrstva PU s intenzivn\u00edm provozem + Akrylov\u00e1 barva nebo UV tisk + Dekorativn\u00ed miner\u00e1ln\u00ed d\u00fdha 1 mm (90 % kamenn\u00e9ho pr\u00e1\u0161ku) + Z\u00e1kladn\u00ed vrstva: vysoce v\u00fdkonn\u00fd kompozitn\u00ed materi\u00e1l ecuran 4 mm + Podklad: Materi\u00e1l: + integrovan\u00fd FleeceTEC-System\";s:8:\"position\";i:6;s:10:\"is_visible\";i:1;s:12:\"is_variation\";i:0;s:11:\"is_taxonomy\";i:0;}s:11:\"fire-rating\";a:6:{s:4:\"name\";s:11:\"Fire Rating\";s:5:\"value\";s:6:\"Bfl-s1\";s:8:\"position\";i:7;s:10:\"is_visible\";i:1;s:12:\"is_variation\";i:0;s:11:\"is_taxonomy\";i:0;}}"],"attr_label_translations":["a:1:{s:2:\"cs\";a:8:{s:7:\"backing\";s:13:\"Z\u00e1lohov\u00e1n\u00ed\";s:7:\"texture\";s:7:\"Textura\";s:5:\"color\";s:5:\"Barva\";s:4:\"size\";s:8:\"Velikost\";s:9:\"thickness\";s:10:\"Tlou\u0161\u0165ka\";s:6:\"finish\";s:11:\"Dokon\u010den\u00ed\";s:11:\"composition\";s:9:\"Slo\u017een\u00ed\";s:11:\"fire-rating\";s:19:\"Po\u017e\u00e1rn\u00ed odolnost\";}}"],"_wcml_average_rating":[null],"_wcml_review_count":[null],"_wcml_rating_count":[null],"_yoast_wpseo_primary_product_cat":["332"],"_backorders":["no"],"_download_limit":["-1"],"_download_expiry":["-1"],"_downloadable":["no"],"_manage_stock":["no"],"_sku":["ECUTRC0187"],"_stock_status":["instock"],"_sold_individually":["no"],"_tax_class":[""],"_tax_status":["taxable"],"_virtual":["no"],"total_sales":["0"],"_wpml_media_duplicate":["1"],"_wpml_media_featured":["1"],"stick-header-meta":["default"],"site-sidebar-layout":["default"],"theme-transparent-header-meta":["default"],"ast-site-content-layout":["default"],"site-content-style":["default"],"site-sidebar-style":["default"],"_yoast_wpseo_title":["Podlaha Ecuran | Travertin Classic | Beige de Paris"],"_yoast_wpseo_metadesc":["Biopodlaha Ecuran se strukturou Travertine Classic v barv\u011b Beige de Paris. Certifikovan\u00fd miner\u00e1ln\u00ed povrch bez PVC pro luxusn\u00ed pohostinstv\u00ed a maloobchodn\u00ed design."],"_yoast_wpseo_focuskw":["kamenn\u00e9 podlahy na b\u00e1zi bio"],"_upsell_ids":["a:3:{i:0;i:21495;i:1;i:25205;i:2;i:25102;}"],"_thumbnail_id":["26021"],"_wpml_word_count":["273"],"two_optimized_date":["1776460024"],"woolentor_views_count_product":["10"],"_uag_css_file_name":["uag-css-26013.css"],"_uag_js_file_name":["uag-js-26013.js"],"tp_widgets":["a:2:{s:7:\"widgets\";a:6:{i:0;s:18:\"plus-list-skeleton\";i:1;s:22:\"plus-listing-load-more\";i:2;s:18:\"plus-listing-metro\";i:3;s:18:\"tp-product-listout\";i:4;s:17:\"tp-single-style_1\";i:5;s:19:\"tp-woo-single-image\";}s:9:\"update_at\";s:10:\"1776541402\";}"],"_elementor_edit_mode":["builder"],"_selectproduct_layout":["18245"],"_elementor_page_assets":["a:0:{}"],"_elementor_css":["a:7:{s:4:\"time\";i:1776714876;s:5:\"fonts\";a:0:{}s:5:\"icons\";a:0:{}s:20:\"dynamic_elements_ids\";a:0:{}s:6:\"status\";s:5:\"empty\";i:0;s:0:\"\";s:3:\"css\";s:0:\"\";}"],"_wc_rating_count":[""],"_wc_review_count":[""],"_wc_average_rating":[0]},"uagb_featured_image_src":{"full":["https:\/\/xstone.group\/wp-content\/uploads\/2025\/12\/XSTONE_Mineral-Veneer_1419.webp",1920,1080,false],"thumbnail":["https:\/\/xstone.group\/wp-content\/uploads\/2025\/12\/XSTONE_Mineral-Veneer_1419-150x150.webp",150,150,true],"medium":["https:\/\/xstone.group\/wp-content\/uploads\/2025\/12\/XSTONE_Mineral-Veneer_1419-300x169.webp",300,169,true],"medium_large":["https:\/\/xstone.group\/wp-content\/uploads\/2025\/12\/XSTONE_Mineral-Veneer_1419-768x432.webp",768,432,true],"large":["https:\/\/xstone.group\/wp-content\/uploads\/2025\/12\/XSTONE_Mineral-Veneer_1419-1024x576.webp",1024,576,true],"1536x1536":["https:\/\/xstone.group\/wp-content\/uploads\/2025\/12\/XSTONE_Mineral-Veneer_1419-1536x864.webp",1536,864,true],"2048x2048":["https:\/\/xstone.group\/wp-content\/uploads\/2025\/12\/XSTONE_Mineral-Veneer_1419.webp",1920,1080,false],"tp-image-grid":["https:\/\/xstone.group\/wp-content\/uploads\/2025\/12\/XSTONE_Mineral-Veneer_1419-700x700.webp",700,700,true],"tenweb_optimizer_mobile":["https:\/\/xstone.group\/wp-content\/uploads\/2025\/12\/XSTONE_Mineral-Veneer_1419-600x338.webp",600,338,true],"tenweb_optimizer_tablet":["https:\/\/xstone.group\/wp-content\/uploads\/2025\/12\/XSTONE_Mineral-Veneer_1419-768x432.webp",768,432,true],"woocommerce_thumbnail":["https:\/\/xstone.group\/wp-content\/uploads\/2025\/12\/XSTONE_Mineral-Veneer_1419-300x300.webp",300,300,true],"woocommerce_single":["https:\/\/xstone.group\/wp-content\/uploads\/2025\/12\/XSTONE_Mineral-Veneer_1419-600x338.webp",600,338,true],"woocommerce_gallery_thumbnail":["https:\/\/xstone.group\/wp-content\/uploads\/2025\/12\/XSTONE_Mineral-Veneer_1419-100x100.webp",100,100,true]},"uagb_author_info":{"display_name":"laurent.gomez@xstone.group","author_link":"https:\/\/xstone.group\/cs\/author\/"},"uagb_comment_info":0,"uagb_excerpt":"Kde se snoub\u00ed teplo star\u00e9ho kamene s inovacemi materi\u00e1l\u016f z\u00edt\u0159ka &#8211; to je XSTONE Ecuran Travertine Classic v barv\u011b Beige de Paris. Z\u00e1kladem je Ecuran, kompozit na biologick\u00e9 b\u00e1zi vyroben\u00fd z rostlinn\u00fdch olej\u016f a p\u0159\u00edrodn\u00edch miner\u00e1l\u016f, zcela bez PVC, zm\u011bk\u010dovadel a rozpou\u0161t\u011bdel. Tento pru\u017en\u00fd podlahov\u00fd syst\u00e9m, spojen\u00fd s prav\u00fdm povrchem z miner\u00e1ln\u00ed d\u00fdhy XSTONE &#8211;&hellip;","_links":{"self":[{"href":"https:\/\/xstone.group\/cs\/wp-json\/wp\/v2\/product\/26013","targetHints":{"allow":["GET"]}}],"collection":[{"href":"https:\/\/xstone.group\/cs\/wp-json\/wp\/v2\/product"}],"about":[{"href":"https:\/\/xstone.group\/cs\/wp-json\/wp\/v2\/types\/product"}],"replies":[{"embeddable":true,"href":"https:\/\/xstone.group\/cs\/wp-json\/wp\/v2\/comments?post=26013"}],"wp:featuredmedia":[{"embeddable":true,"href":"https:\/\/xstone.group\/cs\/wp-json\/wp\/v2\/media\/26021"}],"wp:attachment":[{"href":"https:\/\/xstone.group\/cs\/wp-json\/wp\/v2\/media?parent=26013"}],"wp:term":[{"taxonomy":"product_brand","embeddable":true,"href":"https:\/\/xstone.group\/cs\/wp-json\/wp\/v2\/product_brand?post=26013"},{"taxonomy":"product_cat","embeddable":true,"href":"https:\/\/xstone.group\/cs\/wp-json\/wp\/v2\/product_cat?post=26013"},{"taxonomy":"product_tag","embeddable":true,"href":"https:\/\/xstone.group\/cs\/wp-json\/wp\/v2\/product_tag?post=26013"}],"curies":[{"name":"wp","href":"https:\/\/api.w.org\/{rel}","templated":true}]}}