{"id":26135,"date":"2025-12-03T13:31:17","date_gmt":"2025-12-03T13:31:17","guid":{"rendered":"https:\/\/xstone.group\/product\/rol-roll-mineral-veneer-hsm-honed-smooth-10005-middle-grey\/"},"modified":"2025-12-03T13:31:17","modified_gmt":"2025-12-03T13:31:17","slug":"rolhsm10005-roll-concrete-honed-smooth-middle-grey","status":"publish","type":"product","link":"https:\/\/xstone.group\/cs\/product\/rolhsm10005-roll-concrete-honed-smooth-middle-grey\/","title":{"rendered":"[ROL] Roll Mineral Veneer [HSM] Honed Smooth [10005] Middle Grey"},"content":{"rendered":"<p class=\"font-claude-response-body break-words whitespace-normal leading-[1.7]\">P\u0159esnost m\u00e1 strukturu. To je ona. <\/p>\n<p class=\"font-claude-response-body break-words whitespace-normal leading-[1.7]\">Sklo Roll Fiber Glass v barv\u00e1ch Honed Smooth a Middle Grey je m\u00edstem, kde se miner\u00e1ln\u00ed discipl\u00edna setk\u00e1v\u00e1 s architektonickou poezi\u00ed. Jeho povrch je klidn\u00fd a sametov\u00fd &#8211; nen\u00ed to syrovost \u010derstv\u011b vyt\u011b\u017een\u00e9ho kamene, ale tich\u00e1 jemnost ru\u010dn\u011b opracovan\u00e9ho kamene, zjemn\u011bn\u00e9ho do stavu klidn\u00e9 dokonalosti. Hladk\u00e1 struktura Honed Smooth zachycuje sv\u011btlo, ani\u017e by ho odr\u00e1\u017eela, a vytv\u00e1\u0159\u00ed souvisl\u00e9 miner\u00e1ln\u00ed pole, kter\u00e9 vdechuje hloubku a rovnov\u00e1hu ka\u017ed\u00e9mu prostoru, v n\u011bm\u017e se nach\u00e1z\u00ed.  <\/p>\n<p class=\"font-claude-response-body break-words whitespace-normal leading-[1.7]\">St\u0159edn\u00ed \u0161ed\u00e1 to v\u0161echno \u0159\u00edd\u00ed s nenucenou autoritou. Nen\u00ed ani tepl\u00e1, ani studen\u00e1, ale nese v sob\u011b klidnou s\u00edlu p\u0159\u00edrodn\u00edho kamene v jeho nejrozhodn\u011bj\u0161\u00ed podob\u011b &#8211; uzemn\u011bn\u00e1, vyv\u00e1\u017een\u00e1 a nekone\u010dn\u011b univerz\u00e1ln\u00ed. T\u00f3n, kter\u00fd zv\u00fdrazn\u00ed ka\u017ed\u00fd materi\u00e1l, s n\u00edm\u017e se setk\u00e1, ka\u017ed\u00fd tvar, kter\u00fd obklop\u00ed, ka\u017ed\u00e9 sv\u011btlo, kter\u00e9 na n\u011bj dopadne.  <\/p>\n<p class=\"font-claude-response-body break-words whitespace-normal leading-[1.7]\">Tato brou\u0161en\u00e1 hladk\u00e1 pru\u017en\u00e1 miner\u00e1ln\u00ed d\u00fdha v roli, um\u00edst\u011bn\u00e1 na pru\u017en\u00e9m podkladu ze skeln\u00fdch vl\u00e1ken a v\u00e1\u017e\u00edc\u00ed pouh\u00e9 2 kg\/m\u00b2, se p\u0159izp\u016fsob\u00ed st\u011bn\u00e1m, zak\u0159iven\u00fdm povrch\u016fm, fas\u00e1d\u00e1m, strop\u016fm a architektonick\u00fdm detail\u016fm, ani\u017e by do\u0161lo k naru\u0161en\u00ed konstrukce. Instaluje se \u010dist\u011b, p\u0159esn\u011b \u0159e\u017ee a prom\u011bn\u00ed prostor za zlomek \u010dasu, kter\u00fd vy\u017eaduje tradi\u010dn\u00ed k\u00e1men. <\/p>\n<p class=\"font-claude-response-body break-words whitespace-normal leading-[1.7]\">A2-s1-d0 s po\u017e\u00e1rn\u00ed odolnost\u00ed. 90% recyklovan\u00fd mramorov\u00fd kamenn\u00fd pr\u00e1\u0161ek. Vhodn\u00fd pro luxusn\u00ed obytn\u00e9 prostory, pohostinstv\u00ed, maloobchod a komer\u010dn\u00ed prostory s vysokou \u00farovn\u00ed kvality.  <\/p>\n<p class=\"font-claude-response-body break-words whitespace-normal leading-[1.7]\">Nejjemn\u011bj\u0161\u00ed povrchy \u0159\u00edkaj\u00ed nejm\u00e9n\u011b &#8211; a znamenaj\u00ed nejv\u00edce.<\/p>\n<hr class=\"border-border-200 border-t-0.5 my-3 mx-1.5\">\n","protected":false},"excerpt":{"rendered":"<p>P\u0159esnost m\u00e1 strukturu. To je ona. Sklo Roll Fiber Glass v barv\u00e1ch Honed Smooth a Middle Grey je m\u00edstem, kde se miner\u00e1ln\u00ed discipl\u00edna setk\u00e1v\u00e1 s architektonickou poezi\u00ed. Jeho povrch je klidn\u00fd a sametov\u00fd &#8211; nen\u00ed to syrovost \u010derstv\u011b vyt\u011b\u017een\u00e9ho kamene, ale tich\u00e1 jemnost ru\u010dn\u011b opracovan\u00e9ho kamene, zjemn\u011bn\u00e9ho do stavu klidn\u00e9 dokonalosti. Hladk\u00e1 struktura Honed Smooth [&hellip;]<\/p>\n","protected":false},"featured_media":26142,"comment_status":"open","ping_status":"closed","template":"","meta":{"_acf_changed":false,"_uag_custom_page_level_css":"","site-sidebar-layout":"default","site-content-layout":"","ast-site-content-layout":"default","site-content-style":"default","site-sidebar-style":"default","ast-global-header-display":"","ast-banner-title-visibility":"","ast-main-header-display":"","ast-hfb-above-header-display":"","ast-hfb-below-header-display":"","ast-hfb-mobile-header-display":"","site-post-title":"","ast-breadcrumbs-content":"","ast-featured-img":"","footer-sml-layout":"","theme-transparent-header-meta":"default","adv-header-id-meta":"","stick-header-meta":"default","header-above-stick-meta":"","header-main-stick-meta":"","header-below-stick-meta":"","astra-migrate-meta-layouts":"default","ast-page-background-enabled":"default","ast-page-background-meta":{"desktop":{"background-color":"var(--ast-global-color-4)","background-image":"","background-repeat":"repeat","background-position":"center center","background-size":"auto","background-attachment":"scroll","background-type":"","background-media":"","overlay-type":"","overlay-color":"","overlay-opacity":"","overlay-gradient":""},"tablet":{"background-color":"","background-image":"","background-repeat":"repeat","background-position":"center center","background-size":"auto","background-attachment":"scroll","background-type":"","background-media":"","overlay-type":"","overlay-color":"","overlay-opacity":"","overlay-gradient":""},"mobile":{"background-color":"","background-image":"","background-repeat":"repeat","background-position":"center center","background-size":"auto","background-attachment":"scroll","background-type":"","background-media":"","overlay-type":"","overlay-color":"","overlay-opacity":"","overlay-gradient":""}},"ast-content-background-meta":{"desktop":{"background-color":"var(--ast-global-color-5)","background-image":"","background-repeat":"repeat","background-position":"center center","background-size":"auto","background-attachment":"scroll","background-type":"","background-media":"","overlay-type":"","overlay-color":"","overlay-opacity":"","overlay-gradient":""},"tablet":{"background-color":"var(--ast-global-color-5)","background-image":"","background-repeat":"repeat","background-position":"center center","background-size":"auto","background-attachment":"scroll","background-type":"","background-media":"","overlay-type":"","overlay-color":"","overlay-opacity":"","overlay-gradient":""},"mobile":{"background-color":"var(--ast-global-color-5)","background-image":"","background-repeat":"repeat","background-position":"center center","background-size":"auto","background-attachment":"scroll","background-type":"","background-media":"","overlay-type":"","overlay-color":"","overlay-opacity":"","overlay-gradient":""}}},"product_brand":[],"product_cat":[1589,1599,1597,1592,1593,1601,1587],"product_tag":[1880,9706,9713,9708,9710,2974,9712,1605,9704,9711,9709,4182],"class_list":{"0":"post-26135","1":"product","2":"type-product","3":"status-publish","4":"has-post-thumbnail","6":"product_cat-wall-design","7":"product_cat-facade","8":"product_cat-bathroom","9":"product_cat-retail-design","10":"product_cat-furniture","11":"product_cat-panel","12":"product_cat-signature","13":"product_tag-comp-color-15393","14":"product_tag-honed-stone-wall-panel","15":"product_tag-flexible-architectural-surface","16":"product_tag-smooth-stone-cladding","17":"product_tag-lightweight-stone-veneer-roll","18":"product_tag-luxury-interior-wall-finish","19":"product_tag-contemporary-stone-wall-tile","20":"product_tag-comp-backing-15503","21":"product_tag-flexible-mineral-veneer","22":"product_tag-recycled-stone-veneer","23":"product_tag-middle-grey-wall-surface","24":"product_tag-comp-texture-16893","25":"desktop-align-left","26":"tablet-align-left","27":"mobile-align-left","29":"first","30":"instock","31":"shipping-taxable","32":"product-type-simple"},"acf":[],"yoast_head":"<!-- This site is optimized with the Yoast SEO Premium plugin v27.4 (Yoast SEO v27.4) - https:\/\/yoast.com\/product\/yoast-seo-premium-wordpress\/ -->\n<title>Roll | Honed Smooth Concrete | Middle Grey<\/title>\n<meta name=\"description\" content=\"Pru\u017en\u00fd v\u00e1lec z miner\u00e1ln\u00ed d\u00fdhy v barv\u011b Honed Smooth &amp; Middle Grey. Po\u017e\u00e1rn\u00ed t\u0159\u00edda A2, 90 % recykl\u00e1t, 2 kg\/m\u00b2. Klidn\u00fd, rafinovan\u00fd povrch pro modern\u00ed luxusn\u00ed architekturu.\" \/>\n<meta name=\"robots\" content=\"index, follow, max-snippet:-1, max-image-preview:large, max-video-preview:-1\" \/>\n<link rel=\"canonical\" href=\"https:\/\/xstone.group\/cs\/product\/rolhsm10005-roll-concrete-honed-smooth-middle-grey\/\" \/>\n<meta property=\"og:locale\" content=\"cs_CZ\" \/>\n<meta property=\"og:type\" content=\"article\" \/>\n<meta property=\"og:title\" content=\"[ROL] Roll Mineral Veneer [HSM] Honed Smooth [10005] Middle Grey\" \/>\n<meta property=\"og:description\" content=\"Pru\u017en\u00fd v\u00e1lec z miner\u00e1ln\u00ed d\u00fdhy v barv\u011b Honed Smooth &amp; Middle Grey. Po\u017e\u00e1rn\u00ed t\u0159\u00edda A2, 90 % recykl\u00e1t, 2 kg\/m\u00b2. Klidn\u00fd, rafinovan\u00fd povrch pro modern\u00ed luxusn\u00ed architekturu.\" \/>\n<meta property=\"og:url\" content=\"https:\/\/xstone.group\/cs\/product\/rolhsm10005-roll-concrete-honed-smooth-middle-grey\/\" \/>\n<meta property=\"og:site_name\" content=\"XSTONE\" \/>\n<meta property=\"article:publisher\" content=\"https:\/\/www.facebook.com\/Xstonesurfaces1\/\" \/>\n<meta property=\"og:image\" content=\"https:\/\/xstone.group\/wp-content\/uploads\/2025\/12\/ROL3010HSM01040-Concrete-Honed-Smooth-Middle-Grey-scaled.webp\" \/>\n\t<meta property=\"og:image:width\" content=\"2560\" \/>\n\t<meta property=\"og:image:height\" content=\"1707\" \/>\n\t<meta property=\"og:image:type\" content=\"image\/webp\" \/>\n<meta name=\"twitter:card\" content=\"summary_large_image\" \/>\n<meta name=\"twitter:label1\" content=\"Odhadovan\u00e1 doba \u010dten\u00ed\" \/>\n\t<meta name=\"twitter:data1\" content=\"1 minuta\" \/>\n<script type=\"application\/ld+json\" class=\"yoast-schema-graph\">{\"@context\":\"https:\\\/\\\/schema.org\",\"@graph\":[{\"@type\":\"WebPage\",\"@id\":\"https:\\\/\\\/xstone.group\\\/cs\\\/product\\\/rolhsm10005-roll-concrete-honed-smooth-middle-grey\\\/\",\"url\":\"https:\\\/\\\/xstone.group\\\/cs\\\/product\\\/rolhsm10005-roll-concrete-honed-smooth-middle-grey\\\/\",\"name\":\"Roll | Honed Smooth Concrete | Middle Grey\",\"isPartOf\":{\"@id\":\"https:\\\/\\\/xstone.group\\\/cs\\\/#website\"},\"primaryImageOfPage\":{\"@id\":\"https:\\\/\\\/xstone.group\\\/cs\\\/product\\\/rolhsm10005-roll-concrete-honed-smooth-middle-grey\\\/#primaryimage\"},\"image\":{\"@id\":\"https:\\\/\\\/xstone.group\\\/cs\\\/product\\\/rolhsm10005-roll-concrete-honed-smooth-middle-grey\\\/#primaryimage\"},\"thumbnailUrl\":\"https:\\\/\\\/xstone.group\\\/wp-content\\\/uploads\\\/2025\\\/12\\\/ROL3010HSM01040-Concrete-Honed-Smooth-Middle-Grey-scaled.webp\",\"datePublished\":\"2025-12-03T13:31:17+00:00\",\"description\":\"Pru\u017en\u00fd v\u00e1lec z miner\u00e1ln\u00ed d\u00fdhy v barv\u011b Honed Smooth & Middle Grey. Po\u017e\u00e1rn\u00ed t\u0159\u00edda A2, 90 % recykl\u00e1t, 2 kg\\\/m\u00b2. Klidn\u00fd, rafinovan\u00fd povrch pro modern\u00ed luxusn\u00ed architekturu.\",\"breadcrumb\":{\"@id\":\"https:\\\/\\\/xstone.group\\\/cs\\\/product\\\/rolhsm10005-roll-concrete-honed-smooth-middle-grey\\\/#breadcrumb\"},\"inLanguage\":\"cs\",\"potentialAction\":[{\"@type\":\"ReadAction\",\"target\":[\"https:\\\/\\\/xstone.group\\\/cs\\\/product\\\/rolhsm10005-roll-concrete-honed-smooth-middle-grey\\\/\"]}]},{\"@type\":\"ImageObject\",\"inLanguage\":\"cs\",\"@id\":\"https:\\\/\\\/xstone.group\\\/cs\\\/product\\\/rolhsm10005-roll-concrete-honed-smooth-middle-grey\\\/#primaryimage\",\"url\":\"https:\\\/\\\/xstone.group\\\/wp-content\\\/uploads\\\/2025\\\/12\\\/ROL3010HSM01040-Concrete-Honed-Smooth-Middle-Grey-scaled.webp\",\"contentUrl\":\"https:\\\/\\\/xstone.group\\\/wp-content\\\/uploads\\\/2025\\\/12\\\/ROL3010HSM01040-Concrete-Honed-Smooth-Middle-Grey-scaled.webp\",\"width\":2560,\"height\":1707,\"caption\":\"honed smooth middle grey roll\"},{\"@type\":\"BreadcrumbList\",\"@id\":\"https:\\\/\\\/xstone.group\\\/cs\\\/product\\\/rolhsm10005-roll-concrete-honed-smooth-middle-grey\\\/#breadcrumb\",\"itemListElement\":[{\"@type\":\"ListItem\",\"position\":1,\"name\":\"Home\",\"item\":\"https:\\\/\\\/xstone.group\\\/cs\\\/\"},{\"@type\":\"ListItem\",\"position\":2,\"name\":\"Produkty\",\"item\":\"https:\\\/\\\/xstone.group\\\/cs\\\/shop\\\/\"},{\"@type\":\"ListItem\",\"position\":3,\"name\":\"[ROL] Roll Mineral Veneer [HSM] Honed Smooth [10005] Middle Grey\"}]},{\"@type\":\"WebSite\",\"@id\":\"https:\\\/\\\/xstone.group\\\/cs\\\/#website\",\"url\":\"https:\\\/\\\/xstone.group\\\/cs\\\/\",\"name\":\"XSTONE\",\"description\":\"Autentick\u00e1 a neomezen\u00e1 kr\u00e1sa miner\u00e1l\u016f, nespoutan\u00e1 gravitac\u00ed\",\"potentialAction\":[{\"@type\":\"SearchAction\",\"target\":{\"@type\":\"EntryPoint\",\"urlTemplate\":\"https:\\\/\\\/xstone.group\\\/cs\\\/?s={search_term_string}\"},\"query-input\":{\"@type\":\"PropertyValueSpecification\",\"valueRequired\":true,\"valueName\":\"search_term_string\"}}],\"inLanguage\":\"cs\"}]}<\/script>\n<!-- \/ Yoast SEO Premium plugin. -->","yoast_head_json":{"title":"Roll | Honed Smooth Concrete | Middle Grey","description":"Pru\u017en\u00fd v\u00e1lec z miner\u00e1ln\u00ed d\u00fdhy v barv\u011b Honed Smooth & Middle Grey. Po\u017e\u00e1rn\u00ed t\u0159\u00edda A2, 90 % recykl\u00e1t, 2 kg\/m\u00b2. Klidn\u00fd, rafinovan\u00fd povrch pro modern\u00ed luxusn\u00ed architekturu.","robots":{"index":"index","follow":"follow","max-snippet":"max-snippet:-1","max-image-preview":"max-image-preview:large","max-video-preview":"max-video-preview:-1"},"canonical":"https:\/\/xstone.group\/cs\/product\/rolhsm10005-roll-concrete-honed-smooth-middle-grey\/","og_locale":"cs_CZ","og_type":"article","og_title":"[ROL] Roll Mineral Veneer [HSM] Honed Smooth [10005] Middle Grey","og_description":"Pru\u017en\u00fd v\u00e1lec z miner\u00e1ln\u00ed d\u00fdhy v barv\u011b Honed Smooth & Middle Grey. Po\u017e\u00e1rn\u00ed t\u0159\u00edda A2, 90 % recykl\u00e1t, 2 kg\/m\u00b2. Klidn\u00fd, rafinovan\u00fd povrch pro modern\u00ed luxusn\u00ed architekturu.","og_url":"https:\/\/xstone.group\/cs\/product\/rolhsm10005-roll-concrete-honed-smooth-middle-grey\/","og_site_name":"XSTONE","article_publisher":"https:\/\/www.facebook.com\/Xstonesurfaces1\/","og_image":[{"width":2560,"height":1707,"url":"https:\/\/xstone.group\/wp-content\/uploads\/2025\/12\/ROL3010HSM01040-Concrete-Honed-Smooth-Middle-Grey-scaled.webp","type":"image\/webp"}],"twitter_card":"summary_large_image","twitter_misc":{"Odhadovan\u00e1 doba \u010dten\u00ed":"1 minuta"},"schema":{"@context":"https:\/\/schema.org","@graph":[{"@type":"WebPage","@id":"https:\/\/xstone.group\/cs\/product\/rolhsm10005-roll-concrete-honed-smooth-middle-grey\/","url":"https:\/\/xstone.group\/cs\/product\/rolhsm10005-roll-concrete-honed-smooth-middle-grey\/","name":"Roll | Honed Smooth Concrete | Middle Grey","isPartOf":{"@id":"https:\/\/xstone.group\/cs\/#website"},"primaryImageOfPage":{"@id":"https:\/\/xstone.group\/cs\/product\/rolhsm10005-roll-concrete-honed-smooth-middle-grey\/#primaryimage"},"image":{"@id":"https:\/\/xstone.group\/cs\/product\/rolhsm10005-roll-concrete-honed-smooth-middle-grey\/#primaryimage"},"thumbnailUrl":"https:\/\/xstone.group\/wp-content\/uploads\/2025\/12\/ROL3010HSM01040-Concrete-Honed-Smooth-Middle-Grey-scaled.webp","datePublished":"2025-12-03T13:31:17+00:00","description":"Pru\u017en\u00fd v\u00e1lec z miner\u00e1ln\u00ed d\u00fdhy v barv\u011b Honed Smooth & Middle Grey. Po\u017e\u00e1rn\u00ed t\u0159\u00edda A2, 90 % recykl\u00e1t, 2 kg\/m\u00b2. Klidn\u00fd, rafinovan\u00fd povrch pro modern\u00ed luxusn\u00ed architekturu.","breadcrumb":{"@id":"https:\/\/xstone.group\/cs\/product\/rolhsm10005-roll-concrete-honed-smooth-middle-grey\/#breadcrumb"},"inLanguage":"cs","potentialAction":[{"@type":"ReadAction","target":["https:\/\/xstone.group\/cs\/product\/rolhsm10005-roll-concrete-honed-smooth-middle-grey\/"]}]},{"@type":"ImageObject","inLanguage":"cs","@id":"https:\/\/xstone.group\/cs\/product\/rolhsm10005-roll-concrete-honed-smooth-middle-grey\/#primaryimage","url":"https:\/\/xstone.group\/wp-content\/uploads\/2025\/12\/ROL3010HSM01040-Concrete-Honed-Smooth-Middle-Grey-scaled.webp","contentUrl":"https:\/\/xstone.group\/wp-content\/uploads\/2025\/12\/ROL3010HSM01040-Concrete-Honed-Smooth-Middle-Grey-scaled.webp","width":2560,"height":1707,"caption":"honed smooth middle grey roll"},{"@type":"BreadcrumbList","@id":"https:\/\/xstone.group\/cs\/product\/rolhsm10005-roll-concrete-honed-smooth-middle-grey\/#breadcrumb","itemListElement":[{"@type":"ListItem","position":1,"name":"Home","item":"https:\/\/xstone.group\/cs\/"},{"@type":"ListItem","position":2,"name":"Produkty","item":"https:\/\/xstone.group\/cs\/shop\/"},{"@type":"ListItem","position":3,"name":"[ROL] Roll Mineral Veneer [HSM] Honed Smooth [10005] Middle Grey"}]},{"@type":"WebSite","@id":"https:\/\/xstone.group\/cs\/#website","url":"https:\/\/xstone.group\/cs\/","name":"XSTONE","description":"Autentick\u00e1 a neomezen\u00e1 kr\u00e1sa miner\u00e1l\u016f, nespoutan\u00e1 gravitac\u00ed","potentialAction":[{"@type":"SearchAction","target":{"@type":"EntryPoint","urlTemplate":"https:\/\/xstone.group\/cs\/?s={search_term_string}"},"query-input":{"@type":"PropertyValueSpecification","valueRequired":true,"valueName":"search_term_string"}}],"inLanguage":"cs"}]}},"spectra_custom_meta":{"_last_translation_edit_mode":["translation-editor"],"_product_attributes":["a:8:{s:7:\"backing\";a:6:{s:4:\"name\";s:7:\"Backing\";s:5:\"value\";s:12:\"Sklolamin\u00e1t\";s:8:\"position\";i:0;s:10:\"is_visible\";i:1;s:12:\"is_variation\";i:0;s:11:\"is_taxonomy\";i:0;}s:7:\"texture\";a:6:{s:4:\"name\";s:7:\"Texture\";s:5:\"value\";s:18:\"Brou\u0161en\u00fd hladk\u00fd\";s:8:\"position\";i:1;s:10:\"is_visible\";i:1;s:12:\"is_variation\";i:0;s:11:\"is_taxonomy\";i:0;}s:5:\"color\";a:6:{s:4:\"name\";s:5:\"Color\";s:5:\"value\";s:16:\"St\u0159edn\u00ed \u0161ed\u00e1\";s:8:\"position\";i:2;s:10:\"is_visible\";i:1;s:12:\"is_variation\";i:0;s:11:\"is_taxonomy\";i:0;}s:4:\"size\";a:6:{s:4:\"name\";s:4:\"Size\";s:5:\"value\";s:52:\"3000 x 1000 mm; rozm\u011bry na zak\u00e1zku na vy\u017e\u00e1d\u00e1n\u00ed\";s:8:\"position\";i:3;s:10:\"is_visible\";i:1;s:12:\"is_variation\";i:0;s:11:\"is_taxonomy\";i:0;}s:9:\"thickness\";a:6:{s:4:\"name\";s:9:\"Thickness\";s:5:\"value\";s:10:\"2 - 2,5 mm\";s:8:\"position\";i:4;s:10:\"is_visible\";i:1;s:12:\"is_variation\";i:0;s:11:\"is_taxonomy\";i:0;}s:6:\"finish\";a:6:{s:4:\"name\";s:6:\"Finish\";s:5:\"value\";s:4:\"Matt\";s:8:\"position\";i:5;s:10:\"is_visible\";i:1;s:12:\"is_variation\";i:0;s:11:\"is_taxonomy\";i:0;}s:11:\"composition\";a:6:{s:4:\"name\";s:11:\"Composition\";s:5:\"value\";s:67:\"90% recyklovan\u00fd mramorov\u00fd k\u00e1men + kopolymer + sklen\u011bn\u00e9 vl\u00e1kno\";s:8:\"position\";i:6;s:10:\"is_visible\";i:1;s:12:\"is_variation\";i:0;s:11:\"is_taxonomy\";i:0;}s:11:\"fire-rating\";a:6:{s:4:\"name\";s:11:\"Fire Rating\";s:5:\"value\";s:8:\"A2-s1-d0\";s:8:\"position\";i:7;s:10:\"is_visible\";i:1;s:12:\"is_variation\";i:0;s:11:\"is_taxonomy\";i:0;}}"],"attr_label_translations":["a:1:{s:2:\"cs\";a:8:{s:7:\"backing\";s:13:\"Z\u00e1lohov\u00e1n\u00ed\";s:7:\"texture\";s:7:\"Textura\";s:5:\"color\";s:5:\"Barva\";s:4:\"size\";s:8:\"Velikost\";s:9:\"thickness\";s:10:\"Tlou\u0161\u0165ka\";s:6:\"finish\";s:11:\"Dokon\u010den\u00ed\";s:11:\"composition\";s:9:\"Slo\u017een\u00ed\";s:11:\"fire-rating\";s:19:\"Po\u017e\u00e1rn\u00ed odolnost\";}}"],"_wcml_average_rating":[null],"_wcml_review_count":[null],"_wcml_rating_count":[null],"_yoast_wpseo_primary_product_cat":["332"],"_backorders":["no"],"_download_limit":["-1"],"_download_expiry":["-1"],"_downloadable":["no"],"_manage_stock":["no"],"_sku":["ROLHSM10005"],"_stock_status":["instock"],"_sold_individually":["no"],"_tax_class":[""],"_tax_status":["taxable"],"_virtual":["no"],"total_sales":["0"],"_wpml_media_duplicate":["1"],"_wpml_media_featured":["1"],"stick-header-meta":["default"],"site-sidebar-layout":["default"],"theme-transparent-header-meta":["default"],"ast-site-content-layout":["default"],"site-content-style":["default"],"site-sidebar-style":["default"],"_yoast_wpseo_title":["Roll | Honed Smooth Concrete | Middle Grey"],"_yoast_wpseo_metadesc":["Pru\u017en\u00fd v\u00e1lec z miner\u00e1ln\u00ed d\u00fdhy v barv\u011b Honed Smooth & Middle Grey. Po\u017e\u00e1rn\u00ed t\u0159\u00edda A2, 90 % recykl\u00e1t, 2 kg\/m\u00b2. Klidn\u00fd, rafinovan\u00fd povrch pro modern\u00ed luxusn\u00ed architekturu."],"_yoast_wpseo_focuskw":["brou\u0161en\u00fd hladk\u00fd st\u0159edn\u00ed \u0161ed\u00fd v\u00e1lec"],"_upsell_ids":["a:3:{i:0;i:24774;i:1;i:24129;i:2;i:25696;}"],"_thumbnail_id":["26142"],"_wpml_word_count":["281"],"two_optimized_date":["1776448161"],"woolentor_views_count_product":["3"],"_uag_css_file_name":["uag-css-26135.css"],"_uag_js_file_name":["uag-js-26135.js"],"tp_widgets":["a:2:{s:7:\"widgets\";a:6:{i:0;s:18:\"plus-list-skeleton\";i:1;s:22:\"plus-listing-load-more\";i:2;s:18:\"plus-listing-metro\";i:3;s:18:\"tp-product-listout\";i:4;s:17:\"tp-single-style_1\";i:5;s:19:\"tp-woo-single-image\";}s:9:\"update_at\";s:10:\"1776541402\";}"],"_elementor_edit_mode":["builder"],"_selectproduct_layout":["18065"],"_elementor_page_assets":["a:0:{}"],"_elementor_css":["a:7:{s:4:\"time\";i:1776633410;s:5:\"fonts\";a:0:{}s:5:\"icons\";a:0:{}s:20:\"dynamic_elements_ids\";a:0:{}s:6:\"status\";s:5:\"empty\";i:0;s:0:\"\";s:3:\"css\";s:0:\"\";}"],"_wc_rating_count":[""],"_wc_review_count":[""],"_wc_average_rating":[0]},"uagb_featured_image_src":{"full":["https:\/\/xstone.group\/wp-content\/uploads\/2025\/12\/ROL3010HSM01040-Concrete-Honed-Smooth-Middle-Grey-scaled.webp",2560,1707,false],"thumbnail":["https:\/\/xstone.group\/wp-content\/uploads\/2025\/12\/ROL3010HSM01040-Concrete-Honed-Smooth-Middle-Grey-150x150.webp",150,150,true],"medium":["https:\/\/xstone.group\/wp-content\/uploads\/2025\/12\/ROL3010HSM01040-Concrete-Honed-Smooth-Middle-Grey-300x200.webp",300,200,true],"medium_large":["https:\/\/xstone.group\/wp-content\/uploads\/2025\/12\/ROL3010HSM01040-Concrete-Honed-Smooth-Middle-Grey-768x512.webp",768,512,true],"large":["https:\/\/xstone.group\/wp-content\/uploads\/2025\/12\/ROL3010HSM01040-Concrete-Honed-Smooth-Middle-Grey-1024x683.webp",1024,683,true],"1536x1536":["https:\/\/xstone.group\/wp-content\/uploads\/2025\/12\/ROL3010HSM01040-Concrete-Honed-Smooth-Middle-Grey-1536x1024.webp",1536,1024,true],"2048x2048":["https:\/\/xstone.group\/wp-content\/uploads\/2025\/12\/ROL3010HSM01040-Concrete-Honed-Smooth-Middle-Grey-2048x1365.webp",2048,1365,true],"tp-image-grid":["https:\/\/xstone.group\/wp-content\/uploads\/2025\/12\/ROL3010HSM01040-Concrete-Honed-Smooth-Middle-Grey-700x700.webp",700,700,true],"tenweb_optimizer_mobile":["https:\/\/xstone.group\/wp-content\/uploads\/2025\/12\/ROL3010HSM01040-Concrete-Honed-Smooth-Middle-Grey-600x400.webp",600,400,true],"tenweb_optimizer_tablet":["https:\/\/xstone.group\/wp-content\/uploads\/2025\/12\/ROL3010HSM01040-Concrete-Honed-Smooth-Middle-Grey-768x512.webp",768,512,true],"woocommerce_thumbnail":["https:\/\/xstone.group\/wp-content\/uploads\/2025\/12\/ROL3010HSM01040-Concrete-Honed-Smooth-Middle-Grey-300x300.webp",300,300,true],"woocommerce_single":["https:\/\/xstone.group\/wp-content\/uploads\/2025\/12\/ROL3010HSM01040-Concrete-Honed-Smooth-Middle-Grey-600x400.webp",600,400,true],"woocommerce_gallery_thumbnail":["https:\/\/xstone.group\/wp-content\/uploads\/2025\/12\/ROL3010HSM01040-Concrete-Honed-Smooth-Middle-Grey-100x100.webp",100,100,true]},"uagb_author_info":{"display_name":"laurent.gomez@xstone.group","author_link":"https:\/\/xstone.group\/cs\/author\/"},"uagb_comment_info":0,"uagb_excerpt":"P\u0159esnost m\u00e1 strukturu. To je ona. Sklo Roll Fiber Glass v barv\u00e1ch Honed Smooth a Middle Grey je m\u00edstem, kde se miner\u00e1ln\u00ed discipl\u00edna setk\u00e1v\u00e1 s architektonickou poezi\u00ed. Jeho povrch je klidn\u00fd a sametov\u00fd &#8211; nen\u00ed to syrovost \u010derstv\u011b vyt\u011b\u017een\u00e9ho kamene, ale tich\u00e1 jemnost ru\u010dn\u011b opracovan\u00e9ho kamene, zjemn\u011bn\u00e9ho do stavu klidn\u00e9 dokonalosti. Hladk\u00e1 struktura Honed Smooth&hellip;","_links":{"self":[{"href":"https:\/\/xstone.group\/cs\/wp-json\/wp\/v2\/product\/26135","targetHints":{"allow":["GET"]}}],"collection":[{"href":"https:\/\/xstone.group\/cs\/wp-json\/wp\/v2\/product"}],"about":[{"href":"https:\/\/xstone.group\/cs\/wp-json\/wp\/v2\/types\/product"}],"replies":[{"embeddable":true,"href":"https:\/\/xstone.group\/cs\/wp-json\/wp\/v2\/comments?post=26135"}],"wp:featuredmedia":[{"embeddable":true,"href":"https:\/\/xstone.group\/cs\/wp-json\/wp\/v2\/media\/26142"}],"wp:attachment":[{"href":"https:\/\/xstone.group\/cs\/wp-json\/wp\/v2\/media?parent=26135"}],"wp:term":[{"taxonomy":"product_brand","embeddable":true,"href":"https:\/\/xstone.group\/cs\/wp-json\/wp\/v2\/product_brand?post=26135"},{"taxonomy":"product_cat","embeddable":true,"href":"https:\/\/xstone.group\/cs\/wp-json\/wp\/v2\/product_cat?post=26135"},{"taxonomy":"product_tag","embeddable":true,"href":"https:\/\/xstone.group\/cs\/wp-json\/wp\/v2\/product_tag?post=26135"}],"curies":[{"name":"wp","href":"https:\/\/api.w.org\/{rel}","templated":true}]}}