{"id":26260,"date":"2025-12-03T15:11:55","date_gmt":"2025-12-03T15:11:55","guid":{"rendered":"https:\/\/xstone.group\/product\/apt-acustone-pet-sug-japan-sugi-wood-10033-pale-brown\/"},"modified":"2025-12-03T15:11:55","modified_gmt":"2025-12-03T15:11:55","slug":"aptsug10033-acustone-pet-sugi-brown","status":"publish","type":"product","link":"https:\/\/xstone.group\/cs\/product\/aptsug10033-acustone-pet-sugi-brown\/","title":{"rendered":"[APT] Acustone PET [SUG] Japan Sugi Wood [10033] Pale Brown"},"content":{"rendered":"<p class=\"font-claude-response-body break-words whitespace-normal leading-[1.7]\">N\u011bkter\u00e9 prostory si \u017e\u00e1daj\u00ed, aby byly vysly\u0161eny. Jin\u00e9 si \u017e\u00e1daj\u00ed ticho. <\/p>\n<p class=\"font-claude-response-body break-words whitespace-normal leading-[1.7]\">Tento akustick\u00fd miner\u00e1ln\u00ed panel odpov\u00edd\u00e1 na ob\u011b tyto ot\u00e1zky: plynul\u00e1 struktura japonsk\u00e9ho d\u0159eva Sugi Wood v tepl\u00e9 bled\u011b hn\u011bd\u00e9 barv\u011b, um\u00edst\u011bn\u00e1 na podkladu z recyklovan\u00e9ho PET, kter\u00fd m\u011bn\u00ed okoln\u00ed hluk v architektonick\u00fd klid. M\u011bkk\u00e9 line\u00e1rn\u00ed vlny pluj\u00ed po povrchu jako vzpom\u00ednka na lesn\u00ed sv\u011btlo proch\u00e1zej\u00edc\u00ed cedrem: organick\u00e9, neusp\u011bchan\u00e9, hluboce lidsk\u00e9. <\/p>\n<p class=\"font-claude-response-body break-words whitespace-normal leading-[1.7]\">Podlo\u017eka PET, vyroben\u00e1 ze 100% recyklovan\u00fdch polyesterov\u00fdch vl\u00e1ken, pohlcuje zvukovou energii na struktur\u00e1ln\u00ed \u00farovni, sni\u017euje dozvuk a zjem\u0148uje akustickou charakteristiku ka\u017ed\u00e9 m\u00edstnosti. Textura Japan Sugi Wood dod\u00e1v\u00e1 druhou vrstvu z\u00e1m\u011bru: klidnou, kontemplativn\u00ed strukturu, kter\u00e1 vn\u00e1\u0161\u00ed rytmus a teplo do st\u011bn, strop\u016f, kancel\u00e1\u0159\u00ed a pohostinsk\u00fdch prostor. Bled\u011b hn\u011bd\u00fd t\u00f3n, tlumen\u00fd pou\u0161tn\u00ed p\u00edsek proh\u0159\u00e1t\u00fd miner\u00e1ln\u00ed hloubkou; to v\u0161e dr\u017e\u00ed pohromad\u011b s tichou jistotou.  <\/p>\n<p class=\"font-claude-response-body break-words whitespace-normal leading-[1.7]\">\u017d\u00e1dn\u00e1 chemick\u00e1 pojiva. \u017d\u00e1dn\u00e9 emise VOC. Po\u017e\u00e1rn\u00ed t\u0159\u00edda B-s1-d0. K dispozici v n\u011bkolika form\u00e1tech panel\u016f, kter\u00e9 vyhovuj\u00ed jak\u00e9mukoli architektonick\u00e9mu m\u011b\u0159\u00edtku.   <\/p>\n<p class=\"font-claude-response-body break-words whitespace-normal leading-[1.7]\">Nejedn\u00e1 se pouze o povrch. Jde o rozhodnut\u00ed, jak prostor vylep\u0161it: akusticky, vizu\u00e1ln\u011b i lidsky. <\/p>\n","protected":false},"excerpt":{"rendered":"<p>N\u011bkter\u00e9 prostory si \u017e\u00e1daj\u00ed, aby byly vysly\u0161eny. Jin\u00e9 si \u017e\u00e1daj\u00ed ticho. Tento akustick\u00fd miner\u00e1ln\u00ed panel odpov\u00edd\u00e1 na ob\u011b tyto ot\u00e1zky: plynul\u00e1 struktura japonsk\u00e9ho d\u0159eva Sugi Wood v tepl\u00e9 bled\u011b hn\u011bd\u00e9 barv\u011b, um\u00edst\u011bn\u00e1 na podkladu z recyklovan\u00e9ho PET, kter\u00fd m\u011bn\u00ed okoln\u00ed hluk v architektonick\u00fd klid. M\u011bkk\u00e9 line\u00e1rn\u00ed vlny pluj\u00ed po povrchu jako vzpom\u00ednka na lesn\u00ed sv\u011btlo [&hellip;]<\/p>\n","protected":false},"featured_media":26261,"comment_status":"open","ping_status":"closed","template":"","meta":{"_acf_changed":false,"_uag_custom_page_level_css":"","site-sidebar-layout":"default","site-content-layout":"","ast-site-content-layout":"default","site-content-style":"default","site-sidebar-style":"default","ast-global-header-display":"","ast-banner-title-visibility":"","ast-main-header-display":"","ast-hfb-above-header-display":"","ast-hfb-below-header-display":"","ast-hfb-mobile-header-display":"","site-post-title":"","ast-breadcrumbs-content":"","ast-featured-img":"","footer-sml-layout":"","theme-transparent-header-meta":"default","adv-header-id-meta":"","stick-header-meta":"default","header-above-stick-meta":"","header-main-stick-meta":"","header-below-stick-meta":"","astra-migrate-meta-layouts":"default","ast-page-background-enabled":"default","ast-page-background-meta":{"desktop":{"background-color":"var(--ast-global-color-4)","background-image":"","background-repeat":"repeat","background-position":"center center","background-size":"auto","background-attachment":"scroll","background-type":"","background-media":"","overlay-type":"","overlay-color":"","overlay-opacity":"","overlay-gradient":""},"tablet":{"background-color":"","background-image":"","background-repeat":"repeat","background-position":"center center","background-size":"auto","background-attachment":"scroll","background-type":"","background-media":"","overlay-type":"","overlay-color":"","overlay-opacity":"","overlay-gradient":""},"mobile":{"background-color":"","background-image":"","background-repeat":"repeat","background-position":"center center","background-size":"auto","background-attachment":"scroll","background-type":"","background-media":"","overlay-type":"","overlay-color":"","overlay-opacity":"","overlay-gradient":""}},"ast-content-background-meta":{"desktop":{"background-color":"var(--ast-global-color-5)","background-image":"","background-repeat":"repeat","background-position":"center center","background-size":"auto","background-attachment":"scroll","background-type":"","background-media":"","overlay-type":"","overlay-color":"","overlay-opacity":"","overlay-gradient":""},"tablet":{"background-color":"var(--ast-global-color-5)","background-image":"","background-repeat":"repeat","background-position":"center center","background-size":"auto","background-attachment":"scroll","background-type":"","background-media":"","overlay-type":"","overlay-color":"","overlay-opacity":"","overlay-gradient":""},"mobile":{"background-color":"var(--ast-global-color-5)","background-image":"","background-repeat":"repeat","background-position":"center center","background-size":"auto","background-attachment":"scroll","background-type":"","background-media":"","overlay-type":"","overlay-color":"","overlay-opacity":"","overlay-gradient":""}}},"product_brand":[],"product_cat":[3456,1589,1603,1592,1587],"product_tag":[9793,9785,9797,9789,7980,9795,9791,3457,9787,8904,3156],"class_list":{"0":"post-26260","1":"product","2":"type-product","3":"status-publish","4":"has-post-thumbnail","6":"product_cat-acustone","7":"product_cat-wall-design","8":"product_cat-office","9":"product_cat-retail-design","10":"product_cat-signature","11":"product_tag-office-acoustic-solutions","12":"product_tag-acoustic-wall-panels","13":"product_tag-warm-tone-acoustic-panel","14":"product_tag-wood-grain-acoustic-surface","15":"product_tag-comp-color-17159","16":"product_tag-biophilic-interior-design","17":"product_tag-japanese-interior-design","18":"product_tag-comp-backing-15500","19":"product_tag-sound-absorbing-wall-panels","20":"product_tag-comp-texture-15444","21":"product_tag-sustainable-wall-cladding","22":"desktop-align-left","23":"tablet-align-left","24":"mobile-align-left","26":"first","27":"instock","28":"shipping-taxable","29":"product-type-simple"},"acf":[],"yoast_head":"<!-- This site is optimized with the Yoast SEO Premium plugin v27.4 (Yoast SEO v27.4) - https:\/\/yoast.com\/product\/yoast-seo-premium-wordpress\/ -->\n<title>Acustone PET | Japonsko Sugi Wood | Sv\u011btle hn\u011bd\u00e1 barva<\/title>\n<meta name=\"description\" content=\"Prom\u011b\u0148te sv\u016fj prostor pomoc\u00ed akustick\u00e9ho panelu acustone sugi brown, kter\u00fd do va\u0161eho prost\u0159ed\u00ed vnese teplo a klid. Za\u017eijte architektonick\u00fd klid je\u0161t\u011b dnes!\" \/>\n<meta name=\"robots\" content=\"index, follow, max-snippet:-1, max-image-preview:large, max-video-preview:-1\" \/>\n<link rel=\"canonical\" href=\"https:\/\/xstone.group\/cs\/product\/aptsug10033-acustone-pet-sugi-brown\/\" \/>\n<meta property=\"og:locale\" content=\"cs_CZ\" \/>\n<meta property=\"og:type\" content=\"article\" \/>\n<meta property=\"og:title\" content=\"[APT] Acustone PET [SUG] Japan Sugi Wood [10033] Pale Brown\" \/>\n<meta property=\"og:description\" content=\"Prom\u011b\u0148te sv\u016fj prostor pomoc\u00ed akustick\u00e9ho panelu acustone sugi brown, kter\u00fd do va\u0161eho prost\u0159ed\u00ed vnese teplo a klid. Za\u017eijte architektonick\u00fd klid je\u0161t\u011b dnes!\" \/>\n<meta property=\"og:url\" content=\"https:\/\/xstone.group\/cs\/product\/aptsug10033-acustone-pet-sugi-brown\/\" \/>\n<meta property=\"og:site_name\" content=\"XSTONE\" \/>\n<meta property=\"article:publisher\" content=\"https:\/\/www.facebook.com\/Xstonesurfaces1\/\" \/>\n<meta property=\"og:image\" content=\"https:\/\/xstone.group\/wp-content\/uploads\/2025\/12\/APT2412SUG10050-Acoustic-Panel-PET-Japan-Sugi-Wood-Brown-scaled.webp\" \/>\n\t<meta property=\"og:image:width\" content=\"2560\" \/>\n\t<meta property=\"og:image:height\" content=\"1707\" \/>\n\t<meta property=\"og:image:type\" content=\"image\/webp\" \/>\n<meta name=\"twitter:card\" content=\"summary_large_image\" \/>\n<meta name=\"twitter:label1\" content=\"Odhadovan\u00e1 doba \u010dten\u00ed\" \/>\n\t<meta name=\"twitter:data1\" content=\"1 minuta\" \/>\n<script type=\"application\/ld+json\" class=\"yoast-schema-graph\">{\"@context\":\"https:\\\/\\\/schema.org\",\"@graph\":[{\"@type\":\"WebPage\",\"@id\":\"https:\\\/\\\/xstone.group\\\/cs\\\/product\\\/aptsug10033-acustone-pet-sugi-brown\\\/\",\"url\":\"https:\\\/\\\/xstone.group\\\/cs\\\/product\\\/aptsug10033-acustone-pet-sugi-brown\\\/\",\"name\":\"Acustone PET | Japonsko Sugi Wood | Sv\u011btle hn\u011bd\u00e1 barva\",\"isPartOf\":{\"@id\":\"https:\\\/\\\/xstone.group\\\/cs\\\/#website\"},\"primaryImageOfPage\":{\"@id\":\"https:\\\/\\\/xstone.group\\\/cs\\\/product\\\/aptsug10033-acustone-pet-sugi-brown\\\/#primaryimage\"},\"image\":{\"@id\":\"https:\\\/\\\/xstone.group\\\/cs\\\/product\\\/aptsug10033-acustone-pet-sugi-brown\\\/#primaryimage\"},\"thumbnailUrl\":\"https:\\\/\\\/xstone.group\\\/wp-content\\\/uploads\\\/2025\\\/12\\\/APT2412SUG10050-Acoustic-Panel-PET-Japan-Sugi-Wood-Brown-scaled.webp\",\"datePublished\":\"2025-12-03T15:11:55+00:00\",\"description\":\"Prom\u011b\u0148te sv\u016fj prostor pomoc\u00ed akustick\u00e9ho panelu acustone sugi brown, kter\u00fd do va\u0161eho prost\u0159ed\u00ed vnese teplo a klid. Za\u017eijte architektonick\u00fd klid je\u0161t\u011b dnes!\",\"breadcrumb\":{\"@id\":\"https:\\\/\\\/xstone.group\\\/cs\\\/product\\\/aptsug10033-acustone-pet-sugi-brown\\\/#breadcrumb\"},\"inLanguage\":\"cs\",\"potentialAction\":[{\"@type\":\"ReadAction\",\"target\":[\"https:\\\/\\\/xstone.group\\\/cs\\\/product\\\/aptsug10033-acustone-pet-sugi-brown\\\/\"]}]},{\"@type\":\"ImageObject\",\"inLanguage\":\"cs\",\"@id\":\"https:\\\/\\\/xstone.group\\\/cs\\\/product\\\/aptsug10033-acustone-pet-sugi-brown\\\/#primaryimage\",\"url\":\"https:\\\/\\\/xstone.group\\\/wp-content\\\/uploads\\\/2025\\\/12\\\/APT2412SUG10050-Acoustic-Panel-PET-Japan-Sugi-Wood-Brown-scaled.webp\",\"contentUrl\":\"https:\\\/\\\/xstone.group\\\/wp-content\\\/uploads\\\/2025\\\/12\\\/APT2412SUG10050-Acoustic-Panel-PET-Japan-Sugi-Wood-Brown-scaled.webp\",\"width\":2560,\"height\":1707,\"caption\":\"acoustic panel acustone sugi brown\"},{\"@type\":\"BreadcrumbList\",\"@id\":\"https:\\\/\\\/xstone.group\\\/cs\\\/product\\\/aptsug10033-acustone-pet-sugi-brown\\\/#breadcrumb\",\"itemListElement\":[{\"@type\":\"ListItem\",\"position\":1,\"name\":\"Home\",\"item\":\"https:\\\/\\\/xstone.group\\\/cs\\\/\"},{\"@type\":\"ListItem\",\"position\":2,\"name\":\"Produkty\",\"item\":\"https:\\\/\\\/xstone.group\\\/cs\\\/shop\\\/\"},{\"@type\":\"ListItem\",\"position\":3,\"name\":\"[APT] Acustone PET [SUG] Japan Sugi Wood [10033] Pale Brown\"}]},{\"@type\":\"WebSite\",\"@id\":\"https:\\\/\\\/xstone.group\\\/cs\\\/#website\",\"url\":\"https:\\\/\\\/xstone.group\\\/cs\\\/\",\"name\":\"XSTONE\",\"description\":\"Autentick\u00e1 a neomezen\u00e1 kr\u00e1sa miner\u00e1l\u016f, nespoutan\u00e1 gravitac\u00ed\",\"potentialAction\":[{\"@type\":\"SearchAction\",\"target\":{\"@type\":\"EntryPoint\",\"urlTemplate\":\"https:\\\/\\\/xstone.group\\\/cs\\\/?s={search_term_string}\"},\"query-input\":{\"@type\":\"PropertyValueSpecification\",\"valueRequired\":true,\"valueName\":\"search_term_string\"}}],\"inLanguage\":\"cs\"}]}<\/script>\n<!-- \/ Yoast SEO Premium plugin. -->","yoast_head_json":{"title":"Acustone PET | Japonsko Sugi Wood | Sv\u011btle hn\u011bd\u00e1 barva","description":"Prom\u011b\u0148te sv\u016fj prostor pomoc\u00ed akustick\u00e9ho panelu acustone sugi brown, kter\u00fd do va\u0161eho prost\u0159ed\u00ed vnese teplo a klid. Za\u017eijte architektonick\u00fd klid je\u0161t\u011b dnes!","robots":{"index":"index","follow":"follow","max-snippet":"max-snippet:-1","max-image-preview":"max-image-preview:large","max-video-preview":"max-video-preview:-1"},"canonical":"https:\/\/xstone.group\/cs\/product\/aptsug10033-acustone-pet-sugi-brown\/","og_locale":"cs_CZ","og_type":"article","og_title":"[APT] Acustone PET [SUG] Japan Sugi Wood [10033] Pale Brown","og_description":"Prom\u011b\u0148te sv\u016fj prostor pomoc\u00ed akustick\u00e9ho panelu acustone sugi brown, kter\u00fd do va\u0161eho prost\u0159ed\u00ed vnese teplo a klid. Za\u017eijte architektonick\u00fd klid je\u0161t\u011b dnes!","og_url":"https:\/\/xstone.group\/cs\/product\/aptsug10033-acustone-pet-sugi-brown\/","og_site_name":"XSTONE","article_publisher":"https:\/\/www.facebook.com\/Xstonesurfaces1\/","og_image":[{"width":2560,"height":1707,"url":"https:\/\/xstone.group\/wp-content\/uploads\/2025\/12\/APT2412SUG10050-Acoustic-Panel-PET-Japan-Sugi-Wood-Brown-scaled.webp","type":"image\/webp"}],"twitter_card":"summary_large_image","twitter_misc":{"Odhadovan\u00e1 doba \u010dten\u00ed":"1 minuta"},"schema":{"@context":"https:\/\/schema.org","@graph":[{"@type":"WebPage","@id":"https:\/\/xstone.group\/cs\/product\/aptsug10033-acustone-pet-sugi-brown\/","url":"https:\/\/xstone.group\/cs\/product\/aptsug10033-acustone-pet-sugi-brown\/","name":"Acustone PET | Japonsko Sugi Wood | Sv\u011btle hn\u011bd\u00e1 barva","isPartOf":{"@id":"https:\/\/xstone.group\/cs\/#website"},"primaryImageOfPage":{"@id":"https:\/\/xstone.group\/cs\/product\/aptsug10033-acustone-pet-sugi-brown\/#primaryimage"},"image":{"@id":"https:\/\/xstone.group\/cs\/product\/aptsug10033-acustone-pet-sugi-brown\/#primaryimage"},"thumbnailUrl":"https:\/\/xstone.group\/wp-content\/uploads\/2025\/12\/APT2412SUG10050-Acoustic-Panel-PET-Japan-Sugi-Wood-Brown-scaled.webp","datePublished":"2025-12-03T15:11:55+00:00","description":"Prom\u011b\u0148te sv\u016fj prostor pomoc\u00ed akustick\u00e9ho panelu acustone sugi brown, kter\u00fd do va\u0161eho prost\u0159ed\u00ed vnese teplo a klid. Za\u017eijte architektonick\u00fd klid je\u0161t\u011b dnes!","breadcrumb":{"@id":"https:\/\/xstone.group\/cs\/product\/aptsug10033-acustone-pet-sugi-brown\/#breadcrumb"},"inLanguage":"cs","potentialAction":[{"@type":"ReadAction","target":["https:\/\/xstone.group\/cs\/product\/aptsug10033-acustone-pet-sugi-brown\/"]}]},{"@type":"ImageObject","inLanguage":"cs","@id":"https:\/\/xstone.group\/cs\/product\/aptsug10033-acustone-pet-sugi-brown\/#primaryimage","url":"https:\/\/xstone.group\/wp-content\/uploads\/2025\/12\/APT2412SUG10050-Acoustic-Panel-PET-Japan-Sugi-Wood-Brown-scaled.webp","contentUrl":"https:\/\/xstone.group\/wp-content\/uploads\/2025\/12\/APT2412SUG10050-Acoustic-Panel-PET-Japan-Sugi-Wood-Brown-scaled.webp","width":2560,"height":1707,"caption":"acoustic panel acustone sugi brown"},{"@type":"BreadcrumbList","@id":"https:\/\/xstone.group\/cs\/product\/aptsug10033-acustone-pet-sugi-brown\/#breadcrumb","itemListElement":[{"@type":"ListItem","position":1,"name":"Home","item":"https:\/\/xstone.group\/cs\/"},{"@type":"ListItem","position":2,"name":"Produkty","item":"https:\/\/xstone.group\/cs\/shop\/"},{"@type":"ListItem","position":3,"name":"[APT] Acustone PET [SUG] Japan Sugi Wood [10033] Pale Brown"}]},{"@type":"WebSite","@id":"https:\/\/xstone.group\/cs\/#website","url":"https:\/\/xstone.group\/cs\/","name":"XSTONE","description":"Autentick\u00e1 a neomezen\u00e1 kr\u00e1sa miner\u00e1l\u016f, nespoutan\u00e1 gravitac\u00ed","potentialAction":[{"@type":"SearchAction","target":{"@type":"EntryPoint","urlTemplate":"https:\/\/xstone.group\/cs\/?s={search_term_string}"},"query-input":{"@type":"PropertyValueSpecification","valueRequired":true,"valueName":"search_term_string"}}],"inLanguage":"cs"}]}},"spectra_custom_meta":{"_last_translation_edit_mode":["translation-editor"],"_product_attributes":["a:8:{s:7:\"backing\";a:6:{s:4:\"name\";s:7:\"Backing\";s:5:\"value\";s:14:\"Akustick\u00fd PET\";s:8:\"position\";i:0;s:10:\"is_visible\";i:1;s:12:\"is_variation\";i:0;s:11:\"is_taxonomy\";i:0;}s:7:\"texture\";a:6:{s:4:\"name\";s:7:\"Texture\";s:5:\"value\";s:18:\"Japonsko Sugi Wood\";s:8:\"position\";i:1;s:10:\"is_visible\";i:1;s:12:\"is_variation\";i:0;s:11:\"is_taxonomy\";i:0;}s:5:\"color\";a:6:{s:4:\"name\";s:5:\"Color\";s:5:\"value\";s:14:\"Bled\u011b hn\u011bd\u00e1\";s:8:\"position\";i:2;s:10:\"is_visible\";i:1;s:12:\"is_variation\";i:0;s:11:\"is_taxonomy\";i:0;}s:4:\"size\";a:6:{s:4:\"name\";s:4:\"Size\";s:5:\"value\";s:28:\"2440 x 1220 mm; 800 x 600 mm\";s:8:\"position\";i:3;s:10:\"is_visible\";i:1;s:12:\"is_variation\";i:0;s:11:\"is_taxonomy\";i:0;}s:9:\"thickness\";a:6:{s:4:\"name\";s:9:\"Thickness\";s:5:\"value\";s:5:\"12 mm\";s:8:\"position\";i:4;s:10:\"is_visible\";i:1;s:12:\"is_variation\";i:0;s:11:\"is_taxonomy\";i:0;}s:6:\"finish\";a:6:{s:4:\"name\";s:6:\"Finish\";s:5:\"value\";s:4:\"Matt\";s:8:\"position\";i:5;s:10:\"is_visible\";i:1;s:12:\"is_variation\";i:0;s:11:\"is_taxonomy\";i:0;}s:11:\"composition\";a:6:{s:4:\"name\";s:11:\"Composition\";s:5:\"value\";s:75:\"100% recyklovan\u00e9 polyesterov\u00e9 vl\u00e1kno bez chemick\u00fdch pojiv a retard\u00e9r\u016f\";s:8:\"position\";i:6;s:10:\"is_visible\";i:1;s:12:\"is_variation\";i:0;s:11:\"is_taxonomy\";i:0;}s:11:\"fire-rating\";a:6:{s:4:\"name\";s:11:\"Fire Rating\";s:5:\"value\";s:7:\"B-s1-d0\";s:8:\"position\";i:7;s:10:\"is_visible\";i:1;s:12:\"is_variation\";i:0;s:11:\"is_taxonomy\";i:0;}}"],"attr_label_translations":["a:1:{s:2:\"cs\";a:8:{s:7:\"backing\";s:13:\"Z\u00e1lohov\u00e1n\u00ed\";s:7:\"texture\";s:7:\"Textura\";s:5:\"color\";s:5:\"Barva\";s:4:\"size\";s:8:\"Velikost\";s:9:\"thickness\";s:10:\"Tlou\u0161\u0165ka\";s:6:\"finish\";s:11:\"Dokon\u010den\u00ed\";s:11:\"composition\";s:9:\"Slo\u017een\u00ed\";s:11:\"fire-rating\";s:19:\"Po\u017e\u00e1rn\u00ed odolnost\";}}"],"_wcml_average_rating":[null],"_wcml_review_count":[null],"_wcml_rating_count":[null],"_yoast_wpseo_primary_product_cat":["338"],"_backorders":["no"],"_download_limit":["-1"],"_download_expiry":["-1"],"_downloadable":["no"],"_manage_stock":["no"],"_sku":["APTSUG10033"],"_stock_status":["instock"],"_sold_individually":["no"],"_tax_class":[""],"_tax_status":["taxable"],"_virtual":["no"],"total_sales":["0"],"_wpml_media_duplicate":["1"],"_wpml_media_featured":["1"],"stick-header-meta":["default"],"site-sidebar-layout":["default"],"theme-transparent-header-meta":["default"],"ast-site-content-layout":["default"],"site-content-style":["default"],"site-sidebar-style":["default"],"_yoast_wpseo_title":["Acustone PET | Japonsko Sugi Wood | Sv\u011btle hn\u011bd\u00e1 barva"],"_yoast_wpseo_metadesc":["Prom\u011b\u0148te sv\u016fj prostor pomoc\u00ed akustick\u00e9ho panelu acustone sugi brown, kter\u00fd do va\u0161eho prost\u0159ed\u00ed vnese teplo a klid. Za\u017eijte architektonick\u00fd klid je\u0161t\u011b dnes!"],"_yoast_wpseo_focuskw":["akustick\u00fd panel acustone sugi brown"],"_upsell_ids":["a:3:{i:0;i:24489;i:1;i:25517;i:2;i:25063;}"],"_thumbnail_id":["26261"],"_wpml_word_count":["226"],"two_optimized_date":["1776447868"],"woolentor_views_count_product":["8"],"_uag_css_file_name":["uag-css-26260.css"],"_uag_js_file_name":["uag-js-26260.js"],"tp_widgets":["a:2:{s:7:\"widgets\";a:6:{i:0;s:18:\"plus-list-skeleton\";i:1;s:22:\"plus-listing-load-more\";i:2;s:18:\"plus-listing-metro\";i:3;s:18:\"tp-product-listout\";i:4;s:17:\"tp-single-style_1\";i:5;s:19:\"tp-woo-single-image\";}s:9:\"update_at\";s:10:\"1776541402\";}"],"_elementor_edit_mode":["builder"],"_selectproduct_layout":["18110"],"_wc_rating_count":[""],"_wc_review_count":[""],"_wc_average_rating":[0]},"uagb_featured_image_src":{"full":["https:\/\/xstone.group\/wp-content\/uploads\/2025\/12\/APT2412SUG10050-Acoustic-Panel-PET-Japan-Sugi-Wood-Brown-scaled.webp",2560,1707,false],"thumbnail":["https:\/\/xstone.group\/wp-content\/uploads\/2025\/12\/APT2412SUG10050-Acoustic-Panel-PET-Japan-Sugi-Wood-Brown-150x150.webp",150,150,true],"medium":["https:\/\/xstone.group\/wp-content\/uploads\/2025\/12\/APT2412SUG10050-Acoustic-Panel-PET-Japan-Sugi-Wood-Brown-300x200.webp",300,200,true],"medium_large":["https:\/\/xstone.group\/wp-content\/uploads\/2025\/12\/APT2412SUG10050-Acoustic-Panel-PET-Japan-Sugi-Wood-Brown-768x512.webp",768,512,true],"large":["https:\/\/xstone.group\/wp-content\/uploads\/2025\/12\/APT2412SUG10050-Acoustic-Panel-PET-Japan-Sugi-Wood-Brown-1024x683.webp",1024,683,true],"1536x1536":["https:\/\/xstone.group\/wp-content\/uploads\/2025\/12\/APT2412SUG10050-Acoustic-Panel-PET-Japan-Sugi-Wood-Brown-1536x1024.webp",1536,1024,true],"2048x2048":["https:\/\/xstone.group\/wp-content\/uploads\/2025\/12\/APT2412SUG10050-Acoustic-Panel-PET-Japan-Sugi-Wood-Brown-2048x1365.webp",2048,1365,true],"tp-image-grid":["https:\/\/xstone.group\/wp-content\/uploads\/2025\/12\/APT2412SUG10050-Acoustic-Panel-PET-Japan-Sugi-Wood-Brown-700x700.webp",700,700,true],"tenweb_optimizer_mobile":["https:\/\/xstone.group\/wp-content\/uploads\/2025\/12\/APT2412SUG10050-Acoustic-Panel-PET-Japan-Sugi-Wood-Brown-600x400.webp",600,400,true],"tenweb_optimizer_tablet":["https:\/\/xstone.group\/wp-content\/uploads\/2025\/12\/APT2412SUG10050-Acoustic-Panel-PET-Japan-Sugi-Wood-Brown-768x512.webp",768,512,true],"woocommerce_thumbnail":["https:\/\/xstone.group\/wp-content\/uploads\/2025\/12\/APT2412SUG10050-Acoustic-Panel-PET-Japan-Sugi-Wood-Brown-300x300.webp",300,300,true],"woocommerce_single":["https:\/\/xstone.group\/wp-content\/uploads\/2025\/12\/APT2412SUG10050-Acoustic-Panel-PET-Japan-Sugi-Wood-Brown-600x400.webp",600,400,true],"woocommerce_gallery_thumbnail":["https:\/\/xstone.group\/wp-content\/uploads\/2025\/12\/APT2412SUG10050-Acoustic-Panel-PET-Japan-Sugi-Wood-Brown-100x100.webp",100,100,true]},"uagb_author_info":{"display_name":"laurent.gomez@xstone.group","author_link":"https:\/\/xstone.group\/cs\/author\/"},"uagb_comment_info":0,"uagb_excerpt":"N\u011bkter\u00e9 prostory si \u017e\u00e1daj\u00ed, aby byly vysly\u0161eny. Jin\u00e9 si \u017e\u00e1daj\u00ed ticho. Tento akustick\u00fd miner\u00e1ln\u00ed panel odpov\u00edd\u00e1 na ob\u011b tyto ot\u00e1zky: plynul\u00e1 struktura japonsk\u00e9ho d\u0159eva Sugi Wood v tepl\u00e9 bled\u011b hn\u011bd\u00e9 barv\u011b, um\u00edst\u011bn\u00e1 na podkladu z recyklovan\u00e9ho PET, kter\u00fd m\u011bn\u00ed okoln\u00ed hluk v architektonick\u00fd klid. M\u011bkk\u00e9 line\u00e1rn\u00ed vlny pluj\u00ed po povrchu jako vzpom\u00ednka na lesn\u00ed sv\u011btlo&hellip;","_links":{"self":[{"href":"https:\/\/xstone.group\/cs\/wp-json\/wp\/v2\/product\/26260","targetHints":{"allow":["GET"]}}],"collection":[{"href":"https:\/\/xstone.group\/cs\/wp-json\/wp\/v2\/product"}],"about":[{"href":"https:\/\/xstone.group\/cs\/wp-json\/wp\/v2\/types\/product"}],"replies":[{"embeddable":true,"href":"https:\/\/xstone.group\/cs\/wp-json\/wp\/v2\/comments?post=26260"}],"wp:featuredmedia":[{"embeddable":true,"href":"https:\/\/xstone.group\/cs\/wp-json\/wp\/v2\/media\/26261"}],"wp:attachment":[{"href":"https:\/\/xstone.group\/cs\/wp-json\/wp\/v2\/media?parent=26260"}],"wp:term":[{"taxonomy":"product_brand","embeddable":true,"href":"https:\/\/xstone.group\/cs\/wp-json\/wp\/v2\/product_brand?post=26260"},{"taxonomy":"product_cat","embeddable":true,"href":"https:\/\/xstone.group\/cs\/wp-json\/wp\/v2\/product_cat?post=26260"},{"taxonomy":"product_tag","embeddable":true,"href":"https:\/\/xstone.group\/cs\/wp-json\/wp\/v2\/product_tag?post=26260"}],"curies":[{"name":"wp","href":"https:\/\/api.w.org\/{rel}","templated":true}]}}