{"id":20078,"date":"2026-04-14T13:19:21","date_gmt":"2026-04-14T13:19:21","guid":{"rendered":"https:\/\/xstone.group\/product\/rol-mineralisches-rollenfurnier-rgh-rauher-beton-10024-heller-kieselstein-grau\/"},"modified":"2026-04-14T13:19:21","modified_gmt":"2026-04-14T13:19:21","slug":"rolrgh10024-roll-rough-concrete-light-pebble-grey","status":"publish","type":"product","link":"https:\/\/xstone.group\/de\/product\/rolrgh10024-roll-rough-concrete-light-pebble-grey\/","title":{"rendered":"[ROL] Mineralisches Rollenfurnier [RGH] Rauher Beton [10024] Heller Kieselstein Grau"},"content":{"rendered":"<p class=\"font-claude-response-body break-words whitespace-normal leading-[1.7]\">XSTONE Roll Mineral Veneer in der Textur Rough Concrete und Light Pebble Grey ist eine flexible Wandplatte in hellem Kieselgrau mit Betoneffekt, die die Ehrlichkeit bearbeiteter mineralischer Oberfl\u00e4chen in etwas Leuchtendes und m\u00fchelos Zeitgen\u00f6ssisches destilliert. Die Textur Rough Concrete bringt ihre charakteristische taktile Wahrheit zum Vorschein: feine k\u00f6rnige Reliefs, subtile Richtungsmarkierungen und eine unregelm\u00e4\u00dfige Mikrotextur, die von Prozess und Zeit spricht &#8211; industrielle Integrit\u00e4t mit Leichtigkeit, St\u00e4rke ohne Strenge. <\/p>\n<p class=\"font-claude-response-body break-words whitespace-normal leading-[1.7]\">In Light Pebble Grey &#8211; einem weichen, k\u00fchlen Beige, das mit subtilen Sprenkeln und wolkigen, kalkstein\u00e4hnlichen Variationen angereichert ist &#8211; findet die Rohheit des Betons ihren raffiniertesten Begleiter. Dies ist nicht das Grau der st\u00e4dtischen H\u00e4rte, sondern das Grau von glattem Flussstein und leicht verwittertem Kalkstein: organisch, leuchtend und m\u00fchelos modern. Frisch ohne Sterilit\u00e4t. Texturiert ohne \u00dcberma\u00df. Die Art von Farbe, die einer Wand das Gef\u00fchl gibt, schon immer da gewesen zu sein, den Raum ruhig zu verankern und alles andere atmen zu lassen.    <\/p>\n<p class=\"font-claude-response-body break-words whitespace-normal leading-[1.7]\">Mit nur 2 kg\/m\u00b2 im flexiblen Rollenformat l\u00e4sst es sich auf flachen W\u00e4nden, gew\u00f6lbten Oberfl\u00e4chen, S\u00e4ulen und architektonischen Details gleicherma\u00dfen leicht installieren &#8211; kein Staub, keine strukturelle Belastung. Hergestellt aus 90% recyceltem Marmorsteinpulver mit Copolymer- und Glasfasertr\u00e4ger. Zertifiziert nach A2-s1-d0 f\u00fcr europ\u00e4ische Brandsicherheit. Entspricht den Nachhaltigkeitsstandards von BREEAM und LEED.   <\/p>\n<p class=\"font-claude-response-body break-words whitespace-normal leading-[1.7]\">F\u00fcr die moderne Inneneinrichtung von Hotels, erstklassige Einzelhandelsumgebungen, gehobene Wohnr\u00e4ume und architektonische Projekte, bei denen rohes Material auf raffiniertes Licht trifft.<\/p>\n<p>&nbsp;<\/p>\n<p>&nbsp;<\/p>\n<hr class=\"border-border-200 border-t-0.5 my-3 mx-1.5\">\n","protected":false},"excerpt":{"rendered":"<p>XSTONE Roll Mineral Veneer in der Textur Rough Concrete und Light Pebble Grey ist eine flexible Wandplatte in hellem Kieselgrau mit Betoneffekt, die die Ehrlichkeit bearbeiteter mineralischer Oberfl\u00e4chen in etwas Leuchtendes und m\u00fchelos Zeitgen\u00f6ssisches destilliert. Die Textur Rough Concrete bringt ihre charakteristische taktile Wahrheit zum Vorschein: feine k\u00f6rnige Reliefs, subtile Richtungsmarkierungen und eine unregelm\u00e4\u00dfige Mikrotextur, [&hellip;]<\/p>\n","protected":false},"featured_media":20091,"comment_status":"open","ping_status":"closed","template":"","meta":{"_acf_changed":false,"_uag_custom_page_level_css":"","site-sidebar-layout":"default","site-content-layout":"","ast-site-content-layout":"default","site-content-style":"default","site-sidebar-style":"default","ast-global-header-display":"","ast-banner-title-visibility":"","ast-main-header-display":"","ast-hfb-above-header-display":"","ast-hfb-below-header-display":"","ast-hfb-mobile-header-display":"","site-post-title":"","ast-breadcrumbs-content":"","ast-featured-img":"","footer-sml-layout":"","theme-transparent-header-meta":"default","adv-header-id-meta":"","stick-header-meta":"default","header-above-stick-meta":"","header-main-stick-meta":"","header-below-stick-meta":"","astra-migrate-meta-layouts":"default","ast-page-background-enabled":"default","ast-page-background-meta":{"desktop":{"background-color":"var(--ast-global-color-4)","background-image":"","background-repeat":"repeat","background-position":"center center","background-size":"auto","background-attachment":"scroll","background-type":"","background-media":"","overlay-type":"","overlay-color":"","overlay-opacity":"","overlay-gradient":""},"tablet":{"background-color":"","background-image":"","background-repeat":"repeat","background-position":"center center","background-size":"auto","background-attachment":"scroll","background-type":"","background-media":"","overlay-type":"","overlay-color":"","overlay-opacity":"","overlay-gradient":""},"mobile":{"background-color":"","background-image":"","background-repeat":"repeat","background-position":"center center","background-size":"auto","background-attachment":"scroll","background-type":"","background-media":"","overlay-type":"","overlay-color":"","overlay-opacity":"","overlay-gradient":""}},"ast-content-background-meta":{"desktop":{"background-color":"var(--ast-global-color-5)","background-image":"","background-repeat":"repeat","background-position":"center center","background-size":"auto","background-attachment":"scroll","background-type":"","background-media":"","overlay-type":"","overlay-color":"","overlay-opacity":"","overlay-gradient":""},"tablet":{"background-color":"var(--ast-global-color-5)","background-image":"","background-repeat":"repeat","background-position":"center center","background-size":"auto","background-attachment":"scroll","background-type":"","background-media":"","overlay-type":"","overlay-color":"","overlay-opacity":"","overlay-gradient":""},"mobile":{"background-color":"var(--ast-global-color-5)","background-image":"","background-repeat":"repeat","background-position":"center center","background-size":"auto","background-attachment":"scroll","background-type":"","background-media":"","overlay-type":"","overlay-color":"","overlay-opacity":"","overlay-gradient":""}}},"product_brand":[],"product_cat":[1509,1508,1515,1504,1511,1505,1513,1500,1501],"product_tag":[1535,1516,1529,1525,1539,1521,1519,1541,1537,1531,1527,1533],"class_list":{"0":"post-20078","1":"product","2":"type-product","3":"status-publish","4":"has-post-thumbnail","6":"product_cat-bathroom","7":"product_cat-floor","8":"product_cat-office","9":"product_cat-retail-design","10":"product_cat-facade","11":"product_cat-furniture","12":"product_cat-panel","13":"product_cat-signature","14":"product_cat-wall-design","15":"product_tag-a2-fire-rated-concrete-wall-veneer","16":"product_tag-comp-backing-15503","17":"product_tag-concrete-look-flexible-wall-surface","18":"product_tag-light-pebble-grey-concrete-effect-flexible-wall-panel","19":"product_tag-limestone-grey-concrete-panel","20":"product_tag-comp-color-17750","21":"product_tag-comp-texture-16905","22":"product_tag-luxury-concrete-wall-interior","23":"product_tag-sustainable-mineral-wall-cladding","24":"product_tag-organic-grey-interior-wall-panel","25":"product_tag-pebble-grey-wall-cladding","26":"product_tag-contemporary-concrete-wall-design","27":"desktop-align-left","28":"tablet-align-left","29":"mobile-align-left","31":"first","32":"instock","33":"shipping-taxable","34":"product-type-simple"},"acf":[],"yoast_head":"<!-- This site is optimized with the Yoast SEO Premium plugin v27.4 (Yoast SEO v27.4) - https:\/\/yoast.com\/product\/yoast-seo-premium-wordpress\/ -->\n<title>Mineralisches Rollenfurnier | Rauher Beton | Helles Kieselgrau<\/title>\n<meta name=\"description\" content=\"Hellgraue flexible Platte mit Betoneffekt. 90% recycelter Stein, Brandschutzklasse A2. Organische mineralische Oberfl\u00e4che f\u00fcr Luxusgastronomie, Einzelhandel und Wohngeb\u00e4ude.\" \/>\n<meta name=\"robots\" content=\"index, follow, max-snippet:-1, max-image-preview:large, max-video-preview:-1\" \/>\n<link rel=\"canonical\" href=\"https:\/\/xstone.group\/de\/product\/rolrgh10024-roll-rough-concrete-light-pebble-grey\/\" \/>\n<meta property=\"og:locale\" content=\"de_DE\" \/>\n<meta property=\"og:type\" content=\"article\" \/>\n<meta property=\"og:title\" content=\"[ROL] Mineralisches Rollenfurnier [RGH] Rauher Beton [10024] Heller Kieselstein Grau\" \/>\n<meta property=\"og:description\" content=\"Hellgraue flexible Platte mit Betoneffekt. 90% recycelter Stein, Brandschutzklasse A2. Organische mineralische Oberfl\u00e4che f\u00fcr Luxusgastronomie, Einzelhandel und Wohngeb\u00e4ude.\" \/>\n<meta property=\"og:url\" content=\"https:\/\/xstone.group\/de\/product\/rolrgh10024-roll-rough-concrete-light-pebble-grey\/\" \/>\n<meta property=\"og:site_name\" content=\"XSTONE\" \/>\n<meta property=\"article:publisher\" content=\"https:\/\/www.facebook.com\/Xstonesurfaces1\/\" \/>\n<meta property=\"og:image\" content=\"https:\/\/xstone.group\/wp-content\/uploads\/2026\/04\/XSTONE-Rough-concrete-light-pebble-grey.webp\" \/>\n\t<meta property=\"og:image:width\" content=\"1920\" \/>\n\t<meta property=\"og:image:height\" content=\"1080\" \/>\n\t<meta property=\"og:image:type\" content=\"image\/webp\" \/>\n<meta name=\"twitter:card\" content=\"summary_large_image\" \/>\n<meta name=\"twitter:label1\" content=\"Gesch\u00e4tzte Lesezeit\" \/>\n\t<meta name=\"twitter:data1\" content=\"1\u00a0Minute\" \/>\n<script type=\"application\/ld+json\" class=\"yoast-schema-graph\">{\"@context\":\"https:\\\/\\\/schema.org\",\"@graph\":[{\"@type\":\"WebPage\",\"@id\":\"https:\\\/\\\/xstone.group\\\/de\\\/product\\\/rolrgh10024-roll-rough-concrete-light-pebble-grey\\\/\",\"url\":\"https:\\\/\\\/xstone.group\\\/de\\\/product\\\/rolrgh10024-roll-rough-concrete-light-pebble-grey\\\/\",\"name\":\"Mineralisches Rollenfurnier | Rauher Beton | Helles Kieselgrau\",\"isPartOf\":{\"@id\":\"https:\\\/\\\/xstone.group\\\/de\\\/#website\"},\"primaryImageOfPage\":{\"@id\":\"https:\\\/\\\/xstone.group\\\/de\\\/product\\\/rolrgh10024-roll-rough-concrete-light-pebble-grey\\\/#primaryimage\"},\"image\":{\"@id\":\"https:\\\/\\\/xstone.group\\\/de\\\/product\\\/rolrgh10024-roll-rough-concrete-light-pebble-grey\\\/#primaryimage\"},\"thumbnailUrl\":\"https:\\\/\\\/xstone.group\\\/wp-content\\\/uploads\\\/2026\\\/04\\\/XSTONE-Rough-concrete-light-pebble-grey.webp\",\"datePublished\":\"2026-04-14T13:19:21+00:00\",\"description\":\"Hellgraue flexible Platte mit Betoneffekt. 90% recycelter Stein, Brandschutzklasse A2. Organische mineralische Oberfl\u00e4che f\u00fcr Luxusgastronomie, Einzelhandel und Wohngeb\u00e4ude.\",\"breadcrumb\":{\"@id\":\"https:\\\/\\\/xstone.group\\\/de\\\/product\\\/rolrgh10024-roll-rough-concrete-light-pebble-grey\\\/#breadcrumb\"},\"inLanguage\":\"de\",\"potentialAction\":[{\"@type\":\"ReadAction\",\"target\":[\"https:\\\/\\\/xstone.group\\\/de\\\/product\\\/rolrgh10024-roll-rough-concrete-light-pebble-grey\\\/\"]}]},{\"@type\":\"ImageObject\",\"inLanguage\":\"de\",\"@id\":\"https:\\\/\\\/xstone.group\\\/de\\\/product\\\/rolrgh10024-roll-rough-concrete-light-pebble-grey\\\/#primaryimage\",\"url\":\"https:\\\/\\\/xstone.group\\\/wp-content\\\/uploads\\\/2026\\\/04\\\/XSTONE-Rough-concrete-light-pebble-grey.webp\",\"contentUrl\":\"https:\\\/\\\/xstone.group\\\/wp-content\\\/uploads\\\/2026\\\/04\\\/XSTONE-Rough-concrete-light-pebble-grey.webp\",\"width\":1920,\"height\":1080,\"caption\":\"light grey concrete effect flexible panel\"},{\"@type\":\"BreadcrumbList\",\"@id\":\"https:\\\/\\\/xstone.group\\\/de\\\/product\\\/rolrgh10024-roll-rough-concrete-light-pebble-grey\\\/#breadcrumb\",\"itemListElement\":[{\"@type\":\"ListItem\",\"position\":1,\"name\":\"Home\",\"item\":\"https:\\\/\\\/xstone.group\\\/de\\\/\"},{\"@type\":\"ListItem\",\"position\":2,\"name\":\"Produkte\",\"item\":\"https:\\\/\\\/xstone.group\\\/de\\\/shop\\\/\"},{\"@type\":\"ListItem\",\"position\":3,\"name\":\"[ROL] Mineralisches Rollenfurnier [RGH] Rauher Beton [10024] Heller Kieselstein Grau\"}]},{\"@type\":\"WebSite\",\"@id\":\"https:\\\/\\\/xstone.group\\\/de\\\/#website\",\"url\":\"https:\\\/\\\/xstone.group\\\/de\\\/\",\"name\":\"XSTONE\",\"description\":\"Authentische und grenzenlose mineralische Sch\u00f6nheit, ungebunden von der Schwerkraft\",\"potentialAction\":[{\"@type\":\"SearchAction\",\"target\":{\"@type\":\"EntryPoint\",\"urlTemplate\":\"https:\\\/\\\/xstone.group\\\/de\\\/?s={search_term_string}\"},\"query-input\":{\"@type\":\"PropertyValueSpecification\",\"valueRequired\":true,\"valueName\":\"search_term_string\"}}],\"inLanguage\":\"de\"}]}<\/script>\n<!-- \/ Yoast SEO Premium plugin. -->","yoast_head_json":{"title":"Mineralisches Rollenfurnier | Rauher Beton | Helles Kieselgrau","description":"Hellgraue flexible Platte mit Betoneffekt. 90% recycelter Stein, Brandschutzklasse A2. Organische mineralische Oberfl\u00e4che f\u00fcr Luxusgastronomie, Einzelhandel und Wohngeb\u00e4ude.","robots":{"index":"index","follow":"follow","max-snippet":"max-snippet:-1","max-image-preview":"max-image-preview:large","max-video-preview":"max-video-preview:-1"},"canonical":"https:\/\/xstone.group\/de\/product\/rolrgh10024-roll-rough-concrete-light-pebble-grey\/","og_locale":"de_DE","og_type":"article","og_title":"[ROL] Mineralisches Rollenfurnier [RGH] Rauher Beton [10024] Heller Kieselstein Grau","og_description":"Hellgraue flexible Platte mit Betoneffekt. 90% recycelter Stein, Brandschutzklasse A2. Organische mineralische Oberfl\u00e4che f\u00fcr Luxusgastronomie, Einzelhandel und Wohngeb\u00e4ude.","og_url":"https:\/\/xstone.group\/de\/product\/rolrgh10024-roll-rough-concrete-light-pebble-grey\/","og_site_name":"XSTONE","article_publisher":"https:\/\/www.facebook.com\/Xstonesurfaces1\/","og_image":[{"width":1920,"height":1080,"url":"https:\/\/xstone.group\/wp-content\/uploads\/2026\/04\/XSTONE-Rough-concrete-light-pebble-grey.webp","type":"image\/webp"}],"twitter_card":"summary_large_image","twitter_misc":{"Gesch\u00e4tzte Lesezeit":"1\u00a0Minute"},"schema":{"@context":"https:\/\/schema.org","@graph":[{"@type":"WebPage","@id":"https:\/\/xstone.group\/de\/product\/rolrgh10024-roll-rough-concrete-light-pebble-grey\/","url":"https:\/\/xstone.group\/de\/product\/rolrgh10024-roll-rough-concrete-light-pebble-grey\/","name":"Mineralisches Rollenfurnier | Rauher Beton | Helles Kieselgrau","isPartOf":{"@id":"https:\/\/xstone.group\/de\/#website"},"primaryImageOfPage":{"@id":"https:\/\/xstone.group\/de\/product\/rolrgh10024-roll-rough-concrete-light-pebble-grey\/#primaryimage"},"image":{"@id":"https:\/\/xstone.group\/de\/product\/rolrgh10024-roll-rough-concrete-light-pebble-grey\/#primaryimage"},"thumbnailUrl":"https:\/\/xstone.group\/wp-content\/uploads\/2026\/04\/XSTONE-Rough-concrete-light-pebble-grey.webp","datePublished":"2026-04-14T13:19:21+00:00","description":"Hellgraue flexible Platte mit Betoneffekt. 90% recycelter Stein, Brandschutzklasse A2. Organische mineralische Oberfl\u00e4che f\u00fcr Luxusgastronomie, Einzelhandel und Wohngeb\u00e4ude.","breadcrumb":{"@id":"https:\/\/xstone.group\/de\/product\/rolrgh10024-roll-rough-concrete-light-pebble-grey\/#breadcrumb"},"inLanguage":"de","potentialAction":[{"@type":"ReadAction","target":["https:\/\/xstone.group\/de\/product\/rolrgh10024-roll-rough-concrete-light-pebble-grey\/"]}]},{"@type":"ImageObject","inLanguage":"de","@id":"https:\/\/xstone.group\/de\/product\/rolrgh10024-roll-rough-concrete-light-pebble-grey\/#primaryimage","url":"https:\/\/xstone.group\/wp-content\/uploads\/2026\/04\/XSTONE-Rough-concrete-light-pebble-grey.webp","contentUrl":"https:\/\/xstone.group\/wp-content\/uploads\/2026\/04\/XSTONE-Rough-concrete-light-pebble-grey.webp","width":1920,"height":1080,"caption":"light grey concrete effect flexible panel"},{"@type":"BreadcrumbList","@id":"https:\/\/xstone.group\/de\/product\/rolrgh10024-roll-rough-concrete-light-pebble-grey\/#breadcrumb","itemListElement":[{"@type":"ListItem","position":1,"name":"Home","item":"https:\/\/xstone.group\/de\/"},{"@type":"ListItem","position":2,"name":"Produkte","item":"https:\/\/xstone.group\/de\/shop\/"},{"@type":"ListItem","position":3,"name":"[ROL] Mineralisches Rollenfurnier [RGH] Rauher Beton [10024] Heller Kieselstein Grau"}]},{"@type":"WebSite","@id":"https:\/\/xstone.group\/de\/#website","url":"https:\/\/xstone.group\/de\/","name":"XSTONE","description":"Authentische und grenzenlose mineralische Sch\u00f6nheit, ungebunden von der Schwerkraft","potentialAction":[{"@type":"SearchAction","target":{"@type":"EntryPoint","urlTemplate":"https:\/\/xstone.group\/de\/?s={search_term_string}"},"query-input":{"@type":"PropertyValueSpecification","valueRequired":true,"valueName":"search_term_string"}}],"inLanguage":"de"}]}},"spectra_custom_meta":{"_last_translation_edit_mode":["translation-editor"],"_product_attributes":["a:8:{s:7:\"backing\";a:6:{s:4:\"name\";s:7:\"Backing\";s:5:\"value\";s:9:\"Fiberglas\";s:8:\"position\";i:0;s:10:\"is_visible\";i:1;s:12:\"is_variation\";i:0;s:11:\"is_taxonomy\";i:0;}s:7:\"texture\";a:6:{s:4:\"name\";s:7:\"Texture\";s:5:\"value\";s:12:\"Grober Beton\";s:8:\"position\";i:1;s:10:\"is_visible\";i:1;s:12:\"is_variation\";i:0;s:11:\"is_taxonomy\";i:0;}s:5:\"color\";a:6:{s:4:\"name\";s:5:\"Color\";s:5:\"value\";s:17:\"Helles Kieselgrau\";s:8:\"position\";i:2;s:10:\"is_visible\";i:1;s:12:\"is_variation\";i:0;s:11:\"is_taxonomy\";i:0;}s:4:\"size\";a:6:{s:4:\"name\";s:4:\"Size\";s:5:\"value\";s:41:\"3000 x 1000 mm; Sonderformate auf Anfrage\";s:8:\"position\";i:3;s:10:\"is_visible\";i:1;s:12:\"is_variation\";i:0;s:11:\"is_taxonomy\";i:0;}s:9:\"thickness\";a:6:{s:4:\"name\";s:9:\"Thickness\";s:5:\"value\";s:10:\"2 - 2,5 mm\";s:8:\"position\";i:4;s:10:\"is_visible\";i:1;s:12:\"is_variation\";i:0;s:11:\"is_taxonomy\";i:0;}s:6:\"finish\";a:6:{s:4:\"name\";s:6:\"Finish\";s:5:\"value\";s:4:\"Matt\";s:8:\"position\";i:5;s:10:\"is_visible\";i:1;s:12:\"is_variation\";i:0;s:11:\"is_taxonomy\";i:0;}s:11:\"composition\";a:6:{s:4:\"name\";s:11:\"Composition\";s:5:\"value\";s:56:\"90% recyceltes Marmorsteinpulver + Copolymer + Glasfaser\";s:8:\"position\";i:6;s:10:\"is_visible\";i:1;s:12:\"is_variation\";i:0;s:11:\"is_taxonomy\";i:0;}s:11:\"fire-rating\";a:6:{s:4:\"name\";s:11:\"Fire rating\";s:5:\"value\";s:8:\"A2-s1-d0\";s:8:\"position\";i:7;s:10:\"is_visible\";i:1;s:12:\"is_variation\";i:0;s:11:\"is_taxonomy\";i:0;}}"],"attr_label_translations":["a:1:{s:2:\"de\";a:8:{s:7:\"backing\";s:14:\"R\u00fcckendeckung\";s:7:\"texture\";s:6:\"Textur\";s:5:\"color\";s:5:\"Farbe\";s:4:\"size\";s:7:\"Gr\u00f6\u00dfe\";s:9:\"thickness\";s:5:\"Dicke\";s:6:\"finish\";s:6:\"Finish\";s:11:\"composition\";s:15:\"Zusammensetzung\";s:11:\"fire-rating\";s:11:\"Brandklasse\";}}"],"_wcml_average_rating":[null,null],"_wcml_review_count":[null,null],"_wcml_rating_count":[null,null],"_yoast_wpseo_primary_product_cat":["332"],"_backorders":["no"],"_download_limit":["-1"],"_download_expiry":["-1"],"_downloadable":["no"],"_manage_stock":["no"],"_sku":["ROLRGH10024"],"_stock_status":["instock"],"_sold_individually":["no"],"_tax_class":[""],"_tax_status":["taxable"],"_virtual":["no"],"total_sales":["0"],"_wpml_media_duplicate":["1"],"_wpml_media_featured":["1"],"stick-header-meta":["default"],"site-sidebar-layout":["default"],"theme-transparent-header-meta":["default"],"ast-site-content-layout":["default"],"site-content-style":["default"],"site-sidebar-style":["default"],"_yoast_wpseo_title":["Mineralisches Rollenfurnier | Rauher Beton | Helles Kieselgrau"],"_yoast_wpseo_metadesc":["Hellgraue flexible Platte mit Betoneffekt. 90% recycelter Stein, Brandschutzklasse A2. Organische mineralische Oberfl\u00e4che f\u00fcr Luxusgastronomie, Einzelhandel und Wohngeb\u00e4ude."],"_yoast_wpseo_focuskw":["Hellgraue flexible Platte mit Betoneffekt"],"_upsell_ids":["a:3:{i:0;N;i:1;N;i:2;N;}"],"_wpt_field_wpt-16200":["[elementor-template id=\"16197\"]"],"_thumbnail_id":["20091"],"_wpml_word_count":["317"],"two_optimized_date":["1776460683"],"woolentor_views_count_product":["4"],"_uag_css_file_name":["uag-css-20078.css"],"_uag_js_file_name":["uag-js-20078.js"],"tp_widgets":["a:2:{s:7:\"widgets\";a:6:{i:0;s:18:\"plus-list-skeleton\";i:1;s:22:\"plus-listing-load-more\";i:2;s:18:\"plus-listing-metro\";i:3;s:18:\"tp-product-listout\";i:4;s:17:\"tp-single-style_1\";i:5;s:19:\"tp-woo-single-image\";}s:9:\"update_at\";s:10:\"1776541402\";}"],"_elementor_edit_mode":["builder"],"_selectproduct_layout":["18065"],"_elementor_page_assets":["a:0:{}"],"_elementor_css":["a:7:{s:4:\"time\";i:1776622387;s:5:\"fonts\";a:0:{}s:5:\"icons\";a:0:{}s:20:\"dynamic_elements_ids\";a:0:{}s:6:\"status\";s:5:\"empty\";i:0;s:0:\"\";s:3:\"css\";s:0:\"\";}"],"_wc_rating_count":[""],"_wc_review_count":[""],"_wc_average_rating":[0]},"uagb_featured_image_src":{"full":["https:\/\/xstone.group\/wp-content\/uploads\/2026\/04\/XSTONE-Rough-concrete-light-pebble-grey.webp",1920,1080,false],"thumbnail":["https:\/\/xstone.group\/wp-content\/uploads\/2026\/04\/XSTONE-Rough-concrete-light-pebble-grey-150x150.webp",150,150,true],"medium":["https:\/\/xstone.group\/wp-content\/uploads\/2026\/04\/XSTONE-Rough-concrete-light-pebble-grey-300x169.webp",300,169,true],"medium_large":["https:\/\/xstone.group\/wp-content\/uploads\/2026\/04\/XSTONE-Rough-concrete-light-pebble-grey-768x432.webp",768,432,true],"large":["https:\/\/xstone.group\/wp-content\/uploads\/2026\/04\/XSTONE-Rough-concrete-light-pebble-grey-1024x576.webp",1024,576,true],"1536x1536":["https:\/\/xstone.group\/wp-content\/uploads\/2026\/04\/XSTONE-Rough-concrete-light-pebble-grey-1536x864.webp",1536,864,true],"2048x2048":["https:\/\/xstone.group\/wp-content\/uploads\/2026\/04\/XSTONE-Rough-concrete-light-pebble-grey.webp",1920,1080,false],"tp-image-grid":["https:\/\/xstone.group\/wp-content\/uploads\/2026\/04\/XSTONE-Rough-concrete-light-pebble-grey-700x700.webp",700,700,true],"tenweb_optimizer_mobile":["https:\/\/xstone.group\/wp-content\/uploads\/2026\/04\/XSTONE-Rough-concrete-light-pebble-grey-600x338.webp",600,338,true],"tenweb_optimizer_tablet":["https:\/\/xstone.group\/wp-content\/uploads\/2026\/04\/XSTONE-Rough-concrete-light-pebble-grey-768x432.webp",768,432,true],"woocommerce_thumbnail":["https:\/\/xstone.group\/wp-content\/uploads\/2026\/04\/XSTONE-Rough-concrete-light-pebble-grey-300x300.webp",300,300,true],"woocommerce_single":["https:\/\/xstone.group\/wp-content\/uploads\/2026\/04\/XSTONE-Rough-concrete-light-pebble-grey-600x338.webp",600,338,true],"woocommerce_gallery_thumbnail":["https:\/\/xstone.group\/wp-content\/uploads\/2026\/04\/XSTONE-Rough-concrete-light-pebble-grey-100x100.webp",100,100,true]},"uagb_author_info":{"display_name":"laurent.gomez@xstone.group","author_link":"https:\/\/xstone.group\/de\/author\/"},"uagb_comment_info":0,"uagb_excerpt":"XSTONE Roll Mineral Veneer in der Textur Rough Concrete und Light Pebble Grey ist eine flexible Wandplatte in hellem Kieselgrau mit Betoneffekt, die die Ehrlichkeit bearbeiteter mineralischer Oberfl\u00e4chen in etwas Leuchtendes und m\u00fchelos Zeitgen\u00f6ssisches destilliert. Die Textur Rough Concrete bringt ihre charakteristische taktile Wahrheit zum Vorschein: feine k\u00f6rnige Reliefs, subtile Richtungsmarkierungen und eine unregelm\u00e4\u00dfige Mikrotextur,&hellip;","_links":{"self":[{"href":"https:\/\/xstone.group\/de\/wp-json\/wp\/v2\/product\/20078","targetHints":{"allow":["GET"]}}],"collection":[{"href":"https:\/\/xstone.group\/de\/wp-json\/wp\/v2\/product"}],"about":[{"href":"https:\/\/xstone.group\/de\/wp-json\/wp\/v2\/types\/product"}],"replies":[{"embeddable":true,"href":"https:\/\/xstone.group\/de\/wp-json\/wp\/v2\/comments?post=20078"}],"wp:featuredmedia":[{"embeddable":true,"href":"https:\/\/xstone.group\/de\/wp-json\/wp\/v2\/media\/20091"}],"wp:attachment":[{"href":"https:\/\/xstone.group\/de\/wp-json\/wp\/v2\/media?parent=20078"}],"wp:term":[{"taxonomy":"product_brand","embeddable":true,"href":"https:\/\/xstone.group\/de\/wp-json\/wp\/v2\/product_brand?post=20078"},{"taxonomy":"product_cat","embeddable":true,"href":"https:\/\/xstone.group\/de\/wp-json\/wp\/v2\/product_cat?post=20078"},{"taxonomy":"product_tag","embeddable":true,"href":"https:\/\/xstone.group\/de\/wp-json\/wp\/v2\/product_tag?post=20078"}],"curies":[{"name":"wp","href":"https:\/\/api.w.org\/{rel}","templated":true}]}}