{"id":20371,"date":"2026-04-14T14:41:25","date_gmt":"2026-04-14T14:41:25","guid":{"rendered":"https:\/\/xstone.group\/product\/rol-mineralisches-rollenfurnier-smo-glatt-10005-mittelgrau\/"},"modified":"2026-04-14T14:41:25","modified_gmt":"2026-04-14T14:41:25","slug":"rolsmo10005-roll-smoth-concrete-middle-grey","status":"publish","type":"product","link":"https:\/\/xstone.group\/de\/product\/rolsmo10005-roll-smoth-concrete-middle-grey\/","title":{"rendered":"[ROL] Mineralisches Rollenfurnier [SMO] Glatt [10005] Mittelgrau"},"content":{"rendered":"<p data-start=\"332\" data-end=\"542\">Veredeln Sie Ihre architektonischen Oberfl\u00e4chen mit unserem ultrad\u00fcnnen, flexiblen Mineralfurnier, das die Vielseitigkeit eines Rollenformats mit der raffinierten Einfachheit einer glatten Textur und einem modernen mittelgrauen Ton kombiniert.<\/p>\n<p data-start=\"544\" data-end=\"912\">Diese <strong data-start=\"549\" data-end=\"600\">flexible, mittelgraue Mineralfurnierrolle<\/strong> bietet das authentische Aussehen mineralischer Oberfl\u00e4chen und l\u00e4sst sich nahtlos auf W\u00e4nde, M\u00f6bel und komplexe Geometrien auftragen. Sie ist leicht, langlebig und einfach zu verlegen und er\u00f6ffnet Designern und Architekten, die hochwertige Oberfl\u00e4chen ohne traditionelle Materialbeschr\u00e4nkungen w\u00fcnschen, neue kreative Freiheiten. <\/p>\n<p data-start=\"914\" data-end=\"1083\">Diese Oberfl\u00e4che wurde sowohl f\u00fcr den Wohnbereich als auch f\u00fcr gewerbliche Umgebungen entwickelt und gew\u00e4hrleistet eine hohe Leistung in anspruchsvollen R\u00e4umen bei gleichzeitiger Beibehaltung einer anspruchsvollen, modernen \u00c4sthetik.<\/p>\n<p>&nbsp;<\/p>\n<p>&nbsp;<\/p>\n<p>&nbsp;<\/p>\n<p>&nbsp;<\/p>\n<hr class=\"border-border-200 border-t-0.5 my-3 mx-1.5\">\n","protected":false},"excerpt":{"rendered":"<p>Veredeln Sie Ihre architektonischen Oberfl\u00e4chen mit unserem ultrad\u00fcnnen, flexiblen Mineralfurnier, das die Vielseitigkeit eines Rollenformats mit der raffinierten Einfachheit einer glatten Textur und einem modernen mittelgrauen Ton kombiniert. Diese flexible, mittelgraue Mineralfurnierrolle bietet das authentische Aussehen mineralischer Oberfl\u00e4chen und l\u00e4sst sich nahtlos auf W\u00e4nde, M\u00f6bel und komplexe Geometrien auftragen. Sie ist leicht, langlebig und einfach [&hellip;]<\/p>\n","protected":false},"featured_media":20391,"comment_status":"open","ping_status":"closed","template":"","meta":{"_acf_changed":false,"_uag_custom_page_level_css":"","site-sidebar-layout":"default","site-content-layout":"","ast-site-content-layout":"default","site-content-style":"default","site-sidebar-style":"default","ast-global-header-display":"","ast-banner-title-visibility":"","ast-main-header-display":"","ast-hfb-above-header-display":"","ast-hfb-below-header-display":"","ast-hfb-mobile-header-display":"","site-post-title":"","ast-breadcrumbs-content":"","ast-featured-img":"","footer-sml-layout":"","theme-transparent-header-meta":"default","adv-header-id-meta":"","stick-header-meta":"default","header-above-stick-meta":"","header-main-stick-meta":"","header-below-stick-meta":"","astra-migrate-meta-layouts":"default","ast-page-background-enabled":"default","ast-page-background-meta":{"desktop":{"background-color":"var(--ast-global-color-4)","background-image":"","background-repeat":"repeat","background-position":"center center","background-size":"auto","background-attachment":"scroll","background-type":"","background-media":"","overlay-type":"","overlay-color":"","overlay-opacity":"","overlay-gradient":""},"tablet":{"background-color":"","background-image":"","background-repeat":"repeat","background-position":"center center","background-size":"auto","background-attachment":"scroll","background-type":"","background-media":"","overlay-type":"","overlay-color":"","overlay-opacity":"","overlay-gradient":""},"mobile":{"background-color":"","background-image":"","background-repeat":"repeat","background-position":"center center","background-size":"auto","background-attachment":"scroll","background-type":"","background-media":"","overlay-type":"","overlay-color":"","overlay-opacity":"","overlay-gradient":""}},"ast-content-background-meta":{"desktop":{"background-color":"var(--ast-global-color-5)","background-image":"","background-repeat":"repeat","background-position":"center center","background-size":"auto","background-attachment":"scroll","background-type":"","background-media":"","overlay-type":"","overlay-color":"","overlay-opacity":"","overlay-gradient":""},"tablet":{"background-color":"var(--ast-global-color-5)","background-image":"","background-repeat":"repeat","background-position":"center center","background-size":"auto","background-attachment":"scroll","background-type":"","background-media":"","overlay-type":"","overlay-color":"","overlay-opacity":"","overlay-gradient":""},"mobile":{"background-color":"var(--ast-global-color-5)","background-image":"","background-repeat":"repeat","background-position":"center center","background-size":"auto","background-attachment":"scroll","background-type":"","background-media":"","overlay-type":"","overlay-color":"","overlay-opacity":"","overlay-gradient":""}}},"product_brand":[],"product_cat":[1509,1508,1515,1504,1511,1505,1513,1500,1501],"product_tag":[1846,1516,1851,1838,1774,1848,1849,1847,1850,1853,1844],"class_list":{"0":"post-20371","1":"product","2":"type-product","3":"status-publish","4":"has-post-thumbnail","6":"product_cat-bathroom","7":"product_cat-floor","8":"product_cat-office","9":"product_cat-retail-design","10":"product_cat-facade","11":"product_cat-furniture","12":"product_cat-panel","13":"product_cat-signature","14":"product_cat-wall-design","15":"product_tag-architectural-surface-design","16":"product_tag-comp-backing-15503","17":"product_tag-decorative-concrete-veneer","18":"product_tag-comp-color-15393","19":"product_tag-comp-texture-16911","20":"product_tag-lightweight-stone-alternative","21":"product_tag-interior-design-materials","22":"product_tag-modern-grey-wall-finish","23":"product_tag-seamless-wall-covering","24":"product_tag-premium-surface-solutions","25":"product_tag-ultra-thin-wall-covering","26":"desktop-align-left","27":"tablet-align-left","28":"mobile-align-left","30":"first","31":"instock","32":"shipping-taxable","33":"product-type-simple"},"acf":[],"yoast_head":"<!-- This site is optimized with the Yoast SEO Premium plugin v27.4 (Yoast SEO v27.4) - https:\/\/yoast.com\/product\/yoast-seo-premium-wordpress\/ -->\n<title>Rolle Mineralfurnier | Glatt | Mittelgrau<\/title>\n<meta name=\"description\" content=\"Flexible Mineralfurnierrolle in glatter Textur und mittelgrauer Farbe. Ultrad\u00fcnn, langlebig und ideal f\u00fcr W\u00e4nde, M\u00f6bel und hochwertige Inneneinrichtungen.\" \/>\n<meta name=\"robots\" content=\"index, follow, max-snippet:-1, max-image-preview:large, max-video-preview:-1\" \/>\n<link rel=\"canonical\" href=\"https:\/\/xstone.group\/de\/product\/rolsmo10005-roll-smoth-concrete-middle-grey\/\" \/>\n<meta property=\"og:locale\" content=\"de_DE\" \/>\n<meta property=\"og:type\" content=\"article\" \/>\n<meta property=\"og:title\" content=\"[ROL] Mineralisches Rollenfurnier [SMO] Glatt [10005] Mittelgrau\" \/>\n<meta property=\"og:description\" content=\"Flexible Mineralfurnierrolle in glatter Textur und mittelgrauer Farbe. Ultrad\u00fcnn, langlebig und ideal f\u00fcr W\u00e4nde, M\u00f6bel und hochwertige Inneneinrichtungen.\" \/>\n<meta property=\"og:url\" content=\"https:\/\/xstone.group\/de\/product\/rolsmo10005-roll-smoth-concrete-middle-grey\/\" \/>\n<meta property=\"og:site_name\" content=\"XSTONE\" \/>\n<meta property=\"article:publisher\" content=\"https:\/\/www.facebook.com\/Xstonesurfaces1\/\" \/>\n<meta property=\"og:image\" content=\"https:\/\/xstone.group\/wp-content\/uploads\/2026\/04\/XSTONE_Mineral-Veneer_0518.webp\" \/>\n\t<meta property=\"og:image:width\" content=\"864\" \/>\n\t<meta property=\"og:image:height\" content=\"1080\" \/>\n\t<meta property=\"og:image:type\" content=\"image\/webp\" \/>\n<meta name=\"twitter:card\" content=\"summary_large_image\" \/>\n<meta name=\"twitter:label1\" content=\"Gesch\u00e4tzte Lesezeit\" \/>\n\t<meta name=\"twitter:data1\" content=\"1\u00a0Minute\" \/>\n<script type=\"application\/ld+json\" class=\"yoast-schema-graph\">{\"@context\":\"https:\\\/\\\/schema.org\",\"@graph\":[{\"@type\":\"WebPage\",\"@id\":\"https:\\\/\\\/xstone.group\\\/de\\\/product\\\/rolsmo10005-roll-smoth-concrete-middle-grey\\\/\",\"url\":\"https:\\\/\\\/xstone.group\\\/de\\\/product\\\/rolsmo10005-roll-smoth-concrete-middle-grey\\\/\",\"name\":\"Rolle Mineralfurnier | Glatt | Mittelgrau\",\"isPartOf\":{\"@id\":\"https:\\\/\\\/xstone.group\\\/de\\\/#website\"},\"primaryImageOfPage\":{\"@id\":\"https:\\\/\\\/xstone.group\\\/de\\\/product\\\/rolsmo10005-roll-smoth-concrete-middle-grey\\\/#primaryimage\"},\"image\":{\"@id\":\"https:\\\/\\\/xstone.group\\\/de\\\/product\\\/rolsmo10005-roll-smoth-concrete-middle-grey\\\/#primaryimage\"},\"thumbnailUrl\":\"https:\\\/\\\/xstone.group\\\/wp-content\\\/uploads\\\/2026\\\/04\\\/XSTONE_Mineral-Veneer_0518.webp\",\"datePublished\":\"2026-04-14T14:41:25+00:00\",\"description\":\"Flexible Mineralfurnierrolle in glatter Textur und mittelgrauer Farbe. Ultrad\u00fcnn, langlebig und ideal f\u00fcr W\u00e4nde, M\u00f6bel und hochwertige Inneneinrichtungen.\",\"breadcrumb\":{\"@id\":\"https:\\\/\\\/xstone.group\\\/de\\\/product\\\/rolsmo10005-roll-smoth-concrete-middle-grey\\\/#breadcrumb\"},\"inLanguage\":\"de\",\"potentialAction\":[{\"@type\":\"ReadAction\",\"target\":[\"https:\\\/\\\/xstone.group\\\/de\\\/product\\\/rolsmo10005-roll-smoth-concrete-middle-grey\\\/\"]}]},{\"@type\":\"ImageObject\",\"inLanguage\":\"de\",\"@id\":\"https:\\\/\\\/xstone.group\\\/de\\\/product\\\/rolsmo10005-roll-smoth-concrete-middle-grey\\\/#primaryimage\",\"url\":\"https:\\\/\\\/xstone.group\\\/wp-content\\\/uploads\\\/2026\\\/04\\\/XSTONE_Mineral-Veneer_0518.webp\",\"contentUrl\":\"https:\\\/\\\/xstone.group\\\/wp-content\\\/uploads\\\/2026\\\/04\\\/XSTONE_Mineral-Veneer_0518.webp\",\"width\":864,\"height\":1080,\"caption\":\"flexible mineral veneer roll smooth middle grey\"},{\"@type\":\"BreadcrumbList\",\"@id\":\"https:\\\/\\\/xstone.group\\\/de\\\/product\\\/rolsmo10005-roll-smoth-concrete-middle-grey\\\/#breadcrumb\",\"itemListElement\":[{\"@type\":\"ListItem\",\"position\":1,\"name\":\"Home\",\"item\":\"https:\\\/\\\/xstone.group\\\/de\\\/\"},{\"@type\":\"ListItem\",\"position\":2,\"name\":\"Produkte\",\"item\":\"https:\\\/\\\/xstone.group\\\/de\\\/shop\\\/\"},{\"@type\":\"ListItem\",\"position\":3,\"name\":\"[ROL] Mineralisches Rollenfurnier [SMO] Glatt [10005] Mittelgrau\"}]},{\"@type\":\"WebSite\",\"@id\":\"https:\\\/\\\/xstone.group\\\/de\\\/#website\",\"url\":\"https:\\\/\\\/xstone.group\\\/de\\\/\",\"name\":\"XSTONE\",\"description\":\"Authentische und grenzenlose mineralische Sch\u00f6nheit, ungebunden von der Schwerkraft\",\"potentialAction\":[{\"@type\":\"SearchAction\",\"target\":{\"@type\":\"EntryPoint\",\"urlTemplate\":\"https:\\\/\\\/xstone.group\\\/de\\\/?s={search_term_string}\"},\"query-input\":{\"@type\":\"PropertyValueSpecification\",\"valueRequired\":true,\"valueName\":\"search_term_string\"}}],\"inLanguage\":\"de\"}]}<\/script>\n<!-- \/ Yoast SEO Premium plugin. -->","yoast_head_json":{"title":"Rolle Mineralfurnier | Glatt | Mittelgrau","description":"Flexible Mineralfurnierrolle in glatter Textur und mittelgrauer Farbe. Ultrad\u00fcnn, langlebig und ideal f\u00fcr W\u00e4nde, M\u00f6bel und hochwertige Inneneinrichtungen.","robots":{"index":"index","follow":"follow","max-snippet":"max-snippet:-1","max-image-preview":"max-image-preview:large","max-video-preview":"max-video-preview:-1"},"canonical":"https:\/\/xstone.group\/de\/product\/rolsmo10005-roll-smoth-concrete-middle-grey\/","og_locale":"de_DE","og_type":"article","og_title":"[ROL] Mineralisches Rollenfurnier [SMO] Glatt [10005] Mittelgrau","og_description":"Flexible Mineralfurnierrolle in glatter Textur und mittelgrauer Farbe. Ultrad\u00fcnn, langlebig und ideal f\u00fcr W\u00e4nde, M\u00f6bel und hochwertige Inneneinrichtungen.","og_url":"https:\/\/xstone.group\/de\/product\/rolsmo10005-roll-smoth-concrete-middle-grey\/","og_site_name":"XSTONE","article_publisher":"https:\/\/www.facebook.com\/Xstonesurfaces1\/","og_image":[{"width":864,"height":1080,"url":"https:\/\/xstone.group\/wp-content\/uploads\/2026\/04\/XSTONE_Mineral-Veneer_0518.webp","type":"image\/webp"}],"twitter_card":"summary_large_image","twitter_misc":{"Gesch\u00e4tzte Lesezeit":"1\u00a0Minute"},"schema":{"@context":"https:\/\/schema.org","@graph":[{"@type":"WebPage","@id":"https:\/\/xstone.group\/de\/product\/rolsmo10005-roll-smoth-concrete-middle-grey\/","url":"https:\/\/xstone.group\/de\/product\/rolsmo10005-roll-smoth-concrete-middle-grey\/","name":"Rolle Mineralfurnier | Glatt | Mittelgrau","isPartOf":{"@id":"https:\/\/xstone.group\/de\/#website"},"primaryImageOfPage":{"@id":"https:\/\/xstone.group\/de\/product\/rolsmo10005-roll-smoth-concrete-middle-grey\/#primaryimage"},"image":{"@id":"https:\/\/xstone.group\/de\/product\/rolsmo10005-roll-smoth-concrete-middle-grey\/#primaryimage"},"thumbnailUrl":"https:\/\/xstone.group\/wp-content\/uploads\/2026\/04\/XSTONE_Mineral-Veneer_0518.webp","datePublished":"2026-04-14T14:41:25+00:00","description":"Flexible Mineralfurnierrolle in glatter Textur und mittelgrauer Farbe. Ultrad\u00fcnn, langlebig und ideal f\u00fcr W\u00e4nde, M\u00f6bel und hochwertige Inneneinrichtungen.","breadcrumb":{"@id":"https:\/\/xstone.group\/de\/product\/rolsmo10005-roll-smoth-concrete-middle-grey\/#breadcrumb"},"inLanguage":"de","potentialAction":[{"@type":"ReadAction","target":["https:\/\/xstone.group\/de\/product\/rolsmo10005-roll-smoth-concrete-middle-grey\/"]}]},{"@type":"ImageObject","inLanguage":"de","@id":"https:\/\/xstone.group\/de\/product\/rolsmo10005-roll-smoth-concrete-middle-grey\/#primaryimage","url":"https:\/\/xstone.group\/wp-content\/uploads\/2026\/04\/XSTONE_Mineral-Veneer_0518.webp","contentUrl":"https:\/\/xstone.group\/wp-content\/uploads\/2026\/04\/XSTONE_Mineral-Veneer_0518.webp","width":864,"height":1080,"caption":"flexible mineral veneer roll smooth middle grey"},{"@type":"BreadcrumbList","@id":"https:\/\/xstone.group\/de\/product\/rolsmo10005-roll-smoth-concrete-middle-grey\/#breadcrumb","itemListElement":[{"@type":"ListItem","position":1,"name":"Home","item":"https:\/\/xstone.group\/de\/"},{"@type":"ListItem","position":2,"name":"Produkte","item":"https:\/\/xstone.group\/de\/shop\/"},{"@type":"ListItem","position":3,"name":"[ROL] Mineralisches Rollenfurnier [SMO] Glatt [10005] Mittelgrau"}]},{"@type":"WebSite","@id":"https:\/\/xstone.group\/de\/#website","url":"https:\/\/xstone.group\/de\/","name":"XSTONE","description":"Authentische und grenzenlose mineralische Sch\u00f6nheit, ungebunden von der Schwerkraft","potentialAction":[{"@type":"SearchAction","target":{"@type":"EntryPoint","urlTemplate":"https:\/\/xstone.group\/de\/?s={search_term_string}"},"query-input":{"@type":"PropertyValueSpecification","valueRequired":true,"valueName":"search_term_string"}}],"inLanguage":"de"}]}},"spectra_custom_meta":{"_last_translation_edit_mode":["translation-editor"],"_product_attributes":["a:8:{s:7:\"backing\";a:6:{s:4:\"name\";s:7:\"Backing\";s:5:\"value\";s:9:\"Fiberglas\";s:8:\"position\";i:0;s:10:\"is_visible\";i:1;s:12:\"is_variation\";i:0;s:11:\"is_taxonomy\";i:0;}s:7:\"texture\";a:6:{s:4:\"name\";s:7:\"Texture\";s:5:\"value\";s:13:\"Glatter Beton\";s:8:\"position\";i:1;s:10:\"is_visible\";i:1;s:12:\"is_variation\";i:0;s:11:\"is_taxonomy\";i:0;}s:5:\"color\";a:6:{s:4:\"name\";s:5:\"Color\";s:5:\"value\";s:10:\"Mittelgrau\";s:8:\"position\";i:2;s:10:\"is_visible\";i:1;s:12:\"is_variation\";i:0;s:11:\"is_taxonomy\";i:0;}s:4:\"size\";a:6:{s:4:\"name\";s:4:\"Size\";s:5:\"value\";s:41:\"3000 x 1000 mm; Sonderformate auf Anfrage\";s:8:\"position\";i:3;s:10:\"is_visible\";i:1;s:12:\"is_variation\";i:0;s:11:\"is_taxonomy\";i:0;}s:9:\"thickness\";a:6:{s:4:\"name\";s:9:\"Thickness\";s:5:\"value\";s:10:\"2 - 2,5 mm\";s:8:\"position\";i:4;s:10:\"is_visible\";i:1;s:12:\"is_variation\";i:0;s:11:\"is_taxonomy\";i:0;}s:6:\"finish\";a:6:{s:4:\"name\";s:6:\"Finish\";s:5:\"value\";s:4:\"Matt\";s:8:\"position\";i:5;s:10:\"is_visible\";i:1;s:12:\"is_variation\";i:0;s:11:\"is_taxonomy\";i:0;}s:11:\"composition\";a:6:{s:4:\"name\";s:11:\"Composition\";s:5:\"value\";s:56:\"90% recyceltes Marmorsteinpulver + Copolymer + Glasfaser\";s:8:\"position\";i:6;s:10:\"is_visible\";i:1;s:12:\"is_variation\";i:0;s:11:\"is_taxonomy\";i:0;}s:11:\"fire-rating\";a:6:{s:4:\"name\";s:11:\"Fire rating\";s:5:\"value\";s:8:\"A2-s1-d0\";s:8:\"position\";i:7;s:10:\"is_visible\";i:1;s:12:\"is_variation\";i:0;s:11:\"is_taxonomy\";i:0;}}"],"attr_label_translations":["a:1:{s:2:\"de\";a:8:{s:7:\"backing\";s:14:\"R\u00fcckendeckung\";s:7:\"texture\";s:6:\"Textur\";s:5:\"color\";s:5:\"Farbe\";s:4:\"size\";s:7:\"Gr\u00f6\u00dfe\";s:9:\"thickness\";s:5:\"Dicke\";s:6:\"finish\";s:6:\"Finish\";s:11:\"composition\";s:15:\"Zusammensetzung\";s:11:\"fire-rating\";s:11:\"Brandklasse\";}}"],"_wcml_average_rating":[null],"_wcml_review_count":[null],"_wcml_rating_count":[null],"_yoast_wpseo_primary_product_cat":["332"],"_backorders":["no"],"_download_limit":["-1"],"_download_expiry":["-1"],"_downloadable":["no"],"_manage_stock":["no"],"_sku":["ROLSMO10005"],"_stock_status":["instock"],"_sold_individually":["no"],"_tax_class":[""],"_tax_status":["taxable"],"_virtual":["no"],"total_sales":["0"],"_wpml_media_duplicate":["1"],"_wpml_media_featured":["1"],"stick-header-meta":["default"],"site-sidebar-layout":["default"],"theme-transparent-header-meta":["default"],"ast-site-content-layout":["default"],"site-content-style":["default"],"site-sidebar-style":["default"],"_yoast_wpseo_title":["Rolle Mineralfurnier | Glatt | Mittelgrau"],"_yoast_wpseo_metadesc":["Flexible Mineralfurnierrolle in glatter Textur und mittelgrauer Farbe. Ultrad\u00fcnn, langlebig und ideal f\u00fcr W\u00e4nde, M\u00f6bel und hochwertige Inneneinrichtungen."],"_yoast_wpseo_focuskw":["Flexible Mineralfurnierrolle glatt mittelgrau"],"_upsell_ids":["a:3:{i:0;N;i:1;N;i:2;N;}"],"_wpt_field_wpt-16200":["[elementor-template id=\"16197\"]"],"_thumbnail_id":["20391"],"_wpml_word_count":["167"],"two_optimized_date":["1776460915"],"woolentor_views_count_product":["12"],"_uag_css_file_name":["uag-css-20371.css"],"_uag_js_file_name":["uag-js-20371.js"],"tp_widgets":["a:2:{s:7:\"widgets\";a:6:{i:0;s:18:\"plus-list-skeleton\";i:1;s:22:\"plus-listing-load-more\";i:2;s:18:\"plus-listing-metro\";i:3;s:18:\"tp-product-listout\";i:4;s:17:\"tp-single-style_1\";i:5;s:19:\"tp-woo-single-image\";}s:9:\"update_at\";s:10:\"1776541402\";}"],"_elementor_edit_mode":["builder"],"_selectproduct_layout":["18065"],"_elementor_page_assets":["a:0:{}"],"_elementor_css":["a:7:{s:4:\"time\";i:1776757857;s:5:\"fonts\";a:0:{}s:5:\"icons\";a:0:{}s:20:\"dynamic_elements_ids\";a:0:{}s:6:\"status\";s:5:\"empty\";i:0;s:0:\"\";s:3:\"css\";s:0:\"\";}"],"_wc_rating_count":[""],"_wc_review_count":[""],"_wc_average_rating":[0]},"uagb_featured_image_src":{"full":["https:\/\/xstone.group\/wp-content\/uploads\/2026\/04\/XSTONE_Mineral-Veneer_0518.webp",864,1080,false],"thumbnail":["https:\/\/xstone.group\/wp-content\/uploads\/2026\/04\/XSTONE_Mineral-Veneer_0518-150x150.webp",150,150,true],"medium":["https:\/\/xstone.group\/wp-content\/uploads\/2026\/04\/XSTONE_Mineral-Veneer_0518-240x300.webp",240,300,true],"medium_large":["https:\/\/xstone.group\/wp-content\/uploads\/2026\/04\/XSTONE_Mineral-Veneer_0518-768x960.webp",768,960,true],"large":["https:\/\/xstone.group\/wp-content\/uploads\/2026\/04\/XSTONE_Mineral-Veneer_0518-819x1024.webp",819,1024,true],"1536x1536":["https:\/\/xstone.group\/wp-content\/uploads\/2026\/04\/XSTONE_Mineral-Veneer_0518.webp",864,1080,false],"2048x2048":["https:\/\/xstone.group\/wp-content\/uploads\/2026\/04\/XSTONE_Mineral-Veneer_0518.webp",864,1080,false],"tp-image-grid":["https:\/\/xstone.group\/wp-content\/uploads\/2026\/04\/XSTONE_Mineral-Veneer_0518-700x700.webp",700,700,true],"tenweb_optimizer_mobile":["https:\/\/xstone.group\/wp-content\/uploads\/2026\/04\/XSTONE_Mineral-Veneer_0518-480x600.webp",480,600,true],"tenweb_optimizer_tablet":["https:\/\/xstone.group\/wp-content\/uploads\/2026\/04\/XSTONE_Mineral-Veneer_0518-768x960.webp",768,960,true],"woocommerce_thumbnail":["https:\/\/xstone.group\/wp-content\/uploads\/2026\/04\/XSTONE_Mineral-Veneer_0518-300x300.webp",300,300,true],"woocommerce_single":["https:\/\/xstone.group\/wp-content\/uploads\/2026\/04\/XSTONE_Mineral-Veneer_0518-600x750.webp",600,750,true],"woocommerce_gallery_thumbnail":["https:\/\/xstone.group\/wp-content\/uploads\/2026\/04\/XSTONE_Mineral-Veneer_0518-100x100.webp",100,100,true]},"uagb_author_info":{"display_name":"laurent.gomez@xstone.group","author_link":"https:\/\/xstone.group\/de\/author\/"},"uagb_comment_info":0,"uagb_excerpt":"Veredeln Sie Ihre architektonischen Oberfl\u00e4chen mit unserem ultrad\u00fcnnen, flexiblen Mineralfurnier, das die Vielseitigkeit eines Rollenformats mit der raffinierten Einfachheit einer glatten Textur und einem modernen mittelgrauen Ton kombiniert. Diese flexible, mittelgraue Mineralfurnierrolle bietet das authentische Aussehen mineralischer Oberfl\u00e4chen und l\u00e4sst sich nahtlos auf W\u00e4nde, M\u00f6bel und komplexe Geometrien auftragen. Sie ist leicht, langlebig und einfach&hellip;","_links":{"self":[{"href":"https:\/\/xstone.group\/de\/wp-json\/wp\/v2\/product\/20371","targetHints":{"allow":["GET"]}}],"collection":[{"href":"https:\/\/xstone.group\/de\/wp-json\/wp\/v2\/product"}],"about":[{"href":"https:\/\/xstone.group\/de\/wp-json\/wp\/v2\/types\/product"}],"replies":[{"embeddable":true,"href":"https:\/\/xstone.group\/de\/wp-json\/wp\/v2\/comments?post=20371"}],"wp:featuredmedia":[{"embeddable":true,"href":"https:\/\/xstone.group\/de\/wp-json\/wp\/v2\/media\/20391"}],"wp:attachment":[{"href":"https:\/\/xstone.group\/de\/wp-json\/wp\/v2\/media?parent=20371"}],"wp:term":[{"taxonomy":"product_brand","embeddable":true,"href":"https:\/\/xstone.group\/de\/wp-json\/wp\/v2\/product_brand?post=20371"},{"taxonomy":"product_cat","embeddable":true,"href":"https:\/\/xstone.group\/de\/wp-json\/wp\/v2\/product_cat?post=20371"},{"taxonomy":"product_tag","embeddable":true,"href":"https:\/\/xstone.group\/de\/wp-json\/wp\/v2\/product_tag?post=20371"}],"curies":[{"name":"wp","href":"https:\/\/api.w.org\/{rel}","templated":true}]}}