{"id":21482,"date":"2026-02-11T10:26:09","date_gmt":"2026-02-11T10:26:09","guid":{"rendered":"https:\/\/xstone.group\/product\/10058-beige-de-lecce\/"},"modified":"2026-02-11T10:26:09","modified_gmt":"2026-02-11T10:26:09","slug":"10058-beige-de-lecce","status":"publish","type":"product","link":"https:\/\/xstone.group\/de\/product\/10058-beige-de-lecce\/","title":{"rendered":"10058 | Beige de Lecce"},"content":{"rendered":"<p>Beige de Lecce strahlt eine warme, nat\u00fcrliche Eleganz aus, die an sonnenbeschienenen Stein und zeitlose mediterrane Landschaften erinnert. Seine weichen, erdigen T\u00f6ne vermitteln ein Gef\u00fchl von Ruhe und Raffinesse, das jeden Raum einladend, geerdet und raffiniert erscheinen l\u00e4sst. Subtile Sprenkel und sanfte Schattenvariationen verleihen ihr einen lebendigen, organischen Charakter und verwandeln jede Oberfl\u00e4che in eine Leinwand von nat\u00fcrlicher Sch\u00f6nheit und dezentem Luxus. Diese Farbe inspiriert zu Gelassenheit und spiegelt die Authentizit\u00e4t nat\u00fcrlicher Materialien wider. Sie ist perfekt f\u00fcr Innenr\u00e4ume und Designs, die sowohl W\u00e4rme als auch Vornehmheit suchen.   <\/p>\n","protected":false},"excerpt":{"rendered":"<p>Beige de Lecce strahlt eine warme, nat\u00fcrliche Eleganz aus, die an sonnenbeschienenen Stein und zeitlose mediterrane Landschaften erinnert. Seine weichen, erdigen T\u00f6ne vermitteln ein Gef\u00fchl von Ruhe und Raffinesse, das jeden Raum einladend, geerdet und raffiniert erscheinen l\u00e4sst. Subtile Sprenkel und sanfte Schattenvariationen verleihen ihr einen lebendigen, organischen Charakter und verwandeln jede Oberfl\u00e4che in eine [&hellip;]<\/p>\n","protected":false},"featured_media":21485,"comment_status":"open","ping_status":"closed","template":"","meta":{"_acf_changed":false,"_uag_custom_page_level_css":"","site-sidebar-layout":"default","site-content-layout":"","ast-site-content-layout":"default","site-content-style":"default","site-sidebar-style":"default","ast-global-header-display":"","ast-banner-title-visibility":"","ast-main-header-display":"","ast-hfb-above-header-display":"","ast-hfb-below-header-display":"","ast-hfb-mobile-header-display":"","site-post-title":"","ast-breadcrumbs-content":"","ast-featured-img":"","footer-sml-layout":"","theme-transparent-header-meta":"default","adv-header-id-meta":"","stick-header-meta":"default","header-above-stick-meta":"","header-main-stick-meta":"","header-below-stick-meta":"","astra-migrate-meta-layouts":"default","ast-page-background-enabled":"default","ast-page-background-meta":{"desktop":{"background-color":"var(--ast-global-color-4)","background-image":"","background-repeat":"repeat","background-position":"center center","background-size":"auto","background-attachment":"scroll","background-type":"","background-media":"","overlay-type":"","overlay-color":"","overlay-opacity":"","overlay-gradient":""},"tablet":{"background-color":"","background-image":"","background-repeat":"repeat","background-position":"center center","background-size":"auto","background-attachment":"scroll","background-type":"","background-media":"","overlay-type":"","overlay-color":"","overlay-opacity":"","overlay-gradient":""},"mobile":{"background-color":"","background-image":"","background-repeat":"repeat","background-position":"center center","background-size":"auto","background-attachment":"scroll","background-type":"","background-media":"","overlay-type":"","overlay-color":"","overlay-opacity":"","overlay-gradient":""}},"ast-content-background-meta":{"desktop":{"background-color":"var(--ast-global-color-5)","background-image":"","background-repeat":"repeat","background-position":"center center","background-size":"auto","background-attachment":"scroll","background-type":"","background-media":"","overlay-type":"","overlay-color":"","overlay-opacity":"","overlay-gradient":""},"tablet":{"background-color":"var(--ast-global-color-5)","background-image":"","background-repeat":"repeat","background-position":"center center","background-size":"auto","background-attachment":"scroll","background-type":"","background-media":"","overlay-type":"","overlay-color":"","overlay-opacity":"","overlay-gradient":""},"mobile":{"background-color":"var(--ast-global-color-5)","background-image":"","background-repeat":"repeat","background-position":"center center","background-size":"auto","background-attachment":"scroll","background-type":"","background-media":"","overlay-type":"","overlay-color":"","overlay-opacity":"","overlay-gradient":""}}},"product_brand":[],"product_cat":[2313,2507],"product_tag":[2508,2516,2519,2514,2518,2522,2520,2529,2525,2521,2510,2527,2512],"class_list":{"0":"post-21482","1":"product","2":"type-product","3":"status-publish","4":"has-post-thumbnail","6":"product_cat-color","7":"product_cat-red","8":"product_tag-beige-de-lecce","9":"product_tag-elegant-flooring","10":"product_tag-stone-look-tile","11":"product_tag-mediterranean-style-tiles","12":"product_tag-speckled-tile","13":"product_tag-home-renovation","14":"product_tag-interior-design","15":"product_tag-comp-color-17733","16":"product_tag-durable-tiles","17":"product_tag-luxury-flooring","18":"product_tag-natural-beige","19":"product_tag-eco-friendly-tiles","20":"product_tag-warm-floor-tiles","21":"desktop-align-left","22":"tablet-align-left","23":"mobile-align-left","25":"first","26":"instock","27":"shipping-taxable","28":"product-type-simple"},"acf":[],"yoast_head":"<!-- This site is optimized with the Yoast SEO Premium plugin v27.4 (Yoast SEO v27.4) - https:\/\/yoast.com\/product\/yoast-seo-premium-wordpress\/ -->\n<title>10058 | Beige de Lecce - XSTONE<\/title>\n<meta name=\"description\" content=\"Entdecken Sie Beige de Lecce, eine warme und elegante Fliese in nat\u00fcrlichem Beige mit dezenten Sprenkeln, die sich perfekt f\u00fcr die Gestaltung ruhiger, anspruchsvoller Innenr\u00e4ume mit zeitlosem Charme eignet.\" \/>\n<meta name=\"robots\" content=\"index, follow, max-snippet:-1, max-image-preview:large, max-video-preview:-1\" \/>\n<link rel=\"canonical\" href=\"https:\/\/xstone.group\/de\/product\/10058-beige-de-lecce\/\" \/>\n<meta property=\"og:locale\" content=\"de_DE\" \/>\n<meta property=\"og:type\" content=\"article\" \/>\n<meta property=\"og:title\" content=\"10058 | Beige de Lecce\" \/>\n<meta property=\"og:description\" content=\"Entdecken Sie Beige de Lecce, eine warme und elegante Fliese in nat\u00fcrlichem Beige mit dezenten Sprenkeln, die sich perfekt f\u00fcr die Gestaltung ruhiger, anspruchsvoller Innenr\u00e4ume mit zeitlosem Charme eignet.\" \/>\n<meta property=\"og:url\" content=\"https:\/\/xstone.group\/de\/product\/10058-beige-de-lecce\/\" \/>\n<meta property=\"og:site_name\" content=\"XSTONE\" \/>\n<meta property=\"article:publisher\" content=\"https:\/\/www.facebook.com\/Xstonesurfaces1\/\" \/>\n<meta property=\"og:image\" content=\"https:\/\/xstone.group\/wp-content\/uploads\/2026\/02\/Xstone-Color-10058-scaled.webp\" \/>\n\t<meta property=\"og:image:width\" content=\"2560\" \/>\n\t<meta property=\"og:image:height\" content=\"2560\" \/>\n\t<meta property=\"og:image:type\" content=\"image\/webp\" \/>\n<meta name=\"twitter:card\" content=\"summary_large_image\" \/>\n<meta name=\"twitter:label1\" content=\"Gesch\u00e4tzte Lesezeit\" \/>\n\t<meta name=\"twitter:data1\" content=\"1\u00a0Minute\" \/>\n<script type=\"application\/ld+json\" class=\"yoast-schema-graph\">{\"@context\":\"https:\\\/\\\/schema.org\",\"@graph\":[{\"@type\":\"WebPage\",\"@id\":\"https:\\\/\\\/xstone.group\\\/de\\\/product\\\/10058-beige-de-lecce\\\/\",\"url\":\"https:\\\/\\\/xstone.group\\\/de\\\/product\\\/10058-beige-de-lecce\\\/\",\"name\":\"10058 | Beige de Lecce - XSTONE\",\"isPartOf\":{\"@id\":\"https:\\\/\\\/xstone.group\\\/de\\\/#website\"},\"primaryImageOfPage\":{\"@id\":\"https:\\\/\\\/xstone.group\\\/de\\\/product\\\/10058-beige-de-lecce\\\/#primaryimage\"},\"image\":{\"@id\":\"https:\\\/\\\/xstone.group\\\/de\\\/product\\\/10058-beige-de-lecce\\\/#primaryimage\"},\"thumbnailUrl\":\"https:\\\/\\\/xstone.group\\\/wp-content\\\/uploads\\\/2026\\\/02\\\/Xstone-Color-10058-scaled.webp\",\"datePublished\":\"2026-02-11T10:26:09+00:00\",\"description\":\"Entdecken Sie Beige de Lecce, eine warme und elegante Fliese in nat\u00fcrlichem Beige mit dezenten Sprenkeln, die sich perfekt f\u00fcr die Gestaltung ruhiger, anspruchsvoller Innenr\u00e4ume mit zeitlosem Charme eignet.\",\"breadcrumb\":{\"@id\":\"https:\\\/\\\/xstone.group\\\/de\\\/product\\\/10058-beige-de-lecce\\\/#breadcrumb\"},\"inLanguage\":\"de\",\"potentialAction\":[{\"@type\":\"ReadAction\",\"target\":[\"https:\\\/\\\/xstone.group\\\/de\\\/product\\\/10058-beige-de-lecce\\\/\"]}]},{\"@type\":\"ImageObject\",\"inLanguage\":\"de\",\"@id\":\"https:\\\/\\\/xstone.group\\\/de\\\/product\\\/10058-beige-de-lecce\\\/#primaryimage\",\"url\":\"https:\\\/\\\/xstone.group\\\/wp-content\\\/uploads\\\/2026\\\/02\\\/Xstone-Color-10058-scaled.webp\",\"contentUrl\":\"https:\\\/\\\/xstone.group\\\/wp-content\\\/uploads\\\/2026\\\/02\\\/Xstone-Color-10058-scaled.webp\",\"width\":2560,\"height\":2560,\"caption\":\"Xstone-Color-Beige de Lecce\"},{\"@type\":\"BreadcrumbList\",\"@id\":\"https:\\\/\\\/xstone.group\\\/de\\\/product\\\/10058-beige-de-lecce\\\/#breadcrumb\",\"itemListElement\":[{\"@type\":\"ListItem\",\"position\":1,\"name\":\"Home\",\"item\":\"https:\\\/\\\/xstone.group\\\/de\\\/\"},{\"@type\":\"ListItem\",\"position\":2,\"name\":\"Produkte\",\"item\":\"https:\\\/\\\/xstone.group\\\/de\\\/shop\\\/\"},{\"@type\":\"ListItem\",\"position\":3,\"name\":\"10058 | Beige de Lecce\"}]},{\"@type\":\"WebSite\",\"@id\":\"https:\\\/\\\/xstone.group\\\/de\\\/#website\",\"url\":\"https:\\\/\\\/xstone.group\\\/de\\\/\",\"name\":\"XSTONE\",\"description\":\"Authentische und grenzenlose mineralische Sch\u00f6nheit, ungebunden von der Schwerkraft\",\"potentialAction\":[{\"@type\":\"SearchAction\",\"target\":{\"@type\":\"EntryPoint\",\"urlTemplate\":\"https:\\\/\\\/xstone.group\\\/de\\\/?s={search_term_string}\"},\"query-input\":{\"@type\":\"PropertyValueSpecification\",\"valueRequired\":true,\"valueName\":\"search_term_string\"}}],\"inLanguage\":\"de\"}]}<\/script>\n<!-- \/ Yoast SEO Premium plugin. -->","yoast_head_json":{"title":"10058 | Beige de Lecce - XSTONE","description":"Entdecken Sie Beige de Lecce, eine warme und elegante Fliese in nat\u00fcrlichem Beige mit dezenten Sprenkeln, die sich perfekt f\u00fcr die Gestaltung ruhiger, anspruchsvoller Innenr\u00e4ume mit zeitlosem Charme eignet.","robots":{"index":"index","follow":"follow","max-snippet":"max-snippet:-1","max-image-preview":"max-image-preview:large","max-video-preview":"max-video-preview:-1"},"canonical":"https:\/\/xstone.group\/de\/product\/10058-beige-de-lecce\/","og_locale":"de_DE","og_type":"article","og_title":"10058 | Beige de Lecce","og_description":"Entdecken Sie Beige de Lecce, eine warme und elegante Fliese in nat\u00fcrlichem Beige mit dezenten Sprenkeln, die sich perfekt f\u00fcr die Gestaltung ruhiger, anspruchsvoller Innenr\u00e4ume mit zeitlosem Charme eignet.","og_url":"https:\/\/xstone.group\/de\/product\/10058-beige-de-lecce\/","og_site_name":"XSTONE","article_publisher":"https:\/\/www.facebook.com\/Xstonesurfaces1\/","og_image":[{"width":2560,"height":2560,"url":"https:\/\/xstone.group\/wp-content\/uploads\/2026\/02\/Xstone-Color-10058-scaled.webp","type":"image\/webp"}],"twitter_card":"summary_large_image","twitter_misc":{"Gesch\u00e4tzte Lesezeit":"1\u00a0Minute"},"schema":{"@context":"https:\/\/schema.org","@graph":[{"@type":"WebPage","@id":"https:\/\/xstone.group\/de\/product\/10058-beige-de-lecce\/","url":"https:\/\/xstone.group\/de\/product\/10058-beige-de-lecce\/","name":"10058 | Beige de Lecce - XSTONE","isPartOf":{"@id":"https:\/\/xstone.group\/de\/#website"},"primaryImageOfPage":{"@id":"https:\/\/xstone.group\/de\/product\/10058-beige-de-lecce\/#primaryimage"},"image":{"@id":"https:\/\/xstone.group\/de\/product\/10058-beige-de-lecce\/#primaryimage"},"thumbnailUrl":"https:\/\/xstone.group\/wp-content\/uploads\/2026\/02\/Xstone-Color-10058-scaled.webp","datePublished":"2026-02-11T10:26:09+00:00","description":"Entdecken Sie Beige de Lecce, eine warme und elegante Fliese in nat\u00fcrlichem Beige mit dezenten Sprenkeln, die sich perfekt f\u00fcr die Gestaltung ruhiger, anspruchsvoller Innenr\u00e4ume mit zeitlosem Charme eignet.","breadcrumb":{"@id":"https:\/\/xstone.group\/de\/product\/10058-beige-de-lecce\/#breadcrumb"},"inLanguage":"de","potentialAction":[{"@type":"ReadAction","target":["https:\/\/xstone.group\/de\/product\/10058-beige-de-lecce\/"]}]},{"@type":"ImageObject","inLanguage":"de","@id":"https:\/\/xstone.group\/de\/product\/10058-beige-de-lecce\/#primaryimage","url":"https:\/\/xstone.group\/wp-content\/uploads\/2026\/02\/Xstone-Color-10058-scaled.webp","contentUrl":"https:\/\/xstone.group\/wp-content\/uploads\/2026\/02\/Xstone-Color-10058-scaled.webp","width":2560,"height":2560,"caption":"Xstone-Color-Beige de Lecce"},{"@type":"BreadcrumbList","@id":"https:\/\/xstone.group\/de\/product\/10058-beige-de-lecce\/#breadcrumb","itemListElement":[{"@type":"ListItem","position":1,"name":"Home","item":"https:\/\/xstone.group\/de\/"},{"@type":"ListItem","position":2,"name":"Produkte","item":"https:\/\/xstone.group\/de\/shop\/"},{"@type":"ListItem","position":3,"name":"10058 | Beige de Lecce"}]},{"@type":"WebSite","@id":"https:\/\/xstone.group\/de\/#website","url":"https:\/\/xstone.group\/de\/","name":"XSTONE","description":"Authentische und grenzenlose mineralische Sch\u00f6nheit, ungebunden von der Schwerkraft","potentialAction":[{"@type":"SearchAction","target":{"@type":"EntryPoint","urlTemplate":"https:\/\/xstone.group\/de\/?s={search_term_string}"},"query-input":{"@type":"PropertyValueSpecification","valueRequired":true,"valueName":"search_term_string"}}],"inLanguage":"de"}]}},"spectra_custom_meta":{"_last_translation_edit_mode":["translation-editor"],"_wcml_average_rating":[null],"_wcml_review_count":[null],"_wcml_rating_count":[null],"_yoast_wpseo_primary_product_cat":["318"],"_backorders":["no"],"_download_limit":["-1"],"_download_expiry":["-1"],"_downloadable":["no"],"_manage_stock":["no"],"_sku":["10058"],"_stock_status":["instock"],"_sold_individually":["no"],"_tax_class":[""],"_tax_status":["taxable"],"_virtual":["no"],"total_sales":["0"],"_wpml_media_duplicate":["1"],"_wpml_media_featured":["1"],"stick-header-meta":["default"],"site-sidebar-layout":["default"],"theme-transparent-header-meta":["default"],"ast-site-content-layout":["default"],"site-content-style":["default"],"site-sidebar-style":["default"],"_yoast_wpseo_metadesc":["Entdecken Sie Beige de Lecce, eine warme und elegante Fliese in nat\u00fcrlichem Beige mit dezenten Sprenkeln, die sich perfekt f\u00fcr die Gestaltung ruhiger, anspruchsvoller Innenr\u00e4ume mit zeitlosem Charme eignet."],"_yoast_wpseo_focuskw":["Beige de Lecce Bodenfliesen"],"_product_image_gallery":[""],"_thumbnail_id":["21485"],"_product_attributes":["a:3:{s:7:\"pa_tone\";a:6:{s:4:\"name\";s:7:\"pa_tone\";s:5:\"value\";s:0:\"\";s:8:\"position\";i:0;s:10:\"is_visible\";i:1;s:12:\"is_variation\";i:0;s:11:\"is_taxonomy\";i:1;}s:13:\"pa_color-code\";a:6:{s:4:\"name\";s:13:\"pa_color-code\";s:5:\"value\";s:0:\"\";s:8:\"position\";i:1;s:10:\"is_visible\";i:1;s:12:\"is_variation\";i:0;s:11:\"is_taxonomy\";i:1;}s:9:\"pa_finish\";a:6:{s:4:\"name\";s:9:\"pa_finish\";s:5:\"value\";s:0:\"\";s:8:\"position\";i:2;s:10:\"is_visible\";i:1;s:12:\"is_variation\";i:0;s:11:\"is_taxonomy\";i:1;}}"],"_wpml_word_count":["121"],"two_optimized_date":["1776555699"],"woolentor_views_count_product":["12"],"_uag_css_file_name":["uag-css-21482.css"],"_uag_js_file_name":["uag-js-21482.js"],"tp_widgets":["a:2:{s:7:\"widgets\";a:6:{i:0;s:18:\"plus-list-skeleton\";i:1;s:22:\"plus-listing-load-more\";i:2;s:18:\"plus-listing-metro\";i:3;s:18:\"tp-product-listout\";i:4;s:17:\"tp-single-style_1\";i:5;s:19:\"tp-woo-single-image\";}s:9:\"update_at\";s:10:\"1776541402\";}"],"_elementor_edit_mode":["builder"],"_selectproduct_layout":["16271"],"_wc_rating_count":[""],"_wc_review_count":[""],"_wc_average_rating":[0]},"uagb_featured_image_src":{"full":["https:\/\/xstone.group\/wp-content\/uploads\/2026\/02\/Xstone-Color-10058-scaled.webp",2560,2560,false],"thumbnail":["https:\/\/xstone.group\/wp-content\/uploads\/2026\/02\/Xstone-Color-10058-150x150.webp",150,150,true],"medium":["https:\/\/xstone.group\/wp-content\/uploads\/2026\/02\/Xstone-Color-10058-300x300.webp",300,300,true],"medium_large":["https:\/\/xstone.group\/wp-content\/uploads\/2026\/02\/Xstone-Color-10058-768x768.webp",768,768,true],"large":["https:\/\/xstone.group\/wp-content\/uploads\/2026\/02\/Xstone-Color-10058-1024x1024.webp",1024,1024,true],"1536x1536":["https:\/\/xstone.group\/wp-content\/uploads\/2026\/02\/Xstone-Color-10058-1536x1536.webp",1536,1536,true],"2048x2048":["https:\/\/xstone.group\/wp-content\/uploads\/2026\/02\/Xstone-Color-10058-2048x2048.webp",2048,2048,true],"tp-image-grid":["https:\/\/xstone.group\/wp-content\/uploads\/2026\/02\/Xstone-Color-10058-700x700.webp",700,700,true],"tenweb_optimizer_mobile":["https:\/\/xstone.group\/wp-content\/uploads\/2026\/02\/Xstone-Color-10058-600x600.webp",600,600,true],"tenweb_optimizer_tablet":["https:\/\/xstone.group\/wp-content\/uploads\/2026\/02\/Xstone-Color-10058-768x768.webp",768,768,true],"woocommerce_thumbnail":["https:\/\/xstone.group\/wp-content\/uploads\/2026\/02\/Xstone-Color-10058-300x300.webp",300,300,true],"woocommerce_single":["https:\/\/xstone.group\/wp-content\/uploads\/2026\/02\/Xstone-Color-10058-600x600.webp",600,600,true],"woocommerce_gallery_thumbnail":["https:\/\/xstone.group\/wp-content\/uploads\/2026\/02\/Xstone-Color-10058-100x100.webp",100,100,true]},"uagb_author_info":{"display_name":"laurent.gomez@xstone.group","author_link":"https:\/\/xstone.group\/de\/author\/"},"uagb_comment_info":0,"uagb_excerpt":"Beige de Lecce strahlt eine warme, nat\u00fcrliche Eleganz aus, die an sonnenbeschienenen Stein und zeitlose mediterrane Landschaften erinnert. Seine weichen, erdigen T\u00f6ne vermitteln ein Gef\u00fchl von Ruhe und Raffinesse, das jeden Raum einladend, geerdet und raffiniert erscheinen l\u00e4sst. Subtile Sprenkel und sanfte Schattenvariationen verleihen ihr einen lebendigen, organischen Charakter und verwandeln jede Oberfl\u00e4che in eine&hellip;","_links":{"self":[{"href":"https:\/\/xstone.group\/de\/wp-json\/wp\/v2\/product\/21482","targetHints":{"allow":["GET"]}}],"collection":[{"href":"https:\/\/xstone.group\/de\/wp-json\/wp\/v2\/product"}],"about":[{"href":"https:\/\/xstone.group\/de\/wp-json\/wp\/v2\/types\/product"}],"replies":[{"embeddable":true,"href":"https:\/\/xstone.group\/de\/wp-json\/wp\/v2\/comments?post=21482"}],"wp:featuredmedia":[{"embeddable":true,"href":"https:\/\/xstone.group\/de\/wp-json\/wp\/v2\/media\/21485"}],"wp:attachment":[{"href":"https:\/\/xstone.group\/de\/wp-json\/wp\/v2\/media?parent=21482"}],"wp:term":[{"taxonomy":"product_brand","embeddable":true,"href":"https:\/\/xstone.group\/de\/wp-json\/wp\/v2\/product_brand?post=21482"},{"taxonomy":"product_cat","embeddable":true,"href":"https:\/\/xstone.group\/de\/wp-json\/wp\/v2\/product_cat?post=21482"},{"taxonomy":"product_tag","embeddable":true,"href":"https:\/\/xstone.group\/de\/wp-json\/wp\/v2\/product_tag?post=21482"}],"curies":[{"name":"wp","href":"https:\/\/api.w.org\/{rel}","templated":true}]}}