{"id":21489,"date":"2026-02-11T10:34:49","date_gmt":"2026-02-11T10:34:49","guid":{"rendered":"https:\/\/xstone.group\/product\/01087-beige-de-paris\/"},"modified":"2026-02-11T10:34:49","modified_gmt":"2026-02-11T10:34:49","slug":"01087-beige-de-paris","status":"publish","type":"product","link":"https:\/\/xstone.group\/de\/product\/01087-beige-de-paris\/","title":{"rendered":"01087 | Beige de Paris"},"content":{"rendered":"<p>Ein sanftes mineralisches Beige mit subtilen warmen Untert\u00f6nen. Dieser Farbton erinnert an die zeitlose Eleganz von nat\u00fcrlichem Kalkstein, der von der Zeit sanft geformt wurde. Seine zarte Variation aus cremefarbenem Sand und schwachen erdigen Sprenkeln schafft Tiefe, ohne das Auge zu \u00fcberw\u00e4ltigen, und bietet eine raffinierte, architektonische Neutralit\u00e4t. Die Oberfl\u00e4che wirkt ruhig, ausgeglichen und m\u00fchelos raffiniert &#8211; perfekt f\u00fcr Innenr\u00e4ume, die Licht, W\u00e4rme und unaufdringlichen Luxus suchen. Er f\u00e4ngt den ruhigen Charme von Pariser Fassaden und sonnenbeschienenen Steinmauern ein und bringt ein Gef\u00fchl von Authentizit\u00e4t und Gelassenheit in moderne R\u00e4ume.   <\/p>\n","protected":false},"excerpt":{"rendered":"<p>Ein sanftes mineralisches Beige mit subtilen warmen Untert\u00f6nen. Dieser Farbton erinnert an die zeitlose Eleganz von nat\u00fcrlichem Kalkstein, der von der Zeit sanft geformt wurde. Seine zarte Variation aus cremefarbenem Sand und schwachen erdigen Sprenkeln schafft Tiefe, ohne das Auge zu \u00fcberw\u00e4ltigen, und bietet eine raffinierte, architektonische Neutralit\u00e4t. Die Oberfl\u00e4che wirkt ruhig, ausgeglichen und m\u00fchelos [&hellip;]<\/p>\n","protected":false},"featured_media":21484,"comment_status":"open","ping_status":"closed","template":"","meta":{"_acf_changed":false,"_uag_custom_page_level_css":"","site-sidebar-layout":"default","site-content-layout":"","ast-site-content-layout":"default","site-content-style":"default","site-sidebar-style":"default","ast-global-header-display":"","ast-banner-title-visibility":"","ast-main-header-display":"","ast-hfb-above-header-display":"","ast-hfb-below-header-display":"","ast-hfb-mobile-header-display":"","site-post-title":"","ast-breadcrumbs-content":"","ast-featured-img":"","footer-sml-layout":"","theme-transparent-header-meta":"default","adv-header-id-meta":"","stick-header-meta":"default","header-above-stick-meta":"","header-main-stick-meta":"","header-below-stick-meta":"","astra-migrate-meta-layouts":"default","ast-page-background-enabled":"default","ast-page-background-meta":{"desktop":{"background-color":"var(--ast-global-color-4)","background-image":"","background-repeat":"repeat","background-position":"center center","background-size":"auto","background-attachment":"scroll","background-type":"","background-media":"","overlay-type":"","overlay-color":"","overlay-opacity":"","overlay-gradient":""},"tablet":{"background-color":"","background-image":"","background-repeat":"repeat","background-position":"center center","background-size":"auto","background-attachment":"scroll","background-type":"","background-media":"","overlay-type":"","overlay-color":"","overlay-opacity":"","overlay-gradient":""},"mobile":{"background-color":"","background-image":"","background-repeat":"repeat","background-position":"center center","background-size":"auto","background-attachment":"scroll","background-type":"","background-media":"","overlay-type":"","overlay-color":"","overlay-opacity":"","overlay-gradient":""}},"ast-content-background-meta":{"desktop":{"background-color":"var(--ast-global-color-5)","background-image":"","background-repeat":"repeat","background-position":"center center","background-size":"auto","background-attachment":"scroll","background-type":"","background-media":"","overlay-type":"","overlay-color":"","overlay-opacity":"","overlay-gradient":""},"tablet":{"background-color":"var(--ast-global-color-5)","background-image":"","background-repeat":"repeat","background-position":"center center","background-size":"auto","background-attachment":"scroll","background-type":"","background-media":"","overlay-type":"","overlay-color":"","overlay-opacity":"","overlay-gradient":""},"mobile":{"background-color":"var(--ast-global-color-5)","background-image":"","background-repeat":"repeat","background-position":"center center","background-size":"auto","background-attachment":"scroll","background-type":"","background-media":"","overlay-type":"","overlay-color":"","overlay-opacity":"","overlay-gradient":""}}},"product_brand":[],"product_cat":[2313,2314],"product_tag":[2580,2581,2591,2595,2585,2582,2589,2587,2593],"class_list":{"0":"post-21489","1":"product","2":"type-product","3":"status-publish","4":"has-post-thumbnail","6":"product_cat-color","7":"product_cat-grey","8":"product_tag-architectural-beige","9":"product_tag-beige-stone-surface","10":"product_tag-elegant-wall-cladding","11":"product_tag-comp-color-17740","12":"product_tag-neutral-wall-finish","13":"product_tag-warm-mineral-beige","14":"product_tag-soft-sand-tone","15":"product_tag-contemporary-interior-surface","16":"product_tag-timeless-beige-design","17":"desktop-align-left","18":"tablet-align-left","19":"mobile-align-left","21":"first","22":"instock","23":"shipping-taxable","24":"product-type-simple"},"acf":[],"yoast_head":"<!-- This site is optimized with the Yoast SEO Premium plugin v27.4 (Yoast SEO v27.4) - https:\/\/yoast.com\/product\/yoast-seo-premium-wordpress\/ -->\n<title>01087 | Beige de Paris - XSTONE<\/title>\n<meta name=\"description\" content=\"Entdecken Sie eine warme, mineralische, beigefarbene Steinoberfl\u00e4che mit subtiler, nat\u00fcrlicher Textur und zeitloser Eleganz, ideal f\u00fcr raffinierte Innenr\u00e4ume, die nach Licht, Weichheit und architektonischer Authentizit\u00e4t suchen.\" \/>\n<meta name=\"robots\" content=\"index, follow, max-snippet:-1, max-image-preview:large, max-video-preview:-1\" \/>\n<link rel=\"canonical\" href=\"https:\/\/xstone.group\/de\/product\/01087-beige-de-paris\/\" \/>\n<meta property=\"og:locale\" content=\"de_DE\" \/>\n<meta property=\"og:type\" content=\"article\" \/>\n<meta property=\"og:title\" content=\"01087 | Beige de Paris\" \/>\n<meta property=\"og:description\" content=\"Entdecken Sie eine warme, mineralische, beigefarbene Steinoberfl\u00e4che mit subtiler, nat\u00fcrlicher Textur und zeitloser Eleganz, ideal f\u00fcr raffinierte Innenr\u00e4ume, die nach Licht, Weichheit und architektonischer Authentizit\u00e4t suchen.\" \/>\n<meta property=\"og:url\" content=\"https:\/\/xstone.group\/de\/product\/01087-beige-de-paris\/\" \/>\n<meta property=\"og:site_name\" content=\"XSTONE\" \/>\n<meta property=\"article:publisher\" content=\"https:\/\/www.facebook.com\/Xstonesurfaces1\/\" \/>\n<meta property=\"og:image\" content=\"https:\/\/xstone.group\/wp-content\/uploads\/2026\/02\/Xstone-Color-01087-scaled.webp\" \/>\n\t<meta property=\"og:image:width\" content=\"2560\" \/>\n\t<meta property=\"og:image:height\" content=\"2560\" \/>\n\t<meta property=\"og:image:type\" content=\"image\/webp\" \/>\n<meta name=\"twitter:card\" content=\"summary_large_image\" \/>\n<meta name=\"twitter:label1\" content=\"Gesch\u00e4tzte Lesezeit\" \/>\n\t<meta name=\"twitter:data1\" content=\"1\u00a0Minute\" \/>\n<script type=\"application\/ld+json\" class=\"yoast-schema-graph\">{\"@context\":\"https:\\\/\\\/schema.org\",\"@graph\":[{\"@type\":\"WebPage\",\"@id\":\"https:\\\/\\\/xstone.group\\\/de\\\/product\\\/01087-beige-de-paris\\\/\",\"url\":\"https:\\\/\\\/xstone.group\\\/de\\\/product\\\/01087-beige-de-paris\\\/\",\"name\":\"01087 | Beige de Paris - XSTONE\",\"isPartOf\":{\"@id\":\"https:\\\/\\\/xstone.group\\\/de\\\/#website\"},\"primaryImageOfPage\":{\"@id\":\"https:\\\/\\\/xstone.group\\\/de\\\/product\\\/01087-beige-de-paris\\\/#primaryimage\"},\"image\":{\"@id\":\"https:\\\/\\\/xstone.group\\\/de\\\/product\\\/01087-beige-de-paris\\\/#primaryimage\"},\"thumbnailUrl\":\"https:\\\/\\\/xstone.group\\\/wp-content\\\/uploads\\\/2026\\\/02\\\/Xstone-Color-01087-scaled.webp\",\"datePublished\":\"2026-02-11T10:34:49+00:00\",\"description\":\"Entdecken Sie eine warme, mineralische, beigefarbene Steinoberfl\u00e4che mit subtiler, nat\u00fcrlicher Textur und zeitloser Eleganz, ideal f\u00fcr raffinierte Innenr\u00e4ume, die nach Licht, Weichheit und architektonischer Authentizit\u00e4t suchen.\",\"breadcrumb\":{\"@id\":\"https:\\\/\\\/xstone.group\\\/de\\\/product\\\/01087-beige-de-paris\\\/#breadcrumb\"},\"inLanguage\":\"de\",\"potentialAction\":[{\"@type\":\"ReadAction\",\"target\":[\"https:\\\/\\\/xstone.group\\\/de\\\/product\\\/01087-beige-de-paris\\\/\"]}]},{\"@type\":\"ImageObject\",\"inLanguage\":\"de\",\"@id\":\"https:\\\/\\\/xstone.group\\\/de\\\/product\\\/01087-beige-de-paris\\\/#primaryimage\",\"url\":\"https:\\\/\\\/xstone.group\\\/wp-content\\\/uploads\\\/2026\\\/02\\\/Xstone-Color-01087-scaled.webp\",\"contentUrl\":\"https:\\\/\\\/xstone.group\\\/wp-content\\\/uploads\\\/2026\\\/02\\\/Xstone-Color-01087-scaled.webp\",\"width\":2560,\"height\":2560},{\"@type\":\"BreadcrumbList\",\"@id\":\"https:\\\/\\\/xstone.group\\\/de\\\/product\\\/01087-beige-de-paris\\\/#breadcrumb\",\"itemListElement\":[{\"@type\":\"ListItem\",\"position\":1,\"name\":\"Home\",\"item\":\"https:\\\/\\\/xstone.group\\\/de\\\/\"},{\"@type\":\"ListItem\",\"position\":2,\"name\":\"Produkte\",\"item\":\"https:\\\/\\\/xstone.group\\\/de\\\/shop\\\/\"},{\"@type\":\"ListItem\",\"position\":3,\"name\":\"01087 | Beige de Paris\"}]},{\"@type\":\"WebSite\",\"@id\":\"https:\\\/\\\/xstone.group\\\/de\\\/#website\",\"url\":\"https:\\\/\\\/xstone.group\\\/de\\\/\",\"name\":\"XSTONE\",\"description\":\"Authentische und grenzenlose mineralische Sch\u00f6nheit, ungebunden von der Schwerkraft\",\"potentialAction\":[{\"@type\":\"SearchAction\",\"target\":{\"@type\":\"EntryPoint\",\"urlTemplate\":\"https:\\\/\\\/xstone.group\\\/de\\\/?s={search_term_string}\"},\"query-input\":{\"@type\":\"PropertyValueSpecification\",\"valueRequired\":true,\"valueName\":\"search_term_string\"}}],\"inLanguage\":\"de\"}]}<\/script>\n<!-- \/ Yoast SEO Premium plugin. -->","yoast_head_json":{"title":"01087 | Beige de Paris - XSTONE","description":"Entdecken Sie eine warme, mineralische, beigefarbene Steinoberfl\u00e4che mit subtiler, nat\u00fcrlicher Textur und zeitloser Eleganz, ideal f\u00fcr raffinierte Innenr\u00e4ume, die nach Licht, Weichheit und architektonischer Authentizit\u00e4t suchen.","robots":{"index":"index","follow":"follow","max-snippet":"max-snippet:-1","max-image-preview":"max-image-preview:large","max-video-preview":"max-video-preview:-1"},"canonical":"https:\/\/xstone.group\/de\/product\/01087-beige-de-paris\/","og_locale":"de_DE","og_type":"article","og_title":"01087 | Beige de Paris","og_description":"Entdecken Sie eine warme, mineralische, beigefarbene Steinoberfl\u00e4che mit subtiler, nat\u00fcrlicher Textur und zeitloser Eleganz, ideal f\u00fcr raffinierte Innenr\u00e4ume, die nach Licht, Weichheit und architektonischer Authentizit\u00e4t suchen.","og_url":"https:\/\/xstone.group\/de\/product\/01087-beige-de-paris\/","og_site_name":"XSTONE","article_publisher":"https:\/\/www.facebook.com\/Xstonesurfaces1\/","og_image":[{"width":2560,"height":2560,"url":"https:\/\/xstone.group\/wp-content\/uploads\/2026\/02\/Xstone-Color-01087-scaled.webp","type":"image\/webp"}],"twitter_card":"summary_large_image","twitter_misc":{"Gesch\u00e4tzte Lesezeit":"1\u00a0Minute"},"schema":{"@context":"https:\/\/schema.org","@graph":[{"@type":"WebPage","@id":"https:\/\/xstone.group\/de\/product\/01087-beige-de-paris\/","url":"https:\/\/xstone.group\/de\/product\/01087-beige-de-paris\/","name":"01087 | Beige de Paris - XSTONE","isPartOf":{"@id":"https:\/\/xstone.group\/de\/#website"},"primaryImageOfPage":{"@id":"https:\/\/xstone.group\/de\/product\/01087-beige-de-paris\/#primaryimage"},"image":{"@id":"https:\/\/xstone.group\/de\/product\/01087-beige-de-paris\/#primaryimage"},"thumbnailUrl":"https:\/\/xstone.group\/wp-content\/uploads\/2026\/02\/Xstone-Color-01087-scaled.webp","datePublished":"2026-02-11T10:34:49+00:00","description":"Entdecken Sie eine warme, mineralische, beigefarbene Steinoberfl\u00e4che mit subtiler, nat\u00fcrlicher Textur und zeitloser Eleganz, ideal f\u00fcr raffinierte Innenr\u00e4ume, die nach Licht, Weichheit und architektonischer Authentizit\u00e4t suchen.","breadcrumb":{"@id":"https:\/\/xstone.group\/de\/product\/01087-beige-de-paris\/#breadcrumb"},"inLanguage":"de","potentialAction":[{"@type":"ReadAction","target":["https:\/\/xstone.group\/de\/product\/01087-beige-de-paris\/"]}]},{"@type":"ImageObject","inLanguage":"de","@id":"https:\/\/xstone.group\/de\/product\/01087-beige-de-paris\/#primaryimage","url":"https:\/\/xstone.group\/wp-content\/uploads\/2026\/02\/Xstone-Color-01087-scaled.webp","contentUrl":"https:\/\/xstone.group\/wp-content\/uploads\/2026\/02\/Xstone-Color-01087-scaled.webp","width":2560,"height":2560},{"@type":"BreadcrumbList","@id":"https:\/\/xstone.group\/de\/product\/01087-beige-de-paris\/#breadcrumb","itemListElement":[{"@type":"ListItem","position":1,"name":"Home","item":"https:\/\/xstone.group\/de\/"},{"@type":"ListItem","position":2,"name":"Produkte","item":"https:\/\/xstone.group\/de\/shop\/"},{"@type":"ListItem","position":3,"name":"01087 | Beige de Paris"}]},{"@type":"WebSite","@id":"https:\/\/xstone.group\/de\/#website","url":"https:\/\/xstone.group\/de\/","name":"XSTONE","description":"Authentische und grenzenlose mineralische Sch\u00f6nheit, ungebunden von der Schwerkraft","potentialAction":[{"@type":"SearchAction","target":{"@type":"EntryPoint","urlTemplate":"https:\/\/xstone.group\/de\/?s={search_term_string}"},"query-input":{"@type":"PropertyValueSpecification","valueRequired":true,"valueName":"search_term_string"}}],"inLanguage":"de"}]}},"spectra_custom_meta":{"_last_translation_edit_mode":["translation-editor"],"_wcml_average_rating":[null],"_wcml_review_count":[null],"_wcml_rating_count":[null],"_yoast_wpseo_primary_product_cat":["318"],"_backorders":["no"],"_download_limit":["-1"],"_download_expiry":["-1"],"_downloadable":["no"],"_manage_stock":["no"],"_sku":["01087"],"_stock_status":["instock"],"_sold_individually":["no"],"_tax_class":[""],"_tax_status":["taxable"],"_virtual":["no"],"total_sales":["0"],"_wpml_media_duplicate":["1"],"_wpml_media_featured":["1"],"stick-header-meta":["default"],"site-sidebar-layout":["default"],"theme-transparent-header-meta":["default"],"ast-site-content-layout":["default"],"site-content-style":["default"],"site-sidebar-style":["default"],"_yoast_wpseo_metadesc":["Entdecken Sie eine warme, mineralische, beigefarbene Steinoberfl\u00e4che mit subtiler, nat\u00fcrlicher Textur und zeitloser Eleganz, ideal f\u00fcr raffinierte Innenr\u00e4ume, die nach Licht, Weichheit und architektonischer Authentizit\u00e4t suchen."],"_yoast_wpseo_focuskw":["Warme mineralbeige Steinoberfl\u00e4che."],"_thumbnail_id":["21484"],"_product_image_gallery":[""],"_product_attributes":["a:3:{s:7:\"pa_tone\";a:6:{s:4:\"name\";s:7:\"pa_tone\";s:5:\"value\";s:0:\"\";s:8:\"position\";i:0;s:10:\"is_visible\";i:1;s:12:\"is_variation\";i:0;s:11:\"is_taxonomy\";i:1;}s:13:\"pa_color-code\";a:6:{s:4:\"name\";s:13:\"pa_color-code\";s:5:\"value\";s:0:\"\";s:8:\"position\";i:1;s:10:\"is_visible\";i:1;s:12:\"is_variation\";i:0;s:11:\"is_taxonomy\";i:1;}s:9:\"pa_finish\";a:6:{s:4:\"name\";s:9:\"pa_finish\";s:5:\"value\";s:0:\"\";s:8:\"position\";i:2;s:10:\"is_visible\";i:1;s:12:\"is_variation\";i:0;s:11:\"is_taxonomy\";i:1;}}"],"_wpml_word_count":["120"],"two_optimized_date":["1776489042"],"woolentor_views_count_product":["6"],"_uag_css_file_name":["uag-css-21489.css"],"_uag_js_file_name":["uag-js-21489.js"],"tp_widgets":["a:2:{s:7:\"widgets\";a:6:{i:0;s:18:\"plus-list-skeleton\";i:1;s:22:\"plus-listing-load-more\";i:2;s:18:\"plus-listing-metro\";i:3;s:18:\"tp-product-listout\";i:4;s:17:\"tp-single-style_1\";i:5;s:19:\"tp-woo-single-image\";}s:9:\"update_at\";s:10:\"1776541402\";}"],"_elementor_edit_mode":["builder"],"_selectproduct_layout":["16271"],"_elementor_page_assets":["a:0:{}"],"_elementor_css":["a:7:{s:4:\"time\";i:1776622666;s:5:\"fonts\";a:0:{}s:5:\"icons\";a:0:{}s:20:\"dynamic_elements_ids\";a:0:{}s:6:\"status\";s:5:\"empty\";i:0;s:0:\"\";s:3:\"css\";s:0:\"\";}"],"_wc_rating_count":[""],"_wc_review_count":[""],"_wc_average_rating":[0]},"uagb_featured_image_src":{"full":["https:\/\/xstone.group\/wp-content\/uploads\/2026\/02\/Xstone-Color-01087-scaled.webp",2560,2560,false],"thumbnail":["https:\/\/xstone.group\/wp-content\/uploads\/2026\/02\/Xstone-Color-01087-150x150.webp",150,150,true],"medium":["https:\/\/xstone.group\/wp-content\/uploads\/2026\/02\/Xstone-Color-01087-300x300.webp",300,300,true],"medium_large":["https:\/\/xstone.group\/wp-content\/uploads\/2026\/02\/Xstone-Color-01087-768x768.webp",768,768,true],"large":["https:\/\/xstone.group\/wp-content\/uploads\/2026\/02\/Xstone-Color-01087-1024x1024.webp",1024,1024,true],"1536x1536":["https:\/\/xstone.group\/wp-content\/uploads\/2026\/02\/Xstone-Color-01087-1536x1536.webp",1536,1536,true],"2048x2048":["https:\/\/xstone.group\/wp-content\/uploads\/2026\/02\/Xstone-Color-01087-2048x2048.webp",2048,2048,true],"tp-image-grid":["https:\/\/xstone.group\/wp-content\/uploads\/2026\/02\/Xstone-Color-01087-700x700.webp",700,700,true],"tenweb_optimizer_mobile":["https:\/\/xstone.group\/wp-content\/uploads\/2026\/02\/Xstone-Color-01087-600x600.webp",600,600,true],"tenweb_optimizer_tablet":["https:\/\/xstone.group\/wp-content\/uploads\/2026\/02\/Xstone-Color-01087-768x768.webp",768,768,true],"woocommerce_thumbnail":["https:\/\/xstone.group\/wp-content\/uploads\/2026\/02\/Xstone-Color-01087-300x300.webp",300,300,true],"woocommerce_single":["https:\/\/xstone.group\/wp-content\/uploads\/2026\/02\/Xstone-Color-01087-600x600.webp",600,600,true],"woocommerce_gallery_thumbnail":["https:\/\/xstone.group\/wp-content\/uploads\/2026\/02\/Xstone-Color-01087-100x100.webp",100,100,true]},"uagb_author_info":{"display_name":"laurent.gomez@xstone.group","author_link":"https:\/\/xstone.group\/de\/author\/"},"uagb_comment_info":0,"uagb_excerpt":"Ein sanftes mineralisches Beige mit subtilen warmen Untert\u00f6nen. Dieser Farbton erinnert an die zeitlose Eleganz von nat\u00fcrlichem Kalkstein, der von der Zeit sanft geformt wurde. Seine zarte Variation aus cremefarbenem Sand und schwachen erdigen Sprenkeln schafft Tiefe, ohne das Auge zu \u00fcberw\u00e4ltigen, und bietet eine raffinierte, architektonische Neutralit\u00e4t. Die Oberfl\u00e4che wirkt ruhig, ausgeglichen und m\u00fchelos&hellip;","_links":{"self":[{"href":"https:\/\/xstone.group\/de\/wp-json\/wp\/v2\/product\/21489","targetHints":{"allow":["GET"]}}],"collection":[{"href":"https:\/\/xstone.group\/de\/wp-json\/wp\/v2\/product"}],"about":[{"href":"https:\/\/xstone.group\/de\/wp-json\/wp\/v2\/types\/product"}],"replies":[{"embeddable":true,"href":"https:\/\/xstone.group\/de\/wp-json\/wp\/v2\/comments?post=21489"}],"wp:featuredmedia":[{"embeddable":true,"href":"https:\/\/xstone.group\/de\/wp-json\/wp\/v2\/media\/21484"}],"wp:attachment":[{"href":"https:\/\/xstone.group\/de\/wp-json\/wp\/v2\/media?parent=21489"}],"wp:term":[{"taxonomy":"product_brand","embeddable":true,"href":"https:\/\/xstone.group\/de\/wp-json\/wp\/v2\/product_brand?post=21489"},{"taxonomy":"product_cat","embeddable":true,"href":"https:\/\/xstone.group\/de\/wp-json\/wp\/v2\/product_cat?post=21489"},{"taxonomy":"product_tag","embeddable":true,"href":"https:\/\/xstone.group\/de\/wp-json\/wp\/v2\/product_tag?post=21489"}],"curies":[{"name":"wp","href":"https:\/\/api.w.org\/{rel}","templated":true}]}}