{"id":21654,"date":"2026-04-10T20:14:09","date_gmt":"2026-04-10T20:14:09","guid":{"rendered":"https:\/\/xstone.group\/product\/rol-mineralisches-rollenfurnier-trc-travertin-classic-01086-perlbeige\/"},"modified":"2026-04-10T20:14:09","modified_gmt":"2026-04-10T20:14:09","slug":"roltrc01086-roll-travertine-classic-pearl-beige","status":"publish","type":"product","link":"https:\/\/xstone.group\/de\/product\/roltrc01086-roll-travertine-classic-pearl-beige\/","title":{"rendered":"[ROL] Mineralisches Rollenfurnier [TRC] Travertin Classic [01086] Perlbeige"},"content":{"rendered":"<p class=\"font-claude-response-body break-words whitespace-normal leading-[1.7]\">Manche Materialien tragen die Erinnerung an Jahrhunderte in sich. Das XSTONE Roll Mineralfurnier in der Textur Travertin Classic und der Farbgebung Pearl Beige ist eines davon &#8211; eine Oberfl\u00e4che, die die ruhige Sprache von sonnenbeschienenem Stein, alten Steinbr\u00fcchen und R\u00e4umen spricht, die f\u00fcr die Ewigkeit geschaffen wurden. <\/p>\n<p class=\"font-claude-response-body break-words whitespace-normal leading-[1.7]\">Die Textur von Travertin Classic entfaltet sich an der Wand als eine Landschaft aus nat\u00fcrlichen Poren und Mikrovertiefungen. Jede Vertiefung und jeder Grat ist ein bewusstes Echo des \u00fcber Jahrtausende geformten Steins. Das Licht bewegt sich zu jeder Stunde anders dar\u00fcber, f\u00e4ngt das feine Relief ein und verleiht der Oberfl\u00e4che eine lebendige, atmende Qualit\u00e4t, die keine flache Verkleidung wiedergeben kann. In Kombination mit Pearl Beige &#8211; einem leuchtenden Ton mit sanfter goldener W\u00e4rme, der an mediterranen Kalkstein erinnert &#8211; ergibt sich eine Kombination aus zeitloser Raffinesse und organischer Tiefe.  <\/p>\n<p class=\"font-claude-response-body break-words whitespace-normal leading-[1.7]\">Diese flexible Travertin-Furnierrolle mit Perlbeige-Finish bietet die Seele des Natursteins in einem Format, das f\u00fcr die moderne Architektur entwickelt wurde: 2 mm d\u00fcnn, mit einem Gewicht von nur 2 kg\/m\u00b2, geliefert in Rollen von 3000 \u00d7 1000 mm, die sich sauber schneiden, an gebogene Oberfl\u00e4chen anpassen und ohne strukturelle Verst\u00e4rkung verlegen lassen. Mit der Einstufung A2-s1,d0 und einem Anteil von 90 % recyceltem Marmorsteinpulver erf\u00fcllt es kompromisslos die h\u00f6chsten Standards f\u00fcr Brandschutz und Nachhaltigkeit. <\/p>\n<p class=\"font-claude-response-body break-words whitespace-normal leading-[1.7]\">Ob in der Lobby eines Luxushotels, in einem hochwertigen Wohnbereich, in einer Boutique oder in einem Spa, diese Kombination verleiht jeder Oberfl\u00e4che &#8211; W\u00e4nden, Decken, M\u00f6beln oder Nassr\u00e4umen &#8211; mit der Leichtigkeit und Pr\u00e4zision, die nur XSTONE bietet, eine zeitlose mineralische Pr\u00e4senz.<\/p>\n","protected":false},"excerpt":{"rendered":"<p>Manche Materialien tragen die Erinnerung an Jahrhunderte in sich. Das XSTONE Roll Mineralfurnier in der Textur Travertin Classic und der Farbgebung Pearl Beige ist eines davon &#8211; eine Oberfl\u00e4che, die die ruhige Sprache von sonnenbeschienenem Stein, alten Steinbr\u00fcchen und R\u00e4umen spricht, die f\u00fcr die Ewigkeit geschaffen wurden. Die Textur von Travertin Classic entfaltet sich an [&hellip;]<\/p>\n","protected":false},"featured_media":21667,"comment_status":"open","ping_status":"closed","template":"","meta":{"_acf_changed":false,"_uag_custom_page_level_css":"","site-sidebar-layout":"default","site-content-layout":"","ast-site-content-layout":"default","site-content-style":"default","site-sidebar-style":"default","ast-global-header-display":"","ast-banner-title-visibility":"","ast-main-header-display":"","ast-hfb-above-header-display":"","ast-hfb-below-header-display":"","ast-hfb-mobile-header-display":"","site-post-title":"","ast-breadcrumbs-content":"","ast-featured-img":"","footer-sml-layout":"","theme-transparent-header-meta":"default","adv-header-id-meta":"","stick-header-meta":"default","header-above-stick-meta":"","header-main-stick-meta":"","header-below-stick-meta":"","astra-migrate-meta-layouts":"default","ast-page-background-enabled":"default","ast-page-background-meta":{"desktop":{"background-color":"var(--ast-global-color-4)","background-image":"","background-repeat":"repeat","background-position":"center center","background-size":"auto","background-attachment":"scroll","background-type":"","background-media":"","overlay-type":"","overlay-color":"","overlay-opacity":"","overlay-gradient":""},"tablet":{"background-color":"","background-image":"","background-repeat":"repeat","background-position":"center center","background-size":"auto","background-attachment":"scroll","background-type":"","background-media":"","overlay-type":"","overlay-color":"","overlay-opacity":"","overlay-gradient":""},"mobile":{"background-color":"","background-image":"","background-repeat":"repeat","background-position":"center center","background-size":"auto","background-attachment":"scroll","background-type":"","background-media":"","overlay-type":"","overlay-color":"","overlay-opacity":"","overlay-gradient":""}},"ast-content-background-meta":{"desktop":{"background-color":"var(--ast-global-color-5)","background-image":"","background-repeat":"repeat","background-position":"center center","background-size":"auto","background-attachment":"scroll","background-type":"","background-media":"","overlay-type":"","overlay-color":"","overlay-opacity":"","overlay-gradient":""},"tablet":{"background-color":"var(--ast-global-color-5)","background-image":"","background-repeat":"repeat","background-position":"center center","background-size":"auto","background-attachment":"scroll","background-type":"","background-media":"","overlay-type":"","overlay-color":"","overlay-opacity":"","overlay-gradient":""},"mobile":{"background-color":"var(--ast-global-color-5)","background-image":"","background-repeat":"repeat","background-position":"center center","background-size":"auto","background-attachment":"scroll","background-type":"","background-media":"","overlay-type":"","overlay-color":"","overlay-opacity":"","overlay-gradient":""}}},"product_brand":[],"product_cat":[1509,1508,1515,1504,1511,1505,1513,1500,1501],"product_tag":[1516,2951,2946,2670,2107,2956,2949,2953,2947,2944],"class_list":{"0":"post-21654","1":"product","2":"type-product","3":"status-publish","4":"has-post-thumbnail","6":"product_cat-bathroom","7":"product_cat-floor","8":"product_cat-office","9":"product_cat-retail-design","10":"product_cat-facade","11":"product_cat-furniture","12":"product_cat-panel","13":"product_cat-signature","14":"product_cat-wall-design","15":"product_tag-comp-backing-15503","16":"product_tag-thin-stone-wall-covering","17":"product_tag-flexible-stone-cladding","18":"product_tag-comp-color-17744","19":"product_tag-comp-texture-15445","20":"product_tag-sustainable-stone-cladding","21":"product_tag-natural-travertine-look","22":"product_tag-travertine-effect-surface","23":"product_tag-pearl-beige-wall-panel","24":"product_tag-travertine-wall-veneer","25":"desktop-align-left","26":"tablet-align-left","27":"mobile-align-left","29":"first","30":"instock","31":"shipping-taxable","32":"product-type-simple"},"acf":[],"yoast_head":"<!-- This site is optimized with the Yoast SEO Premium plugin v27.4 (Yoast SEO v27.4) - https:\/\/yoast.com\/product\/yoast-seo-premium-wordpress\/ -->\n<title>Rolle Mineralfurnier | Travertin Classic | Perlbeige<\/title>\n<meta name=\"description\" content=\"Flexible Mineralfurnierrolle aus Travertin, Farbton Pearl Beige. 2 mm d\u00fcnn, A2 Brandschutzklasse, 90% recycelt. Zeitlose Stein-Eleganz f\u00fcr luxuri\u00f6se Innenr\u00e4ume.\" \/>\n<meta name=\"robots\" content=\"index, follow, max-snippet:-1, max-image-preview:large, max-video-preview:-1\" \/>\n<link rel=\"canonical\" href=\"https:\/\/xstone.group\/de\/product\/roltrc01086-roll-travertine-classic-pearl-beige\/\" \/>\n<meta property=\"og:locale\" content=\"de_DE\" \/>\n<meta property=\"og:type\" content=\"article\" \/>\n<meta property=\"og:title\" content=\"[ROL] Mineralisches Rollenfurnier [TRC] Travertin Classic [01086] Perlbeige\" \/>\n<meta property=\"og:description\" content=\"Flexible Mineralfurnierrolle aus Travertin, Farbton Pearl Beige. 2 mm d\u00fcnn, A2 Brandschutzklasse, 90% recycelt. Zeitlose Stein-Eleganz f\u00fcr luxuri\u00f6se Innenr\u00e4ume.\" \/>\n<meta property=\"og:url\" content=\"https:\/\/xstone.group\/de\/product\/roltrc01086-roll-travertine-classic-pearl-beige\/\" \/>\n<meta property=\"og:site_name\" content=\"XSTONE\" \/>\n<meta property=\"article:publisher\" content=\"https:\/\/www.facebook.com\/Xstonesurfaces1\/\" \/>\n<meta property=\"og:image\" content=\"https:\/\/xstone.group\/wp-content\/uploads\/2026\/04\/XSTONE_Mineral-Veneer_0080.webp\" \/>\n\t<meta property=\"og:image:width\" content=\"1620\" \/>\n\t<meta property=\"og:image:height\" content=\"1080\" \/>\n\t<meta property=\"og:image:type\" content=\"image\/webp\" \/>\n<meta name=\"twitter:card\" content=\"summary_large_image\" \/>\n<meta name=\"twitter:label1\" content=\"Gesch\u00e4tzte Lesezeit\" \/>\n\t<meta name=\"twitter:data1\" content=\"1\u00a0Minute\" \/>\n<script type=\"application\/ld+json\" class=\"yoast-schema-graph\">{\"@context\":\"https:\\\/\\\/schema.org\",\"@graph\":[{\"@type\":\"WebPage\",\"@id\":\"https:\\\/\\\/xstone.group\\\/de\\\/product\\\/roltrc01086-roll-travertine-classic-pearl-beige\\\/\",\"url\":\"https:\\\/\\\/xstone.group\\\/de\\\/product\\\/roltrc01086-roll-travertine-classic-pearl-beige\\\/\",\"name\":\"Rolle Mineralfurnier | Travertin Classic | Perlbeige\",\"isPartOf\":{\"@id\":\"https:\\\/\\\/xstone.group\\\/de\\\/#website\"},\"primaryImageOfPage\":{\"@id\":\"https:\\\/\\\/xstone.group\\\/de\\\/product\\\/roltrc01086-roll-travertine-classic-pearl-beige\\\/#primaryimage\"},\"image\":{\"@id\":\"https:\\\/\\\/xstone.group\\\/de\\\/product\\\/roltrc01086-roll-travertine-classic-pearl-beige\\\/#primaryimage\"},\"thumbnailUrl\":\"https:\\\/\\\/xstone.group\\\/wp-content\\\/uploads\\\/2026\\\/04\\\/XSTONE_Mineral-Veneer_0080.webp\",\"datePublished\":\"2026-04-10T20:14:09+00:00\",\"description\":\"Flexible Mineralfurnierrolle aus Travertin, Farbton Pearl Beige. 2 mm d\u00fcnn, A2 Brandschutzklasse, 90% recycelt. Zeitlose Stein-Eleganz f\u00fcr luxuri\u00f6se Innenr\u00e4ume.\",\"breadcrumb\":{\"@id\":\"https:\\\/\\\/xstone.group\\\/de\\\/product\\\/roltrc01086-roll-travertine-classic-pearl-beige\\\/#breadcrumb\"},\"inLanguage\":\"de\",\"potentialAction\":[{\"@type\":\"ReadAction\",\"target\":[\"https:\\\/\\\/xstone.group\\\/de\\\/product\\\/roltrc01086-roll-travertine-classic-pearl-beige\\\/\"]}]},{\"@type\":\"ImageObject\",\"inLanguage\":\"de\",\"@id\":\"https:\\\/\\\/xstone.group\\\/de\\\/product\\\/roltrc01086-roll-travertine-classic-pearl-beige\\\/#primaryimage\",\"url\":\"https:\\\/\\\/xstone.group\\\/wp-content\\\/uploads\\\/2026\\\/04\\\/XSTONE_Mineral-Veneer_0080.webp\",\"contentUrl\":\"https:\\\/\\\/xstone.group\\\/wp-content\\\/uploads\\\/2026\\\/04\\\/XSTONE_Mineral-Veneer_0080.webp\",\"width\":1620,\"height\":1080,\"caption\":\"travertine flexible Pearl Beige\"},{\"@type\":\"BreadcrumbList\",\"@id\":\"https:\\\/\\\/xstone.group\\\/de\\\/product\\\/roltrc01086-roll-travertine-classic-pearl-beige\\\/#breadcrumb\",\"itemListElement\":[{\"@type\":\"ListItem\",\"position\":1,\"name\":\"Home\",\"item\":\"https:\\\/\\\/xstone.group\\\/de\\\/\"},{\"@type\":\"ListItem\",\"position\":2,\"name\":\"Produkte\",\"item\":\"https:\\\/\\\/xstone.group\\\/de\\\/shop\\\/\"},{\"@type\":\"ListItem\",\"position\":3,\"name\":\"[ROL] Mineralisches Rollenfurnier [TRC] Travertin Classic [01086] Perlbeige\"}]},{\"@type\":\"WebSite\",\"@id\":\"https:\\\/\\\/xstone.group\\\/de\\\/#website\",\"url\":\"https:\\\/\\\/xstone.group\\\/de\\\/\",\"name\":\"XSTONE\",\"description\":\"Authentische und grenzenlose mineralische Sch\u00f6nheit, ungebunden von der Schwerkraft\",\"potentialAction\":[{\"@type\":\"SearchAction\",\"target\":{\"@type\":\"EntryPoint\",\"urlTemplate\":\"https:\\\/\\\/xstone.group\\\/de\\\/?s={search_term_string}\"},\"query-input\":{\"@type\":\"PropertyValueSpecification\",\"valueRequired\":true,\"valueName\":\"search_term_string\"}}],\"inLanguage\":\"de\"}]}<\/script>\n<!-- \/ Yoast SEO Premium plugin. -->","yoast_head_json":{"title":"Rolle Mineralfurnier | Travertin Classic | Perlbeige","description":"Flexible Mineralfurnierrolle aus Travertin, Farbton Pearl Beige. 2 mm d\u00fcnn, A2 Brandschutzklasse, 90% recycelt. Zeitlose Stein-Eleganz f\u00fcr luxuri\u00f6se Innenr\u00e4ume.","robots":{"index":"index","follow":"follow","max-snippet":"max-snippet:-1","max-image-preview":"max-image-preview:large","max-video-preview":"max-video-preview:-1"},"canonical":"https:\/\/xstone.group\/de\/product\/roltrc01086-roll-travertine-classic-pearl-beige\/","og_locale":"de_DE","og_type":"article","og_title":"[ROL] Mineralisches Rollenfurnier [TRC] Travertin Classic [01086] Perlbeige","og_description":"Flexible Mineralfurnierrolle aus Travertin, Farbton Pearl Beige. 2 mm d\u00fcnn, A2 Brandschutzklasse, 90% recycelt. Zeitlose Stein-Eleganz f\u00fcr luxuri\u00f6se Innenr\u00e4ume.","og_url":"https:\/\/xstone.group\/de\/product\/roltrc01086-roll-travertine-classic-pearl-beige\/","og_site_name":"XSTONE","article_publisher":"https:\/\/www.facebook.com\/Xstonesurfaces1\/","og_image":[{"width":1620,"height":1080,"url":"https:\/\/xstone.group\/wp-content\/uploads\/2026\/04\/XSTONE_Mineral-Veneer_0080.webp","type":"image\/webp"}],"twitter_card":"summary_large_image","twitter_misc":{"Gesch\u00e4tzte Lesezeit":"1\u00a0Minute"},"schema":{"@context":"https:\/\/schema.org","@graph":[{"@type":"WebPage","@id":"https:\/\/xstone.group\/de\/product\/roltrc01086-roll-travertine-classic-pearl-beige\/","url":"https:\/\/xstone.group\/de\/product\/roltrc01086-roll-travertine-classic-pearl-beige\/","name":"Rolle Mineralfurnier | Travertin Classic | Perlbeige","isPartOf":{"@id":"https:\/\/xstone.group\/de\/#website"},"primaryImageOfPage":{"@id":"https:\/\/xstone.group\/de\/product\/roltrc01086-roll-travertine-classic-pearl-beige\/#primaryimage"},"image":{"@id":"https:\/\/xstone.group\/de\/product\/roltrc01086-roll-travertine-classic-pearl-beige\/#primaryimage"},"thumbnailUrl":"https:\/\/xstone.group\/wp-content\/uploads\/2026\/04\/XSTONE_Mineral-Veneer_0080.webp","datePublished":"2026-04-10T20:14:09+00:00","description":"Flexible Mineralfurnierrolle aus Travertin, Farbton Pearl Beige. 2 mm d\u00fcnn, A2 Brandschutzklasse, 90% recycelt. Zeitlose Stein-Eleganz f\u00fcr luxuri\u00f6se Innenr\u00e4ume.","breadcrumb":{"@id":"https:\/\/xstone.group\/de\/product\/roltrc01086-roll-travertine-classic-pearl-beige\/#breadcrumb"},"inLanguage":"de","potentialAction":[{"@type":"ReadAction","target":["https:\/\/xstone.group\/de\/product\/roltrc01086-roll-travertine-classic-pearl-beige\/"]}]},{"@type":"ImageObject","inLanguage":"de","@id":"https:\/\/xstone.group\/de\/product\/roltrc01086-roll-travertine-classic-pearl-beige\/#primaryimage","url":"https:\/\/xstone.group\/wp-content\/uploads\/2026\/04\/XSTONE_Mineral-Veneer_0080.webp","contentUrl":"https:\/\/xstone.group\/wp-content\/uploads\/2026\/04\/XSTONE_Mineral-Veneer_0080.webp","width":1620,"height":1080,"caption":"travertine flexible Pearl Beige"},{"@type":"BreadcrumbList","@id":"https:\/\/xstone.group\/de\/product\/roltrc01086-roll-travertine-classic-pearl-beige\/#breadcrumb","itemListElement":[{"@type":"ListItem","position":1,"name":"Home","item":"https:\/\/xstone.group\/de\/"},{"@type":"ListItem","position":2,"name":"Produkte","item":"https:\/\/xstone.group\/de\/shop\/"},{"@type":"ListItem","position":3,"name":"[ROL] Mineralisches Rollenfurnier [TRC] Travertin Classic [01086] Perlbeige"}]},{"@type":"WebSite","@id":"https:\/\/xstone.group\/de\/#website","url":"https:\/\/xstone.group\/de\/","name":"XSTONE","description":"Authentische und grenzenlose mineralische Sch\u00f6nheit, ungebunden von der Schwerkraft","potentialAction":[{"@type":"SearchAction","target":{"@type":"EntryPoint","urlTemplate":"https:\/\/xstone.group\/de\/?s={search_term_string}"},"query-input":{"@type":"PropertyValueSpecification","valueRequired":true,"valueName":"search_term_string"}}],"inLanguage":"de"}]}},"spectra_custom_meta":{"_last_translation_edit_mode":["translation-editor"],"_product_attributes":["a:8:{s:7:\"backing\";a:6:{s:4:\"name\";s:7:\"Backing\";s:5:\"value\";s:9:\"Fiberglas\";s:8:\"position\";i:0;s:10:\"is_visible\";i:1;s:12:\"is_variation\";i:0;s:11:\"is_taxonomy\";i:0;}s:7:\"texture\";a:6:{s:4:\"name\";s:7:\"Texture\";s:5:\"value\";s:17:\"Travertin Classic\";s:8:\"position\";i:1;s:10:\"is_visible\";i:1;s:12:\"is_variation\";i:0;s:11:\"is_taxonomy\";i:0;}s:5:\"color\";a:6:{s:4:\"name\";s:5:\"Color\";s:5:\"value\";s:9:\"Perlbeige\";s:8:\"position\";i:2;s:10:\"is_visible\";i:1;s:12:\"is_variation\";i:0;s:11:\"is_taxonomy\";i:0;}s:4:\"size\";a:6:{s:4:\"name\";s:4:\"Size\";s:5:\"value\";s:41:\"3000 x 1000 mm; Sonderformate auf Anfrage\";s:8:\"position\";i:3;s:10:\"is_visible\";i:1;s:12:\"is_variation\";i:0;s:11:\"is_taxonomy\";i:0;}s:9:\"thickness\";a:6:{s:4:\"name\";s:9:\"Thickness\";s:5:\"value\";s:10:\"2 - 2,5 mm\";s:8:\"position\";i:5;s:10:\"is_visible\";i:1;s:12:\"is_variation\";i:0;s:11:\"is_taxonomy\";i:0;}s:6:\"finish\";a:6:{s:4:\"name\";s:6:\"Finish\";s:5:\"value\";s:4:\"Matt\";s:8:\"position\";i:6;s:10:\"is_visible\";i:1;s:12:\"is_variation\";i:0;s:11:\"is_taxonomy\";i:0;}s:11:\"composition\";a:6:{s:4:\"name\";s:11:\"Composition\";s:5:\"value\";s:56:\"90% recyceltes Marmorsteinpulver + Copolymer + Glasfaser\";s:8:\"position\";i:7;s:10:\"is_visible\";i:1;s:12:\"is_variation\";i:0;s:11:\"is_taxonomy\";i:0;}s:11:\"fire-rating\";a:6:{s:4:\"name\";s:11:\"Fire rating\";s:5:\"value\";s:8:\"A2-s1-d0\";s:8:\"position\";i:8;s:10:\"is_visible\";i:1;s:12:\"is_variation\";i:0;s:11:\"is_taxonomy\";i:0;}}"],"attr_label_translations":["a:1:{s:2:\"de\";a:8:{s:7:\"backing\";s:14:\"R\u00fcckendeckung\";s:7:\"texture\";s:6:\"Textur\";s:5:\"color\";s:5:\"Farbe\";s:4:\"size\";s:7:\"Gr\u00f6\u00dfe\";s:9:\"thickness\";s:5:\"Dicke\";s:6:\"finish\";s:6:\"Finish\";s:11:\"composition\";s:15:\"Zusammensetzung\";s:11:\"fire-rating\";s:11:\"Brandklasse\";}}"],"_wcml_average_rating":[null],"_wcml_review_count":[null],"_wcml_rating_count":[null],"_yoast_wpseo_primary_product_cat":["332"],"_backorders":["no"],"_download_limit":["-1"],"_download_expiry":["-1"],"_downloadable":["no"],"_manage_stock":["no"],"_sku":["ROLTRC01086"],"_stock_status":["instock"],"_sold_individually":["no"],"_tax_class":[""],"_tax_status":["taxable"],"_virtual":["no"],"total_sales":["0"],"_wpml_media_duplicate":["1"],"_wpml_media_featured":["1"],"stick-header-meta":["default"],"site-sidebar-layout":["default"],"theme-transparent-header-meta":["default"],"ast-site-content-layout":["default"],"site-content-style":["default"],"site-sidebar-style":["default"],"_yoast_wpseo_title":["Rolle Mineralfurnier | Travertin Classic | Perlbeige"],"_yoast_wpseo_metadesc":["Flexible Mineralfurnierrolle aus Travertin, Farbton Pearl Beige. 2 mm d\u00fcnn, A2 Brandschutzklasse, 90% recycelt. Zeitlose Stein-Eleganz f\u00fcr luxuri\u00f6se Innenr\u00e4ume."],"_yoast_wpseo_focuskw":["Travertin flexibel Pearl Beige"],"_upsell_ids":["a:3:{i:0;i:21500;i:1;N;i:2;N;}"],"_wpt_field_wpt-16200":["[elementor-template id=\"16197\"]"],"_thumbnail_id":["21667"],"_wpml_word_count":["312"],"two_optimized_date":["1776548612"],"woolentor_views_count_product":["9"],"_uag_css_file_name":["uag-css-21654.css"],"_uag_js_file_name":["uag-js-21654.js"],"tp_widgets":["a:2:{s:7:\"widgets\";a:6:{i:0;s:18:\"plus-list-skeleton\";i:1;s:22:\"plus-listing-load-more\";i:2;s:18:\"plus-listing-metro\";i:3;s:18:\"tp-product-listout\";i:4;s:17:\"tp-single-style_1\";i:5;s:19:\"tp-woo-single-image\";}s:9:\"update_at\";s:10:\"1776541402\";}"],"_elementor_edit_mode":["builder"],"_selectproduct_layout":["18065"],"_wc_rating_count":[""],"_wc_review_count":[""],"_wc_average_rating":[0]},"uagb_featured_image_src":{"full":["https:\/\/xstone.group\/wp-content\/uploads\/2026\/04\/XSTONE_Mineral-Veneer_0080.webp",1620,1080,false],"thumbnail":["https:\/\/xstone.group\/wp-content\/uploads\/2026\/04\/XSTONE_Mineral-Veneer_0080-150x150.webp",150,150,true],"medium":["https:\/\/xstone.group\/wp-content\/uploads\/2026\/04\/XSTONE_Mineral-Veneer_0080-300x200.webp",300,200,true],"medium_large":["https:\/\/xstone.group\/wp-content\/uploads\/2026\/04\/XSTONE_Mineral-Veneer_0080-768x512.webp",768,512,true],"large":["https:\/\/xstone.group\/wp-content\/uploads\/2026\/04\/XSTONE_Mineral-Veneer_0080-1024x683.webp",1024,683,true],"1536x1536":["https:\/\/xstone.group\/wp-content\/uploads\/2026\/04\/XSTONE_Mineral-Veneer_0080-1536x1024.webp",1536,1024,true],"2048x2048":["https:\/\/xstone.group\/wp-content\/uploads\/2026\/04\/XSTONE_Mineral-Veneer_0080.webp",1620,1080,false],"tp-image-grid":["https:\/\/xstone.group\/wp-content\/uploads\/2026\/04\/XSTONE_Mineral-Veneer_0080-700x700.webp",700,700,true],"tenweb_optimizer_mobile":["https:\/\/xstone.group\/wp-content\/uploads\/2026\/04\/XSTONE_Mineral-Veneer_0080-600x400.webp",600,400,true],"tenweb_optimizer_tablet":["https:\/\/xstone.group\/wp-content\/uploads\/2026\/04\/XSTONE_Mineral-Veneer_0080-768x512.webp",768,512,true],"woocommerce_thumbnail":["https:\/\/xstone.group\/wp-content\/uploads\/2026\/04\/XSTONE_Mineral-Veneer_0080-300x300.webp",300,300,true],"woocommerce_single":["https:\/\/xstone.group\/wp-content\/uploads\/2026\/04\/XSTONE_Mineral-Veneer_0080-600x400.webp",600,400,true],"woocommerce_gallery_thumbnail":["https:\/\/xstone.group\/wp-content\/uploads\/2026\/04\/XSTONE_Mineral-Veneer_0080-100x100.webp",100,100,true]},"uagb_author_info":{"display_name":"laurent.gomez@xstone.group","author_link":"https:\/\/xstone.group\/de\/author\/"},"uagb_comment_info":0,"uagb_excerpt":"Manche Materialien tragen die Erinnerung an Jahrhunderte in sich. Das XSTONE Roll Mineralfurnier in der Textur Travertin Classic und der Farbgebung Pearl Beige ist eines davon &#8211; eine Oberfl\u00e4che, die die ruhige Sprache von sonnenbeschienenem Stein, alten Steinbr\u00fcchen und R\u00e4umen spricht, die f\u00fcr die Ewigkeit geschaffen wurden. Die Textur von Travertin Classic entfaltet sich an&hellip;","_links":{"self":[{"href":"https:\/\/xstone.group\/de\/wp-json\/wp\/v2\/product\/21654","targetHints":{"allow":["GET"]}}],"collection":[{"href":"https:\/\/xstone.group\/de\/wp-json\/wp\/v2\/product"}],"about":[{"href":"https:\/\/xstone.group\/de\/wp-json\/wp\/v2\/types\/product"}],"replies":[{"embeddable":true,"href":"https:\/\/xstone.group\/de\/wp-json\/wp\/v2\/comments?post=21654"}],"wp:featuredmedia":[{"embeddable":true,"href":"https:\/\/xstone.group\/de\/wp-json\/wp\/v2\/media\/21667"}],"wp:attachment":[{"href":"https:\/\/xstone.group\/de\/wp-json\/wp\/v2\/media?parent=21654"}],"wp:term":[{"taxonomy":"product_brand","embeddable":true,"href":"https:\/\/xstone.group\/de\/wp-json\/wp\/v2\/product_brand?post=21654"},{"taxonomy":"product_cat","embeddable":true,"href":"https:\/\/xstone.group\/de\/wp-json\/wp\/v2\/product_cat?post=21654"},{"taxonomy":"product_tag","embeddable":true,"href":"https:\/\/xstone.group\/de\/wp-json\/wp\/v2\/product_tag?post=21654"}],"curies":[{"name":"wp","href":"https:\/\/api.w.org\/{rel}","templated":true}]}}