{"id":21936,"date":"2026-04-11T08:52:26","date_gmt":"2026-04-11T08:52:26","guid":{"rendered":"https:\/\/xstone.group\/product\/rol-mineralisches-rollenfurnier-smo-glatt-10031-schwarz-dunkelgruen\/"},"modified":"2026-04-11T08:52:26","modified_gmt":"2026-04-11T08:52:26","slug":"rolsmo10031-roll-smooth-black-dark-green","status":"publish","type":"product","link":"https:\/\/xstone.group\/de\/product\/rolsmo10031-roll-smooth-black-dark-green\/","title":{"rendered":"[ROL] Mineralisches Rollenfurnier [SMO] Glatt [10031] Schwarz dunkelgr\u00fcn"},"content":{"rendered":"<p class=\"font-claude-response-body break-words whitespace-normal leading-[1.7]\">Es gibt Farben, die nicht schreien. Sie atmen. <\/p>\n<p class=\"font-claude-response-body break-words whitespace-normal leading-[1.7]\">XSTONE Roll Mineralfurnier in der Textur Smooth und Black Dark Green ist eine dunkelgr\u00fcne Mineralsteinwandplatte, die die ruhige Autorit\u00e4t eines tiefen Waldes in die bebaute Umgebung bringt. Die Textur Smooth gibt den Ton an: eine ruhige, gleichm\u00e4\u00dfige, samtige Maserung mit kaum wahrnehmbaren nat\u00fcrlichen Abweichungen, die der Farbe das volle Gewicht der Komposition verleiht. Und in Black Dark Green ist dieses Gewicht au\u00dfergew\u00f6hnlich &#8211; ein sattes, mineralisches Gr\u00fcn mit k\u00fchlen Untert\u00f6nen und subtilen organischen Verschiebungen, die an tiefes Waldgestein nach Regenf\u00e4llen erinnern, geerdet, lebendig und erholsam.  <\/p>\n<p class=\"font-claude-response-body break-words whitespace-normal leading-[1.7]\">Dies ist biophiles Design in seiner architektonischsten Form. Eine Oberfl\u00e4che, die die Natur nicht imitiert, sondern kanalisiert &#8211; die Art von Gr\u00fcn, die einen Korridor eines Luxushotels wie einen Zufluchtsort, einen Einzelhandelsbereich wie einen Garten und eine Wohnwand wie die wohl\u00fcberlegteste Entscheidung im Raum erscheinen l\u00e4sst. K\u00fchl genug, um modern zu sein. Tiefgr\u00fcndig genug, um zeitlos zu sein.   <\/p>\n<p class=\"font-claude-response-body break-words whitespace-normal leading-[1.7]\">Mit einem Gewicht von 2 kg\/m\u00b2 und einer Dicke von nur 2-2,5 mm erm\u00f6glicht das flexible Rollenformat die Verlegung auf flachen W\u00e4nden, gew\u00f6lbten Oberfl\u00e4chen und komplexen Geometrien mit gleicher Leichtigkeit &#8211; kein Staub, keine strukturelle Belastung, keine Kompromisse. Hergestellt aus 90% recyceltem Marmorsteinpulver, zertifiziert nach A2-s1-d0 f\u00fcr den europ\u00e4ischen Brandschutz und abgestimmt auf die Nachhaltigkeitsstandards BREEAM und LEED. <\/p>\n<p class=\"font-claude-response-body break-words whitespace-normal leading-[1.7]\">F\u00fcr Architekten und Innenarchitekten, die wissen, dass die eindrucksvollsten Interieurs diejenigen sind, die Ihnen schon beim Betreten ein Gef\u00fchl vermitteln.<\/p>\n<p>&nbsp;<\/p>\n<p>&nbsp;<\/p>\n<hr class=\"border-border-200 border-t-0.5 my-3 mx-1.5\">\n","protected":false},"excerpt":{"rendered":"<p>Es gibt Farben, die nicht schreien. Sie atmen. XSTONE Roll Mineralfurnier in der Textur Smooth und Black Dark Green ist eine dunkelgr\u00fcne Mineralsteinwandplatte, die die ruhige Autorit\u00e4t eines tiefen Waldes in die bebaute Umgebung bringt. Die Textur Smooth gibt den Ton an: eine ruhige, gleichm\u00e4\u00dfige, samtige Maserung mit kaum wahrnehmbaren nat\u00fcrlichen Abweichungen, die der Farbe [&hellip;]<\/p>\n","protected":false},"featured_media":21940,"comment_status":"open","ping_status":"closed","template":"","meta":{"_acf_changed":false,"_uag_custom_page_level_css":"","site-sidebar-layout":"default","site-content-layout":"","ast-site-content-layout":"default","site-content-style":"default","site-sidebar-style":"default","ast-global-header-display":"","ast-banner-title-visibility":"","ast-main-header-display":"","ast-hfb-above-header-display":"","ast-hfb-below-header-display":"","ast-hfb-mobile-header-display":"","site-post-title":"","ast-breadcrumbs-content":"","ast-featured-img":"","footer-sml-layout":"","theme-transparent-header-meta":"default","adv-header-id-meta":"","stick-header-meta":"default","header-above-stick-meta":"","header-main-stick-meta":"","header-below-stick-meta":"","astra-migrate-meta-layouts":"default","ast-page-background-enabled":"default","ast-page-background-meta":{"desktop":{"background-color":"var(--ast-global-color-4)","background-image":"","background-repeat":"repeat","background-position":"center center","background-size":"auto","background-attachment":"scroll","background-type":"","background-media":"","overlay-type":"","overlay-color":"","overlay-opacity":"","overlay-gradient":""},"tablet":{"background-color":"","background-image":"","background-repeat":"repeat","background-position":"center center","background-size":"auto","background-attachment":"scroll","background-type":"","background-media":"","overlay-type":"","overlay-color":"","overlay-opacity":"","overlay-gradient":""},"mobile":{"background-color":"","background-image":"","background-repeat":"repeat","background-position":"center center","background-size":"auto","background-attachment":"scroll","background-type":"","background-media":"","overlay-type":"","overlay-color":"","overlay-opacity":"","overlay-gradient":""}},"ast-content-background-meta":{"desktop":{"background-color":"var(--ast-global-color-5)","background-image":"","background-repeat":"repeat","background-position":"center center","background-size":"auto","background-attachment":"scroll","background-type":"","background-media":"","overlay-type":"","overlay-color":"","overlay-opacity":"","overlay-gradient":""},"tablet":{"background-color":"var(--ast-global-color-5)","background-image":"","background-repeat":"repeat","background-position":"center center","background-size":"auto","background-attachment":"scroll","background-type":"","background-media":"","overlay-type":"","overlay-color":"","overlay-opacity":"","overlay-gradient":""},"mobile":{"background-color":"var(--ast-global-color-5)","background-image":"","background-repeat":"repeat","background-position":"center center","background-size":"auto","background-attachment":"scroll","background-type":"","background-media":"","overlay-type":"","overlay-color":"","overlay-opacity":"","overlay-gradient":""}}},"product_brand":[],"product_cat":[1509,1515,1504,1511,1505,1513,1500,1501],"product_tag":[3353,3359,1516,3345,3343,3357,3351,3342,1774,3349,3355,3347],"class_list":{"0":"post-21936","1":"product","2":"type-product","3":"status-publish","4":"has-post-thumbnail","6":"product_cat-bathroom","7":"product_cat-office","8":"product_cat-retail-design","9":"product_cat-facade","10":"product_cat-furniture","11":"product_cat-panel","12":"product_cat-signature","13":"product_cat-wall-design","14":"product_tag-a2-fire-rated-wall-cladding","15":"product_tag-architectural-green-stone-veneer","16":"product_tag-comp-backing-15503","17":"product_tag-biophilic-interior-wall-cladding","18":"product_tag-dark-green-mineral-stone-wall-panel","19":"product_tag-dark-forest-green-wall-design","20":"product_tag-smooth-mineral-wall-texture","21":"product_tag-comp-color-17142","22":"product_tag-comp-texture-16911","23":"product_tag-luxury-green-wall-panel","24":"product_tag-sustainable-interior-wall-material","25":"product_tag-deep-green-wall-surface","26":"desktop-align-left","27":"tablet-align-left","28":"mobile-align-left","30":"first","31":"instock","32":"shipping-taxable","33":"product-type-simple"},"acf":[],"yoast_head":"<!-- This site is optimized with the Yoast SEO Premium plugin v27.4 (Yoast SEO v27.4) - https:\/\/yoast.com\/product\/yoast-seo-premium-wordpress\/ -->\n<title>Rolle Mineralfurnier | Glatt | Schwarz dunkelgr\u00fcn<\/title>\n<meta name=\"description\" content=\"Dunkelgr\u00fcne Mineralsteinplatte - Glatte Textur, flexibles Rollenformat. 90% recycelter Stein, Brandschutzklasse A2. Biophile Luxus-Verkleidung f\u00fcr W\u00e4nde und Innenr\u00e4ume.\" \/>\n<meta name=\"robots\" content=\"index, follow, max-snippet:-1, max-image-preview:large, max-video-preview:-1\" \/>\n<link rel=\"canonical\" href=\"https:\/\/xstone.group\/de\/product\/rolsmo10031-roll-smooth-black-dark-green\/\" \/>\n<meta property=\"og:locale\" content=\"de_DE\" \/>\n<meta property=\"og:type\" content=\"article\" \/>\n<meta property=\"og:title\" content=\"[ROL] Mineralisches Rollenfurnier [SMO] Glatt [10031] Schwarz dunkelgr\u00fcn\" \/>\n<meta property=\"og:description\" content=\"Dunkelgr\u00fcne Mineralsteinplatte - Glatte Textur, flexibles Rollenformat. 90% recycelter Stein, Brandschutzklasse A2. Biophile Luxus-Verkleidung f\u00fcr W\u00e4nde und Innenr\u00e4ume.\" \/>\n<meta property=\"og:url\" content=\"https:\/\/xstone.group\/de\/product\/rolsmo10031-roll-smooth-black-dark-green\/\" \/>\n<meta property=\"og:site_name\" content=\"XSTONE\" \/>\n<meta property=\"article:publisher\" content=\"https:\/\/www.facebook.com\/Xstonesurfaces1\/\" \/>\n<meta property=\"og:image\" content=\"https:\/\/xstone.group\/wp-content\/uploads\/2026\/04\/XSTONE_Mineral-Veneer_0371.webp\" \/>\n\t<meta property=\"og:image:width\" content=\"1080\" \/>\n\t<meta property=\"og:image:height\" content=\"1080\" \/>\n\t<meta property=\"og:image:type\" content=\"image\/webp\" \/>\n<meta name=\"twitter:card\" content=\"summary_large_image\" \/>\n<meta name=\"twitter:label1\" content=\"Gesch\u00e4tzte Lesezeit\" \/>\n\t<meta name=\"twitter:data1\" content=\"1\u00a0Minute\" \/>\n<script type=\"application\/ld+json\" class=\"yoast-schema-graph\">{\"@context\":\"https:\\\/\\\/schema.org\",\"@graph\":[{\"@type\":\"WebPage\",\"@id\":\"https:\\\/\\\/xstone.group\\\/de\\\/product\\\/rolsmo10031-roll-smooth-black-dark-green\\\/\",\"url\":\"https:\\\/\\\/xstone.group\\\/de\\\/product\\\/rolsmo10031-roll-smooth-black-dark-green\\\/\",\"name\":\"Rolle Mineralfurnier | Glatt | Schwarz dunkelgr\u00fcn\",\"isPartOf\":{\"@id\":\"https:\\\/\\\/xstone.group\\\/de\\\/#website\"},\"primaryImageOfPage\":{\"@id\":\"https:\\\/\\\/xstone.group\\\/de\\\/product\\\/rolsmo10031-roll-smooth-black-dark-green\\\/#primaryimage\"},\"image\":{\"@id\":\"https:\\\/\\\/xstone.group\\\/de\\\/product\\\/rolsmo10031-roll-smooth-black-dark-green\\\/#primaryimage\"},\"thumbnailUrl\":\"https:\\\/\\\/xstone.group\\\/wp-content\\\/uploads\\\/2026\\\/04\\\/XSTONE_Mineral-Veneer_0371.webp\",\"datePublished\":\"2026-04-11T08:52:26+00:00\",\"description\":\"Dunkelgr\u00fcne Mineralsteinplatte - Glatte Textur, flexibles Rollenformat. 90% recycelter Stein, Brandschutzklasse A2. Biophile Luxus-Verkleidung f\u00fcr W\u00e4nde und Innenr\u00e4ume.\",\"breadcrumb\":{\"@id\":\"https:\\\/\\\/xstone.group\\\/de\\\/product\\\/rolsmo10031-roll-smooth-black-dark-green\\\/#breadcrumb\"},\"inLanguage\":\"de\",\"potentialAction\":[{\"@type\":\"ReadAction\",\"target\":[\"https:\\\/\\\/xstone.group\\\/de\\\/product\\\/rolsmo10031-roll-smooth-black-dark-green\\\/\"]}]},{\"@type\":\"ImageObject\",\"inLanguage\":\"de\",\"@id\":\"https:\\\/\\\/xstone.group\\\/de\\\/product\\\/rolsmo10031-roll-smooth-black-dark-green\\\/#primaryimage\",\"url\":\"https:\\\/\\\/xstone.group\\\/wp-content\\\/uploads\\\/2026\\\/04\\\/XSTONE_Mineral-Veneer_0371.webp\",\"contentUrl\":\"https:\\\/\\\/xstone.group\\\/wp-content\\\/uploads\\\/2026\\\/04\\\/XSTONE_Mineral-Veneer_0371.webp\",\"width\":1080,\"height\":1080,\"caption\":\"dark green mineral stone wall paper\"},{\"@type\":\"BreadcrumbList\",\"@id\":\"https:\\\/\\\/xstone.group\\\/de\\\/product\\\/rolsmo10031-roll-smooth-black-dark-green\\\/#breadcrumb\",\"itemListElement\":[{\"@type\":\"ListItem\",\"position\":1,\"name\":\"Home\",\"item\":\"https:\\\/\\\/xstone.group\\\/de\\\/\"},{\"@type\":\"ListItem\",\"position\":2,\"name\":\"Produkte\",\"item\":\"https:\\\/\\\/xstone.group\\\/de\\\/shop\\\/\"},{\"@type\":\"ListItem\",\"position\":3,\"name\":\"[ROL] Mineralisches Rollenfurnier [SMO] Glatt [10031] Schwarz dunkelgr\u00fcn\"}]},{\"@type\":\"WebSite\",\"@id\":\"https:\\\/\\\/xstone.group\\\/de\\\/#website\",\"url\":\"https:\\\/\\\/xstone.group\\\/de\\\/\",\"name\":\"XSTONE\",\"description\":\"Authentische und grenzenlose mineralische Sch\u00f6nheit, ungebunden von der Schwerkraft\",\"potentialAction\":[{\"@type\":\"SearchAction\",\"target\":{\"@type\":\"EntryPoint\",\"urlTemplate\":\"https:\\\/\\\/xstone.group\\\/de\\\/?s={search_term_string}\"},\"query-input\":{\"@type\":\"PropertyValueSpecification\",\"valueRequired\":true,\"valueName\":\"search_term_string\"}}],\"inLanguage\":\"de\"}]}<\/script>\n<!-- \/ Yoast SEO Premium plugin. -->","yoast_head_json":{"title":"Rolle Mineralfurnier | Glatt | Schwarz dunkelgr\u00fcn","description":"Dunkelgr\u00fcne Mineralsteinplatte - Glatte Textur, flexibles Rollenformat. 90% recycelter Stein, Brandschutzklasse A2. Biophile Luxus-Verkleidung f\u00fcr W\u00e4nde und Innenr\u00e4ume.","robots":{"index":"index","follow":"follow","max-snippet":"max-snippet:-1","max-image-preview":"max-image-preview:large","max-video-preview":"max-video-preview:-1"},"canonical":"https:\/\/xstone.group\/de\/product\/rolsmo10031-roll-smooth-black-dark-green\/","og_locale":"de_DE","og_type":"article","og_title":"[ROL] Mineralisches Rollenfurnier [SMO] Glatt [10031] Schwarz dunkelgr\u00fcn","og_description":"Dunkelgr\u00fcne Mineralsteinplatte - Glatte Textur, flexibles Rollenformat. 90% recycelter Stein, Brandschutzklasse A2. Biophile Luxus-Verkleidung f\u00fcr W\u00e4nde und Innenr\u00e4ume.","og_url":"https:\/\/xstone.group\/de\/product\/rolsmo10031-roll-smooth-black-dark-green\/","og_site_name":"XSTONE","article_publisher":"https:\/\/www.facebook.com\/Xstonesurfaces1\/","og_image":[{"width":1080,"height":1080,"url":"https:\/\/xstone.group\/wp-content\/uploads\/2026\/04\/XSTONE_Mineral-Veneer_0371.webp","type":"image\/webp"}],"twitter_card":"summary_large_image","twitter_misc":{"Gesch\u00e4tzte Lesezeit":"1\u00a0Minute"},"schema":{"@context":"https:\/\/schema.org","@graph":[{"@type":"WebPage","@id":"https:\/\/xstone.group\/de\/product\/rolsmo10031-roll-smooth-black-dark-green\/","url":"https:\/\/xstone.group\/de\/product\/rolsmo10031-roll-smooth-black-dark-green\/","name":"Rolle Mineralfurnier | Glatt | Schwarz dunkelgr\u00fcn","isPartOf":{"@id":"https:\/\/xstone.group\/de\/#website"},"primaryImageOfPage":{"@id":"https:\/\/xstone.group\/de\/product\/rolsmo10031-roll-smooth-black-dark-green\/#primaryimage"},"image":{"@id":"https:\/\/xstone.group\/de\/product\/rolsmo10031-roll-smooth-black-dark-green\/#primaryimage"},"thumbnailUrl":"https:\/\/xstone.group\/wp-content\/uploads\/2026\/04\/XSTONE_Mineral-Veneer_0371.webp","datePublished":"2026-04-11T08:52:26+00:00","description":"Dunkelgr\u00fcne Mineralsteinplatte - Glatte Textur, flexibles Rollenformat. 90% recycelter Stein, Brandschutzklasse A2. Biophile Luxus-Verkleidung f\u00fcr W\u00e4nde und Innenr\u00e4ume.","breadcrumb":{"@id":"https:\/\/xstone.group\/de\/product\/rolsmo10031-roll-smooth-black-dark-green\/#breadcrumb"},"inLanguage":"de","potentialAction":[{"@type":"ReadAction","target":["https:\/\/xstone.group\/de\/product\/rolsmo10031-roll-smooth-black-dark-green\/"]}]},{"@type":"ImageObject","inLanguage":"de","@id":"https:\/\/xstone.group\/de\/product\/rolsmo10031-roll-smooth-black-dark-green\/#primaryimage","url":"https:\/\/xstone.group\/wp-content\/uploads\/2026\/04\/XSTONE_Mineral-Veneer_0371.webp","contentUrl":"https:\/\/xstone.group\/wp-content\/uploads\/2026\/04\/XSTONE_Mineral-Veneer_0371.webp","width":1080,"height":1080,"caption":"dark green mineral stone wall paper"},{"@type":"BreadcrumbList","@id":"https:\/\/xstone.group\/de\/product\/rolsmo10031-roll-smooth-black-dark-green\/#breadcrumb","itemListElement":[{"@type":"ListItem","position":1,"name":"Home","item":"https:\/\/xstone.group\/de\/"},{"@type":"ListItem","position":2,"name":"Produkte","item":"https:\/\/xstone.group\/de\/shop\/"},{"@type":"ListItem","position":3,"name":"[ROL] Mineralisches Rollenfurnier [SMO] Glatt [10031] Schwarz dunkelgr\u00fcn"}]},{"@type":"WebSite","@id":"https:\/\/xstone.group\/de\/#website","url":"https:\/\/xstone.group\/de\/","name":"XSTONE","description":"Authentische und grenzenlose mineralische Sch\u00f6nheit, ungebunden von der Schwerkraft","potentialAction":[{"@type":"SearchAction","target":{"@type":"EntryPoint","urlTemplate":"https:\/\/xstone.group\/de\/?s={search_term_string}"},"query-input":{"@type":"PropertyValueSpecification","valueRequired":true,"valueName":"search_term_string"}}],"inLanguage":"de"}]}},"spectra_custom_meta":{"_last_translation_edit_mode":["translation-editor"],"_product_attributes":["a:8:{s:7:\"backing\";a:6:{s:4:\"name\";s:7:\"Backing\";s:5:\"value\";s:9:\"Fiberglas\";s:8:\"position\";i:0;s:10:\"is_visible\";i:1;s:12:\"is_variation\";i:0;s:11:\"is_taxonomy\";i:0;}s:7:\"texture\";a:6:{s:4:\"name\";s:7:\"Texture\";s:5:\"value\";s:5:\"Glatt\";s:8:\"position\";i:1;s:10:\"is_visible\";i:1;s:12:\"is_variation\";i:0;s:11:\"is_taxonomy\";i:0;}s:5:\"color\";a:6:{s:4:\"name\";s:5:\"Color\";s:5:\"value\";s:19:\"Schwarz dunkelgr\u00fcn\";s:8:\"position\";i:2;s:10:\"is_visible\";i:1;s:12:\"is_variation\";i:0;s:11:\"is_taxonomy\";i:0;}s:4:\"size\";a:6:{s:4:\"name\";s:4:\"Size\";s:5:\"value\";s:41:\"3000 x 1000 mm; Sonderformate auf Anfrage\";s:8:\"position\";i:3;s:10:\"is_visible\";i:1;s:12:\"is_variation\";i:0;s:11:\"is_taxonomy\";i:0;}s:9:\"thickness\";a:6:{s:4:\"name\";s:9:\"Thickness\";s:5:\"value\";s:10:\"2 - 2,5 mm\";s:8:\"position\";i:5;s:10:\"is_visible\";i:1;s:12:\"is_variation\";i:0;s:11:\"is_taxonomy\";i:0;}s:6:\"finish\";a:6:{s:4:\"name\";s:6:\"Finish\";s:5:\"value\";s:4:\"Matt\";s:8:\"position\";i:6;s:10:\"is_visible\";i:1;s:12:\"is_variation\";i:0;s:11:\"is_taxonomy\";i:0;}s:11:\"composition\";a:6:{s:4:\"name\";s:11:\"Composition\";s:5:\"value\";s:56:\"90% recyceltes Marmorsteinpulver + Copolymer + Glasfaser\";s:8:\"position\";i:7;s:10:\"is_visible\";i:1;s:12:\"is_variation\";i:0;s:11:\"is_taxonomy\";i:0;}s:11:\"fire-rating\";a:6:{s:4:\"name\";s:11:\"Fire rating\";s:5:\"value\";s:8:\"A2-s1-d0\";s:8:\"position\";i:8;s:10:\"is_visible\";i:1;s:12:\"is_variation\";i:0;s:11:\"is_taxonomy\";i:0;}}"],"attr_label_translations":["a:1:{s:2:\"de\";a:8:{s:7:\"backing\";s:14:\"R\u00fcckendeckung\";s:7:\"texture\";s:6:\"Textur\";s:5:\"color\";s:5:\"Farbe\";s:4:\"size\";s:7:\"Gr\u00f6\u00dfe\";s:9:\"thickness\";s:5:\"Dicke\";s:6:\"finish\";s:6:\"Finish\";s:11:\"composition\";s:15:\"Zusammensetzung\";s:11:\"fire-rating\";s:11:\"Brandklasse\";}}"],"_wcml_average_rating":[null],"_wcml_review_count":[null],"_wcml_rating_count":[null],"_yoast_wpseo_primary_product_cat":["332"],"_backorders":["no"],"_download_limit":["-1"],"_download_expiry":["-1"],"_downloadable":["no"],"_manage_stock":["no"],"_sku":["ROLSMO10031"],"_stock_status":["instock"],"_sold_individually":["no"],"_tax_class":[""],"_tax_status":["taxable"],"_virtual":["no"],"total_sales":["0"],"_wpml_media_duplicate":["1"],"_wpml_media_featured":["1"],"stick-header-meta":["default"],"site-sidebar-layout":["default"],"theme-transparent-header-meta":["default"],"ast-site-content-layout":["default"],"site-content-style":["default"],"site-sidebar-style":["default"],"_yoast_wpseo_title":["Rolle Mineralfurnier | Glatt | Schwarz dunkelgr\u00fcn"],"_yoast_wpseo_metadesc":["Dunkelgr\u00fcne Mineralsteinplatte - Glatte Textur, flexibles Rollenformat. 90% recycelter Stein, Brandschutzklasse A2. Biophile Luxus-Verkleidung f\u00fcr W\u00e4nde und Innenr\u00e4ume."],"_yoast_wpseo_focuskw":["Dunkelgr\u00fcne Mineralsteintapete"],"_upsell_ids":["a:3:{i:0;N;i:1;N;i:2;N;}"],"_wpt_field_wpt-16200":["[elementor-template id=\"16197\"]"],"_thumbnail_id":["21940"],"_wpml_word_count":["304"],"_elementor_edit_mode":["builder"],"_selectproduct_layout":["18065"],"two_optimized_date":["1776549054"],"woolentor_views_count_product":["9"],"_uag_css_file_name":["uag-css-21936.css"],"_uag_js_file_name":["uag-js-21936.js"],"tp_widgets":["a:2:{s:7:\"widgets\";a:6:{i:0;s:18:\"plus-list-skeleton\";i:1;s:22:\"plus-listing-load-more\";i:2;s:18:\"plus-listing-metro\";i:3;s:18:\"tp-product-listout\";i:4;s:17:\"tp-single-style_1\";i:5;s:19:\"tp-woo-single-image\";}s:9:\"update_at\";s:10:\"1776541402\";}"],"_wc_rating_count":[""],"_wc_review_count":[""],"_wc_average_rating":[0]},"uagb_featured_image_src":{"full":["https:\/\/xstone.group\/wp-content\/uploads\/2026\/04\/XSTONE_Mineral-Veneer_0371.webp",1080,1080,false],"thumbnail":["https:\/\/xstone.group\/wp-content\/uploads\/2026\/04\/XSTONE_Mineral-Veneer_0371-150x150.webp",150,150,true],"medium":["https:\/\/xstone.group\/wp-content\/uploads\/2026\/04\/XSTONE_Mineral-Veneer_0371-300x300.webp",300,300,true],"medium_large":["https:\/\/xstone.group\/wp-content\/uploads\/2026\/04\/XSTONE_Mineral-Veneer_0371-768x768.webp",768,768,true],"large":["https:\/\/xstone.group\/wp-content\/uploads\/2026\/04\/XSTONE_Mineral-Veneer_0371-1024x1024.webp",1024,1024,true],"1536x1536":["https:\/\/xstone.group\/wp-content\/uploads\/2026\/04\/XSTONE_Mineral-Veneer_0371.webp",1080,1080,false],"2048x2048":["https:\/\/xstone.group\/wp-content\/uploads\/2026\/04\/XSTONE_Mineral-Veneer_0371.webp",1080,1080,false],"tp-image-grid":["https:\/\/xstone.group\/wp-content\/uploads\/2026\/04\/XSTONE_Mineral-Veneer_0371-700x700.webp",700,700,true],"tenweb_optimizer_mobile":["https:\/\/xstone.group\/wp-content\/uploads\/2026\/04\/XSTONE_Mineral-Veneer_0371-600x600.webp",600,600,true],"tenweb_optimizer_tablet":["https:\/\/xstone.group\/wp-content\/uploads\/2026\/04\/XSTONE_Mineral-Veneer_0371-768x768.webp",768,768,true],"woocommerce_thumbnail":["https:\/\/xstone.group\/wp-content\/uploads\/2026\/04\/XSTONE_Mineral-Veneer_0371-300x300.webp",300,300,true],"woocommerce_single":["https:\/\/xstone.group\/wp-content\/uploads\/2026\/04\/XSTONE_Mineral-Veneer_0371-600x600.webp",600,600,true],"woocommerce_gallery_thumbnail":["https:\/\/xstone.group\/wp-content\/uploads\/2026\/04\/XSTONE_Mineral-Veneer_0371-100x100.webp",100,100,true]},"uagb_author_info":{"display_name":"laurent.gomez@xstone.group","author_link":"https:\/\/xstone.group\/de\/author\/"},"uagb_comment_info":0,"uagb_excerpt":"Es gibt Farben, die nicht schreien. Sie atmen. XSTONE Roll Mineralfurnier in der Textur Smooth und Black Dark Green ist eine dunkelgr\u00fcne Mineralsteinwandplatte, die die ruhige Autorit\u00e4t eines tiefen Waldes in die bebaute Umgebung bringt. Die Textur Smooth gibt den Ton an: eine ruhige, gleichm\u00e4\u00dfige, samtige Maserung mit kaum wahrnehmbaren nat\u00fcrlichen Abweichungen, die der Farbe&hellip;","_links":{"self":[{"href":"https:\/\/xstone.group\/de\/wp-json\/wp\/v2\/product\/21936","targetHints":{"allow":["GET"]}}],"collection":[{"href":"https:\/\/xstone.group\/de\/wp-json\/wp\/v2\/product"}],"about":[{"href":"https:\/\/xstone.group\/de\/wp-json\/wp\/v2\/types\/product"}],"replies":[{"embeddable":true,"href":"https:\/\/xstone.group\/de\/wp-json\/wp\/v2\/comments?post=21936"}],"wp:featuredmedia":[{"embeddable":true,"href":"https:\/\/xstone.group\/de\/wp-json\/wp\/v2\/media\/21940"}],"wp:attachment":[{"href":"https:\/\/xstone.group\/de\/wp-json\/wp\/v2\/media?parent=21936"}],"wp:term":[{"taxonomy":"product_brand","embeddable":true,"href":"https:\/\/xstone.group\/de\/wp-json\/wp\/v2\/product_brand?post=21936"},{"taxonomy":"product_cat","embeddable":true,"href":"https:\/\/xstone.group\/de\/wp-json\/wp\/v2\/product_cat?post=21936"},{"taxonomy":"product_tag","embeddable":true,"href":"https:\/\/xstone.group\/de\/wp-json\/wp\/v2\/product_tag?post=21936"}],"curies":[{"name":"wp","href":"https:\/\/api.w.org\/{rel}","templated":true}]}}