{"id":22091,"date":"2026-04-13T08:08:11","date_gmt":"2026-04-13T08:08:11","guid":{"rendered":"https:\/\/xstone.group\/product\/hri-hochhaus\/"},"modified":"2026-04-13T08:08:11","modified_gmt":"2026-04-13T08:08:11","slug":"hri-high-rise","status":"publish","type":"product","link":"https:\/\/xstone.group\/de\/product\/hri-high-rise\/","title":{"rendered":"HRI | Hochhaus"},"content":{"rendered":"<p>High Rise ist eine Textur von roher, elementarer Kraft &#8211; tief gestreifte Grate flie\u00dfen \u00fcber die Oberfl\u00e4che wie das sediment\u00e4re Ged\u00e4chtnis uralter geologischer Kr\u00e4fte. Jede Rille ist mit organischen Unregelm\u00e4\u00dfigkeiten versehen, die von Zeit, Druck und Transformation sprechen. Das Relief ist k\u00fchn und doch raffiniert. Es erinnert an verwitterte Felsw\u00e4nde, erodierte Gesteinsschichten und die monumentalen Ausma\u00dfe brutalistischer Architektur, die in eine hauchd\u00fcnne, ber\u00fchrbare Oberfl\u00e4che destilliert wurden. High Rise ist greifbar und eindrucksvoll und bringt die Dramatik der nat\u00fcrlichen Welt ins Haus &#8211; und verwandelt jede Wand in eine Landschaft.  <\/p>\n","protected":false},"excerpt":{"rendered":"<p>High Rise ist eine Textur von roher, elementarer Kraft &#8211; tief gestreifte Grate flie\u00dfen \u00fcber die Oberfl\u00e4che wie das sediment\u00e4re Ged\u00e4chtnis uralter geologischer Kr\u00e4fte. Jede Rille ist mit organischen Unregelm\u00e4\u00dfigkeiten versehen, die von Zeit, Druck und Transformation sprechen. Das Relief ist k\u00fchn und doch raffiniert. Es erinnert an verwitterte Felsw\u00e4nde, erodierte Gesteinsschichten und die monumentalen [&hellip;]<\/p>\n","protected":false},"featured_media":22094,"comment_status":"open","ping_status":"closed","template":"","meta":{"_acf_changed":false,"_uag_custom_page_level_css":"","site-sidebar-layout":"default","site-content-layout":"","ast-site-content-layout":"default","site-content-style":"default","site-sidebar-style":"default","ast-global-header-display":"","ast-banner-title-visibility":"","ast-main-header-display":"","ast-hfb-above-header-display":"","ast-hfb-below-header-display":"","ast-hfb-mobile-header-display":"","site-post-title":"","ast-breadcrumbs-content":"","ast-featured-img":"","footer-sml-layout":"","theme-transparent-header-meta":"default","adv-header-id-meta":"","stick-header-meta":"default","header-above-stick-meta":"","header-main-stick-meta":"","header-below-stick-meta":"","astra-migrate-meta-layouts":"default","ast-page-background-enabled":"default","ast-page-background-meta":{"desktop":{"background-color":"var(--ast-global-color-4)","background-image":"","background-repeat":"repeat","background-position":"center center","background-size":"auto","background-attachment":"scroll","background-type":"","background-media":"","overlay-type":"","overlay-color":"","overlay-opacity":"","overlay-gradient":""},"tablet":{"background-color":"","background-image":"","background-repeat":"repeat","background-position":"center center","background-size":"auto","background-attachment":"scroll","background-type":"","background-media":"","overlay-type":"","overlay-color":"","overlay-opacity":"","overlay-gradient":""},"mobile":{"background-color":"","background-image":"","background-repeat":"repeat","background-position":"center center","background-size":"auto","background-attachment":"scroll","background-type":"","background-media":"","overlay-type":"","overlay-color":"","overlay-opacity":"","overlay-gradient":""}},"ast-content-background-meta":{"desktop":{"background-color":"var(--ast-global-color-5)","background-image":"","background-repeat":"repeat","background-position":"center center","background-size":"auto","background-attachment":"scroll","background-type":"","background-media":"","overlay-type":"","overlay-color":"","overlay-opacity":"","overlay-gradient":""},"tablet":{"background-color":"var(--ast-global-color-5)","background-image":"","background-repeat":"repeat","background-position":"center center","background-size":"auto","background-attachment":"scroll","background-type":"","background-media":"","overlay-type":"","overlay-color":"","overlay-opacity":"","overlay-gradient":""},"mobile":{"background-color":"var(--ast-global-color-5)","background-image":"","background-repeat":"repeat","background-position":"center center","background-size":"auto","background-attachment":"scroll","background-type":"","background-media":"","overlay-type":"","overlay-color":"","overlay-opacity":"","overlay-gradient":""}}},"product_brand":[],"product_cat":[3689,3688],"product_tag":[3694,3696,3698,3699,3692,3701,2110,3697,3700,3690,3693,3695,3691],"class_list":{"0":"post-22091","1":"product","2":"type-product","3":"status-publish","4":"has-post-thumbnail","6":"product_cat-concrete","7":"product_cat-texture","8":"product_tag-architectural-wall-texture","9":"product_tag-decorative-stone-veneer","10":"product_tag-designer-wall-panel","11":"product_tag-thin-stone-panel","12":"product_tag-striated-stone-surface","13":"product_tag-comp-texture-18436","14":"product_tag-luxury-wall-covering","15":"product_tag-feature-wall-material","16":"product_tag-stone-finish-interior","17":"product_tag-stone-veneer-panel","18":"product_tag-interior-stone-cladding","19":"product_tag-stone-effect-wall-panel","20":"product_tag-linear-texture-wall-cladding","21":"desktop-align-left","22":"tablet-align-left","23":"mobile-align-left","25":"first","26":"instock","27":"shipping-taxable","28":"product-type-simple"},"acf":[],"yoast_head":"<!-- This site is optimized with the Yoast SEO Premium plugin v27.4 (Yoast SEO v27.4) - https:\/\/yoast.com\/product\/yoast-seo-premium-wordpress\/ -->\n<title>HRI | Hochhaus - XSTONE<\/title>\n<meta name=\"description\" content=\"High Rise ist ein gestreiftes Mineralsteinfurnier, das von geologischen Schichten und brutalistischer Architektur inspiriert ist und jede Oberfl\u00e4che in ein k\u00fchnes architektonisches Statement verwandeln kann.\" \/>\n<meta name=\"robots\" content=\"index, follow, max-snippet:-1, max-image-preview:large, max-video-preview:-1\" \/>\n<link rel=\"canonical\" href=\"https:\/\/xstone.group\/de\/product\/hri-high-rise\/\" \/>\n<meta property=\"og:locale\" content=\"de_DE\" \/>\n<meta property=\"og:type\" content=\"article\" \/>\n<meta property=\"og:title\" content=\"HRI | Hochhaus\" \/>\n<meta property=\"og:description\" content=\"High Rise ist ein gestreiftes Mineralsteinfurnier, das von geologischen Schichten und brutalistischer Architektur inspiriert ist und jede Oberfl\u00e4che in ein k\u00fchnes architektonisches Statement verwandeln kann.\" \/>\n<meta property=\"og:url\" content=\"https:\/\/xstone.group\/de\/product\/hri-high-rise\/\" \/>\n<meta property=\"og:site_name\" content=\"XSTONE\" \/>\n<meta property=\"article:publisher\" content=\"https:\/\/www.facebook.com\/Xstonesurfaces1\/\" \/>\n<meta property=\"og:image\" content=\"https:\/\/xstone.group\/wp-content\/uploads\/2026\/04\/XSTONE-HRI-High-rise.webp\" \/>\n\t<meta property=\"og:image:width\" content=\"1920\" \/>\n\t<meta property=\"og:image:height\" content=\"1920\" \/>\n\t<meta property=\"og:image:type\" content=\"image\/webp\" \/>\n<meta name=\"twitter:card\" content=\"summary_large_image\" \/>\n<meta name=\"twitter:label1\" content=\"Gesch\u00e4tzte Lesezeit\" \/>\n\t<meta name=\"twitter:data1\" content=\"1\u00a0Minute\" \/>\n<script type=\"application\/ld+json\" class=\"yoast-schema-graph\">{\"@context\":\"https:\\\/\\\/schema.org\",\"@graph\":[{\"@type\":\"WebPage\",\"@id\":\"https:\\\/\\\/xstone.group\\\/de\\\/product\\\/hri-high-rise\\\/\",\"url\":\"https:\\\/\\\/xstone.group\\\/de\\\/product\\\/hri-high-rise\\\/\",\"name\":\"HRI | Hochhaus - XSTONE\",\"isPartOf\":{\"@id\":\"https:\\\/\\\/xstone.group\\\/de\\\/#website\"},\"primaryImageOfPage\":{\"@id\":\"https:\\\/\\\/xstone.group\\\/de\\\/product\\\/hri-high-rise\\\/#primaryimage\"},\"image\":{\"@id\":\"https:\\\/\\\/xstone.group\\\/de\\\/product\\\/hri-high-rise\\\/#primaryimage\"},\"thumbnailUrl\":\"https:\\\/\\\/xstone.group\\\/wp-content\\\/uploads\\\/2026\\\/04\\\/XSTONE-HRI-High-rise.webp\",\"datePublished\":\"2026-04-13T08:08:11+00:00\",\"description\":\"High Rise ist ein gestreiftes Mineralsteinfurnier, das von geologischen Schichten und brutalistischer Architektur inspiriert ist und jede Oberfl\u00e4che in ein k\u00fchnes architektonisches Statement verwandeln kann.\",\"breadcrumb\":{\"@id\":\"https:\\\/\\\/xstone.group\\\/de\\\/product\\\/hri-high-rise\\\/#breadcrumb\"},\"inLanguage\":\"de\",\"potentialAction\":[{\"@type\":\"ReadAction\",\"target\":[\"https:\\\/\\\/xstone.group\\\/de\\\/product\\\/hri-high-rise\\\/\"]}]},{\"@type\":\"ImageObject\",\"inLanguage\":\"de\",\"@id\":\"https:\\\/\\\/xstone.group\\\/de\\\/product\\\/hri-high-rise\\\/#primaryimage\",\"url\":\"https:\\\/\\\/xstone.group\\\/wp-content\\\/uploads\\\/2026\\\/04\\\/XSTONE-HRI-High-rise.webp\",\"contentUrl\":\"https:\\\/\\\/xstone.group\\\/wp-content\\\/uploads\\\/2026\\\/04\\\/XSTONE-HRI-High-rise.webp\",\"width\":1920,\"height\":1920,\"caption\":\"linear concrete texture\"},{\"@type\":\"BreadcrumbList\",\"@id\":\"https:\\\/\\\/xstone.group\\\/de\\\/product\\\/hri-high-rise\\\/#breadcrumb\",\"itemListElement\":[{\"@type\":\"ListItem\",\"position\":1,\"name\":\"Home\",\"item\":\"https:\\\/\\\/xstone.group\\\/de\\\/\"},{\"@type\":\"ListItem\",\"position\":2,\"name\":\"Produkte\",\"item\":\"https:\\\/\\\/xstone.group\\\/de\\\/shop\\\/\"},{\"@type\":\"ListItem\",\"position\":3,\"name\":\"HRI | Hochhaus\"}]},{\"@type\":\"WebSite\",\"@id\":\"https:\\\/\\\/xstone.group\\\/de\\\/#website\",\"url\":\"https:\\\/\\\/xstone.group\\\/de\\\/\",\"name\":\"XSTONE\",\"description\":\"Authentische und grenzenlose mineralische Sch\u00f6nheit, ungebunden von der Schwerkraft\",\"potentialAction\":[{\"@type\":\"SearchAction\",\"target\":{\"@type\":\"EntryPoint\",\"urlTemplate\":\"https:\\\/\\\/xstone.group\\\/de\\\/?s={search_term_string}\"},\"query-input\":{\"@type\":\"PropertyValueSpecification\",\"valueRequired\":true,\"valueName\":\"search_term_string\"}}],\"inLanguage\":\"de\"}]}<\/script>\n<!-- \/ Yoast SEO Premium plugin. -->","yoast_head_json":{"title":"HRI | Hochhaus - XSTONE","description":"High Rise ist ein gestreiftes Mineralsteinfurnier, das von geologischen Schichten und brutalistischer Architektur inspiriert ist und jede Oberfl\u00e4che in ein k\u00fchnes architektonisches Statement verwandeln kann.","robots":{"index":"index","follow":"follow","max-snippet":"max-snippet:-1","max-image-preview":"max-image-preview:large","max-video-preview":"max-video-preview:-1"},"canonical":"https:\/\/xstone.group\/de\/product\/hri-high-rise\/","og_locale":"de_DE","og_type":"article","og_title":"HRI | Hochhaus","og_description":"High Rise ist ein gestreiftes Mineralsteinfurnier, das von geologischen Schichten und brutalistischer Architektur inspiriert ist und jede Oberfl\u00e4che in ein k\u00fchnes architektonisches Statement verwandeln kann.","og_url":"https:\/\/xstone.group\/de\/product\/hri-high-rise\/","og_site_name":"XSTONE","article_publisher":"https:\/\/www.facebook.com\/Xstonesurfaces1\/","og_image":[{"width":1920,"height":1920,"url":"https:\/\/xstone.group\/wp-content\/uploads\/2026\/04\/XSTONE-HRI-High-rise.webp","type":"image\/webp"}],"twitter_card":"summary_large_image","twitter_misc":{"Gesch\u00e4tzte Lesezeit":"1\u00a0Minute"},"schema":{"@context":"https:\/\/schema.org","@graph":[{"@type":"WebPage","@id":"https:\/\/xstone.group\/de\/product\/hri-high-rise\/","url":"https:\/\/xstone.group\/de\/product\/hri-high-rise\/","name":"HRI | Hochhaus - XSTONE","isPartOf":{"@id":"https:\/\/xstone.group\/de\/#website"},"primaryImageOfPage":{"@id":"https:\/\/xstone.group\/de\/product\/hri-high-rise\/#primaryimage"},"image":{"@id":"https:\/\/xstone.group\/de\/product\/hri-high-rise\/#primaryimage"},"thumbnailUrl":"https:\/\/xstone.group\/wp-content\/uploads\/2026\/04\/XSTONE-HRI-High-rise.webp","datePublished":"2026-04-13T08:08:11+00:00","description":"High Rise ist ein gestreiftes Mineralsteinfurnier, das von geologischen Schichten und brutalistischer Architektur inspiriert ist und jede Oberfl\u00e4che in ein k\u00fchnes architektonisches Statement verwandeln kann.","breadcrumb":{"@id":"https:\/\/xstone.group\/de\/product\/hri-high-rise\/#breadcrumb"},"inLanguage":"de","potentialAction":[{"@type":"ReadAction","target":["https:\/\/xstone.group\/de\/product\/hri-high-rise\/"]}]},{"@type":"ImageObject","inLanguage":"de","@id":"https:\/\/xstone.group\/de\/product\/hri-high-rise\/#primaryimage","url":"https:\/\/xstone.group\/wp-content\/uploads\/2026\/04\/XSTONE-HRI-High-rise.webp","contentUrl":"https:\/\/xstone.group\/wp-content\/uploads\/2026\/04\/XSTONE-HRI-High-rise.webp","width":1920,"height":1920,"caption":"linear concrete texture"},{"@type":"BreadcrumbList","@id":"https:\/\/xstone.group\/de\/product\/hri-high-rise\/#breadcrumb","itemListElement":[{"@type":"ListItem","position":1,"name":"Home","item":"https:\/\/xstone.group\/de\/"},{"@type":"ListItem","position":2,"name":"Produkte","item":"https:\/\/xstone.group\/de\/shop\/"},{"@type":"ListItem","position":3,"name":"HRI | Hochhaus"}]},{"@type":"WebSite","@id":"https:\/\/xstone.group\/de\/#website","url":"https:\/\/xstone.group\/de\/","name":"XSTONE","description":"Authentische und grenzenlose mineralische Sch\u00f6nheit, ungebunden von der Schwerkraft","potentialAction":[{"@type":"SearchAction","target":{"@type":"EntryPoint","urlTemplate":"https:\/\/xstone.group\/de\/?s={search_term_string}"},"query-input":{"@type":"PropertyValueSpecification","valueRequired":true,"valueName":"search_term_string"}}],"inLanguage":"de"}]}},"spectra_custom_meta":{"_last_translation_edit_mode":["translation-editor"],"_wcml_average_rating":[null],"_wcml_review_count":[null],"_wcml_rating_count":[null],"_yoast_wpseo_primary_product_cat":["317"],"_backorders":["no"],"_download_limit":["-1"],"_download_expiry":["-1"],"_downloadable":["no"],"_manage_stock":["no"],"_sku":["HRI"],"_stock_status":["instock"],"_sold_individually":["no"],"_tax_class":[""],"_tax_status":["taxable"],"_virtual":["no"],"total_sales":["0"],"_wpml_media_duplicate":["1"],"_wpml_media_featured":["1"],"stick-header-meta":["default"],"site-sidebar-layout":["default"],"theme-transparent-header-meta":["default"],"ast-site-content-layout":["default"],"site-content-style":["default"],"site-sidebar-style":["default"],"_yoast_wpseo_metadesc":["High Rise ist ein gestreiftes Mineralsteinfurnier, das von geologischen Schichten und brutalistischer Architektur inspiriert ist und jede Oberfl\u00e4che in ein k\u00fchnes architektonisches Statement verwandeln kann."],"_yoast_wpseo_focuskw":["lineare Betontextur"],"_product_image_gallery":[""],"_thumbnail_id":["22094"],"_product_attributes":["a:3:{s:12:\"pa_thickness\";a:6:{s:4:\"name\";s:12:\"pa_thickness\";s:5:\"value\";s:0:\"\";s:8:\"position\";i:0;s:10:\"is_visible\";i:1;s:12:\"is_variation\";i:0;s:11:\"is_taxonomy\";i:1;}s:14:\"pa_composition\";a:6:{s:4:\"name\";s:14:\"pa_composition\";s:5:\"value\";s:0:\"\";s:8:\"position\";i:1;s:10:\"is_visible\";i:1;s:12:\"is_variation\";i:0;s:11:\"is_taxonomy\";i:1;}s:14:\"pa_fire-rating\";a:6:{s:4:\"name\";s:14:\"pa_fire-rating\";s:5:\"value\";s:0:\"\";s:8:\"position\";i:2;s:10:\"is_visible\";i:1;s:12:\"is_variation\";i:0;s:11:\"is_taxonomy\";i:1;}}"],"_wpml_word_count":["117"],"two_optimized_date":["1776502243"],"woolentor_views_count_product":["19"],"_uag_css_file_name":["uag-css-22091.css"],"_uag_js_file_name":["uag-js-22091.js"],"tp_widgets":["a:2:{s:7:\"widgets\";a:6:{i:0;s:18:\"plus-list-skeleton\";i:1;s:22:\"plus-listing-load-more\";i:2;s:18:\"plus-listing-metro\";i:3;s:18:\"tp-product-listout\";i:4;s:17:\"tp-single-style_1\";i:5;s:19:\"tp-woo-single-image\";}s:9:\"update_at\";s:10:\"1776541402\";}"],"_elementor_edit_mode":["builder"],"_selectproduct_layout":["16389"],"_elementor_page_assets":["a:0:{}"],"_elementor_css":["a:7:{s:4:\"time\";i:1776753330;s:5:\"fonts\";a:0:{}s:5:\"icons\";a:0:{}s:20:\"dynamic_elements_ids\";a:0:{}s:6:\"status\";s:5:\"empty\";i:0;s:0:\"\";s:3:\"css\";s:0:\"\";}"],"_wc_rating_count":[""],"_wc_review_count":[""],"_wc_average_rating":[0]},"uagb_featured_image_src":{"full":["https:\/\/xstone.group\/wp-content\/uploads\/2026\/04\/XSTONE-HRI-High-rise.webp",1920,1920,false],"thumbnail":["https:\/\/xstone.group\/wp-content\/uploads\/2026\/04\/XSTONE-HRI-High-rise-150x150.webp",150,150,true],"medium":["https:\/\/xstone.group\/wp-content\/uploads\/2026\/04\/XSTONE-HRI-High-rise-300x300.webp",300,300,true],"medium_large":["https:\/\/xstone.group\/wp-content\/uploads\/2026\/04\/XSTONE-HRI-High-rise-768x768.webp",768,768,true],"large":["https:\/\/xstone.group\/wp-content\/uploads\/2026\/04\/XSTONE-HRI-High-rise-1024x1024.webp",1024,1024,true],"1536x1536":["https:\/\/xstone.group\/wp-content\/uploads\/2026\/04\/XSTONE-HRI-High-rise-1536x1536.webp",1536,1536,true],"2048x2048":["https:\/\/xstone.group\/wp-content\/uploads\/2026\/04\/XSTONE-HRI-High-rise.webp",1920,1920,false],"tp-image-grid":["https:\/\/xstone.group\/wp-content\/uploads\/2026\/04\/XSTONE-HRI-High-rise-700x700.webp",700,700,true],"tenweb_optimizer_mobile":["https:\/\/xstone.group\/wp-content\/uploads\/2026\/04\/XSTONE-HRI-High-rise-600x600.webp",600,600,true],"tenweb_optimizer_tablet":["https:\/\/xstone.group\/wp-content\/uploads\/2026\/04\/XSTONE-HRI-High-rise-768x768.webp",768,768,true],"woocommerce_thumbnail":["https:\/\/xstone.group\/wp-content\/uploads\/2026\/04\/XSTONE-HRI-High-rise-300x300.webp",300,300,true],"woocommerce_single":["https:\/\/xstone.group\/wp-content\/uploads\/2026\/04\/XSTONE-HRI-High-rise-600x600.webp",600,600,true],"woocommerce_gallery_thumbnail":["https:\/\/xstone.group\/wp-content\/uploads\/2026\/04\/XSTONE-HRI-High-rise-100x100.webp",100,100,true]},"uagb_author_info":{"display_name":"laurent.gomez@xstone.group","author_link":"https:\/\/xstone.group\/de\/author\/"},"uagb_comment_info":0,"uagb_excerpt":"High Rise ist eine Textur von roher, elementarer Kraft &#8211; tief gestreifte Grate flie\u00dfen \u00fcber die Oberfl\u00e4che wie das sediment\u00e4re Ged\u00e4chtnis uralter geologischer Kr\u00e4fte. Jede Rille ist mit organischen Unregelm\u00e4\u00dfigkeiten versehen, die von Zeit, Druck und Transformation sprechen. Das Relief ist k\u00fchn und doch raffiniert. Es erinnert an verwitterte Felsw\u00e4nde, erodierte Gesteinsschichten und die monumentalen&hellip;","_links":{"self":[{"href":"https:\/\/xstone.group\/de\/wp-json\/wp\/v2\/product\/22091","targetHints":{"allow":["GET"]}}],"collection":[{"href":"https:\/\/xstone.group\/de\/wp-json\/wp\/v2\/product"}],"about":[{"href":"https:\/\/xstone.group\/de\/wp-json\/wp\/v2\/types\/product"}],"replies":[{"embeddable":true,"href":"https:\/\/xstone.group\/de\/wp-json\/wp\/v2\/comments?post=22091"}],"wp:featuredmedia":[{"embeddable":true,"href":"https:\/\/xstone.group\/de\/wp-json\/wp\/v2\/media\/22094"}],"wp:attachment":[{"href":"https:\/\/xstone.group\/de\/wp-json\/wp\/v2\/media?parent=22091"}],"wp:term":[{"taxonomy":"product_brand","embeddable":true,"href":"https:\/\/xstone.group\/de\/wp-json\/wp\/v2\/product_brand?post=22091"},{"taxonomy":"product_cat","embeddable":true,"href":"https:\/\/xstone.group\/de\/wp-json\/wp\/v2\/product_cat?post=22091"},{"taxonomy":"product_tag","embeddable":true,"href":"https:\/\/xstone.group\/de\/wp-json\/wp\/v2\/product_tag?post=22091"}],"curies":[{"name":"wp","href":"https:\/\/api.w.org\/{rel}","templated":true}]}}