{"id":22948,"date":"2026-04-14T07:35:33","date_gmt":"2026-04-14T07:35:33","guid":{"rendered":"https:\/\/xstone.group\/product\/rol-mineralisches-rollfurnier-hri-hochhaus-01012-rost\/"},"modified":"2026-04-14T07:35:33","modified_gmt":"2026-04-14T07:35:33","slug":"rolhri01012-roll-high-rise-rust","status":"publish","type":"product","link":"https:\/\/xstone.group\/de\/product\/rolhri01012-roll-high-rise-rust\/","title":{"rendered":"[ROL] Mineralisches Rollfurnier [HRI] Hochhaus [01012] Rost"},"content":{"rendered":"<p class=\"font-claude-response-body break-words whitespace-normal leading-[1.7]\">Die Erde bewegt sich in Zeitlupe. Diese Oberfl\u00e4che l\u00e4sst Sie das sp\u00fcren. <\/p>\n<p class=\"font-claude-response-body break-words whitespace-normal leading-[1.7]\">XSTONE Roll Mineral Veneer in der Textur High Rise und Rust ist ein flexibles Wandpaneel mit Streifeneffekt, das die monumentale Dramatik geologischer Kr\u00e4fte in die Intimit\u00e4t der Innenarchitektur bringt. Die High Rise Textur ist elementar und eindrucksvoll: tief gestreifte Grate flie\u00dfen \u00fcber die Oberfl\u00e4che wie das sediment\u00e4re Ged\u00e4chtnis uralter Schichten. Jede Rille ist mit organischen Unregelm\u00e4\u00dfigkeiten versehen, die von Zeit, Druck und Transformation erz\u00e4hlen. K\u00fchn und doch raffiniert. Eine Felswand, destilliert zu einer 2 mm dicken, ber\u00fchrbaren Mineraloberfl\u00e4che, die jede Wand in eine Landschaft verwandelt.   <\/p>\n<p class=\"font-claude-response-body break-words whitespace-normal leading-[1.7]\">In diese tiefen, flie\u00dfenden K\u00e4mme ergie\u00dft sich Rust &#8211; eine Farbe von au\u00dfergew\u00f6hnlicher W\u00e4rme und Zartheit. Ein sanftes Ros\u00e9beige mit zarten mineralischen \u00c4derungen und sanften wolkigen Variationen, die an err\u00f6teten Kalkstein im ersten Licht erinnern. Leuchtend. Leise romantisch. Zutiefst erdig. Vor dem Hintergrund der Dramatik von High Rise wird Rust zu dem Licht, das zur goldenen Stunde \u00fcber die Canyonw\u00e4nde f\u00e4llt &#8211; warm, lebendig und voller Bewegung. Die Kombination schafft eine Oberfl\u00e4che, die gleichzeitig an geologische Kraft und intime W\u00e4rme, an uralten Stein und modernen Luxus erinnert.      <\/p>\n<p class=\"font-claude-response-body break-words whitespace-normal leading-[1.7]\">Mit nur 2 kg\/m\u00b2 im flexiblen Rollenformat l\u00e4sst es sich auf jeder Oberfl\u00e4che &#8211; flachen W\u00e4nden, gebogener Architektur, S\u00e4ulen, Decken &#8211; ohne strukturelle Einschr\u00e4nkungen installieren. Hergestellt aus 90% recyceltem Marmorsteinpulver mit Copolymer- und Glasfasertr\u00e4ger. Zertifiziert nach A2-s1-d0 f\u00fcr europ\u00e4ische Brandsicherheit. Entspricht den Nachhaltigkeitsstandards von BREEAM und LEED.   <\/p>\n<p class=\"font-claude-response-body break-words whitespace-normal leading-[1.7]\">F\u00fcr W\u00e4nde in Luxushotels, erstklassige Spa-Umgebungen, gehobene Restaurant- und Bar-Interieurs und architektonische Wohnr\u00e4ume, in denen die Natur den Standard setzt.<\/p>\n<p>&nbsp;<\/p>\n<p>&nbsp;<\/p>\n<p>&nbsp;<\/p>\n<hr class=\"border-border-200 border-t-0.5 my-3 mx-1.5\">\n","protected":false},"excerpt":{"rendered":"<p>Die Erde bewegt sich in Zeitlupe. Diese Oberfl\u00e4che l\u00e4sst Sie das sp\u00fcren. XSTONE Roll Mineral Veneer in der Textur High Rise und Rust ist ein flexibles Wandpaneel mit Streifeneffekt, das die monumentale Dramatik geologischer Kr\u00e4fte in die Intimit\u00e4t der Innenarchitektur bringt. Die High Rise Textur ist elementar und eindrucksvoll: tief gestreifte Grate flie\u00dfen \u00fcber die [&hellip;]<\/p>\n","protected":false},"featured_media":22968,"comment_status":"open","ping_status":"closed","template":"","meta":{"_acf_changed":false,"_uag_custom_page_level_css":"","site-sidebar-layout":"default","site-content-layout":"","ast-site-content-layout":"default","site-content-style":"default","site-sidebar-style":"default","ast-global-header-display":"","ast-banner-title-visibility":"","ast-main-header-display":"","ast-hfb-above-header-display":"","ast-hfb-below-header-display":"","ast-hfb-mobile-header-display":"","site-post-title":"","ast-breadcrumbs-content":"","ast-featured-img":"","footer-sml-layout":"","theme-transparent-header-meta":"default","adv-header-id-meta":"","stick-header-meta":"default","header-above-stick-meta":"","header-main-stick-meta":"","header-below-stick-meta":"","astra-migrate-meta-layouts":"default","ast-page-background-enabled":"default","ast-page-background-meta":{"desktop":{"background-color":"var(--ast-global-color-4)","background-image":"","background-repeat":"repeat","background-position":"center center","background-size":"auto","background-attachment":"scroll","background-type":"","background-media":"","overlay-type":"","overlay-color":"","overlay-opacity":"","overlay-gradient":""},"tablet":{"background-color":"","background-image":"","background-repeat":"repeat","background-position":"center center","background-size":"auto","background-attachment":"scroll","background-type":"","background-media":"","overlay-type":"","overlay-color":"","overlay-opacity":"","overlay-gradient":""},"mobile":{"background-color":"","background-image":"","background-repeat":"repeat","background-position":"center center","background-size":"auto","background-attachment":"scroll","background-type":"","background-media":"","overlay-type":"","overlay-color":"","overlay-opacity":"","overlay-gradient":""}},"ast-content-background-meta":{"desktop":{"background-color":"var(--ast-global-color-5)","background-image":"","background-repeat":"repeat","background-position":"center center","background-size":"auto","background-attachment":"scroll","background-type":"","background-media":"","overlay-type":"","overlay-color":"","overlay-opacity":"","overlay-gradient":""},"tablet":{"background-color":"var(--ast-global-color-5)","background-image":"","background-repeat":"repeat","background-position":"center center","background-size":"auto","background-attachment":"scroll","background-type":"","background-media":"","overlay-type":"","overlay-color":"","overlay-opacity":"","overlay-gradient":""},"mobile":{"background-color":"var(--ast-global-color-5)","background-image":"","background-repeat":"repeat","background-position":"center center","background-size":"auto","background-attachment":"scroll","background-type":"","background-media":"","overlay-type":"","overlay-color":"","overlay-opacity":"","overlay-gradient":""}}},"product_brand":[],"product_cat":[1515,1504,1511,1505,1513,1500,1501],"product_tag":[5175,1516,5173,5164,5169,5165,5177,5103,3701,5167,5171,5166],"class_list":{"0":"post-22948","1":"product","2":"type-product","3":"status-publish","4":"has-post-thumbnail","6":"product_cat-office","7":"product_cat-retail-design","8":"product_cat-facade","9":"product_cat-furniture","10":"product_cat-panel","11":"product_cat-signature","12":"product_cat-wall-design","13":"product_tag-a2-fire-rated-stone-wall-panel","14":"product_tag-comp-backing-15503","15":"product_tag-flexible-stone-roll-striated","16":"product_tag-striated-steel-effect-flexible-wall-panel","17":"product_tag-geological-wall-texture-interior","18":"product_tag-high-rise-stone-wall-texture","19":"product_tag-hotel-stone-wall-design","20":"product_tag-comp-color-16927","21":"product_tag-comp-texture-18436","22":"product_tag-linear-stone-veneer-wall-panel","23":"product_tag-luxury-feature-wall-stone-veneer","24":"product_tag-rust-rose-beige-wall-cladding","25":"desktop-align-left","26":"tablet-align-left","27":"mobile-align-left","29":"first","30":"instock","31":"shipping-taxable","32":"product-type-simple"},"acf":[],"yoast_head":"<!-- This site is optimized with the Yoast SEO Premium plugin v27.4 (Yoast SEO v27.4) - https:\/\/yoast.com\/product\/yoast-seo-premium-wordpress\/ -->\n<title>Mineralisches Rollenfurnier | Hochhaus | Rost<\/title>\n<meta name=\"description\" content=\"Gestreifter Rosteffekt, flexibel. 90% recyceltes Mineral, Brandschutzklasse A2. K\u00fchne geologische Textur f\u00fcr Luxushotels und besondere Wandgestaltung.\" \/>\n<meta name=\"robots\" content=\"index, follow, max-snippet:-1, max-image-preview:large, max-video-preview:-1\" \/>\n<link rel=\"canonical\" href=\"https:\/\/xstone.group\/de\/product\/rolhri01012-roll-high-rise-rust\/\" \/>\n<meta property=\"og:locale\" content=\"de_DE\" \/>\n<meta property=\"og:type\" content=\"article\" \/>\n<meta property=\"og:title\" content=\"[ROL] Mineralisches Rollfurnier [HRI] Hochhaus [01012] Rost\" \/>\n<meta property=\"og:description\" content=\"Gestreifter Rosteffekt, flexibel. 90% recyceltes Mineral, Brandschutzklasse A2. K\u00fchne geologische Textur f\u00fcr Luxushotels und besondere Wandgestaltung.\" \/>\n<meta property=\"og:url\" content=\"https:\/\/xstone.group\/de\/product\/rolhri01012-roll-high-rise-rust\/\" \/>\n<meta property=\"og:site_name\" content=\"XSTONE\" \/>\n<meta property=\"article:publisher\" content=\"https:\/\/www.facebook.com\/Xstonesurfaces1\/\" \/>\n<meta property=\"og:image\" content=\"https:\/\/xstone.group\/wp-content\/uploads\/2026\/04\/XSTONE_Mineral-Veneer_0469.webp\" \/>\n\t<meta property=\"og:image:width\" content=\"1080\" \/>\n\t<meta property=\"og:image:height\" content=\"1080\" \/>\n\t<meta property=\"og:image:type\" content=\"image\/webp\" \/>\n<meta name=\"twitter:card\" content=\"summary_large_image\" \/>\n<meta name=\"twitter:label1\" content=\"Gesch\u00e4tzte Lesezeit\" \/>\n\t<meta name=\"twitter:data1\" content=\"1\u00a0Minute\" \/>\n<script type=\"application\/ld+json\" class=\"yoast-schema-graph\">{\"@context\":\"https:\\\/\\\/schema.org\",\"@graph\":[{\"@type\":\"WebPage\",\"@id\":\"https:\\\/\\\/xstone.group\\\/de\\\/product\\\/rolhri01012-roll-high-rise-rust\\\/\",\"url\":\"https:\\\/\\\/xstone.group\\\/de\\\/product\\\/rolhri01012-roll-high-rise-rust\\\/\",\"name\":\"Mineralisches Rollenfurnier | Hochhaus | Rost\",\"isPartOf\":{\"@id\":\"https:\\\/\\\/xstone.group\\\/de\\\/#website\"},\"primaryImageOfPage\":{\"@id\":\"https:\\\/\\\/xstone.group\\\/de\\\/product\\\/rolhri01012-roll-high-rise-rust\\\/#primaryimage\"},\"image\":{\"@id\":\"https:\\\/\\\/xstone.group\\\/de\\\/product\\\/rolhri01012-roll-high-rise-rust\\\/#primaryimage\"},\"thumbnailUrl\":\"https:\\\/\\\/xstone.group\\\/wp-content\\\/uploads\\\/2026\\\/04\\\/XSTONE_Mineral-Veneer_0469.webp\",\"datePublished\":\"2026-04-14T07:35:33+00:00\",\"description\":\"Gestreifter Rosteffekt, flexibel. 90% recyceltes Mineral, Brandschutzklasse A2. K\u00fchne geologische Textur f\u00fcr Luxushotels und besondere Wandgestaltung.\",\"breadcrumb\":{\"@id\":\"https:\\\/\\\/xstone.group\\\/de\\\/product\\\/rolhri01012-roll-high-rise-rust\\\/#breadcrumb\"},\"inLanguage\":\"de\",\"potentialAction\":[{\"@type\":\"ReadAction\",\"target\":[\"https:\\\/\\\/xstone.group\\\/de\\\/product\\\/rolhri01012-roll-high-rise-rust\\\/\"]}]},{\"@type\":\"ImageObject\",\"inLanguage\":\"de\",\"@id\":\"https:\\\/\\\/xstone.group\\\/de\\\/product\\\/rolhri01012-roll-high-rise-rust\\\/#primaryimage\",\"url\":\"https:\\\/\\\/xstone.group\\\/wp-content\\\/uploads\\\/2026\\\/04\\\/XSTONE_Mineral-Veneer_0469.webp\",\"contentUrl\":\"https:\\\/\\\/xstone.group\\\/wp-content\\\/uploads\\\/2026\\\/04\\\/XSTONE_Mineral-Veneer_0469.webp\",\"width\":1080,\"height\":1080,\"caption\":\"striated rust effect flexible\"},{\"@type\":\"BreadcrumbList\",\"@id\":\"https:\\\/\\\/xstone.group\\\/de\\\/product\\\/rolhri01012-roll-high-rise-rust\\\/#breadcrumb\",\"itemListElement\":[{\"@type\":\"ListItem\",\"position\":1,\"name\":\"Home\",\"item\":\"https:\\\/\\\/xstone.group\\\/de\\\/\"},{\"@type\":\"ListItem\",\"position\":2,\"name\":\"Produkte\",\"item\":\"https:\\\/\\\/xstone.group\\\/de\\\/shop\\\/\"},{\"@type\":\"ListItem\",\"position\":3,\"name\":\"[ROL] Mineralisches Rollfurnier [HRI] Hochhaus [01012] Rost\"}]},{\"@type\":\"WebSite\",\"@id\":\"https:\\\/\\\/xstone.group\\\/de\\\/#website\",\"url\":\"https:\\\/\\\/xstone.group\\\/de\\\/\",\"name\":\"XSTONE\",\"description\":\"Authentische und grenzenlose mineralische Sch\u00f6nheit, ungebunden von der Schwerkraft\",\"potentialAction\":[{\"@type\":\"SearchAction\",\"target\":{\"@type\":\"EntryPoint\",\"urlTemplate\":\"https:\\\/\\\/xstone.group\\\/de\\\/?s={search_term_string}\"},\"query-input\":{\"@type\":\"PropertyValueSpecification\",\"valueRequired\":true,\"valueName\":\"search_term_string\"}}],\"inLanguage\":\"de\"}]}<\/script>\n<!-- \/ Yoast SEO Premium plugin. -->","yoast_head_json":{"title":"Mineralisches Rollenfurnier | Hochhaus | Rost","description":"Gestreifter Rosteffekt, flexibel. 90% recyceltes Mineral, Brandschutzklasse A2. K\u00fchne geologische Textur f\u00fcr Luxushotels und besondere Wandgestaltung.","robots":{"index":"index","follow":"follow","max-snippet":"max-snippet:-1","max-image-preview":"max-image-preview:large","max-video-preview":"max-video-preview:-1"},"canonical":"https:\/\/xstone.group\/de\/product\/rolhri01012-roll-high-rise-rust\/","og_locale":"de_DE","og_type":"article","og_title":"[ROL] Mineralisches Rollfurnier [HRI] Hochhaus [01012] Rost","og_description":"Gestreifter Rosteffekt, flexibel. 90% recyceltes Mineral, Brandschutzklasse A2. K\u00fchne geologische Textur f\u00fcr Luxushotels und besondere Wandgestaltung.","og_url":"https:\/\/xstone.group\/de\/product\/rolhri01012-roll-high-rise-rust\/","og_site_name":"XSTONE","article_publisher":"https:\/\/www.facebook.com\/Xstonesurfaces1\/","og_image":[{"width":1080,"height":1080,"url":"https:\/\/xstone.group\/wp-content\/uploads\/2026\/04\/XSTONE_Mineral-Veneer_0469.webp","type":"image\/webp"}],"twitter_card":"summary_large_image","twitter_misc":{"Gesch\u00e4tzte Lesezeit":"1\u00a0Minute"},"schema":{"@context":"https:\/\/schema.org","@graph":[{"@type":"WebPage","@id":"https:\/\/xstone.group\/de\/product\/rolhri01012-roll-high-rise-rust\/","url":"https:\/\/xstone.group\/de\/product\/rolhri01012-roll-high-rise-rust\/","name":"Mineralisches Rollenfurnier | Hochhaus | Rost","isPartOf":{"@id":"https:\/\/xstone.group\/de\/#website"},"primaryImageOfPage":{"@id":"https:\/\/xstone.group\/de\/product\/rolhri01012-roll-high-rise-rust\/#primaryimage"},"image":{"@id":"https:\/\/xstone.group\/de\/product\/rolhri01012-roll-high-rise-rust\/#primaryimage"},"thumbnailUrl":"https:\/\/xstone.group\/wp-content\/uploads\/2026\/04\/XSTONE_Mineral-Veneer_0469.webp","datePublished":"2026-04-14T07:35:33+00:00","description":"Gestreifter Rosteffekt, flexibel. 90% recyceltes Mineral, Brandschutzklasse A2. K\u00fchne geologische Textur f\u00fcr Luxushotels und besondere Wandgestaltung.","breadcrumb":{"@id":"https:\/\/xstone.group\/de\/product\/rolhri01012-roll-high-rise-rust\/#breadcrumb"},"inLanguage":"de","potentialAction":[{"@type":"ReadAction","target":["https:\/\/xstone.group\/de\/product\/rolhri01012-roll-high-rise-rust\/"]}]},{"@type":"ImageObject","inLanguage":"de","@id":"https:\/\/xstone.group\/de\/product\/rolhri01012-roll-high-rise-rust\/#primaryimage","url":"https:\/\/xstone.group\/wp-content\/uploads\/2026\/04\/XSTONE_Mineral-Veneer_0469.webp","contentUrl":"https:\/\/xstone.group\/wp-content\/uploads\/2026\/04\/XSTONE_Mineral-Veneer_0469.webp","width":1080,"height":1080,"caption":"striated rust effect flexible"},{"@type":"BreadcrumbList","@id":"https:\/\/xstone.group\/de\/product\/rolhri01012-roll-high-rise-rust\/#breadcrumb","itemListElement":[{"@type":"ListItem","position":1,"name":"Home","item":"https:\/\/xstone.group\/de\/"},{"@type":"ListItem","position":2,"name":"Produkte","item":"https:\/\/xstone.group\/de\/shop\/"},{"@type":"ListItem","position":3,"name":"[ROL] Mineralisches Rollfurnier [HRI] Hochhaus [01012] Rost"}]},{"@type":"WebSite","@id":"https:\/\/xstone.group\/de\/#website","url":"https:\/\/xstone.group\/de\/","name":"XSTONE","description":"Authentische und grenzenlose mineralische Sch\u00f6nheit, ungebunden von der Schwerkraft","potentialAction":[{"@type":"SearchAction","target":{"@type":"EntryPoint","urlTemplate":"https:\/\/xstone.group\/de\/?s={search_term_string}"},"query-input":{"@type":"PropertyValueSpecification","valueRequired":true,"valueName":"search_term_string"}}],"inLanguage":"de"}]}},"spectra_custom_meta":{"_last_translation_edit_mode":["translation-editor"],"_product_attributes":["a:8:{s:7:\"backing\";a:6:{s:4:\"name\";s:7:\"Backing\";s:5:\"value\";s:9:\"Fiberglas\";s:8:\"position\";i:0;s:10:\"is_visible\";i:1;s:12:\"is_variation\";i:0;s:11:\"is_taxonomy\";i:0;}s:7:\"texture\";a:6:{s:4:\"name\";s:7:\"Texture\";s:5:\"value\";s:8:\"Hochhaus\";s:8:\"position\";i:1;s:10:\"is_visible\";i:1;s:12:\"is_variation\";i:0;s:11:\"is_taxonomy\";i:0;}s:5:\"color\";a:6:{s:4:\"name\";s:5:\"Color\";s:5:\"value\";s:4:\"Rost\";s:8:\"position\";i:2;s:10:\"is_visible\";i:1;s:12:\"is_variation\";i:0;s:11:\"is_taxonomy\";i:0;}s:4:\"size\";a:6:{s:4:\"name\";s:4:\"Size\";s:5:\"value\";s:41:\"3000 x 1000 mm; Sonderformate auf Anfrage\";s:8:\"position\";i:3;s:10:\"is_visible\";i:1;s:12:\"is_variation\";i:0;s:11:\"is_taxonomy\";i:0;}s:9:\"thickness\";a:6:{s:4:\"name\";s:9:\"Thickness\";s:5:\"value\";s:10:\"2 - 2,5 mm\";s:8:\"position\";i:4;s:10:\"is_visible\";i:1;s:12:\"is_variation\";i:0;s:11:\"is_taxonomy\";i:0;}s:6:\"finish\";a:6:{s:4:\"name\";s:6:\"Finish\";s:5:\"value\";s:4:\"Matt\";s:8:\"position\";i:5;s:10:\"is_visible\";i:1;s:12:\"is_variation\";i:0;s:11:\"is_taxonomy\";i:0;}s:11:\"composition\";a:6:{s:4:\"name\";s:11:\"Composition\";s:5:\"value\";s:56:\"90% recyceltes Marmorsteinpulver + Copolymer + Glasfaser\";s:8:\"position\";i:6;s:10:\"is_visible\";i:1;s:12:\"is_variation\";i:0;s:11:\"is_taxonomy\";i:0;}s:11:\"fire-rating\";a:6:{s:4:\"name\";s:11:\"Fire rating\";s:5:\"value\";s:8:\"A2-s1-d0\";s:8:\"position\";i:7;s:10:\"is_visible\";i:1;s:12:\"is_variation\";i:0;s:11:\"is_taxonomy\";i:0;}}"],"attr_label_translations":["a:1:{s:2:\"de\";a:8:{s:7:\"backing\";s:14:\"R\u00fcckendeckung\";s:7:\"texture\";s:6:\"Textur\";s:5:\"color\";s:5:\"Farbe\";s:4:\"size\";s:7:\"Gr\u00f6\u00dfe\";s:9:\"thickness\";s:5:\"Dicke\";s:6:\"finish\";s:6:\"Finish\";s:11:\"composition\";s:15:\"Zusammensetzung\";s:11:\"fire-rating\";s:11:\"Brandklasse\";}}"],"_wcml_average_rating":[null],"_wcml_review_count":[null],"_wcml_rating_count":[null],"_yoast_wpseo_primary_product_cat":["332"],"_backorders":["no"],"_download_limit":["-1"],"_download_expiry":["-1"],"_downloadable":["no"],"_manage_stock":["no"],"_sku":["ROLHRI01012"],"_stock_status":["instock"],"_sold_individually":["no"],"_tax_class":[""],"_tax_status":["taxable"],"_virtual":["no"],"total_sales":["0"],"_wpml_media_duplicate":["1"],"_wpml_media_featured":["1"],"stick-header-meta":["default"],"site-sidebar-layout":["default"],"theme-transparent-header-meta":["default"],"ast-site-content-layout":["default"],"site-content-style":["default"],"site-sidebar-style":["default"],"_yoast_wpseo_title":["Mineralisches Rollenfurnier | Hochhaus | Rost"],"_yoast_wpseo_metadesc":["Gestreifter Rosteffekt, flexibel. 90% recyceltes Mineral, Brandschutzklasse A2. K\u00fchne geologische Textur f\u00fcr Luxushotels und besondere Wandgestaltung."],"_yoast_wpseo_focuskw":["gestreifter Rosteffekt flexibel"],"_upsell_ids":["a:3:{i:0;N;i:1;i:22091;i:2;N;}"],"_wpt_field_wpt-16200":["[elementor-template id=\"16197\"]"],"_thumbnail_id":["22968"],"_wpml_word_count":["337"],"_elementor_edit_mode":["builder"],"_selectproduct_layout":["18065"],"two_optimized_date":["1776555583"],"woolentor_views_count_product":["6"],"_uag_css_file_name":["uag-css-22948.css"],"_uag_js_file_name":["uag-js-22948.js"],"tp_widgets":["a:2:{s:7:\"widgets\";a:6:{i:0;s:18:\"plus-list-skeleton\";i:1;s:22:\"plus-listing-load-more\";i:2;s:18:\"plus-listing-metro\";i:3;s:18:\"tp-product-listout\";i:4;s:17:\"tp-single-style_1\";i:5;s:19:\"tp-woo-single-image\";}s:9:\"update_at\";s:10:\"1776541402\";}"],"_elementor_page_assets":["a:0:{}"],"_elementor_css":["a:7:{s:4:\"time\";i:1776627915;s:5:\"fonts\";a:0:{}s:5:\"icons\";a:0:{}s:20:\"dynamic_elements_ids\";a:0:{}s:6:\"status\";s:5:\"empty\";i:0;s:0:\"\";s:3:\"css\";s:0:\"\";}"],"_wc_rating_count":[""],"_wc_review_count":[""],"_wc_average_rating":[0]},"uagb_featured_image_src":{"full":["https:\/\/xstone.group\/wp-content\/uploads\/2026\/04\/XSTONE_Mineral-Veneer_0469.webp",1080,1080,false],"thumbnail":["https:\/\/xstone.group\/wp-content\/uploads\/2026\/04\/XSTONE_Mineral-Veneer_0469-150x150.webp",150,150,true],"medium":["https:\/\/xstone.group\/wp-content\/uploads\/2026\/04\/XSTONE_Mineral-Veneer_0469-300x300.webp",300,300,true],"medium_large":["https:\/\/xstone.group\/wp-content\/uploads\/2026\/04\/XSTONE_Mineral-Veneer_0469-768x768.webp",768,768,true],"large":["https:\/\/xstone.group\/wp-content\/uploads\/2026\/04\/XSTONE_Mineral-Veneer_0469-1024x1024.webp",1024,1024,true],"1536x1536":["https:\/\/xstone.group\/wp-content\/uploads\/2026\/04\/XSTONE_Mineral-Veneer_0469.webp",1080,1080,false],"2048x2048":["https:\/\/xstone.group\/wp-content\/uploads\/2026\/04\/XSTONE_Mineral-Veneer_0469.webp",1080,1080,false],"tp-image-grid":["https:\/\/xstone.group\/wp-content\/uploads\/2026\/04\/XSTONE_Mineral-Veneer_0469-700x700.webp",700,700,true],"tenweb_optimizer_mobile":["https:\/\/xstone.group\/wp-content\/uploads\/2026\/04\/XSTONE_Mineral-Veneer_0469-600x600.webp",600,600,true],"tenweb_optimizer_tablet":["https:\/\/xstone.group\/wp-content\/uploads\/2026\/04\/XSTONE_Mineral-Veneer_0469-768x768.webp",768,768,true],"woocommerce_thumbnail":["https:\/\/xstone.group\/wp-content\/uploads\/2026\/04\/XSTONE_Mineral-Veneer_0469-300x300.webp",300,300,true],"woocommerce_single":["https:\/\/xstone.group\/wp-content\/uploads\/2026\/04\/XSTONE_Mineral-Veneer_0469-600x600.webp",600,600,true],"woocommerce_gallery_thumbnail":["https:\/\/xstone.group\/wp-content\/uploads\/2026\/04\/XSTONE_Mineral-Veneer_0469-100x100.webp",100,100,true]},"uagb_author_info":{"display_name":"laurent.gomez@xstone.group","author_link":"https:\/\/xstone.group\/de\/author\/"},"uagb_comment_info":0,"uagb_excerpt":"Die Erde bewegt sich in Zeitlupe. Diese Oberfl\u00e4che l\u00e4sst Sie das sp\u00fcren. XSTONE Roll Mineral Veneer in der Textur High Rise und Rust ist ein flexibles Wandpaneel mit Streifeneffekt, das die monumentale Dramatik geologischer Kr\u00e4fte in die Intimit\u00e4t der Innenarchitektur bringt. Die High Rise Textur ist elementar und eindrucksvoll: tief gestreifte Grate flie\u00dfen \u00fcber die&hellip;","_links":{"self":[{"href":"https:\/\/xstone.group\/de\/wp-json\/wp\/v2\/product\/22948","targetHints":{"allow":["GET"]}}],"collection":[{"href":"https:\/\/xstone.group\/de\/wp-json\/wp\/v2\/product"}],"about":[{"href":"https:\/\/xstone.group\/de\/wp-json\/wp\/v2\/types\/product"}],"replies":[{"embeddable":true,"href":"https:\/\/xstone.group\/de\/wp-json\/wp\/v2\/comments?post=22948"}],"wp:featuredmedia":[{"embeddable":true,"href":"https:\/\/xstone.group\/de\/wp-json\/wp\/v2\/media\/22968"}],"wp:attachment":[{"href":"https:\/\/xstone.group\/de\/wp-json\/wp\/v2\/media?parent=22948"}],"wp:term":[{"taxonomy":"product_brand","embeddable":true,"href":"https:\/\/xstone.group\/de\/wp-json\/wp\/v2\/product_brand?post=22948"},{"taxonomy":"product_cat","embeddable":true,"href":"https:\/\/xstone.group\/de\/wp-json\/wp\/v2\/product_cat?post=22948"},{"taxonomy":"product_tag","embeddable":true,"href":"https:\/\/xstone.group\/de\/wp-json\/wp\/v2\/product_tag?post=22948"}],"curies":[{"name":"wp","href":"https:\/\/api.w.org\/{rel}","templated":true}]}}