{"id":23943,"date":"2025-12-03T19:23:43","date_gmt":"2025-12-03T19:23:43","guid":{"rendered":"https:\/\/xstone.group\/product\/rol-mineralisches-rollenfurnier-trc-travertin-classic-01084-mittleres-kieselgrau\/"},"modified":"2025-12-03T19:23:43","modified_gmt":"2025-12-03T19:23:43","slug":"roltrc01084-roll-travertine-grey","status":"publish","type":"product","link":"https:\/\/xstone.group\/de\/product\/roltrc01084-roll-travertine-grey\/","title":{"rendered":"[ROL] Mineralisches Rollenfurnier [TRC] Travertin Classic [01084] Mittleres Kieselgrau"},"content":{"rendered":"<p class=\"font-claude-response-body break-words whitespace-normal leading-[1.7]\">Wo alter Stein auf moderne Technik trifft. Dieses flexible Mineralfurnier kombiniert die zeitlose Tiefe von Travertin Classic mit einem raffinierten mittleren Kieselgrau-Ton. Montiert auf einer leichten Glasfaser-Rollenunterlage. Seine Oberfl\u00e4che offenbart eine Konstellation nat\u00fcrlicher Poren und Mikrovertiefungen. Jedes einzelne ist ein stilles Zeugnis der geologischen Zeit, wiedergegeben in einer ausgewogenen k\u00fchlen grauen Palette, die gleichzeitig geerdet und leuchtend wirkt.    <\/p>\n<p class=\"font-claude-response-body break-words whitespace-normal leading-[1.7]\">Mit einem Gewicht von nur 2 kg\/m\u00b2 verwandelt dieser graue Rolltravertin W\u00e4nde, Fassaden und Innenr\u00e4ume ohne strukturelle Kompromisse. Er l\u00e4sst sich sauber schneiden, anmutig biegen und mit einer Geschwindigkeit verlegen, mit der traditioneller Stein nie mithalten k\u00f6nnte. Brandschutzklasse A2-s1-d0. 90% recycelter Mineralienanteil. Geeignet f\u00fcr Feuchtr\u00e4ume, stark frequentierte Umgebungen und die anspruchsvollsten architektonischen Vorgaben.   <\/p>\n<p class=\"font-claude-response-body break-words whitespace-normal leading-[1.7]\">Das ist Stein in neuem Gewand &#8211; leichter, freier und lebendiger als je zuvor.<\/p>\n","protected":false},"excerpt":{"rendered":"<div class=\"elementor-element elementor-element-65c6c5d elementor-widget elementor-widget-wl-single-product-short-description\" data-id=\"65c6c5d\" data-element_type=\"widget\" data-widget_type=\"wl-single-product-short-description.default\">\n<p class=\"ai-optimize-19 ai-optimize-introduction\">Rolle Travertin Classic Hellgrau 01084 3000 x 1000 mm<\/p>\n<\/div>\n","protected":false},"featured_media":23699,"comment_status":"open","ping_status":"closed","template":"","meta":{"_acf_changed":false,"_uag_custom_page_level_css":"","site-sidebar-layout":"default","site-content-layout":"","ast-site-content-layout":"default","site-content-style":"default","site-sidebar-style":"default","ast-global-header-display":"","ast-banner-title-visibility":"","ast-main-header-display":"","ast-hfb-above-header-display":"","ast-hfb-below-header-display":"","ast-hfb-mobile-header-display":"","site-post-title":"","ast-breadcrumbs-content":"","ast-featured-img":"","footer-sml-layout":"","theme-transparent-header-meta":"default","adv-header-id-meta":"","stick-header-meta":"default","header-above-stick-meta":"","header-main-stick-meta":"","header-below-stick-meta":"","astra-migrate-meta-layouts":"default","ast-page-background-enabled":"default","ast-page-background-meta":{"desktop":{"background-color":"var(--ast-global-color-4)","background-image":"","background-repeat":"repeat","background-position":"center center","background-size":"auto","background-attachment":"scroll","background-type":"","background-media":"","overlay-type":"","overlay-color":"","overlay-opacity":"","overlay-gradient":""},"tablet":{"background-color":"","background-image":"","background-repeat":"repeat","background-position":"center center","background-size":"auto","background-attachment":"scroll","background-type":"","background-media":"","overlay-type":"","overlay-color":"","overlay-opacity":"","overlay-gradient":""},"mobile":{"background-color":"","background-image":"","background-repeat":"repeat","background-position":"center center","background-size":"auto","background-attachment":"scroll","background-type":"","background-media":"","overlay-type":"","overlay-color":"","overlay-opacity":"","overlay-gradient":""}},"ast-content-background-meta":{"desktop":{"background-color":"var(--ast-global-color-5)","background-image":"","background-repeat":"repeat","background-position":"center center","background-size":"auto","background-attachment":"scroll","background-type":"","background-media":"","overlay-type":"","overlay-color":"","overlay-opacity":"","overlay-gradient":""},"tablet":{"background-color":"var(--ast-global-color-5)","background-image":"","background-repeat":"repeat","background-position":"center center","background-size":"auto","background-attachment":"scroll","background-type":"","background-media":"","overlay-type":"","overlay-color":"","overlay-opacity":"","overlay-gradient":""},"mobile":{"background-color":"var(--ast-global-color-5)","background-image":"","background-repeat":"repeat","background-position":"center center","background-size":"auto","background-attachment":"scroll","background-type":"","background-media":"","overlay-type":"","overlay-color":"","overlay-opacity":"","overlay-gradient":""}}},"product_brand":[],"product_cat":[1509,1515,1504,1511,1505,1513,1500,1501],"product_tag":[6856,1516,6861,6862,2258,2107,6858,1842,6843,6854,6860,6845,6847,6850,6848,6852,6849,6863],"class_list":{"0":"post-23943","1":"product","2":"type-product","3":"status-publish","4":"has-post-thumbnail","6":"product_cat-bathroom","7":"product_cat-office","8":"product_cat-retail-design","9":"product_cat-facade","10":"product_cat-furniture","11":"product_cat-panel","12":"product_cat-signature","13":"product_cat-wall-design","14":"product_tag-a2-fire-rated-wall-surface","15":"product_tag-comp-backing-15503","16":"product_tag-fibreglass-backed-veneer","17":"product_tag-interior-stone-finish","18":"product_tag-comp-color-17747","19":"product_tag-comp-texture-15445","20":"product_tag-lightweight-architectural-cladding","21":"product_tag-mineral-veneer-roll","22":"product_tag-mineral-veneer","23":"product_tag-middle-grey-stone-cladding","24":"product_tag-recycled-mineral-surface","25":"product_tag-stone-sheet","26":"product_tag-travertine","27":"product_tag-travertine-sheet","28":"product_tag-travertine-grey","29":"product_tag-travertine-veneer","30":"product_tag-travertine-roll","31":"product_tag-contemporary-travertine-grey","32":"desktop-align-left","33":"tablet-align-left","34":"mobile-align-left","36":"first","37":"instock","38":"shipping-taxable","39":"product-type-simple"},"acf":[],"yoast_head":"<!-- This site is optimized with the Yoast SEO Premium plugin v27.4 (Yoast SEO v27.4) - https:\/\/yoast.com\/product\/yoast-seo-premium-wordpress\/ -->\n<title>Rolle Mineralfurnier | Travertin Classic | Mittleres Kieselgrau<\/title>\n<meta name=\"description\" content=\"Entdecken Sie Roll Fiber Glass in der Struktur Travertine Classic und Middle Pebble Grey - ein flexibles Mineralsteinfurnier mit einem Gewicht von nur 2 kg\/m\u00b2, Brandschutzklasse A2 und 90% recyceltem Inhalt. M\u00fchelose Verlegung, authentische Tiefe, dauerhafte Eleganz.\" \/>\n<meta name=\"robots\" content=\"index, follow, max-snippet:-1, max-image-preview:large, max-video-preview:-1\" \/>\n<link rel=\"canonical\" href=\"https:\/\/xstone.group\/de\/product\/roltrc01084-roll-travertine-grey\/\" \/>\n<meta property=\"og:locale\" content=\"de_DE\" \/>\n<meta property=\"og:type\" content=\"article\" \/>\n<meta property=\"og:title\" content=\"[ROL] Mineralisches Rollenfurnier [TRC] Travertin Classic [01084] Mittleres Kieselgrau\" \/>\n<meta property=\"og:description\" content=\"Entdecken Sie Roll Fiber Glass in der Struktur Travertine Classic und Middle Pebble Grey - ein flexibles Mineralsteinfurnier mit einem Gewicht von nur 2 kg\/m\u00b2, Brandschutzklasse A2 und 90% recyceltem Inhalt. M\u00fchelose Verlegung, authentische Tiefe, dauerhafte Eleganz.\" \/>\n<meta property=\"og:url\" content=\"https:\/\/xstone.group\/de\/product\/roltrc01084-roll-travertine-grey\/\" \/>\n<meta property=\"og:site_name\" content=\"XSTONE\" \/>\n<meta property=\"article:publisher\" content=\"https:\/\/www.facebook.com\/Xstonesurfaces1\/\" \/>\n<meta property=\"og:image\" content=\"https:\/\/xstone.group\/wp-content\/uploads\/2025\/12\/ROL3010TRC01084-Roll-Travertine-Classic-Light-Grey.webp\" \/>\n\t<meta property=\"og:image:width\" content=\"1280\" \/>\n\t<meta property=\"og:image:height\" content=\"720\" \/>\n\t<meta property=\"og:image:type\" content=\"image\/webp\" \/>\n<meta name=\"twitter:card\" content=\"summary_large_image\" \/>\n<meta name=\"twitter:label1\" content=\"Gesch\u00e4tzte Lesezeit\" \/>\n\t<meta name=\"twitter:data1\" content=\"1\u00a0Minute\" \/>\n<script type=\"application\/ld+json\" class=\"yoast-schema-graph\">{\"@context\":\"https:\\\/\\\/schema.org\",\"@graph\":[{\"@type\":\"WebPage\",\"@id\":\"https:\\\/\\\/xstone.group\\\/de\\\/product\\\/roltrc01084-roll-travertine-grey\\\/\",\"url\":\"https:\\\/\\\/xstone.group\\\/de\\\/product\\\/roltrc01084-roll-travertine-grey\\\/\",\"name\":\"Rolle Mineralfurnier | Travertin Classic | Mittleres Kieselgrau\",\"isPartOf\":{\"@id\":\"https:\\\/\\\/xstone.group\\\/de\\\/#website\"},\"primaryImageOfPage\":{\"@id\":\"https:\\\/\\\/xstone.group\\\/de\\\/product\\\/roltrc01084-roll-travertine-grey\\\/#primaryimage\"},\"image\":{\"@id\":\"https:\\\/\\\/xstone.group\\\/de\\\/product\\\/roltrc01084-roll-travertine-grey\\\/#primaryimage\"},\"thumbnailUrl\":\"https:\\\/\\\/xstone.group\\\/wp-content\\\/uploads\\\/2025\\\/12\\\/ROL3010TRC01084-Roll-Travertine-Classic-Light-Grey.webp\",\"datePublished\":\"2025-12-03T19:23:43+00:00\",\"description\":\"Entdecken Sie Roll Fiber Glass in der Struktur Travertine Classic und Middle Pebble Grey - ein flexibles Mineralsteinfurnier mit einem Gewicht von nur 2 kg\\\/m\u00b2, Brandschutzklasse A2 und 90% recyceltem Inhalt. M\u00fchelose Verlegung, authentische Tiefe, dauerhafte Eleganz.\",\"breadcrumb\":{\"@id\":\"https:\\\/\\\/xstone.group\\\/de\\\/product\\\/roltrc01084-roll-travertine-grey\\\/#breadcrumb\"},\"inLanguage\":\"de\",\"potentialAction\":[{\"@type\":\"ReadAction\",\"target\":[\"https:\\\/\\\/xstone.group\\\/de\\\/product\\\/roltrc01084-roll-travertine-grey\\\/\"]}]},{\"@type\":\"ImageObject\",\"inLanguage\":\"de\",\"@id\":\"https:\\\/\\\/xstone.group\\\/de\\\/product\\\/roltrc01084-roll-travertine-grey\\\/#primaryimage\",\"url\":\"https:\\\/\\\/xstone.group\\\/wp-content\\\/uploads\\\/2025\\\/12\\\/ROL3010TRC01084-Roll-Travertine-Classic-Light-Grey.webp\",\"contentUrl\":\"https:\\\/\\\/xstone.group\\\/wp-content\\\/uploads\\\/2025\\\/12\\\/ROL3010TRC01084-Roll-Travertine-Classic-Light-Grey.webp\",\"width\":1280,\"height\":720,\"caption\":\"Rolle Travertin Grau\"},{\"@type\":\"BreadcrumbList\",\"@id\":\"https:\\\/\\\/xstone.group\\\/de\\\/product\\\/roltrc01084-roll-travertine-grey\\\/#breadcrumb\",\"itemListElement\":[{\"@type\":\"ListItem\",\"position\":1,\"name\":\"Home\",\"item\":\"https:\\\/\\\/xstone.group\\\/de\\\/\"},{\"@type\":\"ListItem\",\"position\":2,\"name\":\"Produkte\",\"item\":\"https:\\\/\\\/xstone.group\\\/de\\\/shop\\\/\"},{\"@type\":\"ListItem\",\"position\":3,\"name\":\"[ROL] Mineralisches Rollenfurnier [TRC] Travertin Classic [01084] Mittleres Kieselgrau\"}]},{\"@type\":\"WebSite\",\"@id\":\"https:\\\/\\\/xstone.group\\\/de\\\/#website\",\"url\":\"https:\\\/\\\/xstone.group\\\/de\\\/\",\"name\":\"XSTONE\",\"description\":\"Authentische und grenzenlose mineralische Sch\u00f6nheit, ungebunden von der Schwerkraft\",\"potentialAction\":[{\"@type\":\"SearchAction\",\"target\":{\"@type\":\"EntryPoint\",\"urlTemplate\":\"https:\\\/\\\/xstone.group\\\/de\\\/?s={search_term_string}\"},\"query-input\":{\"@type\":\"PropertyValueSpecification\",\"valueRequired\":true,\"valueName\":\"search_term_string\"}}],\"inLanguage\":\"de\"}]}<\/script>\n<!-- \/ Yoast SEO Premium plugin. -->","yoast_head_json":{"title":"Rolle Mineralfurnier | Travertin Classic | Mittleres Kieselgrau","description":"Entdecken Sie Roll Fiber Glass in der Struktur Travertine Classic und Middle Pebble Grey - ein flexibles Mineralsteinfurnier mit einem Gewicht von nur 2 kg\/m\u00b2, Brandschutzklasse A2 und 90% recyceltem Inhalt. M\u00fchelose Verlegung, authentische Tiefe, dauerhafte Eleganz.","robots":{"index":"index","follow":"follow","max-snippet":"max-snippet:-1","max-image-preview":"max-image-preview:large","max-video-preview":"max-video-preview:-1"},"canonical":"https:\/\/xstone.group\/de\/product\/roltrc01084-roll-travertine-grey\/","og_locale":"de_DE","og_type":"article","og_title":"[ROL] Mineralisches Rollenfurnier [TRC] Travertin Classic [01084] Mittleres Kieselgrau","og_description":"Entdecken Sie Roll Fiber Glass in der Struktur Travertine Classic und Middle Pebble Grey - ein flexibles Mineralsteinfurnier mit einem Gewicht von nur 2 kg\/m\u00b2, Brandschutzklasse A2 und 90% recyceltem Inhalt. M\u00fchelose Verlegung, authentische Tiefe, dauerhafte Eleganz.","og_url":"https:\/\/xstone.group\/de\/product\/roltrc01084-roll-travertine-grey\/","og_site_name":"XSTONE","article_publisher":"https:\/\/www.facebook.com\/Xstonesurfaces1\/","og_image":[{"width":1280,"height":720,"url":"https:\/\/xstone.group\/wp-content\/uploads\/2025\/12\/ROL3010TRC01084-Roll-Travertine-Classic-Light-Grey.webp","type":"image\/webp"}],"twitter_card":"summary_large_image","twitter_misc":{"Gesch\u00e4tzte Lesezeit":"1\u00a0Minute"},"schema":{"@context":"https:\/\/schema.org","@graph":[{"@type":"WebPage","@id":"https:\/\/xstone.group\/de\/product\/roltrc01084-roll-travertine-grey\/","url":"https:\/\/xstone.group\/de\/product\/roltrc01084-roll-travertine-grey\/","name":"Rolle Mineralfurnier | Travertin Classic | Mittleres Kieselgrau","isPartOf":{"@id":"https:\/\/xstone.group\/de\/#website"},"primaryImageOfPage":{"@id":"https:\/\/xstone.group\/de\/product\/roltrc01084-roll-travertine-grey\/#primaryimage"},"image":{"@id":"https:\/\/xstone.group\/de\/product\/roltrc01084-roll-travertine-grey\/#primaryimage"},"thumbnailUrl":"https:\/\/xstone.group\/wp-content\/uploads\/2025\/12\/ROL3010TRC01084-Roll-Travertine-Classic-Light-Grey.webp","datePublished":"2025-12-03T19:23:43+00:00","description":"Entdecken Sie Roll Fiber Glass in der Struktur Travertine Classic und Middle Pebble Grey - ein flexibles Mineralsteinfurnier mit einem Gewicht von nur 2 kg\/m\u00b2, Brandschutzklasse A2 und 90% recyceltem Inhalt. M\u00fchelose Verlegung, authentische Tiefe, dauerhafte Eleganz.","breadcrumb":{"@id":"https:\/\/xstone.group\/de\/product\/roltrc01084-roll-travertine-grey\/#breadcrumb"},"inLanguage":"de","potentialAction":[{"@type":"ReadAction","target":["https:\/\/xstone.group\/de\/product\/roltrc01084-roll-travertine-grey\/"]}]},{"@type":"ImageObject","inLanguage":"de","@id":"https:\/\/xstone.group\/de\/product\/roltrc01084-roll-travertine-grey\/#primaryimage","url":"https:\/\/xstone.group\/wp-content\/uploads\/2025\/12\/ROL3010TRC01084-Roll-Travertine-Classic-Light-Grey.webp","contentUrl":"https:\/\/xstone.group\/wp-content\/uploads\/2025\/12\/ROL3010TRC01084-Roll-Travertine-Classic-Light-Grey.webp","width":1280,"height":720,"caption":"Rolle Travertin Grau"},{"@type":"BreadcrumbList","@id":"https:\/\/xstone.group\/de\/product\/roltrc01084-roll-travertine-grey\/#breadcrumb","itemListElement":[{"@type":"ListItem","position":1,"name":"Home","item":"https:\/\/xstone.group\/de\/"},{"@type":"ListItem","position":2,"name":"Produkte","item":"https:\/\/xstone.group\/de\/shop\/"},{"@type":"ListItem","position":3,"name":"[ROL] Mineralisches Rollenfurnier [TRC] Travertin Classic [01084] Mittleres Kieselgrau"}]},{"@type":"WebSite","@id":"https:\/\/xstone.group\/de\/#website","url":"https:\/\/xstone.group\/de\/","name":"XSTONE","description":"Authentische und grenzenlose mineralische Sch\u00f6nheit, ungebunden von der Schwerkraft","potentialAction":[{"@type":"SearchAction","target":{"@type":"EntryPoint","urlTemplate":"https:\/\/xstone.group\/de\/?s={search_term_string}"},"query-input":{"@type":"PropertyValueSpecification","valueRequired":true,"valueName":"search_term_string"}}],"inLanguage":"de"}]}},"spectra_custom_meta":{"_last_translation_edit_mode":["translation-editor"],"_product_attributes":["a:9:{s:7:\"backing\";a:6:{s:4:\"name\";s:7:\"Backing\";s:5:\"value\";s:9:\"Fiberglas\";s:8:\"position\";i:0;s:10:\"is_visible\";i:1;s:12:\"is_variation\";i:0;s:11:\"is_taxonomy\";i:0;}s:7:\"texture\";a:6:{s:4:\"name\";s:7:\"Texture\";s:5:\"value\";s:17:\"Travertin Classic\";s:8:\"position\";i:1;s:10:\"is_visible\";i:1;s:12:\"is_variation\";i:0;s:11:\"is_taxonomy\";i:0;}s:5:\"color\";a:6:{s:4:\"name\";s:5:\"Color\";s:5:\"value\";s:26:\"Mittlerer Kieselstein Grau\";s:8:\"position\";i:2;s:10:\"is_visible\";i:1;s:12:\"is_variation\";i:0;s:11:\"is_taxonomy\";i:0;}s:4:\"size\";a:6:{s:4:\"name\";s:4:\"Size\";s:5:\"value\";s:41:\"3000 x 1000 mm; Sonderformate auf Anfrage\";s:8:\"position\";i:3;s:10:\"is_visible\";i:1;s:12:\"is_variation\";i:0;s:11:\"is_taxonomy\";i:0;}s:9:\"packaging\";a:6:{s:4:\"name\";s:9:\"Packaging\";s:5:\"value\";s:40:\"1 Rolle (300 x 100 cm) \/ Packung (3 m\u00b2)\";s:8:\"position\";i:4;s:10:\"is_visible\";i:1;s:12:\"is_variation\";i:0;s:11:\"is_taxonomy\";i:0;}s:9:\"thickness\";a:6:{s:4:\"name\";s:9:\"Thickness\";s:5:\"value\";s:10:\"2 - 2,5 mm\";s:8:\"position\";i:5;s:10:\"is_visible\";i:1;s:12:\"is_variation\";i:0;s:11:\"is_taxonomy\";i:0;}s:6:\"finish\";a:6:{s:4:\"name\";s:6:\"Finish\";s:5:\"value\";s:4:\"Matt\";s:8:\"position\";i:6;s:10:\"is_visible\";i:1;s:12:\"is_variation\";i:0;s:11:\"is_taxonomy\";i:0;}s:11:\"composition\";a:6:{s:4:\"name\";s:11:\"Composition\";s:5:\"value\";s:56:\"90% recyceltes Marmorsteinpulver + Copolymer + Glasfaser\";s:8:\"position\";i:7;s:10:\"is_visible\";i:1;s:12:\"is_variation\";i:0;s:11:\"is_taxonomy\";i:0;}s:11:\"fire-rating\";a:6:{s:4:\"name\";s:11:\"Fire rating\";s:5:\"value\";s:8:\"A2-s1-d0\";s:8:\"position\";i:8;s:10:\"is_visible\";i:1;s:12:\"is_variation\";i:0;s:11:\"is_taxonomy\";i:0;}}"],"attr_label_translations":["a:1:{s:2:\"de\";a:9:{s:7:\"backing\";s:14:\"R\u00fcckendeckung\";s:7:\"texture\";s:6:\"Textur\";s:5:\"color\";s:5:\"Farbe\";s:4:\"size\";s:7:\"Gr\u00f6\u00dfe\";s:9:\"packaging\";s:10:\"Verpackung\";s:9:\"thickness\";s:5:\"Dicke\";s:6:\"finish\";s:6:\"Finish\";s:11:\"composition\";s:15:\"Zusammensetzung\";s:11:\"fire-rating\";s:11:\"Brandklasse\";}}"],"_wcml_average_rating":[null],"_wcml_review_count":[null],"_wcml_rating_count":[null],"_yoast_wpseo_primary_product_cat":["332"],"_backorders":["no"],"_download_limit":["-1"],"_download_expiry":["-1"],"_downloadable":["no"],"_manage_stock":["no"],"_sku":["ROLTRC01084"],"_stock_status":["instock"],"_sold_individually":["no"],"_tax_class":[""],"_tax_status":["taxable"],"_virtual":["no"],"total_sales":["0"],"_wpml_media_duplicate":["1"],"_wpml_media_featured":["1"],"stick-header-meta":["default"],"site-sidebar-layout":["default"],"theme-transparent-header-meta":["default"],"ast-site-content-layout":["default"],"site-content-style":["default"],"site-sidebar-style":["default"],"_yoast_wpseo_title":["Rolle Mineralfurnier | Travertin Classic | Mittleres Kieselgrau"],"_yoast_wpseo_metadesc":["Entdecken Sie Roll Fiber Glass in der Struktur Travertine Classic und Middle Pebble Grey - ein flexibles Mineralsteinfurnier mit einem Gewicht von nur 2 kg\/m\u00b2, Brandschutzklasse A2 und 90% recyceltem Inhalt. M\u00fchelose Verlegung, authentische Tiefe, dauerhafte Eleganz."],"_yoast_wpseo_focuskw":["Rolle Travertin Grau"],"_upsell_ids":["a:3:{i:0;i:21509;i:1;i:25687;i:2;i:25095;}"],"_wpt_field_wpt-16200":["[elementor-template id=\"16197\"]"],"_thumbnail_id":["23699"],"_wpml_word_count":["196"],"two_optimized_date":["1776545834"],"woolentor_views_count_product":["14"],"_uag_css_file_name":["uag-css-23943.css"],"_uag_js_file_name":["uag-js-23943.js"],"tp_widgets":["a:2:{s:7:\"widgets\";a:6:{i:0;s:18:\"plus-list-skeleton\";i:1;s:22:\"plus-listing-load-more\";i:2;s:18:\"plus-listing-metro\";i:3;s:18:\"tp-product-listout\";i:4;s:17:\"tp-single-style_1\";i:5;s:19:\"tp-woo-single-image\";}s:9:\"update_at\";s:10:\"1776541402\";}"],"_product_image_gallery":["23949,23950,23951,23948,23952,23953,23954,23955,23956,23957,23958,23959,23960,23961,23962,23963,23964,23965,23966,23967,23968,23969,23970,23971,23972,23973,23974,23975"],"_elementor_edit_mode":["builder"],"_selectproduct_layout":["18065"],"_elementor_page_assets":["a:0:{}"],"_elementor_css":["a:7:{s:4:\"time\";i:1776712178;s:5:\"fonts\";a:0:{}s:5:\"icons\";a:0:{}s:20:\"dynamic_elements_ids\";a:0:{}s:6:\"status\";s:5:\"empty\";i:0;s:0:\"\";s:3:\"css\";s:0:\"\";}"],"_wc_rating_count":[""],"_wc_review_count":[""],"_wc_average_rating":[0]},"uagb_featured_image_src":{"full":["https:\/\/xstone.group\/wp-content\/uploads\/2025\/12\/ROL3010TRC01084-Roll-Travertine-Classic-Light-Grey.webp",1280,720,false],"thumbnail":["https:\/\/xstone.group\/wp-content\/uploads\/2025\/12\/ROL3010TRC01084-Roll-Travertine-Classic-Light-Grey-150x150.webp",150,150,true],"medium":["https:\/\/xstone.group\/wp-content\/uploads\/2025\/12\/ROL3010TRC01084-Roll-Travertine-Classic-Light-Grey-300x169.webp",300,169,true],"medium_large":["https:\/\/xstone.group\/wp-content\/uploads\/2025\/12\/ROL3010TRC01084-Roll-Travertine-Classic-Light-Grey-768x432.webp",768,432,true],"large":["https:\/\/xstone.group\/wp-content\/uploads\/2025\/12\/ROL3010TRC01084-Roll-Travertine-Classic-Light-Grey-1024x576.webp",1024,576,true],"1536x1536":["https:\/\/xstone.group\/wp-content\/uploads\/2025\/12\/ROL3010TRC01084-Roll-Travertine-Classic-Light-Grey.webp",1280,720,false],"2048x2048":["https:\/\/xstone.group\/wp-content\/uploads\/2025\/12\/ROL3010TRC01084-Roll-Travertine-Classic-Light-Grey.webp",1280,720,false],"tp-image-grid":["https:\/\/xstone.group\/wp-content\/uploads\/2025\/12\/ROL3010TRC01084-Roll-Travertine-Classic-Light-Grey-700x700.webp",700,700,true],"tenweb_optimizer_mobile":["https:\/\/xstone.group\/wp-content\/uploads\/2025\/12\/ROL3010TRC01084-Roll-Travertine-Classic-Light-Grey-600x338.webp",600,338,true],"tenweb_optimizer_tablet":["https:\/\/xstone.group\/wp-content\/uploads\/2025\/12\/ROL3010TRC01084-Roll-Travertine-Classic-Light-Grey-768x432.webp",768,432,true],"woocommerce_thumbnail":["https:\/\/xstone.group\/wp-content\/uploads\/2025\/12\/ROL3010TRC01084-Roll-Travertine-Classic-Light-Grey-300x300.webp",300,300,true],"woocommerce_single":["https:\/\/xstone.group\/wp-content\/uploads\/2025\/12\/ROL3010TRC01084-Roll-Travertine-Classic-Light-Grey-600x338.webp",600,338,true],"woocommerce_gallery_thumbnail":["https:\/\/xstone.group\/wp-content\/uploads\/2025\/12\/ROL3010TRC01084-Roll-Travertine-Classic-Light-Grey-100x100.webp",100,100,true]},"uagb_author_info":{"display_name":"laurent.gomez@xstone.group","author_link":"https:\/\/xstone.group\/de\/author\/"},"uagb_comment_info":0,"uagb_excerpt":"Rolle Travertin Classic Hellgrau 01084 3000 x 1000 mm","_links":{"self":[{"href":"https:\/\/xstone.group\/de\/wp-json\/wp\/v2\/product\/23943","targetHints":{"allow":["GET"]}}],"collection":[{"href":"https:\/\/xstone.group\/de\/wp-json\/wp\/v2\/product"}],"about":[{"href":"https:\/\/xstone.group\/de\/wp-json\/wp\/v2\/types\/product"}],"replies":[{"embeddable":true,"href":"https:\/\/xstone.group\/de\/wp-json\/wp\/v2\/comments?post=23943"}],"wp:featuredmedia":[{"embeddable":true,"href":"https:\/\/xstone.group\/de\/wp-json\/wp\/v2\/media\/23699"}],"wp:attachment":[{"href":"https:\/\/xstone.group\/de\/wp-json\/wp\/v2\/media?parent=23943"}],"wp:term":[{"taxonomy":"product_brand","embeddable":true,"href":"https:\/\/xstone.group\/de\/wp-json\/wp\/v2\/product_brand?post=23943"},{"taxonomy":"product_cat","embeddable":true,"href":"https:\/\/xstone.group\/de\/wp-json\/wp\/v2\/product_cat?post=23943"},{"taxonomy":"product_tag","embeddable":true,"href":"https:\/\/xstone.group\/de\/wp-json\/wp\/v2\/product_tag?post=23943"}],"curies":[{"name":"wp","href":"https:\/\/api.w.org\/{rel}","templated":true}]}}