{"id":24168,"date":"2026-01-14T14:44:54","date_gmt":"2026-01-14T14:44:54","guid":{"rendered":"https:\/\/xstone.group\/product\/man-mandala\/"},"modified":"2026-01-14T14:44:54","modified_gmt":"2026-01-14T14:44:54","slug":"man-mandala","status":"publish","type":"product","link":"https:\/\/xstone.group\/de\/product\/man-mandala\/","title":{"rendered":"MAN | Mandala"},"content":{"rendered":"<p>Mandala ist eine ornamentale, gemei\u00dfelte Oberfl\u00e4che, auf der sich flie\u00dfende Arabesken und symmetrische Motive in ruhiger Harmonie entfalten und ein Gef\u00fchl von Gleichgewicht, Rhythmus und kontemplativer Sch\u00f6nheit vermitteln. Die erhabenen Muster f\u00fchlen sich an, als w\u00e4ren sie fein in das Material gemei\u00dfelt. Sie erinnern an Handwerkskunst, Tradition und meditative Ruhe, w\u00e4hrend sie gleichzeitig eine raffinierte architektonische Pr\u00e4senz haben, die Eleganz, Tiefe und Bedeutung in jeden Raum bringt. <\/p>\n","protected":false},"excerpt":{"rendered":"<p>Mandala ist eine ornamentale, gemei\u00dfelte Oberfl\u00e4che, auf der sich flie\u00dfende Arabesken und symmetrische Motive in ruhiger Harmonie entfalten und ein Gef\u00fchl von Gleichgewicht, Rhythmus und kontemplativer Sch\u00f6nheit vermitteln. Die erhabenen Muster f\u00fchlen sich an, als w\u00e4ren sie fein in das Material gemei\u00dfelt. Sie erinnern an Handwerkskunst, Tradition und meditative Ruhe, w\u00e4hrend sie gleichzeitig eine raffinierte [&hellip;]<\/p>\n","protected":false},"featured_media":24173,"comment_status":"open","ping_status":"closed","template":"","meta":{"_acf_changed":false,"_uag_custom_page_level_css":"","site-sidebar-layout":"default","site-content-layout":"","ast-site-content-layout":"default","site-content-style":"default","site-sidebar-style":"default","ast-global-header-display":"","ast-banner-title-visibility":"","ast-main-header-display":"","ast-hfb-above-header-display":"","ast-hfb-below-header-display":"","ast-hfb-mobile-header-display":"","site-post-title":"","ast-breadcrumbs-content":"","ast-featured-img":"","footer-sml-layout":"","theme-transparent-header-meta":"default","adv-header-id-meta":"","stick-header-meta":"default","header-above-stick-meta":"","header-main-stick-meta":"","header-below-stick-meta":"","astra-migrate-meta-layouts":"default","ast-page-background-enabled":"default","ast-page-background-meta":{"desktop":{"background-color":"var(--ast-global-color-4)","background-image":"","background-repeat":"repeat","background-position":"center center","background-size":"auto","background-attachment":"scroll","background-type":"","background-media":"","overlay-type":"","overlay-color":"","overlay-opacity":"","overlay-gradient":""},"tablet":{"background-color":"","background-image":"","background-repeat":"repeat","background-position":"center center","background-size":"auto","background-attachment":"scroll","background-type":"","background-media":"","overlay-type":"","overlay-color":"","overlay-opacity":"","overlay-gradient":""},"mobile":{"background-color":"","background-image":"","background-repeat":"repeat","background-position":"center center","background-size":"auto","background-attachment":"scroll","background-type":"","background-media":"","overlay-type":"","overlay-color":"","overlay-opacity":"","overlay-gradient":""}},"ast-content-background-meta":{"desktop":{"background-color":"var(--ast-global-color-5)","background-image":"","background-repeat":"repeat","background-position":"center center","background-size":"auto","background-attachment":"scroll","background-type":"","background-media":"","overlay-type":"","overlay-color":"","overlay-opacity":"","overlay-gradient":""},"tablet":{"background-color":"var(--ast-global-color-5)","background-image":"","background-repeat":"repeat","background-position":"center center","background-size":"auto","background-attachment":"scroll","background-type":"","background-media":"","overlay-type":"","overlay-color":"","overlay-opacity":"","overlay-gradient":""},"mobile":{"background-color":"var(--ast-global-color-5)","background-image":"","background-repeat":"repeat","background-position":"center center","background-size":"auto","background-attachment":"scroll","background-type":"","background-media":"","overlay-type":"","overlay-color":"","overlay-opacity":"","overlay-gradient":""}}},"product_brand":[],"product_cat":[6054,3688],"product_tag":[7258,7261,7264,5234,7256,7257,7259,7262],"class_list":{"0":"post-24168","1":"product","2":"type-product","3":"status-publish","4":"has-post-thumbnail","6":"product_cat-design","7":"product_cat-texture","8":"product_tag-arabesque-pattern","9":"product_tag-architectural-ornament","10":"product_tag-patterned-wall-relief","11":"product_tag-comp-texture-16896","12":"product_tag-mandala-wall-texture","13":"product_tag-ornamental-surface","14":"product_tag-sculpted-wall-design","15":"product_tag-textured-wall-art","16":"desktop-align-left","17":"tablet-align-left","18":"mobile-align-left","20":"first","21":"instock","22":"shipping-taxable","23":"product-type-simple"},"acf":[],"yoast_head":"<!-- This site is optimized with the Yoast SEO Premium plugin v27.4 (Yoast SEO v27.4) - https:\/\/yoast.com\/product\/yoast-seo-premium-wordpress\/ -->\n<title>MAN | Mandala - XSTONE<\/title>\n<meta name=\"description\" content=\"Entdecken Sie Mandala, eine ornamentale Wandtextur mit skulpturalen Arabeskenmustern und harmonischem Relief, ideal f\u00fcr eine elegante und kontemplative Inneneinrichtung.\" \/>\n<meta name=\"robots\" content=\"index, follow, max-snippet:-1, max-image-preview:large, max-video-preview:-1\" \/>\n<link rel=\"canonical\" href=\"https:\/\/xstone.group\/de\/product\/man-mandala\/\" \/>\n<meta property=\"og:locale\" content=\"de_DE\" \/>\n<meta property=\"og:type\" content=\"article\" \/>\n<meta property=\"og:title\" content=\"MAN | Mandala\" \/>\n<meta property=\"og:description\" content=\"Entdecken Sie Mandala, eine ornamentale Wandtextur mit skulpturalen Arabeskenmustern und harmonischem Relief, ideal f\u00fcr eine elegante und kontemplative Inneneinrichtung.\" \/>\n<meta property=\"og:url\" content=\"https:\/\/xstone.group\/de\/product\/man-mandala\/\" \/>\n<meta property=\"og:site_name\" content=\"XSTONE\" \/>\n<meta property=\"article:publisher\" content=\"https:\/\/www.facebook.com\/Xstonesurfaces1\/\" \/>\n<meta property=\"og:image\" content=\"https:\/\/xstone.group\/wp-content\/uploads\/2026\/01\/XSTONE-MAN-Mandala.webp\" \/>\n\t<meta property=\"og:image:width\" content=\"854\" \/>\n\t<meta property=\"og:image:height\" content=\"854\" \/>\n\t<meta property=\"og:image:type\" content=\"image\/webp\" \/>\n<meta name=\"twitter:card\" content=\"summary_large_image\" \/>\n<script type=\"application\/ld+json\" class=\"yoast-schema-graph\">{\"@context\":\"https:\\\/\\\/schema.org\",\"@graph\":[{\"@type\":\"WebPage\",\"@id\":\"https:\\\/\\\/xstone.group\\\/de\\\/product\\\/man-mandala\\\/\",\"url\":\"https:\\\/\\\/xstone.group\\\/de\\\/product\\\/man-mandala\\\/\",\"name\":\"MAN | Mandala - XSTONE\",\"isPartOf\":{\"@id\":\"https:\\\/\\\/xstone.group\\\/de\\\/#website\"},\"primaryImageOfPage\":{\"@id\":\"https:\\\/\\\/xstone.group\\\/de\\\/product\\\/man-mandala\\\/#primaryimage\"},\"image\":{\"@id\":\"https:\\\/\\\/xstone.group\\\/de\\\/product\\\/man-mandala\\\/#primaryimage\"},\"thumbnailUrl\":\"https:\\\/\\\/xstone.group\\\/wp-content\\\/uploads\\\/2026\\\/01\\\/XSTONE-MAN-Mandala.webp\",\"datePublished\":\"2026-01-14T14:44:54+00:00\",\"description\":\"Entdecken Sie Mandala, eine ornamentale Wandtextur mit skulpturalen Arabeskenmustern und harmonischem Relief, ideal f\u00fcr eine elegante und kontemplative Inneneinrichtung.\",\"breadcrumb\":{\"@id\":\"https:\\\/\\\/xstone.group\\\/de\\\/product\\\/man-mandala\\\/#breadcrumb\"},\"inLanguage\":\"de\",\"potentialAction\":[{\"@type\":\"ReadAction\",\"target\":[\"https:\\\/\\\/xstone.group\\\/de\\\/product\\\/man-mandala\\\/\"]}]},{\"@type\":\"ImageObject\",\"inLanguage\":\"de\",\"@id\":\"https:\\\/\\\/xstone.group\\\/de\\\/product\\\/man-mandala\\\/#primaryimage\",\"url\":\"https:\\\/\\\/xstone.group\\\/wp-content\\\/uploads\\\/2026\\\/01\\\/XSTONE-MAN-Mandala.webp\",\"contentUrl\":\"https:\\\/\\\/xstone.group\\\/wp-content\\\/uploads\\\/2026\\\/01\\\/XSTONE-MAN-Mandala.webp\",\"width\":854,\"height\":854,\"caption\":\"XSTONE - MAN - Mandala\"},{\"@type\":\"BreadcrumbList\",\"@id\":\"https:\\\/\\\/xstone.group\\\/de\\\/product\\\/man-mandala\\\/#breadcrumb\",\"itemListElement\":[{\"@type\":\"ListItem\",\"position\":1,\"name\":\"Home\",\"item\":\"https:\\\/\\\/xstone.group\\\/de\\\/\"},{\"@type\":\"ListItem\",\"position\":2,\"name\":\"Produkte\",\"item\":\"https:\\\/\\\/xstone.group\\\/de\\\/shop\\\/\"},{\"@type\":\"ListItem\",\"position\":3,\"name\":\"MAN | Mandala\"}]},{\"@type\":\"WebSite\",\"@id\":\"https:\\\/\\\/xstone.group\\\/de\\\/#website\",\"url\":\"https:\\\/\\\/xstone.group\\\/de\\\/\",\"name\":\"XSTONE\",\"description\":\"Authentische und grenzenlose mineralische Sch\u00f6nheit, ungebunden von der Schwerkraft\",\"potentialAction\":[{\"@type\":\"SearchAction\",\"target\":{\"@type\":\"EntryPoint\",\"urlTemplate\":\"https:\\\/\\\/xstone.group\\\/de\\\/?s={search_term_string}\"},\"query-input\":{\"@type\":\"PropertyValueSpecification\",\"valueRequired\":true,\"valueName\":\"search_term_string\"}}],\"inLanguage\":\"de\"}]}<\/script>\n<!-- \/ Yoast SEO Premium plugin. -->","yoast_head_json":{"title":"MAN | Mandala - XSTONE","description":"Entdecken Sie Mandala, eine ornamentale Wandtextur mit skulpturalen Arabeskenmustern und harmonischem Relief, ideal f\u00fcr eine elegante und kontemplative Inneneinrichtung.","robots":{"index":"index","follow":"follow","max-snippet":"max-snippet:-1","max-image-preview":"max-image-preview:large","max-video-preview":"max-video-preview:-1"},"canonical":"https:\/\/xstone.group\/de\/product\/man-mandala\/","og_locale":"de_DE","og_type":"article","og_title":"MAN | Mandala","og_description":"Entdecken Sie Mandala, eine ornamentale Wandtextur mit skulpturalen Arabeskenmustern und harmonischem Relief, ideal f\u00fcr eine elegante und kontemplative Inneneinrichtung.","og_url":"https:\/\/xstone.group\/de\/product\/man-mandala\/","og_site_name":"XSTONE","article_publisher":"https:\/\/www.facebook.com\/Xstonesurfaces1\/","og_image":[{"width":854,"height":854,"url":"https:\/\/xstone.group\/wp-content\/uploads\/2026\/01\/XSTONE-MAN-Mandala.webp","type":"image\/webp"}],"twitter_card":"summary_large_image","schema":{"@context":"https:\/\/schema.org","@graph":[{"@type":"WebPage","@id":"https:\/\/xstone.group\/de\/product\/man-mandala\/","url":"https:\/\/xstone.group\/de\/product\/man-mandala\/","name":"MAN | Mandala - XSTONE","isPartOf":{"@id":"https:\/\/xstone.group\/de\/#website"},"primaryImageOfPage":{"@id":"https:\/\/xstone.group\/de\/product\/man-mandala\/#primaryimage"},"image":{"@id":"https:\/\/xstone.group\/de\/product\/man-mandala\/#primaryimage"},"thumbnailUrl":"https:\/\/xstone.group\/wp-content\/uploads\/2026\/01\/XSTONE-MAN-Mandala.webp","datePublished":"2026-01-14T14:44:54+00:00","description":"Entdecken Sie Mandala, eine ornamentale Wandtextur mit skulpturalen Arabeskenmustern und harmonischem Relief, ideal f\u00fcr eine elegante und kontemplative Inneneinrichtung.","breadcrumb":{"@id":"https:\/\/xstone.group\/de\/product\/man-mandala\/#breadcrumb"},"inLanguage":"de","potentialAction":[{"@type":"ReadAction","target":["https:\/\/xstone.group\/de\/product\/man-mandala\/"]}]},{"@type":"ImageObject","inLanguage":"de","@id":"https:\/\/xstone.group\/de\/product\/man-mandala\/#primaryimage","url":"https:\/\/xstone.group\/wp-content\/uploads\/2026\/01\/XSTONE-MAN-Mandala.webp","contentUrl":"https:\/\/xstone.group\/wp-content\/uploads\/2026\/01\/XSTONE-MAN-Mandala.webp","width":854,"height":854,"caption":"XSTONE - MAN - Mandala"},{"@type":"BreadcrumbList","@id":"https:\/\/xstone.group\/de\/product\/man-mandala\/#breadcrumb","itemListElement":[{"@type":"ListItem","position":1,"name":"Home","item":"https:\/\/xstone.group\/de\/"},{"@type":"ListItem","position":2,"name":"Produkte","item":"https:\/\/xstone.group\/de\/shop\/"},{"@type":"ListItem","position":3,"name":"MAN | Mandala"}]},{"@type":"WebSite","@id":"https:\/\/xstone.group\/de\/#website","url":"https:\/\/xstone.group\/de\/","name":"XSTONE","description":"Authentische und grenzenlose mineralische Sch\u00f6nheit, ungebunden von der Schwerkraft","potentialAction":[{"@type":"SearchAction","target":{"@type":"EntryPoint","urlTemplate":"https:\/\/xstone.group\/de\/?s={search_term_string}"},"query-input":{"@type":"PropertyValueSpecification","valueRequired":true,"valueName":"search_term_string"}}],"inLanguage":"de"}]}},"spectra_custom_meta":{"_last_translation_edit_mode":["translation-editor"],"_wcml_average_rating":[null],"_wcml_review_count":[null],"_wcml_rating_count":[null],"_yoast_wpseo_primary_product_cat":["317"],"_backorders":["no"],"_download_limit":["-1"],"_download_expiry":["-1"],"_downloadable":["no"],"_manage_stock":["no"],"_sku":["MAN"],"_stock_status":["instock"],"_sold_individually":["no"],"_tax_class":[""],"_tax_status":["taxable"],"_virtual":["no"],"total_sales":["0"],"_wpml_media_duplicate":["1"],"_wpml_media_featured":["1"],"stick-header-meta":["default"],"site-sidebar-layout":["default"],"theme-transparent-header-meta":["default"],"ast-site-content-layout":["default"],"site-content-style":["default"],"site-sidebar-style":["default"],"_yoast_wpseo_metadesc":["Entdecken Sie Mandala, eine ornamentale Wandtextur mit skulpturalen Arabeskenmustern und harmonischem Relief, ideal f\u00fcr eine elegante und kontemplative Inneneinrichtung."],"_yoast_wpseo_focuskw":["mandala ornamentale wandtextur"],"_product_image_gallery":[""],"_thumbnail_id":["24173"],"_product_attributes":["a:3:{s:12:\"pa_thickness\";a:6:{s:4:\"name\";s:12:\"pa_thickness\";s:5:\"value\";s:0:\"\";s:8:\"position\";i:0;s:10:\"is_visible\";i:1;s:12:\"is_variation\";i:0;s:11:\"is_taxonomy\";i:1;}s:14:\"pa_composition\";a:6:{s:4:\"name\";s:14:\"pa_composition\";s:5:\"value\";s:0:\"\";s:8:\"position\";i:1;s:10:\"is_visible\";i:1;s:12:\"is_variation\";i:0;s:11:\"is_taxonomy\";i:1;}s:14:\"pa_fire-rating\";a:6:{s:4:\"name\";s:14:\"pa_fire-rating\";s:5:\"value\";s:0:\"\";s:8:\"position\";i:2;s:10:\"is_visible\";i:1;s:12:\"is_variation\";i:0;s:11:\"is_taxonomy\";i:1;}}"],"_wpml_word_count":["91"],"two_optimized_date":["1776455447"],"woolentor_views_count_product":["6"],"_uag_css_file_name":["uag-css-24168.css"],"_uag_js_file_name":["uag-js-24168.js"],"tp_widgets":["a:2:{s:7:\"widgets\";a:6:{i:0;s:18:\"plus-list-skeleton\";i:1;s:22:\"plus-listing-load-more\";i:2;s:18:\"plus-listing-metro\";i:3;s:18:\"tp-product-listout\";i:4;s:17:\"tp-single-style_1\";i:5;s:19:\"tp-woo-single-image\";}s:9:\"update_at\";s:10:\"1776541402\";}"],"_elementor_edit_mode":["builder"],"_selectproduct_layout":["16389"],"_elementor_page_assets":["a:0:{}"],"_elementor_css":["a:7:{s:4:\"time\";i:1776632432;s:5:\"fonts\";a:0:{}s:5:\"icons\";a:0:{}s:20:\"dynamic_elements_ids\";a:0:{}s:6:\"status\";s:5:\"empty\";i:0;s:0:\"\";s:3:\"css\";s:0:\"\";}"],"_wc_rating_count":[""],"_wc_review_count":[""],"_wc_average_rating":[0]},"uagb_featured_image_src":{"full":["https:\/\/xstone.group\/wp-content\/uploads\/2026\/01\/XSTONE-MAN-Mandala.webp",854,854,false],"thumbnail":["https:\/\/xstone.group\/wp-content\/uploads\/2026\/01\/XSTONE-MAN-Mandala-150x150.webp",150,150,true],"medium":["https:\/\/xstone.group\/wp-content\/uploads\/2026\/01\/XSTONE-MAN-Mandala-300x300.webp",300,300,true],"medium_large":["https:\/\/xstone.group\/wp-content\/uploads\/2026\/01\/XSTONE-MAN-Mandala-768x768.webp",768,768,true],"large":["https:\/\/xstone.group\/wp-content\/uploads\/2026\/01\/XSTONE-MAN-Mandala.webp",854,854,false],"1536x1536":["https:\/\/xstone.group\/wp-content\/uploads\/2026\/01\/XSTONE-MAN-Mandala.webp",854,854,false],"2048x2048":["https:\/\/xstone.group\/wp-content\/uploads\/2026\/01\/XSTONE-MAN-Mandala.webp",854,854,false],"tp-image-grid":["https:\/\/xstone.group\/wp-content\/uploads\/2026\/01\/XSTONE-MAN-Mandala-700x700.webp",700,700,true],"tenweb_optimizer_mobile":["https:\/\/xstone.group\/wp-content\/uploads\/2026\/01\/XSTONE-MAN-Mandala-600x600.webp",600,600,true],"tenweb_optimizer_tablet":["https:\/\/xstone.group\/wp-content\/uploads\/2026\/01\/XSTONE-MAN-Mandala-768x768.webp",768,768,true],"woocommerce_thumbnail":["https:\/\/xstone.group\/wp-content\/uploads\/2026\/01\/XSTONE-MAN-Mandala-300x300.webp",300,300,true],"woocommerce_single":["https:\/\/xstone.group\/wp-content\/uploads\/2026\/01\/XSTONE-MAN-Mandala-600x600.webp",600,600,true],"woocommerce_gallery_thumbnail":["https:\/\/xstone.group\/wp-content\/uploads\/2026\/01\/XSTONE-MAN-Mandala-100x100.webp",100,100,true]},"uagb_author_info":{"display_name":"laurent.gomez@xstone.group","author_link":"https:\/\/xstone.group\/de\/author\/"},"uagb_comment_info":0,"uagb_excerpt":"Mandala ist eine ornamentale, gemei\u00dfelte Oberfl\u00e4che, auf der sich flie\u00dfende Arabesken und symmetrische Motive in ruhiger Harmonie entfalten und ein Gef\u00fchl von Gleichgewicht, Rhythmus und kontemplativer Sch\u00f6nheit vermitteln. Die erhabenen Muster f\u00fchlen sich an, als w\u00e4ren sie fein in das Material gemei\u00dfelt. Sie erinnern an Handwerkskunst, Tradition und meditative Ruhe, w\u00e4hrend sie gleichzeitig eine raffinierte&hellip;","_links":{"self":[{"href":"https:\/\/xstone.group\/de\/wp-json\/wp\/v2\/product\/24168","targetHints":{"allow":["GET"]}}],"collection":[{"href":"https:\/\/xstone.group\/de\/wp-json\/wp\/v2\/product"}],"about":[{"href":"https:\/\/xstone.group\/de\/wp-json\/wp\/v2\/types\/product"}],"replies":[{"embeddable":true,"href":"https:\/\/xstone.group\/de\/wp-json\/wp\/v2\/comments?post=24168"}],"wp:featuredmedia":[{"embeddable":true,"href":"https:\/\/xstone.group\/de\/wp-json\/wp\/v2\/media\/24173"}],"wp:attachment":[{"href":"https:\/\/xstone.group\/de\/wp-json\/wp\/v2\/media?parent=24168"}],"wp:term":[{"taxonomy":"product_brand","embeddable":true,"href":"https:\/\/xstone.group\/de\/wp-json\/wp\/v2\/product_brand?post=24168"},{"taxonomy":"product_cat","embeddable":true,"href":"https:\/\/xstone.group\/de\/wp-json\/wp\/v2\/product_cat?post=24168"},{"taxonomy":"product_tag","embeddable":true,"href":"https:\/\/xstone.group\/de\/wp-json\/wp\/v2\/product_tag?post=24168"}],"curies":[{"name":"wp","href":"https:\/\/api.w.org\/{rel}","templated":true}]}}