{"id":24273,"date":"2026-01-15T10:18:42","date_gmt":"2026-01-15T10:18:42","guid":{"rendered":"https:\/\/xstone.group\/product\/smo-glatt\/"},"modified":"2026-01-15T10:18:42","modified_gmt":"2026-01-15T10:18:42","slug":"smo-smooth","status":"publish","type":"product","link":"https:\/\/xstone.group\/de\/product\/smo-smooth\/","title":{"rendered":"SMO | Glatt"},"content":{"rendered":"<p>Smooth ist eine ruhige, raffinierte Oberfl\u00e4che, die sich durch eine weiche, gleichm\u00e4\u00dfige mineralische Maserung und kaum wahrnehmbare nat\u00fcrliche Variationen auszeichnet, die ein Gef\u00fchl von Kontinuit\u00e4t und stiller Eleganz vermitteln. Seine gleichm\u00e4\u00dfige, samtige Textur bietet einen ruhigen architektonischen Hintergrund, der Licht, Raum und Form subtil hervorhebt und Gleichgewicht, Klarheit und zeitlose Einfachheit in jede Umgebung bringt. <\/p>\n","protected":false},"excerpt":{"rendered":"<p>Smooth ist eine ruhige, raffinierte Oberfl\u00e4che, die sich durch eine weiche, gleichm\u00e4\u00dfige mineralische Maserung und kaum wahrnehmbare nat\u00fcrliche Variationen auszeichnet, die ein Gef\u00fchl von Kontinuit\u00e4t und stiller Eleganz vermitteln. Seine gleichm\u00e4\u00dfige, samtige Textur bietet einen ruhigen architektonischen Hintergrund, der Licht, Raum und Form subtil hervorhebt und Gleichgewicht, Klarheit und zeitlose Einfachheit in jede Umgebung bringt.<\/p>\n","protected":false},"featured_media":24275,"comment_status":"open","ping_status":"closed","template":"","meta":{"_acf_changed":false,"_uag_custom_page_level_css":"","site-sidebar-layout":"default","site-content-layout":"","ast-site-content-layout":"default","site-content-style":"default","site-sidebar-style":"default","ast-global-header-display":"","ast-banner-title-visibility":"","ast-main-header-display":"","ast-hfb-above-header-display":"","ast-hfb-below-header-display":"","ast-hfb-mobile-header-display":"","site-post-title":"","ast-breadcrumbs-content":"","ast-featured-img":"","footer-sml-layout":"","theme-transparent-header-meta":"default","adv-header-id-meta":"","stick-header-meta":"default","header-above-stick-meta":"","header-main-stick-meta":"","header-below-stick-meta":"","astra-migrate-meta-layouts":"default","ast-page-background-enabled":"default","ast-page-background-meta":{"desktop":{"background-color":"var(--ast-global-color-4)","background-image":"","background-repeat":"repeat","background-position":"center center","background-size":"auto","background-attachment":"scroll","background-type":"","background-media":"","overlay-type":"","overlay-color":"","overlay-opacity":"","overlay-gradient":""},"tablet":{"background-color":"","background-image":"","background-repeat":"repeat","background-position":"center center","background-size":"auto","background-attachment":"scroll","background-type":"","background-media":"","overlay-type":"","overlay-color":"","overlay-opacity":"","overlay-gradient":""},"mobile":{"background-color":"","background-image":"","background-repeat":"repeat","background-position":"center center","background-size":"auto","background-attachment":"scroll","background-type":"","background-media":"","overlay-type":"","overlay-color":"","overlay-opacity":"","overlay-gradient":""}},"ast-content-background-meta":{"desktop":{"background-color":"var(--ast-global-color-5)","background-image":"","background-repeat":"repeat","background-position":"center center","background-size":"auto","background-attachment":"scroll","background-type":"","background-media":"","overlay-type":"","overlay-color":"","overlay-opacity":"","overlay-gradient":""},"tablet":{"background-color":"var(--ast-global-color-5)","background-image":"","background-repeat":"repeat","background-position":"center center","background-size":"auto","background-attachment":"scroll","background-type":"","background-media":"","overlay-type":"","overlay-color":"","overlay-opacity":"","overlay-gradient":""},"mobile":{"background-color":"var(--ast-global-color-5)","background-image":"","background-repeat":"repeat","background-position":"center center","background-size":"auto","background-attachment":"scroll","background-type":"","background-media":"","overlay-type":"","overlay-color":"","overlay-opacity":"","overlay-gradient":""}}},"product_brand":[],"product_cat":[3689,6980,3688],"product_tag":[7438,7434,1774,7435,7439,7437],"class_list":{"0":"post-24273","1":"product","2":"type-product","3":"status-publish","4":"has-post-thumbnail","6":"product_cat-concrete","7":"product_cat-stone","8":"product_cat-texture","9":"product_tag-decorative-mineral-texture","10":"product_tag-smooth-wall-texture","11":"product_tag-comp-texture-16911","12":"product_tag-mineral-surface-finish","13":"product_tag-modern-interior-wall","14":"product_tag-refined-wall-surface","15":"desktop-align-left","16":"tablet-align-left","17":"mobile-align-left","19":"first","20":"instock","21":"shipping-taxable","22":"product-type-simple"},"acf":[],"yoast_head":"<!-- This site is optimized with the Yoast SEO Premium plugin v27.4 (Yoast SEO v27.4) - https:\/\/yoast.com\/product\/yoast-seo-premium-wordpress\/ -->\n<title>SMO | Glatt - XSTONE<\/title>\n<meta name=\"description\" content=\"Entdecken Sie Smooth, eine raffinierte mineralische Wandtextur mit weicher, gleichm\u00e4\u00dfiger Maserung und zeitloser architektonischer Schlichtheit f\u00fcr eine elegante Inneneinrichtung\" \/>\n<meta name=\"robots\" content=\"index, follow, max-snippet:-1, max-image-preview:large, max-video-preview:-1\" \/>\n<link rel=\"canonical\" href=\"https:\/\/xstone.group\/de\/product\/smo-smooth\/\" \/>\n<meta property=\"og:locale\" content=\"de_DE\" \/>\n<meta property=\"og:type\" content=\"article\" \/>\n<meta property=\"og:title\" content=\"SMO | Glatt\" \/>\n<meta property=\"og:description\" content=\"Entdecken Sie Smooth, eine raffinierte mineralische Wandtextur mit weicher, gleichm\u00e4\u00dfiger Maserung und zeitloser architektonischer Schlichtheit f\u00fcr eine elegante Inneneinrichtung\" \/>\n<meta property=\"og:url\" content=\"https:\/\/xstone.group\/de\/product\/smo-smooth\/\" \/>\n<meta property=\"og:site_name\" content=\"XSTONE\" \/>\n<meta property=\"article:publisher\" content=\"https:\/\/www.facebook.com\/Xstonesurfaces1\/\" \/>\n<meta property=\"og:image\" content=\"https:\/\/xstone.group\/wp-content\/uploads\/2026\/01\/XStone-Texture-SMO-scaled.webp\" \/>\n\t<meta property=\"og:image:width\" content=\"2560\" \/>\n\t<meta property=\"og:image:height\" content=\"1440\" \/>\n\t<meta property=\"og:image:type\" content=\"image\/webp\" \/>\n<meta name=\"twitter:card\" content=\"summary_large_image\" \/>\n<script type=\"application\/ld+json\" class=\"yoast-schema-graph\">{\"@context\":\"https:\\\/\\\/schema.org\",\"@graph\":[{\"@type\":\"WebPage\",\"@id\":\"https:\\\/\\\/xstone.group\\\/de\\\/product\\\/smo-smooth\\\/\",\"url\":\"https:\\\/\\\/xstone.group\\\/de\\\/product\\\/smo-smooth\\\/\",\"name\":\"SMO | Glatt - XSTONE\",\"isPartOf\":{\"@id\":\"https:\\\/\\\/xstone.group\\\/de\\\/#website\"},\"primaryImageOfPage\":{\"@id\":\"https:\\\/\\\/xstone.group\\\/de\\\/product\\\/smo-smooth\\\/#primaryimage\"},\"image\":{\"@id\":\"https:\\\/\\\/xstone.group\\\/de\\\/product\\\/smo-smooth\\\/#primaryimage\"},\"thumbnailUrl\":\"https:\\\/\\\/xstone.group\\\/wp-content\\\/uploads\\\/2026\\\/01\\\/XStone-Texture-SMO-scaled.webp\",\"datePublished\":\"2026-01-15T10:18:42+00:00\",\"description\":\"Entdecken Sie Smooth, eine raffinierte mineralische Wandtextur mit weicher, gleichm\u00e4\u00dfiger Maserung und zeitloser architektonischer Schlichtheit f\u00fcr eine elegante Inneneinrichtung\",\"breadcrumb\":{\"@id\":\"https:\\\/\\\/xstone.group\\\/de\\\/product\\\/smo-smooth\\\/#breadcrumb\"},\"inLanguage\":\"de\",\"potentialAction\":[{\"@type\":\"ReadAction\",\"target\":[\"https:\\\/\\\/xstone.group\\\/de\\\/product\\\/smo-smooth\\\/\"]}]},{\"@type\":\"ImageObject\",\"inLanguage\":\"de\",\"@id\":\"https:\\\/\\\/xstone.group\\\/de\\\/product\\\/smo-smooth\\\/#primaryimage\",\"url\":\"https:\\\/\\\/xstone.group\\\/wp-content\\\/uploads\\\/2026\\\/01\\\/XStone-Texture-SMO-scaled.webp\",\"contentUrl\":\"https:\\\/\\\/xstone.group\\\/wp-content\\\/uploads\\\/2026\\\/01\\\/XStone-Texture-SMO-scaled.webp\",\"width\":2560,\"height\":1440,\"caption\":\"XStone -Texture -Smooth\"},{\"@type\":\"BreadcrumbList\",\"@id\":\"https:\\\/\\\/xstone.group\\\/de\\\/product\\\/smo-smooth\\\/#breadcrumb\",\"itemListElement\":[{\"@type\":\"ListItem\",\"position\":1,\"name\":\"Home\",\"item\":\"https:\\\/\\\/xstone.group\\\/de\\\/\"},{\"@type\":\"ListItem\",\"position\":2,\"name\":\"Produkte\",\"item\":\"https:\\\/\\\/xstone.group\\\/de\\\/shop\\\/\"},{\"@type\":\"ListItem\",\"position\":3,\"name\":\"SMO | Glatt\"}]},{\"@type\":\"WebSite\",\"@id\":\"https:\\\/\\\/xstone.group\\\/de\\\/#website\",\"url\":\"https:\\\/\\\/xstone.group\\\/de\\\/\",\"name\":\"XSTONE\",\"description\":\"Authentische und grenzenlose mineralische Sch\u00f6nheit, ungebunden von der Schwerkraft\",\"potentialAction\":[{\"@type\":\"SearchAction\",\"target\":{\"@type\":\"EntryPoint\",\"urlTemplate\":\"https:\\\/\\\/xstone.group\\\/de\\\/?s={search_term_string}\"},\"query-input\":{\"@type\":\"PropertyValueSpecification\",\"valueRequired\":true,\"valueName\":\"search_term_string\"}}],\"inLanguage\":\"de\"}]}<\/script>\n<!-- \/ Yoast SEO Premium plugin. -->","yoast_head_json":{"title":"SMO | Glatt - XSTONE","description":"Entdecken Sie Smooth, eine raffinierte mineralische Wandtextur mit weicher, gleichm\u00e4\u00dfiger Maserung und zeitloser architektonischer Schlichtheit f\u00fcr eine elegante Inneneinrichtung","robots":{"index":"index","follow":"follow","max-snippet":"max-snippet:-1","max-image-preview":"max-image-preview:large","max-video-preview":"max-video-preview:-1"},"canonical":"https:\/\/xstone.group\/de\/product\/smo-smooth\/","og_locale":"de_DE","og_type":"article","og_title":"SMO | Glatt","og_description":"Entdecken Sie Smooth, eine raffinierte mineralische Wandtextur mit weicher, gleichm\u00e4\u00dfiger Maserung und zeitloser architektonischer Schlichtheit f\u00fcr eine elegante Inneneinrichtung","og_url":"https:\/\/xstone.group\/de\/product\/smo-smooth\/","og_site_name":"XSTONE","article_publisher":"https:\/\/www.facebook.com\/Xstonesurfaces1\/","og_image":[{"width":2560,"height":1440,"url":"https:\/\/xstone.group\/wp-content\/uploads\/2026\/01\/XStone-Texture-SMO-scaled.webp","type":"image\/webp"}],"twitter_card":"summary_large_image","schema":{"@context":"https:\/\/schema.org","@graph":[{"@type":"WebPage","@id":"https:\/\/xstone.group\/de\/product\/smo-smooth\/","url":"https:\/\/xstone.group\/de\/product\/smo-smooth\/","name":"SMO | Glatt - XSTONE","isPartOf":{"@id":"https:\/\/xstone.group\/de\/#website"},"primaryImageOfPage":{"@id":"https:\/\/xstone.group\/de\/product\/smo-smooth\/#primaryimage"},"image":{"@id":"https:\/\/xstone.group\/de\/product\/smo-smooth\/#primaryimage"},"thumbnailUrl":"https:\/\/xstone.group\/wp-content\/uploads\/2026\/01\/XStone-Texture-SMO-scaled.webp","datePublished":"2026-01-15T10:18:42+00:00","description":"Entdecken Sie Smooth, eine raffinierte mineralische Wandtextur mit weicher, gleichm\u00e4\u00dfiger Maserung und zeitloser architektonischer Schlichtheit f\u00fcr eine elegante Inneneinrichtung","breadcrumb":{"@id":"https:\/\/xstone.group\/de\/product\/smo-smooth\/#breadcrumb"},"inLanguage":"de","potentialAction":[{"@type":"ReadAction","target":["https:\/\/xstone.group\/de\/product\/smo-smooth\/"]}]},{"@type":"ImageObject","inLanguage":"de","@id":"https:\/\/xstone.group\/de\/product\/smo-smooth\/#primaryimage","url":"https:\/\/xstone.group\/wp-content\/uploads\/2026\/01\/XStone-Texture-SMO-scaled.webp","contentUrl":"https:\/\/xstone.group\/wp-content\/uploads\/2026\/01\/XStone-Texture-SMO-scaled.webp","width":2560,"height":1440,"caption":"XStone -Texture -Smooth"},{"@type":"BreadcrumbList","@id":"https:\/\/xstone.group\/de\/product\/smo-smooth\/#breadcrumb","itemListElement":[{"@type":"ListItem","position":1,"name":"Home","item":"https:\/\/xstone.group\/de\/"},{"@type":"ListItem","position":2,"name":"Produkte","item":"https:\/\/xstone.group\/de\/shop\/"},{"@type":"ListItem","position":3,"name":"SMO | Glatt"}]},{"@type":"WebSite","@id":"https:\/\/xstone.group\/de\/#website","url":"https:\/\/xstone.group\/de\/","name":"XSTONE","description":"Authentische und grenzenlose mineralische Sch\u00f6nheit, ungebunden von der Schwerkraft","potentialAction":[{"@type":"SearchAction","target":{"@type":"EntryPoint","urlTemplate":"https:\/\/xstone.group\/de\/?s={search_term_string}"},"query-input":{"@type":"PropertyValueSpecification","valueRequired":true,"valueName":"search_term_string"}}],"inLanguage":"de"}]}},"spectra_custom_meta":{"_last_translation_edit_mode":["translation-editor"],"_wcml_average_rating":[null],"_wcml_review_count":[null],"_wcml_rating_count":[null],"_yoast_wpseo_primary_product_cat":["317"],"_backorders":["no"],"_download_limit":["-1"],"_download_expiry":["-1"],"_downloadable":["no"],"_manage_stock":["no"],"_sku":["SMO"],"_stock_status":["instock"],"_sold_individually":["no"],"_tax_class":[""],"_tax_status":["taxable"],"_virtual":["no"],"total_sales":["0"],"_wpml_media_duplicate":["1"],"_wpml_media_featured":["1"],"stick-header-meta":["default"],"site-sidebar-layout":["default"],"theme-transparent-header-meta":["default"],"ast-site-content-layout":["default"],"site-content-style":["default"],"site-sidebar-style":["default"],"_yoast_wpseo_metadesc":["Entdecken Sie Smooth, eine raffinierte mineralische Wandtextur mit weicher, gleichm\u00e4\u00dfiger Maserung und zeitloser architektonischer Schlichtheit f\u00fcr eine elegante Inneneinrichtung"],"_yoast_wpseo_focuskw":["glatte mineralische Wandtextur"],"_product_image_gallery":[""],"_thumbnail_id":["24275"],"_product_attributes":["a:3:{s:12:\"pa_thickness\";a:6:{s:4:\"name\";s:12:\"pa_thickness\";s:5:\"value\";s:0:\"\";s:8:\"position\";i:0;s:10:\"is_visible\";i:1;s:12:\"is_variation\";i:0;s:11:\"is_taxonomy\";i:1;}s:14:\"pa_composition\";a:6:{s:4:\"name\";s:14:\"pa_composition\";s:5:\"value\";s:0:\"\";s:8:\"position\";i:1;s:10:\"is_visible\";i:1;s:12:\"is_variation\";i:0;s:11:\"is_taxonomy\";i:1;}s:14:\"pa_fire-rating\";a:6:{s:4:\"name\";s:14:\"pa_fire-rating\";s:5:\"value\";s:0:\"\";s:8:\"position\";i:2;s:10:\"is_visible\";i:1;s:12:\"is_variation\";i:0;s:11:\"is_taxonomy\";i:1;}}"],"_wpml_word_count":["80"],"two_optimized_date":["1776459786"],"woolentor_views_count_product":["9"],"_uag_css_file_name":["uag-css-24273.css"],"_uag_js_file_name":["uag-js-24273.js"],"tp_widgets":["a:2:{s:7:\"widgets\";a:6:{i:0;s:18:\"plus-list-skeleton\";i:1;s:22:\"plus-listing-load-more\";i:2;s:18:\"plus-listing-metro\";i:3;s:18:\"tp-product-listout\";i:4;s:17:\"tp-single-style_1\";i:5;s:19:\"tp-woo-single-image\";}s:9:\"update_at\";s:10:\"1776541402\";}"],"_elementor_edit_mode":["builder"],"_selectproduct_layout":["16389"],"_wc_rating_count":[""],"_wc_review_count":[""],"_wc_average_rating":[0]},"uagb_featured_image_src":{"full":["https:\/\/xstone.group\/wp-content\/uploads\/2026\/01\/XStone-Texture-SMO-scaled.webp",2560,1440,false],"thumbnail":["https:\/\/xstone.group\/wp-content\/uploads\/2026\/01\/XStone-Texture-SMO-150x150.webp",150,150,true],"medium":["https:\/\/xstone.group\/wp-content\/uploads\/2026\/01\/XStone-Texture-SMO-300x169.webp",300,169,true],"medium_large":["https:\/\/xstone.group\/wp-content\/uploads\/2026\/01\/XStone-Texture-SMO-768x432.webp",768,432,true],"large":["https:\/\/xstone.group\/wp-content\/uploads\/2026\/01\/XStone-Texture-SMO-1024x576.webp",1024,576,true],"1536x1536":["https:\/\/xstone.group\/wp-content\/uploads\/2026\/01\/XStone-Texture-SMO-1536x864.webp",1536,864,true],"2048x2048":["https:\/\/xstone.group\/wp-content\/uploads\/2026\/01\/XStone-Texture-SMO-2048x1152.webp",2048,1152,true],"tp-image-grid":["https:\/\/xstone.group\/wp-content\/uploads\/2026\/01\/XStone-Texture-SMO-700x700.webp",700,700,true],"tenweb_optimizer_mobile":["https:\/\/xstone.group\/wp-content\/uploads\/2026\/01\/XStone-Texture-SMO-600x338.webp",600,338,true],"tenweb_optimizer_tablet":["https:\/\/xstone.group\/wp-content\/uploads\/2026\/01\/XStone-Texture-SMO-768x432.webp",768,432,true],"woocommerce_thumbnail":["https:\/\/xstone.group\/wp-content\/uploads\/2026\/01\/XStone-Texture-SMO-300x300.webp",300,300,true],"woocommerce_single":["https:\/\/xstone.group\/wp-content\/uploads\/2026\/01\/XStone-Texture-SMO-600x338.webp",600,338,true],"woocommerce_gallery_thumbnail":["https:\/\/xstone.group\/wp-content\/uploads\/2026\/01\/XStone-Texture-SMO-100x100.webp",100,100,true]},"uagb_author_info":{"display_name":"laurent.gomez@xstone.group","author_link":"https:\/\/xstone.group\/de\/author\/"},"uagb_comment_info":0,"uagb_excerpt":"Smooth ist eine ruhige, raffinierte Oberfl\u00e4che, die sich durch eine weiche, gleichm\u00e4\u00dfige mineralische Maserung und kaum wahrnehmbare nat\u00fcrliche Variationen auszeichnet, die ein Gef\u00fchl von Kontinuit\u00e4t und stiller Eleganz vermitteln. Seine gleichm\u00e4\u00dfige, samtige Textur bietet einen ruhigen architektonischen Hintergrund, der Licht, Raum und Form subtil hervorhebt und Gleichgewicht, Klarheit und zeitlose Einfachheit in jede Umgebung bringt.","_links":{"self":[{"href":"https:\/\/xstone.group\/de\/wp-json\/wp\/v2\/product\/24273","targetHints":{"allow":["GET"]}}],"collection":[{"href":"https:\/\/xstone.group\/de\/wp-json\/wp\/v2\/product"}],"about":[{"href":"https:\/\/xstone.group\/de\/wp-json\/wp\/v2\/types\/product"}],"replies":[{"embeddable":true,"href":"https:\/\/xstone.group\/de\/wp-json\/wp\/v2\/comments?post=24273"}],"wp:featuredmedia":[{"embeddable":true,"href":"https:\/\/xstone.group\/de\/wp-json\/wp\/v2\/media\/24275"}],"wp:attachment":[{"href":"https:\/\/xstone.group\/de\/wp-json\/wp\/v2\/media?parent=24273"}],"wp:term":[{"taxonomy":"product_brand","embeddable":true,"href":"https:\/\/xstone.group\/de\/wp-json\/wp\/v2\/product_brand?post=24273"},{"taxonomy":"product_cat","embeddable":true,"href":"https:\/\/xstone.group\/de\/wp-json\/wp\/v2\/product_cat?post=24273"},{"taxonomy":"product_tag","embeddable":true,"href":"https:\/\/xstone.group\/de\/wp-json\/wp\/v2\/product_tag?post=24273"}],"curies":[{"name":"wp","href":"https:\/\/api.w.org\/{rel}","templated":true}]}}