{"id":24366,"date":"2026-01-19T11:45:48","date_gmt":"2026-01-19T11:45:48","guid":{"rendered":"https:\/\/xstone.group\/product\/10016-schilf-mittelgruen\/"},"modified":"2026-01-19T11:45:48","modified_gmt":"2026-01-19T11:45:48","slug":"10016-reed-middle-green","status":"publish","type":"product","link":"https:\/\/xstone.group\/de\/product\/10016-reed-middle-green\/","title":{"rendered":"10016 | Schilf mittelgr\u00fcn"},"content":{"rendered":"<p>Diese Farbe erinnert an die Sanftheit von gealtertem Kalkstein, der von Moos und Sonnenlicht ber\u00fchrt wird &#8211; ein ged\u00e4mpftes Mineralgr\u00fcn mit warmen, erdigen Untert\u00f6nen und zarten nat\u00fcrlichen Variationen, die ihm eine lebendige, atmende Pr\u00e4senz verleihen. Es wirkt ruhig, organisch und unaufdringlich raffiniert und bringt ein Gef\u00fchl von Natur, Ausgeglichenheit und zeitloser Gelassenheit in jeden architektonischen oder inneren Raum. <\/p>\n","protected":false},"excerpt":{"rendered":"<p>Diese Farbe erinnert an die Sanftheit von gealtertem Kalkstein, der von Moos und Sonnenlicht ber\u00fchrt wird &#8211; ein ged\u00e4mpftes Mineralgr\u00fcn mit warmen, erdigen Untert\u00f6nen und zarten nat\u00fcrlichen Variationen, die ihm eine lebendige, atmende Pr\u00e4senz verleihen. Es wirkt ruhig, organisch und unaufdringlich raffiniert und bringt ein Gef\u00fchl von Natur, Ausgeglichenheit und zeitloser Gelassenheit in jeden architektonischen [&hellip;]<\/p>\n","protected":false},"featured_media":24369,"comment_status":"open","ping_status":"closed","template":"","meta":{"_acf_changed":false,"_uag_custom_page_level_css":"","site-sidebar-layout":"default","site-content-layout":"","ast-site-content-layout":"default","site-content-style":"default","site-sidebar-style":"default","ast-global-header-display":"","ast-banner-title-visibility":"","ast-main-header-display":"","ast-hfb-above-header-display":"","ast-hfb-below-header-display":"","ast-hfb-mobile-header-display":"","site-post-title":"","ast-breadcrumbs-content":"","ast-featured-img":"","footer-sml-layout":"","theme-transparent-header-meta":"default","adv-header-id-meta":"","stick-header-meta":"default","header-above-stick-meta":"","header-main-stick-meta":"","header-below-stick-meta":"","astra-migrate-meta-layouts":"default","ast-page-background-enabled":"default","ast-page-background-meta":{"desktop":{"background-color":"var(--ast-global-color-4)","background-image":"","background-repeat":"repeat","background-position":"center center","background-size":"auto","background-attachment":"scroll","background-type":"","background-media":"","overlay-type":"","overlay-color":"","overlay-opacity":"","overlay-gradient":""},"tablet":{"background-color":"","background-image":"","background-repeat":"repeat","background-position":"center center","background-size":"auto","background-attachment":"scroll","background-type":"","background-media":"","overlay-type":"","overlay-color":"","overlay-opacity":"","overlay-gradient":""},"mobile":{"background-color":"","background-image":"","background-repeat":"repeat","background-position":"center center","background-size":"auto","background-attachment":"scroll","background-type":"","background-media":"","overlay-type":"","overlay-color":"","overlay-opacity":"","overlay-gradient":""}},"ast-content-background-meta":{"desktop":{"background-color":"var(--ast-global-color-5)","background-image":"","background-repeat":"repeat","background-position":"center center","background-size":"auto","background-attachment":"scroll","background-type":"","background-media":"","overlay-type":"","overlay-color":"","overlay-opacity":"","overlay-gradient":""},"tablet":{"background-color":"var(--ast-global-color-5)","background-image":"","background-repeat":"repeat","background-position":"center center","background-size":"auto","background-attachment":"scroll","background-type":"","background-media":"","overlay-type":"","overlay-color":"","overlay-opacity":"","overlay-gradient":""},"mobile":{"background-color":"var(--ast-global-color-5)","background-image":"","background-repeat":"repeat","background-position":"center center","background-size":"auto","background-attachment":"scroll","background-type":"","background-media":"","overlay-type":"","overlay-color":"","overlay-opacity":"","overlay-gradient":""}}},"product_brand":[],"product_cat":[2313,5396,2302],"product_tag":[7687,7680,7678,7690,5537,7685,7679,7683,7689],"class_list":{"0":"post-24366","1":"product","2":"type-product","3":"status-publish","4":"has-post-thumbnail","6":"product_cat-color","7":"product_cat-green","8":"product_cat-tone-on-tone","9":"product_tag-biophilic-interior","10":"product_tag-muted-green-panel","11":"product_tag-limestone-green","12":"product_tag-comp-color-16957","13":"product_tag-mineral-green","14":"product_tag-sustainable-design","15":"product_tag-organic-interior-finish","16":"product_tag-textured-mineral-surface","17":"product_tag-wall-panel","18":"desktop-align-left","19":"tablet-align-left","20":"mobile-align-left","22":"first","23":"instock","24":"shipping-taxable","25":"product-type-simple"},"acf":[],"yoast_head":"<!-- This site is optimized with the Yoast SEO Premium plugin v27.4 (Yoast SEO v27.4) - https:\/\/yoast.com\/product\/yoast-seo-premium-wordpress\/ -->\n<title>10016 | Schilf mittelgr\u00fcn - XSTONE<\/title>\n<meta name=\"description\" content=\"Ein sanftes, mineralisches Gr\u00fcn, das von nat\u00fcrlichen Kalkstein- und Moost\u00f6nen inspiriert ist und sich perfekt f\u00fcr ruhige, organische und elegante Architektur- und Innenarchitekturprojekte eignet.\" \/>\n<meta name=\"robots\" content=\"index, follow, max-snippet:-1, max-image-preview:large, max-video-preview:-1\" \/>\n<link rel=\"canonical\" href=\"https:\/\/xstone.group\/de\/product\/10016-reed-middle-green\/\" \/>\n<meta property=\"og:locale\" content=\"de_DE\" \/>\n<meta property=\"og:type\" content=\"article\" \/>\n<meta property=\"og:title\" content=\"10016 | Schilf mittelgr\u00fcn\" \/>\n<meta property=\"og:description\" content=\"Ein sanftes, mineralisches Gr\u00fcn, das von nat\u00fcrlichen Kalkstein- und Moost\u00f6nen inspiriert ist und sich perfekt f\u00fcr ruhige, organische und elegante Architektur- und Innenarchitekturprojekte eignet.\" \/>\n<meta property=\"og:url\" content=\"https:\/\/xstone.group\/de\/product\/10016-reed-middle-green\/\" \/>\n<meta property=\"og:site_name\" content=\"XSTONE\" \/>\n<meta property=\"article:publisher\" content=\"https:\/\/www.facebook.com\/Xstonesurfaces1\/\" \/>\n<meta property=\"og:image\" content=\"https:\/\/xstone.group\/wp-content\/uploads\/2026\/01\/XStone-Color-10016-scaled.webp\" \/>\n\t<meta property=\"og:image:width\" content=\"2560\" \/>\n\t<meta property=\"og:image:height\" content=\"1714\" \/>\n\t<meta property=\"og:image:type\" content=\"image\/webp\" \/>\n<meta name=\"twitter:card\" content=\"summary_large_image\" \/>\n<script type=\"application\/ld+json\" class=\"yoast-schema-graph\">{\"@context\":\"https:\\\/\\\/schema.org\",\"@graph\":[{\"@type\":\"WebPage\",\"@id\":\"https:\\\/\\\/xstone.group\\\/de\\\/product\\\/10016-reed-middle-green\\\/\",\"url\":\"https:\\\/\\\/xstone.group\\\/de\\\/product\\\/10016-reed-middle-green\\\/\",\"name\":\"10016 | Schilf mittelgr\u00fcn - XSTONE\",\"isPartOf\":{\"@id\":\"https:\\\/\\\/xstone.group\\\/de\\\/#website\"},\"primaryImageOfPage\":{\"@id\":\"https:\\\/\\\/xstone.group\\\/de\\\/product\\\/10016-reed-middle-green\\\/#primaryimage\"},\"image\":{\"@id\":\"https:\\\/\\\/xstone.group\\\/de\\\/product\\\/10016-reed-middle-green\\\/#primaryimage\"},\"thumbnailUrl\":\"https:\\\/\\\/xstone.group\\\/wp-content\\\/uploads\\\/2026\\\/01\\\/XStone-Color-10016-scaled.webp\",\"datePublished\":\"2026-01-19T11:45:48+00:00\",\"description\":\"Ein sanftes, mineralisches Gr\u00fcn, das von nat\u00fcrlichen Kalkstein- und Moost\u00f6nen inspiriert ist und sich perfekt f\u00fcr ruhige, organische und elegante Architektur- und Innenarchitekturprojekte eignet.\",\"breadcrumb\":{\"@id\":\"https:\\\/\\\/xstone.group\\\/de\\\/product\\\/10016-reed-middle-green\\\/#breadcrumb\"},\"inLanguage\":\"de\",\"potentialAction\":[{\"@type\":\"ReadAction\",\"target\":[\"https:\\\/\\\/xstone.group\\\/de\\\/product\\\/10016-reed-middle-green\\\/\"]}]},{\"@type\":\"ImageObject\",\"inLanguage\":\"de\",\"@id\":\"https:\\\/\\\/xstone.group\\\/de\\\/product\\\/10016-reed-middle-green\\\/#primaryimage\",\"url\":\"https:\\\/\\\/xstone.group\\\/wp-content\\\/uploads\\\/2026\\\/01\\\/XStone-Color-10016-scaled.webp\",\"contentUrl\":\"https:\\\/\\\/xstone.group\\\/wp-content\\\/uploads\\\/2026\\\/01\\\/XStone-Color-10016-scaled.webp\",\"width\":2560,\"height\":1714,\"caption\":\"XStone - Color - Reed middle green\"},{\"@type\":\"BreadcrumbList\",\"@id\":\"https:\\\/\\\/xstone.group\\\/de\\\/product\\\/10016-reed-middle-green\\\/#breadcrumb\",\"itemListElement\":[{\"@type\":\"ListItem\",\"position\":1,\"name\":\"Home\",\"item\":\"https:\\\/\\\/xstone.group\\\/de\\\/\"},{\"@type\":\"ListItem\",\"position\":2,\"name\":\"Produkte\",\"item\":\"https:\\\/\\\/xstone.group\\\/de\\\/shop\\\/\"},{\"@type\":\"ListItem\",\"position\":3,\"name\":\"10016 | Schilf mittelgr\u00fcn\"}]},{\"@type\":\"WebSite\",\"@id\":\"https:\\\/\\\/xstone.group\\\/de\\\/#website\",\"url\":\"https:\\\/\\\/xstone.group\\\/de\\\/\",\"name\":\"XSTONE\",\"description\":\"Authentische und grenzenlose mineralische Sch\u00f6nheit, ungebunden von der Schwerkraft\",\"potentialAction\":[{\"@type\":\"SearchAction\",\"target\":{\"@type\":\"EntryPoint\",\"urlTemplate\":\"https:\\\/\\\/xstone.group\\\/de\\\/?s={search_term_string}\"},\"query-input\":{\"@type\":\"PropertyValueSpecification\",\"valueRequired\":true,\"valueName\":\"search_term_string\"}}],\"inLanguage\":\"de\"}]}<\/script>\n<!-- \/ Yoast SEO Premium plugin. -->","yoast_head_json":{"title":"10016 | Schilf mittelgr\u00fcn - XSTONE","description":"Ein sanftes, mineralisches Gr\u00fcn, das von nat\u00fcrlichen Kalkstein- und Moost\u00f6nen inspiriert ist und sich perfekt f\u00fcr ruhige, organische und elegante Architektur- und Innenarchitekturprojekte eignet.","robots":{"index":"index","follow":"follow","max-snippet":"max-snippet:-1","max-image-preview":"max-image-preview:large","max-video-preview":"max-video-preview:-1"},"canonical":"https:\/\/xstone.group\/de\/product\/10016-reed-middle-green\/","og_locale":"de_DE","og_type":"article","og_title":"10016 | Schilf mittelgr\u00fcn","og_description":"Ein sanftes, mineralisches Gr\u00fcn, das von nat\u00fcrlichen Kalkstein- und Moost\u00f6nen inspiriert ist und sich perfekt f\u00fcr ruhige, organische und elegante Architektur- und Innenarchitekturprojekte eignet.","og_url":"https:\/\/xstone.group\/de\/product\/10016-reed-middle-green\/","og_site_name":"XSTONE","article_publisher":"https:\/\/www.facebook.com\/Xstonesurfaces1\/","og_image":[{"width":2560,"height":1714,"url":"https:\/\/xstone.group\/wp-content\/uploads\/2026\/01\/XStone-Color-10016-scaled.webp","type":"image\/webp"}],"twitter_card":"summary_large_image","schema":{"@context":"https:\/\/schema.org","@graph":[{"@type":"WebPage","@id":"https:\/\/xstone.group\/de\/product\/10016-reed-middle-green\/","url":"https:\/\/xstone.group\/de\/product\/10016-reed-middle-green\/","name":"10016 | Schilf mittelgr\u00fcn - XSTONE","isPartOf":{"@id":"https:\/\/xstone.group\/de\/#website"},"primaryImageOfPage":{"@id":"https:\/\/xstone.group\/de\/product\/10016-reed-middle-green\/#primaryimage"},"image":{"@id":"https:\/\/xstone.group\/de\/product\/10016-reed-middle-green\/#primaryimage"},"thumbnailUrl":"https:\/\/xstone.group\/wp-content\/uploads\/2026\/01\/XStone-Color-10016-scaled.webp","datePublished":"2026-01-19T11:45:48+00:00","description":"Ein sanftes, mineralisches Gr\u00fcn, das von nat\u00fcrlichen Kalkstein- und Moost\u00f6nen inspiriert ist und sich perfekt f\u00fcr ruhige, organische und elegante Architektur- und Innenarchitekturprojekte eignet.","breadcrumb":{"@id":"https:\/\/xstone.group\/de\/product\/10016-reed-middle-green\/#breadcrumb"},"inLanguage":"de","potentialAction":[{"@type":"ReadAction","target":["https:\/\/xstone.group\/de\/product\/10016-reed-middle-green\/"]}]},{"@type":"ImageObject","inLanguage":"de","@id":"https:\/\/xstone.group\/de\/product\/10016-reed-middle-green\/#primaryimage","url":"https:\/\/xstone.group\/wp-content\/uploads\/2026\/01\/XStone-Color-10016-scaled.webp","contentUrl":"https:\/\/xstone.group\/wp-content\/uploads\/2026\/01\/XStone-Color-10016-scaled.webp","width":2560,"height":1714,"caption":"XStone - Color - Reed middle green"},{"@type":"BreadcrumbList","@id":"https:\/\/xstone.group\/de\/product\/10016-reed-middle-green\/#breadcrumb","itemListElement":[{"@type":"ListItem","position":1,"name":"Home","item":"https:\/\/xstone.group\/de\/"},{"@type":"ListItem","position":2,"name":"Produkte","item":"https:\/\/xstone.group\/de\/shop\/"},{"@type":"ListItem","position":3,"name":"10016 | Schilf mittelgr\u00fcn"}]},{"@type":"WebSite","@id":"https:\/\/xstone.group\/de\/#website","url":"https:\/\/xstone.group\/de\/","name":"XSTONE","description":"Authentische und grenzenlose mineralische Sch\u00f6nheit, ungebunden von der Schwerkraft","potentialAction":[{"@type":"SearchAction","target":{"@type":"EntryPoint","urlTemplate":"https:\/\/xstone.group\/de\/?s={search_term_string}"},"query-input":{"@type":"PropertyValueSpecification","valueRequired":true,"valueName":"search_term_string"}}],"inLanguage":"de"}]}},"spectra_custom_meta":{"_last_translation_edit_mode":["translation-editor"],"_wcml_average_rating":[null],"_wcml_review_count":[null],"_wcml_rating_count":[null],"_yoast_wpseo_primary_product_cat":["318"],"_backorders":["no"],"_download_limit":["-1"],"_download_expiry":["-1"],"_downloadable":["no"],"_manage_stock":["no"],"_sku":["10016"],"_stock_status":["instock"],"_sold_individually":["no"],"_tax_class":[""],"_tax_status":["taxable"],"_virtual":["no"],"total_sales":["0"],"_wpml_media_duplicate":["1"],"_wpml_media_featured":["1"],"stick-header-meta":["default"],"site-sidebar-layout":["default"],"theme-transparent-header-meta":["default"],"ast-site-content-layout":["default"],"site-content-style":["default"],"site-sidebar-style":["default"],"_yoast_wpseo_metadesc":["Ein sanftes, mineralisches Gr\u00fcn, das von nat\u00fcrlichen Kalkstein- und Moost\u00f6nen inspiriert ist und sich perfekt f\u00fcr ruhige, organische und elegante Architektur- und Innenarchitekturprojekte eignet."],"_yoast_wpseo_focuskw":["Mineral gr\u00fcner Kalkstein Oberfl\u00e4che"],"_product_image_gallery":[""],"_thumbnail_id":["24369"],"_product_attributes":["a:3:{s:7:\"pa_tone\";a:6:{s:4:\"name\";s:7:\"pa_tone\";s:5:\"value\";s:0:\"\";s:8:\"position\";i:0;s:10:\"is_visible\";i:1;s:12:\"is_variation\";i:0;s:11:\"is_taxonomy\";i:1;}s:13:\"pa_color-code\";a:6:{s:4:\"name\";s:13:\"pa_color-code\";s:5:\"value\";s:0:\"\";s:8:\"position\";i:1;s:10:\"is_visible\";i:1;s:12:\"is_variation\";i:0;s:11:\"is_taxonomy\";i:1;}s:9:\"pa_finish\";a:6:{s:4:\"name\";s:9:\"pa_finish\";s:5:\"value\";s:0:\"\";s:8:\"position\";i:2;s:10:\"is_visible\";i:1;s:12:\"is_variation\";i:0;s:11:\"is_taxonomy\";i:1;}}"],"_wpml_word_count":["80"],"two_optimized_date":["1776554773"],"woolentor_views_count_product":["18"],"_uag_css_file_name":["uag-css-24366.css"],"_uag_js_file_name":["uag-js-24366.js"],"tp_widgets":["a:2:{s:7:\"widgets\";a:6:{i:0;s:18:\"plus-list-skeleton\";i:1;s:22:\"plus-listing-load-more\";i:2;s:18:\"plus-listing-metro\";i:3;s:18:\"tp-product-listout\";i:4;s:17:\"tp-single-style_1\";i:5;s:19:\"tp-woo-single-image\";}s:9:\"update_at\";s:10:\"1777019468\";}"],"_elementor_edit_mode":["builder"],"_selectproduct_layout":["16271"],"_elementor_page_assets":["a:0:{}"],"_elementor_css":["a:7:{s:4:\"time\";i:1777274869;s:5:\"fonts\";a:0:{}s:5:\"icons\";a:0:{}s:20:\"dynamic_elements_ids\";a:0:{}s:6:\"status\";s:5:\"empty\";i:0;s:0:\"\";s:3:\"css\";s:0:\"\";}"],"_wc_rating_count":[""],"_wc_review_count":[""],"_wc_average_rating":[0]},"uagb_featured_image_src":{"full":["https:\/\/xstone.group\/wp-content\/uploads\/2026\/01\/XStone-Color-10016-scaled.webp",2560,1714,false],"thumbnail":["https:\/\/xstone.group\/wp-content\/uploads\/2026\/01\/XStone-Color-10016-150x150.webp",150,150,true],"medium":["https:\/\/xstone.group\/wp-content\/uploads\/2026\/01\/XStone-Color-10016-300x201.webp",300,201,true],"medium_large":["https:\/\/xstone.group\/wp-content\/uploads\/2026\/01\/XStone-Color-10016-768x514.webp",768,514,true],"large":["https:\/\/xstone.group\/wp-content\/uploads\/2026\/01\/XStone-Color-10016-1024x686.webp",1024,686,true],"1536x1536":["https:\/\/xstone.group\/wp-content\/uploads\/2026\/01\/XStone-Color-10016-1536x1028.webp",1536,1028,true],"2048x2048":["https:\/\/xstone.group\/wp-content\/uploads\/2026\/01\/XStone-Color-10016-2048x1371.webp",2048,1371,true],"tp-image-grid":["https:\/\/xstone.group\/wp-content\/uploads\/2026\/01\/XStone-Color-10016-700x700.webp",700,700,true],"tenweb_optimizer_mobile":["https:\/\/xstone.group\/wp-content\/uploads\/2026\/01\/XStone-Color-10016-600x402.webp",600,402,true],"tenweb_optimizer_tablet":["https:\/\/xstone.group\/wp-content\/uploads\/2026\/01\/XStone-Color-10016-768x514.webp",768,514,true],"woocommerce_thumbnail":["https:\/\/xstone.group\/wp-content\/uploads\/2026\/01\/XStone-Color-10016-300x300.webp",300,300,true],"woocommerce_single":["https:\/\/xstone.group\/wp-content\/uploads\/2026\/01\/XStone-Color-10016-600x402.webp",600,402,true],"woocommerce_gallery_thumbnail":["https:\/\/xstone.group\/wp-content\/uploads\/2026\/01\/XStone-Color-10016-100x100.webp",100,100,true]},"uagb_author_info":{"display_name":"laurent.gomez@xstone.group","author_link":"https:\/\/xstone.group\/de\/author\/"},"uagb_comment_info":0,"uagb_excerpt":"Diese Farbe erinnert an die Sanftheit von gealtertem Kalkstein, der von Moos und Sonnenlicht ber\u00fchrt wird &#8211; ein ged\u00e4mpftes Mineralgr\u00fcn mit warmen, erdigen Untert\u00f6nen und zarten nat\u00fcrlichen Variationen, die ihm eine lebendige, atmende Pr\u00e4senz verleihen. Es wirkt ruhig, organisch und unaufdringlich raffiniert und bringt ein Gef\u00fchl von Natur, Ausgeglichenheit und zeitloser Gelassenheit in jeden architektonischen&hellip;","_links":{"self":[{"href":"https:\/\/xstone.group\/de\/wp-json\/wp\/v2\/product\/24366","targetHints":{"allow":["GET"]}}],"collection":[{"href":"https:\/\/xstone.group\/de\/wp-json\/wp\/v2\/product"}],"about":[{"href":"https:\/\/xstone.group\/de\/wp-json\/wp\/v2\/types\/product"}],"replies":[{"embeddable":true,"href":"https:\/\/xstone.group\/de\/wp-json\/wp\/v2\/comments?post=24366"}],"wp:featuredmedia":[{"embeddable":true,"href":"https:\/\/xstone.group\/de\/wp-json\/wp\/v2\/media\/24369"}],"wp:attachment":[{"href":"https:\/\/xstone.group\/de\/wp-json\/wp\/v2\/media?parent=24366"}],"wp:term":[{"taxonomy":"product_brand","embeddable":true,"href":"https:\/\/xstone.group\/de\/wp-json\/wp\/v2\/product_brand?post=24366"},{"taxonomy":"product_cat","embeddable":true,"href":"https:\/\/xstone.group\/de\/wp-json\/wp\/v2\/product_cat?post=24366"},{"taxonomy":"product_tag","embeddable":true,"href":"https:\/\/xstone.group\/de\/wp-json\/wp\/v2\/product_tag?post=24366"}],"curies":[{"name":"wp","href":"https:\/\/api.w.org\/{rel}","templated":true}]}}