{"id":24456,"date":"2026-01-20T14:10:04","date_gmt":"2026-01-20T14:10:04","guid":{"rendered":"https:\/\/xstone.group\/product\/10028-schilf-hellgruen\/"},"modified":"2026-01-20T14:10:04","modified_gmt":"2026-01-20T14:10:04","slug":"10028-reed-light-green","status":"publish","type":"product","link":"https:\/\/xstone.group\/de\/product\/10028-reed-light-green\/","title":{"rendered":"10028 | Schilf hellgr\u00fcn"},"content":{"rendered":"<p>Diese Farbe f\u00fchlt sich an wie sonnenbeschienener Kalkstein in einem ruhigen mediterranen Innenhof. Ein warmes, helles Sandbeige mit weichen mineralischen Wolken und sanften nat\u00fcrlichen Variationen, die ihm Tiefe, Licht und Authentizit\u00e4t verleihen. Es vermittelt ein Gef\u00fchl von W\u00e4rme, ohne schwer zu sein, und von Helligkeit, ohne zu blenden. So entstehen R\u00e4ume, die sich offen, ruhig und zeitlos elegant anf\u00fchlen und in denen Architektur und Natur nahtlos ineinander \u00fcbergehen. <\/p>\n","protected":false},"excerpt":{"rendered":"<p>Diese Farbe f\u00fchlt sich an wie sonnenbeschienener Kalkstein in einem ruhigen mediterranen Innenhof. Ein warmes, helles Sandbeige mit weichen mineralischen Wolken und sanften nat\u00fcrlichen Variationen, die ihm Tiefe, Licht und Authentizit\u00e4t verleihen. Es vermittelt ein Gef\u00fchl von W\u00e4rme, ohne schwer zu sein, und von Helligkeit, ohne zu blenden. So entstehen R\u00e4ume, die sich offen, ruhig [&hellip;]<\/p>\n","protected":false},"featured_media":24458,"comment_status":"open","ping_status":"closed","template":"","meta":{"_acf_changed":false,"_uag_custom_page_level_css":"","site-sidebar-layout":"default","site-content-layout":"","ast-site-content-layout":"default","site-content-style":"default","site-sidebar-style":"default","ast-global-header-display":"","ast-banner-title-visibility":"","ast-main-header-display":"","ast-hfb-above-header-display":"","ast-hfb-below-header-display":"","ast-hfb-mobile-header-display":"","site-post-title":"","ast-breadcrumbs-content":"","ast-featured-img":"","footer-sml-layout":"","theme-transparent-header-meta":"default","adv-header-id-meta":"","stick-header-meta":"default","header-above-stick-meta":"","header-main-stick-meta":"","header-below-stick-meta":"","astra-migrate-meta-layouts":"default","ast-page-background-enabled":"default","ast-page-background-meta":{"desktop":{"background-color":"var(--ast-global-color-4)","background-image":"","background-repeat":"repeat","background-position":"center center","background-size":"auto","background-attachment":"scroll","background-type":"","background-media":"","overlay-type":"","overlay-color":"","overlay-opacity":"","overlay-gradient":""},"tablet":{"background-color":"","background-image":"","background-repeat":"repeat","background-position":"center center","background-size":"auto","background-attachment":"scroll","background-type":"","background-media":"","overlay-type":"","overlay-color":"","overlay-opacity":"","overlay-gradient":""},"mobile":{"background-color":"","background-image":"","background-repeat":"repeat","background-position":"center center","background-size":"auto","background-attachment":"scroll","background-type":"","background-media":"","overlay-type":"","overlay-color":"","overlay-opacity":"","overlay-gradient":""}},"ast-content-background-meta":{"desktop":{"background-color":"var(--ast-global-color-5)","background-image":"","background-repeat":"repeat","background-position":"center center","background-size":"auto","background-attachment":"scroll","background-type":"","background-media":"","overlay-type":"","overlay-color":"","overlay-opacity":"","overlay-gradient":""},"tablet":{"background-color":"var(--ast-global-color-5)","background-image":"","background-repeat":"repeat","background-position":"center center","background-size":"auto","background-attachment":"scroll","background-type":"","background-media":"","overlay-type":"","overlay-color":"","overlay-opacity":"","overlay-gradient":""},"mobile":{"background-color":"var(--ast-global-color-5)","background-image":"","background-repeat":"repeat","background-position":"center center","background-size":"auto","background-attachment":"scroll","background-type":"","background-media":"","overlay-type":"","overlay-color":"","overlay-opacity":"","overlay-gradient":""}}},"product_brand":[],"product_cat":[2313,5396,2302],"product_tag":[7940,7938],"class_list":{"0":"post-24456","1":"product","2":"type-product","3":"status-publish","4":"has-post-thumbnail","6":"product_cat-color","7":"product_cat-green","8":"product_cat-tone-on-tone","9":"product_tag-comp-color-16991","10":"product_tag-sandy-beige-surface","11":"desktop-align-left","12":"tablet-align-left","13":"mobile-align-left","15":"first","16":"instock","17":"shipping-taxable","18":"product-type-simple"},"acf":[],"yoast_head":"<!-- This site is optimized with the Yoast SEO Premium plugin v27.4 (Yoast SEO v27.4) - https:\/\/yoast.com\/product\/yoast-seo-premium-wordpress\/ -->\n<title>10028 | Schilf hellgr\u00fcn - XSTONE<\/title>\n<meta name=\"description\" content=\"Ein warmes, von Kalkstein inspiriertes Beige mit subtiler mineralischer Textur, ideal f\u00fcr helle, nat\u00fcrliche und elegante architektonische und innenarchitektonische R\u00e4ume\" \/>\n<meta name=\"robots\" content=\"index, follow, max-snippet:-1, max-image-preview:large, max-video-preview:-1\" \/>\n<link rel=\"canonical\" href=\"https:\/\/xstone.group\/de\/product\/10028-reed-light-green\/\" \/>\n<meta property=\"og:locale\" content=\"de_DE\" \/>\n<meta property=\"og:type\" content=\"article\" \/>\n<meta property=\"og:title\" content=\"10028 | Schilf hellgr\u00fcn\" \/>\n<meta property=\"og:description\" content=\"Ein warmes, von Kalkstein inspiriertes Beige mit subtiler mineralischer Textur, ideal f\u00fcr helle, nat\u00fcrliche und elegante architektonische und innenarchitektonische R\u00e4ume\" \/>\n<meta property=\"og:url\" content=\"https:\/\/xstone.group\/de\/product\/10028-reed-light-green\/\" \/>\n<meta property=\"og:site_name\" content=\"XSTONE\" \/>\n<meta property=\"article:publisher\" content=\"https:\/\/www.facebook.com\/Xstonesurfaces1\/\" \/>\n<meta property=\"og:image\" content=\"https:\/\/xstone.group\/wp-content\/uploads\/2026\/01\/XStone-Color-10028-scaled.webp\" \/>\n\t<meta property=\"og:image:width\" content=\"2560\" \/>\n\t<meta property=\"og:image:height\" content=\"1706\" \/>\n\t<meta property=\"og:image:type\" content=\"image\/webp\" \/>\n<meta name=\"twitter:card\" content=\"summary_large_image\" \/>\n<script type=\"application\/ld+json\" class=\"yoast-schema-graph\">{\"@context\":\"https:\\\/\\\/schema.org\",\"@graph\":[{\"@type\":\"WebPage\",\"@id\":\"https:\\\/\\\/xstone.group\\\/de\\\/product\\\/10028-reed-light-green\\\/\",\"url\":\"https:\\\/\\\/xstone.group\\\/de\\\/product\\\/10028-reed-light-green\\\/\",\"name\":\"10028 | Schilf hellgr\u00fcn - XSTONE\",\"isPartOf\":{\"@id\":\"https:\\\/\\\/xstone.group\\\/de\\\/#website\"},\"primaryImageOfPage\":{\"@id\":\"https:\\\/\\\/xstone.group\\\/de\\\/product\\\/10028-reed-light-green\\\/#primaryimage\"},\"image\":{\"@id\":\"https:\\\/\\\/xstone.group\\\/de\\\/product\\\/10028-reed-light-green\\\/#primaryimage\"},\"thumbnailUrl\":\"https:\\\/\\\/xstone.group\\\/wp-content\\\/uploads\\\/2026\\\/01\\\/XStone-Color-10028-scaled.webp\",\"datePublished\":\"2026-01-20T14:10:04+00:00\",\"description\":\"Ein warmes, von Kalkstein inspiriertes Beige mit subtiler mineralischer Textur, ideal f\u00fcr helle, nat\u00fcrliche und elegante architektonische und innenarchitektonische R\u00e4ume\",\"breadcrumb\":{\"@id\":\"https:\\\/\\\/xstone.group\\\/de\\\/product\\\/10028-reed-light-green\\\/#breadcrumb\"},\"inLanguage\":\"de\",\"potentialAction\":[{\"@type\":\"ReadAction\",\"target\":[\"https:\\\/\\\/xstone.group\\\/de\\\/product\\\/10028-reed-light-green\\\/\"]}]},{\"@type\":\"ImageObject\",\"inLanguage\":\"de\",\"@id\":\"https:\\\/\\\/xstone.group\\\/de\\\/product\\\/10028-reed-light-green\\\/#primaryimage\",\"url\":\"https:\\\/\\\/xstone.group\\\/wp-content\\\/uploads\\\/2026\\\/01\\\/XStone-Color-10028-scaled.webp\",\"contentUrl\":\"https:\\\/\\\/xstone.group\\\/wp-content\\\/uploads\\\/2026\\\/01\\\/XStone-Color-10028-scaled.webp\",\"width\":2560,\"height\":1706,\"caption\":\"XStone - Color - Reed light green\"},{\"@type\":\"BreadcrumbList\",\"@id\":\"https:\\\/\\\/xstone.group\\\/de\\\/product\\\/10028-reed-light-green\\\/#breadcrumb\",\"itemListElement\":[{\"@type\":\"ListItem\",\"position\":1,\"name\":\"Home\",\"item\":\"https:\\\/\\\/xstone.group\\\/de\\\/\"},{\"@type\":\"ListItem\",\"position\":2,\"name\":\"Produkte\",\"item\":\"https:\\\/\\\/xstone.group\\\/de\\\/shop\\\/\"},{\"@type\":\"ListItem\",\"position\":3,\"name\":\"10028 | Schilf hellgr\u00fcn\"}]},{\"@type\":\"WebSite\",\"@id\":\"https:\\\/\\\/xstone.group\\\/de\\\/#website\",\"url\":\"https:\\\/\\\/xstone.group\\\/de\\\/\",\"name\":\"XSTONE\",\"description\":\"Authentische und grenzenlose mineralische Sch\u00f6nheit, ungebunden von der Schwerkraft\",\"potentialAction\":[{\"@type\":\"SearchAction\",\"target\":{\"@type\":\"EntryPoint\",\"urlTemplate\":\"https:\\\/\\\/xstone.group\\\/de\\\/?s={search_term_string}\"},\"query-input\":{\"@type\":\"PropertyValueSpecification\",\"valueRequired\":true,\"valueName\":\"search_term_string\"}}],\"inLanguage\":\"de\"}]}<\/script>\n<!-- \/ Yoast SEO Premium plugin. -->","yoast_head_json":{"title":"10028 | Schilf hellgr\u00fcn - XSTONE","description":"Ein warmes, von Kalkstein inspiriertes Beige mit subtiler mineralischer Textur, ideal f\u00fcr helle, nat\u00fcrliche und elegante architektonische und innenarchitektonische R\u00e4ume","robots":{"index":"index","follow":"follow","max-snippet":"max-snippet:-1","max-image-preview":"max-image-preview:large","max-video-preview":"max-video-preview:-1"},"canonical":"https:\/\/xstone.group\/de\/product\/10028-reed-light-green\/","og_locale":"de_DE","og_type":"article","og_title":"10028 | Schilf hellgr\u00fcn","og_description":"Ein warmes, von Kalkstein inspiriertes Beige mit subtiler mineralischer Textur, ideal f\u00fcr helle, nat\u00fcrliche und elegante architektonische und innenarchitektonische R\u00e4ume","og_url":"https:\/\/xstone.group\/de\/product\/10028-reed-light-green\/","og_site_name":"XSTONE","article_publisher":"https:\/\/www.facebook.com\/Xstonesurfaces1\/","og_image":[{"width":2560,"height":1706,"url":"https:\/\/xstone.group\/wp-content\/uploads\/2026\/01\/XStone-Color-10028-scaled.webp","type":"image\/webp"}],"twitter_card":"summary_large_image","schema":{"@context":"https:\/\/schema.org","@graph":[{"@type":"WebPage","@id":"https:\/\/xstone.group\/de\/product\/10028-reed-light-green\/","url":"https:\/\/xstone.group\/de\/product\/10028-reed-light-green\/","name":"10028 | Schilf hellgr\u00fcn - XSTONE","isPartOf":{"@id":"https:\/\/xstone.group\/de\/#website"},"primaryImageOfPage":{"@id":"https:\/\/xstone.group\/de\/product\/10028-reed-light-green\/#primaryimage"},"image":{"@id":"https:\/\/xstone.group\/de\/product\/10028-reed-light-green\/#primaryimage"},"thumbnailUrl":"https:\/\/xstone.group\/wp-content\/uploads\/2026\/01\/XStone-Color-10028-scaled.webp","datePublished":"2026-01-20T14:10:04+00:00","description":"Ein warmes, von Kalkstein inspiriertes Beige mit subtiler mineralischer Textur, ideal f\u00fcr helle, nat\u00fcrliche und elegante architektonische und innenarchitektonische R\u00e4ume","breadcrumb":{"@id":"https:\/\/xstone.group\/de\/product\/10028-reed-light-green\/#breadcrumb"},"inLanguage":"de","potentialAction":[{"@type":"ReadAction","target":["https:\/\/xstone.group\/de\/product\/10028-reed-light-green\/"]}]},{"@type":"ImageObject","inLanguage":"de","@id":"https:\/\/xstone.group\/de\/product\/10028-reed-light-green\/#primaryimage","url":"https:\/\/xstone.group\/wp-content\/uploads\/2026\/01\/XStone-Color-10028-scaled.webp","contentUrl":"https:\/\/xstone.group\/wp-content\/uploads\/2026\/01\/XStone-Color-10028-scaled.webp","width":2560,"height":1706,"caption":"XStone - Color - Reed light green"},{"@type":"BreadcrumbList","@id":"https:\/\/xstone.group\/de\/product\/10028-reed-light-green\/#breadcrumb","itemListElement":[{"@type":"ListItem","position":1,"name":"Home","item":"https:\/\/xstone.group\/de\/"},{"@type":"ListItem","position":2,"name":"Produkte","item":"https:\/\/xstone.group\/de\/shop\/"},{"@type":"ListItem","position":3,"name":"10028 | Schilf hellgr\u00fcn"}]},{"@type":"WebSite","@id":"https:\/\/xstone.group\/de\/#website","url":"https:\/\/xstone.group\/de\/","name":"XSTONE","description":"Authentische und grenzenlose mineralische Sch\u00f6nheit, ungebunden von der Schwerkraft","potentialAction":[{"@type":"SearchAction","target":{"@type":"EntryPoint","urlTemplate":"https:\/\/xstone.group\/de\/?s={search_term_string}"},"query-input":{"@type":"PropertyValueSpecification","valueRequired":true,"valueName":"search_term_string"}}],"inLanguage":"de"}]}},"spectra_custom_meta":{"_last_translation_edit_mode":["translation-editor"],"_wcml_average_rating":[null],"_wcml_review_count":[null],"_wcml_rating_count":[null],"_yoast_wpseo_primary_product_cat":["318"],"_backorders":["no"],"_download_limit":["-1"],"_download_expiry":["-1"],"_downloadable":["no"],"_manage_stock":["no"],"_sku":["10028"],"_stock_status":["instock"],"_sold_individually":["no"],"_tax_class":[""],"_tax_status":["taxable"],"_virtual":["no"],"total_sales":["0"],"_wpml_media_duplicate":["1"],"_wpml_media_featured":["1"],"stick-header-meta":["default"],"site-sidebar-layout":["default"],"theme-transparent-header-meta":["default"],"ast-site-content-layout":["default"],"site-content-style":["default"],"site-sidebar-style":["default"],"_yoast_wpseo_metadesc":["Ein warmes, von Kalkstein inspiriertes Beige mit subtiler mineralischer Textur, ideal f\u00fcr helle, nat\u00fcrliche und elegante architektonische und innenarchitektonische R\u00e4ume"],"_yoast_wpseo_focuskw":["Warme kalksteinbeige Oberfl\u00e4che"],"_product_image_gallery":[""],"_thumbnail_id":["24458"],"_product_attributes":["a:3:{s:7:\"pa_tone\";a:6:{s:4:\"name\";s:7:\"pa_tone\";s:5:\"value\";s:0:\"\";s:8:\"position\";i:0;s:10:\"is_visible\";i:1;s:12:\"is_variation\";i:0;s:11:\"is_taxonomy\";i:1;}s:13:\"pa_color-code\";a:6:{s:4:\"name\";s:13:\"pa_color-code\";s:5:\"value\";s:0:\"\";s:8:\"position\";i:1;s:10:\"is_visible\";i:1;s:12:\"is_variation\";i:0;s:11:\"is_taxonomy\";i:1;}s:9:\"pa_finish\";a:6:{s:4:\"name\";s:9:\"pa_finish\";s:5:\"value\";s:0:\"\";s:8:\"position\";i:2;s:10:\"is_visible\";i:1;s:12:\"is_variation\";i:0;s:11:\"is_taxonomy\";i:1;}}"],"_wpml_word_count":["87"],"_elementor_edit_mode":["builder"],"_selectproduct_layout":["16271"],"two_optimized_date":["1776557634"],"woolentor_views_count_product":["9"],"_uag_css_file_name":["uag-css-24456.css"],"_uag_js_file_name":["uag-js-24456.js"],"tp_widgets":["a:2:{s:7:\"widgets\";a:6:{i:0;s:18:\"plus-list-skeleton\";i:1;s:22:\"plus-listing-load-more\";i:2;s:18:\"plus-listing-metro\";i:3;s:18:\"tp-product-listout\";i:4;s:17:\"tp-single-style_1\";i:5;s:19:\"tp-woo-single-image\";}s:9:\"update_at\";s:10:\"1776541402\";}"],"_wc_rating_count":[""],"_wc_review_count":[""],"_wc_average_rating":[0]},"uagb_featured_image_src":{"full":["https:\/\/xstone.group\/wp-content\/uploads\/2026\/01\/XStone-Color-10028-scaled.webp",2560,1706,false],"thumbnail":["https:\/\/xstone.group\/wp-content\/uploads\/2026\/01\/XStone-Color-10028-150x150.webp",150,150,true],"medium":["https:\/\/xstone.group\/wp-content\/uploads\/2026\/01\/XStone-Color-10028-300x200.webp",300,200,true],"medium_large":["https:\/\/xstone.group\/wp-content\/uploads\/2026\/01\/XStone-Color-10028-768x512.webp",768,512,true],"large":["https:\/\/xstone.group\/wp-content\/uploads\/2026\/01\/XStone-Color-10028-1024x683.webp",1024,683,true],"1536x1536":["https:\/\/xstone.group\/wp-content\/uploads\/2026\/01\/XStone-Color-10028-1536x1024.webp",1536,1024,true],"2048x2048":["https:\/\/xstone.group\/wp-content\/uploads\/2026\/01\/XStone-Color-10028-2048x1365.webp",2048,1365,true],"tp-image-grid":["https:\/\/xstone.group\/wp-content\/uploads\/2026\/01\/XStone-Color-10028-700x700.webp",700,700,true],"tenweb_optimizer_mobile":["https:\/\/xstone.group\/wp-content\/uploads\/2026\/01\/XStone-Color-10028-600x400.webp",600,400,true],"tenweb_optimizer_tablet":["https:\/\/xstone.group\/wp-content\/uploads\/2026\/01\/XStone-Color-10028-768x512.webp",768,512,true],"woocommerce_thumbnail":["https:\/\/xstone.group\/wp-content\/uploads\/2026\/01\/XStone-Color-10028-300x300.webp",300,300,true],"woocommerce_single":["https:\/\/xstone.group\/wp-content\/uploads\/2026\/01\/XStone-Color-10028-600x400.webp",600,400,true],"woocommerce_gallery_thumbnail":["https:\/\/xstone.group\/wp-content\/uploads\/2026\/01\/XStone-Color-10028-100x100.webp",100,100,true]},"uagb_author_info":{"display_name":"laurent.gomez@xstone.group","author_link":"https:\/\/xstone.group\/de\/author\/"},"uagb_comment_info":0,"uagb_excerpt":"Diese Farbe f\u00fchlt sich an wie sonnenbeschienener Kalkstein in einem ruhigen mediterranen Innenhof. Ein warmes, helles Sandbeige mit weichen mineralischen Wolken und sanften nat\u00fcrlichen Variationen, die ihm Tiefe, Licht und Authentizit\u00e4t verleihen. Es vermittelt ein Gef\u00fchl von W\u00e4rme, ohne schwer zu sein, und von Helligkeit, ohne zu blenden. So entstehen R\u00e4ume, die sich offen, ruhig&hellip;","_links":{"self":[{"href":"https:\/\/xstone.group\/de\/wp-json\/wp\/v2\/product\/24456","targetHints":{"allow":["GET"]}}],"collection":[{"href":"https:\/\/xstone.group\/de\/wp-json\/wp\/v2\/product"}],"about":[{"href":"https:\/\/xstone.group\/de\/wp-json\/wp\/v2\/types\/product"}],"replies":[{"embeddable":true,"href":"https:\/\/xstone.group\/de\/wp-json\/wp\/v2\/comments?post=24456"}],"wp:featuredmedia":[{"embeddable":true,"href":"https:\/\/xstone.group\/de\/wp-json\/wp\/v2\/media\/24458"}],"wp:attachment":[{"href":"https:\/\/xstone.group\/de\/wp-json\/wp\/v2\/media?parent=24456"}],"wp:term":[{"taxonomy":"product_brand","embeddable":true,"href":"https:\/\/xstone.group\/de\/wp-json\/wp\/v2\/product_brand?post=24456"},{"taxonomy":"product_cat","embeddable":true,"href":"https:\/\/xstone.group\/de\/wp-json\/wp\/v2\/product_cat?post=24456"},{"taxonomy":"product_tag","embeddable":true,"href":"https:\/\/xstone.group\/de\/wp-json\/wp\/v2\/product_tag?post=24456"}],"curies":[{"name":"wp","href":"https:\/\/api.w.org\/{rel}","templated":true}]}}