{"id":24475,"date":"2026-01-21T08:08:14","date_gmt":"2026-01-21T08:08:14","guid":{"rendered":"https:\/\/xstone.group\/product\/10031-schwarz-dunkelgruen\/"},"modified":"2026-01-21T08:08:14","modified_gmt":"2026-01-21T08:08:14","slug":"10031-black-dark-green","status":"publish","type":"product","link":"https:\/\/xstone.group\/de\/product\/10031-black-dark-green\/","title":{"rendered":"10031 | Schwarz dunkelgr\u00fcn"},"content":{"rendered":"<p>Diese Farbe f\u00fchlt sich an wie tiefes Waldgestein nach Regenf\u00e4llen. Ein sattes, mineralisches Gr\u00fcn mit k\u00fchlen Untert\u00f6nen und subtilen organischen Variationen, die ihm Tiefe, Ruhe und eine lebendige Pr\u00e4senz verleihen. Sie bringt ein Gef\u00fchl von Natur, Ausgeglichenheit und ruhiger Kraft in einen Raum. So entstehen Innenr\u00e4ume, die sich geerdet, erholsam und zeitlos anf\u00fchlen und in denen sich die Architektur sanft mit der nat\u00fcrlichen Welt verbindet. <\/p>\n","protected":false},"excerpt":{"rendered":"<p>Diese Farbe f\u00fchlt sich an wie tiefes Waldgestein nach Regenf\u00e4llen. Ein sattes, mineralisches Gr\u00fcn mit k\u00fchlen Untert\u00f6nen und subtilen organischen Variationen, die ihm Tiefe, Ruhe und eine lebendige Pr\u00e4senz verleihen. Sie bringt ein Gef\u00fchl von Natur, Ausgeglichenheit und ruhiger Kraft in einen Raum. So entstehen Innenr\u00e4ume, die sich geerdet, erholsam und zeitlos anf\u00fchlen und in [&hellip;]<\/p>\n","protected":false},"featured_media":24477,"comment_status":"open","ping_status":"closed","template":"","meta":{"_acf_changed":false,"_uag_custom_page_level_css":"","site-sidebar-layout":"default","site-content-layout":"","ast-site-content-layout":"default","site-content-style":"default","site-sidebar-style":"default","ast-global-header-display":"","ast-banner-title-visibility":"","ast-main-header-display":"","ast-hfb-above-header-display":"","ast-hfb-below-header-display":"","ast-hfb-mobile-header-display":"","site-post-title":"","ast-breadcrumbs-content":"","ast-featured-img":"","footer-sml-layout":"","theme-transparent-header-meta":"default","adv-header-id-meta":"","stick-header-meta":"default","header-above-stick-meta":"","header-main-stick-meta":"","header-below-stick-meta":"","astra-migrate-meta-layouts":"default","ast-page-background-enabled":"default","ast-page-background-meta":{"desktop":{"background-color":"var(--ast-global-color-4)","background-image":"","background-repeat":"repeat","background-position":"center center","background-size":"auto","background-attachment":"scroll","background-type":"","background-media":"","overlay-type":"","overlay-color":"","overlay-opacity":"","overlay-gradient":""},"tablet":{"background-color":"","background-image":"","background-repeat":"repeat","background-position":"center center","background-size":"auto","background-attachment":"scroll","background-type":"","background-media":"","overlay-type":"","overlay-color":"","overlay-opacity":"","overlay-gradient":""},"mobile":{"background-color":"","background-image":"","background-repeat":"repeat","background-position":"center center","background-size":"auto","background-attachment":"scroll","background-type":"","background-media":"","overlay-type":"","overlay-color":"","overlay-opacity":"","overlay-gradient":""}},"ast-content-background-meta":{"desktop":{"background-color":"var(--ast-global-color-5)","background-image":"","background-repeat":"repeat","background-position":"center center","background-size":"auto","background-attachment":"scroll","background-type":"","background-media":"","overlay-type":"","overlay-color":"","overlay-opacity":"","overlay-gradient":""},"tablet":{"background-color":"var(--ast-global-color-5)","background-image":"","background-repeat":"repeat","background-position":"center center","background-size":"auto","background-attachment":"scroll","background-type":"","background-media":"","overlay-type":"","overlay-color":"","overlay-opacity":"","overlay-gradient":""},"mobile":{"background-color":"var(--ast-global-color-5)","background-image":"","background-repeat":"repeat","background-position":"center center","background-size":"auto","background-attachment":"scroll","background-type":"","background-media":"","overlay-type":"","overlay-color":"","overlay-opacity":"","overlay-gradient":""}}},"product_brand":[],"product_cat":[2313,5396,2302],"product_tag":[7958,7959,3342,7957],"class_list":{"0":"post-24475","1":"product","2":"type-product","3":"status-publish","4":"has-post-thumbnail","6":"product_cat-color","7":"product_cat-green","8":"product_cat-tone-on-tone","9":"product_tag-biophilic-design","10":"product_tag-green-texture","11":"product_tag-comp-color-17142","12":"product_tag-deep-green-surface","13":"desktop-align-left","14":"tablet-align-left","15":"mobile-align-left","17":"first","18":"instock","19":"shipping-taxable","20":"product-type-simple"},"acf":[],"yoast_head":"<!-- This site is optimized with the Yoast SEO Premium plugin v27.4 (Yoast SEO v27.4) - https:\/\/yoast.com\/product\/yoast-seo-premium-wordpress\/ -->\n<title>10031 | Schwarz dunkelgr\u00fcn - XSTONE<\/title>\n<meta name=\"description\" content=\"Ein tiefes Mineralgr\u00fcn mit subtiler Steinstruktur, ideal f\u00fcr die Gestaltung ruhiger, nat\u00fcrlicher und eleganter architektonischer und innenarchitektonischer R\u00e4ume.\" \/>\n<meta name=\"robots\" content=\"index, follow, max-snippet:-1, max-image-preview:large, max-video-preview:-1\" \/>\n<link rel=\"canonical\" href=\"https:\/\/xstone.group\/de\/product\/10031-black-dark-green\/\" \/>\n<meta property=\"og:locale\" content=\"de_DE\" \/>\n<meta property=\"og:type\" content=\"article\" \/>\n<meta property=\"og:title\" content=\"10031 | Schwarz dunkelgr\u00fcn\" \/>\n<meta property=\"og:description\" content=\"Ein tiefes Mineralgr\u00fcn mit subtiler Steinstruktur, ideal f\u00fcr die Gestaltung ruhiger, nat\u00fcrlicher und eleganter architektonischer und innenarchitektonischer R\u00e4ume.\" \/>\n<meta property=\"og:url\" content=\"https:\/\/xstone.group\/de\/product\/10031-black-dark-green\/\" \/>\n<meta property=\"og:site_name\" content=\"XSTONE\" \/>\n<meta property=\"article:publisher\" content=\"https:\/\/www.facebook.com\/Xstonesurfaces1\/\" \/>\n<meta property=\"og:image\" content=\"https:\/\/xstone.group\/wp-content\/uploads\/2026\/01\/XStone-Color-10031-scaled.webp\" \/>\n\t<meta property=\"og:image:width\" content=\"2560\" \/>\n\t<meta property=\"og:image:height\" content=\"1690\" \/>\n\t<meta property=\"og:image:type\" content=\"image\/webp\" \/>\n<meta name=\"twitter:card\" content=\"summary_large_image\" \/>\n<script type=\"application\/ld+json\" class=\"yoast-schema-graph\">{\"@context\":\"https:\\\/\\\/schema.org\",\"@graph\":[{\"@type\":\"WebPage\",\"@id\":\"https:\\\/\\\/xstone.group\\\/de\\\/product\\\/10031-black-dark-green\\\/\",\"url\":\"https:\\\/\\\/xstone.group\\\/de\\\/product\\\/10031-black-dark-green\\\/\",\"name\":\"10031 | Schwarz dunkelgr\u00fcn - XSTONE\",\"isPartOf\":{\"@id\":\"https:\\\/\\\/xstone.group\\\/de\\\/#website\"},\"primaryImageOfPage\":{\"@id\":\"https:\\\/\\\/xstone.group\\\/de\\\/product\\\/10031-black-dark-green\\\/#primaryimage\"},\"image\":{\"@id\":\"https:\\\/\\\/xstone.group\\\/de\\\/product\\\/10031-black-dark-green\\\/#primaryimage\"},\"thumbnailUrl\":\"https:\\\/\\\/xstone.group\\\/wp-content\\\/uploads\\\/2026\\\/01\\\/XStone-Color-10031-scaled.webp\",\"datePublished\":\"2026-01-21T08:08:14+00:00\",\"description\":\"Ein tiefes Mineralgr\u00fcn mit subtiler Steinstruktur, ideal f\u00fcr die Gestaltung ruhiger, nat\u00fcrlicher und eleganter architektonischer und innenarchitektonischer R\u00e4ume.\",\"breadcrumb\":{\"@id\":\"https:\\\/\\\/xstone.group\\\/de\\\/product\\\/10031-black-dark-green\\\/#breadcrumb\"},\"inLanguage\":\"de\",\"potentialAction\":[{\"@type\":\"ReadAction\",\"target\":[\"https:\\\/\\\/xstone.group\\\/de\\\/product\\\/10031-black-dark-green\\\/\"]}]},{\"@type\":\"ImageObject\",\"inLanguage\":\"de\",\"@id\":\"https:\\\/\\\/xstone.group\\\/de\\\/product\\\/10031-black-dark-green\\\/#primaryimage\",\"url\":\"https:\\\/\\\/xstone.group\\\/wp-content\\\/uploads\\\/2026\\\/01\\\/XStone-Color-10031-scaled.webp\",\"contentUrl\":\"https:\\\/\\\/xstone.group\\\/wp-content\\\/uploads\\\/2026\\\/01\\\/XStone-Color-10031-scaled.webp\",\"width\":2560,\"height\":1690,\"caption\":\"XStone - Color - Black dark green\"},{\"@type\":\"BreadcrumbList\",\"@id\":\"https:\\\/\\\/xstone.group\\\/de\\\/product\\\/10031-black-dark-green\\\/#breadcrumb\",\"itemListElement\":[{\"@type\":\"ListItem\",\"position\":1,\"name\":\"Home\",\"item\":\"https:\\\/\\\/xstone.group\\\/de\\\/\"},{\"@type\":\"ListItem\",\"position\":2,\"name\":\"Produkte\",\"item\":\"https:\\\/\\\/xstone.group\\\/de\\\/shop\\\/\"},{\"@type\":\"ListItem\",\"position\":3,\"name\":\"10031 | Schwarz dunkelgr\u00fcn\"}]},{\"@type\":\"WebSite\",\"@id\":\"https:\\\/\\\/xstone.group\\\/de\\\/#website\",\"url\":\"https:\\\/\\\/xstone.group\\\/de\\\/\",\"name\":\"XSTONE\",\"description\":\"Authentische und grenzenlose mineralische Sch\u00f6nheit, ungebunden von der Schwerkraft\",\"potentialAction\":[{\"@type\":\"SearchAction\",\"target\":{\"@type\":\"EntryPoint\",\"urlTemplate\":\"https:\\\/\\\/xstone.group\\\/de\\\/?s={search_term_string}\"},\"query-input\":{\"@type\":\"PropertyValueSpecification\",\"valueRequired\":true,\"valueName\":\"search_term_string\"}}],\"inLanguage\":\"de\"}]}<\/script>\n<!-- \/ Yoast SEO Premium plugin. -->","yoast_head_json":{"title":"10031 | Schwarz dunkelgr\u00fcn - XSTONE","description":"Ein tiefes Mineralgr\u00fcn mit subtiler Steinstruktur, ideal f\u00fcr die Gestaltung ruhiger, nat\u00fcrlicher und eleganter architektonischer und innenarchitektonischer R\u00e4ume.","robots":{"index":"index","follow":"follow","max-snippet":"max-snippet:-1","max-image-preview":"max-image-preview:large","max-video-preview":"max-video-preview:-1"},"canonical":"https:\/\/xstone.group\/de\/product\/10031-black-dark-green\/","og_locale":"de_DE","og_type":"article","og_title":"10031 | Schwarz dunkelgr\u00fcn","og_description":"Ein tiefes Mineralgr\u00fcn mit subtiler Steinstruktur, ideal f\u00fcr die Gestaltung ruhiger, nat\u00fcrlicher und eleganter architektonischer und innenarchitektonischer R\u00e4ume.","og_url":"https:\/\/xstone.group\/de\/product\/10031-black-dark-green\/","og_site_name":"XSTONE","article_publisher":"https:\/\/www.facebook.com\/Xstonesurfaces1\/","og_image":[{"width":2560,"height":1690,"url":"https:\/\/xstone.group\/wp-content\/uploads\/2026\/01\/XStone-Color-10031-scaled.webp","type":"image\/webp"}],"twitter_card":"summary_large_image","schema":{"@context":"https:\/\/schema.org","@graph":[{"@type":"WebPage","@id":"https:\/\/xstone.group\/de\/product\/10031-black-dark-green\/","url":"https:\/\/xstone.group\/de\/product\/10031-black-dark-green\/","name":"10031 | Schwarz dunkelgr\u00fcn - XSTONE","isPartOf":{"@id":"https:\/\/xstone.group\/de\/#website"},"primaryImageOfPage":{"@id":"https:\/\/xstone.group\/de\/product\/10031-black-dark-green\/#primaryimage"},"image":{"@id":"https:\/\/xstone.group\/de\/product\/10031-black-dark-green\/#primaryimage"},"thumbnailUrl":"https:\/\/xstone.group\/wp-content\/uploads\/2026\/01\/XStone-Color-10031-scaled.webp","datePublished":"2026-01-21T08:08:14+00:00","description":"Ein tiefes Mineralgr\u00fcn mit subtiler Steinstruktur, ideal f\u00fcr die Gestaltung ruhiger, nat\u00fcrlicher und eleganter architektonischer und innenarchitektonischer R\u00e4ume.","breadcrumb":{"@id":"https:\/\/xstone.group\/de\/product\/10031-black-dark-green\/#breadcrumb"},"inLanguage":"de","potentialAction":[{"@type":"ReadAction","target":["https:\/\/xstone.group\/de\/product\/10031-black-dark-green\/"]}]},{"@type":"ImageObject","inLanguage":"de","@id":"https:\/\/xstone.group\/de\/product\/10031-black-dark-green\/#primaryimage","url":"https:\/\/xstone.group\/wp-content\/uploads\/2026\/01\/XStone-Color-10031-scaled.webp","contentUrl":"https:\/\/xstone.group\/wp-content\/uploads\/2026\/01\/XStone-Color-10031-scaled.webp","width":2560,"height":1690,"caption":"XStone - Color - Black dark green"},{"@type":"BreadcrumbList","@id":"https:\/\/xstone.group\/de\/product\/10031-black-dark-green\/#breadcrumb","itemListElement":[{"@type":"ListItem","position":1,"name":"Home","item":"https:\/\/xstone.group\/de\/"},{"@type":"ListItem","position":2,"name":"Produkte","item":"https:\/\/xstone.group\/de\/shop\/"},{"@type":"ListItem","position":3,"name":"10031 | Schwarz dunkelgr\u00fcn"}]},{"@type":"WebSite","@id":"https:\/\/xstone.group\/de\/#website","url":"https:\/\/xstone.group\/de\/","name":"XSTONE","description":"Authentische und grenzenlose mineralische Sch\u00f6nheit, ungebunden von der Schwerkraft","potentialAction":[{"@type":"SearchAction","target":{"@type":"EntryPoint","urlTemplate":"https:\/\/xstone.group\/de\/?s={search_term_string}"},"query-input":{"@type":"PropertyValueSpecification","valueRequired":true,"valueName":"search_term_string"}}],"inLanguage":"de"}]}},"spectra_custom_meta":{"_last_translation_edit_mode":["translation-editor"],"_wcml_average_rating":[null],"_wcml_review_count":[null],"_wcml_rating_count":[null],"_yoast_wpseo_primary_product_cat":["318"],"_backorders":["no"],"_download_limit":["-1"],"_download_expiry":["-1"],"_downloadable":["no"],"_manage_stock":["no"],"_sku":["10031"],"_stock_status":["instock"],"_sold_individually":["no"],"_tax_class":[""],"_tax_status":["taxable"],"_virtual":["no"],"total_sales":["0"],"_wpml_media_duplicate":["1"],"_wpml_media_featured":["1"],"stick-header-meta":["default"],"site-sidebar-layout":["default"],"theme-transparent-header-meta":["default"],"ast-site-content-layout":["default"],"site-content-style":["default"],"site-sidebar-style":["default"],"_yoast_wpseo_metadesc":["Ein tiefes Mineralgr\u00fcn mit subtiler Steinstruktur, ideal f\u00fcr die Gestaltung ruhiger, nat\u00fcrlicher und eleganter architektonischer und innenarchitektonischer R\u00e4ume."],"_yoast_wpseo_focuskw":["Tiefe mineralgr\u00fcne Oberfl\u00e4che"],"_product_image_gallery":[""],"_thumbnail_id":["24477"],"_product_attributes":["a:3:{s:7:\"pa_tone\";a:6:{s:4:\"name\";s:7:\"pa_tone\";s:5:\"value\";s:0:\"\";s:8:\"position\";i:0;s:10:\"is_visible\";i:1;s:12:\"is_variation\";i:0;s:11:\"is_taxonomy\";i:1;}s:13:\"pa_color-code\";a:6:{s:4:\"name\";s:13:\"pa_color-code\";s:5:\"value\";s:0:\"\";s:8:\"position\";i:1;s:10:\"is_visible\";i:1;s:12:\"is_variation\";i:0;s:11:\"is_taxonomy\";i:1;}s:9:\"pa_finish\";a:6:{s:4:\"name\";s:9:\"pa_finish\";s:5:\"value\";s:0:\"\";s:8:\"position\";i:2;s:10:\"is_visible\";i:1;s:12:\"is_variation\";i:0;s:11:\"is_taxonomy\";i:1;}}"],"_wpml_word_count":["82"],"two_optimized_date":["1776562071"],"woolentor_views_count_product":["7"],"_uag_css_file_name":["uag-css-24475.css"],"_uag_js_file_name":["uag-js-24475.js"],"tp_widgets":["a:2:{s:7:\"widgets\";a:6:{i:0;s:18:\"plus-list-skeleton\";i:1;s:22:\"plus-listing-load-more\";i:2;s:18:\"plus-listing-metro\";i:3;s:18:\"tp-product-listout\";i:4;s:17:\"tp-single-style_1\";i:5;s:19:\"tp-woo-single-image\";}s:9:\"update_at\";s:10:\"1776541402\";}"],"_elementor_edit_mode":["builder"],"_selectproduct_layout":["16271"],"_wc_rating_count":[""],"_wc_review_count":[""],"_wc_average_rating":[0]},"uagb_featured_image_src":{"full":["https:\/\/xstone.group\/wp-content\/uploads\/2026\/01\/XStone-Color-10031-scaled.webp",2560,1690,false],"thumbnail":["https:\/\/xstone.group\/wp-content\/uploads\/2026\/01\/XStone-Color-10031-150x150.webp",150,150,true],"medium":["https:\/\/xstone.group\/wp-content\/uploads\/2026\/01\/XStone-Color-10031-300x198.webp",300,198,true],"medium_large":["https:\/\/xstone.group\/wp-content\/uploads\/2026\/01\/XStone-Color-10031-768x507.webp",768,507,true],"large":["https:\/\/xstone.group\/wp-content\/uploads\/2026\/01\/XStone-Color-10031-1024x676.webp",1024,676,true],"1536x1536":["https:\/\/xstone.group\/wp-content\/uploads\/2026\/01\/XStone-Color-10031-1536x1014.webp",1536,1014,true],"2048x2048":["https:\/\/xstone.group\/wp-content\/uploads\/2026\/01\/XStone-Color-10031-2048x1352.webp",2048,1352,true],"tp-image-grid":["https:\/\/xstone.group\/wp-content\/uploads\/2026\/01\/XStone-Color-10031-700x700.webp",700,700,true],"tenweb_optimizer_mobile":["https:\/\/xstone.group\/wp-content\/uploads\/2026\/01\/XStone-Color-10031-600x396.webp",600,396,true],"tenweb_optimizer_tablet":["https:\/\/xstone.group\/wp-content\/uploads\/2026\/01\/XStone-Color-10031-768x507.webp",768,507,true],"woocommerce_thumbnail":["https:\/\/xstone.group\/wp-content\/uploads\/2026\/01\/XStone-Color-10031-300x300.webp",300,300,true],"woocommerce_single":["https:\/\/xstone.group\/wp-content\/uploads\/2026\/01\/XStone-Color-10031-600x396.webp",600,396,true],"woocommerce_gallery_thumbnail":["https:\/\/xstone.group\/wp-content\/uploads\/2026\/01\/XStone-Color-10031-100x100.webp",100,100,true]},"uagb_author_info":{"display_name":"laurent.gomez@xstone.group","author_link":"https:\/\/xstone.group\/de\/author\/"},"uagb_comment_info":0,"uagb_excerpt":"Diese Farbe f\u00fchlt sich an wie tiefes Waldgestein nach Regenf\u00e4llen. Ein sattes, mineralisches Gr\u00fcn mit k\u00fchlen Untert\u00f6nen und subtilen organischen Variationen, die ihm Tiefe, Ruhe und eine lebendige Pr\u00e4senz verleihen. Sie bringt ein Gef\u00fchl von Natur, Ausgeglichenheit und ruhiger Kraft in einen Raum. So entstehen Innenr\u00e4ume, die sich geerdet, erholsam und zeitlos anf\u00fchlen und in&hellip;","_links":{"self":[{"href":"https:\/\/xstone.group\/de\/wp-json\/wp\/v2\/product\/24475","targetHints":{"allow":["GET"]}}],"collection":[{"href":"https:\/\/xstone.group\/de\/wp-json\/wp\/v2\/product"}],"about":[{"href":"https:\/\/xstone.group\/de\/wp-json\/wp\/v2\/types\/product"}],"replies":[{"embeddable":true,"href":"https:\/\/xstone.group\/de\/wp-json\/wp\/v2\/comments?post=24475"}],"wp:featuredmedia":[{"embeddable":true,"href":"https:\/\/xstone.group\/de\/wp-json\/wp\/v2\/media\/24477"}],"wp:attachment":[{"href":"https:\/\/xstone.group\/de\/wp-json\/wp\/v2\/media?parent=24475"}],"wp:term":[{"taxonomy":"product_brand","embeddable":true,"href":"https:\/\/xstone.group\/de\/wp-json\/wp\/v2\/product_brand?post=24475"},{"taxonomy":"product_cat","embeddable":true,"href":"https:\/\/xstone.group\/de\/wp-json\/wp\/v2\/product_cat?post=24475"},{"taxonomy":"product_tag","embeddable":true,"href":"https:\/\/xstone.group\/de\/wp-json\/wp\/v2\/product_tag?post=24475"}],"curies":[{"name":"wp","href":"https:\/\/api.w.org\/{rel}","templated":true}]}}