{"id":24481,"date":"2026-01-21T08:36:36","date_gmt":"2026-01-21T08:36:36","guid":{"rendered":"https:\/\/xstone.group\/product\/10033-blassbraun\/"},"modified":"2026-01-21T08:36:36","modified_gmt":"2026-01-21T08:36:36","slug":"10033-pale-brown","status":"publish","type":"product","link":"https:\/\/xstone.group\/de\/product\/10033-pale-brown\/","title":{"rendered":"10033 | Blassbraun"},"content":{"rendered":"<p>Diese Farbe f\u00fchlt sich an wie verdichtete W\u00fcstenerde, die von der Nachmittagssonne erw\u00e4rmt wird. Ein sattes, ged\u00e4mpftes Sandbraun mit weicher mineralischer Maserung und subtiler Farbtiefe, die ihr eine ruhige, geerdete und authentische Pr\u00e4senz verleiht. Sie bringt W\u00e4rme ohne Schwere und Charakter ohne L\u00e4rm und schafft so R\u00e4ume, die sich nat\u00fcrlich, gelassen und zeitlos anf\u00fchlen, in denen Materialit\u00e4t zu einer ruhigen Form der Eleganz wird. <\/p>\n","protected":false},"excerpt":{"rendered":"<p>Diese Farbe f\u00fchlt sich an wie verdichtete W\u00fcstenerde, die von der Nachmittagssonne erw\u00e4rmt wird. Ein sattes, ged\u00e4mpftes Sandbraun mit weicher mineralischer Maserung und subtiler Farbtiefe, die ihr eine ruhige, geerdete und authentische Pr\u00e4senz verleiht. Sie bringt W\u00e4rme ohne Schwere und Charakter ohne L\u00e4rm und schafft so R\u00e4ume, die sich nat\u00fcrlich, gelassen und zeitlos anf\u00fchlen, in [&hellip;]<\/p>\n","protected":false},"featured_media":24484,"comment_status":"open","ping_status":"closed","template":"","meta":{"_acf_changed":false,"_uag_custom_page_level_css":"","site-sidebar-layout":"default","site-content-layout":"","ast-site-content-layout":"default","site-content-style":"default","site-sidebar-style":"default","ast-global-header-display":"","ast-banner-title-visibility":"","ast-main-header-display":"","ast-hfb-above-header-display":"","ast-hfb-below-header-display":"","ast-hfb-mobile-header-display":"","site-post-title":"","ast-breadcrumbs-content":"","ast-featured-img":"","footer-sml-layout":"","theme-transparent-header-meta":"default","adv-header-id-meta":"","stick-header-meta":"default","header-above-stick-meta":"","header-main-stick-meta":"","header-below-stick-meta":"","astra-migrate-meta-layouts":"default","ast-page-background-enabled":"default","ast-page-background-meta":{"desktop":{"background-color":"var(--ast-global-color-4)","background-image":"","background-repeat":"repeat","background-position":"center center","background-size":"auto","background-attachment":"scroll","background-type":"","background-media":"","overlay-type":"","overlay-color":"","overlay-opacity":"","overlay-gradient":""},"tablet":{"background-color":"","background-image":"","background-repeat":"repeat","background-position":"center center","background-size":"auto","background-attachment":"scroll","background-type":"","background-media":"","overlay-type":"","overlay-color":"","overlay-opacity":"","overlay-gradient":""},"mobile":{"background-color":"","background-image":"","background-repeat":"repeat","background-position":"center center","background-size":"auto","background-attachment":"scroll","background-type":"","background-media":"","overlay-type":"","overlay-color":"","overlay-opacity":"","overlay-gradient":""}},"ast-content-background-meta":{"desktop":{"background-color":"var(--ast-global-color-5)","background-image":"","background-repeat":"repeat","background-position":"center center","background-size":"auto","background-attachment":"scroll","background-type":"","background-media":"","overlay-type":"","overlay-color":"","overlay-opacity":"","overlay-gradient":""},"tablet":{"background-color":"var(--ast-global-color-5)","background-image":"","background-repeat":"repeat","background-position":"center center","background-size":"auto","background-attachment":"scroll","background-type":"","background-media":"","overlay-type":"","overlay-color":"","overlay-opacity":"","overlay-gradient":""},"mobile":{"background-color":"var(--ast-global-color-5)","background-image":"","background-repeat":"repeat","background-position":"center center","background-size":"auto","background-attachment":"scroll","background-type":"","background-media":"","overlay-type":"","overlay-color":"","overlay-opacity":"","overlay-gradient":""}}},"product_brand":[],"product_cat":[5450,2313,2302],"product_tag":[7969,7967],"class_list":{"0":"post-24481","1":"product","2":"type-product","3":"status-publish","4":"has-post-thumbnail","6":"product_cat-brown","7":"product_cat-color","8":"product_cat-tone-on-tone","9":"product_tag-comp-color-17159","10":"product_tag-sand-brown","11":"desktop-align-left","12":"tablet-align-left","13":"mobile-align-left","15":"first","16":"instock","17":"shipping-taxable","18":"product-type-simple"},"acf":[],"yoast_head":"<!-- This site is optimized with the Yoast SEO Premium plugin v27.4 (Yoast SEO v27.4) - https:\/\/yoast.com\/product\/yoast-seo-premium-wordpress\/ -->\n<title>10033 | Blassbraun - XSTONE<\/title>\n<meta name=\"description\" content=\"Ein warmer sandbrauner Mineralton mit subtiler Steinstruktur, ideal f\u00fcr die Gestaltung von ruhigen, erdigen und eleganten architektonischen und Innenr\u00e4umen.\" \/>\n<meta name=\"robots\" content=\"index, follow, max-snippet:-1, max-image-preview:large, max-video-preview:-1\" \/>\n<link rel=\"canonical\" href=\"https:\/\/xstone.group\/de\/product\/10033-pale-brown\/\" \/>\n<meta property=\"og:locale\" content=\"de_DE\" \/>\n<meta property=\"og:type\" content=\"article\" \/>\n<meta property=\"og:title\" content=\"10033 | Blassbraun\" \/>\n<meta property=\"og:description\" content=\"Ein warmer sandbrauner Mineralton mit subtiler Steinstruktur, ideal f\u00fcr die Gestaltung von ruhigen, erdigen und eleganten architektonischen und Innenr\u00e4umen.\" \/>\n<meta property=\"og:url\" content=\"https:\/\/xstone.group\/de\/product\/10033-pale-brown\/\" \/>\n<meta property=\"og:site_name\" content=\"XSTONE\" \/>\n<meta property=\"article:publisher\" content=\"https:\/\/www.facebook.com\/Xstonesurfaces1\/\" \/>\n<meta property=\"og:image\" content=\"https:\/\/xstone.group\/wp-content\/uploads\/2026\/01\/XStone-Color-10033-1-scaled.webp\" \/>\n\t<meta property=\"og:image:width\" content=\"2560\" \/>\n\t<meta property=\"og:image:height\" content=\"1707\" \/>\n\t<meta property=\"og:image:type\" content=\"image\/webp\" \/>\n<meta name=\"twitter:card\" content=\"summary_large_image\" \/>\n<script type=\"application\/ld+json\" class=\"yoast-schema-graph\">{\"@context\":\"https:\\\/\\\/schema.org\",\"@graph\":[{\"@type\":\"WebPage\",\"@id\":\"https:\\\/\\\/xstone.group\\\/de\\\/product\\\/10033-pale-brown\\\/\",\"url\":\"https:\\\/\\\/xstone.group\\\/de\\\/product\\\/10033-pale-brown\\\/\",\"name\":\"10033 | Blassbraun - XSTONE\",\"isPartOf\":{\"@id\":\"https:\\\/\\\/xstone.group\\\/de\\\/#website\"},\"primaryImageOfPage\":{\"@id\":\"https:\\\/\\\/xstone.group\\\/de\\\/product\\\/10033-pale-brown\\\/#primaryimage\"},\"image\":{\"@id\":\"https:\\\/\\\/xstone.group\\\/de\\\/product\\\/10033-pale-brown\\\/#primaryimage\"},\"thumbnailUrl\":\"https:\\\/\\\/xstone.group\\\/wp-content\\\/uploads\\\/2026\\\/01\\\/XStone-Color-10033-1-scaled.webp\",\"datePublished\":\"2026-01-21T08:36:36+00:00\",\"description\":\"Ein warmer sandbrauner Mineralton mit subtiler Steinstruktur, ideal f\u00fcr die Gestaltung von ruhigen, erdigen und eleganten architektonischen und Innenr\u00e4umen.\",\"breadcrumb\":{\"@id\":\"https:\\\/\\\/xstone.group\\\/de\\\/product\\\/10033-pale-brown\\\/#breadcrumb\"},\"inLanguage\":\"de\",\"potentialAction\":[{\"@type\":\"ReadAction\",\"target\":[\"https:\\\/\\\/xstone.group\\\/de\\\/product\\\/10033-pale-brown\\\/\"]}]},{\"@type\":\"ImageObject\",\"inLanguage\":\"de\",\"@id\":\"https:\\\/\\\/xstone.group\\\/de\\\/product\\\/10033-pale-brown\\\/#primaryimage\",\"url\":\"https:\\\/\\\/xstone.group\\\/wp-content\\\/uploads\\\/2026\\\/01\\\/XStone-Color-10033-1-scaled.webp\",\"contentUrl\":\"https:\\\/\\\/xstone.group\\\/wp-content\\\/uploads\\\/2026\\\/01\\\/XStone-Color-10033-1-scaled.webp\",\"width\":2560,\"height\":1707,\"caption\":\"XStone - Color -Pale brown\"},{\"@type\":\"BreadcrumbList\",\"@id\":\"https:\\\/\\\/xstone.group\\\/de\\\/product\\\/10033-pale-brown\\\/#breadcrumb\",\"itemListElement\":[{\"@type\":\"ListItem\",\"position\":1,\"name\":\"Home\",\"item\":\"https:\\\/\\\/xstone.group\\\/de\\\/\"},{\"@type\":\"ListItem\",\"position\":2,\"name\":\"Produkte\",\"item\":\"https:\\\/\\\/xstone.group\\\/de\\\/shop\\\/\"},{\"@type\":\"ListItem\",\"position\":3,\"name\":\"10033 | Blassbraun\"}]},{\"@type\":\"WebSite\",\"@id\":\"https:\\\/\\\/xstone.group\\\/de\\\/#website\",\"url\":\"https:\\\/\\\/xstone.group\\\/de\\\/\",\"name\":\"XSTONE\",\"description\":\"Authentische und grenzenlose mineralische Sch\u00f6nheit, ungebunden von der Schwerkraft\",\"potentialAction\":[{\"@type\":\"SearchAction\",\"target\":{\"@type\":\"EntryPoint\",\"urlTemplate\":\"https:\\\/\\\/xstone.group\\\/de\\\/?s={search_term_string}\"},\"query-input\":{\"@type\":\"PropertyValueSpecification\",\"valueRequired\":true,\"valueName\":\"search_term_string\"}}],\"inLanguage\":\"de\"}]}<\/script>\n<!-- \/ Yoast SEO Premium plugin. -->","yoast_head_json":{"title":"10033 | Blassbraun - XSTONE","description":"Ein warmer sandbrauner Mineralton mit subtiler Steinstruktur, ideal f\u00fcr die Gestaltung von ruhigen, erdigen und eleganten architektonischen und Innenr\u00e4umen.","robots":{"index":"index","follow":"follow","max-snippet":"max-snippet:-1","max-image-preview":"max-image-preview:large","max-video-preview":"max-video-preview:-1"},"canonical":"https:\/\/xstone.group\/de\/product\/10033-pale-brown\/","og_locale":"de_DE","og_type":"article","og_title":"10033 | Blassbraun","og_description":"Ein warmer sandbrauner Mineralton mit subtiler Steinstruktur, ideal f\u00fcr die Gestaltung von ruhigen, erdigen und eleganten architektonischen und Innenr\u00e4umen.","og_url":"https:\/\/xstone.group\/de\/product\/10033-pale-brown\/","og_site_name":"XSTONE","article_publisher":"https:\/\/www.facebook.com\/Xstonesurfaces1\/","og_image":[{"width":2560,"height":1707,"url":"https:\/\/xstone.group\/wp-content\/uploads\/2026\/01\/XStone-Color-10033-1-scaled.webp","type":"image\/webp"}],"twitter_card":"summary_large_image","schema":{"@context":"https:\/\/schema.org","@graph":[{"@type":"WebPage","@id":"https:\/\/xstone.group\/de\/product\/10033-pale-brown\/","url":"https:\/\/xstone.group\/de\/product\/10033-pale-brown\/","name":"10033 | Blassbraun - XSTONE","isPartOf":{"@id":"https:\/\/xstone.group\/de\/#website"},"primaryImageOfPage":{"@id":"https:\/\/xstone.group\/de\/product\/10033-pale-brown\/#primaryimage"},"image":{"@id":"https:\/\/xstone.group\/de\/product\/10033-pale-brown\/#primaryimage"},"thumbnailUrl":"https:\/\/xstone.group\/wp-content\/uploads\/2026\/01\/XStone-Color-10033-1-scaled.webp","datePublished":"2026-01-21T08:36:36+00:00","description":"Ein warmer sandbrauner Mineralton mit subtiler Steinstruktur, ideal f\u00fcr die Gestaltung von ruhigen, erdigen und eleganten architektonischen und Innenr\u00e4umen.","breadcrumb":{"@id":"https:\/\/xstone.group\/de\/product\/10033-pale-brown\/#breadcrumb"},"inLanguage":"de","potentialAction":[{"@type":"ReadAction","target":["https:\/\/xstone.group\/de\/product\/10033-pale-brown\/"]}]},{"@type":"ImageObject","inLanguage":"de","@id":"https:\/\/xstone.group\/de\/product\/10033-pale-brown\/#primaryimage","url":"https:\/\/xstone.group\/wp-content\/uploads\/2026\/01\/XStone-Color-10033-1-scaled.webp","contentUrl":"https:\/\/xstone.group\/wp-content\/uploads\/2026\/01\/XStone-Color-10033-1-scaled.webp","width":2560,"height":1707,"caption":"XStone - Color -Pale brown"},{"@type":"BreadcrumbList","@id":"https:\/\/xstone.group\/de\/product\/10033-pale-brown\/#breadcrumb","itemListElement":[{"@type":"ListItem","position":1,"name":"Home","item":"https:\/\/xstone.group\/de\/"},{"@type":"ListItem","position":2,"name":"Produkte","item":"https:\/\/xstone.group\/de\/shop\/"},{"@type":"ListItem","position":3,"name":"10033 | Blassbraun"}]},{"@type":"WebSite","@id":"https:\/\/xstone.group\/de\/#website","url":"https:\/\/xstone.group\/de\/","name":"XSTONE","description":"Authentische und grenzenlose mineralische Sch\u00f6nheit, ungebunden von der Schwerkraft","potentialAction":[{"@type":"SearchAction","target":{"@type":"EntryPoint","urlTemplate":"https:\/\/xstone.group\/de\/?s={search_term_string}"},"query-input":{"@type":"PropertyValueSpecification","valueRequired":true,"valueName":"search_term_string"}}],"inLanguage":"de"}]}},"spectra_custom_meta":{"_last_translation_edit_mode":["translation-editor"],"_wcml_average_rating":[null],"_wcml_review_count":[null],"_wcml_rating_count":[null],"_yoast_wpseo_primary_product_cat":["318"],"_backorders":["no"],"_download_limit":["-1"],"_download_expiry":["-1"],"_downloadable":["no"],"_manage_stock":["no"],"_sku":["10033"],"_stock_status":["instock"],"_sold_individually":["no"],"_tax_class":[""],"_tax_status":["taxable"],"_virtual":["no"],"total_sales":["0"],"_wpml_media_duplicate":["1"],"_wpml_media_featured":["1"],"stick-header-meta":["default"],"site-sidebar-layout":["default"],"theme-transparent-header-meta":["default"],"ast-site-content-layout":["default"],"site-content-style":["default"],"site-sidebar-style":["default"],"_yoast_wpseo_metadesc":["Ein warmer sandbrauner Mineralton mit subtiler Steinstruktur, ideal f\u00fcr die Gestaltung von ruhigen, erdigen und eleganten architektonischen und Innenr\u00e4umen."],"_yoast_wpseo_focuskw":["Warmer Sand braune mineralische Oberfl\u00e4che"],"_product_image_gallery":[""],"_thumbnail_id":["24484"],"_product_attributes":["a:3:{s:7:\"pa_tone\";a:6:{s:4:\"name\";s:7:\"pa_tone\";s:5:\"value\";s:0:\"\";s:8:\"position\";i:0;s:10:\"is_visible\";i:1;s:12:\"is_variation\";i:0;s:11:\"is_taxonomy\";i:1;}s:13:\"pa_color-code\";a:6:{s:4:\"name\";s:13:\"pa_color-code\";s:5:\"value\";s:0:\"\";s:8:\"position\";i:1;s:10:\"is_visible\";i:1;s:12:\"is_variation\";i:0;s:11:\"is_taxonomy\";i:1;}s:9:\"pa_finish\";a:6:{s:4:\"name\";s:9:\"pa_finish\";s:5:\"value\";s:0:\"\";s:8:\"position\";i:2;s:10:\"is_visible\";i:1;s:12:\"is_variation\";i:0;s:11:\"is_taxonomy\";i:1;}}"],"_wpml_word_count":["80"],"two_optimized_date":["1776555033"],"woolentor_views_count_product":["44"],"_uag_css_file_name":["uag-css-24481.css"],"_uag_js_file_name":["uag-js-24481.js"],"tp_widgets":["a:2:{s:7:\"widgets\";a:6:{i:0;s:18:\"plus-list-skeleton\";i:1;s:22:\"plus-listing-load-more\";i:2;s:18:\"plus-listing-metro\";i:3;s:18:\"tp-product-listout\";i:4;s:17:\"tp-single-style_1\";i:5;s:19:\"tp-woo-single-image\";}s:9:\"update_at\";s:10:\"1777019468\";}"],"_elementor_edit_mode":["builder"],"_selectproduct_layout":["16271"],"_elementor_page_assets":["a:0:{}"],"_elementor_css":["a:7:{s:4:\"time\";i:1778698399;s:5:\"fonts\";a:0:{}s:5:\"icons\";a:0:{}s:20:\"dynamic_elements_ids\";a:0:{}s:6:\"status\";s:5:\"empty\";i:0;s:0:\"\";s:3:\"css\";s:0:\"\";}"],"_wc_rating_count":[""],"_wc_review_count":[""],"_wc_average_rating":[0]},"uagb_featured_image_src":{"full":["https:\/\/xstone.group\/wp-content\/uploads\/2026\/01\/XStone-Color-10033-1-scaled.webp",2560,1707,false],"thumbnail":["https:\/\/xstone.group\/wp-content\/uploads\/2026\/01\/XStone-Color-10033-1-150x150.webp",150,150,true],"medium":["https:\/\/xstone.group\/wp-content\/uploads\/2026\/01\/XStone-Color-10033-1-300x200.webp",300,200,true],"medium_large":["https:\/\/xstone.group\/wp-content\/uploads\/2026\/01\/XStone-Color-10033-1-768x512.webp",768,512,true],"large":["https:\/\/xstone.group\/wp-content\/uploads\/2026\/01\/XStone-Color-10033-1-1024x683.webp",1024,683,true],"1536x1536":["https:\/\/xstone.group\/wp-content\/uploads\/2026\/01\/XStone-Color-10033-1-1536x1024.webp",1536,1024,true],"2048x2048":["https:\/\/xstone.group\/wp-content\/uploads\/2026\/01\/XStone-Color-10033-1-2048x1365.webp",2048,1365,true],"tp-image-grid":["https:\/\/xstone.group\/wp-content\/uploads\/2026\/01\/XStone-Color-10033-1-700x700.webp",700,700,true],"tenweb_optimizer_mobile":["https:\/\/xstone.group\/wp-content\/uploads\/2026\/01\/XStone-Color-10033-1-600x400.webp",600,400,true],"tenweb_optimizer_tablet":["https:\/\/xstone.group\/wp-content\/uploads\/2026\/01\/XStone-Color-10033-1-768x512.webp",768,512,true],"woocommerce_thumbnail":["https:\/\/xstone.group\/wp-content\/uploads\/2026\/01\/XStone-Color-10033-1-300x300.webp",300,300,true],"woocommerce_single":["https:\/\/xstone.group\/wp-content\/uploads\/2026\/01\/XStone-Color-10033-1-600x400.webp",600,400,true],"woocommerce_gallery_thumbnail":["https:\/\/xstone.group\/wp-content\/uploads\/2026\/01\/XStone-Color-10033-1-100x100.webp",100,100,true]},"uagb_author_info":{"display_name":"laurent.gomez@xstone.group","author_link":"https:\/\/xstone.group\/de\/author\/"},"uagb_comment_info":0,"uagb_excerpt":"Diese Farbe f\u00fchlt sich an wie verdichtete W\u00fcstenerde, die von der Nachmittagssonne erw\u00e4rmt wird. Ein sattes, ged\u00e4mpftes Sandbraun mit weicher mineralischer Maserung und subtiler Farbtiefe, die ihr eine ruhige, geerdete und authentische Pr\u00e4senz verleiht. Sie bringt W\u00e4rme ohne Schwere und Charakter ohne L\u00e4rm und schafft so R\u00e4ume, die sich nat\u00fcrlich, gelassen und zeitlos anf\u00fchlen, in&hellip;","_links":{"self":[{"href":"https:\/\/xstone.group\/de\/wp-json\/wp\/v2\/product\/24481","targetHints":{"allow":["GET"]}}],"collection":[{"href":"https:\/\/xstone.group\/de\/wp-json\/wp\/v2\/product"}],"about":[{"href":"https:\/\/xstone.group\/de\/wp-json\/wp\/v2\/types\/product"}],"replies":[{"embeddable":true,"href":"https:\/\/xstone.group\/de\/wp-json\/wp\/v2\/comments?post=24481"}],"wp:featuredmedia":[{"embeddable":true,"href":"https:\/\/xstone.group\/de\/wp-json\/wp\/v2\/media\/24484"}],"wp:attachment":[{"href":"https:\/\/xstone.group\/de\/wp-json\/wp\/v2\/media?parent=24481"}],"wp:term":[{"taxonomy":"product_brand","embeddable":true,"href":"https:\/\/xstone.group\/de\/wp-json\/wp\/v2\/product_brand?post=24481"},{"taxonomy":"product_cat","embeddable":true,"href":"https:\/\/xstone.group\/de\/wp-json\/wp\/v2\/product_cat?post=24481"},{"taxonomy":"product_tag","embeddable":true,"href":"https:\/\/xstone.group\/de\/wp-json\/wp\/v2\/product_tag?post=24481"}],"curies":[{"name":"wp","href":"https:\/\/api.w.org\/{rel}","templated":true}]}}