{"id":24751,"date":"2025-11-28T14:35:53","date_gmt":"2025-11-28T14:35:53","guid":{"rendered":"https:\/\/xstone.group\/product\/10004-hellgrau\/"},"modified":"2025-11-28T14:35:53","modified_gmt":"2025-11-28T14:35:53","slug":"10004-light-grey","status":"publish","type":"product","link":"https:\/\/xstone.group\/de\/product\/10004-light-grey\/","title":{"rendered":"10004 | Hellgrau"},"content":{"rendered":"<p>Es ist ein sehr weiches, fast milchiges Hellgrau, das das Licht einf\u00e4ngt, ohne jemals wei\u00df zu werden. Sein Farbton ist subtil, weder kalt noch bl\u00e4ulich, sondern sanft gemildert durch eine mineralische Note, die ihm Tiefe verleiht. Dieses Grau erinnert an hellen Stein, leuchtenden Nebel oder einen leicht bew\u00f6lkten Himmel am sp\u00e4ten Vormittag und vermittelt ein Gef\u00fchl von Ruhe, eleganter Neutralit\u00e4t und Leichtigkeit. Es schafft eine beruhigende, raffinierte und diskrete Atmosph\u00e4re, die sich ideal als ruhiger Hintergrund eignet, der Materialien, Formen und andere Farben hervorhebt, ohne sie jemals zu dominieren.   <\/p>\n","protected":false},"excerpt":{"rendered":"<p>Es ist ein sehr weiches, fast milchiges Hellgrau, das das Licht einf\u00e4ngt, ohne jemals wei\u00df zu werden. Sein Farbton ist subtil, weder kalt noch bl\u00e4ulich, sondern sanft gemildert durch eine mineralische Note, die ihm Tiefe verleiht. Dieses Grau erinnert an hellen Stein, leuchtenden Nebel oder einen leicht bew\u00f6lkten Himmel am sp\u00e4ten Vormittag und vermittelt ein [&hellip;]<\/p>\n","protected":false},"featured_media":24754,"comment_status":"open","ping_status":"closed","template":"","meta":{"_acf_changed":false,"_uag_custom_page_level_css":"","site-sidebar-layout":"default","site-content-layout":"","ast-site-content-layout":"default","site-content-style":"default","site-sidebar-style":"default","ast-global-header-display":"","ast-banner-title-visibility":"","ast-main-header-display":"","ast-hfb-above-header-display":"","ast-hfb-below-header-display":"","ast-hfb-mobile-header-display":"","site-post-title":"","ast-breadcrumbs-content":"","ast-featured-img":"","footer-sml-layout":"","theme-transparent-header-meta":"default","adv-header-id-meta":"","stick-header-meta":"default","header-above-stick-meta":"","header-main-stick-meta":"","header-below-stick-meta":"","astra-migrate-meta-layouts":"default","ast-page-background-enabled":"default","ast-page-background-meta":{"desktop":{"background-color":"var(--ast-global-color-4)","background-image":"","background-repeat":"repeat","background-position":"center center","background-size":"auto","background-attachment":"scroll","background-type":"","background-media":"","overlay-type":"","overlay-color":"","overlay-opacity":"","overlay-gradient":""},"tablet":{"background-color":"","background-image":"","background-repeat":"repeat","background-position":"center center","background-size":"auto","background-attachment":"scroll","background-type":"","background-media":"","overlay-type":"","overlay-color":"","overlay-opacity":"","overlay-gradient":""},"mobile":{"background-color":"","background-image":"","background-repeat":"repeat","background-position":"center center","background-size":"auto","background-attachment":"scroll","background-type":"","background-media":"","overlay-type":"","overlay-color":"","overlay-opacity":"","overlay-gradient":""}},"ast-content-background-meta":{"desktop":{"background-color":"var(--ast-global-color-5)","background-image":"","background-repeat":"repeat","background-position":"center center","background-size":"auto","background-attachment":"scroll","background-type":"","background-media":"","overlay-type":"","overlay-color":"","overlay-opacity":"","overlay-gradient":""},"tablet":{"background-color":"var(--ast-global-color-5)","background-image":"","background-repeat":"repeat","background-position":"center center","background-size":"auto","background-attachment":"scroll","background-type":"","background-media":"","overlay-type":"","overlay-color":"","overlay-opacity":"","overlay-gradient":""},"mobile":{"background-color":"var(--ast-global-color-5)","background-image":"","background-repeat":"repeat","background-position":"center center","background-size":"auto","background-attachment":"scroll","background-type":"","background-media":"","overlay-type":"","overlay-color":"","overlay-opacity":"","overlay-gradient":""}}},"product_brand":[],"product_cat":[2313,2314,2302],"product_tag":[5517,8341,8351,8338,1772,8342,8345,8347,8343,8340,8349,8344],"class_list":{"0":"post-24751","1":"product","2":"type-product","3":"status-publish","4":"has-post-thumbnail","6":"product_cat-color","7":"product_cat-grey","8":"product_cat-tone-on-tone","9":"product_tag-calming-color","10":"product_tag-pale-grey","11":"product_tag-plaster-grey","12":"product_tag-light-mineral-grey","13":"product_tag-comp-color-15392","14":"product_tag-mineral-grey","15":"product_tag-minimalist-color","16":"product_tag-modern-neutral","17":"product_tag-neutral-grey","18":"product_tag-soft-light-grey","19":"product_tag-stone-grey","20":"product_tag-subtle-grey","21":"desktop-align-left","22":"tablet-align-left","23":"mobile-align-left","25":"first","26":"instock","27":"shipping-taxable","28":"product-type-simple"},"acf":[],"yoast_head":"<!-- This site is optimized with the Yoast SEO Premium plugin v27.4 (Yoast SEO v27.4) - https:\/\/yoast.com\/product\/yoast-seo-premium-wordpress\/ -->\n<title>10004 | Hellgrau - XSTONE<\/title>\n<meta name=\"description\" content=\"Ein weiches, helles Grau mit einem subtilen mineralischen Ton, der das Licht sanft reflektiert und eine ruhige, raffinierte und elegante Atmosph\u00e4re f\u00fcr moderne, minimalistische R\u00e4ume schafft.\" \/>\n<meta name=\"robots\" content=\"index, follow, max-snippet:-1, max-image-preview:large, max-video-preview:-1\" \/>\n<link rel=\"canonical\" href=\"https:\/\/xstone.group\/de\/product\/10004-light-grey\/\" \/>\n<meta property=\"og:locale\" content=\"de_DE\" \/>\n<meta property=\"og:type\" content=\"article\" \/>\n<meta property=\"og:title\" content=\"10004 | Hellgrau\" \/>\n<meta property=\"og:description\" content=\"Ein weiches, helles Grau mit einem subtilen mineralischen Ton, der das Licht sanft reflektiert und eine ruhige, raffinierte und elegante Atmosph\u00e4re f\u00fcr moderne, minimalistische R\u00e4ume schafft.\" \/>\n<meta property=\"og:url\" content=\"https:\/\/xstone.group\/de\/product\/10004-light-grey\/\" \/>\n<meta property=\"og:site_name\" content=\"XSTONE\" \/>\n<meta property=\"article:publisher\" content=\"https:\/\/www.facebook.com\/Xstonesurfaces1\/\" \/>\n<meta property=\"og:image\" content=\"https:\/\/xstone.group\/wp-content\/uploads\/2025\/11\/10004-scaled.webp\" \/>\n\t<meta property=\"og:image:width\" content=\"2560\" \/>\n\t<meta property=\"og:image:height\" content=\"1706\" \/>\n\t<meta property=\"og:image:type\" content=\"image\/webp\" \/>\n<meta name=\"twitter:card\" content=\"summary_large_image\" \/>\n<script type=\"application\/ld+json\" class=\"yoast-schema-graph\">{\"@context\":\"https:\\\/\\\/schema.org\",\"@graph\":[{\"@type\":\"WebPage\",\"@id\":\"https:\\\/\\\/xstone.group\\\/de\\\/product\\\/10004-light-grey\\\/\",\"url\":\"https:\\\/\\\/xstone.group\\\/de\\\/product\\\/10004-light-grey\\\/\",\"name\":\"10004 | Hellgrau - XSTONE\",\"isPartOf\":{\"@id\":\"https:\\\/\\\/xstone.group\\\/de\\\/#website\"},\"primaryImageOfPage\":{\"@id\":\"https:\\\/\\\/xstone.group\\\/de\\\/product\\\/10004-light-grey\\\/#primaryimage\"},\"image\":{\"@id\":\"https:\\\/\\\/xstone.group\\\/de\\\/product\\\/10004-light-grey\\\/#primaryimage\"},\"thumbnailUrl\":\"https:\\\/\\\/xstone.group\\\/wp-content\\\/uploads\\\/2025\\\/11\\\/10004-scaled.webp\",\"datePublished\":\"2025-11-28T14:35:53+00:00\",\"description\":\"Ein weiches, helles Grau mit einem subtilen mineralischen Ton, der das Licht sanft reflektiert und eine ruhige, raffinierte und elegante Atmosph\u00e4re f\u00fcr moderne, minimalistische R\u00e4ume schafft.\",\"breadcrumb\":{\"@id\":\"https:\\\/\\\/xstone.group\\\/de\\\/product\\\/10004-light-grey\\\/#breadcrumb\"},\"inLanguage\":\"de\",\"potentialAction\":[{\"@type\":\"ReadAction\",\"target\":[\"https:\\\/\\\/xstone.group\\\/de\\\/product\\\/10004-light-grey\\\/\"]}]},{\"@type\":\"ImageObject\",\"inLanguage\":\"de\",\"@id\":\"https:\\\/\\\/xstone.group\\\/de\\\/product\\\/10004-light-grey\\\/#primaryimage\",\"url\":\"https:\\\/\\\/xstone.group\\\/wp-content\\\/uploads\\\/2025\\\/11\\\/10004-scaled.webp\",\"contentUrl\":\"https:\\\/\\\/xstone.group\\\/wp-content\\\/uploads\\\/2025\\\/11\\\/10004-scaled.webp\",\"width\":2560,\"height\":1706},{\"@type\":\"BreadcrumbList\",\"@id\":\"https:\\\/\\\/xstone.group\\\/de\\\/product\\\/10004-light-grey\\\/#breadcrumb\",\"itemListElement\":[{\"@type\":\"ListItem\",\"position\":1,\"name\":\"Home\",\"item\":\"https:\\\/\\\/xstone.group\\\/de\\\/\"},{\"@type\":\"ListItem\",\"position\":2,\"name\":\"Produkte\",\"item\":\"https:\\\/\\\/xstone.group\\\/de\\\/shop\\\/\"},{\"@type\":\"ListItem\",\"position\":3,\"name\":\"10004 | Hellgrau\"}]},{\"@type\":\"WebSite\",\"@id\":\"https:\\\/\\\/xstone.group\\\/de\\\/#website\",\"url\":\"https:\\\/\\\/xstone.group\\\/de\\\/\",\"name\":\"XSTONE\",\"description\":\"Authentische und grenzenlose mineralische Sch\u00f6nheit, ungebunden von der Schwerkraft\",\"potentialAction\":[{\"@type\":\"SearchAction\",\"target\":{\"@type\":\"EntryPoint\",\"urlTemplate\":\"https:\\\/\\\/xstone.group\\\/de\\\/?s={search_term_string}\"},\"query-input\":{\"@type\":\"PropertyValueSpecification\",\"valueRequired\":true,\"valueName\":\"search_term_string\"}}],\"inLanguage\":\"de\"}]}<\/script>\n<!-- \/ Yoast SEO Premium plugin. -->","yoast_head_json":{"title":"10004 | Hellgrau - XSTONE","description":"Ein weiches, helles Grau mit einem subtilen mineralischen Ton, der das Licht sanft reflektiert und eine ruhige, raffinierte und elegante Atmosph\u00e4re f\u00fcr moderne, minimalistische R\u00e4ume schafft.","robots":{"index":"index","follow":"follow","max-snippet":"max-snippet:-1","max-image-preview":"max-image-preview:large","max-video-preview":"max-video-preview:-1"},"canonical":"https:\/\/xstone.group\/de\/product\/10004-light-grey\/","og_locale":"de_DE","og_type":"article","og_title":"10004 | Hellgrau","og_description":"Ein weiches, helles Grau mit einem subtilen mineralischen Ton, der das Licht sanft reflektiert und eine ruhige, raffinierte und elegante Atmosph\u00e4re f\u00fcr moderne, minimalistische R\u00e4ume schafft.","og_url":"https:\/\/xstone.group\/de\/product\/10004-light-grey\/","og_site_name":"XSTONE","article_publisher":"https:\/\/www.facebook.com\/Xstonesurfaces1\/","og_image":[{"width":2560,"height":1706,"url":"https:\/\/xstone.group\/wp-content\/uploads\/2025\/11\/10004-scaled.webp","type":"image\/webp"}],"twitter_card":"summary_large_image","schema":{"@context":"https:\/\/schema.org","@graph":[{"@type":"WebPage","@id":"https:\/\/xstone.group\/de\/product\/10004-light-grey\/","url":"https:\/\/xstone.group\/de\/product\/10004-light-grey\/","name":"10004 | Hellgrau - XSTONE","isPartOf":{"@id":"https:\/\/xstone.group\/de\/#website"},"primaryImageOfPage":{"@id":"https:\/\/xstone.group\/de\/product\/10004-light-grey\/#primaryimage"},"image":{"@id":"https:\/\/xstone.group\/de\/product\/10004-light-grey\/#primaryimage"},"thumbnailUrl":"https:\/\/xstone.group\/wp-content\/uploads\/2025\/11\/10004-scaled.webp","datePublished":"2025-11-28T14:35:53+00:00","description":"Ein weiches, helles Grau mit einem subtilen mineralischen Ton, der das Licht sanft reflektiert und eine ruhige, raffinierte und elegante Atmosph\u00e4re f\u00fcr moderne, minimalistische R\u00e4ume schafft.","breadcrumb":{"@id":"https:\/\/xstone.group\/de\/product\/10004-light-grey\/#breadcrumb"},"inLanguage":"de","potentialAction":[{"@type":"ReadAction","target":["https:\/\/xstone.group\/de\/product\/10004-light-grey\/"]}]},{"@type":"ImageObject","inLanguage":"de","@id":"https:\/\/xstone.group\/de\/product\/10004-light-grey\/#primaryimage","url":"https:\/\/xstone.group\/wp-content\/uploads\/2025\/11\/10004-scaled.webp","contentUrl":"https:\/\/xstone.group\/wp-content\/uploads\/2025\/11\/10004-scaled.webp","width":2560,"height":1706},{"@type":"BreadcrumbList","@id":"https:\/\/xstone.group\/de\/product\/10004-light-grey\/#breadcrumb","itemListElement":[{"@type":"ListItem","position":1,"name":"Home","item":"https:\/\/xstone.group\/de\/"},{"@type":"ListItem","position":2,"name":"Produkte","item":"https:\/\/xstone.group\/de\/shop\/"},{"@type":"ListItem","position":3,"name":"10004 | Hellgrau"}]},{"@type":"WebSite","@id":"https:\/\/xstone.group\/de\/#website","url":"https:\/\/xstone.group\/de\/","name":"XSTONE","description":"Authentische und grenzenlose mineralische Sch\u00f6nheit, ungebunden von der Schwerkraft","potentialAction":[{"@type":"SearchAction","target":{"@type":"EntryPoint","urlTemplate":"https:\/\/xstone.group\/de\/?s={search_term_string}"},"query-input":{"@type":"PropertyValueSpecification","valueRequired":true,"valueName":"search_term_string"}}],"inLanguage":"de"}]}},"spectra_custom_meta":{"_last_translation_edit_mode":["translation-editor"],"_product_attributes":["a:3:{s:4:\"tone\";a:6:{s:4:\"name\";s:4:\"Tone\";s:5:\"value\";s:4:\"Grau\";s:8:\"position\";i:0;s:10:\"is_visible\";i:1;s:12:\"is_variation\";i:0;s:11:\"is_taxonomy\";i:0;}s:10:\"color-code\";a:6:{s:4:\"name\";s:10:\"Color code\";s:5:\"value\";s:8:\"RAL 7035\";s:8:\"position\";i:1;s:10:\"is_visible\";i:1;s:12:\"is_variation\";i:0;s:11:\"is_taxonomy\";i:0;}s:6:\"finish\";a:6:{s:4:\"name\";s:6:\"Finish\";s:5:\"value\";s:58:\"Nat\u00fcrlich matt (kann je nach Versiegelung gl\u00e4nzend sein)\";s:8:\"position\";i:2;s:10:\"is_visible\";i:1;s:12:\"is_variation\";i:0;s:11:\"is_taxonomy\";i:0;}}"],"attr_label_translations":["a:1:{s:2:\"de\";a:3:{s:4:\"tone\";s:4:\"Tone\";s:10:\"color-code\";s:8:\"Farbcode\";s:6:\"finish\";s:6:\"Finish\";}}"],"_wcml_average_rating":[null],"_wcml_review_count":[null],"_wcml_rating_count":[null],"_yoast_wpseo_primary_product_cat":["318"],"_backorders":["no"],"_download_limit":["-1"],"_download_expiry":["-1"],"_downloadable":["no"],"_manage_stock":["no"],"_sku":["10004"],"_stock_status":["instock"],"_sold_individually":["no"],"_tax_class":[""],"_tax_status":["taxable"],"_virtual":["no"],"total_sales":["0"],"_wpml_media_duplicate":["1"],"_wpml_media_featured":["1"],"stick-header-meta":["default"],"site-sidebar-layout":["default"],"theme-transparent-header-meta":["default"],"ast-site-content-layout":["default"],"site-content-style":["default"],"site-sidebar-style":["default"],"_yoast_wpseo_metadesc":["Ein weiches, helles Grau mit einem subtilen mineralischen Ton, der das Licht sanft reflektiert und eine ruhige, raffinierte und elegante Atmosph\u00e4re f\u00fcr moderne, minimalistische R\u00e4ume schafft."],"_thumbnail_id":["24754"],"_product_image_gallery":[""],"_wpml_word_count":["109"],"two_optimized_date":["1776548430"],"woolentor_views_count_product":["11"],"_uag_css_file_name":["uag-css-24751.css"],"_uag_js_file_name":["uag-js-24751.js"],"tp_widgets":["a:2:{s:7:\"widgets\";a:6:{i:0;s:18:\"plus-list-skeleton\";i:1;s:22:\"plus-listing-load-more\";i:2;s:18:\"plus-listing-metro\";i:3;s:18:\"tp-product-listout\";i:4;s:17:\"tp-single-style_1\";i:5;s:19:\"tp-woo-single-image\";}s:9:\"update_at\";s:10:\"1776541402\";}"],"_elementor_edit_mode":["builder"],"_selectproduct_layout":["16271"],"_wc_rating_count":[""],"_wc_review_count":[""],"_wc_average_rating":[0]},"uagb_featured_image_src":{"full":["https:\/\/xstone.group\/wp-content\/uploads\/2025\/11\/10004-scaled.webp",2560,1706,false],"thumbnail":["https:\/\/xstone.group\/wp-content\/uploads\/2025\/11\/10004-150x150.webp",150,150,true],"medium":["https:\/\/xstone.group\/wp-content\/uploads\/2025\/11\/10004-300x200.webp",300,200,true],"medium_large":["https:\/\/xstone.group\/wp-content\/uploads\/2025\/11\/10004-768x512.webp",768,512,true],"large":["https:\/\/xstone.group\/wp-content\/uploads\/2025\/11\/10004-1024x683.webp",1024,683,true],"1536x1536":["https:\/\/xstone.group\/wp-content\/uploads\/2025\/11\/10004-1536x1024.webp",1536,1024,true],"2048x2048":["https:\/\/xstone.group\/wp-content\/uploads\/2025\/11\/10004-2048x1365.webp",2048,1365,true],"tp-image-grid":["https:\/\/xstone.group\/wp-content\/uploads\/2025\/11\/10004-scaled.webp",700,466,false],"tenweb_optimizer_mobile":["https:\/\/xstone.group\/wp-content\/uploads\/2025\/11\/10004-600x400.webp",600,400,true],"tenweb_optimizer_tablet":["https:\/\/xstone.group\/wp-content\/uploads\/2025\/11\/10004-768x512.webp",768,512,true],"woocommerce_thumbnail":["https:\/\/xstone.group\/wp-content\/uploads\/2025\/11\/10004-300x300.webp",300,300,true],"woocommerce_single":["https:\/\/xstone.group\/wp-content\/uploads\/2025\/11\/10004-600x400.webp",600,400,true],"woocommerce_gallery_thumbnail":["https:\/\/xstone.group\/wp-content\/uploads\/2025\/11\/10004-100x100.webp",100,100,true]},"uagb_author_info":{"display_name":"laurent.gomez@xstone.group","author_link":"https:\/\/xstone.group\/de\/author\/"},"uagb_comment_info":0,"uagb_excerpt":"Es ist ein sehr weiches, fast milchiges Hellgrau, das das Licht einf\u00e4ngt, ohne jemals wei\u00df zu werden. Sein Farbton ist subtil, weder kalt noch bl\u00e4ulich, sondern sanft gemildert durch eine mineralische Note, die ihm Tiefe verleiht. Dieses Grau erinnert an hellen Stein, leuchtenden Nebel oder einen leicht bew\u00f6lkten Himmel am sp\u00e4ten Vormittag und vermittelt ein&hellip;","_links":{"self":[{"href":"https:\/\/xstone.group\/de\/wp-json\/wp\/v2\/product\/24751","targetHints":{"allow":["GET"]}}],"collection":[{"href":"https:\/\/xstone.group\/de\/wp-json\/wp\/v2\/product"}],"about":[{"href":"https:\/\/xstone.group\/de\/wp-json\/wp\/v2\/types\/product"}],"replies":[{"embeddable":true,"href":"https:\/\/xstone.group\/de\/wp-json\/wp\/v2\/comments?post=24751"}],"wp:featuredmedia":[{"embeddable":true,"href":"https:\/\/xstone.group\/de\/wp-json\/wp\/v2\/media\/24754"}],"wp:attachment":[{"href":"https:\/\/xstone.group\/de\/wp-json\/wp\/v2\/media?parent=24751"}],"wp:term":[{"taxonomy":"product_brand","embeddable":true,"href":"https:\/\/xstone.group\/de\/wp-json\/wp\/v2\/product_brand?post=24751"},{"taxonomy":"product_cat","embeddable":true,"href":"https:\/\/xstone.group\/de\/wp-json\/wp\/v2\/product_cat?post=24751"},{"taxonomy":"product_tag","embeddable":true,"href":"https:\/\/xstone.group\/de\/wp-json\/wp\/v2\/product_tag?post=24751"}],"curies":[{"name":"wp","href":"https:\/\/api.w.org\/{rel}","templated":true}]}}