{"id":24767,"date":"2025-11-28T14:37:08","date_gmt":"2025-11-28T14:37:08","guid":{"rendered":"https:\/\/xstone.group\/product\/10005-mittelgrau\/"},"modified":"2025-11-28T14:37:08","modified_gmt":"2025-11-28T14:37:08","slug":"10005-middle-grey","status":"publish","type":"product","link":"https:\/\/xstone.group\/de\/product\/10005-middle-grey\/","title":{"rendered":"10005 | Mittelgrau"},"content":{"rendered":"<p>Diese Farbe hat die ruhige St\u00e4rke von Naturstein, mit einer weichen, ged\u00e4mpften mineralischen Tiefe, die sich geerdet, ausgeglichen und m\u00fchelos elegant anf\u00fchlt. Sie schafft einen ruhigen architektonischen Hintergrund, der Licht, Form und Materialit\u00e4t hervorhebt, ohne den Raum jemals zu \u00fcberw\u00e4ltigen.<\/p>\n","protected":false},"excerpt":{"rendered":"<p>Diese Farbe hat die ruhige St\u00e4rke von Naturstein, mit einer weichen, ged\u00e4mpften mineralischen Tiefe, die sich geerdet, ausgeglichen und m\u00fchelos elegant anf\u00fchlt. Sie schafft einen ruhigen architektonischen Hintergrund, der Licht, Form und Materialit\u00e4t hervorhebt, ohne den Raum jemals zu \u00fcberw\u00e4ltigen.<\/p>\n","protected":false},"featured_media":24769,"comment_status":"open","ping_status":"closed","template":"","meta":{"_acf_changed":false,"_uag_custom_page_level_css":"","site-sidebar-layout":"default","site-content-layout":"","ast-site-content-layout":"default","site-content-style":"default","site-sidebar-style":"default","ast-global-header-display":"","ast-banner-title-visibility":"","ast-main-header-display":"","ast-hfb-above-header-display":"","ast-hfb-below-header-display":"","ast-hfb-mobile-header-display":"","site-post-title":"","ast-breadcrumbs-content":"","ast-featured-img":"","footer-sml-layout":"","theme-transparent-header-meta":"default","adv-header-id-meta":"","stick-header-meta":"default","header-above-stick-meta":"","header-main-stick-meta":"","header-below-stick-meta":"","astra-migrate-meta-layouts":"default","ast-page-background-enabled":"default","ast-page-background-meta":{"desktop":{"background-color":"var(--ast-global-color-4)","background-image":"","background-repeat":"repeat","background-position":"center center","background-size":"auto","background-attachment":"scroll","background-type":"","background-media":"","overlay-type":"","overlay-color":"","overlay-opacity":"","overlay-gradient":""},"tablet":{"background-color":"","background-image":"","background-repeat":"repeat","background-position":"center center","background-size":"auto","background-attachment":"scroll","background-type":"","background-media":"","overlay-type":"","overlay-color":"","overlay-opacity":"","overlay-gradient":""},"mobile":{"background-color":"","background-image":"","background-repeat":"repeat","background-position":"center center","background-size":"auto","background-attachment":"scroll","background-type":"","background-media":"","overlay-type":"","overlay-color":"","overlay-opacity":"","overlay-gradient":""}},"ast-content-background-meta":{"desktop":{"background-color":"var(--ast-global-color-5)","background-image":"","background-repeat":"repeat","background-position":"center center","background-size":"auto","background-attachment":"scroll","background-type":"","background-media":"","overlay-type":"","overlay-color":"","overlay-opacity":"","overlay-gradient":""},"tablet":{"background-color":"var(--ast-global-color-5)","background-image":"","background-repeat":"repeat","background-position":"center center","background-size":"auto","background-attachment":"scroll","background-type":"","background-media":"","overlay-type":"","overlay-color":"","overlay-opacity":"","overlay-gradient":""},"mobile":{"background-color":"var(--ast-global-color-5)","background-image":"","background-repeat":"repeat","background-position":"center center","background-size":"auto","background-attachment":"scroll","background-type":"","background-media":"","overlay-type":"","overlay-color":"","overlay-opacity":"","overlay-gradient":""}}},"product_brand":[],"product_cat":[2313,2314,2302],"product_tag":[8382,1838,8392,8388,8390,7534,8386,8384],"class_list":{"0":"post-24767","1":"product","2":"type-product","3":"status-publish","4":"has-post-thumbnail","6":"product_cat-color","7":"product_cat-grey","8":"product_cat-tone-on-tone","9":"product_tag-grey-mineral-color","10":"product_tag-comp-color-15393","11":"product_tag-minimalist-design-tone","12":"product_tag-modern-interior-palette","13":"product_tag-natural-surface-color","14":"product_tag-premium-mineral-finish","15":"product_tag-raw-material-color","16":"product_tag-stone-inspired-tone","17":"desktop-align-left","18":"tablet-align-left","19":"mobile-align-left","21":"first","22":"instock","23":"shipping-taxable","24":"product-type-simple"},"acf":[],"yoast_head":"<!-- This site is optimized with the Yoast SEO Premium plugin v27.4 (Yoast SEO v27.4) - https:\/\/yoast.com\/product\/yoast-seo-premium-wordpress\/ -->\n<title>10005 | Mittelgrau - XSTONE<\/title>\n<meta name=\"description\" content=\"Entdecken Sie eine nat\u00fcrliche graue Mineralfarbe, die von Stein und rauen Oberfl\u00e4chen inspiriert ist und sich perfekt f\u00fcr die Gestaltung ruhiger, ausgeglichener und zeitloser Innenr\u00e4ume und architektonischer R\u00e4ume eignet.\" \/>\n<meta name=\"robots\" content=\"index, follow, max-snippet:-1, max-image-preview:large, max-video-preview:-1\" \/>\n<link rel=\"canonical\" href=\"https:\/\/xstone.group\/de\/product\/10005-middle-grey\/\" \/>\n<meta property=\"og:locale\" content=\"de_DE\" \/>\n<meta property=\"og:type\" content=\"article\" \/>\n<meta property=\"og:title\" content=\"10005 | Mittelgrau\" \/>\n<meta property=\"og:description\" content=\"Entdecken Sie eine nat\u00fcrliche graue Mineralfarbe, die von Stein und rauen Oberfl\u00e4chen inspiriert ist und sich perfekt f\u00fcr die Gestaltung ruhiger, ausgeglichener und zeitloser Innenr\u00e4ume und architektonischer R\u00e4ume eignet.\" \/>\n<meta property=\"og:url\" content=\"https:\/\/xstone.group\/de\/product\/10005-middle-grey\/\" \/>\n<meta property=\"og:site_name\" content=\"XSTONE\" \/>\n<meta property=\"article:publisher\" content=\"https:\/\/www.facebook.com\/Xstonesurfaces1\/\" \/>\n<meta property=\"og:image\" content=\"https:\/\/xstone.group\/wp-content\/uploads\/2025\/11\/10005-scaled.webp\" \/>\n\t<meta property=\"og:image:width\" content=\"2560\" \/>\n\t<meta property=\"og:image:height\" content=\"1667\" \/>\n\t<meta property=\"og:image:type\" content=\"image\/webp\" \/>\n<meta name=\"twitter:card\" content=\"summary_large_image\" \/>\n<script type=\"application\/ld+json\" class=\"yoast-schema-graph\">{\"@context\":\"https:\\\/\\\/schema.org\",\"@graph\":[{\"@type\":\"WebPage\",\"@id\":\"https:\\\/\\\/xstone.group\\\/de\\\/product\\\/10005-middle-grey\\\/\",\"url\":\"https:\\\/\\\/xstone.group\\\/de\\\/product\\\/10005-middle-grey\\\/\",\"name\":\"10005 | Mittelgrau - XSTONE\",\"isPartOf\":{\"@id\":\"https:\\\/\\\/xstone.group\\\/de\\\/#website\"},\"primaryImageOfPage\":{\"@id\":\"https:\\\/\\\/xstone.group\\\/de\\\/product\\\/10005-middle-grey\\\/#primaryimage\"},\"image\":{\"@id\":\"https:\\\/\\\/xstone.group\\\/de\\\/product\\\/10005-middle-grey\\\/#primaryimage\"},\"thumbnailUrl\":\"https:\\\/\\\/xstone.group\\\/wp-content\\\/uploads\\\/2025\\\/11\\\/10005-scaled.webp\",\"datePublished\":\"2025-11-28T14:37:08+00:00\",\"description\":\"Entdecken Sie eine nat\u00fcrliche graue Mineralfarbe, die von Stein und rauen Oberfl\u00e4chen inspiriert ist und sich perfekt f\u00fcr die Gestaltung ruhiger, ausgeglichener und zeitloser Innenr\u00e4ume und architektonischer R\u00e4ume eignet.\",\"breadcrumb\":{\"@id\":\"https:\\\/\\\/xstone.group\\\/de\\\/product\\\/10005-middle-grey\\\/#breadcrumb\"},\"inLanguage\":\"de\",\"potentialAction\":[{\"@type\":\"ReadAction\",\"target\":[\"https:\\\/\\\/xstone.group\\\/de\\\/product\\\/10005-middle-grey\\\/\"]}]},{\"@type\":\"ImageObject\",\"inLanguage\":\"de\",\"@id\":\"https:\\\/\\\/xstone.group\\\/de\\\/product\\\/10005-middle-grey\\\/#primaryimage\",\"url\":\"https:\\\/\\\/xstone.group\\\/wp-content\\\/uploads\\\/2025\\\/11\\\/10005-scaled.webp\",\"contentUrl\":\"https:\\\/\\\/xstone.group\\\/wp-content\\\/uploads\\\/2025\\\/11\\\/10005-scaled.webp\",\"width\":2560,\"height\":1667},{\"@type\":\"BreadcrumbList\",\"@id\":\"https:\\\/\\\/xstone.group\\\/de\\\/product\\\/10005-middle-grey\\\/#breadcrumb\",\"itemListElement\":[{\"@type\":\"ListItem\",\"position\":1,\"name\":\"Home\",\"item\":\"https:\\\/\\\/xstone.group\\\/de\\\/\"},{\"@type\":\"ListItem\",\"position\":2,\"name\":\"Produkte\",\"item\":\"https:\\\/\\\/xstone.group\\\/de\\\/shop\\\/\"},{\"@type\":\"ListItem\",\"position\":3,\"name\":\"10005 | Mittelgrau\"}]},{\"@type\":\"WebSite\",\"@id\":\"https:\\\/\\\/xstone.group\\\/de\\\/#website\",\"url\":\"https:\\\/\\\/xstone.group\\\/de\\\/\",\"name\":\"XSTONE\",\"description\":\"Authentische und grenzenlose mineralische Sch\u00f6nheit, ungebunden von der Schwerkraft\",\"potentialAction\":[{\"@type\":\"SearchAction\",\"target\":{\"@type\":\"EntryPoint\",\"urlTemplate\":\"https:\\\/\\\/xstone.group\\\/de\\\/?s={search_term_string}\"},\"query-input\":{\"@type\":\"PropertyValueSpecification\",\"valueRequired\":true,\"valueName\":\"search_term_string\"}}],\"inLanguage\":\"de\"}]}<\/script>\n<!-- \/ Yoast SEO Premium plugin. -->","yoast_head_json":{"title":"10005 | Mittelgrau - XSTONE","description":"Entdecken Sie eine nat\u00fcrliche graue Mineralfarbe, die von Stein und rauen Oberfl\u00e4chen inspiriert ist und sich perfekt f\u00fcr die Gestaltung ruhiger, ausgeglichener und zeitloser Innenr\u00e4ume und architektonischer R\u00e4ume eignet.","robots":{"index":"index","follow":"follow","max-snippet":"max-snippet:-1","max-image-preview":"max-image-preview:large","max-video-preview":"max-video-preview:-1"},"canonical":"https:\/\/xstone.group\/de\/product\/10005-middle-grey\/","og_locale":"de_DE","og_type":"article","og_title":"10005 | Mittelgrau","og_description":"Entdecken Sie eine nat\u00fcrliche graue Mineralfarbe, die von Stein und rauen Oberfl\u00e4chen inspiriert ist und sich perfekt f\u00fcr die Gestaltung ruhiger, ausgeglichener und zeitloser Innenr\u00e4ume und architektonischer R\u00e4ume eignet.","og_url":"https:\/\/xstone.group\/de\/product\/10005-middle-grey\/","og_site_name":"XSTONE","article_publisher":"https:\/\/www.facebook.com\/Xstonesurfaces1\/","og_image":[{"width":2560,"height":1667,"url":"https:\/\/xstone.group\/wp-content\/uploads\/2025\/11\/10005-scaled.webp","type":"image\/webp"}],"twitter_card":"summary_large_image","schema":{"@context":"https:\/\/schema.org","@graph":[{"@type":"WebPage","@id":"https:\/\/xstone.group\/de\/product\/10005-middle-grey\/","url":"https:\/\/xstone.group\/de\/product\/10005-middle-grey\/","name":"10005 | Mittelgrau - XSTONE","isPartOf":{"@id":"https:\/\/xstone.group\/de\/#website"},"primaryImageOfPage":{"@id":"https:\/\/xstone.group\/de\/product\/10005-middle-grey\/#primaryimage"},"image":{"@id":"https:\/\/xstone.group\/de\/product\/10005-middle-grey\/#primaryimage"},"thumbnailUrl":"https:\/\/xstone.group\/wp-content\/uploads\/2025\/11\/10005-scaled.webp","datePublished":"2025-11-28T14:37:08+00:00","description":"Entdecken Sie eine nat\u00fcrliche graue Mineralfarbe, die von Stein und rauen Oberfl\u00e4chen inspiriert ist und sich perfekt f\u00fcr die Gestaltung ruhiger, ausgeglichener und zeitloser Innenr\u00e4ume und architektonischer R\u00e4ume eignet.","breadcrumb":{"@id":"https:\/\/xstone.group\/de\/product\/10005-middle-grey\/#breadcrumb"},"inLanguage":"de","potentialAction":[{"@type":"ReadAction","target":["https:\/\/xstone.group\/de\/product\/10005-middle-grey\/"]}]},{"@type":"ImageObject","inLanguage":"de","@id":"https:\/\/xstone.group\/de\/product\/10005-middle-grey\/#primaryimage","url":"https:\/\/xstone.group\/wp-content\/uploads\/2025\/11\/10005-scaled.webp","contentUrl":"https:\/\/xstone.group\/wp-content\/uploads\/2025\/11\/10005-scaled.webp","width":2560,"height":1667},{"@type":"BreadcrumbList","@id":"https:\/\/xstone.group\/de\/product\/10005-middle-grey\/#breadcrumb","itemListElement":[{"@type":"ListItem","position":1,"name":"Home","item":"https:\/\/xstone.group\/de\/"},{"@type":"ListItem","position":2,"name":"Produkte","item":"https:\/\/xstone.group\/de\/shop\/"},{"@type":"ListItem","position":3,"name":"10005 | Mittelgrau"}]},{"@type":"WebSite","@id":"https:\/\/xstone.group\/de\/#website","url":"https:\/\/xstone.group\/de\/","name":"XSTONE","description":"Authentische und grenzenlose mineralische Sch\u00f6nheit, ungebunden von der Schwerkraft","potentialAction":[{"@type":"SearchAction","target":{"@type":"EntryPoint","urlTemplate":"https:\/\/xstone.group\/de\/?s={search_term_string}"},"query-input":{"@type":"PropertyValueSpecification","valueRequired":true,"valueName":"search_term_string"}}],"inLanguage":"de"}]}},"spectra_custom_meta":{"_last_translation_edit_mode":["translation-editor"],"_wcml_average_rating":[null],"_wcml_review_count":[null],"_wcml_rating_count":[null],"_yoast_wpseo_primary_product_cat":["318"],"_backorders":["no"],"_download_limit":["-1"],"_download_expiry":["-1"],"_downloadable":["no"],"_manage_stock":["no"],"_sku":["10005"],"_stock_status":["instock"],"_sold_individually":["no"],"_tax_class":[""],"_tax_status":["taxable"],"_virtual":["no"],"total_sales":["0"],"_wpml_media_duplicate":["1"],"_wpml_media_featured":["1"],"stick-header-meta":["default"],"site-sidebar-layout":["default"],"theme-transparent-header-meta":["default"],"ast-site-content-layout":["default"],"site-content-style":["default"],"site-sidebar-style":["default"],"_yoast_wpseo_metadesc":["Entdecken Sie eine nat\u00fcrliche graue Mineralfarbe, die von Stein und rauen Oberfl\u00e4chen inspiriert ist und sich perfekt f\u00fcr die Gestaltung ruhiger, ausgeglichener und zeitloser Innenr\u00e4ume und architektonischer R\u00e4ume eignet."],"_yoast_wpseo_focuskw":["nat\u00fcrliche graue Mineralfarbe"],"_thumbnail_id":["24769"],"_product_image_gallery":[""],"_product_attributes":["a:3:{s:7:\"pa_tone\";a:6:{s:4:\"name\";s:7:\"pa_tone\";s:5:\"value\";s:0:\"\";s:8:\"position\";i:0;s:10:\"is_visible\";i:1;s:12:\"is_variation\";i:0;s:11:\"is_taxonomy\";i:1;}s:13:\"pa_color-code\";a:6:{s:4:\"name\";s:13:\"pa_color-code\";s:5:\"value\";s:0:\"\";s:8:\"position\";i:1;s:10:\"is_visible\";i:1;s:12:\"is_variation\";i:0;s:11:\"is_taxonomy\";i:1;}s:9:\"pa_finish\";a:6:{s:4:\"name\";s:9:\"pa_finish\";s:5:\"value\";s:0:\"\";s:8:\"position\";i:2;s:10:\"is_visible\";i:1;s:12:\"is_variation\";i:0;s:11:\"is_taxonomy\";i:1;}}"],"_wpml_word_count":["56"],"two_optimized_date":["1776548527"],"woolentor_views_count_product":["40"],"_uag_css_file_name":["uag-css-24767.css"],"_uag_js_file_name":["uag-js-24767.js"],"tp_widgets":["a:2:{s:7:\"widgets\";a:6:{i:0;s:18:\"plus-list-skeleton\";i:1;s:22:\"plus-listing-load-more\";i:2;s:18:\"plus-listing-metro\";i:3;s:18:\"tp-product-listout\";i:4;s:17:\"tp-single-style_1\";i:5;s:19:\"tp-woo-single-image\";}s:9:\"update_at\";s:10:\"1777019468\";}"],"_elementor_edit_mode":["builder"],"_selectproduct_layout":["16271"],"_elementor_page_assets":["a:0:{}"],"_elementor_css":["a:7:{s:4:\"time\";i:1778698412;s:5:\"fonts\";a:0:{}s:5:\"icons\";a:0:{}s:20:\"dynamic_elements_ids\";a:0:{}s:6:\"status\";s:5:\"empty\";i:0;s:0:\"\";s:3:\"css\";s:0:\"\";}"],"_wc_rating_count":[""],"_wc_review_count":[""],"_wc_average_rating":[0]},"uagb_featured_image_src":{"full":["https:\/\/xstone.group\/wp-content\/uploads\/2025\/11\/10005-scaled.webp",2560,1667,false],"thumbnail":["https:\/\/xstone.group\/wp-content\/uploads\/2025\/11\/10005-150x150.webp",150,150,true],"medium":["https:\/\/xstone.group\/wp-content\/uploads\/2025\/11\/10005-300x195.webp",300,195,true],"medium_large":["https:\/\/xstone.group\/wp-content\/uploads\/2025\/11\/10005-768x500.webp",768,500,true],"large":["https:\/\/xstone.group\/wp-content\/uploads\/2025\/11\/10005-1024x667.webp",1024,667,true],"1536x1536":["https:\/\/xstone.group\/wp-content\/uploads\/2025\/11\/10005-1536x1000.webp",1536,1000,true],"2048x2048":["https:\/\/xstone.group\/wp-content\/uploads\/2025\/11\/10005-2048x1333.webp",2048,1333,true],"tp-image-grid":["https:\/\/xstone.group\/wp-content\/uploads\/2025\/11\/10005-scaled.webp",700,456,false],"tenweb_optimizer_mobile":["https:\/\/xstone.group\/wp-content\/uploads\/2025\/11\/10005-600x391.webp",600,391,true],"tenweb_optimizer_tablet":["https:\/\/xstone.group\/wp-content\/uploads\/2025\/11\/10005-768x500.webp",768,500,true],"woocommerce_thumbnail":["https:\/\/xstone.group\/wp-content\/uploads\/2025\/11\/10005-300x300.webp",300,300,true],"woocommerce_single":["https:\/\/xstone.group\/wp-content\/uploads\/2025\/11\/10005-600x391.webp",600,391,true],"woocommerce_gallery_thumbnail":["https:\/\/xstone.group\/wp-content\/uploads\/2025\/11\/10005-100x100.webp",100,100,true]},"uagb_author_info":{"display_name":"laurent.gomez@xstone.group","author_link":"https:\/\/xstone.group\/de\/author\/"},"uagb_comment_info":0,"uagb_excerpt":"Diese Farbe hat die ruhige St\u00e4rke von Naturstein, mit einer weichen, ged\u00e4mpften mineralischen Tiefe, die sich geerdet, ausgeglichen und m\u00fchelos elegant anf\u00fchlt. Sie schafft einen ruhigen architektonischen Hintergrund, der Licht, Form und Materialit\u00e4t hervorhebt, ohne den Raum jemals zu \u00fcberw\u00e4ltigen.","_links":{"self":[{"href":"https:\/\/xstone.group\/de\/wp-json\/wp\/v2\/product\/24767","targetHints":{"allow":["GET"]}}],"collection":[{"href":"https:\/\/xstone.group\/de\/wp-json\/wp\/v2\/product"}],"about":[{"href":"https:\/\/xstone.group\/de\/wp-json\/wp\/v2\/types\/product"}],"replies":[{"embeddable":true,"href":"https:\/\/xstone.group\/de\/wp-json\/wp\/v2\/comments?post=24767"}],"wp:featuredmedia":[{"embeddable":true,"href":"https:\/\/xstone.group\/de\/wp-json\/wp\/v2\/media\/24769"}],"wp:attachment":[{"href":"https:\/\/xstone.group\/de\/wp-json\/wp\/v2\/media?parent=24767"}],"wp:term":[{"taxonomy":"product_brand","embeddable":true,"href":"https:\/\/xstone.group\/de\/wp-json\/wp\/v2\/product_brand?post=24767"},{"taxonomy":"product_cat","embeddable":true,"href":"https:\/\/xstone.group\/de\/wp-json\/wp\/v2\/product_cat?post=24767"},{"taxonomy":"product_tag","embeddable":true,"href":"https:\/\/xstone.group\/de\/wp-json\/wp\/v2\/product_tag?post=24767"}],"curies":[{"name":"wp","href":"https:\/\/api.w.org\/{rel}","templated":true}]}}