{"id":25221,"date":"2025-11-29T19:37:02","date_gmt":"2025-11-29T19:37:02","guid":{"rendered":"https:\/\/xstone.group\/product\/ecu-ecuran\/"},"modified":"2025-11-29T19:37:02","modified_gmt":"2025-11-29T19:37:02","slug":"ecu-ecuran","status":"publish","type":"product","link":"https:\/\/xstone.group\/de\/product\/ecu-ecuran\/","title":{"rendered":"ECU | Ecuran"},"content":{"rendered":"<h4 data-section-id=\"va7zsh\" data-start=\"200\" data-end=\"250\">Nachhaltige und leistungsstarke Bodenbelagsl\u00f6sung<\/h4>\n<p data-start=\"327\" data-end=\"528\">Die mit <strong data-start=\"366\" data-end=\"393\">XSTONE-Minerallaminat<\/strong> veredelten Bodenfliesen auf Ecuran-Basis stellen einen neuen Ma\u00dfstab f\u00fcr elastische Bodenbel\u00e4ge dar, der fortschrittliche Leistung, mineralische \u00c4sthetik und \u00f6kologische Verantwortung miteinander verbindet.<\/p>\n<p data-start=\"530\" data-end=\"925\">Im Gegensatz zu herk\u00f6mmlichen Vinyl- oder Kunststoffb\u00f6den ist Ecuran ein <strong data-start=\"588\" data-end=\"620\">biobasiertes Verbundmaterial<\/strong>, das aus pflanzlichen \u00d6len (wie Raps- oder Rizinus\u00f6l) in Kombination mit nat\u00fcrlichen Mineralien wie Kreide gewonnen wird. In Kombination mit der <strong data-start=\"746\" data-end=\"781\">XSTONE Minerallaminat-Oberfl\u00e4che<\/strong> bietet das System das authentische Aussehen und die Textur von Naturstein mit der Flexibilit\u00e4t einer leichten, leistungsstarken Bodenl\u00f6sung. <\/p>\n<p data-start=\"927\" data-end=\"1156\">Diese hybride Konstruktion f\u00fchrt zu einem <strong data-start=\"990\" data-end=\"1041\">PVC-freien, geruchsneutralen und praktisch emissionsfreien<\/strong> Bodenbelag, der sich besonders f\u00fcr hochwertige Wohn- und Gesch\u00e4ftsr\u00e4ume sowie f\u00fcr die Gastronomie und institutionelle Einrichtungen eignet.<\/p>\n<p><span><span data-start=\"1158\" data-end=\"1177\"><strong data-start=\"1158\" data-end=\"1177\">Die wichtigsten Vorteile:<\/strong><\/span><\/span><\/p>\n<ul data-start=\"1178\" data-end=\"1632\">\n<li data-section-id=\"1q2g36l\" data-start=\"1178\" data-end=\"1262\"><span data-start=\"1180\" data-end=\"1262\"><strong data-start=\"1180\" data-end=\"1225\">Mineralische \u00c4sthetik mit echter Steinstruktur<\/strong> durch XSTONE-Laminat-Technologie<\/span><\/li>\n<li data-section-id=\"16wd1go\" data-start=\"1263\" data-end=\"1340\"><span data-start=\"1265\" data-end=\"1340\"><strong data-start=\"1265\" data-end=\"1302\">Hervorragende mechanische Widerstandsf\u00e4higkeit<\/strong> bei starkem Verkehr und intensiver Nutzung<\/span><\/li>\n<li data-section-id=\"1tp3gpt\" data-start=\"1341\" data-end=\"1395\"><span data-start=\"1343\" data-end=\"1395\"><strong data-start=\"1343\" data-end=\"1393\">Hohe Widerstandsf\u00e4higkeit gegen Verschlei\u00df, St\u00f6\u00dfe und Chemikalien<\/strong><\/span><\/li>\n<li data-section-id=\"lkodnm\" data-start=\"1396\" data-end=\"1468\"><span data-start=\"1398\" data-end=\"1468\"><strong data-start=\"1398\" data-end=\"1419\">Komfort unter den F\u00fc\u00dfen<\/strong> dank der inh\u00e4renten Elastizit\u00e4t, die Erm\u00fcdung reduziert<\/span><\/li>\n<li data-section-id=\"u67pu7\" data-start=\"1469\" data-end=\"1546\"><span data-start=\"1471\" data-end=\"1546\"><strong data-start=\"1471\" data-end=\"1495\">Akustische Leistung<\/strong>: Ger\u00e4uschd\u00e4mpfung und leiseres Gehen<\/span><\/li>\n<li data-section-id=\"1lw3bzn\" data-start=\"1547\" data-end=\"1632\"><span data-start=\"1549\" data-end=\"1632\"><strong data-start=\"1549\" data-end=\"1589\">Leichte und flexible Alternative<\/strong> zu traditionellen Stein- oder Keramikb\u00f6den<\/span><\/li>\n<\/ul>\n<p data-start=\"1634\" data-end=\"1762\">Diese Kombination positioniert Ecuran + XSTONE als eine <strong data-start=\"1682\" data-end=\"1761\">Premium-L\u00f6sung an der Schnittstelle von Design, Leistung und Wohlbefinden<\/strong>.<\/p>\n","protected":false},"excerpt":{"rendered":"<p>Nachhaltige und leistungsstarke Bodenbelagsl\u00f6sung Die mit XSTONE-Minerallaminat veredelten Bodenfliesen auf Ecuran-Basis stellen einen neuen Ma\u00dfstab f\u00fcr elastische Bodenbel\u00e4ge dar, der fortschrittliche Leistung, mineralische \u00c4sthetik und \u00f6kologische Verantwortung miteinander verbindet. Im Gegensatz zu herk\u00f6mmlichen Vinyl- oder Kunststoffb\u00f6den ist Ecuran ein biobasiertes Verbundmaterial, das aus pflanzlichen \u00d6len (wie Raps- oder Rizinus\u00f6l) in Kombination mit nat\u00fcrlichen Mineralien wie [&hellip;]<\/p>\n","protected":false},"featured_media":25225,"comment_status":"open","ping_status":"closed","template":"","meta":{"_acf_changed":false,"_uag_custom_page_level_css":"","site-sidebar-layout":"default","site-content-layout":"","ast-site-content-layout":"default","site-content-style":"default","site-sidebar-style":"default","ast-global-header-display":"","ast-banner-title-visibility":"","ast-main-header-display":"","ast-hfb-above-header-display":"","ast-hfb-below-header-display":"","ast-hfb-mobile-header-display":"","site-post-title":"","ast-breadcrumbs-content":"","ast-featured-img":"","footer-sml-layout":"","theme-transparent-header-meta":"default","adv-header-id-meta":"","stick-header-meta":"default","header-above-stick-meta":"","header-main-stick-meta":"","header-below-stick-meta":"","astra-migrate-meta-layouts":"default","ast-page-background-enabled":"default","ast-page-background-meta":{"desktop":{"background-color":"var(--ast-global-color-4)","background-image":"","background-repeat":"repeat","background-position":"center center","background-size":"auto","background-attachment":"scroll","background-type":"","background-media":"","overlay-type":"","overlay-color":"","overlay-opacity":"","overlay-gradient":""},"tablet":{"background-color":"","background-image":"","background-repeat":"repeat","background-position":"center center","background-size":"auto","background-attachment":"scroll","background-type":"","background-media":"","overlay-type":"","overlay-color":"","overlay-opacity":"","overlay-gradient":""},"mobile":{"background-color":"","background-image":"","background-repeat":"repeat","background-position":"center center","background-size":"auto","background-attachment":"scroll","background-type":"","background-media":"","overlay-type":"","overlay-color":"","overlay-opacity":"","overlay-gradient":""}},"ast-content-background-meta":{"desktop":{"background-color":"var(--ast-global-color-5)","background-image":"","background-repeat":"repeat","background-position":"center center","background-size":"auto","background-attachment":"scroll","background-type":"","background-media":"","overlay-type":"","overlay-color":"","overlay-opacity":"","overlay-gradient":""},"tablet":{"background-color":"var(--ast-global-color-5)","background-image":"","background-repeat":"repeat","background-position":"center center","background-size":"auto","background-attachment":"scroll","background-type":"","background-media":"","overlay-type":"","overlay-color":"","overlay-opacity":"","overlay-gradient":""},"mobile":{"background-color":"var(--ast-global-color-5)","background-image":"","background-repeat":"repeat","background-position":"center center","background-size":"auto","background-attachment":"scroll","background-type":"","background-media":"","overlay-type":"","overlay-color":"","overlay-opacity":"","overlay-gradient":""}}},"product_brand":[],"product_cat":[8730],"product_tag":[3802],"class_list":{"0":"post-25221","1":"product","2":"type-product","3":"status-publish","4":"has-post-thumbnail","6":"product_cat-backing","7":"product_tag-comp-backing-15492","8":"desktop-align-left","9":"tablet-align-left","10":"mobile-align-left","12":"first","13":"instock","14":"shipping-taxable","15":"product-type-simple"},"acf":[],"yoast_head":"<!-- This site is optimized with the Yoast SEO Premium plugin v27.4 (Yoast SEO v27.4) - https:\/\/yoast.com\/product\/yoast-seo-premium-wordpress\/ -->\n<title>ECU | Ecuran - XSTONE<\/title>\n<meta name=\"robots\" content=\"index, follow, max-snippet:-1, max-image-preview:large, max-video-preview:-1\" \/>\n<link rel=\"canonical\" href=\"https:\/\/xstone.group\/de\/product\/ecu-ecuran\/\" \/>\n<meta property=\"og:locale\" content=\"de_DE\" \/>\n<meta property=\"og:type\" content=\"article\" \/>\n<meta property=\"og:title\" content=\"ECU | Ecuran\" \/>\n<meta property=\"og:description\" content=\"Nachhaltige und leistungsstarke Bodenbelagsl\u00f6sung Die mit XSTONE-Minerallaminat veredelten Bodenfliesen auf Ecuran-Basis stellen einen neuen Ma\u00dfstab f\u00fcr elastische Bodenbel\u00e4ge dar, der fortschrittliche Leistung, mineralische \u00c4sthetik und \u00f6kologische Verantwortung miteinander verbindet. Im Gegensatz zu herk\u00f6mmlichen Vinyl- oder Kunststoffb\u00f6den ist Ecuran ein biobasiertes Verbundmaterial, das aus pflanzlichen \u00d6len (wie Raps- oder Rizinus\u00f6l) in Kombination mit nat\u00fcrlichen Mineralien wie [&hellip;]\" \/>\n<meta property=\"og:url\" content=\"https:\/\/xstone.group\/de\/product\/ecu-ecuran\/\" \/>\n<meta property=\"og:site_name\" content=\"XSTONE\" \/>\n<meta property=\"article:publisher\" content=\"https:\/\/www.facebook.com\/Xstonesurfaces1\/\" \/>\n<meta property=\"og:image\" content=\"https:\/\/xstone.group\/wp-content\/uploads\/2025\/11\/Ecuran-scaled.webp\" \/>\n\t<meta property=\"og:image:width\" content=\"2560\" \/>\n\t<meta property=\"og:image:height\" content=\"2560\" \/>\n\t<meta property=\"og:image:type\" content=\"image\/webp\" \/>\n<meta name=\"twitter:card\" content=\"summary_large_image\" \/>\n<meta name=\"twitter:label1\" content=\"Gesch\u00e4tzte Lesezeit\" \/>\n\t<meta name=\"twitter:data1\" content=\"1\u00a0Minute\" \/>\n<script type=\"application\/ld+json\" class=\"yoast-schema-graph\">{\"@context\":\"https:\\\/\\\/schema.org\",\"@graph\":[{\"@type\":\"WebPage\",\"@id\":\"https:\\\/\\\/xstone.group\\\/de\\\/product\\\/ecu-ecuran\\\/\",\"url\":\"https:\\\/\\\/xstone.group\\\/de\\\/product\\\/ecu-ecuran\\\/\",\"name\":\"ECU | Ecuran - XSTONE\",\"isPartOf\":{\"@id\":\"https:\\\/\\\/xstone.group\\\/de\\\/#website\"},\"primaryImageOfPage\":{\"@id\":\"https:\\\/\\\/xstone.group\\\/de\\\/product\\\/ecu-ecuran\\\/#primaryimage\"},\"image\":{\"@id\":\"https:\\\/\\\/xstone.group\\\/de\\\/product\\\/ecu-ecuran\\\/#primaryimage\"},\"thumbnailUrl\":\"https:\\\/\\\/xstone.group\\\/wp-content\\\/uploads\\\/2025\\\/11\\\/Ecuran-scaled.webp\",\"datePublished\":\"2025-11-29T19:37:02+00:00\",\"breadcrumb\":{\"@id\":\"https:\\\/\\\/xstone.group\\\/de\\\/product\\\/ecu-ecuran\\\/#breadcrumb\"},\"inLanguage\":\"de\",\"potentialAction\":[{\"@type\":\"ReadAction\",\"target\":[\"https:\\\/\\\/xstone.group\\\/de\\\/product\\\/ecu-ecuran\\\/\"]}]},{\"@type\":\"ImageObject\",\"inLanguage\":\"de\",\"@id\":\"https:\\\/\\\/xstone.group\\\/de\\\/product\\\/ecu-ecuran\\\/#primaryimage\",\"url\":\"https:\\\/\\\/xstone.group\\\/wp-content\\\/uploads\\\/2025\\\/11\\\/Ecuran-scaled.webp\",\"contentUrl\":\"https:\\\/\\\/xstone.group\\\/wp-content\\\/uploads\\\/2025\\\/11\\\/Ecuran-scaled.webp\",\"width\":2560,\"height\":2560},{\"@type\":\"BreadcrumbList\",\"@id\":\"https:\\\/\\\/xstone.group\\\/de\\\/product\\\/ecu-ecuran\\\/#breadcrumb\",\"itemListElement\":[{\"@type\":\"ListItem\",\"position\":1,\"name\":\"Home\",\"item\":\"https:\\\/\\\/xstone.group\\\/de\\\/\"},{\"@type\":\"ListItem\",\"position\":2,\"name\":\"Produkte\",\"item\":\"https:\\\/\\\/xstone.group\\\/de\\\/shop\\\/\"},{\"@type\":\"ListItem\",\"position\":3,\"name\":\"ECU | Ecuran\"}]},{\"@type\":\"WebSite\",\"@id\":\"https:\\\/\\\/xstone.group\\\/de\\\/#website\",\"url\":\"https:\\\/\\\/xstone.group\\\/de\\\/\",\"name\":\"XSTONE\",\"description\":\"Authentische und grenzenlose mineralische Sch\u00f6nheit, ungebunden von der Schwerkraft\",\"potentialAction\":[{\"@type\":\"SearchAction\",\"target\":{\"@type\":\"EntryPoint\",\"urlTemplate\":\"https:\\\/\\\/xstone.group\\\/de\\\/?s={search_term_string}\"},\"query-input\":{\"@type\":\"PropertyValueSpecification\",\"valueRequired\":true,\"valueName\":\"search_term_string\"}}],\"inLanguage\":\"de\"}]}<\/script>\n<!-- \/ Yoast SEO Premium plugin. -->","yoast_head_json":{"title":"ECU | Ecuran - XSTONE","robots":{"index":"index","follow":"follow","max-snippet":"max-snippet:-1","max-image-preview":"max-image-preview:large","max-video-preview":"max-video-preview:-1"},"canonical":"https:\/\/xstone.group\/de\/product\/ecu-ecuran\/","og_locale":"de_DE","og_type":"article","og_title":"ECU | Ecuran","og_description":"Nachhaltige und leistungsstarke Bodenbelagsl\u00f6sung Die mit XSTONE-Minerallaminat veredelten Bodenfliesen auf Ecuran-Basis stellen einen neuen Ma\u00dfstab f\u00fcr elastische Bodenbel\u00e4ge dar, der fortschrittliche Leistung, mineralische \u00c4sthetik und \u00f6kologische Verantwortung miteinander verbindet. Im Gegensatz zu herk\u00f6mmlichen Vinyl- oder Kunststoffb\u00f6den ist Ecuran ein biobasiertes Verbundmaterial, das aus pflanzlichen \u00d6len (wie Raps- oder Rizinus\u00f6l) in Kombination mit nat\u00fcrlichen Mineralien wie [&hellip;]","og_url":"https:\/\/xstone.group\/de\/product\/ecu-ecuran\/","og_site_name":"XSTONE","article_publisher":"https:\/\/www.facebook.com\/Xstonesurfaces1\/","og_image":[{"width":2560,"height":2560,"url":"https:\/\/xstone.group\/wp-content\/uploads\/2025\/11\/Ecuran-scaled.webp","type":"image\/webp"}],"twitter_card":"summary_large_image","twitter_misc":{"Gesch\u00e4tzte Lesezeit":"1\u00a0Minute"},"schema":{"@context":"https:\/\/schema.org","@graph":[{"@type":"WebPage","@id":"https:\/\/xstone.group\/de\/product\/ecu-ecuran\/","url":"https:\/\/xstone.group\/de\/product\/ecu-ecuran\/","name":"ECU | Ecuran - XSTONE","isPartOf":{"@id":"https:\/\/xstone.group\/de\/#website"},"primaryImageOfPage":{"@id":"https:\/\/xstone.group\/de\/product\/ecu-ecuran\/#primaryimage"},"image":{"@id":"https:\/\/xstone.group\/de\/product\/ecu-ecuran\/#primaryimage"},"thumbnailUrl":"https:\/\/xstone.group\/wp-content\/uploads\/2025\/11\/Ecuran-scaled.webp","datePublished":"2025-11-29T19:37:02+00:00","breadcrumb":{"@id":"https:\/\/xstone.group\/de\/product\/ecu-ecuran\/#breadcrumb"},"inLanguage":"de","potentialAction":[{"@type":"ReadAction","target":["https:\/\/xstone.group\/de\/product\/ecu-ecuran\/"]}]},{"@type":"ImageObject","inLanguage":"de","@id":"https:\/\/xstone.group\/de\/product\/ecu-ecuran\/#primaryimage","url":"https:\/\/xstone.group\/wp-content\/uploads\/2025\/11\/Ecuran-scaled.webp","contentUrl":"https:\/\/xstone.group\/wp-content\/uploads\/2025\/11\/Ecuran-scaled.webp","width":2560,"height":2560},{"@type":"BreadcrumbList","@id":"https:\/\/xstone.group\/de\/product\/ecu-ecuran\/#breadcrumb","itemListElement":[{"@type":"ListItem","position":1,"name":"Home","item":"https:\/\/xstone.group\/de\/"},{"@type":"ListItem","position":2,"name":"Produkte","item":"https:\/\/xstone.group\/de\/shop\/"},{"@type":"ListItem","position":3,"name":"ECU | Ecuran"}]},{"@type":"WebSite","@id":"https:\/\/xstone.group\/de\/#website","url":"https:\/\/xstone.group\/de\/","name":"XSTONE","description":"Authentische und grenzenlose mineralische Sch\u00f6nheit, ungebunden von der Schwerkraft","potentialAction":[{"@type":"SearchAction","target":{"@type":"EntryPoint","urlTemplate":"https:\/\/xstone.group\/de\/?s={search_term_string}"},"query-input":{"@type":"PropertyValueSpecification","valueRequired":true,"valueName":"search_term_string"}}],"inLanguage":"de"}]}},"spectra_custom_meta":{"_last_translation_edit_mode":["translation-editor"],"_product_attributes":["a:18:{s:8:\"features\";a:6:{s:4:\"name\";s:8:\"Features\";s:5:\"value\";s:214:\"Frei von Chlor, Weichmachern und L\u00f6sungsmitteln. R\u00fcckseite auf Basis von Ecuran, einem innovativen Verbundstoff aus pflanzlichen \u00d6len und nat\u00fcrlichen Mineralien, der Langlebigkeit mit Nachhaltigkeit verbindet. \";s:8:\"position\";i:0;s:10:\"is_visible\";i:1;s:12:\"is_variation\";i:0;s:11:\"is_taxonomy\";i:0;}s:11:\"composition\";a:6:{s:4:\"name\";s:11:\"Composition\";s:5:\"value\";s:257:\"PU-Deckschicht verkehrsintensiv + Acrylfarbe oder UV-Druck + Dekor-Mineralfurnier 1 mm (90% Steinmehl) + Tr\u00e4gerschicht : ecuran-Hochleistungsverbundwerkstoff 4 mm + R\u00fcckenbeschichtung : Integriertes FleeceTEC-System f\u00fcr einfache und komfortable Verlegung\";s:8:\"position\";i:1;s:10:\"is_visible\";i:1;s:12:\"is_variation\";i:0;s:11:\"is_taxonomy\";i:0;}s:4:\"size\";a:6:{s:4:\"name\";s:4:\"Size\";s:5:\"value\";s:70:\"1200 x 800 mm; 3000 x 1000 mm; Andere Gr\u00f6\u00dfen auf Anfrage erh\u00e4ltlich\";s:8:\"position\";i:2;s:10:\"is_visible\";i:1;s:12:\"is_variation\";i:0;s:11:\"is_taxonomy\";i:0;}s:12:\"pa_thickness\";a:6:{s:4:\"name\";s:12:\"pa_thickness\";s:5:\"value\";s:0:\"\";s:8:\"position\";i:3;s:10:\"is_visible\";i:1;s:12:\"is_variation\";i:0;s:11:\"is_taxonomy\";i:1;}s:14:\"pa_fire-rating\";a:6:{s:4:\"name\";s:14:\"pa_fire-rating\";s:5:\"value\";s:0:\"\";s:8:\"position\";i:4;s:10:\"is_visible\";i:1;s:12:\"is_variation\";i:0;s:11:\"is_taxonomy\";i:1;}s:33:\"utilization-class-23-en-iso-10874\";a:6:{s:4:\"name\";s:35:\"Utilization class 23 : EN ISO 10874\";s:5:\"value\";s:42:\"H\u00e4uslicher Bereich mit intensiver Nutzung\";s:8:\"position\";i:5;s:10:\"is_visible\";i:1;s:12:\"is_variation\";i:0;s:11:\"is_taxonomy\";i:0;}s:33:\"utilization-class-33-en-iso-10874\";a:6:{s:4:\"name\";s:35:\"Utilization class 33 : EN ISO 10874\";s:5:\"value\";s:39:\"Gewerblicher Sektor mit starker Nutzung\";s:8:\"position\";i:6;s:10:\"is_visible\";i:1;s:12:\"is_variation\";i:0;s:11:\"is_taxonomy\";i:0;}s:35:\"scratch-resistance-en-16776-annex-a\";a:6:{s:4:\"name\";s:38:\"Scratch resistance : EN 16776, annex A\";s:5:\"value\";s:30:\"Verwendungsklasse 33: &gt; 6 N\";s:8:\"position\";i:7;s:10:\"is_visible\";i:1;s:12:\"is_variation\";i:0;s:11:\"is_taxonomy\";i:0;}s:28:\"anti-slip-category-din-51130\";a:6:{s:4:\"name\";s:30:\"Anti slip category : DIN 51130\";s:5:\"value\";s:2:\"R9\";s:8:\"position\";i:8;s:10:\"is_visible\";i:1;s:12:\"is_variation\";i:0;s:11:\"is_taxonomy\";i:0;}s:45:\"staining-and-chemical-resistance-en-iso-26987\";a:6:{s:4:\"name\";s:46:\"Staining and chemical resistance: EN ISO 26987\";s:5:\"value\";s:62:\"Sehr gute Best\u00e4ndigkeit je nach Konzentration und Verweilzeit\";s:8:\"position\";i:9;s:10:\"is_visible\";i:1;s:12:\"is_variation\";i:0;s:11:\"is_taxonomy\";i:0;}s:29:\"light-fastness-en-iso-105-b02\";a:6:{s:4:\"name\";s:31:\"Light fastness : EN ISO 105-B02\";s:5:\"value\";s:2:\"~7\";s:8:\"position\";i:10;s:10:\"is_visible\";i:1;s:12:\"is_variation\";i:0;s:11:\"is_taxonomy\";i:0;}s:35:\"residual-indentation-en-iso-24343-1\";a:6:{s:4:\"name\";s:37:\"Residual indentation : EN ISO 24343-1\";s:5:\"value\";s:12:\"&lt; 0,10 mm\";s:8:\"position\";i:11;s:10:\"is_visible\";i:1;s:12:\"is_variation\";i:0;s:11:\"is_taxonomy\";i:0;}s:32:\"effect-of-a-furniture-leg-en-424\";a:6:{s:4:\"name\";s:34:\"Effect of a furniture leg : EN 424\";s:5:\"value\";s:49:\"im Test: Fu\u00dftyp 2 - keine sichtbare Ver\u00e4nderung\";s:8:\"position\";i:12;s:10:\"is_visible\";i:1;s:12:\"is_variation\";i:0;s:11:\"is_taxonomy\";i:0;}s:29:\"castor-chair-test-en-iso-4918\";a:6:{s:4:\"name\";s:31:\"Castor chair test : EN ISO 4918\";s:5:\"value\";s:49:\"25000 Umdrehungen. kein Schaden bei Rollen Typ W \";s:8:\"position\";i:13;s:10:\"is_visible\";i:1;s:12:\"is_variation\";i:0;s:11:\"is_taxonomy\";i:0;}s:27:\"thermal-resistance-iso-8302\";a:6:{s:4:\"name\";s:29:\"Thermal resistance : ISO 8302\";s:5:\"value\";s:13:\"0,01 (m\u00b2K)\/W\";s:8:\"position\";i:14;s:10:\"is_visible\";i:1;s:12:\"is_variation\";i:0;s:11:\"is_taxonomy\";i:0;}s:35:\"impact-sound-reduction-en-iso-10140\";a:6:{s:4:\"name\";s:37:\"Impact sound reduction : EN ISO 10140\";s:5:\"value\";s:6:\"~ 5 dB\";s:8:\"position\";i:15;s:10:\"is_visible\";i:1;s:12:\"is_variation\";i:0;s:11:\"is_taxonomy\";i:0;}s:32:\"dimension-stability-en-iso-23999\";a:6:{s:4:\"name\";s:34:\"Dimension stability : EN ISO 23999\";s:5:\"value\";s:11:\"&lt; 0.15 %\";s:8:\"position\";i:16;s:10:\"is_visible\";i:1;s:12:\"is_variation\";i:0;s:11:\"is_taxonomy\";i:0;}s:5:\"reach\";a:6:{s:4:\"name\";s:5:\"REACH\";s:5:\"value\";s:33:\"frei von SVHC-Stoffen &gt; 0,1 %.\";s:8:\"position\";i:17;s:10:\"is_visible\";i:1;s:12:\"is_variation\";i:0;s:11:\"is_taxonomy\";i:0;}}"],"attr_label_translations":["a:1:{s:2:\"de\";a:16:{s:8:\"features\";s:13:\"Eigenschaften\";s:11:\"composition\";s:15:\"Zusammensetzung\";s:4:\"size\";s:7:\"Gr\u00f6\u00dfe\";s:33:\"utilization-class-23-en-iso-10874\";s:32:\"Nutzungsklasse 23 : EN ISO 10874\";s:33:\"utilization-class-33-en-iso-10874\";s:32:\"Nutzungsklasse 33 : EN ISO 10874\";s:35:\"scratch-resistance-en-16776-annex-a\";s:36:\"Kratzfestigkeit : EN 16776, Anhang A\";s:28:\"anti-slip-category-din-51130\";s:36:\"Rutschhemmende Kategorie : DIN 51130\";s:45:\"staining-and-chemical-resistance-en-iso-26987\";s:52:\"Flecken- und Chemikalienbest\u00e4ndigkeit: EN ISO 26987\";s:29:\"light-fastness-en-iso-105-b02\";s:30:\"Lichtechtheit : EN ISO 105-B02\";s:35:\"residual-indentation-en-iso-24343-1\";s:29:\"Resteindruck : EN ISO 24343-1\";s:32:\"effect-of-a-furniture-leg-en-424\";s:34:\"Wirkung eines M\u00f6belbeins : EN 424\";s:29:\"castor-chair-test-en-iso-4918\";s:30:\"Stuhlrollen-Test : EN ISO 4918\";s:27:\"thermal-resistance-iso-8302\";s:31:\"W\u00e4rmebest\u00e4ndigkeit : ISO 8302\";s:35:\"impact-sound-reduction-en-iso-10140\";s:34:\"Trittschalld\u00e4mmung : EN ISO 10140\";s:32:\"dimension-stability-en-iso-23999\";s:29:\"Ma\u00dfhaltigkeit : EN ISO 23999\";s:5:\"reach\";s:5:\"REACH\";}}"],"_wcml_average_rating":[null],"_wcml_review_count":[null],"_wcml_rating_count":[null],"_yoast_wpseo_primary_product_cat":["331"],"_backorders":["no"],"_download_limit":["-1"],"_download_expiry":["-1"],"_downloadable":["no"],"_manage_stock":["no"],"_sku":["ECU"],"_stock_status":["instock"],"_sold_individually":["no"],"_tax_class":[""],"_tax_status":["taxable"],"_virtual":["no"],"total_sales":["0"],"_wpml_media_duplicate":["1"],"_wpml_media_featured":["1"],"stick-header-meta":["default"],"site-sidebar-layout":["default"],"theme-transparent-header-meta":["default"],"ast-site-content-layout":["default"],"site-content-style":["default"],"site-sidebar-style":["default"],"_thumbnail_id":["25225"],"_wpml_word_count":["284"],"two_optimized_date":["1776579785"],"woolentor_views_count_product":["14"],"_uag_css_file_name":["uag-css-25221.css"],"_uag_js_file_name":["uag-js-25221.js"],"tp_widgets":["a:2:{s:7:\"widgets\";a:6:{i:0;s:18:\"plus-list-skeleton\";i:1;s:22:\"plus-listing-load-more\";i:2;s:18:\"plus-listing-metro\";i:3;s:18:\"tp-product-listout\";i:4;s:17:\"tp-single-style_1\";i:5;s:19:\"tp-woo-single-image\";}s:9:\"update_at\";s:10:\"1776541402\";}"],"_elementor_edit_mode":["builder"],"_selectproduct_layout":["17824"],"_wc_rating_count":[""],"_wc_review_count":[""],"_wc_average_rating":[0]},"uagb_featured_image_src":{"full":["https:\/\/xstone.group\/wp-content\/uploads\/2025\/11\/Ecuran-scaled.webp",2560,2560,false],"thumbnail":["https:\/\/xstone.group\/wp-content\/uploads\/2025\/11\/Ecuran-150x150.webp",150,150,true],"medium":["https:\/\/xstone.group\/wp-content\/uploads\/2025\/11\/Ecuran-300x300.webp",300,300,true],"medium_large":["https:\/\/xstone.group\/wp-content\/uploads\/2025\/11\/Ecuran-768x768.webp",768,768,true],"large":["https:\/\/xstone.group\/wp-content\/uploads\/2025\/11\/Ecuran-1024x1024.webp",1024,1024,true],"1536x1536":["https:\/\/xstone.group\/wp-content\/uploads\/2025\/11\/Ecuran-1536x1536.webp",1536,1536,true],"2048x2048":["https:\/\/xstone.group\/wp-content\/uploads\/2025\/11\/Ecuran-2048x2048.webp",2048,2048,true],"tp-image-grid":["https:\/\/xstone.group\/wp-content\/uploads\/2025\/11\/Ecuran-scaled.webp",700,700,false],"tenweb_optimizer_mobile":["https:\/\/xstone.group\/wp-content\/uploads\/2025\/11\/Ecuran-600x600.webp",600,600,true],"tenweb_optimizer_tablet":["https:\/\/xstone.group\/wp-content\/uploads\/2025\/11\/Ecuran-768x768.webp",768,768,true],"woocommerce_thumbnail":["https:\/\/xstone.group\/wp-content\/uploads\/2025\/11\/Ecuran-300x300.webp",300,300,true],"woocommerce_single":["https:\/\/xstone.group\/wp-content\/uploads\/2025\/11\/Ecuran-600x600.webp",600,600,true],"woocommerce_gallery_thumbnail":["https:\/\/xstone.group\/wp-content\/uploads\/2025\/11\/Ecuran-100x100.webp",100,100,true]},"uagb_author_info":{"display_name":"laurent.gomez@xstone.group","author_link":"https:\/\/xstone.group\/de\/author\/"},"uagb_comment_info":0,"uagb_excerpt":"Nachhaltige und leistungsstarke Bodenbelagsl\u00f6sung Die mit XSTONE-Minerallaminat veredelten Bodenfliesen auf Ecuran-Basis stellen einen neuen Ma\u00dfstab f\u00fcr elastische Bodenbel\u00e4ge dar, der fortschrittliche Leistung, mineralische \u00c4sthetik und \u00f6kologische Verantwortung miteinander verbindet. Im Gegensatz zu herk\u00f6mmlichen Vinyl- oder Kunststoffb\u00f6den ist Ecuran ein biobasiertes Verbundmaterial, das aus pflanzlichen \u00d6len (wie Raps- oder Rizinus\u00f6l) in Kombination mit nat\u00fcrlichen Mineralien wie&hellip;","_links":{"self":[{"href":"https:\/\/xstone.group\/de\/wp-json\/wp\/v2\/product\/25221","targetHints":{"allow":["GET"]}}],"collection":[{"href":"https:\/\/xstone.group\/de\/wp-json\/wp\/v2\/product"}],"about":[{"href":"https:\/\/xstone.group\/de\/wp-json\/wp\/v2\/types\/product"}],"replies":[{"embeddable":true,"href":"https:\/\/xstone.group\/de\/wp-json\/wp\/v2\/comments?post=25221"}],"wp:featuredmedia":[{"embeddable":true,"href":"https:\/\/xstone.group\/de\/wp-json\/wp\/v2\/media\/25225"}],"wp:attachment":[{"href":"https:\/\/xstone.group\/de\/wp-json\/wp\/v2\/media?parent=25221"}],"wp:term":[{"taxonomy":"product_brand","embeddable":true,"href":"https:\/\/xstone.group\/de\/wp-json\/wp\/v2\/product_brand?post=25221"},{"taxonomy":"product_cat","embeddable":true,"href":"https:\/\/xstone.group\/de\/wp-json\/wp\/v2\/product_cat?post=25221"},{"taxonomy":"product_tag","embeddable":true,"href":"https:\/\/xstone.group\/de\/wp-json\/wp\/v2\/product_tag?post=25221"}],"curies":[{"name":"wp","href":"https:\/\/api.w.org\/{rel}","templated":true}]}}