{"id":28677,"date":"2026-02-11T11:05:27","date_gmt":"2026-02-11T11:05:27","guid":{"rendered":"https:\/\/xstone.group\/product\/10024-helles-kieselgrau\/"},"modified":"2026-02-11T11:05:27","modified_gmt":"2026-02-11T11:05:27","slug":"10024-light-pebble-grey","status":"publish","type":"product","link":"https:\/\/xstone.group\/de\/product\/10024-light-pebble-grey\/","title":{"rendered":"10024 | Helles Kieselgrau"},"content":{"rendered":"<p>Ein sanftes, helles Kieselgrau mit zarten mineralischen Untert\u00f6nen. Dieser Farbton verk\u00f6rpert unaufdringliche Eleganz und nat\u00fcrliche Raffinesse. Sein k\u00fchl-beiger Grundton ist mit subtilen Sprenkeln und wolkigen, kalkstein\u00e4hnlichen Variationen angereichert, wodurch eine Oberfl\u00e4che entsteht, die organisch, leuchtend und m\u00fchelos modern wirkt. Der Farbton schafft ein Gleichgewicht zwischen Frische und W\u00e4rme und ist damit ideal f\u00fcr Innenr\u00e4ume, die Klarheit ohne Sterilit\u00e4t und Textur ohne \u00dcberma\u00df suchen. Er erinnert an glatten Flussstein und leicht verwitterten Kalkstein und bringt ruhige Raffinesse und architektonische Harmonie in moderne R\u00e4ume.   <\/p>\n","protected":false},"excerpt":{"rendered":"<p>Ein sanftes, helles Kieselgrau mit zarten mineralischen Untert\u00f6nen. Dieser Farbton verk\u00f6rpert unaufdringliche Eleganz und nat\u00fcrliche Raffinesse. Sein k\u00fchl-beiger Grundton ist mit subtilen Sprenkeln und wolkigen, kalkstein\u00e4hnlichen Variationen angereichert, wodurch eine Oberfl\u00e4che entsteht, die organisch, leuchtend und m\u00fchelos modern wirkt. Der Farbton schafft ein Gleichgewicht zwischen Frische und W\u00e4rme und ist damit ideal f\u00fcr Innenr\u00e4ume, die [&hellip;]<\/p>\n","protected":false},"featured_media":28668,"comment_status":"open","ping_status":"closed","template":"","meta":{"_acf_changed":false,"_uag_custom_page_level_css":"","site-sidebar-layout":"default","site-content-layout":"","ast-site-content-layout":"default","site-content-style":"default","site-sidebar-style":"default","ast-global-header-display":"","ast-banner-title-visibility":"","ast-main-header-display":"","ast-hfb-above-header-display":"","ast-hfb-below-header-display":"","ast-hfb-mobile-header-display":"","site-post-title":"","ast-breadcrumbs-content":"","ast-featured-img":"","footer-sml-layout":"","theme-transparent-header-meta":"default","adv-header-id-meta":"","stick-header-meta":"default","header-above-stick-meta":"","header-main-stick-meta":"","header-below-stick-meta":"","astra-migrate-meta-layouts":"default","ast-page-background-enabled":"default","ast-page-background-meta":{"desktop":{"background-color":"var(--ast-global-color-4)","background-image":"","background-repeat":"repeat","background-position":"center center","background-size":"auto","background-attachment":"scroll","background-type":"","background-media":"","overlay-type":"","overlay-color":"","overlay-opacity":"","overlay-gradient":""},"tablet":{"background-color":"","background-image":"","background-repeat":"repeat","background-position":"center center","background-size":"auto","background-attachment":"scroll","background-type":"","background-media":"","overlay-type":"","overlay-color":"","overlay-opacity":"","overlay-gradient":""},"mobile":{"background-color":"","background-image":"","background-repeat":"repeat","background-position":"center center","background-size":"auto","background-attachment":"scroll","background-type":"","background-media":"","overlay-type":"","overlay-color":"","overlay-opacity":"","overlay-gradient":""}},"ast-content-background-meta":{"desktop":{"background-color":"var(--ast-global-color-5)","background-image":"","background-repeat":"repeat","background-position":"center center","background-size":"auto","background-attachment":"scroll","background-type":"","background-media":"","overlay-type":"","overlay-color":"","overlay-opacity":"","overlay-gradient":""},"tablet":{"background-color":"var(--ast-global-color-5)","background-image":"","background-repeat":"repeat","background-position":"center center","background-size":"auto","background-attachment":"scroll","background-type":"","background-media":"","overlay-type":"","overlay-color":"","overlay-opacity":"","overlay-gradient":""},"mobile":{"background-color":"var(--ast-global-color-5)","background-image":"","background-repeat":"repeat","background-position":"center center","background-size":"auto","background-attachment":"scroll","background-type":"","background-media":"","overlay-type":"","overlay-color":"","overlay-opacity":"","overlay-gradient":""}}},"product_brand":[],"product_cat":[2313,2314],"product_tag":[10583,10587,10584,10585,1521,10586],"class_list":{"0":"post-28677","1":"product","2":"type-product","3":"status-publish","4":"has-post-thumbnail","6":"product_cat-color","7":"product_cat-grey","8":"product_tag-architektonisch-neutral","9":"product_tag-elegantes-mineralien-design","10":"product_tag-helles-kieselgrau","11":"product_tag-kalkstein-effekt-textur","12":"product_tag-comp-color-17750","13":"product_tag-weiche-graue-oberflache","14":"desktop-align-left","15":"tablet-align-left","16":"mobile-align-left","18":"first","19":"instock","20":"shipping-taxable","21":"product-type-simple"},"acf":[],"yoast_head":"<!-- This site is optimized with the Yoast SEO Premium plugin v27.4 (Yoast SEO v27.4) - https:\/\/yoast.com\/product\/yoast-seo-premium-wordpress\/ -->\n<title>10024 | Helles Kieselgrau - XSTONE<\/title>\n<meta name=\"description\" content=\"Entdecken Sie eine helle kieselgraue Steinoberfl\u00e4che mit subtiler mineralischer Textur und raffinierten Untert\u00f6nen, die sich perfekt f\u00fcr moderne Interieurs eignet, die ruhige Eleganz und nat\u00fcrliche Tiefe suchen.\" \/>\n<meta name=\"robots\" content=\"index, follow, max-snippet:-1, max-image-preview:large, max-video-preview:-1\" \/>\n<link rel=\"canonical\" href=\"https:\/\/xstone.group\/de\/product\/10024-light-pebble-grey\/\" \/>\n<meta property=\"og:locale\" content=\"de_DE\" \/>\n<meta property=\"og:type\" content=\"article\" \/>\n<meta property=\"og:title\" content=\"10024 | Helles Kieselgrau\" \/>\n<meta property=\"og:description\" content=\"Entdecken Sie eine helle kieselgraue Steinoberfl\u00e4che mit subtiler mineralischer Textur und raffinierten Untert\u00f6nen, die sich perfekt f\u00fcr moderne Interieurs eignet, die ruhige Eleganz und nat\u00fcrliche Tiefe suchen.\" \/>\n<meta property=\"og:url\" content=\"https:\/\/xstone.group\/de\/product\/10024-light-pebble-grey\/\" \/>\n<meta property=\"og:site_name\" content=\"XSTONE\" \/>\n<meta property=\"article:publisher\" content=\"https:\/\/www.facebook.com\/Xstonesurfaces1\/\" \/>\n<meta property=\"og:image\" content=\"https:\/\/xstone.group\/wp-content\/uploads\/2026\/02\/Xstone-Color-10024-scaled.webp\" \/>\n\t<meta property=\"og:image:width\" content=\"2560\" \/>\n\t<meta property=\"og:image:height\" content=\"1707\" \/>\n\t<meta property=\"og:image:type\" content=\"image\/webp\" \/>\n<meta name=\"twitter:card\" content=\"summary_large_image\" \/>\n<script type=\"application\/ld+json\" class=\"yoast-schema-graph\">{\"@context\":\"https:\\\/\\\/schema.org\",\"@graph\":[{\"@type\":\"WebPage\",\"@id\":\"https:\\\/\\\/xstone.group\\\/de\\\/product\\\/10024-light-pebble-grey\\\/\",\"url\":\"https:\\\/\\\/xstone.group\\\/de\\\/product\\\/10024-light-pebble-grey\\\/\",\"name\":\"10024 | Helles Kieselgrau - XSTONE\",\"isPartOf\":{\"@id\":\"https:\\\/\\\/xstone.group\\\/de\\\/#website\"},\"primaryImageOfPage\":{\"@id\":\"https:\\\/\\\/xstone.group\\\/de\\\/product\\\/10024-light-pebble-grey\\\/#primaryimage\"},\"image\":{\"@id\":\"https:\\\/\\\/xstone.group\\\/de\\\/product\\\/10024-light-pebble-grey\\\/#primaryimage\"},\"thumbnailUrl\":\"https:\\\/\\\/xstone.group\\\/wp-content\\\/uploads\\\/2026\\\/02\\\/Xstone-Color-10024-scaled.webp\",\"datePublished\":\"2026-02-11T11:05:27+00:00\",\"description\":\"Entdecken Sie eine helle kieselgraue Steinoberfl\u00e4che mit subtiler mineralischer Textur und raffinierten Untert\u00f6nen, die sich perfekt f\u00fcr moderne Interieurs eignet, die ruhige Eleganz und nat\u00fcrliche Tiefe suchen.\",\"breadcrumb\":{\"@id\":\"https:\\\/\\\/xstone.group\\\/de\\\/product\\\/10024-light-pebble-grey\\\/#breadcrumb\"},\"inLanguage\":\"de\",\"potentialAction\":[{\"@type\":\"ReadAction\",\"target\":[\"https:\\\/\\\/xstone.group\\\/de\\\/product\\\/10024-light-pebble-grey\\\/\"]}]},{\"@type\":\"ImageObject\",\"inLanguage\":\"de\",\"@id\":\"https:\\\/\\\/xstone.group\\\/de\\\/product\\\/10024-light-pebble-grey\\\/#primaryimage\",\"url\":\"https:\\\/\\\/xstone.group\\\/wp-content\\\/uploads\\\/2026\\\/02\\\/Xstone-Color-10024-scaled.webp\",\"contentUrl\":\"https:\\\/\\\/xstone.group\\\/wp-content\\\/uploads\\\/2026\\\/02\\\/Xstone-Color-10024-scaled.webp\",\"width\":2560,\"height\":1707,\"caption\":\"Xstone-Farbe-: Helles Kieselgrau\"},{\"@type\":\"BreadcrumbList\",\"@id\":\"https:\\\/\\\/xstone.group\\\/de\\\/product\\\/10024-light-pebble-grey\\\/#breadcrumb\",\"itemListElement\":[{\"@type\":\"ListItem\",\"position\":1,\"name\":\"Home\",\"item\":\"https:\\\/\\\/xstone.group\\\/de\\\/\"},{\"@type\":\"ListItem\",\"position\":2,\"name\":\"Produkte\",\"item\":\"https:\\\/\\\/xstone.group\\\/de\\\/shop\\\/\"},{\"@type\":\"ListItem\",\"position\":3,\"name\":\"10024 | Helles Kieselgrau\"}]},{\"@type\":\"WebSite\",\"@id\":\"https:\\\/\\\/xstone.group\\\/de\\\/#website\",\"url\":\"https:\\\/\\\/xstone.group\\\/de\\\/\",\"name\":\"XSTONE\",\"description\":\"Authentische und grenzenlose mineralische Sch\u00f6nheit, ungebunden von der Schwerkraft\",\"potentialAction\":[{\"@type\":\"SearchAction\",\"target\":{\"@type\":\"EntryPoint\",\"urlTemplate\":\"https:\\\/\\\/xstone.group\\\/de\\\/?s={search_term_string}\"},\"query-input\":{\"@type\":\"PropertyValueSpecification\",\"valueRequired\":true,\"valueName\":\"search_term_string\"}}],\"inLanguage\":\"de\"}]}<\/script>\n<!-- \/ Yoast SEO Premium plugin. -->","yoast_head_json":{"title":"10024 | Helles Kieselgrau - XSTONE","description":"Entdecken Sie eine helle kieselgraue Steinoberfl\u00e4che mit subtiler mineralischer Textur und raffinierten Untert\u00f6nen, die sich perfekt f\u00fcr moderne Interieurs eignet, die ruhige Eleganz und nat\u00fcrliche Tiefe suchen.","robots":{"index":"index","follow":"follow","max-snippet":"max-snippet:-1","max-image-preview":"max-image-preview:large","max-video-preview":"max-video-preview:-1"},"canonical":"https:\/\/xstone.group\/de\/product\/10024-light-pebble-grey\/","og_locale":"de_DE","og_type":"article","og_title":"10024 | Helles Kieselgrau","og_description":"Entdecken Sie eine helle kieselgraue Steinoberfl\u00e4che mit subtiler mineralischer Textur und raffinierten Untert\u00f6nen, die sich perfekt f\u00fcr moderne Interieurs eignet, die ruhige Eleganz und nat\u00fcrliche Tiefe suchen.","og_url":"https:\/\/xstone.group\/de\/product\/10024-light-pebble-grey\/","og_site_name":"XSTONE","article_publisher":"https:\/\/www.facebook.com\/Xstonesurfaces1\/","og_image":[{"width":2560,"height":1707,"url":"https:\/\/xstone.group\/wp-content\/uploads\/2026\/02\/Xstone-Color-10024-scaled.webp","type":"image\/webp"}],"twitter_card":"summary_large_image","schema":{"@context":"https:\/\/schema.org","@graph":[{"@type":"WebPage","@id":"https:\/\/xstone.group\/de\/product\/10024-light-pebble-grey\/","url":"https:\/\/xstone.group\/de\/product\/10024-light-pebble-grey\/","name":"10024 | Helles Kieselgrau - XSTONE","isPartOf":{"@id":"https:\/\/xstone.group\/de\/#website"},"primaryImageOfPage":{"@id":"https:\/\/xstone.group\/de\/product\/10024-light-pebble-grey\/#primaryimage"},"image":{"@id":"https:\/\/xstone.group\/de\/product\/10024-light-pebble-grey\/#primaryimage"},"thumbnailUrl":"https:\/\/xstone.group\/wp-content\/uploads\/2026\/02\/Xstone-Color-10024-scaled.webp","datePublished":"2026-02-11T11:05:27+00:00","description":"Entdecken Sie eine helle kieselgraue Steinoberfl\u00e4che mit subtiler mineralischer Textur und raffinierten Untert\u00f6nen, die sich perfekt f\u00fcr moderne Interieurs eignet, die ruhige Eleganz und nat\u00fcrliche Tiefe suchen.","breadcrumb":{"@id":"https:\/\/xstone.group\/de\/product\/10024-light-pebble-grey\/#breadcrumb"},"inLanguage":"de","potentialAction":[{"@type":"ReadAction","target":["https:\/\/xstone.group\/de\/product\/10024-light-pebble-grey\/"]}]},{"@type":"ImageObject","inLanguage":"de","@id":"https:\/\/xstone.group\/de\/product\/10024-light-pebble-grey\/#primaryimage","url":"https:\/\/xstone.group\/wp-content\/uploads\/2026\/02\/Xstone-Color-10024-scaled.webp","contentUrl":"https:\/\/xstone.group\/wp-content\/uploads\/2026\/02\/Xstone-Color-10024-scaled.webp","width":2560,"height":1707,"caption":"Xstone-Farbe-: Helles Kieselgrau"},{"@type":"BreadcrumbList","@id":"https:\/\/xstone.group\/de\/product\/10024-light-pebble-grey\/#breadcrumb","itemListElement":[{"@type":"ListItem","position":1,"name":"Home","item":"https:\/\/xstone.group\/de\/"},{"@type":"ListItem","position":2,"name":"Produkte","item":"https:\/\/xstone.group\/de\/shop\/"},{"@type":"ListItem","position":3,"name":"10024 | Helles Kieselgrau"}]},{"@type":"WebSite","@id":"https:\/\/xstone.group\/de\/#website","url":"https:\/\/xstone.group\/de\/","name":"XSTONE","description":"Authentische und grenzenlose mineralische Sch\u00f6nheit, ungebunden von der Schwerkraft","potentialAction":[{"@type":"SearchAction","target":{"@type":"EntryPoint","urlTemplate":"https:\/\/xstone.group\/de\/?s={search_term_string}"},"query-input":{"@type":"PropertyValueSpecification","valueRequired":true,"valueName":"search_term_string"}}],"inLanguage":"de"}]}},"spectra_custom_meta":{"_last_translation_edit_mode":["translation-editor"],"_wcml_average_rating":[null],"_wcml_review_count":[null],"_wcml_rating_count":[null],"_yoast_wpseo_primary_product_cat":["318"],"_backorders":["no"],"_download_limit":["-1"],"_download_expiry":["-1"],"_downloadable":["no"],"_manage_stock":["no"],"_sku":["10024"],"_stock_status":["instock"],"_sold_individually":["no"],"_tax_class":[""],"_tax_status":["taxable"],"_virtual":["no"],"total_sales":["0"],"_wpml_media_duplicate":["1"],"_wpml_media_featured":["1"],"stick-header-meta":["default"],"site-sidebar-layout":["default"],"theme-transparent-header-meta":["default"],"ast-site-content-layout":["default"],"site-content-style":["default"],"site-sidebar-style":["default"],"_yoast_wpseo_metadesc":["Entdecken Sie eine helle kieselgraue Steinoberfl\u00e4che mit subtiler mineralischer Textur und raffinierten Untert\u00f6nen, die sich perfekt f\u00fcr moderne Interieurs eignet, die ruhige Eleganz und nat\u00fcrliche Tiefe suchen."],"_yoast_wpseo_focuskw":["Helle kieselgraue Steinoberfl\u00e4che"],"_thumbnail_id":["28668"],"_product_image_gallery":[""],"_product_attributes":["a:3:{s:7:\"pa_tone\";a:6:{s:4:\"name\";s:7:\"pa_tone\";s:5:\"value\";s:0:\"\";s:8:\"position\";i:0;s:10:\"is_visible\";i:1;s:12:\"is_variation\";i:0;s:11:\"is_taxonomy\";i:1;}s:13:\"pa_color-code\";a:6:{s:4:\"name\";s:13:\"pa_color-code\";s:5:\"value\";s:0:\"\";s:8:\"position\";i:1;s:10:\"is_visible\";i:1;s:12:\"is_variation\";i:0;s:11:\"is_taxonomy\";i:1;}s:9:\"pa_finish\";a:6:{s:4:\"name\";s:9:\"pa_finish\";s:5:\"value\";s:0:\"\";s:8:\"position\";i:2;s:10:\"is_visible\";i:1;s:12:\"is_variation\";i:0;s:11:\"is_taxonomy\";i:1;}}"],"_wpml_word_count":["120"],"woolentor_views_count_product":["27"],"_uag_css_file_name":["uag-css-28677.css"],"_uag_js_file_name":["uag-js-28677.js"],"tp_widgets":["a:2:{s:7:\"widgets\";a:0:{}s:9:\"update_at\";s:10:\"1777019468\";}"],"_elementor_page_assets":["a:0:{}"],"_wc_rating_count":[""],"_wc_review_count":[""],"_wc_average_rating":[0]},"uagb_featured_image_src":{"full":["https:\/\/xstone.group\/wp-content\/uploads\/2026\/02\/Xstone-Color-10024-scaled.webp",2560,1707,false],"thumbnail":["https:\/\/xstone.group\/wp-content\/uploads\/2026\/02\/Xstone-Color-10024-150x150.webp",150,150,true],"medium":["https:\/\/xstone.group\/wp-content\/uploads\/2026\/02\/Xstone-Color-10024-300x200.webp",300,200,true],"medium_large":["https:\/\/xstone.group\/wp-content\/uploads\/2026\/02\/Xstone-Color-10024-768x512.webp",768,512,true],"large":["https:\/\/xstone.group\/wp-content\/uploads\/2026\/02\/Xstone-Color-10024-1024x683.webp",1024,683,true],"1536x1536":["https:\/\/xstone.group\/wp-content\/uploads\/2026\/02\/Xstone-Color-10024-1536x1024.webp",1536,1024,true],"2048x2048":["https:\/\/xstone.group\/wp-content\/uploads\/2026\/02\/Xstone-Color-10024-2048x1365.webp",2048,1365,true],"tp-image-grid":["https:\/\/xstone.group\/wp-content\/uploads\/2026\/02\/Xstone-Color-10024-700x700.webp",700,700,true],"tenweb_optimizer_mobile":["https:\/\/xstone.group\/wp-content\/uploads\/2026\/02\/Xstone-Color-10024-600x400.webp",600,400,true],"tenweb_optimizer_tablet":["https:\/\/xstone.group\/wp-content\/uploads\/2026\/02\/Xstone-Color-10024-768x512.webp",768,512,true],"woocommerce_thumbnail":["https:\/\/xstone.group\/wp-content\/uploads\/2026\/02\/Xstone-Color-10024-300x300.webp",300,300,true],"woocommerce_single":["https:\/\/xstone.group\/wp-content\/uploads\/2026\/02\/Xstone-Color-10024-600x400.webp",600,400,true],"woocommerce_gallery_thumbnail":["https:\/\/xstone.group\/wp-content\/uploads\/2026\/02\/Xstone-Color-10024-100x100.webp",100,100,true]},"uagb_author_info":{"display_name":"laurent.gomez@xstone.group","author_link":"https:\/\/xstone.group\/de\/author\/"},"uagb_comment_info":0,"uagb_excerpt":"Ein sanftes, helles Kieselgrau mit zarten mineralischen Untert\u00f6nen. Dieser Farbton verk\u00f6rpert unaufdringliche Eleganz und nat\u00fcrliche Raffinesse. Sein k\u00fchl-beiger Grundton ist mit subtilen Sprenkeln und wolkigen, kalkstein\u00e4hnlichen Variationen angereichert, wodurch eine Oberfl\u00e4che entsteht, die organisch, leuchtend und m\u00fchelos modern wirkt. Der Farbton schafft ein Gleichgewicht zwischen Frische und W\u00e4rme und ist damit ideal f\u00fcr Innenr\u00e4ume, die&hellip;","_links":{"self":[{"href":"https:\/\/xstone.group\/de\/wp-json\/wp\/v2\/product\/28677","targetHints":{"allow":["GET"]}}],"collection":[{"href":"https:\/\/xstone.group\/de\/wp-json\/wp\/v2\/product"}],"about":[{"href":"https:\/\/xstone.group\/de\/wp-json\/wp\/v2\/types\/product"}],"replies":[{"embeddable":true,"href":"https:\/\/xstone.group\/de\/wp-json\/wp\/v2\/comments?post=28677"}],"wp:featuredmedia":[{"embeddable":true,"href":"https:\/\/xstone.group\/de\/wp-json\/wp\/v2\/media\/28668"}],"wp:attachment":[{"href":"https:\/\/xstone.group\/de\/wp-json\/wp\/v2\/media?parent=28677"}],"wp:term":[{"taxonomy":"product_brand","embeddable":true,"href":"https:\/\/xstone.group\/de\/wp-json\/wp\/v2\/product_brand?post=28677"},{"taxonomy":"product_cat","embeddable":true,"href":"https:\/\/xstone.group\/de\/wp-json\/wp\/v2\/product_cat?post=28677"},{"taxonomy":"product_tag","embeddable":true,"href":"https:\/\/xstone.group\/de\/wp-json\/wp\/v2\/product_tag?post=28677"}],"curies":[{"name":"wp","href":"https:\/\/api.w.org\/{rel}","templated":true}]}}