{"id":21717,"date":"2026-04-10T21:35:59","date_gmt":"2026-04-10T21:35:59","guid":{"rendered":"https:\/\/xstone.group\/product\/10027-cobre-oxidado\/"},"modified":"2026-04-10T21:35:59","modified_gmt":"2026-04-10T21:35:59","slug":"10027-rusted-copper","status":"publish","type":"product","link":"https:\/\/xstone.group\/es\/product\/10027-rusted-copper\/","title":{"rendered":"10027 | Cobre oxidado"},"content":{"rendered":"<p>Una hipnotizante danza de cobre oxidado y p\u00e1tina mineral, donde los verdes verdigris profundos se desti\u00f1en en charcos de turquesa el\u00e9ctrico, anclados por c\u00e1lidos matices \u00e1mbar y siena crudo en el borde de la superficie. Esto es el tiempo hecho visible: el impresionante resultado de un metal que se rinde a la naturaleza, capa a capa, produciendo una paleta viva que pasa del jade a la malaquita, del bronce al oro envejecido. Cada grieta, cada floraci\u00f3n de color cuenta una historia de transformaci\u00f3n, haciendo de esta superficie no s\u00f3lo un acabado, sino un testimonio de la sublime belleza de la entrop\u00eda.  <\/p>\n","protected":false},"excerpt":{"rendered":"<p>Una hipnotizante danza de cobre oxidado y p\u00e1tina mineral, donde los verdes verdigris profundos se desti\u00f1en en charcos de turquesa el\u00e9ctrico, anclados por c\u00e1lidos matices \u00e1mbar y siena crudo en el borde de la superficie. Esto es el tiempo hecho visible: el impresionante resultado de un metal que se rinde a la naturaleza, capa a [&hellip;]<\/p>\n","protected":false},"featured_media":21725,"comment_status":"open","ping_status":"closed","template":"","meta":{"_acf_changed":false,"_uag_custom_page_level_css":"","site-sidebar-layout":"default","site-content-layout":"","ast-site-content-layout":"default","site-content-style":"default","site-sidebar-style":"default","ast-global-header-display":"","ast-banner-title-visibility":"","ast-main-header-display":"","ast-hfb-above-header-display":"","ast-hfb-below-header-display":"","ast-hfb-mobile-header-display":"","site-post-title":"","ast-breadcrumbs-content":"","ast-featured-img":"","footer-sml-layout":"","theme-transparent-header-meta":"default","adv-header-id-meta":"","stick-header-meta":"default","header-above-stick-meta":"","header-main-stick-meta":"","header-below-stick-meta":"","astra-migrate-meta-layouts":"default","ast-page-background-enabled":"default","ast-page-background-meta":{"desktop":{"background-color":"var(--ast-global-color-4)","background-image":"","background-repeat":"repeat","background-position":"center center","background-size":"auto","background-attachment":"scroll","background-type":"","background-media":"","overlay-type":"","overlay-color":"","overlay-opacity":"","overlay-gradient":""},"tablet":{"background-color":"","background-image":"","background-repeat":"repeat","background-position":"center center","background-size":"auto","background-attachment":"scroll","background-type":"","background-media":"","overlay-type":"","overlay-color":"","overlay-opacity":"","overlay-gradient":""},"mobile":{"background-color":"","background-image":"","background-repeat":"repeat","background-position":"center center","background-size":"auto","background-attachment":"scroll","background-type":"","background-media":"","overlay-type":"","overlay-color":"","overlay-opacity":"","overlay-gradient":""}},"ast-content-background-meta":{"desktop":{"background-color":"var(--ast-global-color-5)","background-image":"","background-repeat":"repeat","background-position":"center center","background-size":"auto","background-attachment":"scroll","background-type":"","background-media":"","overlay-type":"","overlay-color":"","overlay-opacity":"","overlay-gradient":""},"tablet":{"background-color":"var(--ast-global-color-5)","background-image":"","background-repeat":"repeat","background-position":"center center","background-size":"auto","background-attachment":"scroll","background-type":"","background-media":"","overlay-type":"","overlay-color":"","overlay-opacity":"","overlay-gradient":""},"mobile":{"background-color":"var(--ast-global-color-5)","background-image":"","background-repeat":"repeat","background-position":"center center","background-size":"auto","background-attachment":"scroll","background-type":"","background-media":"","overlay-type":"","overlay-color":"","overlay-opacity":"","overlay-gradient":""}}},"product_brand":[],"product_cat":[3025,2339,3027],"product_tag":[3033,3030,3047,3043,3034,3032,2266,3036,3031,3039,3028,3035,3041,3037],"class_list":{"0":"post-21717","1":"product","2":"type-product","3":"status-publish","4":"has-post-thumbnail","6":"product_cat-blue","7":"product_cat-color","8":"product_cat-orange","9":"product_tag-oxidized-copper-veneer","10":"product_tag-rusted-copper","11":"product_tag-comp-color-18335","12":"product_tag-patinated-metal-effect","13":"product_tag-ultra-thin-stone-panel","14":"product_tag-verdigris-stone-panel","15":"product_tag-decorative-wall-panel","16":"product_tag-turquoise-patina-wall","17":"product_tag-copper-patina","18":"product_tag-copper-finish-wall-tile","19":"product_tag-architectural-stone-veneer","20":"product_tag-mineral-stone-cladding","21":"product_tag-natural-stone-veneer","22":"product_tag-luxury-interior-cladding","23":"desktop-align-left","24":"tablet-align-left","25":"mobile-align-left","27":"first","28":"instock","29":"shipping-taxable","30":"product-type-simple"},"acf":[],"yoast_head":"<!-- This site is optimized with the Yoast SEO Premium plugin v27.4 (Yoast SEO v27.4) - https:\/\/yoast.com\/product\/yoast-seo-premium-wordpress\/ -->\n<title>10027 | Cobre oxidado - XSTONE<\/title>\n<meta name=\"description\" content=\"Descubre el Cobre Oxidado XSTONE, que captura la belleza en bruto de la p\u00e1tina de cobre oxidado, con profundos tonos verdigris, turquesa y \u00e1mbar para interiores de lujo y revestimientos arquitect\u00f3nicos.\" \/>\n<meta name=\"robots\" content=\"index, follow, max-snippet:-1, max-image-preview:large, max-video-preview:-1\" \/>\n<link rel=\"canonical\" href=\"https:\/\/xstone.group\/es\/product\/10027-rusted-copper\/\" \/>\n<meta property=\"og:locale\" content=\"es_ES\" \/>\n<meta property=\"og:type\" content=\"article\" \/>\n<meta property=\"og:title\" content=\"10027 | Cobre oxidado\" \/>\n<meta property=\"og:description\" content=\"Descubre el Cobre Oxidado XSTONE, que captura la belleza en bruto de la p\u00e1tina de cobre oxidado, con profundos tonos verdigris, turquesa y \u00e1mbar para interiores de lujo y revestimientos arquitect\u00f3nicos.\" \/>\n<meta property=\"og:url\" content=\"https:\/\/xstone.group\/es\/product\/10027-rusted-copper\/\" \/>\n<meta property=\"og:site_name\" content=\"XSTONE\" \/>\n<meta property=\"article:publisher\" content=\"https:\/\/www.facebook.com\/Xstonesurfaces1\/\" \/>\n<meta property=\"og:image\" content=\"https:\/\/xstone.group\/wp-content\/uploads\/2026\/04\/XSTONE-Color-10027-Rusted-Copper.webp\" \/>\n\t<meta property=\"og:image:width\" content=\"1920\" \/>\n\t<meta property=\"og:image:height\" content=\"1440\" \/>\n\t<meta property=\"og:image:type\" content=\"image\/webp\" \/>\n<meta name=\"twitter:card\" content=\"summary_large_image\" \/>\n<meta name=\"twitter:label1\" content=\"Tiempo de lectura\" \/>\n\t<meta name=\"twitter:data1\" content=\"1 minuto\" \/>\n<script type=\"application\/ld+json\" class=\"yoast-schema-graph\">{\"@context\":\"https:\\\/\\\/schema.org\",\"@graph\":[{\"@type\":\"WebPage\",\"@id\":\"https:\\\/\\\/xstone.group\\\/es\\\/product\\\/10027-rusted-copper\\\/\",\"url\":\"https:\\\/\\\/xstone.group\\\/es\\\/product\\\/10027-rusted-copper\\\/\",\"name\":\"10027 | Cobre oxidado - XSTONE\",\"isPartOf\":{\"@id\":\"https:\\\/\\\/xstone.group\\\/es\\\/#website\"},\"primaryImageOfPage\":{\"@id\":\"https:\\\/\\\/xstone.group\\\/es\\\/product\\\/10027-rusted-copper\\\/#primaryimage\"},\"image\":{\"@id\":\"https:\\\/\\\/xstone.group\\\/es\\\/product\\\/10027-rusted-copper\\\/#primaryimage\"},\"thumbnailUrl\":\"https:\\\/\\\/xstone.group\\\/wp-content\\\/uploads\\\/2026\\\/04\\\/XSTONE-Color-10027-Rusted-Copper.webp\",\"datePublished\":\"2026-04-10T21:35:59+00:00\",\"description\":\"Descubre el Cobre Oxidado XSTONE, que captura la belleza en bruto de la p\u00e1tina de cobre oxidado, con profundos tonos verdigris, turquesa y \u00e1mbar para interiores de lujo y revestimientos arquitect\u00f3nicos.\",\"breadcrumb\":{\"@id\":\"https:\\\/\\\/xstone.group\\\/es\\\/product\\\/10027-rusted-copper\\\/#breadcrumb\"},\"inLanguage\":\"es\",\"potentialAction\":[{\"@type\":\"ReadAction\",\"target\":[\"https:\\\/\\\/xstone.group\\\/es\\\/product\\\/10027-rusted-copper\\\/\"]}]},{\"@type\":\"ImageObject\",\"inLanguage\":\"es\",\"@id\":\"https:\\\/\\\/xstone.group\\\/es\\\/product\\\/10027-rusted-copper\\\/#primaryimage\",\"url\":\"https:\\\/\\\/xstone.group\\\/wp-content\\\/uploads\\\/2026\\\/04\\\/XSTONE-Color-10027-Rusted-Copper.webp\",\"contentUrl\":\"https:\\\/\\\/xstone.group\\\/wp-content\\\/uploads\\\/2026\\\/04\\\/XSTONE-Color-10027-Rusted-Copper.webp\",\"width\":1920,\"height\":1440,\"caption\":\"cobre oxidado\"},{\"@type\":\"BreadcrumbList\",\"@id\":\"https:\\\/\\\/xstone.group\\\/es\\\/product\\\/10027-rusted-copper\\\/#breadcrumb\",\"itemListElement\":[{\"@type\":\"ListItem\",\"position\":1,\"name\":\"Home\",\"item\":\"https:\\\/\\\/xstone.group\\\/es\\\/\"},{\"@type\":\"ListItem\",\"position\":2,\"name\":\"Productos\",\"item\":\"https:\\\/\\\/xstone.group\\\/es\\\/shop\\\/\"},{\"@type\":\"ListItem\",\"position\":3,\"name\":\"10027 | Cobre oxidado\"}]},{\"@type\":\"WebSite\",\"@id\":\"https:\\\/\\\/xstone.group\\\/es\\\/#website\",\"url\":\"https:\\\/\\\/xstone.group\\\/es\\\/\",\"name\":\"XSTONE\",\"description\":\"Belleza mineral aut\u00e9ntica e ilimitada, sin ataduras por la gravedad\",\"potentialAction\":[{\"@type\":\"SearchAction\",\"target\":{\"@type\":\"EntryPoint\",\"urlTemplate\":\"https:\\\/\\\/xstone.group\\\/es\\\/?s={search_term_string}\"},\"query-input\":{\"@type\":\"PropertyValueSpecification\",\"valueRequired\":true,\"valueName\":\"search_term_string\"}}],\"inLanguage\":\"es\"}]}<\/script>\n<!-- \/ Yoast SEO Premium plugin. -->","yoast_head_json":{"title":"10027 | Cobre oxidado - XSTONE","description":"Descubre el Cobre Oxidado XSTONE, que captura la belleza en bruto de la p\u00e1tina de cobre oxidado, con profundos tonos verdigris, turquesa y \u00e1mbar para interiores de lujo y revestimientos arquitect\u00f3nicos.","robots":{"index":"index","follow":"follow","max-snippet":"max-snippet:-1","max-image-preview":"max-image-preview:large","max-video-preview":"max-video-preview:-1"},"canonical":"https:\/\/xstone.group\/es\/product\/10027-rusted-copper\/","og_locale":"es_ES","og_type":"article","og_title":"10027 | Cobre oxidado","og_description":"Descubre el Cobre Oxidado XSTONE, que captura la belleza en bruto de la p\u00e1tina de cobre oxidado, con profundos tonos verdigris, turquesa y \u00e1mbar para interiores de lujo y revestimientos arquitect\u00f3nicos.","og_url":"https:\/\/xstone.group\/es\/product\/10027-rusted-copper\/","og_site_name":"XSTONE","article_publisher":"https:\/\/www.facebook.com\/Xstonesurfaces1\/","og_image":[{"width":1920,"height":1440,"url":"https:\/\/xstone.group\/wp-content\/uploads\/2026\/04\/XSTONE-Color-10027-Rusted-Copper.webp","type":"image\/webp"}],"twitter_card":"summary_large_image","twitter_misc":{"Tiempo de lectura":"1 minuto"},"schema":{"@context":"https:\/\/schema.org","@graph":[{"@type":"WebPage","@id":"https:\/\/xstone.group\/es\/product\/10027-rusted-copper\/","url":"https:\/\/xstone.group\/es\/product\/10027-rusted-copper\/","name":"10027 | Cobre oxidado - XSTONE","isPartOf":{"@id":"https:\/\/xstone.group\/es\/#website"},"primaryImageOfPage":{"@id":"https:\/\/xstone.group\/es\/product\/10027-rusted-copper\/#primaryimage"},"image":{"@id":"https:\/\/xstone.group\/es\/product\/10027-rusted-copper\/#primaryimage"},"thumbnailUrl":"https:\/\/xstone.group\/wp-content\/uploads\/2026\/04\/XSTONE-Color-10027-Rusted-Copper.webp","datePublished":"2026-04-10T21:35:59+00:00","description":"Descubre el Cobre Oxidado XSTONE, que captura la belleza en bruto de la p\u00e1tina de cobre oxidado, con profundos tonos verdigris, turquesa y \u00e1mbar para interiores de lujo y revestimientos arquitect\u00f3nicos.","breadcrumb":{"@id":"https:\/\/xstone.group\/es\/product\/10027-rusted-copper\/#breadcrumb"},"inLanguage":"es","potentialAction":[{"@type":"ReadAction","target":["https:\/\/xstone.group\/es\/product\/10027-rusted-copper\/"]}]},{"@type":"ImageObject","inLanguage":"es","@id":"https:\/\/xstone.group\/es\/product\/10027-rusted-copper\/#primaryimage","url":"https:\/\/xstone.group\/wp-content\/uploads\/2026\/04\/XSTONE-Color-10027-Rusted-Copper.webp","contentUrl":"https:\/\/xstone.group\/wp-content\/uploads\/2026\/04\/XSTONE-Color-10027-Rusted-Copper.webp","width":1920,"height":1440,"caption":"cobre oxidado"},{"@type":"BreadcrumbList","@id":"https:\/\/xstone.group\/es\/product\/10027-rusted-copper\/#breadcrumb","itemListElement":[{"@type":"ListItem","position":1,"name":"Home","item":"https:\/\/xstone.group\/es\/"},{"@type":"ListItem","position":2,"name":"Productos","item":"https:\/\/xstone.group\/es\/shop\/"},{"@type":"ListItem","position":3,"name":"10027 | Cobre oxidado"}]},{"@type":"WebSite","@id":"https:\/\/xstone.group\/es\/#website","url":"https:\/\/xstone.group\/es\/","name":"XSTONE","description":"Belleza mineral aut\u00e9ntica e ilimitada, sin ataduras por la gravedad","potentialAction":[{"@type":"SearchAction","target":{"@type":"EntryPoint","urlTemplate":"https:\/\/xstone.group\/es\/?s={search_term_string}"},"query-input":{"@type":"PropertyValueSpecification","valueRequired":true,"valueName":"search_term_string"}}],"inLanguage":"es"}]}},"spectra_custom_meta":{"_last_translation_edit_mode":["translation-editor"],"_wcml_average_rating":[null],"_wcml_review_count":[null],"_wcml_rating_count":[null],"_yoast_wpseo_primary_product_cat":["318"],"_backorders":["no"],"_download_limit":["-1"],"_download_expiry":["-1"],"_downloadable":["no"],"_manage_stock":["no"],"_sku":["10027"],"_stock_status":["instock"],"_sold_individually":["no"],"_tax_class":[""],"_tax_status":["taxable"],"_virtual":["no"],"total_sales":["0"],"_wpml_media_duplicate":["1"],"_wpml_media_featured":["1"],"stick-header-meta":["default"],"site-sidebar-layout":["default"],"theme-transparent-header-meta":["default"],"ast-site-content-layout":["default"],"site-content-style":["default"],"site-sidebar-style":["default"],"_yoast_wpseo_metadesc":["Descubre el Cobre Oxidado XSTONE, que captura la belleza en bruto de la p\u00e1tina de cobre oxidado, con profundos tonos verdigris, turquesa y \u00e1mbar para interiores de lujo y revestimientos arquitect\u00f3nicos."],"_yoast_wpseo_focuskw":["cobre oxidado"],"_product_image_gallery":[""],"_thumbnail_id":["21725"],"_product_attributes":["a:2:{s:7:\"pa_tone\";a:6:{s:4:\"name\";s:7:\"pa_tone\";s:5:\"value\";s:0:\"\";s:8:\"position\";i:0;s:10:\"is_visible\";i:1;s:12:\"is_variation\";i:0;s:11:\"is_taxonomy\";i:1;}s:9:\"pa_finish\";a:6:{s:4:\"name\";s:9:\"pa_finish\";s:5:\"value\";s:0:\"\";s:8:\"position\";i:1;s:10:\"is_visible\";i:1;s:12:\"is_variation\";i:0;s:11:\"is_taxonomy\";i:1;}}"],"_wpml_word_count":["106"],"two_optimized_date":["1776561696"],"woolentor_views_count_product":["42"],"_uag_css_file_name":["uag-css-21717.css"],"_uag_js_file_name":["uag-js-21717.js"],"tp_widgets":["a:2:{s:7:\"widgets\";a:6:{i:0;s:18:\"plus-list-skeleton\";i:1;s:22:\"plus-listing-load-more\";i:2;s:18:\"plus-listing-metro\";i:3;s:18:\"tp-product-listout\";i:4;s:17:\"tp-single-style_1\";i:5;s:19:\"tp-woo-single-image\";}s:9:\"update_at\";s:10:\"1777019468\";}"],"_elementor_edit_mode":["builder"],"_selectproduct_layout":["16271"],"_elementor_page_assets":["a:0:{}"],"_elementor_css":["a:7:{s:4:\"time\";i:1778672801;s:5:\"fonts\";a:0:{}s:5:\"icons\";a:0:{}s:20:\"dynamic_elements_ids\";a:0:{}s:6:\"status\";s:5:\"empty\";i:0;s:0:\"\";s:3:\"css\";s:0:\"\";}"],"_wc_rating_count":[""],"_wc_review_count":[""],"_wc_average_rating":[0]},"uagb_featured_image_src":{"full":["https:\/\/xstone.group\/wp-content\/uploads\/2026\/04\/XSTONE-Color-10027-Rusted-Copper.webp",1920,1440,false],"thumbnail":["https:\/\/xstone.group\/wp-content\/uploads\/2026\/04\/XSTONE-Color-10027-Rusted-Copper-150x150.webp",150,150,true],"medium":["https:\/\/xstone.group\/wp-content\/uploads\/2026\/04\/XSTONE-Color-10027-Rusted-Copper-300x225.webp",300,225,true],"medium_large":["https:\/\/xstone.group\/wp-content\/uploads\/2026\/04\/XSTONE-Color-10027-Rusted-Copper-768x576.webp",768,576,true],"large":["https:\/\/xstone.group\/wp-content\/uploads\/2026\/04\/XSTONE-Color-10027-Rusted-Copper-1024x768.webp",1024,768,true],"1536x1536":["https:\/\/xstone.group\/wp-content\/uploads\/2026\/04\/XSTONE-Color-10027-Rusted-Copper-1536x1152.webp",1536,1152,true],"2048x2048":["https:\/\/xstone.group\/wp-content\/uploads\/2026\/04\/XSTONE-Color-10027-Rusted-Copper.webp",1920,1440,false],"tp-image-grid":["https:\/\/xstone.group\/wp-content\/uploads\/2026\/04\/XSTONE-Color-10027-Rusted-Copper-700x700.webp",700,700,true],"tenweb_optimizer_mobile":["https:\/\/xstone.group\/wp-content\/uploads\/2026\/04\/XSTONE-Color-10027-Rusted-Copper-600x450.webp",600,450,true],"tenweb_optimizer_tablet":["https:\/\/xstone.group\/wp-content\/uploads\/2026\/04\/XSTONE-Color-10027-Rusted-Copper-768x576.webp",768,576,true],"woocommerce_thumbnail":["https:\/\/xstone.group\/wp-content\/uploads\/2026\/04\/XSTONE-Color-10027-Rusted-Copper-300x300.webp",300,300,true],"woocommerce_single":["https:\/\/xstone.group\/wp-content\/uploads\/2026\/04\/XSTONE-Color-10027-Rusted-Copper-600x450.webp",600,450,true],"woocommerce_gallery_thumbnail":["https:\/\/xstone.group\/wp-content\/uploads\/2026\/04\/XSTONE-Color-10027-Rusted-Copper-100x100.webp",100,100,true]},"uagb_author_info":{"display_name":"laurent.gomez@xstone.group","author_link":"https:\/\/xstone.group\/es\/author\/"},"uagb_comment_info":0,"uagb_excerpt":"Una hipnotizante danza de cobre oxidado y p\u00e1tina mineral, donde los verdes verdigris profundos se desti\u00f1en en charcos de turquesa el\u00e9ctrico, anclados por c\u00e1lidos matices \u00e1mbar y siena crudo en el borde de la superficie. Esto es el tiempo hecho visible: el impresionante resultado de un metal que se rinde a la naturaleza, capa a&hellip;","_links":{"self":[{"href":"https:\/\/xstone.group\/es\/wp-json\/wp\/v2\/product\/21717","targetHints":{"allow":["GET"]}}],"collection":[{"href":"https:\/\/xstone.group\/es\/wp-json\/wp\/v2\/product"}],"about":[{"href":"https:\/\/xstone.group\/es\/wp-json\/wp\/v2\/types\/product"}],"replies":[{"embeddable":true,"href":"https:\/\/xstone.group\/es\/wp-json\/wp\/v2\/comments?post=21717"}],"wp:featuredmedia":[{"embeddable":true,"href":"https:\/\/xstone.group\/es\/wp-json\/wp\/v2\/media\/21725"}],"wp:attachment":[{"href":"https:\/\/xstone.group\/es\/wp-json\/wp\/v2\/media?parent=21717"}],"wp:term":[{"taxonomy":"product_brand","embeddable":true,"href":"https:\/\/xstone.group\/es\/wp-json\/wp\/v2\/product_brand?post=21717"},{"taxonomy":"product_cat","embeddable":true,"href":"https:\/\/xstone.group\/es\/wp-json\/wp\/v2\/product_cat?post=21717"},{"taxonomy":"product_tag","embeddable":true,"href":"https:\/\/xstone.group\/es\/wp-json\/wp\/v2\/product_tag?post=21717"}],"curies":[{"name":"wp","href":"https:\/\/api.w.org\/{rel}","templated":true}]}}