{"id":22267,"date":"2026-04-13T13:56:36","date_gmt":"2026-04-13T13:56:36","guid":{"rendered":"https:\/\/xstone.group\/product\/ecu-ecuran-smo-liso-10055-blanco-puro\/"},"modified":"2026-04-13T13:56:36","modified_gmt":"2026-04-13T13:56:36","slug":"ecusmo10055-floor-ecuran-smooth-concrete-white","status":"publish","type":"product","link":"https:\/\/xstone.group\/es\/product\/ecusmo10055-floor-ecuran-smooth-concrete-white\/","title":{"rendered":"[ECU] Ecuran [SMO] Liso [10055] Blanco puro"},"content":{"rendered":"<p class=\"font-claude-response-body break-words whitespace-normal leading-[1.7]\">El blanco no es la ausencia de dise\u00f1o. En las manos adecuadas, es su m\u00e1xima expresi\u00f3n. <\/p>\n<p class=\"font-claude-response-body break-words whitespace-normal leading-[1.7]\">XSTONE Floor Ecuran Liso Blanco Puro es un sistema de suelo mineral blanco de base biol\u00f3gica que consigue lo que pocas superficies se atreven a intentar: presencia luminosa total sin frialdad, simplicidad total sin vac\u00edo. La textura Liso establece un plano mineral ininterrumpido bajo los pies: un grano aterciopelado, sereno y continuo que disuelve la frontera entre el suelo y el espacio, permitiendo que la luz, la forma y la sombra tomen el control total de la habitaci\u00f3n. <\/p>\n<p class=\"font-claude-response-body break-words whitespace-normal leading-[1.7]\">En Blanco Puro &#8211; RAL9010, un suave blanco mineral con una suave calidez calc\u00e1rea que difunde la luz como una pared enlucida a mano ba\u00f1ada por el sol de la ma\u00f1ana, el suelo se convierte en tel\u00f3n de fondo y protagonista a la vez. Ligero pero arquitect\u00f3nico. Atemporal pero inconfundiblemente contempor\u00e1neo. El tipo de blanco que hace que un spa de lujo parezca trascendente, un loft residencial de primera calidad parezca ingr\u00e1vido y un espacio comercial de gama alta parezca que el producto expuesto es lo \u00fanico que importa en el mundo.   <\/p>\n<p class=\"font-claude-response-body break-words whitespace-normal leading-[1.7]\">La base de biocompuesto Ecuran garantiza que esta pureza visual vaya acompa\u00f1ada de integridad t\u00e9cnica y medioambiental. Sin PVC, sin disolventes, nacido de aceites derivados de plantas y minerales de tiza naturales, es el\u00e1stico bajo los pies, ac\u00fasticamente confortable y est\u00e1 dise\u00f1ado para un uso comercial intensivo y residencial de primera calidad. Certificado Bfl-s1 de seguridad contra incendios. Compatible con calefacci\u00f3n por suelo radiante y zonas h\u00famedas. Avalado por Blue Angel, Cradle to Cradle y GREENGUARD.    <\/p>\n<p class=\"font-claude-response-body break-words whitespace-normal leading-[1.7]\">Para retiros de bienestar, hosteler\u00eda de lujo, interiores residenciales de alta gama y espacios arquitect\u00f3nicos donde la luz es el material principal, y el suelo es donde empieza.<\/p>\n","protected":false},"excerpt":{"rendered":"<p>El blanco no es la ausencia de dise\u00f1o. En las manos adecuadas, es su m\u00e1xima expresi\u00f3n. XSTONE Floor Ecuran Liso Blanco Puro es un sistema de suelo mineral blanco de base biol\u00f3gica que consigue lo que pocas superficies se atreven a intentar: presencia luminosa total sin frialdad, simplicidad total sin vac\u00edo. La textura Liso establece [&hellip;]<\/p>\n","protected":false},"featured_media":22273,"comment_status":"open","ping_status":"closed","template":"","meta":{"_acf_changed":false,"_uag_custom_page_level_css":"","site-sidebar-layout":"default","site-content-layout":"","ast-site-content-layout":"default","site-content-style":"default","site-sidebar-style":"default","ast-global-header-display":"","ast-banner-title-visibility":"","ast-main-header-display":"","ast-hfb-above-header-display":"","ast-hfb-below-header-display":"","ast-hfb-mobile-header-display":"","site-post-title":"","ast-breadcrumbs-content":"","ast-featured-img":"","footer-sml-layout":"","theme-transparent-header-meta":"default","adv-header-id-meta":"","stick-header-meta":"default","header-above-stick-meta":"","header-main-stick-meta":"","header-below-stick-meta":"","astra-migrate-meta-layouts":"default","ast-page-background-enabled":"default","ast-page-background-meta":{"desktop":{"background-color":"var(--ast-global-color-4)","background-image":"","background-repeat":"repeat","background-position":"center center","background-size":"auto","background-attachment":"scroll","background-type":"","background-media":"","overlay-type":"","overlay-color":"","overlay-opacity":"","overlay-gradient":""},"tablet":{"background-color":"","background-image":"","background-repeat":"repeat","background-position":"center center","background-size":"auto","background-attachment":"scroll","background-type":"","background-media":"","overlay-type":"","overlay-color":"","overlay-opacity":"","overlay-gradient":""},"mobile":{"background-color":"","background-image":"","background-repeat":"repeat","background-position":"center center","background-size":"auto","background-attachment":"scroll","background-type":"","background-media":"","overlay-type":"","overlay-color":"","overlay-opacity":"","overlay-gradient":""}},"ast-content-background-meta":{"desktop":{"background-color":"var(--ast-global-color-5)","background-image":"","background-repeat":"repeat","background-position":"center center","background-size":"auto","background-attachment":"scroll","background-type":"","background-media":"","overlay-type":"","overlay-color":"","overlay-opacity":"","overlay-gradient":""},"tablet":{"background-color":"var(--ast-global-color-5)","background-image":"","background-repeat":"repeat","background-position":"center center","background-size":"auto","background-attachment":"scroll","background-type":"","background-media":"","overlay-type":"","overlay-color":"","overlay-opacity":"","overlay-gradient":""},"mobile":{"background-color":"var(--ast-global-color-5)","background-image":"","background-repeat":"repeat","background-position":"center center","background-size":"auto","background-attachment":"scroll","background-type":"","background-media":"","overlay-type":"","overlay-color":"","overlay-opacity":"","overlay-gradient":""}}},"product_brand":[],"product_cat":[1510,1503,1499,1517,1507],"product_tag":[4041,4030,4040,3702,1640,4039,4038,4028,4034,4036,4032],"class_list":{"0":"post-22267","1":"product","2":"type-product","3":"status-publish","4":"has-post-thumbnail","6":"product_cat-bathroom","7":"product_cat-retail-design","8":"product_cat-signature","9":"product_cat-office","10":"product_cat-floor","11":"product_tag-leed-certified-white-floor-tile","12":"product_tag-pure-white-luxury-floor-tile","13":"product_tag-underfloor-heating-white-flooring","14":"product_tag-comp-backing-15492","15":"product_tag-comp-texture-16911","16":"product_tag-minimalist-white-floor-design","17":"product_tag-luxury-residential-white-floor","18":"product_tag-bio-based-white-mineral-flooring-system","19":"product_tag-pvc-free-sustainable-white-flooring","20":"product_tag-white-wellness-spa-flooring","21":"product_tag-smooth-white-stone-effect-floor","22":"desktop-align-left","23":"tablet-align-left","24":"mobile-align-left","26":"first","27":"instock","28":"shipping-taxable","29":"product-type-simple"},"acf":[],"yoast_head":"<!-- This site is optimized with the Yoast SEO Premium plugin v27.4 (Yoast SEO v27.4) - https:\/\/yoast.com\/product\/yoast-seo-premium-wordpress\/ -->\n<title>Suelo Ecuran | Liso | Blanco<\/title>\n<meta name=\"description\" content=\"Suelo de hormig\u00f3n blanco, textura lisa. Ecuran sin PVC, ign\u00edfugo Bfl-s1. Suelo sostenible de lujo para bienestar, hosteler\u00eda e interiores premium.\" \/>\n<meta name=\"robots\" content=\"index, follow, max-snippet:-1, max-image-preview:large, max-video-preview:-1\" \/>\n<link rel=\"canonical\" href=\"https:\/\/xstone.group\/es\/product\/ecusmo10055-floor-ecuran-smooth-concrete-white\/\" \/>\n<meta property=\"og:locale\" content=\"es_ES\" \/>\n<meta property=\"og:type\" content=\"article\" \/>\n<meta property=\"og:title\" content=\"[ECU] Ecuran [SMO] Liso [10055] Blanco puro\" \/>\n<meta property=\"og:description\" content=\"Suelo de hormig\u00f3n blanco, textura lisa. Ecuran sin PVC, ign\u00edfugo Bfl-s1. Suelo sostenible de lujo para bienestar, hosteler\u00eda e interiores premium.\" \/>\n<meta property=\"og:url\" content=\"https:\/\/xstone.group\/es\/product\/ecusmo10055-floor-ecuran-smooth-concrete-white\/\" \/>\n<meta property=\"og:site_name\" content=\"XSTONE\" \/>\n<meta property=\"article:publisher\" content=\"https:\/\/www.facebook.com\/Xstonesurfaces1\/\" \/>\n<meta property=\"og:image\" content=\"https:\/\/xstone.group\/wp-content\/uploads\/2026\/04\/XSTONE_Mineral-Veneer_1416.webp\" \/>\n\t<meta property=\"og:image:width\" content=\"1920\" \/>\n\t<meta property=\"og:image:height\" content=\"1080\" \/>\n\t<meta property=\"og:image:type\" content=\"image\/webp\" \/>\n<meta name=\"twitter:card\" content=\"summary_large_image\" \/>\n<meta name=\"twitter:label1\" content=\"Tiempo de lectura\" \/>\n\t<meta name=\"twitter:data1\" content=\"2 minutos\" \/>\n<script type=\"application\/ld+json\" class=\"yoast-schema-graph\">{\"@context\":\"https:\\\/\\\/schema.org\",\"@graph\":[{\"@type\":\"WebPage\",\"@id\":\"https:\\\/\\\/xstone.group\\\/es\\\/product\\\/ecusmo10055-floor-ecuran-smooth-concrete-white\\\/\",\"url\":\"https:\\\/\\\/xstone.group\\\/es\\\/product\\\/ecusmo10055-floor-ecuran-smooth-concrete-white\\\/\",\"name\":\"Suelo Ecuran | Liso | Blanco\",\"isPartOf\":{\"@id\":\"https:\\\/\\\/xstone.group\\\/es\\\/#website\"},\"primaryImageOfPage\":{\"@id\":\"https:\\\/\\\/xstone.group\\\/es\\\/product\\\/ecusmo10055-floor-ecuran-smooth-concrete-white\\\/#primaryimage\"},\"image\":{\"@id\":\"https:\\\/\\\/xstone.group\\\/es\\\/product\\\/ecusmo10055-floor-ecuran-smooth-concrete-white\\\/#primaryimage\"},\"thumbnailUrl\":\"https:\\\/\\\/xstone.group\\\/wp-content\\\/uploads\\\/2026\\\/04\\\/XSTONE_Mineral-Veneer_1416.webp\",\"datePublished\":\"2026-04-13T13:56:36+00:00\",\"description\":\"Suelo de hormig\u00f3n blanco, textura lisa. Ecuran sin PVC, ign\u00edfugo Bfl-s1. Suelo sostenible de lujo para bienestar, hosteler\u00eda e interiores premium.\",\"breadcrumb\":{\"@id\":\"https:\\\/\\\/xstone.group\\\/es\\\/product\\\/ecusmo10055-floor-ecuran-smooth-concrete-white\\\/#breadcrumb\"},\"inLanguage\":\"es\",\"potentialAction\":[{\"@type\":\"ReadAction\",\"target\":[\"https:\\\/\\\/xstone.group\\\/es\\\/product\\\/ecusmo10055-floor-ecuran-smooth-concrete-white\\\/\"]}]},{\"@type\":\"ImageObject\",\"inLanguage\":\"es\",\"@id\":\"https:\\\/\\\/xstone.group\\\/es\\\/product\\\/ecusmo10055-floor-ecuran-smooth-concrete-white\\\/#primaryimage\",\"url\":\"https:\\\/\\\/xstone.group\\\/wp-content\\\/uploads\\\/2026\\\/04\\\/XSTONE_Mineral-Veneer_1416.webp\",\"contentUrl\":\"https:\\\/\\\/xstone.group\\\/wp-content\\\/uploads\\\/2026\\\/04\\\/XSTONE_Mineral-Veneer_1416.webp\",\"width\":1920,\"height\":1080,\"caption\":\"Floor smooth concrete white\"},{\"@type\":\"BreadcrumbList\",\"@id\":\"https:\\\/\\\/xstone.group\\\/es\\\/product\\\/ecusmo10055-floor-ecuran-smooth-concrete-white\\\/#breadcrumb\",\"itemListElement\":[{\"@type\":\"ListItem\",\"position\":1,\"name\":\"Home\",\"item\":\"https:\\\/\\\/xstone.group\\\/es\\\/\"},{\"@type\":\"ListItem\",\"position\":2,\"name\":\"Productos\",\"item\":\"https:\\\/\\\/xstone.group\\\/es\\\/shop\\\/\"},{\"@type\":\"ListItem\",\"position\":3,\"name\":\"[ECU] Ecuran [SMO] Liso [10055] Blanco puro\"}]},{\"@type\":\"WebSite\",\"@id\":\"https:\\\/\\\/xstone.group\\\/es\\\/#website\",\"url\":\"https:\\\/\\\/xstone.group\\\/es\\\/\",\"name\":\"XSTONE\",\"description\":\"Belleza mineral aut\u00e9ntica e ilimitada, sin ataduras por la gravedad\",\"potentialAction\":[{\"@type\":\"SearchAction\",\"target\":{\"@type\":\"EntryPoint\",\"urlTemplate\":\"https:\\\/\\\/xstone.group\\\/es\\\/?s={search_term_string}\"},\"query-input\":{\"@type\":\"PropertyValueSpecification\",\"valueRequired\":true,\"valueName\":\"search_term_string\"}}],\"inLanguage\":\"es\"}]}<\/script>\n<!-- \/ Yoast SEO Premium plugin. -->","yoast_head_json":{"title":"Suelo Ecuran | Liso | Blanco","description":"Suelo de hormig\u00f3n blanco, textura lisa. Ecuran sin PVC, ign\u00edfugo Bfl-s1. Suelo sostenible de lujo para bienestar, hosteler\u00eda e interiores premium.","robots":{"index":"index","follow":"follow","max-snippet":"max-snippet:-1","max-image-preview":"max-image-preview:large","max-video-preview":"max-video-preview:-1"},"canonical":"https:\/\/xstone.group\/es\/product\/ecusmo10055-floor-ecuran-smooth-concrete-white\/","og_locale":"es_ES","og_type":"article","og_title":"[ECU] Ecuran [SMO] Liso [10055] Blanco puro","og_description":"Suelo de hormig\u00f3n blanco, textura lisa. Ecuran sin PVC, ign\u00edfugo Bfl-s1. Suelo sostenible de lujo para bienestar, hosteler\u00eda e interiores premium.","og_url":"https:\/\/xstone.group\/es\/product\/ecusmo10055-floor-ecuran-smooth-concrete-white\/","og_site_name":"XSTONE","article_publisher":"https:\/\/www.facebook.com\/Xstonesurfaces1\/","og_image":[{"width":1920,"height":1080,"url":"https:\/\/xstone.group\/wp-content\/uploads\/2026\/04\/XSTONE_Mineral-Veneer_1416.webp","type":"image\/webp"}],"twitter_card":"summary_large_image","twitter_misc":{"Tiempo de lectura":"2 minutos"},"schema":{"@context":"https:\/\/schema.org","@graph":[{"@type":"WebPage","@id":"https:\/\/xstone.group\/es\/product\/ecusmo10055-floor-ecuran-smooth-concrete-white\/","url":"https:\/\/xstone.group\/es\/product\/ecusmo10055-floor-ecuran-smooth-concrete-white\/","name":"Suelo Ecuran | Liso | Blanco","isPartOf":{"@id":"https:\/\/xstone.group\/es\/#website"},"primaryImageOfPage":{"@id":"https:\/\/xstone.group\/es\/product\/ecusmo10055-floor-ecuran-smooth-concrete-white\/#primaryimage"},"image":{"@id":"https:\/\/xstone.group\/es\/product\/ecusmo10055-floor-ecuran-smooth-concrete-white\/#primaryimage"},"thumbnailUrl":"https:\/\/xstone.group\/wp-content\/uploads\/2026\/04\/XSTONE_Mineral-Veneer_1416.webp","datePublished":"2026-04-13T13:56:36+00:00","description":"Suelo de hormig\u00f3n blanco, textura lisa. Ecuran sin PVC, ign\u00edfugo Bfl-s1. Suelo sostenible de lujo para bienestar, hosteler\u00eda e interiores premium.","breadcrumb":{"@id":"https:\/\/xstone.group\/es\/product\/ecusmo10055-floor-ecuran-smooth-concrete-white\/#breadcrumb"},"inLanguage":"es","potentialAction":[{"@type":"ReadAction","target":["https:\/\/xstone.group\/es\/product\/ecusmo10055-floor-ecuran-smooth-concrete-white\/"]}]},{"@type":"ImageObject","inLanguage":"es","@id":"https:\/\/xstone.group\/es\/product\/ecusmo10055-floor-ecuran-smooth-concrete-white\/#primaryimage","url":"https:\/\/xstone.group\/wp-content\/uploads\/2026\/04\/XSTONE_Mineral-Veneer_1416.webp","contentUrl":"https:\/\/xstone.group\/wp-content\/uploads\/2026\/04\/XSTONE_Mineral-Veneer_1416.webp","width":1920,"height":1080,"caption":"Floor smooth concrete white"},{"@type":"BreadcrumbList","@id":"https:\/\/xstone.group\/es\/product\/ecusmo10055-floor-ecuran-smooth-concrete-white\/#breadcrumb","itemListElement":[{"@type":"ListItem","position":1,"name":"Home","item":"https:\/\/xstone.group\/es\/"},{"@type":"ListItem","position":2,"name":"Productos","item":"https:\/\/xstone.group\/es\/shop\/"},{"@type":"ListItem","position":3,"name":"[ECU] Ecuran [SMO] Liso [10055] Blanco puro"}]},{"@type":"WebSite","@id":"https:\/\/xstone.group\/es\/#website","url":"https:\/\/xstone.group\/es\/","name":"XSTONE","description":"Belleza mineral aut\u00e9ntica e ilimitada, sin ataduras por la gravedad","potentialAction":[{"@type":"SearchAction","target":{"@type":"EntryPoint","urlTemplate":"https:\/\/xstone.group\/es\/?s={search_term_string}"},"query-input":{"@type":"PropertyValueSpecification","valueRequired":true,"valueName":"search_term_string"}}],"inLanguage":"es"}]}},"spectra_custom_meta":{"_last_translation_edit_mode":["translation-editor"],"_product_attributes":["a:8:{s:7:\"backing\";a:6:{s:4:\"name\";s:7:\"Backing\";s:5:\"value\";s:6:\"Ecuran\";s:8:\"position\";i:0;s:10:\"is_visible\";i:1;s:12:\"is_variation\";i:0;s:11:\"is_taxonomy\";i:0;}s:7:\"texture\";a:6:{s:4:\"name\";s:7:\"Texture\";s:5:\"value\";s:14:\"Hormig\u00f3n liso\";s:8:\"position\";i:1;s:10:\"is_visible\";i:1;s:12:\"is_variation\";i:0;s:11:\"is_taxonomy\";i:0;}s:5:\"color\";a:6:{s:4:\"name\";s:5:\"Color\";s:5:\"value\";s:6:\"Blanco\";s:8:\"position\";i:2;s:10:\"is_visible\";i:1;s:12:\"is_variation\";i:0;s:11:\"is_taxonomy\";i:0;}s:4:\"size\";a:6:{s:4:\"name\";s:4:\"Size\";s:5:\"value\";s:69:\"1200 x 800 mm; 3000 x 1000 mm; Otros tama\u00f1os disponibles bajo pedido\";s:8:\"position\";i:3;s:10:\"is_visible\";i:1;s:12:\"is_variation\";i:0;s:11:\"is_taxonomy\";i:0;}s:9:\"thickness\";a:6:{s:4:\"name\";s:9:\"Thickness\";s:5:\"value\";s:12:\"2,5 mm, 5 mm\";s:8:\"position\";i:4;s:10:\"is_visible\";i:1;s:12:\"is_variation\";i:0;s:11:\"is_taxonomy\";i:0;}s:6:\"finish\";a:6:{s:4:\"name\";s:6:\"Finish\";s:5:\"value\";s:4:\"Matt\";s:8:\"position\";i:5;s:10:\"is_visible\";i:1;s:12:\"is_variation\";i:0;s:11:\"is_taxonomy\";i:0;}s:11:\"composition\";a:6:{s:4:\"name\";s:11:\"Composition\";s:5:\"value\";s:227:\"Capa superior de PU tr\u00e1fico intenso + Color acr\u00edlico o impresi\u00f3n UV + Chapa mineral decorativa 1 mm (90% polvo de piedra) + Capa base: material compuesto ecuran de alto rendimiento 4 mm + Soporte: Sistema FleeceTEC integrado\";s:8:\"position\";i:6;s:10:\"is_visible\";i:1;s:12:\"is_variation\";i:0;s:11:\"is_taxonomy\";i:0;}s:11:\"fire-rating\";a:6:{s:4:\"name\";s:11:\"Fire Rating\";s:5:\"value\";s:6:\"Bfl-s1\";s:8:\"position\";i:7;s:10:\"is_visible\";i:1;s:12:\"is_variation\";i:0;s:11:\"is_taxonomy\";i:0;}}"],"attr_label_translations":["a:1:{s:2:\"es\";a:8:{s:7:\"backing\";s:8:\"Respaldo\";s:7:\"texture\";s:7:\"Textura\";s:5:\"color\";s:5:\"Color\";s:4:\"size\";s:5:\"Talla\";s:9:\"thickness\";s:7:\"Espesor\";s:6:\"finish\";s:7:\"Acabado\";s:11:\"composition\";s:12:\"Composici\u00f3n\";s:11:\"fire-rating\";s:23:\"Clasificaci\u00f3n al fuego\";}}"],"_wcml_average_rating":[null],"_wcml_review_count":[null],"_wcml_rating_count":[null],"_yoast_wpseo_primary_product_cat":["332"],"_backorders":["no"],"_download_limit":["-1"],"_download_expiry":["-1"],"_downloadable":["no"],"_manage_stock":["no"],"_sku":["ECUSMO10055"],"_stock_status":["instock"],"_sold_individually":["no"],"_tax_class":[""],"_tax_status":["taxable"],"_virtual":["no"],"total_sales":["0"],"_wpml_media_duplicate":["1"],"_wpml_media_featured":["1"],"stick-header-meta":["default"],"site-sidebar-layout":["default"],"theme-transparent-header-meta":["default"],"ast-site-content-layout":["default"],"site-content-style":["default"],"site-sidebar-style":["default"],"_yoast_wpseo_title":["Suelo Ecuran | Liso | Blanco"],"_yoast_wpseo_metadesc":["Suelo de hormig\u00f3n blanco, textura lisa. Ecuran sin PVC, ign\u00edfugo Bfl-s1. Suelo sostenible de lujo para bienestar, hosteler\u00eda e interiores premium."],"_yoast_wpseo_focuskw":["Suelo hormig\u00f3n liso blanco"],"_upsell_ids":["a:3:{i:0;N;i:1;N;i:2;N;}"],"_thumbnail_id":["22273"],"_wpml_word_count":["310"],"two_optimized_date":["1776551837"],"woolentor_views_count_product":["18"],"_uag_css_file_name":["uag-css-22267.css"],"_uag_js_file_name":["uag-js-22267.js"],"tp_widgets":["a:2:{s:7:\"widgets\";a:6:{i:0;s:18:\"plus-list-skeleton\";i:1;s:22:\"plus-listing-load-more\";i:2;s:18:\"plus-listing-metro\";i:3;s:18:\"tp-product-listout\";i:4;s:17:\"tp-single-style_1\";i:5;s:19:\"tp-woo-single-image\";}s:9:\"update_at\";s:10:\"1776541402\";}"],"_elementor_edit_mode":["builder"],"_selectproduct_layout":["18245"],"_wc_rating_count":[""],"_wc_review_count":[""],"_wc_average_rating":[0]},"uagb_featured_image_src":{"full":["https:\/\/xstone.group\/wp-content\/uploads\/2026\/04\/XSTONE_Mineral-Veneer_1416.webp",1920,1080,false],"thumbnail":["https:\/\/xstone.group\/wp-content\/uploads\/2026\/04\/XSTONE_Mineral-Veneer_1416-150x150.webp",150,150,true],"medium":["https:\/\/xstone.group\/wp-content\/uploads\/2026\/04\/XSTONE_Mineral-Veneer_1416-300x169.webp",300,169,true],"medium_large":["https:\/\/xstone.group\/wp-content\/uploads\/2026\/04\/XSTONE_Mineral-Veneer_1416-768x432.webp",768,432,true],"large":["https:\/\/xstone.group\/wp-content\/uploads\/2026\/04\/XSTONE_Mineral-Veneer_1416-1024x576.webp",1024,576,true],"1536x1536":["https:\/\/xstone.group\/wp-content\/uploads\/2026\/04\/XSTONE_Mineral-Veneer_1416-1536x864.webp",1536,864,true],"2048x2048":["https:\/\/xstone.group\/wp-content\/uploads\/2026\/04\/XSTONE_Mineral-Veneer_1416.webp",1920,1080,false],"tp-image-grid":["https:\/\/xstone.group\/wp-content\/uploads\/2026\/04\/XSTONE_Mineral-Veneer_1416-700x700.webp",700,700,true],"tenweb_optimizer_mobile":["https:\/\/xstone.group\/wp-content\/uploads\/2026\/04\/XSTONE_Mineral-Veneer_1416-600x338.webp",600,338,true],"tenweb_optimizer_tablet":["https:\/\/xstone.group\/wp-content\/uploads\/2026\/04\/XSTONE_Mineral-Veneer_1416-768x432.webp",768,432,true],"woocommerce_thumbnail":["https:\/\/xstone.group\/wp-content\/uploads\/2026\/04\/XSTONE_Mineral-Veneer_1416-300x300.webp",300,300,true],"woocommerce_single":["https:\/\/xstone.group\/wp-content\/uploads\/2026\/04\/XSTONE_Mineral-Veneer_1416-600x338.webp",600,338,true],"woocommerce_gallery_thumbnail":["https:\/\/xstone.group\/wp-content\/uploads\/2026\/04\/XSTONE_Mineral-Veneer_1416-100x100.webp",100,100,true]},"uagb_author_info":{"display_name":"laurent.gomez@xstone.group","author_link":"https:\/\/xstone.group\/es\/author\/"},"uagb_comment_info":0,"uagb_excerpt":"El blanco no es la ausencia de dise\u00f1o. En las manos adecuadas, es su m\u00e1xima expresi\u00f3n. XSTONE Floor Ecuran Liso Blanco Puro es un sistema de suelo mineral blanco de base biol\u00f3gica que consigue lo que pocas superficies se atreven a intentar: presencia luminosa total sin frialdad, simplicidad total sin vac\u00edo. La textura Liso establece&hellip;","_links":{"self":[{"href":"https:\/\/xstone.group\/es\/wp-json\/wp\/v2\/product\/22267","targetHints":{"allow":["GET"]}}],"collection":[{"href":"https:\/\/xstone.group\/es\/wp-json\/wp\/v2\/product"}],"about":[{"href":"https:\/\/xstone.group\/es\/wp-json\/wp\/v2\/types\/product"}],"replies":[{"embeddable":true,"href":"https:\/\/xstone.group\/es\/wp-json\/wp\/v2\/comments?post=22267"}],"wp:featuredmedia":[{"embeddable":true,"href":"https:\/\/xstone.group\/es\/wp-json\/wp\/v2\/media\/22273"}],"wp:attachment":[{"href":"https:\/\/xstone.group\/es\/wp-json\/wp\/v2\/media?parent=22267"}],"wp:term":[{"taxonomy":"product_brand","embeddable":true,"href":"https:\/\/xstone.group\/es\/wp-json\/wp\/v2\/product_brand?post=22267"},{"taxonomy":"product_cat","embeddable":true,"href":"https:\/\/xstone.group\/es\/wp-json\/wp\/v2\/product_cat?post=22267"},{"taxonomy":"product_tag","embeddable":true,"href":"https:\/\/xstone.group\/es\/wp-json\/wp\/v2\/product_tag?post=22267"}],"curies":[{"name":"wp","href":"https:\/\/api.w.org\/{rel}","templated":true}]}}